{"id":191134,"date":"2023-03-10T21:08:52","date_gmt":"2023-03-10T20:08:52","guid":{"rendered":"https:\/\/marktxxl.de\/markt\/produkt\/junrui-handschellen-fuer-kinder-spielzeug-handschellen-aus-metall-mit-schluessel-handschellen-zubehoer-fuer-polizeispiele-party-requisiten-polizei-spiel-handschellen-fuer-kinder\/"},"modified":"2023-04-10T05:38:28","modified_gmt":"2023-04-10T03:38:28","slug":"junrui-handschellen-fuer-kinder-spielzeug-handschellen-aus-metall-mit-schluessel-handschellen-zubehoer-fuer-polizeispiele-party-requisiten-polizei-spiel-handschellen-fuer-kinder","status":"publish","type":"product","link":"https:\/\/marktxxl.de\/markt\/produkt\/junrui-handschellen-fuer-kinder-spielzeug-handschellen-aus-metall-mit-schluessel-handschellen-zubehoer-fuer-polizeispiele-party-requisiten-polizei-spiel-handschellen-fuer-kinder\/","title":{"rendered":"JUNRUI Handschellen f\u00fcr Kinder, Spielzeug Handschellen aus Metall mit Schl\u00fcssel Handschellen Zubeh\u00f6r f\u00fcr Polizeispiele\u2026"},"content":{"rendered":"<p>Simulierte Handschellen f\u00fcr Kinder: Handschellen Spielzeug geeignet f\u00fcr Kinder zu spielen R\u00e4uber und Gendar, echte Metallhandschellen machen das Spiel realistischer und interessanter.<br \/>\nHandschellen mit Schl\u00fcsseln: Sehr realistische Handschellen, stecken Sie den Schl\u00fcssel in das Schl\u00fcsselloch und drehen Sie ihn vorsichtig nach rechts, um die Handschellen zu \u00f6ffnen.<br \/>\nSicherheitsverriegelung: Handschellen verf\u00fcgen \u00fcber zwei Entriegelungsmethoden und jede Handschelle hat einen seitlichen Sicherheitsentriegelungsschieber, mit dem sie ge\u00f6ffnet werden kann, wenn kein Schl\u00fcssel zur Hand ist. Somit besonders gut f\u00fcr Kinder geeignet.<br \/>\nSicherheit von Handschellen: Die Handschellen haben kein gezacktes Metall und sind sehr glatt, um die H\u00e4nde des Benutzers zu sch\u00fctzen. Empfohlen f\u00fcr Kinder \u00fcber 6 Jahre alt.<br \/>\nMetallhandschellen: Handschellen bestehen nicht aus Kunststoff, sie bestehen aus einer hochwertigen vernickelten Legierung und die Qualit\u00e4t ist besser als bei Kunststoffhandschellen, realistisch und nicht leicht zu besch\u00e4digen. Geeignet f\u00fcr Polizeispiele, Escape Rooms, Kost\u00fcmpartys, festliche Karnevalsfeiern usw.<br \/>\n<div class=\"main-cross-sell\" data-asin=\"B09RFYMP4S\">\n\n\t<div class=\"WooZone-cross-sell-loader\">\n\t\t<div>\n\t\t\t<div id=\"floatingBarsG\">\n\t\t\t\t<div class=\"blockG\" id=\"rotateG_01\"><\/div>\n\t\t\t\t<div class=\"blockG\" id=\"rotateG_02\"><\/div>\n\t\t\t\t<div class=\"blockG\" id=\"rotateG_03\"><\/div>\n\t\t\t\t<div class=\"blockG\" id=\"rotateG_04\"><\/div>\n\t\t\t\t<div class=\"blockG\" id=\"rotateG_05\"><\/div>\n\t\t\t\t<div class=\"blockG\" id=\"rotateG_06\"><\/div>\n\t\t\t\t<div class=\"blockG\" id=\"rotateG_07\"><\/div>\n\t\t\t\t<div class=\"blockG\" id=\"rotateG_08\"><\/div>\n\t\t\t<\/div>\n\t\t\t<div class=\"WooZone-cross-sell-loader-text\"><\/div>\n\t\t<\/div>\n\t<\/div>\n\n\t\t\n<\/div>\n<div style=\"clear:both;\"><\/div><\/p>\n","protected":false},"excerpt":{"rendered":"<p>Simulierte Handschellen f\u00fcr Kinder: Handschellen Spielzeug geeignet f\u00fcr Kinder zu spielen R\u00e4uber und Gendar, echte Metallhandschellen machen das Spiel realistischer und interessanter.<br \/>\nHandschellen mit Schl\u00fcsseln: Sehr realistische Handschellen, stecken Sie den Schl\u00fcssel in das Schl\u00fcsselloch und drehen Sie ihn vorsichtig nach rechts, um die Handschellen zu \u00f6ffnen.<br \/>\nSicherheitsverriegelung: Handschellen verf\u00fcgen \u00fcber zwei Entriegelungsmethoden und jede Handschelle hat einen seitlichen Sicherheitsentriegelungsschieber, mit dem sie ge\u00f6ffnet werden kann, wenn kein Schl\u00fcssel zur Hand ist. Somit besonders gut f\u00fcr Kinder geeignet.<\/p>\n","protected":false},"featured_media":191135,"comment_status":"open","ping_status":"closed","template":"","meta":[],"product_brand":[],"product_cat":[652,3064],"product_tag":[],"class_list":{"0":"post-191134","1":"product","2":"type-product","3":"status-publish","4":"has-post-thumbnail","6":"product_cat-erotik-markt-xxl","7":"product_cat-fesseln-bondage","8":"pa_binding-spielzeug","9":"pa_brand-junrui","10":"pa_manufacturer-junrui","12":"first","13":"instock","14":"shipping-taxable","15":"purchasable","16":"product-type-simple","17":"customify-col","18":"product-has-gallery"},"yoast_head":"<!-- This site is optimized with the Yoast SEO plugin v27.3 - https:\/\/yoast.com\/product\/yoast-seo-wordpress\/ -->\n<title>JUNRUI Handschellen f\u00fcr Kinder, Spielzeug Handschellen aus Metall mit Schl\u00fcssel Handschellen Zubeh\u00f6r f\u00fcr Polizeispiele\u2026 - Markt-XXL<\/title>\n<meta name=\"description\" content=\"Markt-XXL JUNRUI Handschellen f\u00fcr Kinder, Spielzeug Handschellen aus Metall mit Schl\u00fcssel Handschellen Zubeh\u00f6r f\u00fcr Polizeispiele\u2026\" \/>\n<meta name=\"robots\" content=\"index, follow, max-snippet:-1, max-image-preview:large, max-video-preview:-1\" \/>\n<link rel=\"canonical\" href=\"https:\/\/marktxxl.de\/markt\/produkt\/junrui-handschellen-fuer-kinder-spielzeug-handschellen-aus-metall-mit-schluessel-handschellen-zubehoer-fuer-polizeispiele-party-requisiten-polizei-spiel-handschellen-fuer-kinder\/\" \/>\n<meta property=\"og:locale\" content=\"de_DE\" \/>\n<meta property=\"og:type\" content=\"article\" \/>\n<meta property=\"og:title\" content=\"JUNRUI Handschellen f\u00fcr Kinder, Spielzeug Handschellen aus Metall mit Schl\u00fcssel Handschellen Zubeh\u00f6r f\u00fcr Polizeispiele\u2026 - Markt-XXL\" \/>\n<meta property=\"og:description\" content=\"Markt-XXL JUNRUI Handschellen f\u00fcr Kinder, Spielzeug Handschellen aus Metall mit Schl\u00fcssel Handschellen Zubeh\u00f6r f\u00fcr Polizeispiele\u2026\" \/>\n<meta property=\"og:url\" content=\"https:\/\/marktxxl.de\/markt\/produkt\/junrui-handschellen-fuer-kinder-spielzeug-handschellen-aus-metall-mit-schluessel-handschellen-zubehoer-fuer-polizeispiele-party-requisiten-polizei-spiel-handschellen-fuer-kinder\/\" \/>\n<meta property=\"og:site_name\" content=\"Markt-XXL\" \/>\n<meta property=\"article:modified_time\" content=\"2023-04-10T03:38:28+00:00\" \/>\n<meta property=\"og:image\" content=\"https:\/\/m.media-amazon.com\/images\/I\/41VnAha2mcL._SL500_.jpg\" \/>\n\t<meta property=\"og:image:width\" content=\"500\" \/>\n\t<meta property=\"og:image:height\" content=\"500\" \/>\n\t<meta property=\"og:image:type\" content=\"image\/jpeg\" \/>\n<meta name=\"twitter:card\" content=\"summary_large_image\" \/>\n<meta name=\"twitter:label1\" content=\"Gesch\u00e4tzte Lesezeit\" \/>\n\t<meta name=\"twitter:data1\" content=\"1\u00a0Minute\" \/>\n<script type=\"application\/ld+json\" class=\"yoast-schema-graph\">{\"@context\":\"https:\\\/\\\/schema.org\",\"@graph\":[{\"@type\":\"WebPage\",\"@id\":\"https:\\\/\\\/marktxxl.de\\\/markt\\\/produkt\\\/junrui-handschellen-fuer-kinder-spielzeug-handschellen-aus-metall-mit-schluessel-handschellen-zubehoer-fuer-polizeispiele-party-requisiten-polizei-spiel-handschellen-fuer-kinder\\\/\",\"url\":\"https:\\\/\\\/marktxxl.de\\\/markt\\\/produkt\\\/junrui-handschellen-fuer-kinder-spielzeug-handschellen-aus-metall-mit-schluessel-handschellen-zubehoer-fuer-polizeispiele-party-requisiten-polizei-spiel-handschellen-fuer-kinder\\\/\",\"name\":\"JUNRUI Handschellen f\u00fcr Kinder, Spielzeug Handschellen aus Metall mit Schl\u00fcssel Handschellen Zubeh\u00f6r f\u00fcr Polizeispiele\u2026 - Markt-XXL\",\"isPartOf\":{\"@id\":\"https:\\\/\\\/marktxxl.de\\\/markt\\\/#website\"},\"primaryImageOfPage\":{\"@id\":\"https:\\\/\\\/marktxxl.de\\\/markt\\\/produkt\\\/junrui-handschellen-fuer-kinder-spielzeug-handschellen-aus-metall-mit-schluessel-handschellen-zubehoer-fuer-polizeispiele-party-requisiten-polizei-spiel-handschellen-fuer-kinder\\\/#primaryimage\"},\"image\":{\"@id\":\"https:\\\/\\\/marktxxl.de\\\/markt\\\/produkt\\\/junrui-handschellen-fuer-kinder-spielzeug-handschellen-aus-metall-mit-schluessel-handschellen-zubehoer-fuer-polizeispiele-party-requisiten-polizei-spiel-handschellen-fuer-kinder\\\/#primaryimage\"},\"thumbnailUrl\":\"https:\\\/\\\/m.media-amazon.com\\\/images\\\/I\\\/41VnAha2mcL._SL500_.jpg\",\"datePublished\":\"2023-03-10T20:08:52+00:00\",\"dateModified\":\"2023-04-10T03:38:28+00:00\",\"description\":\"Markt-XXL JUNRUI Handschellen f\u00fcr Kinder, Spielzeug Handschellen aus Metall mit Schl\u00fcssel Handschellen Zubeh\u00f6r f\u00fcr Polizeispiele\u2026\",\"breadcrumb\":{\"@id\":\"https:\\\/\\\/marktxxl.de\\\/markt\\\/produkt\\\/junrui-handschellen-fuer-kinder-spielzeug-handschellen-aus-metall-mit-schluessel-handschellen-zubehoer-fuer-polizeispiele-party-requisiten-polizei-spiel-handschellen-fuer-kinder\\\/#breadcrumb\"},\"inLanguage\":\"de\",\"potentialAction\":[{\"@type\":\"ReadAction\",\"target\":[\"https:\\\/\\\/marktxxl.de\\\/markt\\\/produkt\\\/junrui-handschellen-fuer-kinder-spielzeug-handschellen-aus-metall-mit-schluessel-handschellen-zubehoer-fuer-polizeispiele-party-requisiten-polizei-spiel-handschellen-fuer-kinder\\\/\"]}]},{\"@type\":\"ImageObject\",\"inLanguage\":\"de\",\"@id\":\"https:\\\/\\\/marktxxl.de\\\/markt\\\/produkt\\\/junrui-handschellen-fuer-kinder-spielzeug-handschellen-aus-metall-mit-schluessel-handschellen-zubehoer-fuer-polizeispiele-party-requisiten-polizei-spiel-handschellen-fuer-kinder\\\/#primaryimage\",\"url\":\"https:\\\/\\\/m.media-amazon.com\\\/images\\\/I\\\/41VnAha2mcL._SL500_.jpg\",\"contentUrl\":\"https:\\\/\\\/m.media-amazon.com\\\/images\\\/I\\\/41VnAha2mcL._SL500_.jpg\",\"width\":500,\"height\":500},{\"@type\":\"BreadcrumbList\",\"@id\":\"https:\\\/\\\/marktxxl.de\\\/markt\\\/produkt\\\/junrui-handschellen-fuer-kinder-spielzeug-handschellen-aus-metall-mit-schluessel-handschellen-zubehoer-fuer-polizeispiele-party-requisiten-polizei-spiel-handschellen-fuer-kinder\\\/#breadcrumb\",\"itemListElement\":[{\"@type\":\"ListItem\",\"position\":1,\"name\":\"Startseite\",\"item\":\"https:\\\/\\\/marktxxl.de\\\/markt\\\/\"},{\"@type\":\"ListItem\",\"position\":2,\"name\":\"Markt\",\"item\":\"https:\\\/\\\/marktxxl.de\\\/markt\\\/\"},{\"@type\":\"ListItem\",\"position\":3,\"name\":\"JUNRUI Handschellen f\u00fcr Kinder, Spielzeug Handschellen aus Metall mit Schl\u00fcssel Handschellen Zubeh\u00f6r f\u00fcr Polizeispiele\u2026\"}]},{\"@type\":\"WebSite\",\"@id\":\"https:\\\/\\\/marktxxl.de\\\/markt\\\/#website\",\"url\":\"https:\\\/\\\/marktxxl.de\\\/markt\\\/\",\"name\":\"Markt-XXL\",\"description\":\"Ihr Markt Online\",\"publisher\":{\"@id\":\"https:\\\/\\\/marktxxl.de\\\/markt\\\/#organization\"},\"potentialAction\":[{\"@type\":\"SearchAction\",\"target\":{\"@type\":\"EntryPoint\",\"urlTemplate\":\"https:\\\/\\\/marktxxl.de\\\/markt\\\/?s={search_term_string}\"},\"query-input\":{\"@type\":\"PropertyValueSpecification\",\"valueRequired\":true,\"valueName\":\"search_term_string\"}}],\"inLanguage\":\"de\"},{\"@type\":\"Organization\",\"@id\":\"https:\\\/\\\/marktxxl.de\\\/markt\\\/#organization\",\"name\":\"Markt-XXL\",\"url\":\"https:\\\/\\\/marktxxl.de\\\/markt\\\/\",\"logo\":{\"@type\":\"ImageObject\",\"inLanguage\":\"de\",\"@id\":\"https:\\\/\\\/marktxxl.de\\\/markt\\\/#\\\/schema\\\/logo\\\/image\\\/\",\"url\":\"https:\\\/\\\/marktxxl.de\\\/markt\\\/wp-content\\\/uploads\\\/sites\\\/3\\\/2020\\\/12\\\/logo.png\",\"contentUrl\":\"https:\\\/\\\/marktxxl.de\\\/markt\\\/wp-content\\\/uploads\\\/sites\\\/3\\\/2020\\\/12\\\/logo.png\",\"width\":200,\"height\":70,\"caption\":\"Markt-XXL\"},\"image\":{\"@id\":\"https:\\\/\\\/marktxxl.de\\\/markt\\\/#\\\/schema\\\/logo\\\/image\\\/\"}}]}<\/script>\n<!-- \/ Yoast SEO plugin. -->","yoast_head_json":{"title":"JUNRUI Handschellen f\u00fcr Kinder, Spielzeug Handschellen aus Metall mit Schl\u00fcssel Handschellen Zubeh\u00f6r f\u00fcr Polizeispiele\u2026 - Markt-XXL","description":"Markt-XXL JUNRUI Handschellen f\u00fcr Kinder, Spielzeug Handschellen aus Metall mit Schl\u00fcssel Handschellen Zubeh\u00f6r f\u00fcr Polizeispiele\u2026","robots":{"index":"index","follow":"follow","max-snippet":"max-snippet:-1","max-image-preview":"max-image-preview:large","max-video-preview":"max-video-preview:-1"},"canonical":"https:\/\/marktxxl.de\/markt\/produkt\/junrui-handschellen-fuer-kinder-spielzeug-handschellen-aus-metall-mit-schluessel-handschellen-zubehoer-fuer-polizeispiele-party-requisiten-polizei-spiel-handschellen-fuer-kinder\/","og_locale":"de_DE","og_type":"article","og_title":"JUNRUI Handschellen f\u00fcr Kinder, Spielzeug Handschellen aus Metall mit Schl\u00fcssel Handschellen Zubeh\u00f6r f\u00fcr Polizeispiele\u2026 - Markt-XXL","og_description":"Markt-XXL JUNRUI Handschellen f\u00fcr Kinder, Spielzeug Handschellen aus Metall mit Schl\u00fcssel Handschellen Zubeh\u00f6r f\u00fcr Polizeispiele\u2026","og_url":"https:\/\/marktxxl.de\/markt\/produkt\/junrui-handschellen-fuer-kinder-spielzeug-handschellen-aus-metall-mit-schluessel-handschellen-zubehoer-fuer-polizeispiele-party-requisiten-polizei-spiel-handschellen-fuer-kinder\/","og_site_name":"Markt-XXL","article_modified_time":"2023-04-10T03:38:28+00:00","og_image":[{"width":500,"height":500,"url":"https:\/\/m.media-amazon.com\/images\/I\/41VnAha2mcL._SL500_.jpg","type":"image\/jpeg"}],"twitter_card":"summary_large_image","twitter_misc":{"Gesch\u00e4tzte Lesezeit":"1\u00a0Minute"},"schema":{"@context":"https:\/\/schema.org","@graph":[{"@type":"WebPage","@id":"https:\/\/marktxxl.de\/markt\/produkt\/junrui-handschellen-fuer-kinder-spielzeug-handschellen-aus-metall-mit-schluessel-handschellen-zubehoer-fuer-polizeispiele-party-requisiten-polizei-spiel-handschellen-fuer-kinder\/","url":"https:\/\/marktxxl.de\/markt\/produkt\/junrui-handschellen-fuer-kinder-spielzeug-handschellen-aus-metall-mit-schluessel-handschellen-zubehoer-fuer-polizeispiele-party-requisiten-polizei-spiel-handschellen-fuer-kinder\/","name":"JUNRUI Handschellen f\u00fcr Kinder, Spielzeug Handschellen aus Metall mit Schl\u00fcssel Handschellen Zubeh\u00f6r f\u00fcr Polizeispiele\u2026 - Markt-XXL","isPartOf":{"@id":"https:\/\/marktxxl.de\/markt\/#website"},"primaryImageOfPage":{"@id":"https:\/\/marktxxl.de\/markt\/produkt\/junrui-handschellen-fuer-kinder-spielzeug-handschellen-aus-metall-mit-schluessel-handschellen-zubehoer-fuer-polizeispiele-party-requisiten-polizei-spiel-handschellen-fuer-kinder\/#primaryimage"},"image":{"@id":"https:\/\/marktxxl.de\/markt\/produkt\/junrui-handschellen-fuer-kinder-spielzeug-handschellen-aus-metall-mit-schluessel-handschellen-zubehoer-fuer-polizeispiele-party-requisiten-polizei-spiel-handschellen-fuer-kinder\/#primaryimage"},"thumbnailUrl":"https:\/\/m.media-amazon.com\/images\/I\/41VnAha2mcL._SL500_.jpg","datePublished":"2023-03-10T20:08:52+00:00","dateModified":"2023-04-10T03:38:28+00:00","description":"Markt-XXL JUNRUI Handschellen f\u00fcr Kinder, Spielzeug Handschellen aus Metall mit Schl\u00fcssel Handschellen Zubeh\u00f6r f\u00fcr Polizeispiele\u2026","breadcrumb":{"@id":"https:\/\/marktxxl.de\/markt\/produkt\/junrui-handschellen-fuer-kinder-spielzeug-handschellen-aus-metall-mit-schluessel-handschellen-zubehoer-fuer-polizeispiele-party-requisiten-polizei-spiel-handschellen-fuer-kinder\/#breadcrumb"},"inLanguage":"de","potentialAction":[{"@type":"ReadAction","target":["https:\/\/marktxxl.de\/markt\/produkt\/junrui-handschellen-fuer-kinder-spielzeug-handschellen-aus-metall-mit-schluessel-handschellen-zubehoer-fuer-polizeispiele-party-requisiten-polizei-spiel-handschellen-fuer-kinder\/"]}]},{"@type":"ImageObject","inLanguage":"de","@id":"https:\/\/marktxxl.de\/markt\/produkt\/junrui-handschellen-fuer-kinder-spielzeug-handschellen-aus-metall-mit-schluessel-handschellen-zubehoer-fuer-polizeispiele-party-requisiten-polizei-spiel-handschellen-fuer-kinder\/#primaryimage","url":"https:\/\/m.media-amazon.com\/images\/I\/41VnAha2mcL._SL500_.jpg","contentUrl":"https:\/\/m.media-amazon.com\/images\/I\/41VnAha2mcL._SL500_.jpg","width":500,"height":500},{"@type":"BreadcrumbList","@id":"https:\/\/marktxxl.de\/markt\/produkt\/junrui-handschellen-fuer-kinder-spielzeug-handschellen-aus-metall-mit-schluessel-handschellen-zubehoer-fuer-polizeispiele-party-requisiten-polizei-spiel-handschellen-fuer-kinder\/#breadcrumb","itemListElement":[{"@type":"ListItem","position":1,"name":"Startseite","item":"https:\/\/marktxxl.de\/markt\/"},{"@type":"ListItem","position":2,"name":"Markt","item":"https:\/\/marktxxl.de\/markt\/"},{"@type":"ListItem","position":3,"name":"JUNRUI Handschellen f\u00fcr Kinder, Spielzeug Handschellen aus Metall mit Schl\u00fcssel Handschellen Zubeh\u00f6r f\u00fcr Polizeispiele\u2026"}]},{"@type":"WebSite","@id":"https:\/\/marktxxl.de\/markt\/#website","url":"https:\/\/marktxxl.de\/markt\/","name":"Markt-XXL","description":"Ihr Markt Online","publisher":{"@id":"https:\/\/marktxxl.de\/markt\/#organization"},"potentialAction":[{"@type":"SearchAction","target":{"@type":"EntryPoint","urlTemplate":"https:\/\/marktxxl.de\/markt\/?s={search_term_string}"},"query-input":{"@type":"PropertyValueSpecification","valueRequired":true,"valueName":"search_term_string"}}],"inLanguage":"de"},{"@type":"Organization","@id":"https:\/\/marktxxl.de\/markt\/#organization","name":"Markt-XXL","url":"https:\/\/marktxxl.de\/markt\/","logo":{"@type":"ImageObject","inLanguage":"de","@id":"https:\/\/marktxxl.de\/markt\/#\/schema\/logo\/image\/","url":"https:\/\/marktxxl.de\/markt\/wp-content\/uploads\/sites\/3\/2020\/12\/logo.png","contentUrl":"https:\/\/marktxxl.de\/markt\/wp-content\/uploads\/sites\/3\/2020\/12\/logo.png","width":200,"height":70,"caption":"Markt-XXL"},"image":{"@id":"https:\/\/marktxxl.de\/markt\/#\/schema\/logo\/image\/"}}]}},"_links":{"self":[{"href":"https:\/\/marktxxl.de\/markt\/wp-json\/wp\/v2\/product\/191134","targetHints":{"allow":["GET"]}}],"collection":[{"href":"https:\/\/marktxxl.de\/markt\/wp-json\/wp\/v2\/product"}],"about":[{"href":"https:\/\/marktxxl.de\/markt\/wp-json\/wp\/v2\/types\/product"}],"replies":[{"embeddable":true,"href":"https:\/\/marktxxl.de\/markt\/wp-json\/wp\/v2\/comments?post=191134"}],"wp:featuredmedia":[{"embeddable":true,"href":"https:\/\/marktxxl.de\/markt\/wp-json\/wp\/v2\/media\/191135"}],"wp:attachment":[{"href":"https:\/\/marktxxl.de\/markt\/wp-json\/wp\/v2\/media?parent=191134"}],"wp:term":[{"taxonomy":"product_brand","embeddable":true,"href":"https:\/\/marktxxl.de\/markt\/wp-json\/wp\/v2\/product_brand?post=191134"},{"taxonomy":"product_cat","embeddable":true,"href":"https:\/\/marktxxl.de\/markt\/wp-json\/wp\/v2\/product_cat?post=191134"},{"taxonomy":"product_tag","embeddable":true,"href":"https:\/\/marktxxl.de\/markt\/wp-json\/wp\/v2\/product_tag?post=191134"}],"curies":[{"name":"wp","href":"https:\/\/api.w.org\/{rel}","templated":true}]}}