{"id":191075,"date":"2023-03-10T21:05:34","date_gmt":"2023-03-10T20:05:34","guid":{"rendered":"https:\/\/marktxxl.de\/markt\/produkt\/analdusche-mit-anti-rueckfluss-5-loch-duese-vaginaldusche-intimduschen-klistiere-silikon-klistierspritze-fuer-maenner-frauen-darmreinigung-und-hygiene-rosa\/"},"modified":"2023-04-10T05:38:27","modified_gmt":"2023-04-10T03:38:27","slug":"analdusche-mit-anti-rueckfluss-5-loch-duese-vaginaldusche-intimduschen-klistiere-silikon-klistierspritze-fuer-maenner-frauen-darmreinigung-und-hygiene-rosa","status":"publish","type":"product","link":"https:\/\/marktxxl.de\/markt\/produkt\/analdusche-mit-anti-rueckfluss-5-loch-duese-vaginaldusche-intimduschen-klistiere-silikon-klistierspritze-fuer-maenner-frauen-darmreinigung-und-hygiene-rosa\/","title":{"rendered":"Analdusche mit Anti-R\u00fcckfluss, 5 Loch D\u00fcse Vaginaldusche Intimduschen Klistiere, Silikon Klistierspritze f\u00fcr M\u00e4nner\u2026"},"content":{"rendered":"<p>\ud83d\udc97\u30105-Loch-D\u00fcse\u3011- Die Analdusche hat 5 Wasseraustrittsl\u00f6cher, die \u00fcber und um den d\u00fcnnen Schlauch herum verteilt sind, mit Druckd\u00fcse, st\u00e4rkerem Wasserfluss, 360\u00b0-Rundumsp\u00fclung und gr\u00fcndlicherer Reinigung.<br \/>\n\ud83d\udc97\u3010Anti-Reflux-Design\u3011 &#8211; Der d\u00fcnne Schlauch der Vaginaldusche ist mit einem Anti-Reflux-Design ausgestattet, sodass Sie sich keine Sorgen \u00fcber den R\u00fcckfluss von Schmutzwasser in den Beh\u00e4lter machen m\u00fcssen, was sehr bequem zu bedienen ist.<br \/>\n\ud83d\udc97\u3010Hochwertiges Material\u3011- Der Intimduschen Klistiere besteht aus medizinischem Silikon, das sicher und harmlos f\u00fcr den menschlichen K\u00f6rper ist, glatt und weich, sanft, einfach und angenehm, um Ihr Rektum zu reinigen und Ihrem Anus ein besseres Erlebnis zu bieten.<br \/>\n\ud83d\udc97\u3010Hochwertiges Material\u3011- Der Intimduschen Klistiere besteht aus medizinischem Silikon, das sicher und harmlos f\u00fcr den menschlichen K\u00f6rper ist, glatt und weich, sanft, einfach und angenehm, um Ihr Rektum zu reinigen und Ihrem Anus ein besseres Erlebnis zu bieten.<br \/>\n\ud83d\udc97\u3010Breites Anwendungsspektrum\u3011- Klistiere kann f\u00fcr Anus oder Vagina verwendet werden. Geeignet f\u00fcr die Gesundheit von M\u00e4nnern und Frauen, Darmreinigung, bakterielle Infektionen, Verstopfung, regelm\u00e4\u00dfige Reinigung usw.<br \/>\n<div class=\"main-cross-sell\" data-asin=\"B09WQNQC92\">\n\n\t<div class=\"WooZone-cross-sell-loader\">\n\t\t<div>\n\t\t\t<div id=\"floatingBarsG\">\n\t\t\t\t<div class=\"blockG\" id=\"rotateG_01\"><\/div>\n\t\t\t\t<div class=\"blockG\" id=\"rotateG_02\"><\/div>\n\t\t\t\t<div class=\"blockG\" id=\"rotateG_03\"><\/div>\n\t\t\t\t<div class=\"blockG\" id=\"rotateG_04\"><\/div>\n\t\t\t\t<div class=\"blockG\" id=\"rotateG_05\"><\/div>\n\t\t\t\t<div class=\"blockG\" id=\"rotateG_06\"><\/div>\n\t\t\t\t<div class=\"blockG\" id=\"rotateG_07\"><\/div>\n\t\t\t\t<div class=\"blockG\" id=\"rotateG_08\"><\/div>\n\t\t\t<\/div>\n\t\t\t<div class=\"WooZone-cross-sell-loader-text\"><\/div>\n\t\t<\/div>\n\t<\/div>\n\n\t\t\n<\/div>\n<div style=\"clear:both;\"><\/div><\/p>\n","protected":false},"excerpt":{"rendered":"<p>\ud83d\udc97\u30105-Loch-D\u00fcse\u3011- Die Analdusche hat 5 Wasseraustrittsl\u00f6cher, die \u00fcber und um den d\u00fcnnen Schlauch herum verteilt sind, mit Druckd\u00fcse, st\u00e4rkerem Wasserfluss, 360\u00b0-Rundumsp\u00fclung und gr\u00fcndlicherer Reinigung.<br \/>\n\ud83d\udc97\u3010Anti-Reflux-Design\u3011 &#8211; Der d\u00fcnne Schlauch der Vaginaldusche ist mit einem Anti-Reflux-Design ausgestattet, sodass Sie sich keine Sorgen \u00fcber den R\u00fcckfluss von Schmutzwasser in den Beh\u00e4lter machen m\u00fcssen, was sehr bequem zu bedienen ist.<br \/>\n\ud83d\udc97\u3010Hochwertiges Material\u3011- Der Intimduschen Klistiere besteht aus medizinischem Silikon, das sicher und harmlos f\u00fcr den menschlichen K\u00f6rper ist, glatt und weich, sanft, einfach und angenehm, um Ihr Rektum zu reinigen und Ihrem Anus ein besseres Erlebnis zu bieten.<\/p>\n","protected":false},"featured_media":191076,"comment_status":"open","ping_status":"closed","template":"","meta":[],"product_brand":[],"product_cat":[652,2977],"product_tag":[],"class_list":{"0":"post-191075","1":"product","2":"type-product","3":"status-publish","4":"has-post-thumbnail","6":"product_cat-erotik-markt-xxl","7":"product_cat-sexspielzeug","8":"pa_brand-aorgasms","9":"pa_manufacturer-aorgasms","10":"pa_model-rose","12":"first","13":"instock","14":"shipping-taxable","15":"purchasable","16":"product-type-simple","17":"customify-col","18":"product-has-gallery"},"yoast_head":"<!-- This site is optimized with the Yoast SEO plugin v27.4 - https:\/\/yoast.com\/product\/yoast-seo-wordpress\/ -->\n<title>Analdusche mit Anti-R\u00fcckfluss, 5 Loch D\u00fcse Vaginaldusche Intimduschen Klistiere, Silikon Klistierspritze f\u00fcr M\u00e4nner\u2026 - Markt-XXL<\/title>\n<meta name=\"description\" content=\"Markt-XXL Analdusche mit Anti-R\u00fcckfluss, 5 Loch D\u00fcse Vaginaldusche Intimduschen Klistiere, Silikon Klistierspritze f\u00fcr M\u00e4nner\u2026\" \/>\n<meta name=\"robots\" content=\"index, follow, max-snippet:-1, max-image-preview:large, max-video-preview:-1\" \/>\n<link rel=\"canonical\" href=\"https:\/\/marktxxl.de\/markt\/produkt\/analdusche-mit-anti-rueckfluss-5-loch-duese-vaginaldusche-intimduschen-klistiere-silikon-klistierspritze-fuer-maenner-frauen-darmreinigung-und-hygiene-rosa\/\" \/>\n<meta property=\"og:locale\" content=\"de_DE\" \/>\n<meta property=\"og:type\" content=\"article\" \/>\n<meta property=\"og:title\" content=\"Analdusche mit Anti-R\u00fcckfluss, 5 Loch D\u00fcse Vaginaldusche Intimduschen Klistiere, Silikon Klistierspritze f\u00fcr M\u00e4nner\u2026 - Markt-XXL\" \/>\n<meta property=\"og:description\" content=\"Markt-XXL Analdusche mit Anti-R\u00fcckfluss, 5 Loch D\u00fcse Vaginaldusche Intimduschen Klistiere, Silikon Klistierspritze f\u00fcr M\u00e4nner\u2026\" \/>\n<meta property=\"og:url\" content=\"https:\/\/marktxxl.de\/markt\/produkt\/analdusche-mit-anti-rueckfluss-5-loch-duese-vaginaldusche-intimduschen-klistiere-silikon-klistierspritze-fuer-maenner-frauen-darmreinigung-und-hygiene-rosa\/\" \/>\n<meta property=\"og:site_name\" content=\"Markt-XXL\" \/>\n<meta property=\"article:modified_time\" content=\"2023-04-10T03:38:27+00:00\" \/>\n<meta property=\"og:image\" content=\"https:\/\/m.media-amazon.com\/images\/I\/41t-3wI68XL._SL500_.jpg\" \/>\n\t<meta property=\"og:image:width\" content=\"400\" \/>\n\t<meta property=\"og:image:height\" content=\"500\" \/>\n\t<meta property=\"og:image:type\" content=\"image\/jpeg\" \/>\n<meta name=\"twitter:card\" content=\"summary_large_image\" \/>\n<meta name=\"twitter:label1\" content=\"Gesch\u00e4tzte Lesezeit\" \/>\n\t<meta name=\"twitter:data1\" content=\"1\u00a0Minute\" \/>\n<script type=\"application\/ld+json\" class=\"yoast-schema-graph\">{\"@context\":\"https:\\\/\\\/schema.org\",\"@graph\":[{\"@type\":\"WebPage\",\"@id\":\"https:\\\/\\\/marktxxl.de\\\/markt\\\/produkt\\\/analdusche-mit-anti-rueckfluss-5-loch-duese-vaginaldusche-intimduschen-klistiere-silikon-klistierspritze-fuer-maenner-frauen-darmreinigung-und-hygiene-rosa\\\/\",\"url\":\"https:\\\/\\\/marktxxl.de\\\/markt\\\/produkt\\\/analdusche-mit-anti-rueckfluss-5-loch-duese-vaginaldusche-intimduschen-klistiere-silikon-klistierspritze-fuer-maenner-frauen-darmreinigung-und-hygiene-rosa\\\/\",\"name\":\"Analdusche mit Anti-R\u00fcckfluss, 5 Loch D\u00fcse Vaginaldusche Intimduschen Klistiere, Silikon Klistierspritze f\u00fcr M\u00e4nner\u2026 - Markt-XXL\",\"isPartOf\":{\"@id\":\"https:\\\/\\\/marktxxl.de\\\/markt\\\/#website\"},\"primaryImageOfPage\":{\"@id\":\"https:\\\/\\\/marktxxl.de\\\/markt\\\/produkt\\\/analdusche-mit-anti-rueckfluss-5-loch-duese-vaginaldusche-intimduschen-klistiere-silikon-klistierspritze-fuer-maenner-frauen-darmreinigung-und-hygiene-rosa\\\/#primaryimage\"},\"image\":{\"@id\":\"https:\\\/\\\/marktxxl.de\\\/markt\\\/produkt\\\/analdusche-mit-anti-rueckfluss-5-loch-duese-vaginaldusche-intimduschen-klistiere-silikon-klistierspritze-fuer-maenner-frauen-darmreinigung-und-hygiene-rosa\\\/#primaryimage\"},\"thumbnailUrl\":\"https:\\\/\\\/m.media-amazon.com\\\/images\\\/I\\\/41t-3wI68XL._SL500_.jpg\",\"datePublished\":\"2023-03-10T20:05:34+00:00\",\"dateModified\":\"2023-04-10T03:38:27+00:00\",\"description\":\"Markt-XXL Analdusche mit Anti-R\u00fcckfluss, 5 Loch D\u00fcse Vaginaldusche Intimduschen Klistiere, Silikon Klistierspritze f\u00fcr M\u00e4nner\u2026\",\"breadcrumb\":{\"@id\":\"https:\\\/\\\/marktxxl.de\\\/markt\\\/produkt\\\/analdusche-mit-anti-rueckfluss-5-loch-duese-vaginaldusche-intimduschen-klistiere-silikon-klistierspritze-fuer-maenner-frauen-darmreinigung-und-hygiene-rosa\\\/#breadcrumb\"},\"inLanguage\":\"de\",\"potentialAction\":[{\"@type\":\"ReadAction\",\"target\":[\"https:\\\/\\\/marktxxl.de\\\/markt\\\/produkt\\\/analdusche-mit-anti-rueckfluss-5-loch-duese-vaginaldusche-intimduschen-klistiere-silikon-klistierspritze-fuer-maenner-frauen-darmreinigung-und-hygiene-rosa\\\/\"]}]},{\"@type\":\"ImageObject\",\"inLanguage\":\"de\",\"@id\":\"https:\\\/\\\/marktxxl.de\\\/markt\\\/produkt\\\/analdusche-mit-anti-rueckfluss-5-loch-duese-vaginaldusche-intimduschen-klistiere-silikon-klistierspritze-fuer-maenner-frauen-darmreinigung-und-hygiene-rosa\\\/#primaryimage\",\"url\":\"https:\\\/\\\/m.media-amazon.com\\\/images\\\/I\\\/41t-3wI68XL._SL500_.jpg\",\"contentUrl\":\"https:\\\/\\\/m.media-amazon.com\\\/images\\\/I\\\/41t-3wI68XL._SL500_.jpg\",\"width\":400,\"height\":500},{\"@type\":\"BreadcrumbList\",\"@id\":\"https:\\\/\\\/marktxxl.de\\\/markt\\\/produkt\\\/analdusche-mit-anti-rueckfluss-5-loch-duese-vaginaldusche-intimduschen-klistiere-silikon-klistierspritze-fuer-maenner-frauen-darmreinigung-und-hygiene-rosa\\\/#breadcrumb\",\"itemListElement\":[{\"@type\":\"ListItem\",\"position\":1,\"name\":\"Startseite\",\"item\":\"https:\\\/\\\/marktxxl.de\\\/markt\\\/\"},{\"@type\":\"ListItem\",\"position\":2,\"name\":\"Markt\",\"item\":\"https:\\\/\\\/marktxxl.de\\\/markt\\\/\"},{\"@type\":\"ListItem\",\"position\":3,\"name\":\"Analdusche mit Anti-R\u00fcckfluss, 5 Loch D\u00fcse Vaginaldusche Intimduschen Klistiere, Silikon Klistierspritze f\u00fcr M\u00e4nner\u2026\"}]},{\"@type\":\"WebSite\",\"@id\":\"https:\\\/\\\/marktxxl.de\\\/markt\\\/#website\",\"url\":\"https:\\\/\\\/marktxxl.de\\\/markt\\\/\",\"name\":\"Markt-XXL\",\"description\":\"Ihr Markt Online\",\"publisher\":{\"@id\":\"https:\\\/\\\/marktxxl.de\\\/markt\\\/#organization\"},\"potentialAction\":[{\"@type\":\"SearchAction\",\"target\":{\"@type\":\"EntryPoint\",\"urlTemplate\":\"https:\\\/\\\/marktxxl.de\\\/markt\\\/?s={search_term_string}\"},\"query-input\":{\"@type\":\"PropertyValueSpecification\",\"valueRequired\":true,\"valueName\":\"search_term_string\"}}],\"inLanguage\":\"de\"},{\"@type\":\"Organization\",\"@id\":\"https:\\\/\\\/marktxxl.de\\\/markt\\\/#organization\",\"name\":\"Markt-XXL\",\"url\":\"https:\\\/\\\/marktxxl.de\\\/markt\\\/\",\"logo\":{\"@type\":\"ImageObject\",\"inLanguage\":\"de\",\"@id\":\"https:\\\/\\\/marktxxl.de\\\/markt\\\/#\\\/schema\\\/logo\\\/image\\\/\",\"url\":\"https:\\\/\\\/marktxxl.de\\\/markt\\\/wp-content\\\/uploads\\\/sites\\\/3\\\/2020\\\/12\\\/logo.png\",\"contentUrl\":\"https:\\\/\\\/marktxxl.de\\\/markt\\\/wp-content\\\/uploads\\\/sites\\\/3\\\/2020\\\/12\\\/logo.png\",\"width\":200,\"height\":70,\"caption\":\"Markt-XXL\"},\"image\":{\"@id\":\"https:\\\/\\\/marktxxl.de\\\/markt\\\/#\\\/schema\\\/logo\\\/image\\\/\"}}]}<\/script>\n<!-- \/ Yoast SEO plugin. -->","yoast_head_json":{"title":"Analdusche mit Anti-R\u00fcckfluss, 5 Loch D\u00fcse Vaginaldusche Intimduschen Klistiere, Silikon Klistierspritze f\u00fcr M\u00e4nner\u2026 - Markt-XXL","description":"Markt-XXL Analdusche mit Anti-R\u00fcckfluss, 5 Loch D\u00fcse Vaginaldusche Intimduschen Klistiere, Silikon Klistierspritze f\u00fcr M\u00e4nner\u2026","robots":{"index":"index","follow":"follow","max-snippet":"max-snippet:-1","max-image-preview":"max-image-preview:large","max-video-preview":"max-video-preview:-1"},"canonical":"https:\/\/marktxxl.de\/markt\/produkt\/analdusche-mit-anti-rueckfluss-5-loch-duese-vaginaldusche-intimduschen-klistiere-silikon-klistierspritze-fuer-maenner-frauen-darmreinigung-und-hygiene-rosa\/","og_locale":"de_DE","og_type":"article","og_title":"Analdusche mit Anti-R\u00fcckfluss, 5 Loch D\u00fcse Vaginaldusche Intimduschen Klistiere, Silikon Klistierspritze f\u00fcr M\u00e4nner\u2026 - Markt-XXL","og_description":"Markt-XXL Analdusche mit Anti-R\u00fcckfluss, 5 Loch D\u00fcse Vaginaldusche Intimduschen Klistiere, Silikon Klistierspritze f\u00fcr M\u00e4nner\u2026","og_url":"https:\/\/marktxxl.de\/markt\/produkt\/analdusche-mit-anti-rueckfluss-5-loch-duese-vaginaldusche-intimduschen-klistiere-silikon-klistierspritze-fuer-maenner-frauen-darmreinigung-und-hygiene-rosa\/","og_site_name":"Markt-XXL","article_modified_time":"2023-04-10T03:38:27+00:00","og_image":[{"width":400,"height":500,"url":"https:\/\/m.media-amazon.com\/images\/I\/41t-3wI68XL._SL500_.jpg","type":"image\/jpeg"}],"twitter_card":"summary_large_image","twitter_misc":{"Gesch\u00e4tzte Lesezeit":"1\u00a0Minute"},"schema":{"@context":"https:\/\/schema.org","@graph":[{"@type":"WebPage","@id":"https:\/\/marktxxl.de\/markt\/produkt\/analdusche-mit-anti-rueckfluss-5-loch-duese-vaginaldusche-intimduschen-klistiere-silikon-klistierspritze-fuer-maenner-frauen-darmreinigung-und-hygiene-rosa\/","url":"https:\/\/marktxxl.de\/markt\/produkt\/analdusche-mit-anti-rueckfluss-5-loch-duese-vaginaldusche-intimduschen-klistiere-silikon-klistierspritze-fuer-maenner-frauen-darmreinigung-und-hygiene-rosa\/","name":"Analdusche mit Anti-R\u00fcckfluss, 5 Loch D\u00fcse Vaginaldusche Intimduschen Klistiere, Silikon Klistierspritze f\u00fcr M\u00e4nner\u2026 - Markt-XXL","isPartOf":{"@id":"https:\/\/marktxxl.de\/markt\/#website"},"primaryImageOfPage":{"@id":"https:\/\/marktxxl.de\/markt\/produkt\/analdusche-mit-anti-rueckfluss-5-loch-duese-vaginaldusche-intimduschen-klistiere-silikon-klistierspritze-fuer-maenner-frauen-darmreinigung-und-hygiene-rosa\/#primaryimage"},"image":{"@id":"https:\/\/marktxxl.de\/markt\/produkt\/analdusche-mit-anti-rueckfluss-5-loch-duese-vaginaldusche-intimduschen-klistiere-silikon-klistierspritze-fuer-maenner-frauen-darmreinigung-und-hygiene-rosa\/#primaryimage"},"thumbnailUrl":"https:\/\/m.media-amazon.com\/images\/I\/41t-3wI68XL._SL500_.jpg","datePublished":"2023-03-10T20:05:34+00:00","dateModified":"2023-04-10T03:38:27+00:00","description":"Markt-XXL Analdusche mit Anti-R\u00fcckfluss, 5 Loch D\u00fcse Vaginaldusche Intimduschen Klistiere, Silikon Klistierspritze f\u00fcr M\u00e4nner\u2026","breadcrumb":{"@id":"https:\/\/marktxxl.de\/markt\/produkt\/analdusche-mit-anti-rueckfluss-5-loch-duese-vaginaldusche-intimduschen-klistiere-silikon-klistierspritze-fuer-maenner-frauen-darmreinigung-und-hygiene-rosa\/#breadcrumb"},"inLanguage":"de","potentialAction":[{"@type":"ReadAction","target":["https:\/\/marktxxl.de\/markt\/produkt\/analdusche-mit-anti-rueckfluss-5-loch-duese-vaginaldusche-intimduschen-klistiere-silikon-klistierspritze-fuer-maenner-frauen-darmreinigung-und-hygiene-rosa\/"]}]},{"@type":"ImageObject","inLanguage":"de","@id":"https:\/\/marktxxl.de\/markt\/produkt\/analdusche-mit-anti-rueckfluss-5-loch-duese-vaginaldusche-intimduschen-klistiere-silikon-klistierspritze-fuer-maenner-frauen-darmreinigung-und-hygiene-rosa\/#primaryimage","url":"https:\/\/m.media-amazon.com\/images\/I\/41t-3wI68XL._SL500_.jpg","contentUrl":"https:\/\/m.media-amazon.com\/images\/I\/41t-3wI68XL._SL500_.jpg","width":400,"height":500},{"@type":"BreadcrumbList","@id":"https:\/\/marktxxl.de\/markt\/produkt\/analdusche-mit-anti-rueckfluss-5-loch-duese-vaginaldusche-intimduschen-klistiere-silikon-klistierspritze-fuer-maenner-frauen-darmreinigung-und-hygiene-rosa\/#breadcrumb","itemListElement":[{"@type":"ListItem","position":1,"name":"Startseite","item":"https:\/\/marktxxl.de\/markt\/"},{"@type":"ListItem","position":2,"name":"Markt","item":"https:\/\/marktxxl.de\/markt\/"},{"@type":"ListItem","position":3,"name":"Analdusche mit Anti-R\u00fcckfluss, 5 Loch D\u00fcse Vaginaldusche Intimduschen Klistiere, Silikon Klistierspritze f\u00fcr M\u00e4nner\u2026"}]},{"@type":"WebSite","@id":"https:\/\/marktxxl.de\/markt\/#website","url":"https:\/\/marktxxl.de\/markt\/","name":"Markt-XXL","description":"Ihr Markt Online","publisher":{"@id":"https:\/\/marktxxl.de\/markt\/#organization"},"potentialAction":[{"@type":"SearchAction","target":{"@type":"EntryPoint","urlTemplate":"https:\/\/marktxxl.de\/markt\/?s={search_term_string}"},"query-input":{"@type":"PropertyValueSpecification","valueRequired":true,"valueName":"search_term_string"}}],"inLanguage":"de"},{"@type":"Organization","@id":"https:\/\/marktxxl.de\/markt\/#organization","name":"Markt-XXL","url":"https:\/\/marktxxl.de\/markt\/","logo":{"@type":"ImageObject","inLanguage":"de","@id":"https:\/\/marktxxl.de\/markt\/#\/schema\/logo\/image\/","url":"https:\/\/marktxxl.de\/markt\/wp-content\/uploads\/sites\/3\/2020\/12\/logo.png","contentUrl":"https:\/\/marktxxl.de\/markt\/wp-content\/uploads\/sites\/3\/2020\/12\/logo.png","width":200,"height":70,"caption":"Markt-XXL"},"image":{"@id":"https:\/\/marktxxl.de\/markt\/#\/schema\/logo\/image\/"}}]}},"_links":{"self":[{"href":"https:\/\/marktxxl.de\/markt\/wp-json\/wp\/v2\/product\/191075","targetHints":{"allow":["GET"]}}],"collection":[{"href":"https:\/\/marktxxl.de\/markt\/wp-json\/wp\/v2\/product"}],"about":[{"href":"https:\/\/marktxxl.de\/markt\/wp-json\/wp\/v2\/types\/product"}],"replies":[{"embeddable":true,"href":"https:\/\/marktxxl.de\/markt\/wp-json\/wp\/v2\/comments?post=191075"}],"wp:featuredmedia":[{"embeddable":true,"href":"https:\/\/marktxxl.de\/markt\/wp-json\/wp\/v2\/media\/191076"}],"wp:attachment":[{"href":"https:\/\/marktxxl.de\/markt\/wp-json\/wp\/v2\/media?parent=191075"}],"wp:term":[{"taxonomy":"product_brand","embeddable":true,"href":"https:\/\/marktxxl.de\/markt\/wp-json\/wp\/v2\/product_brand?post=191075"},{"taxonomy":"product_cat","embeddable":true,"href":"https:\/\/marktxxl.de\/markt\/wp-json\/wp\/v2\/product_cat?post=191075"},{"taxonomy":"product_tag","embeddable":true,"href":"https:\/\/marktxxl.de\/markt\/wp-json\/wp\/v2\/product_tag?post=191075"}],"curies":[{"name":"wp","href":"https:\/\/api.w.org\/{rel}","templated":true}]}}