{"id":191032,"date":"2023-03-10T21:04:19","date_gmt":"2023-03-10T20:04:19","guid":{"rendered":"https:\/\/marktxxl.de\/markt\/produkt\/irrigator-set-zur-darmreinigung-und-darmeinlauf-2-liter-fassungsvolumen-2-m-schlauch-diskret-verstaubar-plus-ebook-darmrohr\/"},"modified":"2023-04-10T05:38:27","modified_gmt":"2023-04-10T03:38:27","slug":"irrigator-set-zur-darmreinigung-und-darmeinlauf-2-liter-fassungsvolumen-2-m-schlauch-diskret-verstaubar-plus-ebook-darmrohr","status":"publish","type":"product","link":"https:\/\/marktxxl.de\/markt\/produkt\/irrigator-set-zur-darmreinigung-und-darmeinlauf-2-liter-fassungsvolumen-2-m-schlauch-diskret-verstaubar-plus-ebook-darmrohr\/","title":{"rendered":"Irrigator Set Zur Darmreinigung Und Darmeinlauf \u2013 2 Liter Fassungsvolumen, 2 M Schlauch, Diskret Verstaubar -Plus: Ebook\u2026"},"content":{"rendered":"<p>\u2705 BPA-FREIES SILIKON: der Beutel mit 2 Liter Fassungsverm\u00f6gen ist aus BPA-freiem Silikon hergestellt und daher frei vom sch\u00e4dlichen Bisphenol. Dennoch ist er \u00fcberaus flexibel und langlebig<br \/>\n\u2705 VERSCHIEDENE AUFS\u00c4TZE: Speziell f\u00fcr individuelle Bed\u00fcrfnisse werden verschiedene Aufs\u00e4tze in den L\u00e4ngen von 7,5 bis 26 cm sowie in den Durchmessern zwischen 0,5 und 1,4 cm mitgeliefert<br \/>\n\u2705 100% DISKRETION: Unterwegs kann dieses Irrigator Set absolut unsichtbar mitgef\u00fchrt werden. Hierf\u00fcr wird eine undurchsichtige Tragetasche mitgeliefert<br \/>\n\ud83c\udf81 INKL. EBOOK: Um den richtigen Einstieg f\u00fcr dieses Darmsp\u00fclung Set zu bekommen, wird ein eBook zum Thema Einl\u00e4ufe &amp; Fasten mitgeliefert<br \/>\n\ud83c\udf81 EXTRA: Beim Kauf dieses Darmreinigung Einlauf Sets erhalten Sie zus\u00e4tzlich noch 2 extra Darmrohr-Hilfen dazu<br \/>\n<div class=\"main-cross-sell\" data-asin=\"B08GSWYVWB\">\n\n\t<div class=\"WooZone-cross-sell-loader\">\n\t\t<div>\n\t\t\t<div id=\"floatingBarsG\">\n\t\t\t\t<div class=\"blockG\" id=\"rotateG_01\"><\/div>\n\t\t\t\t<div class=\"blockG\" id=\"rotateG_02\"><\/div>\n\t\t\t\t<div class=\"blockG\" id=\"rotateG_03\"><\/div>\n\t\t\t\t<div class=\"blockG\" id=\"rotateG_04\"><\/div>\n\t\t\t\t<div class=\"blockG\" id=\"rotateG_05\"><\/div>\n\t\t\t\t<div class=\"blockG\" id=\"rotateG_06\"><\/div>\n\t\t\t\t<div class=\"blockG\" id=\"rotateG_07\"><\/div>\n\t\t\t\t<div class=\"blockG\" id=\"rotateG_08\"><\/div>\n\t\t\t<\/div>\n\t\t\t<div class=\"WooZone-cross-sell-loader-text\"><\/div>\n\t\t<\/div>\n\t<\/div>\n\n\t\t\n<\/div>\n<div style=\"clear:both;\"><\/div><\/p>\n","protected":false},"excerpt":{"rendered":"<p>\u2705 BPA-FREIES SILIKON: der Beutel mit 2 Liter Fassungsverm\u00f6gen ist aus BPA-freiem Silikon hergestellt und daher frei vom sch\u00e4dlichen Bisphenol. Dennoch ist er \u00fcberaus flexibel und langlebig<br \/>\n\u2705 VERSCHIEDENE AUFS\u00c4TZE: Speziell f\u00fcr individuelle Bed\u00fcrfnisse werden verschiedene Aufs\u00e4tze in den L\u00e4ngen von 7,5 bis 26 cm sowie in den Durchmessern zwischen 0,5 und 1,4 cm mitgeliefert<br \/>\n\u2705 100% DISKRETION: Unterwegs kann dieses Irrigator Set absolut unsichtbar mitgef\u00fchrt werden. Hierf\u00fcr wird eine undurchsichtige Tragetasche mitgeliefert<\/p>\n","protected":false},"featured_media":191033,"comment_status":"open","ping_status":"closed","template":"","meta":[],"product_brand":[],"product_cat":[652,2977],"product_tag":[],"class_list":{"0":"post-191032","1":"product","2":"type-product","3":"status-publish","4":"has-post-thumbnail","6":"product_cat-erotik-markt-xxl","7":"product_cat-sexspielzeug","8":"pa_brand-smartpeas","9":"pa_manufacturer-smartpeas","10":"pa_size-4-stueck-1er-pack","12":"first","13":"instock","14":"shipping-taxable","15":"purchasable","16":"product-type-simple","17":"customify-col","18":"product-has-gallery"},"yoast_head":"<!-- This site is optimized with the Yoast SEO plugin v27.3 - https:\/\/yoast.com\/product\/yoast-seo-wordpress\/ -->\n<title>Irrigator Set Zur Darmreinigung Und Darmeinlauf \u2013 2 Liter Fassungsvolumen, 2 M Schlauch, Diskret Verstaubar -Plus: Ebook\u2026 - Markt-XXL<\/title>\n<meta name=\"description\" content=\"Markt-XXL Irrigator Set Zur Darmreinigung Und Darmeinlauf \u2013 2 Liter Fassungsvolumen, 2 M Schlauch, Diskret Verstaubar -Plus: Ebook\u2026\" \/>\n<meta name=\"robots\" content=\"index, follow, max-snippet:-1, max-image-preview:large, max-video-preview:-1\" \/>\n<link rel=\"canonical\" href=\"https:\/\/marktxxl.de\/markt\/produkt\/irrigator-set-zur-darmreinigung-und-darmeinlauf-2-liter-fassungsvolumen-2-m-schlauch-diskret-verstaubar-plus-ebook-darmrohr\/\" \/>\n<meta property=\"og:locale\" content=\"de_DE\" \/>\n<meta property=\"og:type\" content=\"article\" \/>\n<meta property=\"og:title\" content=\"Irrigator Set Zur Darmreinigung Und Darmeinlauf \u2013 2 Liter Fassungsvolumen, 2 M Schlauch, Diskret Verstaubar -Plus: Ebook\u2026 - Markt-XXL\" \/>\n<meta property=\"og:description\" content=\"Markt-XXL Irrigator Set Zur Darmreinigung Und Darmeinlauf \u2013 2 Liter Fassungsvolumen, 2 M Schlauch, Diskret Verstaubar -Plus: Ebook\u2026\" \/>\n<meta property=\"og:url\" content=\"https:\/\/marktxxl.de\/markt\/produkt\/irrigator-set-zur-darmreinigung-und-darmeinlauf-2-liter-fassungsvolumen-2-m-schlauch-diskret-verstaubar-plus-ebook-darmrohr\/\" \/>\n<meta property=\"og:site_name\" content=\"Markt-XXL\" \/>\n<meta property=\"article:modified_time\" content=\"2023-04-10T03:38:27+00:00\" \/>\n<meta property=\"og:image\" content=\"https:\/\/m.media-amazon.com\/images\/I\/313TvEwUglL._SL500_.jpg\" \/>\n\t<meta property=\"og:image:width\" content=\"500\" \/>\n\t<meta property=\"og:image:height\" content=\"500\" \/>\n\t<meta property=\"og:image:type\" content=\"image\/jpeg\" \/>\n<meta name=\"twitter:card\" content=\"summary_large_image\" \/>\n<meta name=\"twitter:label1\" content=\"Gesch\u00e4tzte Lesezeit\" \/>\n\t<meta name=\"twitter:data1\" content=\"1\u00a0Minute\" \/>\n<script type=\"application\/ld+json\" class=\"yoast-schema-graph\">{\"@context\":\"https:\\\/\\\/schema.org\",\"@graph\":[{\"@type\":\"WebPage\",\"@id\":\"https:\\\/\\\/marktxxl.de\\\/markt\\\/produkt\\\/irrigator-set-zur-darmreinigung-und-darmeinlauf-2-liter-fassungsvolumen-2-m-schlauch-diskret-verstaubar-plus-ebook-darmrohr\\\/\",\"url\":\"https:\\\/\\\/marktxxl.de\\\/markt\\\/produkt\\\/irrigator-set-zur-darmreinigung-und-darmeinlauf-2-liter-fassungsvolumen-2-m-schlauch-diskret-verstaubar-plus-ebook-darmrohr\\\/\",\"name\":\"Irrigator Set Zur Darmreinigung Und Darmeinlauf \u2013 2 Liter Fassungsvolumen, 2 M Schlauch, Diskret Verstaubar -Plus: Ebook\u2026 - Markt-XXL\",\"isPartOf\":{\"@id\":\"https:\\\/\\\/marktxxl.de\\\/markt\\\/#website\"},\"primaryImageOfPage\":{\"@id\":\"https:\\\/\\\/marktxxl.de\\\/markt\\\/produkt\\\/irrigator-set-zur-darmreinigung-und-darmeinlauf-2-liter-fassungsvolumen-2-m-schlauch-diskret-verstaubar-plus-ebook-darmrohr\\\/#primaryimage\"},\"image\":{\"@id\":\"https:\\\/\\\/marktxxl.de\\\/markt\\\/produkt\\\/irrigator-set-zur-darmreinigung-und-darmeinlauf-2-liter-fassungsvolumen-2-m-schlauch-diskret-verstaubar-plus-ebook-darmrohr\\\/#primaryimage\"},\"thumbnailUrl\":\"https:\\\/\\\/m.media-amazon.com\\\/images\\\/I\\\/313TvEwUglL._SL500_.jpg\",\"datePublished\":\"2023-03-10T20:04:19+00:00\",\"dateModified\":\"2023-04-10T03:38:27+00:00\",\"description\":\"Markt-XXL Irrigator Set Zur Darmreinigung Und Darmeinlauf \u2013 2 Liter Fassungsvolumen, 2 M Schlauch, Diskret Verstaubar -Plus: Ebook\u2026\",\"breadcrumb\":{\"@id\":\"https:\\\/\\\/marktxxl.de\\\/markt\\\/produkt\\\/irrigator-set-zur-darmreinigung-und-darmeinlauf-2-liter-fassungsvolumen-2-m-schlauch-diskret-verstaubar-plus-ebook-darmrohr\\\/#breadcrumb\"},\"inLanguage\":\"de\",\"potentialAction\":[{\"@type\":\"ReadAction\",\"target\":[\"https:\\\/\\\/marktxxl.de\\\/markt\\\/produkt\\\/irrigator-set-zur-darmreinigung-und-darmeinlauf-2-liter-fassungsvolumen-2-m-schlauch-diskret-verstaubar-plus-ebook-darmrohr\\\/\"]}]},{\"@type\":\"ImageObject\",\"inLanguage\":\"de\",\"@id\":\"https:\\\/\\\/marktxxl.de\\\/markt\\\/produkt\\\/irrigator-set-zur-darmreinigung-und-darmeinlauf-2-liter-fassungsvolumen-2-m-schlauch-diskret-verstaubar-plus-ebook-darmrohr\\\/#primaryimage\",\"url\":\"https:\\\/\\\/m.media-amazon.com\\\/images\\\/I\\\/313TvEwUglL._SL500_.jpg\",\"contentUrl\":\"https:\\\/\\\/m.media-amazon.com\\\/images\\\/I\\\/313TvEwUglL._SL500_.jpg\",\"width\":500,\"height\":500},{\"@type\":\"BreadcrumbList\",\"@id\":\"https:\\\/\\\/marktxxl.de\\\/markt\\\/produkt\\\/irrigator-set-zur-darmreinigung-und-darmeinlauf-2-liter-fassungsvolumen-2-m-schlauch-diskret-verstaubar-plus-ebook-darmrohr\\\/#breadcrumb\",\"itemListElement\":[{\"@type\":\"ListItem\",\"position\":1,\"name\":\"Startseite\",\"item\":\"https:\\\/\\\/marktxxl.de\\\/markt\\\/\"},{\"@type\":\"ListItem\",\"position\":2,\"name\":\"Markt\",\"item\":\"https:\\\/\\\/marktxxl.de\\\/markt\\\/\"},{\"@type\":\"ListItem\",\"position\":3,\"name\":\"Irrigator Set Zur Darmreinigung Und Darmeinlauf \u2013 2 Liter Fassungsvolumen, 2 M Schlauch, Diskret Verstaubar -Plus: Ebook\u2026\"}]},{\"@type\":\"WebSite\",\"@id\":\"https:\\\/\\\/marktxxl.de\\\/markt\\\/#website\",\"url\":\"https:\\\/\\\/marktxxl.de\\\/markt\\\/\",\"name\":\"Markt-XXL\",\"description\":\"Ihr Markt Online\",\"publisher\":{\"@id\":\"https:\\\/\\\/marktxxl.de\\\/markt\\\/#organization\"},\"potentialAction\":[{\"@type\":\"SearchAction\",\"target\":{\"@type\":\"EntryPoint\",\"urlTemplate\":\"https:\\\/\\\/marktxxl.de\\\/markt\\\/?s={search_term_string}\"},\"query-input\":{\"@type\":\"PropertyValueSpecification\",\"valueRequired\":true,\"valueName\":\"search_term_string\"}}],\"inLanguage\":\"de\"},{\"@type\":\"Organization\",\"@id\":\"https:\\\/\\\/marktxxl.de\\\/markt\\\/#organization\",\"name\":\"Markt-XXL\",\"url\":\"https:\\\/\\\/marktxxl.de\\\/markt\\\/\",\"logo\":{\"@type\":\"ImageObject\",\"inLanguage\":\"de\",\"@id\":\"https:\\\/\\\/marktxxl.de\\\/markt\\\/#\\\/schema\\\/logo\\\/image\\\/\",\"url\":\"https:\\\/\\\/marktxxl.de\\\/markt\\\/wp-content\\\/uploads\\\/sites\\\/3\\\/2020\\\/12\\\/logo.png\",\"contentUrl\":\"https:\\\/\\\/marktxxl.de\\\/markt\\\/wp-content\\\/uploads\\\/sites\\\/3\\\/2020\\\/12\\\/logo.png\",\"width\":200,\"height\":70,\"caption\":\"Markt-XXL\"},\"image\":{\"@id\":\"https:\\\/\\\/marktxxl.de\\\/markt\\\/#\\\/schema\\\/logo\\\/image\\\/\"}}]}<\/script>\n<!-- \/ Yoast SEO plugin. -->","yoast_head_json":{"title":"Irrigator Set Zur Darmreinigung Und Darmeinlauf \u2013 2 Liter Fassungsvolumen, 2 M Schlauch, Diskret Verstaubar -Plus: Ebook\u2026 - Markt-XXL","description":"Markt-XXL Irrigator Set Zur Darmreinigung Und Darmeinlauf \u2013 2 Liter Fassungsvolumen, 2 M Schlauch, Diskret Verstaubar -Plus: Ebook\u2026","robots":{"index":"index","follow":"follow","max-snippet":"max-snippet:-1","max-image-preview":"max-image-preview:large","max-video-preview":"max-video-preview:-1"},"canonical":"https:\/\/marktxxl.de\/markt\/produkt\/irrigator-set-zur-darmreinigung-und-darmeinlauf-2-liter-fassungsvolumen-2-m-schlauch-diskret-verstaubar-plus-ebook-darmrohr\/","og_locale":"de_DE","og_type":"article","og_title":"Irrigator Set Zur Darmreinigung Und Darmeinlauf \u2013 2 Liter Fassungsvolumen, 2 M Schlauch, Diskret Verstaubar -Plus: Ebook\u2026 - Markt-XXL","og_description":"Markt-XXL Irrigator Set Zur Darmreinigung Und Darmeinlauf \u2013 2 Liter Fassungsvolumen, 2 M Schlauch, Diskret Verstaubar -Plus: Ebook\u2026","og_url":"https:\/\/marktxxl.de\/markt\/produkt\/irrigator-set-zur-darmreinigung-und-darmeinlauf-2-liter-fassungsvolumen-2-m-schlauch-diskret-verstaubar-plus-ebook-darmrohr\/","og_site_name":"Markt-XXL","article_modified_time":"2023-04-10T03:38:27+00:00","og_image":[{"width":500,"height":500,"url":"https:\/\/m.media-amazon.com\/images\/I\/313TvEwUglL._SL500_.jpg","type":"image\/jpeg"}],"twitter_card":"summary_large_image","twitter_misc":{"Gesch\u00e4tzte Lesezeit":"1\u00a0Minute"},"schema":{"@context":"https:\/\/schema.org","@graph":[{"@type":"WebPage","@id":"https:\/\/marktxxl.de\/markt\/produkt\/irrigator-set-zur-darmreinigung-und-darmeinlauf-2-liter-fassungsvolumen-2-m-schlauch-diskret-verstaubar-plus-ebook-darmrohr\/","url":"https:\/\/marktxxl.de\/markt\/produkt\/irrigator-set-zur-darmreinigung-und-darmeinlauf-2-liter-fassungsvolumen-2-m-schlauch-diskret-verstaubar-plus-ebook-darmrohr\/","name":"Irrigator Set Zur Darmreinigung Und Darmeinlauf \u2013 2 Liter Fassungsvolumen, 2 M Schlauch, Diskret Verstaubar -Plus: Ebook\u2026 - Markt-XXL","isPartOf":{"@id":"https:\/\/marktxxl.de\/markt\/#website"},"primaryImageOfPage":{"@id":"https:\/\/marktxxl.de\/markt\/produkt\/irrigator-set-zur-darmreinigung-und-darmeinlauf-2-liter-fassungsvolumen-2-m-schlauch-diskret-verstaubar-plus-ebook-darmrohr\/#primaryimage"},"image":{"@id":"https:\/\/marktxxl.de\/markt\/produkt\/irrigator-set-zur-darmreinigung-und-darmeinlauf-2-liter-fassungsvolumen-2-m-schlauch-diskret-verstaubar-plus-ebook-darmrohr\/#primaryimage"},"thumbnailUrl":"https:\/\/m.media-amazon.com\/images\/I\/313TvEwUglL._SL500_.jpg","datePublished":"2023-03-10T20:04:19+00:00","dateModified":"2023-04-10T03:38:27+00:00","description":"Markt-XXL Irrigator Set Zur Darmreinigung Und Darmeinlauf \u2013 2 Liter Fassungsvolumen, 2 M Schlauch, Diskret Verstaubar -Plus: Ebook\u2026","breadcrumb":{"@id":"https:\/\/marktxxl.de\/markt\/produkt\/irrigator-set-zur-darmreinigung-und-darmeinlauf-2-liter-fassungsvolumen-2-m-schlauch-diskret-verstaubar-plus-ebook-darmrohr\/#breadcrumb"},"inLanguage":"de","potentialAction":[{"@type":"ReadAction","target":["https:\/\/marktxxl.de\/markt\/produkt\/irrigator-set-zur-darmreinigung-und-darmeinlauf-2-liter-fassungsvolumen-2-m-schlauch-diskret-verstaubar-plus-ebook-darmrohr\/"]}]},{"@type":"ImageObject","inLanguage":"de","@id":"https:\/\/marktxxl.de\/markt\/produkt\/irrigator-set-zur-darmreinigung-und-darmeinlauf-2-liter-fassungsvolumen-2-m-schlauch-diskret-verstaubar-plus-ebook-darmrohr\/#primaryimage","url":"https:\/\/m.media-amazon.com\/images\/I\/313TvEwUglL._SL500_.jpg","contentUrl":"https:\/\/m.media-amazon.com\/images\/I\/313TvEwUglL._SL500_.jpg","width":500,"height":500},{"@type":"BreadcrumbList","@id":"https:\/\/marktxxl.de\/markt\/produkt\/irrigator-set-zur-darmreinigung-und-darmeinlauf-2-liter-fassungsvolumen-2-m-schlauch-diskret-verstaubar-plus-ebook-darmrohr\/#breadcrumb","itemListElement":[{"@type":"ListItem","position":1,"name":"Startseite","item":"https:\/\/marktxxl.de\/markt\/"},{"@type":"ListItem","position":2,"name":"Markt","item":"https:\/\/marktxxl.de\/markt\/"},{"@type":"ListItem","position":3,"name":"Irrigator Set Zur Darmreinigung Und Darmeinlauf \u2013 2 Liter Fassungsvolumen, 2 M Schlauch, Diskret Verstaubar -Plus: Ebook\u2026"}]},{"@type":"WebSite","@id":"https:\/\/marktxxl.de\/markt\/#website","url":"https:\/\/marktxxl.de\/markt\/","name":"Markt-XXL","description":"Ihr Markt Online","publisher":{"@id":"https:\/\/marktxxl.de\/markt\/#organization"},"potentialAction":[{"@type":"SearchAction","target":{"@type":"EntryPoint","urlTemplate":"https:\/\/marktxxl.de\/markt\/?s={search_term_string}"},"query-input":{"@type":"PropertyValueSpecification","valueRequired":true,"valueName":"search_term_string"}}],"inLanguage":"de"},{"@type":"Organization","@id":"https:\/\/marktxxl.de\/markt\/#organization","name":"Markt-XXL","url":"https:\/\/marktxxl.de\/markt\/","logo":{"@type":"ImageObject","inLanguage":"de","@id":"https:\/\/marktxxl.de\/markt\/#\/schema\/logo\/image\/","url":"https:\/\/marktxxl.de\/markt\/wp-content\/uploads\/sites\/3\/2020\/12\/logo.png","contentUrl":"https:\/\/marktxxl.de\/markt\/wp-content\/uploads\/sites\/3\/2020\/12\/logo.png","width":200,"height":70,"caption":"Markt-XXL"},"image":{"@id":"https:\/\/marktxxl.de\/markt\/#\/schema\/logo\/image\/"}}]}},"_links":{"self":[{"href":"https:\/\/marktxxl.de\/markt\/wp-json\/wp\/v2\/product\/191032","targetHints":{"allow":["GET"]}}],"collection":[{"href":"https:\/\/marktxxl.de\/markt\/wp-json\/wp\/v2\/product"}],"about":[{"href":"https:\/\/marktxxl.de\/markt\/wp-json\/wp\/v2\/types\/product"}],"replies":[{"embeddable":true,"href":"https:\/\/marktxxl.de\/markt\/wp-json\/wp\/v2\/comments?post=191032"}],"wp:featuredmedia":[{"embeddable":true,"href":"https:\/\/marktxxl.de\/markt\/wp-json\/wp\/v2\/media\/191033"}],"wp:attachment":[{"href":"https:\/\/marktxxl.de\/markt\/wp-json\/wp\/v2\/media?parent=191032"}],"wp:term":[{"taxonomy":"product_brand","embeddable":true,"href":"https:\/\/marktxxl.de\/markt\/wp-json\/wp\/v2\/product_brand?post=191032"},{"taxonomy":"product_cat","embeddable":true,"href":"https:\/\/marktxxl.de\/markt\/wp-json\/wp\/v2\/product_cat?post=191032"},{"taxonomy":"product_tag","embeddable":true,"href":"https:\/\/marktxxl.de\/markt\/wp-json\/wp\/v2\/product_tag?post=191032"}],"curies":[{"name":"wp","href":"https:\/\/api.w.org\/{rel}","templated":true}]}}