{"id":191024,"date":"2023-03-10T21:04:06","date_gmt":"2023-03-10T20:04:06","guid":{"rendered":"https:\/\/marktxxl.de\/markt\/produkt\/dr-wunder-premium-einlaufset-1-liter-inkl-3x-darmrohr-40cm-made-in-germany-hochwertiges-irrigator-komplett-set-zur-hygienischen-darmreinigung-bpa-frei-mit-detaillie\/"},"modified":"2023-04-10T05:38:27","modified_gmt":"2023-04-10T03:38:27","slug":"dr-wunder-premium-einlaufset-1-liter-inkl-3x-darmrohr-40cm-made-in-germany-hochwertiges-irrigator-komplett-set-zur-hygienischen-darmreinigung-bpa-frei-mit-detaillie","status":"publish","type":"product","link":"https:\/\/marktxxl.de\/markt\/produkt\/dr-wunder-premium-einlaufset-1-liter-inkl-3x-darmrohr-40cm-made-in-germany-hochwertiges-irrigator-komplett-set-zur-hygienischen-darmreinigung-bpa-frei-mit-detaillie\/","title":{"rendered":"Dr. Wunder\u00ae Premium Einlaufset 1-Liter inkl. 3x Darmrohr (40cm) \u2013\u00a0Made in Germany | hochwertiges Irrigator Komplett-Set zur hygienischen Darmreinigung | BPA-frei |\u00a0mit detaillierter Anleitung"},"content":{"rendered":"<p>\u2705 \u2b50\u2b50\u2b50 PREMIUM QUALIT\u00c4T: F\u00fcr maximale Qualit\u00e4tsanspr\u00fcche &#8211; das Einlauf-Set von Dr. Wunder besteht aus einem hochwertigen BPA-freien Kunststoff-Beh\u00e4lter, einem 1,25 Meter langen Schlauch und 2 flexiblen Einlaufhilfen aus transparentem Kunststoff (BPA-frei). Die Qualit\u00e4t der Materialien garantiert eine hygienische und einfache Anwendung. Durch die sehr einfache Handhabung k\u00f6nnen Sie damit ab sofort Einl\u00e4ufe zu Hause selber durchf\u00fchren.<br \/>\n\u2705 \u2b50\u2b50\u2b50 KOMPLETT-SET: Das Einlauf-System enth\u00e4lt alles, was man f\u00fcr die Darmreinigung zuhause ben\u00f6tigt: Beh\u00e4lter (1 Liter Fassungsverm\u00f6gen) , Schlauch, Anschlussst\u00fccke, Ventil, 2 Darmrohre bzw. flexible Einlaufhilfen plus eine detaillierte Anleitung. Der stabile Kunststoffbeh\u00e4lter kann auf einer ebenen Fl\u00e4che abgestellt bzw. mit einem Hacken oder einem St\u00fcck Schur aufgeh\u00e4ngt werden. Durch die Ausnutzung der Schwerkraft flie\u00dft die Einlauffl\u00fcssigkeit mit einem kontrollierten Druck und regelbarem Tem<br \/>\n\u2705 \u2b50\u2b50\u2b50 VIELSEITIGE ANWENDUNG: Dieses Set ist optimal geeignet bei Verstopfung und Darmtr\u00e4gheit, zur Darmreinigung bei Entgiftungs-\/Detoxkuren und beim Heilfasten, zur Mobilisierung des Immunsystems, zur Vorbereitung einer Darmspiegelung, zur Geburtsvorbereitung oder zur Verabreichung von Medikamenten.<br \/>\n\u2705 \u2b50\u2b50\u2b50 ANLEITUNG ZUR DARMREINIGUNG: Mit ausf\u00fchrlicher Anleitung und daher auch f\u00fcr unerfahrene und erstmalige Benutzer geeignet. Der Einlauf kann ganz einfach mit warmem Wasser durchgef\u00fchrt werden, eine Anwendung mit Kr\u00e4utertee oder Kaffee ist ebenso m\u00f6glich. Nach Gebrauch sollte das Set mit klarem Wasser gr\u00fcndlich gereinigt werden.<br \/>\n\u2705 \u2b50\u2b50\u2b50 WEITERE PRODUKTE F\u00dcR IHRE DARMGESUNDHEIT: Die Praxis Wunder ist ein medizinisches Zentrum in \u00d6sterreich spezialisiert auf Darmgesundheit und Stoffwechseltherapie. Ersatz-Darmrohre sind im 10er-Set in den L\u00e4ngen 30 und 40 cm erh\u00e4ltlich. Probieren Sie auch unseren &#8211; speziell f\u00fcr den Kaffee-Einlauf konzipierten &#8211; Hepy-Kaffee mit extra hohem Gehalt an Koffein und Palmitins\u00e4ure!<br \/>\n<div class=\"main-cross-sell\" data-asin=\"B07JFN9MDN\">\n\n\t<div class=\"WooZone-cross-sell-loader\">\n\t\t<div>\n\t\t\t<div id=\"floatingBarsG\">\n\t\t\t\t<div class=\"blockG\" id=\"rotateG_01\"><\/div>\n\t\t\t\t<div class=\"blockG\" id=\"rotateG_02\"><\/div>\n\t\t\t\t<div class=\"blockG\" id=\"rotateG_03\"><\/div>\n\t\t\t\t<div class=\"blockG\" id=\"rotateG_04\"><\/div>\n\t\t\t\t<div class=\"blockG\" id=\"rotateG_05\"><\/div>\n\t\t\t\t<div class=\"blockG\" id=\"rotateG_06\"><\/div>\n\t\t\t\t<div class=\"blockG\" id=\"rotateG_07\"><\/div>\n\t\t\t\t<div class=\"blockG\" id=\"rotateG_08\"><\/div>\n\t\t\t<\/div>\n\t\t\t<div class=\"WooZone-cross-sell-loader-text\"><\/div>\n\t\t<\/div>\n\t<\/div>\n\n\t\t\n<\/div>\n<div style=\"clear:both;\"><\/div><\/p>\n","protected":false},"excerpt":{"rendered":"<p>\u2705 \u2b50\u2b50\u2b50 PREMIUM QUALIT\u00c4T: F\u00fcr maximale Qualit\u00e4tsanspr\u00fcche &#8211; das Einlauf-Set von Dr. Wunder besteht aus einem hochwertigen BPA-freien Kunststoff-Beh\u00e4lter, einem 1,25 Meter langen Schlauch und 2 flexiblen Einlaufhilfen aus transparentem Kunststoff (BPA-frei). Die Qualit\u00e4t der Materialien garantiert eine hygienische und einfache Anwendung. Durch die sehr einfache Handhabung k\u00f6nnen Sie damit ab sofort Einl\u00e4ufe zu Hause selber durchf\u00fchren.<br \/>\n\u2705 \u2b50\u2b50\u2b50 KOMPLETT-SET: Das Einlauf-System enth\u00e4lt alles, was man f\u00fcr die Darmreinigung zuhause ben\u00f6tigt: Beh\u00e4lter (1 Liter Fassungsverm\u00f6gen) , Schlauch, Anschlussst\u00fccke, Ventil, 2 Darmrohre bzw. flexible Einlaufhilfen plus eine detaillierte Anleitung. Der stabile Kunststoffbeh\u00e4lter kann auf einer ebenen Fl\u00e4che abgestellt bzw. mit einem Hacken oder einem St\u00fcck Schur aufgeh\u00e4ngt werden. Durch die Ausnutzung der Schwerkraft flie\u00dft die Einlauffl\u00fcssigkeit mit einem kontrollierten Druck und regelbarem Tem<br \/>\n\u2705 \u2b50\u2b50\u2b50 VIELSEITIGE ANWENDUNG: Dieses Set ist optimal geeignet bei Verstopfung und Darmtr\u00e4gheit, zur Darmreinigung bei Entgiftungs-\/Detoxkuren und beim Heilfasten, zur Mobilisierung des Immunsystems, zur Vorbereitung einer Darmspiegelung, zur Geburtsvorbereitung oder zur Verabreichung von Medikamenten.<\/p>\n","protected":false},"featured_media":191025,"comment_status":"open","ping_status":"closed","template":"","meta":[],"product_brand":[],"product_cat":[652,2977],"product_tag":[],"class_list":{"0":"post-191024","1":"product","2":"type-product","3":"status-publish","4":"has-post-thumbnail","6":"product_cat-erotik-markt-xxl","7":"product_cat-sexspielzeug","8":"pa_binding-badartikel","9":"pa_brand-dr-wunder","10":"pa_languages-unbekannt-deutsch-unbekannt-englisch","11":"pa_manufacturer-nutriteam","12":"pa_size-1-stueck-1er-pack","14":"first","15":"instock","16":"shipping-taxable","17":"purchasable","18":"product-type-simple","19":"customify-col","20":"product-has-gallery"},"yoast_head":"<!-- This site is optimized with the Yoast SEO plugin v27.3 - https:\/\/yoast.com\/product\/yoast-seo-wordpress\/ -->\n<title>Dr. Wunder\u00ae Premium Einlaufset 1-Liter inkl. 3x Darmrohr (40cm) \u2013\u00a0Made in Germany | hochwertiges Irrigator Komplett-Set zur hygienischen Darmreinigung | BPA-frei |\u00a0mit detaillierter Anleitung - Markt-XXL<\/title>\n<meta name=\"description\" content=\"Markt-XXL Dr. Wunder\u00ae Premium Einlaufset 1-Liter inkl. 3x Darmrohr (40cm) \u2013\u00a0Made in Germany | hochwertiges Irrigator Komplett-Set zur hygienischen Darmreinigung | BPA-frei |\u00a0mit detaillierter Anleitung\" \/>\n<meta name=\"robots\" content=\"index, follow, max-snippet:-1, max-image-preview:large, max-video-preview:-1\" \/>\n<link rel=\"canonical\" href=\"https:\/\/marktxxl.de\/markt\/produkt\/dr-wunder-premium-einlaufset-1-liter-inkl-3x-darmrohr-40cm-made-in-germany-hochwertiges-irrigator-komplett-set-zur-hygienischen-darmreinigung-bpa-frei-mit-detaillie\/\" \/>\n<meta property=\"og:locale\" content=\"de_DE\" \/>\n<meta property=\"og:type\" content=\"article\" \/>\n<meta property=\"og:title\" content=\"Dr. Wunder\u00ae Premium Einlaufset 1-Liter inkl. 3x Darmrohr (40cm) \u2013\u00a0Made in Germany | hochwertiges Irrigator Komplett-Set zur hygienischen Darmreinigung | BPA-frei |\u00a0mit detaillierter Anleitung - Markt-XXL\" \/>\n<meta property=\"og:description\" content=\"Markt-XXL Dr. Wunder\u00ae Premium Einlaufset 1-Liter inkl. 3x Darmrohr (40cm) \u2013\u00a0Made in Germany | hochwertiges Irrigator Komplett-Set zur hygienischen Darmreinigung | BPA-frei |\u00a0mit detaillierter Anleitung\" \/>\n<meta property=\"og:url\" content=\"https:\/\/marktxxl.de\/markt\/produkt\/dr-wunder-premium-einlaufset-1-liter-inkl-3x-darmrohr-40cm-made-in-germany-hochwertiges-irrigator-komplett-set-zur-hygienischen-darmreinigung-bpa-frei-mit-detaillie\/\" \/>\n<meta property=\"og:site_name\" content=\"Markt-XXL\" \/>\n<meta property=\"article:modified_time\" content=\"2023-04-10T03:38:27+00:00\" \/>\n<meta property=\"og:image\" content=\"https:\/\/m.media-amazon.com\/images\/I\/31086HoP0hL._SL500_.jpg\" \/>\n\t<meta property=\"og:image:width\" content=\"500\" \/>\n\t<meta property=\"og:image:height\" content=\"500\" \/>\n\t<meta property=\"og:image:type\" content=\"image\/jpeg\" \/>\n<meta name=\"twitter:card\" content=\"summary_large_image\" \/>\n<meta name=\"twitter:label1\" content=\"Gesch\u00e4tzte Lesezeit\" \/>\n\t<meta name=\"twitter:data1\" content=\"1\u00a0Minute\" \/>\n<script type=\"application\/ld+json\" class=\"yoast-schema-graph\">{\"@context\":\"https:\\\/\\\/schema.org\",\"@graph\":[{\"@type\":\"WebPage\",\"@id\":\"https:\\\/\\\/marktxxl.de\\\/markt\\\/produkt\\\/dr-wunder-premium-einlaufset-1-liter-inkl-3x-darmrohr-40cm-made-in-germany-hochwertiges-irrigator-komplett-set-zur-hygienischen-darmreinigung-bpa-frei-mit-detaillie\\\/\",\"url\":\"https:\\\/\\\/marktxxl.de\\\/markt\\\/produkt\\\/dr-wunder-premium-einlaufset-1-liter-inkl-3x-darmrohr-40cm-made-in-germany-hochwertiges-irrigator-komplett-set-zur-hygienischen-darmreinigung-bpa-frei-mit-detaillie\\\/\",\"name\":\"Dr. Wunder\u00ae Premium Einlaufset 1-Liter inkl. 3x Darmrohr (40cm) \u2013\u00a0Made in Germany | hochwertiges Irrigator Komplett-Set zur hygienischen Darmreinigung | BPA-frei |\u00a0mit detaillierter Anleitung - Markt-XXL\",\"isPartOf\":{\"@id\":\"https:\\\/\\\/marktxxl.de\\\/markt\\\/#website\"},\"primaryImageOfPage\":{\"@id\":\"https:\\\/\\\/marktxxl.de\\\/markt\\\/produkt\\\/dr-wunder-premium-einlaufset-1-liter-inkl-3x-darmrohr-40cm-made-in-germany-hochwertiges-irrigator-komplett-set-zur-hygienischen-darmreinigung-bpa-frei-mit-detaillie\\\/#primaryimage\"},\"image\":{\"@id\":\"https:\\\/\\\/marktxxl.de\\\/markt\\\/produkt\\\/dr-wunder-premium-einlaufset-1-liter-inkl-3x-darmrohr-40cm-made-in-germany-hochwertiges-irrigator-komplett-set-zur-hygienischen-darmreinigung-bpa-frei-mit-detaillie\\\/#primaryimage\"},\"thumbnailUrl\":\"https:\\\/\\\/m.media-amazon.com\\\/images\\\/I\\\/31086HoP0hL._SL500_.jpg\",\"datePublished\":\"2023-03-10T20:04:06+00:00\",\"dateModified\":\"2023-04-10T03:38:27+00:00\",\"description\":\"Markt-XXL Dr. Wunder\u00ae Premium Einlaufset 1-Liter inkl. 3x Darmrohr (40cm) \u2013\u00a0Made in Germany | hochwertiges Irrigator Komplett-Set zur hygienischen Darmreinigung | BPA-frei |\u00a0mit detaillierter Anleitung\",\"breadcrumb\":{\"@id\":\"https:\\\/\\\/marktxxl.de\\\/markt\\\/produkt\\\/dr-wunder-premium-einlaufset-1-liter-inkl-3x-darmrohr-40cm-made-in-germany-hochwertiges-irrigator-komplett-set-zur-hygienischen-darmreinigung-bpa-frei-mit-detaillie\\\/#breadcrumb\"},\"inLanguage\":\"de\",\"potentialAction\":[{\"@type\":\"ReadAction\",\"target\":[\"https:\\\/\\\/marktxxl.de\\\/markt\\\/produkt\\\/dr-wunder-premium-einlaufset-1-liter-inkl-3x-darmrohr-40cm-made-in-germany-hochwertiges-irrigator-komplett-set-zur-hygienischen-darmreinigung-bpa-frei-mit-detaillie\\\/\"]}]},{\"@type\":\"ImageObject\",\"inLanguage\":\"de\",\"@id\":\"https:\\\/\\\/marktxxl.de\\\/markt\\\/produkt\\\/dr-wunder-premium-einlaufset-1-liter-inkl-3x-darmrohr-40cm-made-in-germany-hochwertiges-irrigator-komplett-set-zur-hygienischen-darmreinigung-bpa-frei-mit-detaillie\\\/#primaryimage\",\"url\":\"https:\\\/\\\/m.media-amazon.com\\\/images\\\/I\\\/31086HoP0hL._SL500_.jpg\",\"contentUrl\":\"https:\\\/\\\/m.media-amazon.com\\\/images\\\/I\\\/31086HoP0hL._SL500_.jpg\",\"width\":500,\"height\":500},{\"@type\":\"BreadcrumbList\",\"@id\":\"https:\\\/\\\/marktxxl.de\\\/markt\\\/produkt\\\/dr-wunder-premium-einlaufset-1-liter-inkl-3x-darmrohr-40cm-made-in-germany-hochwertiges-irrigator-komplett-set-zur-hygienischen-darmreinigung-bpa-frei-mit-detaillie\\\/#breadcrumb\",\"itemListElement\":[{\"@type\":\"ListItem\",\"position\":1,\"name\":\"Startseite\",\"item\":\"https:\\\/\\\/marktxxl.de\\\/markt\\\/\"},{\"@type\":\"ListItem\",\"position\":2,\"name\":\"Markt\",\"item\":\"https:\\\/\\\/marktxxl.de\\\/markt\\\/\"},{\"@type\":\"ListItem\",\"position\":3,\"name\":\"Dr. Wunder\u00ae Premium Einlaufset 1-Liter inkl. 3x Darmrohr (40cm) \u2013\u00a0Made in Germany | hochwertiges Irrigator Komplett-Set zur hygienischen Darmreinigung | BPA-frei |\u00a0mit detaillierter Anleitung\"}]},{\"@type\":\"WebSite\",\"@id\":\"https:\\\/\\\/marktxxl.de\\\/markt\\\/#website\",\"url\":\"https:\\\/\\\/marktxxl.de\\\/markt\\\/\",\"name\":\"Markt-XXL\",\"description\":\"Ihr Markt Online\",\"publisher\":{\"@id\":\"https:\\\/\\\/marktxxl.de\\\/markt\\\/#organization\"},\"potentialAction\":[{\"@type\":\"SearchAction\",\"target\":{\"@type\":\"EntryPoint\",\"urlTemplate\":\"https:\\\/\\\/marktxxl.de\\\/markt\\\/?s={search_term_string}\"},\"query-input\":{\"@type\":\"PropertyValueSpecification\",\"valueRequired\":true,\"valueName\":\"search_term_string\"}}],\"inLanguage\":\"de\"},{\"@type\":\"Organization\",\"@id\":\"https:\\\/\\\/marktxxl.de\\\/markt\\\/#organization\",\"name\":\"Markt-XXL\",\"url\":\"https:\\\/\\\/marktxxl.de\\\/markt\\\/\",\"logo\":{\"@type\":\"ImageObject\",\"inLanguage\":\"de\",\"@id\":\"https:\\\/\\\/marktxxl.de\\\/markt\\\/#\\\/schema\\\/logo\\\/image\\\/\",\"url\":\"https:\\\/\\\/marktxxl.de\\\/markt\\\/wp-content\\\/uploads\\\/sites\\\/3\\\/2020\\\/12\\\/logo.png\",\"contentUrl\":\"https:\\\/\\\/marktxxl.de\\\/markt\\\/wp-content\\\/uploads\\\/sites\\\/3\\\/2020\\\/12\\\/logo.png\",\"width\":200,\"height\":70,\"caption\":\"Markt-XXL\"},\"image\":{\"@id\":\"https:\\\/\\\/marktxxl.de\\\/markt\\\/#\\\/schema\\\/logo\\\/image\\\/\"}}]}<\/script>\n<!-- \/ Yoast SEO plugin. -->","yoast_head_json":{"title":"Dr. Wunder\u00ae Premium Einlaufset 1-Liter inkl. 3x Darmrohr (40cm) \u2013\u00a0Made in Germany | hochwertiges Irrigator Komplett-Set zur hygienischen Darmreinigung | BPA-frei |\u00a0mit detaillierter Anleitung - Markt-XXL","description":"Markt-XXL Dr. Wunder\u00ae Premium Einlaufset 1-Liter inkl. 3x Darmrohr (40cm) \u2013\u00a0Made in Germany | hochwertiges Irrigator Komplett-Set zur hygienischen Darmreinigung | BPA-frei |\u00a0mit detaillierter Anleitung","robots":{"index":"index","follow":"follow","max-snippet":"max-snippet:-1","max-image-preview":"max-image-preview:large","max-video-preview":"max-video-preview:-1"},"canonical":"https:\/\/marktxxl.de\/markt\/produkt\/dr-wunder-premium-einlaufset-1-liter-inkl-3x-darmrohr-40cm-made-in-germany-hochwertiges-irrigator-komplett-set-zur-hygienischen-darmreinigung-bpa-frei-mit-detaillie\/","og_locale":"de_DE","og_type":"article","og_title":"Dr. Wunder\u00ae Premium Einlaufset 1-Liter inkl. 3x Darmrohr (40cm) \u2013\u00a0Made in Germany | hochwertiges Irrigator Komplett-Set zur hygienischen Darmreinigung | BPA-frei |\u00a0mit detaillierter Anleitung - Markt-XXL","og_description":"Markt-XXL Dr. Wunder\u00ae Premium Einlaufset 1-Liter inkl. 3x Darmrohr (40cm) \u2013\u00a0Made in Germany | hochwertiges Irrigator Komplett-Set zur hygienischen Darmreinigung | BPA-frei |\u00a0mit detaillierter Anleitung","og_url":"https:\/\/marktxxl.de\/markt\/produkt\/dr-wunder-premium-einlaufset-1-liter-inkl-3x-darmrohr-40cm-made-in-germany-hochwertiges-irrigator-komplett-set-zur-hygienischen-darmreinigung-bpa-frei-mit-detaillie\/","og_site_name":"Markt-XXL","article_modified_time":"2023-04-10T03:38:27+00:00","og_image":[{"width":500,"height":500,"url":"https:\/\/m.media-amazon.com\/images\/I\/31086HoP0hL._SL500_.jpg","type":"image\/jpeg"}],"twitter_card":"summary_large_image","twitter_misc":{"Gesch\u00e4tzte Lesezeit":"1\u00a0Minute"},"schema":{"@context":"https:\/\/schema.org","@graph":[{"@type":"WebPage","@id":"https:\/\/marktxxl.de\/markt\/produkt\/dr-wunder-premium-einlaufset-1-liter-inkl-3x-darmrohr-40cm-made-in-germany-hochwertiges-irrigator-komplett-set-zur-hygienischen-darmreinigung-bpa-frei-mit-detaillie\/","url":"https:\/\/marktxxl.de\/markt\/produkt\/dr-wunder-premium-einlaufset-1-liter-inkl-3x-darmrohr-40cm-made-in-germany-hochwertiges-irrigator-komplett-set-zur-hygienischen-darmreinigung-bpa-frei-mit-detaillie\/","name":"Dr. Wunder\u00ae Premium Einlaufset 1-Liter inkl. 3x Darmrohr (40cm) \u2013\u00a0Made in Germany | hochwertiges Irrigator Komplett-Set zur hygienischen Darmreinigung | BPA-frei |\u00a0mit detaillierter Anleitung - Markt-XXL","isPartOf":{"@id":"https:\/\/marktxxl.de\/markt\/#website"},"primaryImageOfPage":{"@id":"https:\/\/marktxxl.de\/markt\/produkt\/dr-wunder-premium-einlaufset-1-liter-inkl-3x-darmrohr-40cm-made-in-germany-hochwertiges-irrigator-komplett-set-zur-hygienischen-darmreinigung-bpa-frei-mit-detaillie\/#primaryimage"},"image":{"@id":"https:\/\/marktxxl.de\/markt\/produkt\/dr-wunder-premium-einlaufset-1-liter-inkl-3x-darmrohr-40cm-made-in-germany-hochwertiges-irrigator-komplett-set-zur-hygienischen-darmreinigung-bpa-frei-mit-detaillie\/#primaryimage"},"thumbnailUrl":"https:\/\/m.media-amazon.com\/images\/I\/31086HoP0hL._SL500_.jpg","datePublished":"2023-03-10T20:04:06+00:00","dateModified":"2023-04-10T03:38:27+00:00","description":"Markt-XXL Dr. Wunder\u00ae Premium Einlaufset 1-Liter inkl. 3x Darmrohr (40cm) \u2013\u00a0Made in Germany | hochwertiges Irrigator Komplett-Set zur hygienischen Darmreinigung | BPA-frei |\u00a0mit detaillierter Anleitung","breadcrumb":{"@id":"https:\/\/marktxxl.de\/markt\/produkt\/dr-wunder-premium-einlaufset-1-liter-inkl-3x-darmrohr-40cm-made-in-germany-hochwertiges-irrigator-komplett-set-zur-hygienischen-darmreinigung-bpa-frei-mit-detaillie\/#breadcrumb"},"inLanguage":"de","potentialAction":[{"@type":"ReadAction","target":["https:\/\/marktxxl.de\/markt\/produkt\/dr-wunder-premium-einlaufset-1-liter-inkl-3x-darmrohr-40cm-made-in-germany-hochwertiges-irrigator-komplett-set-zur-hygienischen-darmreinigung-bpa-frei-mit-detaillie\/"]}]},{"@type":"ImageObject","inLanguage":"de","@id":"https:\/\/marktxxl.de\/markt\/produkt\/dr-wunder-premium-einlaufset-1-liter-inkl-3x-darmrohr-40cm-made-in-germany-hochwertiges-irrigator-komplett-set-zur-hygienischen-darmreinigung-bpa-frei-mit-detaillie\/#primaryimage","url":"https:\/\/m.media-amazon.com\/images\/I\/31086HoP0hL._SL500_.jpg","contentUrl":"https:\/\/m.media-amazon.com\/images\/I\/31086HoP0hL._SL500_.jpg","width":500,"height":500},{"@type":"BreadcrumbList","@id":"https:\/\/marktxxl.de\/markt\/produkt\/dr-wunder-premium-einlaufset-1-liter-inkl-3x-darmrohr-40cm-made-in-germany-hochwertiges-irrigator-komplett-set-zur-hygienischen-darmreinigung-bpa-frei-mit-detaillie\/#breadcrumb","itemListElement":[{"@type":"ListItem","position":1,"name":"Startseite","item":"https:\/\/marktxxl.de\/markt\/"},{"@type":"ListItem","position":2,"name":"Markt","item":"https:\/\/marktxxl.de\/markt\/"},{"@type":"ListItem","position":3,"name":"Dr. Wunder\u00ae Premium Einlaufset 1-Liter inkl. 3x Darmrohr (40cm) \u2013\u00a0Made in Germany | hochwertiges Irrigator Komplett-Set zur hygienischen Darmreinigung | BPA-frei |\u00a0mit detaillierter Anleitung"}]},{"@type":"WebSite","@id":"https:\/\/marktxxl.de\/markt\/#website","url":"https:\/\/marktxxl.de\/markt\/","name":"Markt-XXL","description":"Ihr Markt Online","publisher":{"@id":"https:\/\/marktxxl.de\/markt\/#organization"},"potentialAction":[{"@type":"SearchAction","target":{"@type":"EntryPoint","urlTemplate":"https:\/\/marktxxl.de\/markt\/?s={search_term_string}"},"query-input":{"@type":"PropertyValueSpecification","valueRequired":true,"valueName":"search_term_string"}}],"inLanguage":"de"},{"@type":"Organization","@id":"https:\/\/marktxxl.de\/markt\/#organization","name":"Markt-XXL","url":"https:\/\/marktxxl.de\/markt\/","logo":{"@type":"ImageObject","inLanguage":"de","@id":"https:\/\/marktxxl.de\/markt\/#\/schema\/logo\/image\/","url":"https:\/\/marktxxl.de\/markt\/wp-content\/uploads\/sites\/3\/2020\/12\/logo.png","contentUrl":"https:\/\/marktxxl.de\/markt\/wp-content\/uploads\/sites\/3\/2020\/12\/logo.png","width":200,"height":70,"caption":"Markt-XXL"},"image":{"@id":"https:\/\/marktxxl.de\/markt\/#\/schema\/logo\/image\/"}}]}},"_links":{"self":[{"href":"https:\/\/marktxxl.de\/markt\/wp-json\/wp\/v2\/product\/191024","targetHints":{"allow":["GET"]}}],"collection":[{"href":"https:\/\/marktxxl.de\/markt\/wp-json\/wp\/v2\/product"}],"about":[{"href":"https:\/\/marktxxl.de\/markt\/wp-json\/wp\/v2\/types\/product"}],"replies":[{"embeddable":true,"href":"https:\/\/marktxxl.de\/markt\/wp-json\/wp\/v2\/comments?post=191024"}],"wp:featuredmedia":[{"embeddable":true,"href":"https:\/\/marktxxl.de\/markt\/wp-json\/wp\/v2\/media\/191025"}],"wp:attachment":[{"href":"https:\/\/marktxxl.de\/markt\/wp-json\/wp\/v2\/media?parent=191024"}],"wp:term":[{"taxonomy":"product_brand","embeddable":true,"href":"https:\/\/marktxxl.de\/markt\/wp-json\/wp\/v2\/product_brand?post=191024"},{"taxonomy":"product_cat","embeddable":true,"href":"https:\/\/marktxxl.de\/markt\/wp-json\/wp\/v2\/product_cat?post=191024"},{"taxonomy":"product_tag","embeddable":true,"href":"https:\/\/marktxxl.de\/markt\/wp-json\/wp\/v2\/product_tag?post=191024"}],"curies":[{"name":"wp","href":"https:\/\/api.w.org\/{rel}","templated":true}]}}