{"id":190819,"date":"2023-03-04T01:40:17","date_gmt":"2023-03-04T00:40:17","guid":{"rendered":"https:\/\/marktxxl.de\/markt\/produkt\/ricosta-unisex-kinder-cory-derby\/"},"modified":"2023-04-10T05:38:23","modified_gmt":"2023-04-10T03:38:23","slug":"ricosta-unisex-kinder-cory-derby","status":"publish","type":"product","link":"https:\/\/marktxxl.de\/markt\/produkt\/ricosta-unisex-kinder-cory-derby\/","title":{"rendered":"RICOSTA Unisex Kinder Cory Derby"},"content":{"rendered":"<p>Produkttyp: Lauflernschuhe,Boots,Stiefel,Schn\u00fcrstiefel,Stiefelchen<br \/>\nObermaterial: echt Leder (Leder 100%), Innenmaterial: Lederfutter, Laufsohle: Naturkautschuk, Decksohle: Leder<br \/>\nWeit &#8211; f\u00fcr breite F\u00fc\u00dfe geeignet (WMS)<br \/>\nDer trendige PEPINO Kinderschuh CORY aus dem Hause Ricosta \u00fcberzeugt bei jedem Schritt mit sicherem Halt. Der modische Schn\u00fcrstiefel ist mit einer extrem weichen und sehr flexiblen Sohle aus Naturkautschuk ausgestattet. Im Inneren sorgen eine herausnehmbare Einlegesohle aus echtem Leder und das Lederfutter f\u00fcr ein gesundes Fu\u00dfklima.<br \/>\nLauflernschuhe Erstlingsschuhe Babyschuhe Sch\u00fchchen Kinderschuhe Kindersch\u00fchchen Boots Booties Stiefel Stiefeletten Schn\u00fcrstiefel Schn\u00fcrstiefeletten Schn\u00fcrstiefelchen Sneaker High-Top Schn\u00fcrhalbschuhe Schn\u00fcrschuhe Schn\u00fcrer kn\u00f6chelhoch Wechselfu\u00dfbett Einlegesohle Leder Glattleder Nubukleder Echtleder<br \/>\n<div class=\"main-cross-sell\" data-asin=\"B09V8JDD21\">\n\n\t<div class=\"WooZone-cross-sell-loader\">\n\t\t<div>\n\t\t\t<div id=\"floatingBarsG\">\n\t\t\t\t<div class=\"blockG\" id=\"rotateG_01\"><\/div>\n\t\t\t\t<div class=\"blockG\" id=\"rotateG_02\"><\/div>\n\t\t\t\t<div class=\"blockG\" id=\"rotateG_03\"><\/div>\n\t\t\t\t<div class=\"blockG\" id=\"rotateG_04\"><\/div>\n\t\t\t\t<div class=\"blockG\" id=\"rotateG_05\"><\/div>\n\t\t\t\t<div class=\"blockG\" id=\"rotateG_06\"><\/div>\n\t\t\t\t<div class=\"blockG\" id=\"rotateG_07\"><\/div>\n\t\t\t\t<div class=\"blockG\" id=\"rotateG_08\"><\/div>\n\t\t\t<\/div>\n\t\t\t<div class=\"WooZone-cross-sell-loader-text\"><\/div>\n\t\t<\/div>\n\t<\/div>\n\n\t\t\n<\/div>\n<div style=\"clear:both;\"><\/div><\/p>\n","protected":false},"excerpt":{"rendered":"<p>Produkttyp: Lauflernschuhe,Boots,Stiefel,Schn\u00fcrstiefel,Stiefelchen<br \/>\nObermaterial: echt Leder (Leder 100%), Innenmaterial: Lederfutter, Laufsohle: Naturkautschuk, Decksohle: Leder<br \/>\nWeit &#8211; f\u00fcr breite F\u00fc\u00dfe geeignet (WMS)<\/p>\n","protected":false},"featured_media":190820,"comment_status":"open","ping_status":"closed","template":"","meta":[],"product_brand":[],"product_cat":[21,9036],"product_tag":[],"class_list":{"0":"post-190819","1":"product","2":"type-product","3":"status-publish","4":"has-post-thumbnail","6":"product_cat-baby","7":"product_cat-babyschuhe-baby","8":"pa_binding-schuhe","9":"pa_brand-ricosta","10":"pa_manufacturer-ricosta","11":"pa_model-cory","13":"first","14":"instock","15":"shipping-taxable","16":"purchasable","17":"product-type-simple","18":"customify-col","19":"product-has-gallery"},"yoast_head":"<!-- This site is optimized with the Yoast SEO plugin v27.3 - https:\/\/yoast.com\/product\/yoast-seo-wordpress\/ -->\n<title>RICOSTA Unisex Kinder Cory Derby - Markt-XXL<\/title>\n<meta name=\"description\" content=\"Markt-XXL RICOSTA Unisex Kinder Cory Derby\" \/>\n<meta name=\"robots\" content=\"index, follow, max-snippet:-1, max-image-preview:large, max-video-preview:-1\" \/>\n<link rel=\"canonical\" href=\"https:\/\/marktxxl.de\/markt\/produkt\/ricosta-unisex-kinder-cory-derby\/\" \/>\n<meta property=\"og:locale\" content=\"de_DE\" \/>\n<meta property=\"og:type\" content=\"article\" \/>\n<meta property=\"og:title\" content=\"RICOSTA Unisex Kinder Cory Derby - Markt-XXL\" \/>\n<meta property=\"og:description\" content=\"Markt-XXL RICOSTA Unisex Kinder Cory Derby\" \/>\n<meta property=\"og:url\" content=\"https:\/\/marktxxl.de\/markt\/produkt\/ricosta-unisex-kinder-cory-derby\/\" \/>\n<meta property=\"og:site_name\" content=\"Markt-XXL\" \/>\n<meta property=\"article:modified_time\" content=\"2023-04-10T03:38:23+00:00\" \/>\n<meta property=\"og:image\" content=\"https:\/\/m.media-amazon.com\/images\/I\/41Rmoc+PWTS._SL500_.jpg\" \/>\n\t<meta property=\"og:image:width\" content=\"500\" \/>\n\t<meta property=\"og:image:height\" content=\"500\" \/>\n\t<meta property=\"og:image:type\" content=\"image\/jpeg\" \/>\n<meta name=\"twitter:card\" content=\"summary_large_image\" \/>\n<meta name=\"twitter:label1\" content=\"Gesch\u00e4tzte Lesezeit\" \/>\n\t<meta name=\"twitter:data1\" content=\"1\u00a0Minute\" \/>\n<script type=\"application\/ld+json\" class=\"yoast-schema-graph\">{\"@context\":\"https:\\\/\\\/schema.org\",\"@graph\":[{\"@type\":\"WebPage\",\"@id\":\"https:\\\/\\\/marktxxl.de\\\/markt\\\/produkt\\\/ricosta-unisex-kinder-cory-derby\\\/\",\"url\":\"https:\\\/\\\/marktxxl.de\\\/markt\\\/produkt\\\/ricosta-unisex-kinder-cory-derby\\\/\",\"name\":\"RICOSTA Unisex Kinder Cory Derby - Markt-XXL\",\"isPartOf\":{\"@id\":\"https:\\\/\\\/marktxxl.de\\\/markt\\\/#website\"},\"primaryImageOfPage\":{\"@id\":\"https:\\\/\\\/marktxxl.de\\\/markt\\\/produkt\\\/ricosta-unisex-kinder-cory-derby\\\/#primaryimage\"},\"image\":{\"@id\":\"https:\\\/\\\/marktxxl.de\\\/markt\\\/produkt\\\/ricosta-unisex-kinder-cory-derby\\\/#primaryimage\"},\"thumbnailUrl\":\"https:\\\/\\\/m.media-amazon.com\\\/images\\\/I\\\/41Rmoc+PWTS._SL500_.jpg\",\"datePublished\":\"2023-03-04T00:40:17+00:00\",\"dateModified\":\"2023-04-10T03:38:23+00:00\",\"description\":\"Markt-XXL RICOSTA Unisex Kinder Cory Derby\",\"breadcrumb\":{\"@id\":\"https:\\\/\\\/marktxxl.de\\\/markt\\\/produkt\\\/ricosta-unisex-kinder-cory-derby\\\/#breadcrumb\"},\"inLanguage\":\"de\",\"potentialAction\":[{\"@type\":\"ReadAction\",\"target\":[\"https:\\\/\\\/marktxxl.de\\\/markt\\\/produkt\\\/ricosta-unisex-kinder-cory-derby\\\/\"]}]},{\"@type\":\"ImageObject\",\"inLanguage\":\"de\",\"@id\":\"https:\\\/\\\/marktxxl.de\\\/markt\\\/produkt\\\/ricosta-unisex-kinder-cory-derby\\\/#primaryimage\",\"url\":\"https:\\\/\\\/m.media-amazon.com\\\/images\\\/I\\\/41Rmoc+PWTS._SL500_.jpg\",\"contentUrl\":\"https:\\\/\\\/m.media-amazon.com\\\/images\\\/I\\\/41Rmoc+PWTS._SL500_.jpg\",\"width\":500,\"height\":500},{\"@type\":\"BreadcrumbList\",\"@id\":\"https:\\\/\\\/marktxxl.de\\\/markt\\\/produkt\\\/ricosta-unisex-kinder-cory-derby\\\/#breadcrumb\",\"itemListElement\":[{\"@type\":\"ListItem\",\"position\":1,\"name\":\"Startseite\",\"item\":\"https:\\\/\\\/marktxxl.de\\\/markt\\\/\"},{\"@type\":\"ListItem\",\"position\":2,\"name\":\"Markt\",\"item\":\"https:\\\/\\\/marktxxl.de\\\/markt\\\/\"},{\"@type\":\"ListItem\",\"position\":3,\"name\":\"RICOSTA Unisex Kinder Cory Derby\"}]},{\"@type\":\"WebSite\",\"@id\":\"https:\\\/\\\/marktxxl.de\\\/markt\\\/#website\",\"url\":\"https:\\\/\\\/marktxxl.de\\\/markt\\\/\",\"name\":\"Markt-XXL\",\"description\":\"Ihr Markt Online\",\"publisher\":{\"@id\":\"https:\\\/\\\/marktxxl.de\\\/markt\\\/#organization\"},\"potentialAction\":[{\"@type\":\"SearchAction\",\"target\":{\"@type\":\"EntryPoint\",\"urlTemplate\":\"https:\\\/\\\/marktxxl.de\\\/markt\\\/?s={search_term_string}\"},\"query-input\":{\"@type\":\"PropertyValueSpecification\",\"valueRequired\":true,\"valueName\":\"search_term_string\"}}],\"inLanguage\":\"de\"},{\"@type\":\"Organization\",\"@id\":\"https:\\\/\\\/marktxxl.de\\\/markt\\\/#organization\",\"name\":\"Markt-XXL\",\"url\":\"https:\\\/\\\/marktxxl.de\\\/markt\\\/\",\"logo\":{\"@type\":\"ImageObject\",\"inLanguage\":\"de\",\"@id\":\"https:\\\/\\\/marktxxl.de\\\/markt\\\/#\\\/schema\\\/logo\\\/image\\\/\",\"url\":\"https:\\\/\\\/marktxxl.de\\\/markt\\\/wp-content\\\/uploads\\\/sites\\\/3\\\/2020\\\/12\\\/logo.png\",\"contentUrl\":\"https:\\\/\\\/marktxxl.de\\\/markt\\\/wp-content\\\/uploads\\\/sites\\\/3\\\/2020\\\/12\\\/logo.png\",\"width\":200,\"height\":70,\"caption\":\"Markt-XXL\"},\"image\":{\"@id\":\"https:\\\/\\\/marktxxl.de\\\/markt\\\/#\\\/schema\\\/logo\\\/image\\\/\"}}]}<\/script>\n<!-- \/ Yoast SEO plugin. -->","yoast_head_json":{"title":"RICOSTA Unisex Kinder Cory Derby - Markt-XXL","description":"Markt-XXL RICOSTA Unisex Kinder Cory Derby","robots":{"index":"index","follow":"follow","max-snippet":"max-snippet:-1","max-image-preview":"max-image-preview:large","max-video-preview":"max-video-preview:-1"},"canonical":"https:\/\/marktxxl.de\/markt\/produkt\/ricosta-unisex-kinder-cory-derby\/","og_locale":"de_DE","og_type":"article","og_title":"RICOSTA Unisex Kinder Cory Derby - Markt-XXL","og_description":"Markt-XXL RICOSTA Unisex Kinder Cory Derby","og_url":"https:\/\/marktxxl.de\/markt\/produkt\/ricosta-unisex-kinder-cory-derby\/","og_site_name":"Markt-XXL","article_modified_time":"2023-04-10T03:38:23+00:00","og_image":[{"width":500,"height":500,"url":"https:\/\/m.media-amazon.com\/images\/I\/41Rmoc+PWTS._SL500_.jpg","type":"image\/jpeg"}],"twitter_card":"summary_large_image","twitter_misc":{"Gesch\u00e4tzte Lesezeit":"1\u00a0Minute"},"schema":{"@context":"https:\/\/schema.org","@graph":[{"@type":"WebPage","@id":"https:\/\/marktxxl.de\/markt\/produkt\/ricosta-unisex-kinder-cory-derby\/","url":"https:\/\/marktxxl.de\/markt\/produkt\/ricosta-unisex-kinder-cory-derby\/","name":"RICOSTA Unisex Kinder Cory Derby - Markt-XXL","isPartOf":{"@id":"https:\/\/marktxxl.de\/markt\/#website"},"primaryImageOfPage":{"@id":"https:\/\/marktxxl.de\/markt\/produkt\/ricosta-unisex-kinder-cory-derby\/#primaryimage"},"image":{"@id":"https:\/\/marktxxl.de\/markt\/produkt\/ricosta-unisex-kinder-cory-derby\/#primaryimage"},"thumbnailUrl":"https:\/\/m.media-amazon.com\/images\/I\/41Rmoc+PWTS._SL500_.jpg","datePublished":"2023-03-04T00:40:17+00:00","dateModified":"2023-04-10T03:38:23+00:00","description":"Markt-XXL RICOSTA Unisex Kinder Cory Derby","breadcrumb":{"@id":"https:\/\/marktxxl.de\/markt\/produkt\/ricosta-unisex-kinder-cory-derby\/#breadcrumb"},"inLanguage":"de","potentialAction":[{"@type":"ReadAction","target":["https:\/\/marktxxl.de\/markt\/produkt\/ricosta-unisex-kinder-cory-derby\/"]}]},{"@type":"ImageObject","inLanguage":"de","@id":"https:\/\/marktxxl.de\/markt\/produkt\/ricosta-unisex-kinder-cory-derby\/#primaryimage","url":"https:\/\/m.media-amazon.com\/images\/I\/41Rmoc+PWTS._SL500_.jpg","contentUrl":"https:\/\/m.media-amazon.com\/images\/I\/41Rmoc+PWTS._SL500_.jpg","width":500,"height":500},{"@type":"BreadcrumbList","@id":"https:\/\/marktxxl.de\/markt\/produkt\/ricosta-unisex-kinder-cory-derby\/#breadcrumb","itemListElement":[{"@type":"ListItem","position":1,"name":"Startseite","item":"https:\/\/marktxxl.de\/markt\/"},{"@type":"ListItem","position":2,"name":"Markt","item":"https:\/\/marktxxl.de\/markt\/"},{"@type":"ListItem","position":3,"name":"RICOSTA Unisex Kinder Cory Derby"}]},{"@type":"WebSite","@id":"https:\/\/marktxxl.de\/markt\/#website","url":"https:\/\/marktxxl.de\/markt\/","name":"Markt-XXL","description":"Ihr Markt Online","publisher":{"@id":"https:\/\/marktxxl.de\/markt\/#organization"},"potentialAction":[{"@type":"SearchAction","target":{"@type":"EntryPoint","urlTemplate":"https:\/\/marktxxl.de\/markt\/?s={search_term_string}"},"query-input":{"@type":"PropertyValueSpecification","valueRequired":true,"valueName":"search_term_string"}}],"inLanguage":"de"},{"@type":"Organization","@id":"https:\/\/marktxxl.de\/markt\/#organization","name":"Markt-XXL","url":"https:\/\/marktxxl.de\/markt\/","logo":{"@type":"ImageObject","inLanguage":"de","@id":"https:\/\/marktxxl.de\/markt\/#\/schema\/logo\/image\/","url":"https:\/\/marktxxl.de\/markt\/wp-content\/uploads\/sites\/3\/2020\/12\/logo.png","contentUrl":"https:\/\/marktxxl.de\/markt\/wp-content\/uploads\/sites\/3\/2020\/12\/logo.png","width":200,"height":70,"caption":"Markt-XXL"},"image":{"@id":"https:\/\/marktxxl.de\/markt\/#\/schema\/logo\/image\/"}}]}},"_links":{"self":[{"href":"https:\/\/marktxxl.de\/markt\/wp-json\/wp\/v2\/product\/190819","targetHints":{"allow":["GET"]}}],"collection":[{"href":"https:\/\/marktxxl.de\/markt\/wp-json\/wp\/v2\/product"}],"about":[{"href":"https:\/\/marktxxl.de\/markt\/wp-json\/wp\/v2\/types\/product"}],"replies":[{"embeddable":true,"href":"https:\/\/marktxxl.de\/markt\/wp-json\/wp\/v2\/comments?post=190819"}],"wp:featuredmedia":[{"embeddable":true,"href":"https:\/\/marktxxl.de\/markt\/wp-json\/wp\/v2\/media\/190820"}],"wp:attachment":[{"href":"https:\/\/marktxxl.de\/markt\/wp-json\/wp\/v2\/media?parent=190819"}],"wp:term":[{"taxonomy":"product_brand","embeddable":true,"href":"https:\/\/marktxxl.de\/markt\/wp-json\/wp\/v2\/product_brand?post=190819"},{"taxonomy":"product_cat","embeddable":true,"href":"https:\/\/marktxxl.de\/markt\/wp-json\/wp\/v2\/product_cat?post=190819"},{"taxonomy":"product_tag","embeddable":true,"href":"https:\/\/marktxxl.de\/markt\/wp-json\/wp\/v2\/product_tag?post=190819"}],"curies":[{"name":"wp","href":"https:\/\/api.w.org\/{rel}","templated":true}]}}