{"id":190544,"date":"2023-02-09T11:46:25","date_gmt":"2023-02-09T10:46:25","guid":{"rendered":"https:\/\/marktxxl.de\/markt\/produkt\/citest-corona-schnelltest-fuer-zuhause-testsieger-stiftung-warentest-5-stueck\/"},"modified":"2023-04-10T05:38:20","modified_gmt":"2023-04-10T03:38:20","slug":"citest-corona-schnelltest-fuer-zuhause-testsieger-stiftung-warentest-5-stueck","status":"publish","type":"product","link":"https:\/\/marktxxl.de\/markt\/produkt\/citest-corona-schnelltest-fuer-zuhause-testsieger-stiftung-warentest-5-stueck\/","title":{"rendered":"CITEST Corona Schnelltest f\u00fcr Zuhause, 5er Pack, Covid-19 Antigen Rapid Test Swab Selbsttest"},"content":{"rendered":"<p>Stiftung Warentest \u201eH\u00f6chste Messgenauigkeit\u201c von \u00fcber 90 gepr\u00fcften Corona Schnelltests<br \/>\nCorona Schnelltest f\u00fcr Zuhause auf SARS-CoV-2 CE zertifiziert (CE1434) f\u00fcr die Eigenanwendung durch Laien.<br \/>\nEinfache Anwendung durch einen Abstrich in der vorderen Nase.<br \/>\nSensitivit\u00e4t laut Hersteller: 97 % \/ Spezifit\u00e4t laut Hersteller: &gt; 99,9 %.<br \/>\nVerpackung aus recyceltem Material \/ FSC zertifiziert.<br \/>\nSensitiv gegen\u00fcber den Omikron Varianten laut Paul-Ehrlich-Institut.<br \/>\nSchnelle und zuverl\u00e4ssige Testergebnisse in nur 15 Minuten.<br \/>\nBitte beachten Sie, dass ein negatives Ergebnis eine Infektion nie vollst\u00e4ndig ausschlie\u00dft, auch dann nicht, wenn der Test an einer Person ohne Krankheitssymptome durchgef\u00fchrt wird<br \/>\nWeitere Informationen zu Verf\u00fcgbarkeit, Zuverl\u00e4ssigkeit und mehr finden Sie auf unserer FAQ-Seite zu Corona-Selbsttests<br \/>\n<div class=\"main-cross-sell\" data-asin=\"B0BJ33Z7JQ\">\n\n\t<div class=\"WooZone-cross-sell-loader\">\n\t\t<div>\n\t\t\t<div id=\"floatingBarsG\">\n\t\t\t\t<div class=\"blockG\" id=\"rotateG_01\"><\/div>\n\t\t\t\t<div class=\"blockG\" id=\"rotateG_02\"><\/div>\n\t\t\t\t<div class=\"blockG\" id=\"rotateG_03\"><\/div>\n\t\t\t\t<div class=\"blockG\" id=\"rotateG_04\"><\/div>\n\t\t\t\t<div class=\"blockG\" id=\"rotateG_05\"><\/div>\n\t\t\t\t<div class=\"blockG\" id=\"rotateG_06\"><\/div>\n\t\t\t\t<div class=\"blockG\" id=\"rotateG_07\"><\/div>\n\t\t\t\t<div class=\"blockG\" id=\"rotateG_08\"><\/div>\n\t\t\t<\/div>\n\t\t\t<div class=\"WooZone-cross-sell-loader-text\"><\/div>\n\t\t<\/div>\n\t<\/div>\n\n\t\t\n<\/div>\n<div style=\"clear:both;\"><\/div><\/p>\n","protected":false},"excerpt":{"rendered":"<p>Stiftung Warentest \u201eH\u00f6chste Messgenauigkeit\u201c von \u00fcber 90 gepr\u00fcften Corona Schnelltests<br \/>\nCorona Schnelltest f\u00fcr Zuhause auf SARS-CoV-2 CE zertifiziert (CE1434) f\u00fcr die Eigenanwendung durch Laien.<br \/>\nEinfache Anwendung durch einen Abstrich in der vorderen Nase.<\/p>\n","protected":false},"featured_media":190545,"comment_status":"open","ping_status":"closed","template":"","meta":[],"product_brand":[],"product_cat":[566],"product_tag":[],"class_list":{"0":"post-190544","1":"product","2":"type-product","3":"status-publish","4":"has-post-thumbnail","6":"product_cat-drogerie-koerperpflege","7":"pa_binding-badartikel","8":"pa_brand-citest","9":"pa_color-weiss","10":"pa_manufacturer-citest","11":"pa_size-5-stueck","13":"first","14":"instock","15":"shipping-taxable","16":"purchasable","17":"product-type-simple","18":"customify-col","19":"product-has-gallery"},"yoast_head":"<!-- This site is optimized with the Yoast SEO plugin v27.3 - https:\/\/yoast.com\/product\/yoast-seo-wordpress\/ -->\n<title>CITEST Corona Schnelltest f\u00fcr Zuhause, 5er Pack, Covid-19 Antigen Rapid Test Swab Selbsttest - Markt-XXL<\/title>\n<meta name=\"description\" content=\"Markt-XXL CITEST Corona Schnelltest f\u00fcr Zuhause, 5er Pack, Covid-19 Antigen Rapid Test Swab Selbsttest\" \/>\n<meta name=\"robots\" content=\"index, follow, max-snippet:-1, max-image-preview:large, max-video-preview:-1\" \/>\n<link rel=\"canonical\" href=\"https:\/\/marktxxl.de\/markt\/produkt\/citest-corona-schnelltest-fuer-zuhause-testsieger-stiftung-warentest-5-stueck\/\" \/>\n<meta property=\"og:locale\" content=\"de_DE\" \/>\n<meta property=\"og:type\" content=\"article\" \/>\n<meta property=\"og:title\" content=\"CITEST Corona Schnelltest f\u00fcr Zuhause, 5er Pack, Covid-19 Antigen Rapid Test Swab Selbsttest - Markt-XXL\" \/>\n<meta property=\"og:description\" content=\"Markt-XXL CITEST Corona Schnelltest f\u00fcr Zuhause, 5er Pack, Covid-19 Antigen Rapid Test Swab Selbsttest\" \/>\n<meta property=\"og:url\" content=\"https:\/\/marktxxl.de\/markt\/produkt\/citest-corona-schnelltest-fuer-zuhause-testsieger-stiftung-warentest-5-stueck\/\" \/>\n<meta property=\"og:site_name\" content=\"Markt-XXL\" \/>\n<meta property=\"article:modified_time\" content=\"2023-04-10T03:38:20+00:00\" \/>\n<meta property=\"og:image\" content=\"https:\/\/m.media-amazon.com\/images\/I\/41PW93GkxGL._SL500_.jpg\" \/>\n\t<meta property=\"og:image:width\" content=\"500\" \/>\n\t<meta property=\"og:image:height\" content=\"312\" \/>\n\t<meta property=\"og:image:type\" content=\"image\/jpeg\" \/>\n<meta name=\"twitter:card\" content=\"summary_large_image\" \/>\n<meta name=\"twitter:label1\" content=\"Gesch\u00e4tzte Lesezeit\" \/>\n\t<meta name=\"twitter:data1\" content=\"1\u00a0Minute\" \/>\n<script type=\"application\/ld+json\" class=\"yoast-schema-graph\">{\"@context\":\"https:\\\/\\\/schema.org\",\"@graph\":[{\"@type\":\"WebPage\",\"@id\":\"https:\\\/\\\/marktxxl.de\\\/markt\\\/produkt\\\/citest-corona-schnelltest-fuer-zuhause-testsieger-stiftung-warentest-5-stueck\\\/\",\"url\":\"https:\\\/\\\/marktxxl.de\\\/markt\\\/produkt\\\/citest-corona-schnelltest-fuer-zuhause-testsieger-stiftung-warentest-5-stueck\\\/\",\"name\":\"CITEST Corona Schnelltest f\u00fcr Zuhause, 5er Pack, Covid-19 Antigen Rapid Test Swab Selbsttest - Markt-XXL\",\"isPartOf\":{\"@id\":\"https:\\\/\\\/marktxxl.de\\\/markt\\\/#website\"},\"primaryImageOfPage\":{\"@id\":\"https:\\\/\\\/marktxxl.de\\\/markt\\\/produkt\\\/citest-corona-schnelltest-fuer-zuhause-testsieger-stiftung-warentest-5-stueck\\\/#primaryimage\"},\"image\":{\"@id\":\"https:\\\/\\\/marktxxl.de\\\/markt\\\/produkt\\\/citest-corona-schnelltest-fuer-zuhause-testsieger-stiftung-warentest-5-stueck\\\/#primaryimage\"},\"thumbnailUrl\":\"https:\\\/\\\/m.media-amazon.com\\\/images\\\/I\\\/41PW93GkxGL._SL500_.jpg\",\"datePublished\":\"2023-02-09T10:46:25+00:00\",\"dateModified\":\"2023-04-10T03:38:20+00:00\",\"description\":\"Markt-XXL CITEST Corona Schnelltest f\u00fcr Zuhause, 5er Pack, Covid-19 Antigen Rapid Test Swab Selbsttest\",\"breadcrumb\":{\"@id\":\"https:\\\/\\\/marktxxl.de\\\/markt\\\/produkt\\\/citest-corona-schnelltest-fuer-zuhause-testsieger-stiftung-warentest-5-stueck\\\/#breadcrumb\"},\"inLanguage\":\"de\",\"potentialAction\":[{\"@type\":\"ReadAction\",\"target\":[\"https:\\\/\\\/marktxxl.de\\\/markt\\\/produkt\\\/citest-corona-schnelltest-fuer-zuhause-testsieger-stiftung-warentest-5-stueck\\\/\"]}]},{\"@type\":\"ImageObject\",\"inLanguage\":\"de\",\"@id\":\"https:\\\/\\\/marktxxl.de\\\/markt\\\/produkt\\\/citest-corona-schnelltest-fuer-zuhause-testsieger-stiftung-warentest-5-stueck\\\/#primaryimage\",\"url\":\"https:\\\/\\\/m.media-amazon.com\\\/images\\\/I\\\/41PW93GkxGL._SL500_.jpg\",\"contentUrl\":\"https:\\\/\\\/m.media-amazon.com\\\/images\\\/I\\\/41PW93GkxGL._SL500_.jpg\",\"width\":500,\"height\":312},{\"@type\":\"BreadcrumbList\",\"@id\":\"https:\\\/\\\/marktxxl.de\\\/markt\\\/produkt\\\/citest-corona-schnelltest-fuer-zuhause-testsieger-stiftung-warentest-5-stueck\\\/#breadcrumb\",\"itemListElement\":[{\"@type\":\"ListItem\",\"position\":1,\"name\":\"Startseite\",\"item\":\"https:\\\/\\\/marktxxl.de\\\/markt\\\/\"},{\"@type\":\"ListItem\",\"position\":2,\"name\":\"Markt\",\"item\":\"https:\\\/\\\/marktxxl.de\\\/markt\\\/\"},{\"@type\":\"ListItem\",\"position\":3,\"name\":\"CITEST Corona Schnelltest f\u00fcr Zuhause, 5er Pack, Covid-19 Antigen Rapid Test Swab Selbsttest\"}]},{\"@type\":\"WebSite\",\"@id\":\"https:\\\/\\\/marktxxl.de\\\/markt\\\/#website\",\"url\":\"https:\\\/\\\/marktxxl.de\\\/markt\\\/\",\"name\":\"Markt-XXL\",\"description\":\"Ihr Markt Online\",\"publisher\":{\"@id\":\"https:\\\/\\\/marktxxl.de\\\/markt\\\/#organization\"},\"potentialAction\":[{\"@type\":\"SearchAction\",\"target\":{\"@type\":\"EntryPoint\",\"urlTemplate\":\"https:\\\/\\\/marktxxl.de\\\/markt\\\/?s={search_term_string}\"},\"query-input\":{\"@type\":\"PropertyValueSpecification\",\"valueRequired\":true,\"valueName\":\"search_term_string\"}}],\"inLanguage\":\"de\"},{\"@type\":\"Organization\",\"@id\":\"https:\\\/\\\/marktxxl.de\\\/markt\\\/#organization\",\"name\":\"Markt-XXL\",\"url\":\"https:\\\/\\\/marktxxl.de\\\/markt\\\/\",\"logo\":{\"@type\":\"ImageObject\",\"inLanguage\":\"de\",\"@id\":\"https:\\\/\\\/marktxxl.de\\\/markt\\\/#\\\/schema\\\/logo\\\/image\\\/\",\"url\":\"https:\\\/\\\/marktxxl.de\\\/markt\\\/wp-content\\\/uploads\\\/sites\\\/3\\\/2020\\\/12\\\/logo.png\",\"contentUrl\":\"https:\\\/\\\/marktxxl.de\\\/markt\\\/wp-content\\\/uploads\\\/sites\\\/3\\\/2020\\\/12\\\/logo.png\",\"width\":200,\"height\":70,\"caption\":\"Markt-XXL\"},\"image\":{\"@id\":\"https:\\\/\\\/marktxxl.de\\\/markt\\\/#\\\/schema\\\/logo\\\/image\\\/\"}}]}<\/script>\n<!-- \/ Yoast SEO plugin. -->","yoast_head_json":{"title":"CITEST Corona Schnelltest f\u00fcr Zuhause, 5er Pack, Covid-19 Antigen Rapid Test Swab Selbsttest - Markt-XXL","description":"Markt-XXL CITEST Corona Schnelltest f\u00fcr Zuhause, 5er Pack, Covid-19 Antigen Rapid Test Swab Selbsttest","robots":{"index":"index","follow":"follow","max-snippet":"max-snippet:-1","max-image-preview":"max-image-preview:large","max-video-preview":"max-video-preview:-1"},"canonical":"https:\/\/marktxxl.de\/markt\/produkt\/citest-corona-schnelltest-fuer-zuhause-testsieger-stiftung-warentest-5-stueck\/","og_locale":"de_DE","og_type":"article","og_title":"CITEST Corona Schnelltest f\u00fcr Zuhause, 5er Pack, Covid-19 Antigen Rapid Test Swab Selbsttest - Markt-XXL","og_description":"Markt-XXL CITEST Corona Schnelltest f\u00fcr Zuhause, 5er Pack, Covid-19 Antigen Rapid Test Swab Selbsttest","og_url":"https:\/\/marktxxl.de\/markt\/produkt\/citest-corona-schnelltest-fuer-zuhause-testsieger-stiftung-warentest-5-stueck\/","og_site_name":"Markt-XXL","article_modified_time":"2023-04-10T03:38:20+00:00","og_image":[{"width":500,"height":312,"url":"https:\/\/m.media-amazon.com\/images\/I\/41PW93GkxGL._SL500_.jpg","type":"image\/jpeg"}],"twitter_card":"summary_large_image","twitter_misc":{"Gesch\u00e4tzte Lesezeit":"1\u00a0Minute"},"schema":{"@context":"https:\/\/schema.org","@graph":[{"@type":"WebPage","@id":"https:\/\/marktxxl.de\/markt\/produkt\/citest-corona-schnelltest-fuer-zuhause-testsieger-stiftung-warentest-5-stueck\/","url":"https:\/\/marktxxl.de\/markt\/produkt\/citest-corona-schnelltest-fuer-zuhause-testsieger-stiftung-warentest-5-stueck\/","name":"CITEST Corona Schnelltest f\u00fcr Zuhause, 5er Pack, Covid-19 Antigen Rapid Test Swab Selbsttest - Markt-XXL","isPartOf":{"@id":"https:\/\/marktxxl.de\/markt\/#website"},"primaryImageOfPage":{"@id":"https:\/\/marktxxl.de\/markt\/produkt\/citest-corona-schnelltest-fuer-zuhause-testsieger-stiftung-warentest-5-stueck\/#primaryimage"},"image":{"@id":"https:\/\/marktxxl.de\/markt\/produkt\/citest-corona-schnelltest-fuer-zuhause-testsieger-stiftung-warentest-5-stueck\/#primaryimage"},"thumbnailUrl":"https:\/\/m.media-amazon.com\/images\/I\/41PW93GkxGL._SL500_.jpg","datePublished":"2023-02-09T10:46:25+00:00","dateModified":"2023-04-10T03:38:20+00:00","description":"Markt-XXL CITEST Corona Schnelltest f\u00fcr Zuhause, 5er Pack, Covid-19 Antigen Rapid Test Swab Selbsttest","breadcrumb":{"@id":"https:\/\/marktxxl.de\/markt\/produkt\/citest-corona-schnelltest-fuer-zuhause-testsieger-stiftung-warentest-5-stueck\/#breadcrumb"},"inLanguage":"de","potentialAction":[{"@type":"ReadAction","target":["https:\/\/marktxxl.de\/markt\/produkt\/citest-corona-schnelltest-fuer-zuhause-testsieger-stiftung-warentest-5-stueck\/"]}]},{"@type":"ImageObject","inLanguage":"de","@id":"https:\/\/marktxxl.de\/markt\/produkt\/citest-corona-schnelltest-fuer-zuhause-testsieger-stiftung-warentest-5-stueck\/#primaryimage","url":"https:\/\/m.media-amazon.com\/images\/I\/41PW93GkxGL._SL500_.jpg","contentUrl":"https:\/\/m.media-amazon.com\/images\/I\/41PW93GkxGL._SL500_.jpg","width":500,"height":312},{"@type":"BreadcrumbList","@id":"https:\/\/marktxxl.de\/markt\/produkt\/citest-corona-schnelltest-fuer-zuhause-testsieger-stiftung-warentest-5-stueck\/#breadcrumb","itemListElement":[{"@type":"ListItem","position":1,"name":"Startseite","item":"https:\/\/marktxxl.de\/markt\/"},{"@type":"ListItem","position":2,"name":"Markt","item":"https:\/\/marktxxl.de\/markt\/"},{"@type":"ListItem","position":3,"name":"CITEST Corona Schnelltest f\u00fcr Zuhause, 5er Pack, Covid-19 Antigen Rapid Test Swab Selbsttest"}]},{"@type":"WebSite","@id":"https:\/\/marktxxl.de\/markt\/#website","url":"https:\/\/marktxxl.de\/markt\/","name":"Markt-XXL","description":"Ihr Markt Online","publisher":{"@id":"https:\/\/marktxxl.de\/markt\/#organization"},"potentialAction":[{"@type":"SearchAction","target":{"@type":"EntryPoint","urlTemplate":"https:\/\/marktxxl.de\/markt\/?s={search_term_string}"},"query-input":{"@type":"PropertyValueSpecification","valueRequired":true,"valueName":"search_term_string"}}],"inLanguage":"de"},{"@type":"Organization","@id":"https:\/\/marktxxl.de\/markt\/#organization","name":"Markt-XXL","url":"https:\/\/marktxxl.de\/markt\/","logo":{"@type":"ImageObject","inLanguage":"de","@id":"https:\/\/marktxxl.de\/markt\/#\/schema\/logo\/image\/","url":"https:\/\/marktxxl.de\/markt\/wp-content\/uploads\/sites\/3\/2020\/12\/logo.png","contentUrl":"https:\/\/marktxxl.de\/markt\/wp-content\/uploads\/sites\/3\/2020\/12\/logo.png","width":200,"height":70,"caption":"Markt-XXL"},"image":{"@id":"https:\/\/marktxxl.de\/markt\/#\/schema\/logo\/image\/"}}]}},"_links":{"self":[{"href":"https:\/\/marktxxl.de\/markt\/wp-json\/wp\/v2\/product\/190544","targetHints":{"allow":["GET"]}}],"collection":[{"href":"https:\/\/marktxxl.de\/markt\/wp-json\/wp\/v2\/product"}],"about":[{"href":"https:\/\/marktxxl.de\/markt\/wp-json\/wp\/v2\/types\/product"}],"replies":[{"embeddable":true,"href":"https:\/\/marktxxl.de\/markt\/wp-json\/wp\/v2\/comments?post=190544"}],"wp:featuredmedia":[{"embeddable":true,"href":"https:\/\/marktxxl.de\/markt\/wp-json\/wp\/v2\/media\/190545"}],"wp:attachment":[{"href":"https:\/\/marktxxl.de\/markt\/wp-json\/wp\/v2\/media?parent=190544"}],"wp:term":[{"taxonomy":"product_brand","embeddable":true,"href":"https:\/\/marktxxl.de\/markt\/wp-json\/wp\/v2\/product_brand?post=190544"},{"taxonomy":"product_cat","embeddable":true,"href":"https:\/\/marktxxl.de\/markt\/wp-json\/wp\/v2\/product_cat?post=190544"},{"taxonomy":"product_tag","embeddable":true,"href":"https:\/\/marktxxl.de\/markt\/wp-json\/wp\/v2\/product_tag?post=190544"}],"curies":[{"name":"wp","href":"https:\/\/api.w.org\/{rel}","templated":true}]}}