{"id":190504,"date":"2023-02-09T11:08:20","date_gmt":"2023-02-09T10:08:20","guid":{"rendered":"https:\/\/marktxxl.de\/markt\/produkt\/waermeguertel-2er-set-4-anwendungen-ohne-chili-8-std-kein-waermeplaster-schonend-zur-haut-heizguertel-mit-waerme-pads-waermetherapie-waermekissen-rueckenguertel-gegen-muskel-rueckschmerzen\/"},"modified":"2023-04-10T05:38:19","modified_gmt":"2023-04-10T03:38:19","slug":"waermeguertel-2er-set-4-anwendungen-ohne-chili-8-std-kein-waermeplaster-schonend-zur-haut-heizguertel-mit-waerme-pads-waermetherapie-waermekissen-rueckenguertel-gegen-muskel-rueckschmerzen","status":"publish","type":"product","link":"https:\/\/marktxxl.de\/markt\/produkt\/waermeguertel-2er-set-4-anwendungen-ohne-chili-8-std-kein-waermeplaster-schonend-zur-haut-heizguertel-mit-waerme-pads-waermetherapie-waermekissen-rueckenguertel-gegen-muskel-rueckschmerzen\/","title":{"rendered":"W\u00e4rmeg\u00fcrtel 2er Set 4 Anwendungen ohne Chili 8 Std kein W\u00e4rmeplaster schonend zur Haut Heizg\u00fcrtel mit W\u00e4rme Pads\u2026"},"content":{"rendered":"<p>WOHF\u00dcHLEND: Der W\u00e4rmeg\u00fcrtel mit der tollen W\u00e4rmeleistung, lassen Sie sich auch \u00fcberraschen. Die W\u00e4rme entspannt die Muskulatur und lindert Schmerzen sowie Verklemmungen im kompletten R\u00fccken Bereich.<br \/>\nSOFORT EINSATZBEREIT: Kein extra erw\u00e4rmen n\u00f6tig! Die Pads werden beim \u00f6ffnen der Verpackung durch den Kontakt mit Sauerstoff automatisch aktiviert und erw\u00e4rmen sich von ganz alleine auf ca. 42\u00b0C. Die W\u00e4rmekissen halten bis zu 8 Stunden wohlig warm.<br \/>\n\u00dcBERALL VERWENDBAR: Die R\u00fcckenumschl\u00e4ge sind ideal geeignet f\u00fcr alle Gelegenheiten. Ob beim Sport, beim Einkaufen, bei einer langen Autofahrt oder einfach Zuhause \u2013 die R\u00fcckenpflaster spenden mehrere Stunden wohltuende, sanfte und gleichm\u00e4\u00dfige W\u00e4rme.<br \/>\nIDEALE PASSFORM: Durch die speziellen Stretch-Fit Materialien mit Klettverschluss schmiegt sich die W\u00e4rmeauflage perfekt an den K\u00f6rper an. Der R\u00fcckeng\u00fcrtel kann man f\u00fcr alle Gr\u00f6\u00dfen (XS-5XXL) anpassen, es ist unauff\u00e4llig und bequem.<br \/>\nLIEFERUMFANG: Im Lieferumfang befinden sich 2 Heizg\u00fcrtel und 8 W\u00e4rme Pads.<br \/>\n<div class=\"main-cross-sell\" data-asin=\"B0BNXR7F77\">\n\n\t<div class=\"WooZone-cross-sell-loader\">\n\t\t<div>\n\t\t\t<div id=\"floatingBarsG\">\n\t\t\t\t<div class=\"blockG\" id=\"rotateG_01\"><\/div>\n\t\t\t\t<div class=\"blockG\" id=\"rotateG_02\"><\/div>\n\t\t\t\t<div class=\"blockG\" id=\"rotateG_03\"><\/div>\n\t\t\t\t<div class=\"blockG\" id=\"rotateG_04\"><\/div>\n\t\t\t\t<div class=\"blockG\" id=\"rotateG_05\"><\/div>\n\t\t\t\t<div class=\"blockG\" id=\"rotateG_06\"><\/div>\n\t\t\t\t<div class=\"blockG\" id=\"rotateG_07\"><\/div>\n\t\t\t\t<div class=\"blockG\" id=\"rotateG_08\"><\/div>\n\t\t\t<\/div>\n\t\t\t<div class=\"WooZone-cross-sell-loader-text\"><\/div>\n\t\t<\/div>\n\t<\/div>\n\n\t\t\n<\/div>\n<div style=\"clear:both;\"><\/div><\/p>\n","protected":false},"excerpt":{"rendered":"<p>WOHF\u00dcHLEND: Der W\u00e4rmeg\u00fcrtel mit der tollen W\u00e4rmeleistung, lassen Sie sich auch \u00fcberraschen. Die W\u00e4rme entspannt die Muskulatur und lindert Schmerzen sowie Verklemmungen im kompletten R\u00fccken Bereich.<br \/>\nSOFORT EINSATZBEREIT: Kein extra erw\u00e4rmen n\u00f6tig! Die Pads werden beim \u00f6ffnen der Verpackung durch den Kontakt mit Sauerstoff automatisch aktiviert und erw\u00e4rmen sich von ganz alleine auf ca. 42\u00b0C. Die W\u00e4rmekissen halten bis zu 8 Stunden wohlig warm.<br \/>\n\u00dcBERALL VERWENDBAR: Die R\u00fcckenumschl\u00e4ge sind ideal geeignet f\u00fcr alle Gelegenheiten. Ob beim Sport, beim Einkaufen, bei einer langen Autofahrt oder einfach Zuhause \u2013 die R\u00fcckenpflaster spenden mehrere Stunden wohltuende, sanfte und gleichm\u00e4\u00dfige W\u00e4rme.<\/p>\n","protected":false},"featured_media":190505,"comment_status":"open","ping_status":"closed","template":"","meta":[],"product_brand":[],"product_cat":[566,6496],"product_tag":[],"class_list":{"0":"post-190504","1":"product","2":"type-product","3":"status-publish","4":"has-post-thumbnail","6":"product_cat-drogerie-koerperpflege","7":"product_cat-wellness","8":"pa_brand-mete","9":"pa_color-weiss","10":"pa_height-8-267716527-zoll","11":"pa_languages-unbekannt-deutsch-unbekannt-franzoesisch-unbekannt-spanisch","12":"pa_length-5-118110231-zoll","13":"pa_manufacturer-mete","14":"pa_model-rg0556644","15":"pa_weight-0-551155655-pfund","16":"pa_width-2-755905509-zoll","18":"first","19":"instock","20":"shipping-taxable","21":"purchasable","22":"product-type-simple","23":"customify-col","24":"product-has-gallery"},"yoast_head":"<!-- This site is optimized with the Yoast SEO plugin v27.4 - https:\/\/yoast.com\/product\/yoast-seo-wordpress\/ -->\n<title>W\u00e4rmeg\u00fcrtel 2er Set 4 Anwendungen ohne Chili 8 Std kein W\u00e4rmeplaster schonend zur Haut Heizg\u00fcrtel mit W\u00e4rme Pads\u2026 - Markt-XXL<\/title>\n<meta name=\"description\" content=\"Markt-XXL W\u00e4rmeg\u00fcrtel 2er Set 4 Anwendungen ohne Chili 8 Std kein W\u00e4rmeplaster schonend zur Haut Heizg\u00fcrtel mit W\u00e4rme Pads\u2026\" \/>\n<meta name=\"robots\" content=\"index, follow, max-snippet:-1, max-image-preview:large, max-video-preview:-1\" \/>\n<link rel=\"canonical\" href=\"https:\/\/marktxxl.de\/markt\/produkt\/waermeguertel-2er-set-4-anwendungen-ohne-chili-8-std-kein-waermeplaster-schonend-zur-haut-heizguertel-mit-waerme-pads-waermetherapie-waermekissen-rueckenguertel-gegen-muskel-rueckschmerzen\/\" \/>\n<meta property=\"og:locale\" content=\"de_DE\" \/>\n<meta property=\"og:type\" content=\"article\" \/>\n<meta property=\"og:title\" content=\"W\u00e4rmeg\u00fcrtel 2er Set 4 Anwendungen ohne Chili 8 Std kein W\u00e4rmeplaster schonend zur Haut Heizg\u00fcrtel mit W\u00e4rme Pads\u2026 - Markt-XXL\" \/>\n<meta property=\"og:description\" content=\"Markt-XXL W\u00e4rmeg\u00fcrtel 2er Set 4 Anwendungen ohne Chili 8 Std kein W\u00e4rmeplaster schonend zur Haut Heizg\u00fcrtel mit W\u00e4rme Pads\u2026\" \/>\n<meta property=\"og:url\" content=\"https:\/\/marktxxl.de\/markt\/produkt\/waermeguertel-2er-set-4-anwendungen-ohne-chili-8-std-kein-waermeplaster-schonend-zur-haut-heizguertel-mit-waerme-pads-waermetherapie-waermekissen-rueckenguertel-gegen-muskel-rueckschmerzen\/\" \/>\n<meta property=\"og:site_name\" content=\"Markt-XXL\" \/>\n<meta property=\"article:modified_time\" content=\"2023-04-10T03:38:19+00:00\" \/>\n<meta property=\"og:image\" content=\"https:\/\/m.media-amazon.com\/images\/I\/51akWFB6cBL._SL500_.jpg\" \/>\n\t<meta property=\"og:image:width\" content=\"382\" \/>\n\t<meta property=\"og:image:height\" content=\"500\" \/>\n\t<meta property=\"og:image:type\" content=\"image\/jpeg\" \/>\n<meta name=\"twitter:card\" content=\"summary_large_image\" \/>\n<meta name=\"twitter:label1\" content=\"Gesch\u00e4tzte Lesezeit\" \/>\n\t<meta name=\"twitter:data1\" content=\"1\u00a0Minute\" \/>\n<script type=\"application\/ld+json\" class=\"yoast-schema-graph\">{\"@context\":\"https:\\\/\\\/schema.org\",\"@graph\":[{\"@type\":\"WebPage\",\"@id\":\"https:\\\/\\\/marktxxl.de\\\/markt\\\/produkt\\\/waermeguertel-2er-set-4-anwendungen-ohne-chili-8-std-kein-waermeplaster-schonend-zur-haut-heizguertel-mit-waerme-pads-waermetherapie-waermekissen-rueckenguertel-gegen-muskel-rueckschmerzen\\\/\",\"url\":\"https:\\\/\\\/marktxxl.de\\\/markt\\\/produkt\\\/waermeguertel-2er-set-4-anwendungen-ohne-chili-8-std-kein-waermeplaster-schonend-zur-haut-heizguertel-mit-waerme-pads-waermetherapie-waermekissen-rueckenguertel-gegen-muskel-rueckschmerzen\\\/\",\"name\":\"W\u00e4rmeg\u00fcrtel 2er Set 4 Anwendungen ohne Chili 8 Std kein W\u00e4rmeplaster schonend zur Haut Heizg\u00fcrtel mit W\u00e4rme Pads\u2026 - Markt-XXL\",\"isPartOf\":{\"@id\":\"https:\\\/\\\/marktxxl.de\\\/markt\\\/#website\"},\"primaryImageOfPage\":{\"@id\":\"https:\\\/\\\/marktxxl.de\\\/markt\\\/produkt\\\/waermeguertel-2er-set-4-anwendungen-ohne-chili-8-std-kein-waermeplaster-schonend-zur-haut-heizguertel-mit-waerme-pads-waermetherapie-waermekissen-rueckenguertel-gegen-muskel-rueckschmerzen\\\/#primaryimage\"},\"image\":{\"@id\":\"https:\\\/\\\/marktxxl.de\\\/markt\\\/produkt\\\/waermeguertel-2er-set-4-anwendungen-ohne-chili-8-std-kein-waermeplaster-schonend-zur-haut-heizguertel-mit-waerme-pads-waermetherapie-waermekissen-rueckenguertel-gegen-muskel-rueckschmerzen\\\/#primaryimage\"},\"thumbnailUrl\":\"https:\\\/\\\/m.media-amazon.com\\\/images\\\/I\\\/51akWFB6cBL._SL500_.jpg\",\"datePublished\":\"2023-02-09T10:08:20+00:00\",\"dateModified\":\"2023-04-10T03:38:19+00:00\",\"description\":\"Markt-XXL W\u00e4rmeg\u00fcrtel 2er Set 4 Anwendungen ohne Chili 8 Std kein W\u00e4rmeplaster schonend zur Haut Heizg\u00fcrtel mit W\u00e4rme Pads\u2026\",\"breadcrumb\":{\"@id\":\"https:\\\/\\\/marktxxl.de\\\/markt\\\/produkt\\\/waermeguertel-2er-set-4-anwendungen-ohne-chili-8-std-kein-waermeplaster-schonend-zur-haut-heizguertel-mit-waerme-pads-waermetherapie-waermekissen-rueckenguertel-gegen-muskel-rueckschmerzen\\\/#breadcrumb\"},\"inLanguage\":\"de\",\"potentialAction\":[{\"@type\":\"ReadAction\",\"target\":[\"https:\\\/\\\/marktxxl.de\\\/markt\\\/produkt\\\/waermeguertel-2er-set-4-anwendungen-ohne-chili-8-std-kein-waermeplaster-schonend-zur-haut-heizguertel-mit-waerme-pads-waermetherapie-waermekissen-rueckenguertel-gegen-muskel-rueckschmerzen\\\/\"]}]},{\"@type\":\"ImageObject\",\"inLanguage\":\"de\",\"@id\":\"https:\\\/\\\/marktxxl.de\\\/markt\\\/produkt\\\/waermeguertel-2er-set-4-anwendungen-ohne-chili-8-std-kein-waermeplaster-schonend-zur-haut-heizguertel-mit-waerme-pads-waermetherapie-waermekissen-rueckenguertel-gegen-muskel-rueckschmerzen\\\/#primaryimage\",\"url\":\"https:\\\/\\\/m.media-amazon.com\\\/images\\\/I\\\/51akWFB6cBL._SL500_.jpg\",\"contentUrl\":\"https:\\\/\\\/m.media-amazon.com\\\/images\\\/I\\\/51akWFB6cBL._SL500_.jpg\",\"width\":382,\"height\":500},{\"@type\":\"BreadcrumbList\",\"@id\":\"https:\\\/\\\/marktxxl.de\\\/markt\\\/produkt\\\/waermeguertel-2er-set-4-anwendungen-ohne-chili-8-std-kein-waermeplaster-schonend-zur-haut-heizguertel-mit-waerme-pads-waermetherapie-waermekissen-rueckenguertel-gegen-muskel-rueckschmerzen\\\/#breadcrumb\",\"itemListElement\":[{\"@type\":\"ListItem\",\"position\":1,\"name\":\"Startseite\",\"item\":\"https:\\\/\\\/marktxxl.de\\\/markt\\\/\"},{\"@type\":\"ListItem\",\"position\":2,\"name\":\"Markt\",\"item\":\"https:\\\/\\\/marktxxl.de\\\/markt\\\/\"},{\"@type\":\"ListItem\",\"position\":3,\"name\":\"W\u00e4rmeg\u00fcrtel 2er Set 4 Anwendungen ohne Chili 8 Std kein W\u00e4rmeplaster schonend zur Haut Heizg\u00fcrtel mit W\u00e4rme Pads\u2026\"}]},{\"@type\":\"WebSite\",\"@id\":\"https:\\\/\\\/marktxxl.de\\\/markt\\\/#website\",\"url\":\"https:\\\/\\\/marktxxl.de\\\/markt\\\/\",\"name\":\"Markt-XXL\",\"description\":\"Ihr Markt Online\",\"publisher\":{\"@id\":\"https:\\\/\\\/marktxxl.de\\\/markt\\\/#organization\"},\"potentialAction\":[{\"@type\":\"SearchAction\",\"target\":{\"@type\":\"EntryPoint\",\"urlTemplate\":\"https:\\\/\\\/marktxxl.de\\\/markt\\\/?s={search_term_string}\"},\"query-input\":{\"@type\":\"PropertyValueSpecification\",\"valueRequired\":true,\"valueName\":\"search_term_string\"}}],\"inLanguage\":\"de\"},{\"@type\":\"Organization\",\"@id\":\"https:\\\/\\\/marktxxl.de\\\/markt\\\/#organization\",\"name\":\"Markt-XXL\",\"url\":\"https:\\\/\\\/marktxxl.de\\\/markt\\\/\",\"logo\":{\"@type\":\"ImageObject\",\"inLanguage\":\"de\",\"@id\":\"https:\\\/\\\/marktxxl.de\\\/markt\\\/#\\\/schema\\\/logo\\\/image\\\/\",\"url\":\"https:\\\/\\\/marktxxl.de\\\/markt\\\/wp-content\\\/uploads\\\/sites\\\/3\\\/2020\\\/12\\\/logo.png\",\"contentUrl\":\"https:\\\/\\\/marktxxl.de\\\/markt\\\/wp-content\\\/uploads\\\/sites\\\/3\\\/2020\\\/12\\\/logo.png\",\"width\":200,\"height\":70,\"caption\":\"Markt-XXL\"},\"image\":{\"@id\":\"https:\\\/\\\/marktxxl.de\\\/markt\\\/#\\\/schema\\\/logo\\\/image\\\/\"}}]}<\/script>\n<!-- \/ Yoast SEO plugin. -->","yoast_head_json":{"title":"W\u00e4rmeg\u00fcrtel 2er Set 4 Anwendungen ohne Chili 8 Std kein W\u00e4rmeplaster schonend zur Haut Heizg\u00fcrtel mit W\u00e4rme Pads\u2026 - Markt-XXL","description":"Markt-XXL W\u00e4rmeg\u00fcrtel 2er Set 4 Anwendungen ohne Chili 8 Std kein W\u00e4rmeplaster schonend zur Haut Heizg\u00fcrtel mit W\u00e4rme Pads\u2026","robots":{"index":"index","follow":"follow","max-snippet":"max-snippet:-1","max-image-preview":"max-image-preview:large","max-video-preview":"max-video-preview:-1"},"canonical":"https:\/\/marktxxl.de\/markt\/produkt\/waermeguertel-2er-set-4-anwendungen-ohne-chili-8-std-kein-waermeplaster-schonend-zur-haut-heizguertel-mit-waerme-pads-waermetherapie-waermekissen-rueckenguertel-gegen-muskel-rueckschmerzen\/","og_locale":"de_DE","og_type":"article","og_title":"W\u00e4rmeg\u00fcrtel 2er Set 4 Anwendungen ohne Chili 8 Std kein W\u00e4rmeplaster schonend zur Haut Heizg\u00fcrtel mit W\u00e4rme Pads\u2026 - Markt-XXL","og_description":"Markt-XXL W\u00e4rmeg\u00fcrtel 2er Set 4 Anwendungen ohne Chili 8 Std kein W\u00e4rmeplaster schonend zur Haut Heizg\u00fcrtel mit W\u00e4rme Pads\u2026","og_url":"https:\/\/marktxxl.de\/markt\/produkt\/waermeguertel-2er-set-4-anwendungen-ohne-chili-8-std-kein-waermeplaster-schonend-zur-haut-heizguertel-mit-waerme-pads-waermetherapie-waermekissen-rueckenguertel-gegen-muskel-rueckschmerzen\/","og_site_name":"Markt-XXL","article_modified_time":"2023-04-10T03:38:19+00:00","og_image":[{"width":382,"height":500,"url":"https:\/\/m.media-amazon.com\/images\/I\/51akWFB6cBL._SL500_.jpg","type":"image\/jpeg"}],"twitter_card":"summary_large_image","twitter_misc":{"Gesch\u00e4tzte Lesezeit":"1\u00a0Minute"},"schema":{"@context":"https:\/\/schema.org","@graph":[{"@type":"WebPage","@id":"https:\/\/marktxxl.de\/markt\/produkt\/waermeguertel-2er-set-4-anwendungen-ohne-chili-8-std-kein-waermeplaster-schonend-zur-haut-heizguertel-mit-waerme-pads-waermetherapie-waermekissen-rueckenguertel-gegen-muskel-rueckschmerzen\/","url":"https:\/\/marktxxl.de\/markt\/produkt\/waermeguertel-2er-set-4-anwendungen-ohne-chili-8-std-kein-waermeplaster-schonend-zur-haut-heizguertel-mit-waerme-pads-waermetherapie-waermekissen-rueckenguertel-gegen-muskel-rueckschmerzen\/","name":"W\u00e4rmeg\u00fcrtel 2er Set 4 Anwendungen ohne Chili 8 Std kein W\u00e4rmeplaster schonend zur Haut Heizg\u00fcrtel mit W\u00e4rme Pads\u2026 - Markt-XXL","isPartOf":{"@id":"https:\/\/marktxxl.de\/markt\/#website"},"primaryImageOfPage":{"@id":"https:\/\/marktxxl.de\/markt\/produkt\/waermeguertel-2er-set-4-anwendungen-ohne-chili-8-std-kein-waermeplaster-schonend-zur-haut-heizguertel-mit-waerme-pads-waermetherapie-waermekissen-rueckenguertel-gegen-muskel-rueckschmerzen\/#primaryimage"},"image":{"@id":"https:\/\/marktxxl.de\/markt\/produkt\/waermeguertel-2er-set-4-anwendungen-ohne-chili-8-std-kein-waermeplaster-schonend-zur-haut-heizguertel-mit-waerme-pads-waermetherapie-waermekissen-rueckenguertel-gegen-muskel-rueckschmerzen\/#primaryimage"},"thumbnailUrl":"https:\/\/m.media-amazon.com\/images\/I\/51akWFB6cBL._SL500_.jpg","datePublished":"2023-02-09T10:08:20+00:00","dateModified":"2023-04-10T03:38:19+00:00","description":"Markt-XXL W\u00e4rmeg\u00fcrtel 2er Set 4 Anwendungen ohne Chili 8 Std kein W\u00e4rmeplaster schonend zur Haut Heizg\u00fcrtel mit W\u00e4rme Pads\u2026","breadcrumb":{"@id":"https:\/\/marktxxl.de\/markt\/produkt\/waermeguertel-2er-set-4-anwendungen-ohne-chili-8-std-kein-waermeplaster-schonend-zur-haut-heizguertel-mit-waerme-pads-waermetherapie-waermekissen-rueckenguertel-gegen-muskel-rueckschmerzen\/#breadcrumb"},"inLanguage":"de","potentialAction":[{"@type":"ReadAction","target":["https:\/\/marktxxl.de\/markt\/produkt\/waermeguertel-2er-set-4-anwendungen-ohne-chili-8-std-kein-waermeplaster-schonend-zur-haut-heizguertel-mit-waerme-pads-waermetherapie-waermekissen-rueckenguertel-gegen-muskel-rueckschmerzen\/"]}]},{"@type":"ImageObject","inLanguage":"de","@id":"https:\/\/marktxxl.de\/markt\/produkt\/waermeguertel-2er-set-4-anwendungen-ohne-chili-8-std-kein-waermeplaster-schonend-zur-haut-heizguertel-mit-waerme-pads-waermetherapie-waermekissen-rueckenguertel-gegen-muskel-rueckschmerzen\/#primaryimage","url":"https:\/\/m.media-amazon.com\/images\/I\/51akWFB6cBL._SL500_.jpg","contentUrl":"https:\/\/m.media-amazon.com\/images\/I\/51akWFB6cBL._SL500_.jpg","width":382,"height":500},{"@type":"BreadcrumbList","@id":"https:\/\/marktxxl.de\/markt\/produkt\/waermeguertel-2er-set-4-anwendungen-ohne-chili-8-std-kein-waermeplaster-schonend-zur-haut-heizguertel-mit-waerme-pads-waermetherapie-waermekissen-rueckenguertel-gegen-muskel-rueckschmerzen\/#breadcrumb","itemListElement":[{"@type":"ListItem","position":1,"name":"Startseite","item":"https:\/\/marktxxl.de\/markt\/"},{"@type":"ListItem","position":2,"name":"Markt","item":"https:\/\/marktxxl.de\/markt\/"},{"@type":"ListItem","position":3,"name":"W\u00e4rmeg\u00fcrtel 2er Set 4 Anwendungen ohne Chili 8 Std kein W\u00e4rmeplaster schonend zur Haut Heizg\u00fcrtel mit W\u00e4rme Pads\u2026"}]},{"@type":"WebSite","@id":"https:\/\/marktxxl.de\/markt\/#website","url":"https:\/\/marktxxl.de\/markt\/","name":"Markt-XXL","description":"Ihr Markt Online","publisher":{"@id":"https:\/\/marktxxl.de\/markt\/#organization"},"potentialAction":[{"@type":"SearchAction","target":{"@type":"EntryPoint","urlTemplate":"https:\/\/marktxxl.de\/markt\/?s={search_term_string}"},"query-input":{"@type":"PropertyValueSpecification","valueRequired":true,"valueName":"search_term_string"}}],"inLanguage":"de"},{"@type":"Organization","@id":"https:\/\/marktxxl.de\/markt\/#organization","name":"Markt-XXL","url":"https:\/\/marktxxl.de\/markt\/","logo":{"@type":"ImageObject","inLanguage":"de","@id":"https:\/\/marktxxl.de\/markt\/#\/schema\/logo\/image\/","url":"https:\/\/marktxxl.de\/markt\/wp-content\/uploads\/sites\/3\/2020\/12\/logo.png","contentUrl":"https:\/\/marktxxl.de\/markt\/wp-content\/uploads\/sites\/3\/2020\/12\/logo.png","width":200,"height":70,"caption":"Markt-XXL"},"image":{"@id":"https:\/\/marktxxl.de\/markt\/#\/schema\/logo\/image\/"}}]}},"_links":{"self":[{"href":"https:\/\/marktxxl.de\/markt\/wp-json\/wp\/v2\/product\/190504","targetHints":{"allow":["GET"]}}],"collection":[{"href":"https:\/\/marktxxl.de\/markt\/wp-json\/wp\/v2\/product"}],"about":[{"href":"https:\/\/marktxxl.de\/markt\/wp-json\/wp\/v2\/types\/product"}],"replies":[{"embeddable":true,"href":"https:\/\/marktxxl.de\/markt\/wp-json\/wp\/v2\/comments?post=190504"}],"wp:featuredmedia":[{"embeddable":true,"href":"https:\/\/marktxxl.de\/markt\/wp-json\/wp\/v2\/media\/190505"}],"wp:attachment":[{"href":"https:\/\/marktxxl.de\/markt\/wp-json\/wp\/v2\/media?parent=190504"}],"wp:term":[{"taxonomy":"product_brand","embeddable":true,"href":"https:\/\/marktxxl.de\/markt\/wp-json\/wp\/v2\/product_brand?post=190504"},{"taxonomy":"product_cat","embeddable":true,"href":"https:\/\/marktxxl.de\/markt\/wp-json\/wp\/v2\/product_cat?post=190504"},{"taxonomy":"product_tag","embeddable":true,"href":"https:\/\/marktxxl.de\/markt\/wp-json\/wp\/v2\/product_tag?post=190504"}],"curies":[{"name":"wp","href":"https:\/\/api.w.org\/{rel}","templated":true}]}}