{"id":190300,"date":"2023-02-09T11:01:09","date_gmt":"2023-02-09T10:01:09","guid":{"rendered":"https:\/\/marktxxl.de\/markt\/produkt\/healthy-origins-vitamin-d3-10-000iu-depot-360-weichkapseln-laborgeprueft-glutenfrei-sojafrei-ohne-gentechnik\/"},"modified":"2023-04-11T05:23:16","modified_gmt":"2023-04-11T03:23:16","slug":"healthy-origins-vitamin-d3-10-000iu-depot-360-weichkapseln-laborgeprueft-glutenfrei-sojafrei-ohne-gentechnik","status":"publish","type":"product","link":"https:\/\/marktxxl.de\/markt\/produkt\/healthy-origins-vitamin-d3-10-000iu-depot-360-weichkapseln-laborgeprueft-glutenfrei-sojafrei-ohne-gentechnik\/","title":{"rendered":"Healthy Origins, Vitamin D3, 10.000IU, Depot, 360 Weichkapseln, Laborgepr\u00fcft. Glutenfrei, Sojafrei, Ohne Gentechnik"},"content":{"rendered":"<p>HOCHDOSIERT: Eine Dosis, eine Kapsel, Vitamin D3 von Healthy Origins enth\u00e4lt 10.000 IU Vitamin D, die Sie Ihrem K\u00f6rper jeden zehnten Tag zuf\u00fchren k\u00f6nnen<br \/>\nGUTE VERTR\u00c4GLICHKEIT: Healthy Origins Vitamin D3 zeichnet sich durch gute Bioverf\u00fcgbarkeit aus<br \/>\nHOHE QUALIT\u00c4T: Die Vitamin D3 Kapseln von Healthy Origins werden in unabh\u00e4ngigen Labors auf Qualit\u00e4t und Reinheit getestet<br \/>\nOHNE UNERW\u00dcNSCHTE ZUS\u00c4TZE: Vitamin D3 Weichkapseln von Healthy Origins sind glutenfrei, sojafrei und ohne Gentechnik hergestellt<br \/>\nWICHTIGE VITAMINE: Vitamin D3 von Healthy Origins enth\u00e4lt Vitamin D, welches an einigen Prozessen im menschlichen Organismus beteiligt ist<br \/>\n<div class=\"main-cross-sell\" data-asin=\"B09MWG5M1C\">\n\n\t<div class=\"WooZone-cross-sell-loader\">\n\t\t<div>\n\t\t\t<div id=\"floatingBarsG\">\n\t\t\t\t<div class=\"blockG\" id=\"rotateG_01\"><\/div>\n\t\t\t\t<div class=\"blockG\" id=\"rotateG_02\"><\/div>\n\t\t\t\t<div class=\"blockG\" id=\"rotateG_03\"><\/div>\n\t\t\t\t<div class=\"blockG\" id=\"rotateG_04\"><\/div>\n\t\t\t\t<div class=\"blockG\" id=\"rotateG_05\"><\/div>\n\t\t\t\t<div class=\"blockG\" id=\"rotateG_06\"><\/div>\n\t\t\t\t<div class=\"blockG\" id=\"rotateG_07\"><\/div>\n\t\t\t\t<div class=\"blockG\" id=\"rotateG_08\"><\/div>\n\t\t\t<\/div>\n\t\t\t<div class=\"WooZone-cross-sell-loader-text\"><\/div>\n\t\t<\/div>\n\t<\/div>\n\n\t\t\n<\/div>\n<div style=\"clear:both;\"><\/div><\/p>\n","protected":false},"excerpt":{"rendered":"<p>HOCHDOSIERT: Eine Dosis, eine Kapsel, Vitamin D3 von Healthy Origins enth\u00e4lt 10.000 IU Vitamin D, die Sie Ihrem K\u00f6rper jeden zehnten Tag zuf\u00fchren k\u00f6nnen<br \/>\nGUTE VERTR\u00c4GLICHKEIT: Healthy Origins Vitamin D3 zeichnet sich durch gute Bioverf\u00fcgbarkeit aus<br \/>\nHOHE QUALIT\u00c4T: Die Vitamin D3 Kapseln von Healthy Origins werden in unabh\u00e4ngigen Labors auf Qualit\u00e4t und Reinheit getestet<\/p>\n","protected":false},"featured_media":190301,"comment_status":"open","ping_status":"closed","template":"","meta":[],"product_brand":[],"product_cat":[566,6375],"product_tag":[],"class_list":{"0":"post-190300","1":"product","2":"type-product","3":"status-publish","4":"has-post-thumbnail","6":"product_cat-drogerie-koerperpflege","7":"product_cat-vitamine-mineralien-ergaenzungsmittel","8":"pa_brand-healthy-origins","9":"pa_height-5-43306-zoll","10":"pa_languages-unbekannt-deutsch-unbekannt-englisch-unbekannt-franzoesisch-unbekannt-spanisch-unbekannt-italienisch","11":"pa_length-2-91338-zoll","12":"pa_manufacturer-healthy-origins","13":"pa_size-360-stueck-1er-pack","14":"pa_width-2-91338-zoll","16":"first","17":"instock","18":"shipping-taxable","19":"purchasable","20":"product-type-simple","21":"customify-col","22":"product-has-gallery"},"yoast_head":"<!-- This site is optimized with the Yoast SEO plugin v27.3 - https:\/\/yoast.com\/product\/yoast-seo-wordpress\/ -->\n<title>Healthy Origins, Vitamin D3, 10.000IU, Depot, 360 Weichkapseln, Laborgepr\u00fcft. Glutenfrei, Sojafrei, Ohne Gentechnik - Markt-XXL<\/title>\n<meta name=\"description\" content=\"Markt-XXL Healthy Origins, Vitamin D3, 10.000IU, Depot, 360 Weichkapseln, Laborgepr\u00fcft. Glutenfrei, Sojafrei, Ohne Gentechnik\" \/>\n<meta name=\"robots\" content=\"index, follow, max-snippet:-1, max-image-preview:large, max-video-preview:-1\" \/>\n<link rel=\"canonical\" href=\"https:\/\/marktxxl.de\/markt\/produkt\/healthy-origins-vitamin-d3-10-000iu-depot-360-weichkapseln-laborgeprueft-glutenfrei-sojafrei-ohne-gentechnik\/\" \/>\n<meta property=\"og:locale\" content=\"de_DE\" \/>\n<meta property=\"og:type\" content=\"article\" \/>\n<meta property=\"og:title\" content=\"Healthy Origins, Vitamin D3, 10.000IU, Depot, 360 Weichkapseln, Laborgepr\u00fcft. Glutenfrei, Sojafrei, Ohne Gentechnik - Markt-XXL\" \/>\n<meta property=\"og:description\" content=\"Markt-XXL Healthy Origins, Vitamin D3, 10.000IU, Depot, 360 Weichkapseln, Laborgepr\u00fcft. Glutenfrei, Sojafrei, Ohne Gentechnik\" \/>\n<meta property=\"og:url\" content=\"https:\/\/marktxxl.de\/markt\/produkt\/healthy-origins-vitamin-d3-10-000iu-depot-360-weichkapseln-laborgeprueft-glutenfrei-sojafrei-ohne-gentechnik\/\" \/>\n<meta property=\"og:site_name\" content=\"Markt-XXL\" \/>\n<meta property=\"article:modified_time\" content=\"2023-04-11T03:23:16+00:00\" \/>\n<meta property=\"og:image\" content=\"https:\/\/m.media-amazon.com\/images\/I\/51hCcRc21TL._SL500_.jpg\" \/>\n\t<meta property=\"og:image:width\" content=\"500\" \/>\n\t<meta property=\"og:image:height\" content=\"500\" \/>\n\t<meta property=\"og:image:type\" content=\"image\/jpeg\" \/>\n<meta name=\"twitter:card\" content=\"summary_large_image\" \/>\n<meta name=\"twitter:label1\" content=\"Gesch\u00e4tzte Lesezeit\" \/>\n\t<meta name=\"twitter:data1\" content=\"1\u00a0Minute\" \/>\n<script type=\"application\/ld+json\" class=\"yoast-schema-graph\">{\"@context\":\"https:\\\/\\\/schema.org\",\"@graph\":[{\"@type\":\"WebPage\",\"@id\":\"https:\\\/\\\/marktxxl.de\\\/markt\\\/produkt\\\/healthy-origins-vitamin-d3-10-000iu-depot-360-weichkapseln-laborgeprueft-glutenfrei-sojafrei-ohne-gentechnik\\\/\",\"url\":\"https:\\\/\\\/marktxxl.de\\\/markt\\\/produkt\\\/healthy-origins-vitamin-d3-10-000iu-depot-360-weichkapseln-laborgeprueft-glutenfrei-sojafrei-ohne-gentechnik\\\/\",\"name\":\"Healthy Origins, Vitamin D3, 10.000IU, Depot, 360 Weichkapseln, Laborgepr\u00fcft. Glutenfrei, Sojafrei, Ohne Gentechnik - Markt-XXL\",\"isPartOf\":{\"@id\":\"https:\\\/\\\/marktxxl.de\\\/markt\\\/#website\"},\"primaryImageOfPage\":{\"@id\":\"https:\\\/\\\/marktxxl.de\\\/markt\\\/produkt\\\/healthy-origins-vitamin-d3-10-000iu-depot-360-weichkapseln-laborgeprueft-glutenfrei-sojafrei-ohne-gentechnik\\\/#primaryimage\"},\"image\":{\"@id\":\"https:\\\/\\\/marktxxl.de\\\/markt\\\/produkt\\\/healthy-origins-vitamin-d3-10-000iu-depot-360-weichkapseln-laborgeprueft-glutenfrei-sojafrei-ohne-gentechnik\\\/#primaryimage\"},\"thumbnailUrl\":\"https:\\\/\\\/m.media-amazon.com\\\/images\\\/I\\\/51hCcRc21TL._SL500_.jpg\",\"datePublished\":\"2023-02-09T10:01:09+00:00\",\"dateModified\":\"2023-04-11T03:23:16+00:00\",\"description\":\"Markt-XXL Healthy Origins, Vitamin D3, 10.000IU, Depot, 360 Weichkapseln, Laborgepr\u00fcft. Glutenfrei, Sojafrei, Ohne Gentechnik\",\"breadcrumb\":{\"@id\":\"https:\\\/\\\/marktxxl.de\\\/markt\\\/produkt\\\/healthy-origins-vitamin-d3-10-000iu-depot-360-weichkapseln-laborgeprueft-glutenfrei-sojafrei-ohne-gentechnik\\\/#breadcrumb\"},\"inLanguage\":\"de\",\"potentialAction\":[{\"@type\":\"ReadAction\",\"target\":[\"https:\\\/\\\/marktxxl.de\\\/markt\\\/produkt\\\/healthy-origins-vitamin-d3-10-000iu-depot-360-weichkapseln-laborgeprueft-glutenfrei-sojafrei-ohne-gentechnik\\\/\"]}]},{\"@type\":\"ImageObject\",\"inLanguage\":\"de\",\"@id\":\"https:\\\/\\\/marktxxl.de\\\/markt\\\/produkt\\\/healthy-origins-vitamin-d3-10-000iu-depot-360-weichkapseln-laborgeprueft-glutenfrei-sojafrei-ohne-gentechnik\\\/#primaryimage\",\"url\":\"https:\\\/\\\/m.media-amazon.com\\\/images\\\/I\\\/51hCcRc21TL._SL500_.jpg\",\"contentUrl\":\"https:\\\/\\\/m.media-amazon.com\\\/images\\\/I\\\/51hCcRc21TL._SL500_.jpg\",\"width\":500,\"height\":500},{\"@type\":\"BreadcrumbList\",\"@id\":\"https:\\\/\\\/marktxxl.de\\\/markt\\\/produkt\\\/healthy-origins-vitamin-d3-10-000iu-depot-360-weichkapseln-laborgeprueft-glutenfrei-sojafrei-ohne-gentechnik\\\/#breadcrumb\",\"itemListElement\":[{\"@type\":\"ListItem\",\"position\":1,\"name\":\"Startseite\",\"item\":\"https:\\\/\\\/marktxxl.de\\\/markt\\\/\"},{\"@type\":\"ListItem\",\"position\":2,\"name\":\"Markt\",\"item\":\"https:\\\/\\\/marktxxl.de\\\/markt\\\/\"},{\"@type\":\"ListItem\",\"position\":3,\"name\":\"Healthy Origins, Vitamin D3, 10.000IU, Depot, 360 Weichkapseln, Laborgepr\u00fcft. Glutenfrei, Sojafrei, Ohne Gentechnik\"}]},{\"@type\":\"WebSite\",\"@id\":\"https:\\\/\\\/marktxxl.de\\\/markt\\\/#website\",\"url\":\"https:\\\/\\\/marktxxl.de\\\/markt\\\/\",\"name\":\"Markt-XXL\",\"description\":\"Ihr Markt Online\",\"publisher\":{\"@id\":\"https:\\\/\\\/marktxxl.de\\\/markt\\\/#organization\"},\"potentialAction\":[{\"@type\":\"SearchAction\",\"target\":{\"@type\":\"EntryPoint\",\"urlTemplate\":\"https:\\\/\\\/marktxxl.de\\\/markt\\\/?s={search_term_string}\"},\"query-input\":{\"@type\":\"PropertyValueSpecification\",\"valueRequired\":true,\"valueName\":\"search_term_string\"}}],\"inLanguage\":\"de\"},{\"@type\":\"Organization\",\"@id\":\"https:\\\/\\\/marktxxl.de\\\/markt\\\/#organization\",\"name\":\"Markt-XXL\",\"url\":\"https:\\\/\\\/marktxxl.de\\\/markt\\\/\",\"logo\":{\"@type\":\"ImageObject\",\"inLanguage\":\"de\",\"@id\":\"https:\\\/\\\/marktxxl.de\\\/markt\\\/#\\\/schema\\\/logo\\\/image\\\/\",\"url\":\"https:\\\/\\\/marktxxl.de\\\/markt\\\/wp-content\\\/uploads\\\/sites\\\/3\\\/2020\\\/12\\\/logo.png\",\"contentUrl\":\"https:\\\/\\\/marktxxl.de\\\/markt\\\/wp-content\\\/uploads\\\/sites\\\/3\\\/2020\\\/12\\\/logo.png\",\"width\":200,\"height\":70,\"caption\":\"Markt-XXL\"},\"image\":{\"@id\":\"https:\\\/\\\/marktxxl.de\\\/markt\\\/#\\\/schema\\\/logo\\\/image\\\/\"}}]}<\/script>\n<!-- \/ Yoast SEO plugin. -->","yoast_head_json":{"title":"Healthy Origins, Vitamin D3, 10.000IU, Depot, 360 Weichkapseln, Laborgepr\u00fcft. Glutenfrei, Sojafrei, Ohne Gentechnik - Markt-XXL","description":"Markt-XXL Healthy Origins, Vitamin D3, 10.000IU, Depot, 360 Weichkapseln, Laborgepr\u00fcft. Glutenfrei, Sojafrei, Ohne Gentechnik","robots":{"index":"index","follow":"follow","max-snippet":"max-snippet:-1","max-image-preview":"max-image-preview:large","max-video-preview":"max-video-preview:-1"},"canonical":"https:\/\/marktxxl.de\/markt\/produkt\/healthy-origins-vitamin-d3-10-000iu-depot-360-weichkapseln-laborgeprueft-glutenfrei-sojafrei-ohne-gentechnik\/","og_locale":"de_DE","og_type":"article","og_title":"Healthy Origins, Vitamin D3, 10.000IU, Depot, 360 Weichkapseln, Laborgepr\u00fcft. Glutenfrei, Sojafrei, Ohne Gentechnik - Markt-XXL","og_description":"Markt-XXL Healthy Origins, Vitamin D3, 10.000IU, Depot, 360 Weichkapseln, Laborgepr\u00fcft. Glutenfrei, Sojafrei, Ohne Gentechnik","og_url":"https:\/\/marktxxl.de\/markt\/produkt\/healthy-origins-vitamin-d3-10-000iu-depot-360-weichkapseln-laborgeprueft-glutenfrei-sojafrei-ohne-gentechnik\/","og_site_name":"Markt-XXL","article_modified_time":"2023-04-11T03:23:16+00:00","og_image":[{"width":500,"height":500,"url":"https:\/\/m.media-amazon.com\/images\/I\/51hCcRc21TL._SL500_.jpg","type":"image\/jpeg"}],"twitter_card":"summary_large_image","twitter_misc":{"Gesch\u00e4tzte Lesezeit":"1\u00a0Minute"},"schema":{"@context":"https:\/\/schema.org","@graph":[{"@type":"WebPage","@id":"https:\/\/marktxxl.de\/markt\/produkt\/healthy-origins-vitamin-d3-10-000iu-depot-360-weichkapseln-laborgeprueft-glutenfrei-sojafrei-ohne-gentechnik\/","url":"https:\/\/marktxxl.de\/markt\/produkt\/healthy-origins-vitamin-d3-10-000iu-depot-360-weichkapseln-laborgeprueft-glutenfrei-sojafrei-ohne-gentechnik\/","name":"Healthy Origins, Vitamin D3, 10.000IU, Depot, 360 Weichkapseln, Laborgepr\u00fcft. Glutenfrei, Sojafrei, Ohne Gentechnik - Markt-XXL","isPartOf":{"@id":"https:\/\/marktxxl.de\/markt\/#website"},"primaryImageOfPage":{"@id":"https:\/\/marktxxl.de\/markt\/produkt\/healthy-origins-vitamin-d3-10-000iu-depot-360-weichkapseln-laborgeprueft-glutenfrei-sojafrei-ohne-gentechnik\/#primaryimage"},"image":{"@id":"https:\/\/marktxxl.de\/markt\/produkt\/healthy-origins-vitamin-d3-10-000iu-depot-360-weichkapseln-laborgeprueft-glutenfrei-sojafrei-ohne-gentechnik\/#primaryimage"},"thumbnailUrl":"https:\/\/m.media-amazon.com\/images\/I\/51hCcRc21TL._SL500_.jpg","datePublished":"2023-02-09T10:01:09+00:00","dateModified":"2023-04-11T03:23:16+00:00","description":"Markt-XXL Healthy Origins, Vitamin D3, 10.000IU, Depot, 360 Weichkapseln, Laborgepr\u00fcft. Glutenfrei, Sojafrei, Ohne Gentechnik","breadcrumb":{"@id":"https:\/\/marktxxl.de\/markt\/produkt\/healthy-origins-vitamin-d3-10-000iu-depot-360-weichkapseln-laborgeprueft-glutenfrei-sojafrei-ohne-gentechnik\/#breadcrumb"},"inLanguage":"de","potentialAction":[{"@type":"ReadAction","target":["https:\/\/marktxxl.de\/markt\/produkt\/healthy-origins-vitamin-d3-10-000iu-depot-360-weichkapseln-laborgeprueft-glutenfrei-sojafrei-ohne-gentechnik\/"]}]},{"@type":"ImageObject","inLanguage":"de","@id":"https:\/\/marktxxl.de\/markt\/produkt\/healthy-origins-vitamin-d3-10-000iu-depot-360-weichkapseln-laborgeprueft-glutenfrei-sojafrei-ohne-gentechnik\/#primaryimage","url":"https:\/\/m.media-amazon.com\/images\/I\/51hCcRc21TL._SL500_.jpg","contentUrl":"https:\/\/m.media-amazon.com\/images\/I\/51hCcRc21TL._SL500_.jpg","width":500,"height":500},{"@type":"BreadcrumbList","@id":"https:\/\/marktxxl.de\/markt\/produkt\/healthy-origins-vitamin-d3-10-000iu-depot-360-weichkapseln-laborgeprueft-glutenfrei-sojafrei-ohne-gentechnik\/#breadcrumb","itemListElement":[{"@type":"ListItem","position":1,"name":"Startseite","item":"https:\/\/marktxxl.de\/markt\/"},{"@type":"ListItem","position":2,"name":"Markt","item":"https:\/\/marktxxl.de\/markt\/"},{"@type":"ListItem","position":3,"name":"Healthy Origins, Vitamin D3, 10.000IU, Depot, 360 Weichkapseln, Laborgepr\u00fcft. Glutenfrei, Sojafrei, Ohne Gentechnik"}]},{"@type":"WebSite","@id":"https:\/\/marktxxl.de\/markt\/#website","url":"https:\/\/marktxxl.de\/markt\/","name":"Markt-XXL","description":"Ihr Markt Online","publisher":{"@id":"https:\/\/marktxxl.de\/markt\/#organization"},"potentialAction":[{"@type":"SearchAction","target":{"@type":"EntryPoint","urlTemplate":"https:\/\/marktxxl.de\/markt\/?s={search_term_string}"},"query-input":{"@type":"PropertyValueSpecification","valueRequired":true,"valueName":"search_term_string"}}],"inLanguage":"de"},{"@type":"Organization","@id":"https:\/\/marktxxl.de\/markt\/#organization","name":"Markt-XXL","url":"https:\/\/marktxxl.de\/markt\/","logo":{"@type":"ImageObject","inLanguage":"de","@id":"https:\/\/marktxxl.de\/markt\/#\/schema\/logo\/image\/","url":"https:\/\/marktxxl.de\/markt\/wp-content\/uploads\/sites\/3\/2020\/12\/logo.png","contentUrl":"https:\/\/marktxxl.de\/markt\/wp-content\/uploads\/sites\/3\/2020\/12\/logo.png","width":200,"height":70,"caption":"Markt-XXL"},"image":{"@id":"https:\/\/marktxxl.de\/markt\/#\/schema\/logo\/image\/"}}]}},"_links":{"self":[{"href":"https:\/\/marktxxl.de\/markt\/wp-json\/wp\/v2\/product\/190300","targetHints":{"allow":["GET"]}}],"collection":[{"href":"https:\/\/marktxxl.de\/markt\/wp-json\/wp\/v2\/product"}],"about":[{"href":"https:\/\/marktxxl.de\/markt\/wp-json\/wp\/v2\/types\/product"}],"replies":[{"embeddable":true,"href":"https:\/\/marktxxl.de\/markt\/wp-json\/wp\/v2\/comments?post=190300"}],"wp:featuredmedia":[{"embeddable":true,"href":"https:\/\/marktxxl.de\/markt\/wp-json\/wp\/v2\/media\/190301"}],"wp:attachment":[{"href":"https:\/\/marktxxl.de\/markt\/wp-json\/wp\/v2\/media?parent=190300"}],"wp:term":[{"taxonomy":"product_brand","embeddable":true,"href":"https:\/\/marktxxl.de\/markt\/wp-json\/wp\/v2\/product_brand?post=190300"},{"taxonomy":"product_cat","embeddable":true,"href":"https:\/\/marktxxl.de\/markt\/wp-json\/wp\/v2\/product_cat?post=190300"},{"taxonomy":"product_tag","embeddable":true,"href":"https:\/\/marktxxl.de\/markt\/wp-json\/wp\/v2\/product_tag?post=190300"}],"curies":[{"name":"wp","href":"https:\/\/api.w.org\/{rel}","templated":true}]}}