{"id":190283,"date":"2023-02-09T10:59:03","date_gmt":"2023-02-09T09:59:03","guid":{"rendered":"https:\/\/marktxxl.de\/markt\/produkt\/babyforte-folsaeureplus-ohne-jod-schwangerschaftsvitamine-ohne-jod-vegan-180-kapseln-kinderwunsch-vitamine-ohne-jod-alle-b-vitamine\/"},"modified":"2023-04-11T05:23:16","modified_gmt":"2023-04-11T03:23:16","slug":"babyforte-folsaeureplus-ohne-jod-schwangerschaftsvitamine-ohne-jod-vegan-180-kapseln-kinderwunsch-vitamine-ohne-jod-alle-b-vitamine","status":"publish","type":"product","link":"https:\/\/marktxxl.de\/markt\/produkt\/babyforte-folsaeureplus-ohne-jod-schwangerschaftsvitamine-ohne-jod-vegan-180-kapseln-kinderwunsch-vitamine-ohne-jod-alle-b-vitamine\/","title":{"rendered":"BabyFORTE\u00ae Fols\u00e4urePlus OHNE JOD | Schwangerschaftsvitamine ohne Jod | vegan | 180 Kapseln | Kinderwunsch Vitamine ohne\u2026"},"content":{"rendered":"<p>\ud83d\udc9f BELIEBTE KINDERWUNSCH VITAMINE OHNE JOD &amp; SCHWANGERSCHAFT VITAMINE OHNE JOD: F\u00fcr Frauen mit Kinderwunsch, in der Schwangerschaft &amp; Stillzeit, die kein zus\u00e4tzliches Jod aufnehmen m\u00f6chten, bis zu Fols\u00e4ure 800, Quatrefolic, Vitamin B6 Schwangerschaft, Vitamin D &amp; Magnesium<br \/>\n\ud83d\udc76 100 % VEGANE FORMEL: Unsere Schwangerschaft Vitamine ohne Jod kommen ohne tierische Bestandteile aus, ohne Palm\u00f6l &amp; ohne Gentechnik hergestellt, Schwangerschaft Fols\u00e4ure ohne die F\u00fcll-&amp; Bindemittel Magnesiumstearat &amp; Mikrokristalline Cellulose<br \/>\n\ud83c\udf38 TOP PREIS-LEISTUNG: 180 Schwangerschaftsvitamine ohne Jod f\u00fcr bis zu 6 Monate, Einzigartig \u2013 die Einnahme passt sich Deinem Bedarf an. 1. Trimester 2 Kapseln \/ Tag, ab 2. + 3. Trimester bis Ende Stillzeit 1 Kapsel \/ Tag<br \/>\n\ud83d\udc4d SORGF\u00c4LTIG HERGESTELLT: Unsere Fols\u00e4ure Tabletten werden in unabh\u00e4ngigen Labors \u00fcberpr\u00fcft &amp; kontrolliert in Deutschland nach Qualit\u00e4tstandards (GMP, HACCP) hergestellt, unsere Nahrungserg\u00e4nzung Schwangerschaft wird mit \u00c4rzten &amp; Ern\u00e4hrungswissenschaftlern entwickelt<br \/>\n\u2705 100 % GL\u00dcCKLICH: Wir wollen, dass Du mit unseren Nahrungserg\u00e4nzungsmittel Schwangerschaft vollkommen zufrieden bist, bei Fragen melde Dich einfach bei uns &#8211; BabyFORTE Kundenservice ist f\u00fcr Dich da, antwortet individuell &amp; schnell!<br \/>\n<div class=\"main-cross-sell\" data-asin=\"B09311T524\">\n\n\t<div class=\"WooZone-cross-sell-loader\">\n\t\t<div>\n\t\t\t<div id=\"floatingBarsG\">\n\t\t\t\t<div class=\"blockG\" id=\"rotateG_01\"><\/div>\n\t\t\t\t<div class=\"blockG\" id=\"rotateG_02\"><\/div>\n\t\t\t\t<div class=\"blockG\" id=\"rotateG_03\"><\/div>\n\t\t\t\t<div class=\"blockG\" id=\"rotateG_04\"><\/div>\n\t\t\t\t<div class=\"blockG\" id=\"rotateG_05\"><\/div>\n\t\t\t\t<div class=\"blockG\" id=\"rotateG_06\"><\/div>\n\t\t\t\t<div class=\"blockG\" id=\"rotateG_07\"><\/div>\n\t\t\t\t<div class=\"blockG\" id=\"rotateG_08\"><\/div>\n\t\t\t<\/div>\n\t\t\t<div class=\"WooZone-cross-sell-loader-text\"><\/div>\n\t\t<\/div>\n\t<\/div>\n\n\t\t\n<\/div>\n<div style=\"clear:both;\"><\/div><\/p>\n","protected":false},"excerpt":{"rendered":"<p>\ud83d\udc9f BELIEBTE KINDERWUNSCH VITAMINE OHNE JOD &amp; SCHWANGERSCHAFT VITAMINE OHNE JOD: F\u00fcr Frauen mit Kinderwunsch, in der Schwangerschaft &amp; Stillzeit, die kein zus\u00e4tzliches Jod aufnehmen m\u00f6chten, bis zu Fols\u00e4ure 800, Quatrefolic, Vitamin B6 Schwangerschaft, Vitamin D &amp; Magnesium<br \/>\n\ud83d\udc76 100 % VEGANE FORMEL: Unsere Schwangerschaft Vitamine ohne Jod kommen ohne tierische Bestandteile aus, ohne Palm\u00f6l &amp; ohne Gentechnik hergestellt, Schwangerschaft Fols\u00e4ure ohne die F\u00fcll-&amp; Bindemittel Magnesiumstearat &amp; Mikrokristalline Cellulose<br \/>\n\ud83c\udf38 TOP PREIS-LEISTUNG: 180 Schwangerschaftsvitamine ohne Jod f\u00fcr bis zu 6 Monate, Einzigartig \u2013 die Einnahme passt sich Deinem Bedarf an. 1. Trimester 2 Kapseln \/ Tag, ab 2. + 3. Trimester bis Ende Stillzeit 1 Kapsel \/ Tag<\/p>\n","protected":false},"featured_media":190284,"comment_status":"open","ping_status":"closed","template":"","meta":[],"product_brand":[],"product_cat":[566,6375],"product_tag":[],"class_list":{"0":"post-190283","1":"product","2":"type-product","3":"status-publish","4":"has-post-thumbnail","6":"product_cat-drogerie-koerperpflege","7":"product_cat-vitamine-mineralien-ergaenzungsmittel","8":"pa_brand-babyforte","9":"pa_languages-bestandteile-deutsch","10":"pa_manufacturer-babyforte-medical-ug-haftungsbeschraenkt","11":"pa_size-180-stueck-1er-pack","12":"pa_weight-0-338630034432-pfund","14":"first","15":"instock","16":"shipping-taxable","17":"purchasable","18":"product-type-simple","19":"customify-col","20":"product-has-gallery"},"yoast_head":"<!-- This site is optimized with the Yoast SEO plugin v27.4 - https:\/\/yoast.com\/product\/yoast-seo-wordpress\/ -->\n<title>BabyFORTE\u00ae Fols\u00e4urePlus OHNE JOD | Schwangerschaftsvitamine ohne Jod | vegan | 180 Kapseln | Kinderwunsch Vitamine ohne\u2026 - Markt-XXL<\/title>\n<meta name=\"description\" content=\"Markt-XXL BabyFORTE\u00ae Fols\u00e4urePlus OHNE JOD | Schwangerschaftsvitamine ohne Jod | vegan | 180 Kapseln | Kinderwunsch Vitamine ohne\u2026\" \/>\n<meta name=\"robots\" content=\"index, follow, max-snippet:-1, max-image-preview:large, max-video-preview:-1\" \/>\n<link rel=\"canonical\" href=\"https:\/\/marktxxl.de\/markt\/produkt\/babyforte-folsaeureplus-ohne-jod-schwangerschaftsvitamine-ohne-jod-vegan-180-kapseln-kinderwunsch-vitamine-ohne-jod-alle-b-vitamine\/\" \/>\n<meta property=\"og:locale\" content=\"de_DE\" \/>\n<meta property=\"og:type\" content=\"article\" \/>\n<meta property=\"og:title\" content=\"BabyFORTE\u00ae Fols\u00e4urePlus OHNE JOD | Schwangerschaftsvitamine ohne Jod | vegan | 180 Kapseln | Kinderwunsch Vitamine ohne\u2026 - Markt-XXL\" \/>\n<meta property=\"og:description\" content=\"Markt-XXL BabyFORTE\u00ae Fols\u00e4urePlus OHNE JOD | Schwangerschaftsvitamine ohne Jod | vegan | 180 Kapseln | Kinderwunsch Vitamine ohne\u2026\" \/>\n<meta property=\"og:url\" content=\"https:\/\/marktxxl.de\/markt\/produkt\/babyforte-folsaeureplus-ohne-jod-schwangerschaftsvitamine-ohne-jod-vegan-180-kapseln-kinderwunsch-vitamine-ohne-jod-alle-b-vitamine\/\" \/>\n<meta property=\"og:site_name\" content=\"Markt-XXL\" \/>\n<meta property=\"article:modified_time\" content=\"2023-04-11T03:23:16+00:00\" \/>\n<meta property=\"og:image\" content=\"https:\/\/m.media-amazon.com\/images\/I\/518UoslEN1L._SL500_.jpg\" \/>\n\t<meta property=\"og:image:width\" content=\"500\" \/>\n\t<meta property=\"og:image:height\" content=\"500\" \/>\n\t<meta property=\"og:image:type\" content=\"image\/jpeg\" \/>\n<meta name=\"twitter:card\" content=\"summary_large_image\" \/>\n<meta name=\"twitter:label1\" content=\"Gesch\u00e4tzte Lesezeit\" \/>\n\t<meta name=\"twitter:data1\" content=\"1\u00a0Minute\" \/>\n<script type=\"application\/ld+json\" class=\"yoast-schema-graph\">{\"@context\":\"https:\\\/\\\/schema.org\",\"@graph\":[{\"@type\":\"WebPage\",\"@id\":\"https:\\\/\\\/marktxxl.de\\\/markt\\\/produkt\\\/babyforte-folsaeureplus-ohne-jod-schwangerschaftsvitamine-ohne-jod-vegan-180-kapseln-kinderwunsch-vitamine-ohne-jod-alle-b-vitamine\\\/\",\"url\":\"https:\\\/\\\/marktxxl.de\\\/markt\\\/produkt\\\/babyforte-folsaeureplus-ohne-jod-schwangerschaftsvitamine-ohne-jod-vegan-180-kapseln-kinderwunsch-vitamine-ohne-jod-alle-b-vitamine\\\/\",\"name\":\"BabyFORTE\u00ae Fols\u00e4urePlus OHNE JOD | Schwangerschaftsvitamine ohne Jod | vegan | 180 Kapseln | Kinderwunsch Vitamine ohne\u2026 - Markt-XXL\",\"isPartOf\":{\"@id\":\"https:\\\/\\\/marktxxl.de\\\/markt\\\/#website\"},\"primaryImageOfPage\":{\"@id\":\"https:\\\/\\\/marktxxl.de\\\/markt\\\/produkt\\\/babyforte-folsaeureplus-ohne-jod-schwangerschaftsvitamine-ohne-jod-vegan-180-kapseln-kinderwunsch-vitamine-ohne-jod-alle-b-vitamine\\\/#primaryimage\"},\"image\":{\"@id\":\"https:\\\/\\\/marktxxl.de\\\/markt\\\/produkt\\\/babyforte-folsaeureplus-ohne-jod-schwangerschaftsvitamine-ohne-jod-vegan-180-kapseln-kinderwunsch-vitamine-ohne-jod-alle-b-vitamine\\\/#primaryimage\"},\"thumbnailUrl\":\"https:\\\/\\\/m.media-amazon.com\\\/images\\\/I\\\/518UoslEN1L._SL500_.jpg\",\"datePublished\":\"2023-02-09T09:59:03+00:00\",\"dateModified\":\"2023-04-11T03:23:16+00:00\",\"description\":\"Markt-XXL BabyFORTE\u00ae Fols\u00e4urePlus OHNE JOD | Schwangerschaftsvitamine ohne Jod | vegan | 180 Kapseln | Kinderwunsch Vitamine ohne\u2026\",\"breadcrumb\":{\"@id\":\"https:\\\/\\\/marktxxl.de\\\/markt\\\/produkt\\\/babyforte-folsaeureplus-ohne-jod-schwangerschaftsvitamine-ohne-jod-vegan-180-kapseln-kinderwunsch-vitamine-ohne-jod-alle-b-vitamine\\\/#breadcrumb\"},\"inLanguage\":\"de\",\"potentialAction\":[{\"@type\":\"ReadAction\",\"target\":[\"https:\\\/\\\/marktxxl.de\\\/markt\\\/produkt\\\/babyforte-folsaeureplus-ohne-jod-schwangerschaftsvitamine-ohne-jod-vegan-180-kapseln-kinderwunsch-vitamine-ohne-jod-alle-b-vitamine\\\/\"]}]},{\"@type\":\"ImageObject\",\"inLanguage\":\"de\",\"@id\":\"https:\\\/\\\/marktxxl.de\\\/markt\\\/produkt\\\/babyforte-folsaeureplus-ohne-jod-schwangerschaftsvitamine-ohne-jod-vegan-180-kapseln-kinderwunsch-vitamine-ohne-jod-alle-b-vitamine\\\/#primaryimage\",\"url\":\"https:\\\/\\\/m.media-amazon.com\\\/images\\\/I\\\/518UoslEN1L._SL500_.jpg\",\"contentUrl\":\"https:\\\/\\\/m.media-amazon.com\\\/images\\\/I\\\/518UoslEN1L._SL500_.jpg\",\"width\":500,\"height\":500},{\"@type\":\"BreadcrumbList\",\"@id\":\"https:\\\/\\\/marktxxl.de\\\/markt\\\/produkt\\\/babyforte-folsaeureplus-ohne-jod-schwangerschaftsvitamine-ohne-jod-vegan-180-kapseln-kinderwunsch-vitamine-ohne-jod-alle-b-vitamine\\\/#breadcrumb\",\"itemListElement\":[{\"@type\":\"ListItem\",\"position\":1,\"name\":\"Startseite\",\"item\":\"https:\\\/\\\/marktxxl.de\\\/markt\\\/\"},{\"@type\":\"ListItem\",\"position\":2,\"name\":\"Markt\",\"item\":\"https:\\\/\\\/marktxxl.de\\\/markt\\\/\"},{\"@type\":\"ListItem\",\"position\":3,\"name\":\"BabyFORTE\u00ae Fols\u00e4urePlus OHNE JOD | Schwangerschaftsvitamine ohne Jod | vegan | 180 Kapseln | Kinderwunsch Vitamine ohne\u2026\"}]},{\"@type\":\"WebSite\",\"@id\":\"https:\\\/\\\/marktxxl.de\\\/markt\\\/#website\",\"url\":\"https:\\\/\\\/marktxxl.de\\\/markt\\\/\",\"name\":\"Markt-XXL\",\"description\":\"Ihr Markt Online\",\"publisher\":{\"@id\":\"https:\\\/\\\/marktxxl.de\\\/markt\\\/#organization\"},\"potentialAction\":[{\"@type\":\"SearchAction\",\"target\":{\"@type\":\"EntryPoint\",\"urlTemplate\":\"https:\\\/\\\/marktxxl.de\\\/markt\\\/?s={search_term_string}\"},\"query-input\":{\"@type\":\"PropertyValueSpecification\",\"valueRequired\":true,\"valueName\":\"search_term_string\"}}],\"inLanguage\":\"de\"},{\"@type\":\"Organization\",\"@id\":\"https:\\\/\\\/marktxxl.de\\\/markt\\\/#organization\",\"name\":\"Markt-XXL\",\"url\":\"https:\\\/\\\/marktxxl.de\\\/markt\\\/\",\"logo\":{\"@type\":\"ImageObject\",\"inLanguage\":\"de\",\"@id\":\"https:\\\/\\\/marktxxl.de\\\/markt\\\/#\\\/schema\\\/logo\\\/image\\\/\",\"url\":\"https:\\\/\\\/marktxxl.de\\\/markt\\\/wp-content\\\/uploads\\\/sites\\\/3\\\/2020\\\/12\\\/logo.png\",\"contentUrl\":\"https:\\\/\\\/marktxxl.de\\\/markt\\\/wp-content\\\/uploads\\\/sites\\\/3\\\/2020\\\/12\\\/logo.png\",\"width\":200,\"height\":70,\"caption\":\"Markt-XXL\"},\"image\":{\"@id\":\"https:\\\/\\\/marktxxl.de\\\/markt\\\/#\\\/schema\\\/logo\\\/image\\\/\"}}]}<\/script>\n<!-- \/ Yoast SEO plugin. -->","yoast_head_json":{"title":"BabyFORTE\u00ae Fols\u00e4urePlus OHNE JOD | Schwangerschaftsvitamine ohne Jod | vegan | 180 Kapseln | Kinderwunsch Vitamine ohne\u2026 - Markt-XXL","description":"Markt-XXL BabyFORTE\u00ae Fols\u00e4urePlus OHNE JOD | Schwangerschaftsvitamine ohne Jod | vegan | 180 Kapseln | Kinderwunsch Vitamine ohne\u2026","robots":{"index":"index","follow":"follow","max-snippet":"max-snippet:-1","max-image-preview":"max-image-preview:large","max-video-preview":"max-video-preview:-1"},"canonical":"https:\/\/marktxxl.de\/markt\/produkt\/babyforte-folsaeureplus-ohne-jod-schwangerschaftsvitamine-ohne-jod-vegan-180-kapseln-kinderwunsch-vitamine-ohne-jod-alle-b-vitamine\/","og_locale":"de_DE","og_type":"article","og_title":"BabyFORTE\u00ae Fols\u00e4urePlus OHNE JOD | Schwangerschaftsvitamine ohne Jod | vegan | 180 Kapseln | Kinderwunsch Vitamine ohne\u2026 - Markt-XXL","og_description":"Markt-XXL BabyFORTE\u00ae Fols\u00e4urePlus OHNE JOD | Schwangerschaftsvitamine ohne Jod | vegan | 180 Kapseln | Kinderwunsch Vitamine ohne\u2026","og_url":"https:\/\/marktxxl.de\/markt\/produkt\/babyforte-folsaeureplus-ohne-jod-schwangerschaftsvitamine-ohne-jod-vegan-180-kapseln-kinderwunsch-vitamine-ohne-jod-alle-b-vitamine\/","og_site_name":"Markt-XXL","article_modified_time":"2023-04-11T03:23:16+00:00","og_image":[{"width":500,"height":500,"url":"https:\/\/m.media-amazon.com\/images\/I\/518UoslEN1L._SL500_.jpg","type":"image\/jpeg"}],"twitter_card":"summary_large_image","twitter_misc":{"Gesch\u00e4tzte Lesezeit":"1\u00a0Minute"},"schema":{"@context":"https:\/\/schema.org","@graph":[{"@type":"WebPage","@id":"https:\/\/marktxxl.de\/markt\/produkt\/babyforte-folsaeureplus-ohne-jod-schwangerschaftsvitamine-ohne-jod-vegan-180-kapseln-kinderwunsch-vitamine-ohne-jod-alle-b-vitamine\/","url":"https:\/\/marktxxl.de\/markt\/produkt\/babyforte-folsaeureplus-ohne-jod-schwangerschaftsvitamine-ohne-jod-vegan-180-kapseln-kinderwunsch-vitamine-ohne-jod-alle-b-vitamine\/","name":"BabyFORTE\u00ae Fols\u00e4urePlus OHNE JOD | Schwangerschaftsvitamine ohne Jod | vegan | 180 Kapseln | Kinderwunsch Vitamine ohne\u2026 - Markt-XXL","isPartOf":{"@id":"https:\/\/marktxxl.de\/markt\/#website"},"primaryImageOfPage":{"@id":"https:\/\/marktxxl.de\/markt\/produkt\/babyforte-folsaeureplus-ohne-jod-schwangerschaftsvitamine-ohne-jod-vegan-180-kapseln-kinderwunsch-vitamine-ohne-jod-alle-b-vitamine\/#primaryimage"},"image":{"@id":"https:\/\/marktxxl.de\/markt\/produkt\/babyforte-folsaeureplus-ohne-jod-schwangerschaftsvitamine-ohne-jod-vegan-180-kapseln-kinderwunsch-vitamine-ohne-jod-alle-b-vitamine\/#primaryimage"},"thumbnailUrl":"https:\/\/m.media-amazon.com\/images\/I\/518UoslEN1L._SL500_.jpg","datePublished":"2023-02-09T09:59:03+00:00","dateModified":"2023-04-11T03:23:16+00:00","description":"Markt-XXL BabyFORTE\u00ae Fols\u00e4urePlus OHNE JOD | Schwangerschaftsvitamine ohne Jod | vegan | 180 Kapseln | Kinderwunsch Vitamine ohne\u2026","breadcrumb":{"@id":"https:\/\/marktxxl.de\/markt\/produkt\/babyforte-folsaeureplus-ohne-jod-schwangerschaftsvitamine-ohne-jod-vegan-180-kapseln-kinderwunsch-vitamine-ohne-jod-alle-b-vitamine\/#breadcrumb"},"inLanguage":"de","potentialAction":[{"@type":"ReadAction","target":["https:\/\/marktxxl.de\/markt\/produkt\/babyforte-folsaeureplus-ohne-jod-schwangerschaftsvitamine-ohne-jod-vegan-180-kapseln-kinderwunsch-vitamine-ohne-jod-alle-b-vitamine\/"]}]},{"@type":"ImageObject","inLanguage":"de","@id":"https:\/\/marktxxl.de\/markt\/produkt\/babyforte-folsaeureplus-ohne-jod-schwangerschaftsvitamine-ohne-jod-vegan-180-kapseln-kinderwunsch-vitamine-ohne-jod-alle-b-vitamine\/#primaryimage","url":"https:\/\/m.media-amazon.com\/images\/I\/518UoslEN1L._SL500_.jpg","contentUrl":"https:\/\/m.media-amazon.com\/images\/I\/518UoslEN1L._SL500_.jpg","width":500,"height":500},{"@type":"BreadcrumbList","@id":"https:\/\/marktxxl.de\/markt\/produkt\/babyforte-folsaeureplus-ohne-jod-schwangerschaftsvitamine-ohne-jod-vegan-180-kapseln-kinderwunsch-vitamine-ohne-jod-alle-b-vitamine\/#breadcrumb","itemListElement":[{"@type":"ListItem","position":1,"name":"Startseite","item":"https:\/\/marktxxl.de\/markt\/"},{"@type":"ListItem","position":2,"name":"Markt","item":"https:\/\/marktxxl.de\/markt\/"},{"@type":"ListItem","position":3,"name":"BabyFORTE\u00ae Fols\u00e4urePlus OHNE JOD | Schwangerschaftsvitamine ohne Jod | vegan | 180 Kapseln | Kinderwunsch Vitamine ohne\u2026"}]},{"@type":"WebSite","@id":"https:\/\/marktxxl.de\/markt\/#website","url":"https:\/\/marktxxl.de\/markt\/","name":"Markt-XXL","description":"Ihr Markt Online","publisher":{"@id":"https:\/\/marktxxl.de\/markt\/#organization"},"potentialAction":[{"@type":"SearchAction","target":{"@type":"EntryPoint","urlTemplate":"https:\/\/marktxxl.de\/markt\/?s={search_term_string}"},"query-input":{"@type":"PropertyValueSpecification","valueRequired":true,"valueName":"search_term_string"}}],"inLanguage":"de"},{"@type":"Organization","@id":"https:\/\/marktxxl.de\/markt\/#organization","name":"Markt-XXL","url":"https:\/\/marktxxl.de\/markt\/","logo":{"@type":"ImageObject","inLanguage":"de","@id":"https:\/\/marktxxl.de\/markt\/#\/schema\/logo\/image\/","url":"https:\/\/marktxxl.de\/markt\/wp-content\/uploads\/sites\/3\/2020\/12\/logo.png","contentUrl":"https:\/\/marktxxl.de\/markt\/wp-content\/uploads\/sites\/3\/2020\/12\/logo.png","width":200,"height":70,"caption":"Markt-XXL"},"image":{"@id":"https:\/\/marktxxl.de\/markt\/#\/schema\/logo\/image\/"}}]}},"_links":{"self":[{"href":"https:\/\/marktxxl.de\/markt\/wp-json\/wp\/v2\/product\/190283","targetHints":{"allow":["GET"]}}],"collection":[{"href":"https:\/\/marktxxl.de\/markt\/wp-json\/wp\/v2\/product"}],"about":[{"href":"https:\/\/marktxxl.de\/markt\/wp-json\/wp\/v2\/types\/product"}],"replies":[{"embeddable":true,"href":"https:\/\/marktxxl.de\/markt\/wp-json\/wp\/v2\/comments?post=190283"}],"wp:featuredmedia":[{"embeddable":true,"href":"https:\/\/marktxxl.de\/markt\/wp-json\/wp\/v2\/media\/190284"}],"wp:attachment":[{"href":"https:\/\/marktxxl.de\/markt\/wp-json\/wp\/v2\/media?parent=190283"}],"wp:term":[{"taxonomy":"product_brand","embeddable":true,"href":"https:\/\/marktxxl.de\/markt\/wp-json\/wp\/v2\/product_brand?post=190283"},{"taxonomy":"product_cat","embeddable":true,"href":"https:\/\/marktxxl.de\/markt\/wp-json\/wp\/v2\/product_cat?post=190283"},{"taxonomy":"product_tag","embeddable":true,"href":"https:\/\/marktxxl.de\/markt\/wp-json\/wp\/v2\/product_tag?post=190283"}],"curies":[{"name":"wp","href":"https:\/\/api.w.org\/{rel}","templated":true}]}}