{"id":190222,"date":"2023-02-09T10:56:27","date_gmt":"2023-02-09T09:56:27","guid":{"rendered":"https:\/\/marktxxl.de\/markt\/produkt\/carefree-slipeinlagen-plus-normal-mit-leichtem-duft-super-saugstark-um-fluessigkeiten-sofort-einzuschliessen-groesse-normal-56-stueck\/"},"modified":"2023-04-11T05:23:14","modified_gmt":"2023-04-11T03:23:14","slug":"carefree-slipeinlagen-plus-normal-mit-leichtem-duft-super-saugstark-um-fluessigkeiten-sofort-einzuschliessen-groesse-normal-56-stueck","status":"publish","type":"product","link":"https:\/\/marktxxl.de\/markt\/produkt\/carefree-slipeinlagen-plus-normal-mit-leichtem-duft-super-saugstark-um-fluessigkeiten-sofort-einzuschliessen-groesse-normal-56-stueck\/","title":{"rendered":"Carefree Slipeinlagen Plus Normal mit leichtem Duft, super saugstark, um Fl\u00fcssigkeiten sofort einzuschlie\u00dfen, Gr\u00f6\u00dfe\u2026"},"content":{"rendered":"<p>Neuer Slipeinlagenkern und Design \u2013 Die CAREFREE Slipeinlagen Plus Normal mit leichtem Duft verf\u00fcgen \u00fcber einen verbesserten Kern f\u00fcr Komfort, Trockenheit und Geruchsneutralisierung<br \/>\nDie Carefree Plus Normal Slipeinlagen f\u00fcr extra Schutz enthalten 18% mehr pflanzlich basierte Materialien als vorherige Carefree Plus Normal Slipeinlagen<br \/>\nMit angenehmem leichten Duft \u2013 Die Carefree Plus Normal sind weich wie Baumwolle, duften angenehm frisch und der super saugstarke Kern hilft Fl\u00fcssigkeiten sofort einzuschlie\u00dfen, zus\u00e4tzlich sorgt die neue Technologie f\u00fcr eine noch bessere Fl\u00fcssigkeitsverteilung<br \/>\nLanganhaltendes Frischegef\u00fchl \u2013 Die Carefree Plus Normal Slipeinlagen verleihen extra Schutz, sind besonders d\u00fcnn &amp; diskret und sind frei von Farbstoffen &amp; elementarer Chlorbleiche<br \/>\nLieferumfang \u2013 1 x 56 St\u00fcck Carefree Slipeinlagen Plus Normal mit leichtem Duft, die Plus Slipeinlage f\u00fcr extra Schutz und ein langanhaltendes Frischegef\u00fchl<br \/>\n<div class=\"main-cross-sell\" data-asin=\"B09WN36G4G\">\n\n\t<div class=\"WooZone-cross-sell-loader\">\n\t\t<div>\n\t\t\t<div id=\"floatingBarsG\">\n\t\t\t\t<div class=\"blockG\" id=\"rotateG_01\"><\/div>\n\t\t\t\t<div class=\"blockG\" id=\"rotateG_02\"><\/div>\n\t\t\t\t<div class=\"blockG\" id=\"rotateG_03\"><\/div>\n\t\t\t\t<div class=\"blockG\" id=\"rotateG_04\"><\/div>\n\t\t\t\t<div class=\"blockG\" id=\"rotateG_05\"><\/div>\n\t\t\t\t<div class=\"blockG\" id=\"rotateG_06\"><\/div>\n\t\t\t\t<div class=\"blockG\" id=\"rotateG_07\"><\/div>\n\t\t\t\t<div class=\"blockG\" id=\"rotateG_08\"><\/div>\n\t\t\t<\/div>\n\t\t\t<div class=\"WooZone-cross-sell-loader-text\"><\/div>\n\t\t<\/div>\n\t<\/div>\n\n\t\t\n<\/div>\n<div style=\"clear:both;\"><\/div><\/p>\n","protected":false},"excerpt":{"rendered":"<p>Neuer Slipeinlagenkern und Design \u2013 Die CAREFREE Slipeinlagen Plus Normal mit leichtem Duft verf\u00fcgen \u00fcber einen verbesserten Kern f\u00fcr Komfort, Trockenheit und Geruchsneutralisierung<br \/>\nDie Carefree Plus Normal Slipeinlagen f\u00fcr extra Schutz enthalten 18% mehr pflanzlich basierte Materialien als vorherige Carefree Plus Normal Slipeinlagen<br \/>\nMit angenehmem leichten Duft \u2013 Die Carefree Plus Normal sind weich wie Baumwolle, duften angenehm frisch und der super saugstarke Kern hilft Fl\u00fcssigkeiten sofort einzuschlie\u00dfen, zus\u00e4tzlich sorgt die neue Technologie f\u00fcr eine noch bessere Fl\u00fcssigkeitsverteilung<\/p>\n","protected":false},"featured_media":190223,"comment_status":"open","ping_status":"closed","template":"","meta":[],"product_brand":[],"product_cat":[566,5680],"product_tag":[],"class_list":{"0":"post-190222","1":"product","2":"type-product","3":"status-publish","4":"has-post-thumbnail","6":"product_cat-drogerie-koerperpflege","7":"product_cat-intime-pflege-hygiene","8":"pa_binding-badartikel","9":"pa_brand-carefree","10":"pa_color-weiiss","11":"pa_height-6-25983-zoll","12":"pa_languages-bestandteile-polnisch","13":"pa_length-2-51968-zoll","14":"pa_manufacturer-johnson-johnson-gmbh","15":"pa_model-49091","16":"pa_size-56-stueck-1er-pack","17":"pa_weight-0-32407952514-pfund","18":"pa_width-5-66928-zoll","20":"first","21":"instock","22":"shipping-taxable","23":"purchasable","24":"product-type-simple","25":"customify-col","26":"product-has-gallery"},"yoast_head":"<!-- This site is optimized with the Yoast SEO plugin v27.3 - https:\/\/yoast.com\/product\/yoast-seo-wordpress\/ -->\n<title>Carefree Slipeinlagen Plus Normal mit leichtem Duft, super saugstark, um Fl\u00fcssigkeiten sofort einzuschlie\u00dfen, Gr\u00f6\u00dfe\u2026 - Markt-XXL<\/title>\n<meta name=\"description\" content=\"Markt-XXL Carefree Slipeinlagen Plus Normal mit leichtem Duft, super saugstark, um Fl\u00fcssigkeiten sofort einzuschlie\u00dfen, Gr\u00f6\u00dfe\u2026\" \/>\n<meta name=\"robots\" content=\"index, follow, max-snippet:-1, max-image-preview:large, max-video-preview:-1\" \/>\n<link rel=\"canonical\" href=\"https:\/\/marktxxl.de\/markt\/produkt\/carefree-slipeinlagen-plus-normal-mit-leichtem-duft-super-saugstark-um-fluessigkeiten-sofort-einzuschliessen-groesse-normal-56-stueck\/\" \/>\n<meta property=\"og:locale\" content=\"de_DE\" \/>\n<meta property=\"og:type\" content=\"article\" \/>\n<meta property=\"og:title\" content=\"Carefree Slipeinlagen Plus Normal mit leichtem Duft, super saugstark, um Fl\u00fcssigkeiten sofort einzuschlie\u00dfen, Gr\u00f6\u00dfe\u2026 - Markt-XXL\" \/>\n<meta property=\"og:description\" content=\"Markt-XXL Carefree Slipeinlagen Plus Normal mit leichtem Duft, super saugstark, um Fl\u00fcssigkeiten sofort einzuschlie\u00dfen, Gr\u00f6\u00dfe\u2026\" \/>\n<meta property=\"og:url\" content=\"https:\/\/marktxxl.de\/markt\/produkt\/carefree-slipeinlagen-plus-normal-mit-leichtem-duft-super-saugstark-um-fluessigkeiten-sofort-einzuschliessen-groesse-normal-56-stueck\/\" \/>\n<meta property=\"og:site_name\" content=\"Markt-XXL\" \/>\n<meta property=\"article:modified_time\" content=\"2023-04-11T03:23:14+00:00\" \/>\n<meta property=\"og:image\" content=\"https:\/\/m.media-amazon.com\/images\/I\/41SdQO2+S+L._SL500_.jpg\" \/>\n\t<meta property=\"og:image:width\" content=\"500\" \/>\n\t<meta property=\"og:image:height\" content=\"500\" \/>\n\t<meta property=\"og:image:type\" content=\"image\/jpeg\" \/>\n<meta name=\"twitter:card\" content=\"summary_large_image\" \/>\n<meta name=\"twitter:label1\" content=\"Gesch\u00e4tzte Lesezeit\" \/>\n\t<meta name=\"twitter:data1\" content=\"1\u00a0Minute\" \/>\n<script type=\"application\/ld+json\" class=\"yoast-schema-graph\">{\"@context\":\"https:\\\/\\\/schema.org\",\"@graph\":[{\"@type\":\"WebPage\",\"@id\":\"https:\\\/\\\/marktxxl.de\\\/markt\\\/produkt\\\/carefree-slipeinlagen-plus-normal-mit-leichtem-duft-super-saugstark-um-fluessigkeiten-sofort-einzuschliessen-groesse-normal-56-stueck\\\/\",\"url\":\"https:\\\/\\\/marktxxl.de\\\/markt\\\/produkt\\\/carefree-slipeinlagen-plus-normal-mit-leichtem-duft-super-saugstark-um-fluessigkeiten-sofort-einzuschliessen-groesse-normal-56-stueck\\\/\",\"name\":\"Carefree Slipeinlagen Plus Normal mit leichtem Duft, super saugstark, um Fl\u00fcssigkeiten sofort einzuschlie\u00dfen, Gr\u00f6\u00dfe\u2026 - Markt-XXL\",\"isPartOf\":{\"@id\":\"https:\\\/\\\/marktxxl.de\\\/markt\\\/#website\"},\"primaryImageOfPage\":{\"@id\":\"https:\\\/\\\/marktxxl.de\\\/markt\\\/produkt\\\/carefree-slipeinlagen-plus-normal-mit-leichtem-duft-super-saugstark-um-fluessigkeiten-sofort-einzuschliessen-groesse-normal-56-stueck\\\/#primaryimage\"},\"image\":{\"@id\":\"https:\\\/\\\/marktxxl.de\\\/markt\\\/produkt\\\/carefree-slipeinlagen-plus-normal-mit-leichtem-duft-super-saugstark-um-fluessigkeiten-sofort-einzuschliessen-groesse-normal-56-stueck\\\/#primaryimage\"},\"thumbnailUrl\":\"https:\\\/\\\/m.media-amazon.com\\\/images\\\/I\\\/41SdQO2+S+L._SL500_.jpg\",\"datePublished\":\"2023-02-09T09:56:27+00:00\",\"dateModified\":\"2023-04-11T03:23:14+00:00\",\"description\":\"Markt-XXL Carefree Slipeinlagen Plus Normal mit leichtem Duft, super saugstark, um Fl\u00fcssigkeiten sofort einzuschlie\u00dfen, Gr\u00f6\u00dfe\u2026\",\"breadcrumb\":{\"@id\":\"https:\\\/\\\/marktxxl.de\\\/markt\\\/produkt\\\/carefree-slipeinlagen-plus-normal-mit-leichtem-duft-super-saugstark-um-fluessigkeiten-sofort-einzuschliessen-groesse-normal-56-stueck\\\/#breadcrumb\"},\"inLanguage\":\"de\",\"potentialAction\":[{\"@type\":\"ReadAction\",\"target\":[\"https:\\\/\\\/marktxxl.de\\\/markt\\\/produkt\\\/carefree-slipeinlagen-plus-normal-mit-leichtem-duft-super-saugstark-um-fluessigkeiten-sofort-einzuschliessen-groesse-normal-56-stueck\\\/\"]}]},{\"@type\":\"ImageObject\",\"inLanguage\":\"de\",\"@id\":\"https:\\\/\\\/marktxxl.de\\\/markt\\\/produkt\\\/carefree-slipeinlagen-plus-normal-mit-leichtem-duft-super-saugstark-um-fluessigkeiten-sofort-einzuschliessen-groesse-normal-56-stueck\\\/#primaryimage\",\"url\":\"https:\\\/\\\/m.media-amazon.com\\\/images\\\/I\\\/41SdQO2+S+L._SL500_.jpg\",\"contentUrl\":\"https:\\\/\\\/m.media-amazon.com\\\/images\\\/I\\\/41SdQO2+S+L._SL500_.jpg\",\"width\":500,\"height\":500},{\"@type\":\"BreadcrumbList\",\"@id\":\"https:\\\/\\\/marktxxl.de\\\/markt\\\/produkt\\\/carefree-slipeinlagen-plus-normal-mit-leichtem-duft-super-saugstark-um-fluessigkeiten-sofort-einzuschliessen-groesse-normal-56-stueck\\\/#breadcrumb\",\"itemListElement\":[{\"@type\":\"ListItem\",\"position\":1,\"name\":\"Startseite\",\"item\":\"https:\\\/\\\/marktxxl.de\\\/markt\\\/\"},{\"@type\":\"ListItem\",\"position\":2,\"name\":\"Markt\",\"item\":\"https:\\\/\\\/marktxxl.de\\\/markt\\\/\"},{\"@type\":\"ListItem\",\"position\":3,\"name\":\"Carefree Slipeinlagen Plus Normal mit leichtem Duft, super saugstark, um Fl\u00fcssigkeiten sofort einzuschlie\u00dfen, Gr\u00f6\u00dfe\u2026\"}]},{\"@type\":\"WebSite\",\"@id\":\"https:\\\/\\\/marktxxl.de\\\/markt\\\/#website\",\"url\":\"https:\\\/\\\/marktxxl.de\\\/markt\\\/\",\"name\":\"Markt-XXL\",\"description\":\"Ihr Markt Online\",\"publisher\":{\"@id\":\"https:\\\/\\\/marktxxl.de\\\/markt\\\/#organization\"},\"potentialAction\":[{\"@type\":\"SearchAction\",\"target\":{\"@type\":\"EntryPoint\",\"urlTemplate\":\"https:\\\/\\\/marktxxl.de\\\/markt\\\/?s={search_term_string}\"},\"query-input\":{\"@type\":\"PropertyValueSpecification\",\"valueRequired\":true,\"valueName\":\"search_term_string\"}}],\"inLanguage\":\"de\"},{\"@type\":\"Organization\",\"@id\":\"https:\\\/\\\/marktxxl.de\\\/markt\\\/#organization\",\"name\":\"Markt-XXL\",\"url\":\"https:\\\/\\\/marktxxl.de\\\/markt\\\/\",\"logo\":{\"@type\":\"ImageObject\",\"inLanguage\":\"de\",\"@id\":\"https:\\\/\\\/marktxxl.de\\\/markt\\\/#\\\/schema\\\/logo\\\/image\\\/\",\"url\":\"https:\\\/\\\/marktxxl.de\\\/markt\\\/wp-content\\\/uploads\\\/sites\\\/3\\\/2020\\\/12\\\/logo.png\",\"contentUrl\":\"https:\\\/\\\/marktxxl.de\\\/markt\\\/wp-content\\\/uploads\\\/sites\\\/3\\\/2020\\\/12\\\/logo.png\",\"width\":200,\"height\":70,\"caption\":\"Markt-XXL\"},\"image\":{\"@id\":\"https:\\\/\\\/marktxxl.de\\\/markt\\\/#\\\/schema\\\/logo\\\/image\\\/\"}}]}<\/script>\n<!-- \/ Yoast SEO plugin. -->","yoast_head_json":{"title":"Carefree Slipeinlagen Plus Normal mit leichtem Duft, super saugstark, um Fl\u00fcssigkeiten sofort einzuschlie\u00dfen, Gr\u00f6\u00dfe\u2026 - Markt-XXL","description":"Markt-XXL Carefree Slipeinlagen Plus Normal mit leichtem Duft, super saugstark, um Fl\u00fcssigkeiten sofort einzuschlie\u00dfen, Gr\u00f6\u00dfe\u2026","robots":{"index":"index","follow":"follow","max-snippet":"max-snippet:-1","max-image-preview":"max-image-preview:large","max-video-preview":"max-video-preview:-1"},"canonical":"https:\/\/marktxxl.de\/markt\/produkt\/carefree-slipeinlagen-plus-normal-mit-leichtem-duft-super-saugstark-um-fluessigkeiten-sofort-einzuschliessen-groesse-normal-56-stueck\/","og_locale":"de_DE","og_type":"article","og_title":"Carefree Slipeinlagen Plus Normal mit leichtem Duft, super saugstark, um Fl\u00fcssigkeiten sofort einzuschlie\u00dfen, Gr\u00f6\u00dfe\u2026 - Markt-XXL","og_description":"Markt-XXL Carefree Slipeinlagen Plus Normal mit leichtem Duft, super saugstark, um Fl\u00fcssigkeiten sofort einzuschlie\u00dfen, Gr\u00f6\u00dfe\u2026","og_url":"https:\/\/marktxxl.de\/markt\/produkt\/carefree-slipeinlagen-plus-normal-mit-leichtem-duft-super-saugstark-um-fluessigkeiten-sofort-einzuschliessen-groesse-normal-56-stueck\/","og_site_name":"Markt-XXL","article_modified_time":"2023-04-11T03:23:14+00:00","og_image":[{"width":500,"height":500,"url":"https:\/\/m.media-amazon.com\/images\/I\/41SdQO2+S+L._SL500_.jpg","type":"image\/jpeg"}],"twitter_card":"summary_large_image","twitter_misc":{"Gesch\u00e4tzte Lesezeit":"1\u00a0Minute"},"schema":{"@context":"https:\/\/schema.org","@graph":[{"@type":"WebPage","@id":"https:\/\/marktxxl.de\/markt\/produkt\/carefree-slipeinlagen-plus-normal-mit-leichtem-duft-super-saugstark-um-fluessigkeiten-sofort-einzuschliessen-groesse-normal-56-stueck\/","url":"https:\/\/marktxxl.de\/markt\/produkt\/carefree-slipeinlagen-plus-normal-mit-leichtem-duft-super-saugstark-um-fluessigkeiten-sofort-einzuschliessen-groesse-normal-56-stueck\/","name":"Carefree Slipeinlagen Plus Normal mit leichtem Duft, super saugstark, um Fl\u00fcssigkeiten sofort einzuschlie\u00dfen, Gr\u00f6\u00dfe\u2026 - Markt-XXL","isPartOf":{"@id":"https:\/\/marktxxl.de\/markt\/#website"},"primaryImageOfPage":{"@id":"https:\/\/marktxxl.de\/markt\/produkt\/carefree-slipeinlagen-plus-normal-mit-leichtem-duft-super-saugstark-um-fluessigkeiten-sofort-einzuschliessen-groesse-normal-56-stueck\/#primaryimage"},"image":{"@id":"https:\/\/marktxxl.de\/markt\/produkt\/carefree-slipeinlagen-plus-normal-mit-leichtem-duft-super-saugstark-um-fluessigkeiten-sofort-einzuschliessen-groesse-normal-56-stueck\/#primaryimage"},"thumbnailUrl":"https:\/\/m.media-amazon.com\/images\/I\/41SdQO2+S+L._SL500_.jpg","datePublished":"2023-02-09T09:56:27+00:00","dateModified":"2023-04-11T03:23:14+00:00","description":"Markt-XXL Carefree Slipeinlagen Plus Normal mit leichtem Duft, super saugstark, um Fl\u00fcssigkeiten sofort einzuschlie\u00dfen, Gr\u00f6\u00dfe\u2026","breadcrumb":{"@id":"https:\/\/marktxxl.de\/markt\/produkt\/carefree-slipeinlagen-plus-normal-mit-leichtem-duft-super-saugstark-um-fluessigkeiten-sofort-einzuschliessen-groesse-normal-56-stueck\/#breadcrumb"},"inLanguage":"de","potentialAction":[{"@type":"ReadAction","target":["https:\/\/marktxxl.de\/markt\/produkt\/carefree-slipeinlagen-plus-normal-mit-leichtem-duft-super-saugstark-um-fluessigkeiten-sofort-einzuschliessen-groesse-normal-56-stueck\/"]}]},{"@type":"ImageObject","inLanguage":"de","@id":"https:\/\/marktxxl.de\/markt\/produkt\/carefree-slipeinlagen-plus-normal-mit-leichtem-duft-super-saugstark-um-fluessigkeiten-sofort-einzuschliessen-groesse-normal-56-stueck\/#primaryimage","url":"https:\/\/m.media-amazon.com\/images\/I\/41SdQO2+S+L._SL500_.jpg","contentUrl":"https:\/\/m.media-amazon.com\/images\/I\/41SdQO2+S+L._SL500_.jpg","width":500,"height":500},{"@type":"BreadcrumbList","@id":"https:\/\/marktxxl.de\/markt\/produkt\/carefree-slipeinlagen-plus-normal-mit-leichtem-duft-super-saugstark-um-fluessigkeiten-sofort-einzuschliessen-groesse-normal-56-stueck\/#breadcrumb","itemListElement":[{"@type":"ListItem","position":1,"name":"Startseite","item":"https:\/\/marktxxl.de\/markt\/"},{"@type":"ListItem","position":2,"name":"Markt","item":"https:\/\/marktxxl.de\/markt\/"},{"@type":"ListItem","position":3,"name":"Carefree Slipeinlagen Plus Normal mit leichtem Duft, super saugstark, um Fl\u00fcssigkeiten sofort einzuschlie\u00dfen, Gr\u00f6\u00dfe\u2026"}]},{"@type":"WebSite","@id":"https:\/\/marktxxl.de\/markt\/#website","url":"https:\/\/marktxxl.de\/markt\/","name":"Markt-XXL","description":"Ihr Markt Online","publisher":{"@id":"https:\/\/marktxxl.de\/markt\/#organization"},"potentialAction":[{"@type":"SearchAction","target":{"@type":"EntryPoint","urlTemplate":"https:\/\/marktxxl.de\/markt\/?s={search_term_string}"},"query-input":{"@type":"PropertyValueSpecification","valueRequired":true,"valueName":"search_term_string"}}],"inLanguage":"de"},{"@type":"Organization","@id":"https:\/\/marktxxl.de\/markt\/#organization","name":"Markt-XXL","url":"https:\/\/marktxxl.de\/markt\/","logo":{"@type":"ImageObject","inLanguage":"de","@id":"https:\/\/marktxxl.de\/markt\/#\/schema\/logo\/image\/","url":"https:\/\/marktxxl.de\/markt\/wp-content\/uploads\/sites\/3\/2020\/12\/logo.png","contentUrl":"https:\/\/marktxxl.de\/markt\/wp-content\/uploads\/sites\/3\/2020\/12\/logo.png","width":200,"height":70,"caption":"Markt-XXL"},"image":{"@id":"https:\/\/marktxxl.de\/markt\/#\/schema\/logo\/image\/"}}]}},"_links":{"self":[{"href":"https:\/\/marktxxl.de\/markt\/wp-json\/wp\/v2\/product\/190222","targetHints":{"allow":["GET"]}}],"collection":[{"href":"https:\/\/marktxxl.de\/markt\/wp-json\/wp\/v2\/product"}],"about":[{"href":"https:\/\/marktxxl.de\/markt\/wp-json\/wp\/v2\/types\/product"}],"replies":[{"embeddable":true,"href":"https:\/\/marktxxl.de\/markt\/wp-json\/wp\/v2\/comments?post=190222"}],"wp:featuredmedia":[{"embeddable":true,"href":"https:\/\/marktxxl.de\/markt\/wp-json\/wp\/v2\/media\/190223"}],"wp:attachment":[{"href":"https:\/\/marktxxl.de\/markt\/wp-json\/wp\/v2\/media?parent=190222"}],"wp:term":[{"taxonomy":"product_brand","embeddable":true,"href":"https:\/\/marktxxl.de\/markt\/wp-json\/wp\/v2\/product_brand?post=190222"},{"taxonomy":"product_cat","embeddable":true,"href":"https:\/\/marktxxl.de\/markt\/wp-json\/wp\/v2\/product_cat?post=190222"},{"taxonomy":"product_tag","embeddable":true,"href":"https:\/\/marktxxl.de\/markt\/wp-json\/wp\/v2\/product_tag?post=190222"}],"curies":[{"name":"wp","href":"https:\/\/api.w.org\/{rel}","templated":true}]}}