{"id":190180,"date":"2023-02-09T10:55:35","date_gmt":"2023-02-09T09:55:35","guid":{"rendered":"https:\/\/marktxxl.de\/markt\/produkt\/50-stueck-servietten-stoffaehnlich-mit-integrierter-bestecktasche-leinengefuehl-saugfaehige-einweg-papier-handservietten-fuer-kueche-bad-partys-hochzeiten-abendessen-oder-veranstaltungen\/"},"modified":"2023-04-11T05:23:14","modified_gmt":"2023-04-11T03:23:14","slug":"50-stueck-servietten-stoffaehnlich-mit-integrierter-bestecktasche-leinengefuehl-saugfaehige-einweg-papier-handservietten-fuer-kueche-bad-partys-hochzeiten-abendessen-oder-veranstaltungen","status":"publish","type":"product","link":"https:\/\/marktxxl.de\/markt\/produkt\/50-stueck-servietten-stoffaehnlich-mit-integrierter-bestecktasche-leinengefuehl-saugfaehige-einweg-papier-handservietten-fuer-kueche-bad-partys-hochzeiten-abendessen-oder-veranstaltungen\/","title":{"rendered":"Blaue Servietten aus Papier wie mit integrierter Bestecktasche, saugf\u00e4hige Einweg-Papierservietten f\u00fcr K\u00fcche, Bad\u2026"},"content":{"rendered":"<p>Hochwertig, luxuri\u00f6s, elegant \u2013 jede Serviette besteht aus verst\u00e4rktem, stoff\u00e4hnlichem Papier f\u00fcr eine gr\u00f6\u00dfere Dicke und Sauberkeit als herk\u00f6mmliche Papiert\u00fccher. Sie werden mit der Qualit\u00e4t unserer Servietten zufrieden sein. Geben Sie sich nicht mit billigen Imitationen zufrieden. Wir stehen hinter unseren Produkten und verleihen Ihrem kulinarischen Erlebnis einen Hauch von Klasse.<br \/>\nBeeindrucken Sie Ihre G\u00e4ste und unz\u00e4hlige Verwendungsm\u00f6glichkeiten: Sie k\u00f6nnen Men\u00fc- und Einladungskarten darin oder Besteck platzieren. Die Airlaid-Serviette von Moyes Home ist das Nonplusultra auf Ihrem Esstisch. Ideal f\u00fcr den t\u00e4glichen Gebrauch wie G\u00e4stezimmer, Esstisch, ausgefallene Anl\u00e4sse und formelle Veranstaltungen wie Jubil\u00e4en, Weinproben, Abschlussfeiern, Brautpartys, Hochzeiten und mehr. Saugf\u00e4hig, langlebig, weich und auch viel umweltfreundlicher als das Nachwaschen von Handt\u00fcchern.<br \/>\nLeinen-filz, sauber und hygienisch \u2013 Airlaid Einweg-Servietten sehen aus und f\u00fchlen sich an wie Leinen \u2013 hochwertige Papiert\u00fccher f\u00fchlen sich sehr \u00e4hnlich an wie eine weiche Leinen-Serviette, sauber und hygienisch, jedes Mal, kann sterilisiert werden. Ihre umweltfreundlichen Servietten sind weich, juckt nicht, zieht nicht auf der Haut.<br \/>\nLanglebig und stark \u2013 Sie sind extrem stark und perfekt langlebig. Es ist schwer, starke und hochwertige Servietten zu finden, die dick genug sind, ohne mehr als eine zu verwenden, aber diese Servietten k\u00f6nnen abgesp\u00fclt und wiederverwendet werden, auch wenn sie nass werden. Exzellentes und elegantes Design, fusselfrei, kein Einf\u00e4deln oder Staub. Statische Elektrizit\u00e4t ist nicht vorhanden und bei Bedarf b\u00fcgeln.<br \/>\nVorteilspackung \u2013 40,6 x 40,6 cm wird vorgefaltet geliefert \u2013 hat eine 1\/8 integrierte Tasche in 50 Count-Box f\u00fcr Besteck, bietet Ihnen genug Servietten f\u00fcr alle Ihre Haushaltsbed\u00fcrfnisse f\u00fcr heute, morgen. Ein enormes Preis-Leistungs-Verh\u00e4ltnis, diese Servietten sind f\u00fcr jeden Anlass geeignet. Wenn Sie unzufrieden sind, k\u00f6nnen Sie uns jederzeit kontaktieren!<br \/>\n<div class=\"main-cross-sell\" data-asin=\"B07KY672SQ\">\n\n\t<div class=\"WooZone-cross-sell-loader\">\n\t\t<div>\n\t\t\t<div id=\"floatingBarsG\">\n\t\t\t\t<div class=\"blockG\" id=\"rotateG_01\"><\/div>\n\t\t\t\t<div class=\"blockG\" id=\"rotateG_02\"><\/div>\n\t\t\t\t<div class=\"blockG\" id=\"rotateG_03\"><\/div>\n\t\t\t\t<div class=\"blockG\" id=\"rotateG_04\"><\/div>\n\t\t\t\t<div class=\"blockG\" id=\"rotateG_05\"><\/div>\n\t\t\t\t<div class=\"blockG\" id=\"rotateG_06\"><\/div>\n\t\t\t\t<div class=\"blockG\" id=\"rotateG_07\"><\/div>\n\t\t\t\t<div class=\"blockG\" id=\"rotateG_08\"><\/div>\n\t\t\t<\/div>\n\t\t\t<div class=\"WooZone-cross-sell-loader-text\"><\/div>\n\t\t<\/div>\n\t<\/div>\n\n\t\t\n<\/div>\n<div style=\"clear:both;\"><\/div><\/p>\n","protected":false},"excerpt":{"rendered":"<p>Hochwertig, luxuri\u00f6s, elegant \u2013 jede Serviette besteht aus verst\u00e4rktem, stoff\u00e4hnlichem Papier f\u00fcr eine gr\u00f6\u00dfere Dicke und Sauberkeit als herk\u00f6mmliche Papiert\u00fccher. Sie werden mit der Qualit\u00e4t unserer Servietten zufrieden sein. Geben Sie sich nicht mit billigen Imitationen zufrieden. Wir stehen hinter unseren Produkten und verleihen Ihrem kulinarischen Erlebnis einen Hauch von Klasse.<br \/>\nBeeindrucken Sie Ihre G\u00e4ste und unz\u00e4hlige Verwendungsm\u00f6glichkeiten: Sie k\u00f6nnen Men\u00fc- und Einladungskarten darin oder Besteck platzieren. Die Airlaid-Serviette von Moyes Home ist das Nonplusultra auf Ihrem Esstisch. Ideal f\u00fcr den t\u00e4glichen Gebrauch wie G\u00e4stezimmer, Esstisch, ausgefallene Anl\u00e4sse und formelle Veranstaltungen wie Jubil\u00e4en, Weinproben, Abschlussfeiern, Brautpartys, Hochzeiten und mehr. Saugf\u00e4hig, langlebig, weich und auch viel umweltfreundlicher als das Nachwaschen von Handt\u00fcchern.<br \/>\nLeinen-filz, sauber und hygienisch \u2013 Airlaid Einweg-Servietten sehen aus und f\u00fchlen sich an wie Leinen \u2013 hochwertige Papiert\u00fccher f\u00fchlen sich sehr \u00e4hnlich an wie eine weiche Leinen-Serviette, sauber und hygienisch, jedes Mal, kann sterilisiert werden. Ihre umweltfreundlichen Servietten sind weich, juckt nicht, zieht nicht auf der Haut.<\/p>\n","protected":false},"featured_media":190181,"comment_status":"open","ping_status":"closed","template":"","meta":[],"product_brand":[],"product_cat":[566,5467],"product_tag":[],"class_list":{"0":"post-190180","1":"product","2":"type-product","3":"status-publish","4":"has-post-thumbnail","6":"product_cat-drogerie-koerperpflege","7":"product_cat-haushaltswaren-reinigungsmittel","8":"pa_brand-moyes-home","9":"pa_manufacturer-moyes","10":"pa_model-p-50","11":"pa_size-16x16","13":"first","14":"instock","15":"shipping-taxable","16":"purchasable","17":"product-type-simple","18":"customify-col","19":"product-has-gallery"},"yoast_head":"<!-- This site is optimized with the Yoast SEO plugin v27.4 - https:\/\/yoast.com\/product\/yoast-seo-wordpress\/ -->\n<title>Blaue Servietten aus Papier wie mit integrierter Bestecktasche, saugf\u00e4hige Einweg-Papierservietten f\u00fcr K\u00fcche, Bad\u2026 - Markt-XXL<\/title>\n<meta name=\"description\" content=\"Markt-XXL Blaue Servietten aus Papier wie mit integrierter Bestecktasche, saugf\u00e4hige Einweg-Papierservietten f\u00fcr K\u00fcche, Bad\u2026\" \/>\n<meta name=\"robots\" content=\"index, follow, max-snippet:-1, max-image-preview:large, max-video-preview:-1\" \/>\n<link rel=\"canonical\" href=\"https:\/\/marktxxl.de\/markt\/produkt\/50-stueck-servietten-stoffaehnlich-mit-integrierter-bestecktasche-leinengefuehl-saugfaehige-einweg-papier-handservietten-fuer-kueche-bad-partys-hochzeiten-abendessen-oder-veranstaltungen\/\" \/>\n<meta property=\"og:locale\" content=\"de_DE\" \/>\n<meta property=\"og:type\" content=\"article\" \/>\n<meta property=\"og:title\" content=\"Blaue Servietten aus Papier wie mit integrierter Bestecktasche, saugf\u00e4hige Einweg-Papierservietten f\u00fcr K\u00fcche, Bad\u2026 - Markt-XXL\" \/>\n<meta property=\"og:description\" content=\"Markt-XXL Blaue Servietten aus Papier wie mit integrierter Bestecktasche, saugf\u00e4hige Einweg-Papierservietten f\u00fcr K\u00fcche, Bad\u2026\" \/>\n<meta property=\"og:url\" content=\"https:\/\/marktxxl.de\/markt\/produkt\/50-stueck-servietten-stoffaehnlich-mit-integrierter-bestecktasche-leinengefuehl-saugfaehige-einweg-papier-handservietten-fuer-kueche-bad-partys-hochzeiten-abendessen-oder-veranstaltungen\/\" \/>\n<meta property=\"og:site_name\" content=\"Markt-XXL\" \/>\n<meta property=\"article:modified_time\" content=\"2023-04-11T03:23:14+00:00\" \/>\n<meta property=\"og:image\" content=\"https:\/\/m.media-amazon.com\/images\/I\/516s0b7aaZL._SL500_.jpg\" \/>\n\t<meta property=\"og:image:width\" content=\"452\" \/>\n\t<meta property=\"og:image:height\" content=\"500\" \/>\n\t<meta property=\"og:image:type\" content=\"image\/jpeg\" \/>\n<meta name=\"twitter:card\" content=\"summary_large_image\" \/>\n<meta name=\"twitter:label1\" content=\"Gesch\u00e4tzte Lesezeit\" \/>\n\t<meta name=\"twitter:data1\" content=\"2\u00a0Minuten\" \/>\n<script type=\"application\/ld+json\" class=\"yoast-schema-graph\">{\"@context\":\"https:\\\/\\\/schema.org\",\"@graph\":[{\"@type\":\"WebPage\",\"@id\":\"https:\\\/\\\/marktxxl.de\\\/markt\\\/produkt\\\/50-stueck-servietten-stoffaehnlich-mit-integrierter-bestecktasche-leinengefuehl-saugfaehige-einweg-papier-handservietten-fuer-kueche-bad-partys-hochzeiten-abendessen-oder-veranstaltungen\\\/\",\"url\":\"https:\\\/\\\/marktxxl.de\\\/markt\\\/produkt\\\/50-stueck-servietten-stoffaehnlich-mit-integrierter-bestecktasche-leinengefuehl-saugfaehige-einweg-papier-handservietten-fuer-kueche-bad-partys-hochzeiten-abendessen-oder-veranstaltungen\\\/\",\"name\":\"Blaue Servietten aus Papier wie mit integrierter Bestecktasche, saugf\u00e4hige Einweg-Papierservietten f\u00fcr K\u00fcche, Bad\u2026 - Markt-XXL\",\"isPartOf\":{\"@id\":\"https:\\\/\\\/marktxxl.de\\\/markt\\\/#website\"},\"primaryImageOfPage\":{\"@id\":\"https:\\\/\\\/marktxxl.de\\\/markt\\\/produkt\\\/50-stueck-servietten-stoffaehnlich-mit-integrierter-bestecktasche-leinengefuehl-saugfaehige-einweg-papier-handservietten-fuer-kueche-bad-partys-hochzeiten-abendessen-oder-veranstaltungen\\\/#primaryimage\"},\"image\":{\"@id\":\"https:\\\/\\\/marktxxl.de\\\/markt\\\/produkt\\\/50-stueck-servietten-stoffaehnlich-mit-integrierter-bestecktasche-leinengefuehl-saugfaehige-einweg-papier-handservietten-fuer-kueche-bad-partys-hochzeiten-abendessen-oder-veranstaltungen\\\/#primaryimage\"},\"thumbnailUrl\":\"https:\\\/\\\/m.media-amazon.com\\\/images\\\/I\\\/516s0b7aaZL._SL500_.jpg\",\"datePublished\":\"2023-02-09T09:55:35+00:00\",\"dateModified\":\"2023-04-11T03:23:14+00:00\",\"description\":\"Markt-XXL Blaue Servietten aus Papier wie mit integrierter Bestecktasche, saugf\u00e4hige Einweg-Papierservietten f\u00fcr K\u00fcche, Bad\u2026\",\"breadcrumb\":{\"@id\":\"https:\\\/\\\/marktxxl.de\\\/markt\\\/produkt\\\/50-stueck-servietten-stoffaehnlich-mit-integrierter-bestecktasche-leinengefuehl-saugfaehige-einweg-papier-handservietten-fuer-kueche-bad-partys-hochzeiten-abendessen-oder-veranstaltungen\\\/#breadcrumb\"},\"inLanguage\":\"de\",\"potentialAction\":[{\"@type\":\"ReadAction\",\"target\":[\"https:\\\/\\\/marktxxl.de\\\/markt\\\/produkt\\\/50-stueck-servietten-stoffaehnlich-mit-integrierter-bestecktasche-leinengefuehl-saugfaehige-einweg-papier-handservietten-fuer-kueche-bad-partys-hochzeiten-abendessen-oder-veranstaltungen\\\/\"]}]},{\"@type\":\"ImageObject\",\"inLanguage\":\"de\",\"@id\":\"https:\\\/\\\/marktxxl.de\\\/markt\\\/produkt\\\/50-stueck-servietten-stoffaehnlich-mit-integrierter-bestecktasche-leinengefuehl-saugfaehige-einweg-papier-handservietten-fuer-kueche-bad-partys-hochzeiten-abendessen-oder-veranstaltungen\\\/#primaryimage\",\"url\":\"https:\\\/\\\/m.media-amazon.com\\\/images\\\/I\\\/516s0b7aaZL._SL500_.jpg\",\"contentUrl\":\"https:\\\/\\\/m.media-amazon.com\\\/images\\\/I\\\/516s0b7aaZL._SL500_.jpg\",\"width\":452,\"height\":500},{\"@type\":\"BreadcrumbList\",\"@id\":\"https:\\\/\\\/marktxxl.de\\\/markt\\\/produkt\\\/50-stueck-servietten-stoffaehnlich-mit-integrierter-bestecktasche-leinengefuehl-saugfaehige-einweg-papier-handservietten-fuer-kueche-bad-partys-hochzeiten-abendessen-oder-veranstaltungen\\\/#breadcrumb\",\"itemListElement\":[{\"@type\":\"ListItem\",\"position\":1,\"name\":\"Startseite\",\"item\":\"https:\\\/\\\/marktxxl.de\\\/markt\\\/\"},{\"@type\":\"ListItem\",\"position\":2,\"name\":\"Markt\",\"item\":\"https:\\\/\\\/marktxxl.de\\\/markt\\\/\"},{\"@type\":\"ListItem\",\"position\":3,\"name\":\"Blaue Servietten aus Papier wie mit integrierter Bestecktasche, saugf\u00e4hige Einweg-Papierservietten f\u00fcr K\u00fcche, Bad\u2026\"}]},{\"@type\":\"WebSite\",\"@id\":\"https:\\\/\\\/marktxxl.de\\\/markt\\\/#website\",\"url\":\"https:\\\/\\\/marktxxl.de\\\/markt\\\/\",\"name\":\"Markt-XXL\",\"description\":\"Ihr Markt Online\",\"publisher\":{\"@id\":\"https:\\\/\\\/marktxxl.de\\\/markt\\\/#organization\"},\"potentialAction\":[{\"@type\":\"SearchAction\",\"target\":{\"@type\":\"EntryPoint\",\"urlTemplate\":\"https:\\\/\\\/marktxxl.de\\\/markt\\\/?s={search_term_string}\"},\"query-input\":{\"@type\":\"PropertyValueSpecification\",\"valueRequired\":true,\"valueName\":\"search_term_string\"}}],\"inLanguage\":\"de\"},{\"@type\":\"Organization\",\"@id\":\"https:\\\/\\\/marktxxl.de\\\/markt\\\/#organization\",\"name\":\"Markt-XXL\",\"url\":\"https:\\\/\\\/marktxxl.de\\\/markt\\\/\",\"logo\":{\"@type\":\"ImageObject\",\"inLanguage\":\"de\",\"@id\":\"https:\\\/\\\/marktxxl.de\\\/markt\\\/#\\\/schema\\\/logo\\\/image\\\/\",\"url\":\"https:\\\/\\\/marktxxl.de\\\/markt\\\/wp-content\\\/uploads\\\/sites\\\/3\\\/2020\\\/12\\\/logo.png\",\"contentUrl\":\"https:\\\/\\\/marktxxl.de\\\/markt\\\/wp-content\\\/uploads\\\/sites\\\/3\\\/2020\\\/12\\\/logo.png\",\"width\":200,\"height\":70,\"caption\":\"Markt-XXL\"},\"image\":{\"@id\":\"https:\\\/\\\/marktxxl.de\\\/markt\\\/#\\\/schema\\\/logo\\\/image\\\/\"}}]}<\/script>\n<!-- \/ Yoast SEO plugin. -->","yoast_head_json":{"title":"Blaue Servietten aus Papier wie mit integrierter Bestecktasche, saugf\u00e4hige Einweg-Papierservietten f\u00fcr K\u00fcche, Bad\u2026 - Markt-XXL","description":"Markt-XXL Blaue Servietten aus Papier wie mit integrierter Bestecktasche, saugf\u00e4hige Einweg-Papierservietten f\u00fcr K\u00fcche, Bad\u2026","robots":{"index":"index","follow":"follow","max-snippet":"max-snippet:-1","max-image-preview":"max-image-preview:large","max-video-preview":"max-video-preview:-1"},"canonical":"https:\/\/marktxxl.de\/markt\/produkt\/50-stueck-servietten-stoffaehnlich-mit-integrierter-bestecktasche-leinengefuehl-saugfaehige-einweg-papier-handservietten-fuer-kueche-bad-partys-hochzeiten-abendessen-oder-veranstaltungen\/","og_locale":"de_DE","og_type":"article","og_title":"Blaue Servietten aus Papier wie mit integrierter Bestecktasche, saugf\u00e4hige Einweg-Papierservietten f\u00fcr K\u00fcche, Bad\u2026 - Markt-XXL","og_description":"Markt-XXL Blaue Servietten aus Papier wie mit integrierter Bestecktasche, saugf\u00e4hige Einweg-Papierservietten f\u00fcr K\u00fcche, Bad\u2026","og_url":"https:\/\/marktxxl.de\/markt\/produkt\/50-stueck-servietten-stoffaehnlich-mit-integrierter-bestecktasche-leinengefuehl-saugfaehige-einweg-papier-handservietten-fuer-kueche-bad-partys-hochzeiten-abendessen-oder-veranstaltungen\/","og_site_name":"Markt-XXL","article_modified_time":"2023-04-11T03:23:14+00:00","og_image":[{"width":452,"height":500,"url":"https:\/\/m.media-amazon.com\/images\/I\/516s0b7aaZL._SL500_.jpg","type":"image\/jpeg"}],"twitter_card":"summary_large_image","twitter_misc":{"Gesch\u00e4tzte Lesezeit":"2\u00a0Minuten"},"schema":{"@context":"https:\/\/schema.org","@graph":[{"@type":"WebPage","@id":"https:\/\/marktxxl.de\/markt\/produkt\/50-stueck-servietten-stoffaehnlich-mit-integrierter-bestecktasche-leinengefuehl-saugfaehige-einweg-papier-handservietten-fuer-kueche-bad-partys-hochzeiten-abendessen-oder-veranstaltungen\/","url":"https:\/\/marktxxl.de\/markt\/produkt\/50-stueck-servietten-stoffaehnlich-mit-integrierter-bestecktasche-leinengefuehl-saugfaehige-einweg-papier-handservietten-fuer-kueche-bad-partys-hochzeiten-abendessen-oder-veranstaltungen\/","name":"Blaue Servietten aus Papier wie mit integrierter Bestecktasche, saugf\u00e4hige Einweg-Papierservietten f\u00fcr K\u00fcche, Bad\u2026 - Markt-XXL","isPartOf":{"@id":"https:\/\/marktxxl.de\/markt\/#website"},"primaryImageOfPage":{"@id":"https:\/\/marktxxl.de\/markt\/produkt\/50-stueck-servietten-stoffaehnlich-mit-integrierter-bestecktasche-leinengefuehl-saugfaehige-einweg-papier-handservietten-fuer-kueche-bad-partys-hochzeiten-abendessen-oder-veranstaltungen\/#primaryimage"},"image":{"@id":"https:\/\/marktxxl.de\/markt\/produkt\/50-stueck-servietten-stoffaehnlich-mit-integrierter-bestecktasche-leinengefuehl-saugfaehige-einweg-papier-handservietten-fuer-kueche-bad-partys-hochzeiten-abendessen-oder-veranstaltungen\/#primaryimage"},"thumbnailUrl":"https:\/\/m.media-amazon.com\/images\/I\/516s0b7aaZL._SL500_.jpg","datePublished":"2023-02-09T09:55:35+00:00","dateModified":"2023-04-11T03:23:14+00:00","description":"Markt-XXL Blaue Servietten aus Papier wie mit integrierter Bestecktasche, saugf\u00e4hige Einweg-Papierservietten f\u00fcr K\u00fcche, Bad\u2026","breadcrumb":{"@id":"https:\/\/marktxxl.de\/markt\/produkt\/50-stueck-servietten-stoffaehnlich-mit-integrierter-bestecktasche-leinengefuehl-saugfaehige-einweg-papier-handservietten-fuer-kueche-bad-partys-hochzeiten-abendessen-oder-veranstaltungen\/#breadcrumb"},"inLanguage":"de","potentialAction":[{"@type":"ReadAction","target":["https:\/\/marktxxl.de\/markt\/produkt\/50-stueck-servietten-stoffaehnlich-mit-integrierter-bestecktasche-leinengefuehl-saugfaehige-einweg-papier-handservietten-fuer-kueche-bad-partys-hochzeiten-abendessen-oder-veranstaltungen\/"]}]},{"@type":"ImageObject","inLanguage":"de","@id":"https:\/\/marktxxl.de\/markt\/produkt\/50-stueck-servietten-stoffaehnlich-mit-integrierter-bestecktasche-leinengefuehl-saugfaehige-einweg-papier-handservietten-fuer-kueche-bad-partys-hochzeiten-abendessen-oder-veranstaltungen\/#primaryimage","url":"https:\/\/m.media-amazon.com\/images\/I\/516s0b7aaZL._SL500_.jpg","contentUrl":"https:\/\/m.media-amazon.com\/images\/I\/516s0b7aaZL._SL500_.jpg","width":452,"height":500},{"@type":"BreadcrumbList","@id":"https:\/\/marktxxl.de\/markt\/produkt\/50-stueck-servietten-stoffaehnlich-mit-integrierter-bestecktasche-leinengefuehl-saugfaehige-einweg-papier-handservietten-fuer-kueche-bad-partys-hochzeiten-abendessen-oder-veranstaltungen\/#breadcrumb","itemListElement":[{"@type":"ListItem","position":1,"name":"Startseite","item":"https:\/\/marktxxl.de\/markt\/"},{"@type":"ListItem","position":2,"name":"Markt","item":"https:\/\/marktxxl.de\/markt\/"},{"@type":"ListItem","position":3,"name":"Blaue Servietten aus Papier wie mit integrierter Bestecktasche, saugf\u00e4hige Einweg-Papierservietten f\u00fcr K\u00fcche, Bad\u2026"}]},{"@type":"WebSite","@id":"https:\/\/marktxxl.de\/markt\/#website","url":"https:\/\/marktxxl.de\/markt\/","name":"Markt-XXL","description":"Ihr Markt Online","publisher":{"@id":"https:\/\/marktxxl.de\/markt\/#organization"},"potentialAction":[{"@type":"SearchAction","target":{"@type":"EntryPoint","urlTemplate":"https:\/\/marktxxl.de\/markt\/?s={search_term_string}"},"query-input":{"@type":"PropertyValueSpecification","valueRequired":true,"valueName":"search_term_string"}}],"inLanguage":"de"},{"@type":"Organization","@id":"https:\/\/marktxxl.de\/markt\/#organization","name":"Markt-XXL","url":"https:\/\/marktxxl.de\/markt\/","logo":{"@type":"ImageObject","inLanguage":"de","@id":"https:\/\/marktxxl.de\/markt\/#\/schema\/logo\/image\/","url":"https:\/\/marktxxl.de\/markt\/wp-content\/uploads\/sites\/3\/2020\/12\/logo.png","contentUrl":"https:\/\/marktxxl.de\/markt\/wp-content\/uploads\/sites\/3\/2020\/12\/logo.png","width":200,"height":70,"caption":"Markt-XXL"},"image":{"@id":"https:\/\/marktxxl.de\/markt\/#\/schema\/logo\/image\/"}}]}},"_links":{"self":[{"href":"https:\/\/marktxxl.de\/markt\/wp-json\/wp\/v2\/product\/190180","targetHints":{"allow":["GET"]}}],"collection":[{"href":"https:\/\/marktxxl.de\/markt\/wp-json\/wp\/v2\/product"}],"about":[{"href":"https:\/\/marktxxl.de\/markt\/wp-json\/wp\/v2\/types\/product"}],"replies":[{"embeddable":true,"href":"https:\/\/marktxxl.de\/markt\/wp-json\/wp\/v2\/comments?post=190180"}],"wp:featuredmedia":[{"embeddable":true,"href":"https:\/\/marktxxl.de\/markt\/wp-json\/wp\/v2\/media\/190181"}],"wp:attachment":[{"href":"https:\/\/marktxxl.de\/markt\/wp-json\/wp\/v2\/media?parent=190180"}],"wp:term":[{"taxonomy":"product_brand","embeddable":true,"href":"https:\/\/marktxxl.de\/markt\/wp-json\/wp\/v2\/product_brand?post=190180"},{"taxonomy":"product_cat","embeddable":true,"href":"https:\/\/marktxxl.de\/markt\/wp-json\/wp\/v2\/product_cat?post=190180"},{"taxonomy":"product_tag","embeddable":true,"href":"https:\/\/marktxxl.de\/markt\/wp-json\/wp\/v2\/product_tag?post=190180"}],"curies":[{"name":"wp","href":"https:\/\/api.w.org\/{rel}","templated":true}]}}