{"id":189931,"date":"2023-02-09T10:43:19","date_gmt":"2023-02-09T09:43:19","guid":{"rendered":"https:\/\/marktxxl.de\/markt\/produkt\/casekoo-matt-power-fuer-samsung-galaxy-s23-plus-huelle-2023-sgs-militaerschutz-stossfeste-kratzfeste-schutzhuelle-anti-fingerabdruck-griffige-case-duenne-handyhuelle-slim-cover-s23-5g-edel-schw\/"},"modified":"2023-04-11T05:23:09","modified_gmt":"2023-04-11T03:23:09","slug":"casekoo-matt-power-fuer-samsung-galaxy-s23-plus-huelle-2023-sgs-militaerschutz-stossfeste-kratzfeste-schutzhuelle-anti-fingerabdruck-griffige-case-duenne-handyhuelle-slim-cover-s23-5g-edel-schw","status":"publish","type":"product","link":"https:\/\/marktxxl.de\/markt\/produkt\/casekoo-matt-power-fuer-samsung-galaxy-s23-plus-huelle-2023-sgs-militaerschutz-stossfeste-kratzfeste-schutzhuelle-anti-fingerabdruck-griffige-case-duenne-handyhuelle-slim-cover-s23-5g-edel-schw\/","title":{"rendered":"CASEKOO Matt Power f\u00fcr Samsung Galaxy S23 Plus H\u00fclle 2023 [SGS-Milit\u00e4rschutz] Sto\u00dffeste Kratzfeste Schutzh\u00fclle (Anti\u2026"},"content":{"rendered":"<p>\ud83c\udfc6[SGS zertifizierte 2X Milit\u00e4rschutz] Kompatibel f\u00fcr Samsung Galaxy S23 Plus H\u00fclle hat 5500 Male Fallteste, aus H\u00f6he von 10Ft (2,44M) und 36+ Winkeln, \u00fcberstanden(Unter Bezugnahme auf Military-Stardard-810G: 2019 Method 516.6).\u300cU+\u300dSto\u00dffeste Airbags +\u300c3-Schicht\u300dVerst\u00e4rker Rand absorbieren starke Sto\u00dfkraft kinderleicht. Diese Matt Power H\u00fclle bietet einen hervorragenden Schutz bei jeder Situation.<br \/>\n*Daten aus SGS Physical Laboratory, basierend auf einem Freifalltest auf einer ebenen Fl\u00e4che. SGS Ref. No. GZMR220802443901<br \/>\n\ud83d\udcf8[Optimierter Kamera &amp; Bildschirm Schutz] Die 1,5mm erh\u00f6hte Kante um Bildschirm und 1,2mm um Kamera, kompatibel f\u00fcr Samusng S23+ H\u00fclle, sch\u00fctzen hocheffektiv die beiden teuersten und zerbrechlichsten Teile des Handys vor Kratzer.<br \/>\n\u2728[Passgenau &amp; Pr\u00e4zis] Kompatibel f\u00fcr Galaxy S23 Plus Handyh\u00fclle, alle Aussparungen sind pr\u00e4zis zum Originalhandy geschnitten. Hohl designende Tasten lassen sich einfach dr\u00fccken und prallen bequem zur\u00fcck. Dank des einteiligen Schnitts passt die H\u00fclle wie angegossen und verhindert effektiv, Staub und Flusen einzudringen und Ihr Handy zu verkratzen.<br \/>\n\ud83d\udc97[Angenehme Haptik &amp; Elegante Optik] Hochpr\u00e4zises, mattes He-025 Material, fasst sich zart an. Die oleophobe Nano-Beschichtung kann zugleich die andere H\u00fcllen schwerzul\u00f6senden Probleme wie Fingerabdr\u00fccke, Kratzer usw. durchbrechen &#8211; Immer sauber und ordentlich. Das Logo schmmiert leicht durch die transluzente R\u00fcckseite. #Taschenfreundlich#<br \/>\n\ud83e\udd17[Schlankes Profil, Sicherer Halt] Der Rahmen der Handyh\u00fclle nimmt ein exklusiv konkaves Design f\u00fcr hervorragenden Grip an, das sich besser an die Kurve der Hand anpasst, l\u00e4sst Ihr Handy sicher und getrost in der Hand halten. Das Schlanke Profil aufgrund des ergonomischen Designs belastet Ihre H\u00e4nde kein bissen. Trozt langer Handhabung nie m\u00f6der f\u00fchlen.<br \/>\n\ud83d\ude4b[Lebenslanger Support, Sorgenfreier Einkauf] 24 Stunden online, keine Wartezeiten. Bei jedem Problem k\u00f6nnen Sie uns \u00fcber die offiziellen Kan\u00e4le kontaktieren.<br \/>\n<div class=\"main-cross-sell\" data-asin=\"B0BNNQ6HTZ\">\n\n\t<div class=\"WooZone-cross-sell-loader\">\n\t\t<div>\n\t\t\t<div id=\"floatingBarsG\">\n\t\t\t\t<div class=\"blockG\" id=\"rotateG_01\"><\/div>\n\t\t\t\t<div class=\"blockG\" id=\"rotateG_02\"><\/div>\n\t\t\t\t<div class=\"blockG\" id=\"rotateG_03\"><\/div>\n\t\t\t\t<div class=\"blockG\" id=\"rotateG_04\"><\/div>\n\t\t\t\t<div class=\"blockG\" id=\"rotateG_05\"><\/div>\n\t\t\t\t<div class=\"blockG\" id=\"rotateG_06\"><\/div>\n\t\t\t\t<div class=\"blockG\" id=\"rotateG_07\"><\/div>\n\t\t\t\t<div class=\"blockG\" id=\"rotateG_08\"><\/div>\n\t\t\t<\/div>\n\t\t\t<div class=\"WooZone-cross-sell-loader-text\"><\/div>\n\t\t<\/div>\n\t<\/div>\n\n\t\t\n<\/div>\n<div style=\"clear:both;\"><\/div><\/p>\n","protected":false},"excerpt":{"rendered":"<p>\ud83c\udfc6[SGS zertifizierte 2X Milit\u00e4rschutz] Kompatibel f\u00fcr Samsung Galaxy S23 Plus H\u00fclle hat 5500 Male Fallteste, aus H\u00f6he von 10Ft (2,44M) und 36+ Winkeln, \u00fcberstanden(Unter Bezugnahme auf Military-Stardard-810G: 2019 Method 516.6).\u300cU+\u300dSto\u00dffeste Airbags +\u300c3-Schicht\u300dVerst\u00e4rker Rand absorbieren starke Sto\u00dfkraft kinderleicht. Diese Matt Power H\u00fclle bietet einen hervorragenden Schutz bei jeder Situation.<br \/>\n*Daten aus SGS Physical Laboratory, basierend auf einem Freifalltest auf einer ebenen Fl\u00e4che. SGS Ref. No. GZMR220802443901<br \/>\n\ud83d\udcf8[Optimierter Kamera &amp; Bildschirm Schutz] Die 1,5mm erh\u00f6hte Kante um Bildschirm und 1,2mm um Kamera, kompatibel f\u00fcr Samusng S23+ H\u00fclle, sch\u00fctzen hocheffektiv die beiden teuersten und zerbrechlichsten Teile des Handys vor Kratzer.<\/p>\n","protected":false},"featured_media":189932,"comment_status":"open","ping_status":"closed","template":"","meta":[],"product_brand":[],"product_cat":[863],"product_tag":[],"class_list":{"0":"post-189931","1":"product","2":"type-product","3":"status-publish","4":"has-post-thumbnail","6":"product_cat-computer-zubehoer","7":"pa_brand-casekoo","8":"pa_color-schwarz","9":"pa_height-6-3779527494-zoll","10":"pa_languages-unbekannt-englisch","11":"pa_length-0-42519684996-zoll","12":"pa_manufacturer-casekoo","13":"pa_model-samsung-galaxy-s23-plus","14":"pa_width-3-16929133535-zoll","16":"first","17":"instock","18":"shipping-taxable","19":"purchasable","20":"product-type-simple","21":"customify-col","22":"product-has-gallery"},"yoast_head":"<!-- This site is optimized with the Yoast SEO plugin v27.4 - https:\/\/yoast.com\/product\/yoast-seo-wordpress\/ -->\n<title>CASEKOO Matt Power f\u00fcr Samsung Galaxy S23 Plus H\u00fclle 2023 [SGS-Milit\u00e4rschutz] Sto\u00dffeste Kratzfeste Schutzh\u00fclle (Anti\u2026 - Markt-XXL<\/title>\n<meta name=\"description\" content=\"Markt-XXL CASEKOO Matt Power f\u00fcr Samsung Galaxy S23 Plus H\u00fclle 2023 [SGS-Milit\u00e4rschutz] Sto\u00dffeste Kratzfeste Schutzh\u00fclle (Anti\u2026\" \/>\n<meta name=\"robots\" content=\"index, follow, max-snippet:-1, max-image-preview:large, max-video-preview:-1\" \/>\n<link rel=\"canonical\" href=\"https:\/\/marktxxl.de\/markt\/produkt\/casekoo-matt-power-fuer-samsung-galaxy-s23-plus-huelle-2023-sgs-militaerschutz-stossfeste-kratzfeste-schutzhuelle-anti-fingerabdruck-griffige-case-duenne-handyhuelle-slim-cover-s23-5g-edel-schw\/\" \/>\n<meta property=\"og:locale\" content=\"de_DE\" \/>\n<meta property=\"og:type\" content=\"article\" \/>\n<meta property=\"og:title\" content=\"CASEKOO Matt Power f\u00fcr Samsung Galaxy S23 Plus H\u00fclle 2023 [SGS-Milit\u00e4rschutz] Sto\u00dffeste Kratzfeste Schutzh\u00fclle (Anti\u2026 - Markt-XXL\" \/>\n<meta property=\"og:description\" content=\"Markt-XXL CASEKOO Matt Power f\u00fcr Samsung Galaxy S23 Plus H\u00fclle 2023 [SGS-Milit\u00e4rschutz] Sto\u00dffeste Kratzfeste Schutzh\u00fclle (Anti\u2026\" \/>\n<meta property=\"og:url\" content=\"https:\/\/marktxxl.de\/markt\/produkt\/casekoo-matt-power-fuer-samsung-galaxy-s23-plus-huelle-2023-sgs-militaerschutz-stossfeste-kratzfeste-schutzhuelle-anti-fingerabdruck-griffige-case-duenne-handyhuelle-slim-cover-s23-5g-edel-schw\/\" \/>\n<meta property=\"og:site_name\" content=\"Markt-XXL\" \/>\n<meta property=\"article:modified_time\" content=\"2023-04-11T03:23:09+00:00\" \/>\n<meta property=\"og:image\" content=\"https:\/\/m.media-amazon.com\/images\/I\/41ebiHf7S5L._SL500_.jpg\" \/>\n\t<meta property=\"og:image:width\" content=\"500\" \/>\n\t<meta property=\"og:image:height\" content=\"500\" \/>\n\t<meta property=\"og:image:type\" content=\"image\/jpeg\" \/>\n<meta name=\"twitter:card\" content=\"summary_large_image\" \/>\n<meta name=\"twitter:label1\" content=\"Gesch\u00e4tzte Lesezeit\" \/>\n\t<meta name=\"twitter:data1\" content=\"2\u00a0Minuten\" \/>\n<script type=\"application\/ld+json\" class=\"yoast-schema-graph\">{\"@context\":\"https:\\\/\\\/schema.org\",\"@graph\":[{\"@type\":\"WebPage\",\"@id\":\"https:\\\/\\\/marktxxl.de\\\/markt\\\/produkt\\\/casekoo-matt-power-fuer-samsung-galaxy-s23-plus-huelle-2023-sgs-militaerschutz-stossfeste-kratzfeste-schutzhuelle-anti-fingerabdruck-griffige-case-duenne-handyhuelle-slim-cover-s23-5g-edel-schw\\\/\",\"url\":\"https:\\\/\\\/marktxxl.de\\\/markt\\\/produkt\\\/casekoo-matt-power-fuer-samsung-galaxy-s23-plus-huelle-2023-sgs-militaerschutz-stossfeste-kratzfeste-schutzhuelle-anti-fingerabdruck-griffige-case-duenne-handyhuelle-slim-cover-s23-5g-edel-schw\\\/\",\"name\":\"CASEKOO Matt Power f\u00fcr Samsung Galaxy S23 Plus H\u00fclle 2023 [SGS-Milit\u00e4rschutz] Sto\u00dffeste Kratzfeste Schutzh\u00fclle (Anti\u2026 - Markt-XXL\",\"isPartOf\":{\"@id\":\"https:\\\/\\\/marktxxl.de\\\/markt\\\/#website\"},\"primaryImageOfPage\":{\"@id\":\"https:\\\/\\\/marktxxl.de\\\/markt\\\/produkt\\\/casekoo-matt-power-fuer-samsung-galaxy-s23-plus-huelle-2023-sgs-militaerschutz-stossfeste-kratzfeste-schutzhuelle-anti-fingerabdruck-griffige-case-duenne-handyhuelle-slim-cover-s23-5g-edel-schw\\\/#primaryimage\"},\"image\":{\"@id\":\"https:\\\/\\\/marktxxl.de\\\/markt\\\/produkt\\\/casekoo-matt-power-fuer-samsung-galaxy-s23-plus-huelle-2023-sgs-militaerschutz-stossfeste-kratzfeste-schutzhuelle-anti-fingerabdruck-griffige-case-duenne-handyhuelle-slim-cover-s23-5g-edel-schw\\\/#primaryimage\"},\"thumbnailUrl\":\"https:\\\/\\\/m.media-amazon.com\\\/images\\\/I\\\/41ebiHf7S5L._SL500_.jpg\",\"datePublished\":\"2023-02-09T09:43:19+00:00\",\"dateModified\":\"2023-04-11T03:23:09+00:00\",\"description\":\"Markt-XXL CASEKOO Matt Power f\u00fcr Samsung Galaxy S23 Plus H\u00fclle 2023 [SGS-Milit\u00e4rschutz] Sto\u00dffeste Kratzfeste Schutzh\u00fclle (Anti\u2026\",\"breadcrumb\":{\"@id\":\"https:\\\/\\\/marktxxl.de\\\/markt\\\/produkt\\\/casekoo-matt-power-fuer-samsung-galaxy-s23-plus-huelle-2023-sgs-militaerschutz-stossfeste-kratzfeste-schutzhuelle-anti-fingerabdruck-griffige-case-duenne-handyhuelle-slim-cover-s23-5g-edel-schw\\\/#breadcrumb\"},\"inLanguage\":\"de\",\"potentialAction\":[{\"@type\":\"ReadAction\",\"target\":[\"https:\\\/\\\/marktxxl.de\\\/markt\\\/produkt\\\/casekoo-matt-power-fuer-samsung-galaxy-s23-plus-huelle-2023-sgs-militaerschutz-stossfeste-kratzfeste-schutzhuelle-anti-fingerabdruck-griffige-case-duenne-handyhuelle-slim-cover-s23-5g-edel-schw\\\/\"]}]},{\"@type\":\"ImageObject\",\"inLanguage\":\"de\",\"@id\":\"https:\\\/\\\/marktxxl.de\\\/markt\\\/produkt\\\/casekoo-matt-power-fuer-samsung-galaxy-s23-plus-huelle-2023-sgs-militaerschutz-stossfeste-kratzfeste-schutzhuelle-anti-fingerabdruck-griffige-case-duenne-handyhuelle-slim-cover-s23-5g-edel-schw\\\/#primaryimage\",\"url\":\"https:\\\/\\\/m.media-amazon.com\\\/images\\\/I\\\/41ebiHf7S5L._SL500_.jpg\",\"contentUrl\":\"https:\\\/\\\/m.media-amazon.com\\\/images\\\/I\\\/41ebiHf7S5L._SL500_.jpg\",\"width\":500,\"height\":500},{\"@type\":\"BreadcrumbList\",\"@id\":\"https:\\\/\\\/marktxxl.de\\\/markt\\\/produkt\\\/casekoo-matt-power-fuer-samsung-galaxy-s23-plus-huelle-2023-sgs-militaerschutz-stossfeste-kratzfeste-schutzhuelle-anti-fingerabdruck-griffige-case-duenne-handyhuelle-slim-cover-s23-5g-edel-schw\\\/#breadcrumb\",\"itemListElement\":[{\"@type\":\"ListItem\",\"position\":1,\"name\":\"Startseite\",\"item\":\"https:\\\/\\\/marktxxl.de\\\/markt\\\/\"},{\"@type\":\"ListItem\",\"position\":2,\"name\":\"Markt\",\"item\":\"https:\\\/\\\/marktxxl.de\\\/markt\\\/\"},{\"@type\":\"ListItem\",\"position\":3,\"name\":\"CASEKOO Matt Power f\u00fcr Samsung Galaxy S23 Plus H\u00fclle 2023 [SGS-Milit\u00e4rschutz] Sto\u00dffeste Kratzfeste Schutzh\u00fclle (Anti\u2026\"}]},{\"@type\":\"WebSite\",\"@id\":\"https:\\\/\\\/marktxxl.de\\\/markt\\\/#website\",\"url\":\"https:\\\/\\\/marktxxl.de\\\/markt\\\/\",\"name\":\"Markt-XXL\",\"description\":\"Ihr Markt Online\",\"publisher\":{\"@id\":\"https:\\\/\\\/marktxxl.de\\\/markt\\\/#organization\"},\"potentialAction\":[{\"@type\":\"SearchAction\",\"target\":{\"@type\":\"EntryPoint\",\"urlTemplate\":\"https:\\\/\\\/marktxxl.de\\\/markt\\\/?s={search_term_string}\"},\"query-input\":{\"@type\":\"PropertyValueSpecification\",\"valueRequired\":true,\"valueName\":\"search_term_string\"}}],\"inLanguage\":\"de\"},{\"@type\":\"Organization\",\"@id\":\"https:\\\/\\\/marktxxl.de\\\/markt\\\/#organization\",\"name\":\"Markt-XXL\",\"url\":\"https:\\\/\\\/marktxxl.de\\\/markt\\\/\",\"logo\":{\"@type\":\"ImageObject\",\"inLanguage\":\"de\",\"@id\":\"https:\\\/\\\/marktxxl.de\\\/markt\\\/#\\\/schema\\\/logo\\\/image\\\/\",\"url\":\"https:\\\/\\\/marktxxl.de\\\/markt\\\/wp-content\\\/uploads\\\/sites\\\/3\\\/2020\\\/12\\\/logo.png\",\"contentUrl\":\"https:\\\/\\\/marktxxl.de\\\/markt\\\/wp-content\\\/uploads\\\/sites\\\/3\\\/2020\\\/12\\\/logo.png\",\"width\":200,\"height\":70,\"caption\":\"Markt-XXL\"},\"image\":{\"@id\":\"https:\\\/\\\/marktxxl.de\\\/markt\\\/#\\\/schema\\\/logo\\\/image\\\/\"}}]}<\/script>\n<!-- \/ Yoast SEO plugin. -->","yoast_head_json":{"title":"CASEKOO Matt Power f\u00fcr Samsung Galaxy S23 Plus H\u00fclle 2023 [SGS-Milit\u00e4rschutz] Sto\u00dffeste Kratzfeste Schutzh\u00fclle (Anti\u2026 - Markt-XXL","description":"Markt-XXL CASEKOO Matt Power f\u00fcr Samsung Galaxy S23 Plus H\u00fclle 2023 [SGS-Milit\u00e4rschutz] Sto\u00dffeste Kratzfeste Schutzh\u00fclle (Anti\u2026","robots":{"index":"index","follow":"follow","max-snippet":"max-snippet:-1","max-image-preview":"max-image-preview:large","max-video-preview":"max-video-preview:-1"},"canonical":"https:\/\/marktxxl.de\/markt\/produkt\/casekoo-matt-power-fuer-samsung-galaxy-s23-plus-huelle-2023-sgs-militaerschutz-stossfeste-kratzfeste-schutzhuelle-anti-fingerabdruck-griffige-case-duenne-handyhuelle-slim-cover-s23-5g-edel-schw\/","og_locale":"de_DE","og_type":"article","og_title":"CASEKOO Matt Power f\u00fcr Samsung Galaxy S23 Plus H\u00fclle 2023 [SGS-Milit\u00e4rschutz] Sto\u00dffeste Kratzfeste Schutzh\u00fclle (Anti\u2026 - Markt-XXL","og_description":"Markt-XXL CASEKOO Matt Power f\u00fcr Samsung Galaxy S23 Plus H\u00fclle 2023 [SGS-Milit\u00e4rschutz] Sto\u00dffeste Kratzfeste Schutzh\u00fclle (Anti\u2026","og_url":"https:\/\/marktxxl.de\/markt\/produkt\/casekoo-matt-power-fuer-samsung-galaxy-s23-plus-huelle-2023-sgs-militaerschutz-stossfeste-kratzfeste-schutzhuelle-anti-fingerabdruck-griffige-case-duenne-handyhuelle-slim-cover-s23-5g-edel-schw\/","og_site_name":"Markt-XXL","article_modified_time":"2023-04-11T03:23:09+00:00","og_image":[{"width":500,"height":500,"url":"https:\/\/m.media-amazon.com\/images\/I\/41ebiHf7S5L._SL500_.jpg","type":"image\/jpeg"}],"twitter_card":"summary_large_image","twitter_misc":{"Gesch\u00e4tzte Lesezeit":"2\u00a0Minuten"},"schema":{"@context":"https:\/\/schema.org","@graph":[{"@type":"WebPage","@id":"https:\/\/marktxxl.de\/markt\/produkt\/casekoo-matt-power-fuer-samsung-galaxy-s23-plus-huelle-2023-sgs-militaerschutz-stossfeste-kratzfeste-schutzhuelle-anti-fingerabdruck-griffige-case-duenne-handyhuelle-slim-cover-s23-5g-edel-schw\/","url":"https:\/\/marktxxl.de\/markt\/produkt\/casekoo-matt-power-fuer-samsung-galaxy-s23-plus-huelle-2023-sgs-militaerschutz-stossfeste-kratzfeste-schutzhuelle-anti-fingerabdruck-griffige-case-duenne-handyhuelle-slim-cover-s23-5g-edel-schw\/","name":"CASEKOO Matt Power f\u00fcr Samsung Galaxy S23 Plus H\u00fclle 2023 [SGS-Milit\u00e4rschutz] Sto\u00dffeste Kratzfeste Schutzh\u00fclle (Anti\u2026 - Markt-XXL","isPartOf":{"@id":"https:\/\/marktxxl.de\/markt\/#website"},"primaryImageOfPage":{"@id":"https:\/\/marktxxl.de\/markt\/produkt\/casekoo-matt-power-fuer-samsung-galaxy-s23-plus-huelle-2023-sgs-militaerschutz-stossfeste-kratzfeste-schutzhuelle-anti-fingerabdruck-griffige-case-duenne-handyhuelle-slim-cover-s23-5g-edel-schw\/#primaryimage"},"image":{"@id":"https:\/\/marktxxl.de\/markt\/produkt\/casekoo-matt-power-fuer-samsung-galaxy-s23-plus-huelle-2023-sgs-militaerschutz-stossfeste-kratzfeste-schutzhuelle-anti-fingerabdruck-griffige-case-duenne-handyhuelle-slim-cover-s23-5g-edel-schw\/#primaryimage"},"thumbnailUrl":"https:\/\/m.media-amazon.com\/images\/I\/41ebiHf7S5L._SL500_.jpg","datePublished":"2023-02-09T09:43:19+00:00","dateModified":"2023-04-11T03:23:09+00:00","description":"Markt-XXL CASEKOO Matt Power f\u00fcr Samsung Galaxy S23 Plus H\u00fclle 2023 [SGS-Milit\u00e4rschutz] Sto\u00dffeste Kratzfeste Schutzh\u00fclle (Anti\u2026","breadcrumb":{"@id":"https:\/\/marktxxl.de\/markt\/produkt\/casekoo-matt-power-fuer-samsung-galaxy-s23-plus-huelle-2023-sgs-militaerschutz-stossfeste-kratzfeste-schutzhuelle-anti-fingerabdruck-griffige-case-duenne-handyhuelle-slim-cover-s23-5g-edel-schw\/#breadcrumb"},"inLanguage":"de","potentialAction":[{"@type":"ReadAction","target":["https:\/\/marktxxl.de\/markt\/produkt\/casekoo-matt-power-fuer-samsung-galaxy-s23-plus-huelle-2023-sgs-militaerschutz-stossfeste-kratzfeste-schutzhuelle-anti-fingerabdruck-griffige-case-duenne-handyhuelle-slim-cover-s23-5g-edel-schw\/"]}]},{"@type":"ImageObject","inLanguage":"de","@id":"https:\/\/marktxxl.de\/markt\/produkt\/casekoo-matt-power-fuer-samsung-galaxy-s23-plus-huelle-2023-sgs-militaerschutz-stossfeste-kratzfeste-schutzhuelle-anti-fingerabdruck-griffige-case-duenne-handyhuelle-slim-cover-s23-5g-edel-schw\/#primaryimage","url":"https:\/\/m.media-amazon.com\/images\/I\/41ebiHf7S5L._SL500_.jpg","contentUrl":"https:\/\/m.media-amazon.com\/images\/I\/41ebiHf7S5L._SL500_.jpg","width":500,"height":500},{"@type":"BreadcrumbList","@id":"https:\/\/marktxxl.de\/markt\/produkt\/casekoo-matt-power-fuer-samsung-galaxy-s23-plus-huelle-2023-sgs-militaerschutz-stossfeste-kratzfeste-schutzhuelle-anti-fingerabdruck-griffige-case-duenne-handyhuelle-slim-cover-s23-5g-edel-schw\/#breadcrumb","itemListElement":[{"@type":"ListItem","position":1,"name":"Startseite","item":"https:\/\/marktxxl.de\/markt\/"},{"@type":"ListItem","position":2,"name":"Markt","item":"https:\/\/marktxxl.de\/markt\/"},{"@type":"ListItem","position":3,"name":"CASEKOO Matt Power f\u00fcr Samsung Galaxy S23 Plus H\u00fclle 2023 [SGS-Milit\u00e4rschutz] Sto\u00dffeste Kratzfeste Schutzh\u00fclle (Anti\u2026"}]},{"@type":"WebSite","@id":"https:\/\/marktxxl.de\/markt\/#website","url":"https:\/\/marktxxl.de\/markt\/","name":"Markt-XXL","description":"Ihr Markt Online","publisher":{"@id":"https:\/\/marktxxl.de\/markt\/#organization"},"potentialAction":[{"@type":"SearchAction","target":{"@type":"EntryPoint","urlTemplate":"https:\/\/marktxxl.de\/markt\/?s={search_term_string}"},"query-input":{"@type":"PropertyValueSpecification","valueRequired":true,"valueName":"search_term_string"}}],"inLanguage":"de"},{"@type":"Organization","@id":"https:\/\/marktxxl.de\/markt\/#organization","name":"Markt-XXL","url":"https:\/\/marktxxl.de\/markt\/","logo":{"@type":"ImageObject","inLanguage":"de","@id":"https:\/\/marktxxl.de\/markt\/#\/schema\/logo\/image\/","url":"https:\/\/marktxxl.de\/markt\/wp-content\/uploads\/sites\/3\/2020\/12\/logo.png","contentUrl":"https:\/\/marktxxl.de\/markt\/wp-content\/uploads\/sites\/3\/2020\/12\/logo.png","width":200,"height":70,"caption":"Markt-XXL"},"image":{"@id":"https:\/\/marktxxl.de\/markt\/#\/schema\/logo\/image\/"}}]}},"_links":{"self":[{"href":"https:\/\/marktxxl.de\/markt\/wp-json\/wp\/v2\/product\/189931","targetHints":{"allow":["GET"]}}],"collection":[{"href":"https:\/\/marktxxl.de\/markt\/wp-json\/wp\/v2\/product"}],"about":[{"href":"https:\/\/marktxxl.de\/markt\/wp-json\/wp\/v2\/types\/product"}],"replies":[{"embeddable":true,"href":"https:\/\/marktxxl.de\/markt\/wp-json\/wp\/v2\/comments?post=189931"}],"wp:featuredmedia":[{"embeddable":true,"href":"https:\/\/marktxxl.de\/markt\/wp-json\/wp\/v2\/media\/189932"}],"wp:attachment":[{"href":"https:\/\/marktxxl.de\/markt\/wp-json\/wp\/v2\/media?parent=189931"}],"wp:term":[{"taxonomy":"product_brand","embeddable":true,"href":"https:\/\/marktxxl.de\/markt\/wp-json\/wp\/v2\/product_brand?post=189931"},{"taxonomy":"product_cat","embeddable":true,"href":"https:\/\/marktxxl.de\/markt\/wp-json\/wp\/v2\/product_cat?post=189931"},{"taxonomy":"product_tag","embeddable":true,"href":"https:\/\/marktxxl.de\/markt\/wp-json\/wp\/v2\/product_tag?post=189931"}],"curies":[{"name":"wp","href":"https:\/\/api.w.org\/{rel}","templated":true}]}}