{"id":189740,"date":"2023-02-09T10:35:09","date_gmt":"2023-02-09T09:35:09","guid":{"rendered":"https:\/\/marktxxl.de\/markt\/produkt\/mygift-rustikaler-briefhalter-aus-holz-dekorativ\/"},"modified":"2023-04-11T05:23:07","modified_gmt":"2023-04-11T03:23:07","slug":"mygift-rustikaler-briefhalter-aus-holz-dekorativ","status":"publish","type":"product","link":"https:\/\/marktxxl.de\/markt\/produkt\/mygift-rustikaler-briefhalter-aus-holz-dekorativ\/","title":{"rendered":"MyGift Rustikaler Briefhalter aus dunkelbraunem Holz f\u00fcr den Tisch."},"content":{"rendered":"<p>Dekorative Aufbewahrungsbox aus Holz mit dem Wort &#8220;MAIL&#8221; auf der Vorderseite<br \/>\nPerfekt f\u00fcr die Organisation Ihrer Post, Briefe und wichtigen Dokumente<br \/>\nKompakte Gr\u00f6\u00dfe, ideal zum Pr\u00e4sentieren auf Schreibtischen, Tischen oder Theken<br \/>\nRustikaler Holzstil erg\u00e4nzt moderne Heim- und B\u00fcrodekoration<br \/>\nSpezifikationen: 29,8 x 14,2 x 14,9 cm (B x T x H)<br \/>\n<div class=\"main-cross-sell\" data-asin=\"B07X17L9C7\">\n\n\t<div class=\"WooZone-cross-sell-loader\">\n\t\t<div>\n\t\t\t<div id=\"floatingBarsG\">\n\t\t\t\t<div class=\"blockG\" id=\"rotateG_01\"><\/div>\n\t\t\t\t<div class=\"blockG\" id=\"rotateG_02\"><\/div>\n\t\t\t\t<div class=\"blockG\" id=\"rotateG_03\"><\/div>\n\t\t\t\t<div class=\"blockG\" id=\"rotateG_04\"><\/div>\n\t\t\t\t<div class=\"blockG\" id=\"rotateG_05\"><\/div>\n\t\t\t\t<div class=\"blockG\" id=\"rotateG_06\"><\/div>\n\t\t\t\t<div class=\"blockG\" id=\"rotateG_07\"><\/div>\n\t\t\t\t<div class=\"blockG\" id=\"rotateG_08\"><\/div>\n\t\t\t<\/div>\n\t\t\t<div class=\"WooZone-cross-sell-loader-text\"><\/div>\n\t\t<\/div>\n\t<\/div>\n\n\t\t\n<\/div>\n<div style=\"clear:both;\"><\/div><\/p>\n","protected":false},"excerpt":{"rendered":"<p>Dekorative Aufbewahrungsbox aus Holz mit dem Wort &#8220;MAIL&#8221; auf der Vorderseite<br \/>\nPerfekt f\u00fcr die Organisation Ihrer Post, Briefe und wichtigen Dokumente<br \/>\nKompakte Gr\u00f6\u00dfe, ideal zum Pr\u00e4sentieren auf Schreibtischen, Tischen oder Theken<\/p>\n","protected":false},"featured_media":189741,"comment_status":"open","ping_status":"closed","template":"","meta":[],"product_brand":[],"product_cat":[504,8703],"product_tag":[],"class_list":{"0":"post-189740","1":"product","2":"type-product","3":"status-publish","4":"has-post-thumbnail","6":"product_cat-buerobedarf-schreibwaren","7":"product_cat-umschlaege-versandzubehoer","8":"pa_binding-haushaltswaren","9":"pa_brand-mygift","10":"pa_height-5-5-zoll","11":"pa_length-11-5-zoll","12":"pa_manufacturer-mygift","13":"pa_weight-1-41-pfund","14":"pa_width-5-6-zoll","16":"first","17":"instock","18":"shipping-taxable","19":"purchasable","20":"product-type-simple","21":"customify-col","22":"product-has-gallery"},"yoast_head":"<!-- This site is optimized with the Yoast SEO plugin v27.3 - https:\/\/yoast.com\/product\/yoast-seo-wordpress\/ -->\n<title>MyGift Rustikaler Briefhalter aus dunkelbraunem Holz f\u00fcr den Tisch. - Markt-XXL<\/title>\n<meta name=\"description\" content=\"Markt-XXL MyGift Rustikaler Briefhalter aus dunkelbraunem Holz f\u00fcr den Tisch.\" \/>\n<meta name=\"robots\" content=\"index, follow, max-snippet:-1, max-image-preview:large, max-video-preview:-1\" \/>\n<link rel=\"canonical\" href=\"https:\/\/marktxxl.de\/markt\/produkt\/mygift-rustikaler-briefhalter-aus-holz-dekorativ\/\" \/>\n<meta property=\"og:locale\" content=\"de_DE\" \/>\n<meta property=\"og:type\" content=\"article\" \/>\n<meta property=\"og:title\" content=\"MyGift Rustikaler Briefhalter aus dunkelbraunem Holz f\u00fcr den Tisch. - Markt-XXL\" \/>\n<meta property=\"og:description\" content=\"Markt-XXL MyGift Rustikaler Briefhalter aus dunkelbraunem Holz f\u00fcr den Tisch.\" \/>\n<meta property=\"og:url\" content=\"https:\/\/marktxxl.de\/markt\/produkt\/mygift-rustikaler-briefhalter-aus-holz-dekorativ\/\" \/>\n<meta property=\"og:site_name\" content=\"Markt-XXL\" \/>\n<meta property=\"article:modified_time\" content=\"2023-04-11T03:23:07+00:00\" \/>\n<meta property=\"og:image\" content=\"https:\/\/m.media-amazon.com\/images\/I\/51Av04EOcsL._SL500_.jpg\" \/>\n\t<meta property=\"og:image:width\" content=\"500\" \/>\n\t<meta property=\"og:image:height\" content=\"500\" \/>\n\t<meta property=\"og:image:type\" content=\"image\/jpeg\" \/>\n<meta name=\"twitter:card\" content=\"summary_large_image\" \/>\n<script type=\"application\/ld+json\" class=\"yoast-schema-graph\">{\"@context\":\"https:\\\/\\\/schema.org\",\"@graph\":[{\"@type\":\"WebPage\",\"@id\":\"https:\\\/\\\/marktxxl.de\\\/markt\\\/produkt\\\/mygift-rustikaler-briefhalter-aus-holz-dekorativ\\\/\",\"url\":\"https:\\\/\\\/marktxxl.de\\\/markt\\\/produkt\\\/mygift-rustikaler-briefhalter-aus-holz-dekorativ\\\/\",\"name\":\"MyGift Rustikaler Briefhalter aus dunkelbraunem Holz f\u00fcr den Tisch. - Markt-XXL\",\"isPartOf\":{\"@id\":\"https:\\\/\\\/marktxxl.de\\\/markt\\\/#website\"},\"primaryImageOfPage\":{\"@id\":\"https:\\\/\\\/marktxxl.de\\\/markt\\\/produkt\\\/mygift-rustikaler-briefhalter-aus-holz-dekorativ\\\/#primaryimage\"},\"image\":{\"@id\":\"https:\\\/\\\/marktxxl.de\\\/markt\\\/produkt\\\/mygift-rustikaler-briefhalter-aus-holz-dekorativ\\\/#primaryimage\"},\"thumbnailUrl\":\"https:\\\/\\\/m.media-amazon.com\\\/images\\\/I\\\/51Av04EOcsL._SL500_.jpg\",\"datePublished\":\"2023-02-09T09:35:09+00:00\",\"dateModified\":\"2023-04-11T03:23:07+00:00\",\"description\":\"Markt-XXL MyGift Rustikaler Briefhalter aus dunkelbraunem Holz f\u00fcr den Tisch.\",\"breadcrumb\":{\"@id\":\"https:\\\/\\\/marktxxl.de\\\/markt\\\/produkt\\\/mygift-rustikaler-briefhalter-aus-holz-dekorativ\\\/#breadcrumb\"},\"inLanguage\":\"de\",\"potentialAction\":[{\"@type\":\"ReadAction\",\"target\":[\"https:\\\/\\\/marktxxl.de\\\/markt\\\/produkt\\\/mygift-rustikaler-briefhalter-aus-holz-dekorativ\\\/\"]}]},{\"@type\":\"ImageObject\",\"inLanguage\":\"de\",\"@id\":\"https:\\\/\\\/marktxxl.de\\\/markt\\\/produkt\\\/mygift-rustikaler-briefhalter-aus-holz-dekorativ\\\/#primaryimage\",\"url\":\"https:\\\/\\\/m.media-amazon.com\\\/images\\\/I\\\/51Av04EOcsL._SL500_.jpg\",\"contentUrl\":\"https:\\\/\\\/m.media-amazon.com\\\/images\\\/I\\\/51Av04EOcsL._SL500_.jpg\",\"width\":500,\"height\":500},{\"@type\":\"BreadcrumbList\",\"@id\":\"https:\\\/\\\/marktxxl.de\\\/markt\\\/produkt\\\/mygift-rustikaler-briefhalter-aus-holz-dekorativ\\\/#breadcrumb\",\"itemListElement\":[{\"@type\":\"ListItem\",\"position\":1,\"name\":\"Startseite\",\"item\":\"https:\\\/\\\/marktxxl.de\\\/markt\\\/\"},{\"@type\":\"ListItem\",\"position\":2,\"name\":\"Markt\",\"item\":\"https:\\\/\\\/marktxxl.de\\\/markt\\\/\"},{\"@type\":\"ListItem\",\"position\":3,\"name\":\"MyGift Rustikaler Briefhalter aus dunkelbraunem Holz f\u00fcr den Tisch.\"}]},{\"@type\":\"WebSite\",\"@id\":\"https:\\\/\\\/marktxxl.de\\\/markt\\\/#website\",\"url\":\"https:\\\/\\\/marktxxl.de\\\/markt\\\/\",\"name\":\"Markt-XXL\",\"description\":\"Ihr Markt Online\",\"publisher\":{\"@id\":\"https:\\\/\\\/marktxxl.de\\\/markt\\\/#organization\"},\"potentialAction\":[{\"@type\":\"SearchAction\",\"target\":{\"@type\":\"EntryPoint\",\"urlTemplate\":\"https:\\\/\\\/marktxxl.de\\\/markt\\\/?s={search_term_string}\"},\"query-input\":{\"@type\":\"PropertyValueSpecification\",\"valueRequired\":true,\"valueName\":\"search_term_string\"}}],\"inLanguage\":\"de\"},{\"@type\":\"Organization\",\"@id\":\"https:\\\/\\\/marktxxl.de\\\/markt\\\/#organization\",\"name\":\"Markt-XXL\",\"url\":\"https:\\\/\\\/marktxxl.de\\\/markt\\\/\",\"logo\":{\"@type\":\"ImageObject\",\"inLanguage\":\"de\",\"@id\":\"https:\\\/\\\/marktxxl.de\\\/markt\\\/#\\\/schema\\\/logo\\\/image\\\/\",\"url\":\"https:\\\/\\\/marktxxl.de\\\/markt\\\/wp-content\\\/uploads\\\/sites\\\/3\\\/2020\\\/12\\\/logo.png\",\"contentUrl\":\"https:\\\/\\\/marktxxl.de\\\/markt\\\/wp-content\\\/uploads\\\/sites\\\/3\\\/2020\\\/12\\\/logo.png\",\"width\":200,\"height\":70,\"caption\":\"Markt-XXL\"},\"image\":{\"@id\":\"https:\\\/\\\/marktxxl.de\\\/markt\\\/#\\\/schema\\\/logo\\\/image\\\/\"}}]}<\/script>\n<!-- \/ Yoast SEO plugin. -->","yoast_head_json":{"title":"MyGift Rustikaler Briefhalter aus dunkelbraunem Holz f\u00fcr den Tisch. - Markt-XXL","description":"Markt-XXL MyGift Rustikaler Briefhalter aus dunkelbraunem Holz f\u00fcr den Tisch.","robots":{"index":"index","follow":"follow","max-snippet":"max-snippet:-1","max-image-preview":"max-image-preview:large","max-video-preview":"max-video-preview:-1"},"canonical":"https:\/\/marktxxl.de\/markt\/produkt\/mygift-rustikaler-briefhalter-aus-holz-dekorativ\/","og_locale":"de_DE","og_type":"article","og_title":"MyGift Rustikaler Briefhalter aus dunkelbraunem Holz f\u00fcr den Tisch. - Markt-XXL","og_description":"Markt-XXL MyGift Rustikaler Briefhalter aus dunkelbraunem Holz f\u00fcr den Tisch.","og_url":"https:\/\/marktxxl.de\/markt\/produkt\/mygift-rustikaler-briefhalter-aus-holz-dekorativ\/","og_site_name":"Markt-XXL","article_modified_time":"2023-04-11T03:23:07+00:00","og_image":[{"width":500,"height":500,"url":"https:\/\/m.media-amazon.com\/images\/I\/51Av04EOcsL._SL500_.jpg","type":"image\/jpeg"}],"twitter_card":"summary_large_image","schema":{"@context":"https:\/\/schema.org","@graph":[{"@type":"WebPage","@id":"https:\/\/marktxxl.de\/markt\/produkt\/mygift-rustikaler-briefhalter-aus-holz-dekorativ\/","url":"https:\/\/marktxxl.de\/markt\/produkt\/mygift-rustikaler-briefhalter-aus-holz-dekorativ\/","name":"MyGift Rustikaler Briefhalter aus dunkelbraunem Holz f\u00fcr den Tisch. - Markt-XXL","isPartOf":{"@id":"https:\/\/marktxxl.de\/markt\/#website"},"primaryImageOfPage":{"@id":"https:\/\/marktxxl.de\/markt\/produkt\/mygift-rustikaler-briefhalter-aus-holz-dekorativ\/#primaryimage"},"image":{"@id":"https:\/\/marktxxl.de\/markt\/produkt\/mygift-rustikaler-briefhalter-aus-holz-dekorativ\/#primaryimage"},"thumbnailUrl":"https:\/\/m.media-amazon.com\/images\/I\/51Av04EOcsL._SL500_.jpg","datePublished":"2023-02-09T09:35:09+00:00","dateModified":"2023-04-11T03:23:07+00:00","description":"Markt-XXL MyGift Rustikaler Briefhalter aus dunkelbraunem Holz f\u00fcr den Tisch.","breadcrumb":{"@id":"https:\/\/marktxxl.de\/markt\/produkt\/mygift-rustikaler-briefhalter-aus-holz-dekorativ\/#breadcrumb"},"inLanguage":"de","potentialAction":[{"@type":"ReadAction","target":["https:\/\/marktxxl.de\/markt\/produkt\/mygift-rustikaler-briefhalter-aus-holz-dekorativ\/"]}]},{"@type":"ImageObject","inLanguage":"de","@id":"https:\/\/marktxxl.de\/markt\/produkt\/mygift-rustikaler-briefhalter-aus-holz-dekorativ\/#primaryimage","url":"https:\/\/m.media-amazon.com\/images\/I\/51Av04EOcsL._SL500_.jpg","contentUrl":"https:\/\/m.media-amazon.com\/images\/I\/51Av04EOcsL._SL500_.jpg","width":500,"height":500},{"@type":"BreadcrumbList","@id":"https:\/\/marktxxl.de\/markt\/produkt\/mygift-rustikaler-briefhalter-aus-holz-dekorativ\/#breadcrumb","itemListElement":[{"@type":"ListItem","position":1,"name":"Startseite","item":"https:\/\/marktxxl.de\/markt\/"},{"@type":"ListItem","position":2,"name":"Markt","item":"https:\/\/marktxxl.de\/markt\/"},{"@type":"ListItem","position":3,"name":"MyGift Rustikaler Briefhalter aus dunkelbraunem Holz f\u00fcr den Tisch."}]},{"@type":"WebSite","@id":"https:\/\/marktxxl.de\/markt\/#website","url":"https:\/\/marktxxl.de\/markt\/","name":"Markt-XXL","description":"Ihr Markt Online","publisher":{"@id":"https:\/\/marktxxl.de\/markt\/#organization"},"potentialAction":[{"@type":"SearchAction","target":{"@type":"EntryPoint","urlTemplate":"https:\/\/marktxxl.de\/markt\/?s={search_term_string}"},"query-input":{"@type":"PropertyValueSpecification","valueRequired":true,"valueName":"search_term_string"}}],"inLanguage":"de"},{"@type":"Organization","@id":"https:\/\/marktxxl.de\/markt\/#organization","name":"Markt-XXL","url":"https:\/\/marktxxl.de\/markt\/","logo":{"@type":"ImageObject","inLanguage":"de","@id":"https:\/\/marktxxl.de\/markt\/#\/schema\/logo\/image\/","url":"https:\/\/marktxxl.de\/markt\/wp-content\/uploads\/sites\/3\/2020\/12\/logo.png","contentUrl":"https:\/\/marktxxl.de\/markt\/wp-content\/uploads\/sites\/3\/2020\/12\/logo.png","width":200,"height":70,"caption":"Markt-XXL"},"image":{"@id":"https:\/\/marktxxl.de\/markt\/#\/schema\/logo\/image\/"}}]}},"_links":{"self":[{"href":"https:\/\/marktxxl.de\/markt\/wp-json\/wp\/v2\/product\/189740","targetHints":{"allow":["GET"]}}],"collection":[{"href":"https:\/\/marktxxl.de\/markt\/wp-json\/wp\/v2\/product"}],"about":[{"href":"https:\/\/marktxxl.de\/markt\/wp-json\/wp\/v2\/types\/product"}],"replies":[{"embeddable":true,"href":"https:\/\/marktxxl.de\/markt\/wp-json\/wp\/v2\/comments?post=189740"}],"wp:featuredmedia":[{"embeddable":true,"href":"https:\/\/marktxxl.de\/markt\/wp-json\/wp\/v2\/media\/189741"}],"wp:attachment":[{"href":"https:\/\/marktxxl.de\/markt\/wp-json\/wp\/v2\/media?parent=189740"}],"wp:term":[{"taxonomy":"product_brand","embeddable":true,"href":"https:\/\/marktxxl.de\/markt\/wp-json\/wp\/v2\/product_brand?post=189740"},{"taxonomy":"product_cat","embeddable":true,"href":"https:\/\/marktxxl.de\/markt\/wp-json\/wp\/v2\/product_cat?post=189740"},{"taxonomy":"product_tag","embeddable":true,"href":"https:\/\/marktxxl.de\/markt\/wp-json\/wp\/v2\/product_tag?post=189740"}],"curies":[{"name":"wp","href":"https:\/\/api.w.org\/{rel}","templated":true}]}}