{"id":189668,"date":"2023-02-09T10:14:10","date_gmt":"2023-02-09T09:14:10","guid":{"rendered":"https:\/\/marktxxl.de\/markt\/produkt\/chuwi-hipad-xpro-touchscreen-tablet-10-5-zoll-android-12-unisoc-t616-2-0ghz-8-core-6gb-ram-128gb-rom-tablet1920-1200-ips-8mp13mp-4g-lte5g-wifi-7000mah\/"},"modified":"2023-04-11T05:23:06","modified_gmt":"2023-04-11T03:23:06","slug":"chuwi-hipad-xpro-touchscreen-tablet-10-5-zoll-android-12-unisoc-t616-2-0ghz-8-core-6gb-ram-128gb-rom-tablet1920-1200-ips-8mp13mp-4g-lte5g-wifi-7000mah","status":"publish","type":"product","link":"https:\/\/marktxxl.de\/markt\/produkt\/chuwi-hipad-xpro-touchscreen-tablet-10-5-zoll-android-12-unisoc-t616-2-0ghz-8-core-6gb-ram-128gb-rom-tablet1920-1200-ips-8mp13mp-4g-lte5g-wifi-7000mah\/","title":{"rendered":"CHUWI HiPad XPro Touchscreen Tablet 10.5 Zoll, Android 12 UNISOC T616 2.0GHz, 8-Core 6GB RAM 128GB ROM Tablet,1920\u2026"},"content":{"rendered":"<p>\u3010UNISOC T616+Android 12\u3011 : Der 2023 neue Tablet-Computer verwendet den UNISOC T616 Prozessor, der 2,0GHz erreichen kann. Er verwendet fortschrittliche 12nm Fertigungstechnologie, um hervorragende Leistung f\u00fcr Arbeit und Unterhaltung zu bieten. Er ist auch mit dem Android 12-System und der Hochleistungsgrafikkarte Mali G57 MP1 GPU ausgestattet, die Ihnen eine reibungslose Erfahrung bringen kann, egal ob Sie Spiele spielen oder Videos.<br \/>\n\u30106GB RAM+128GB ROM+1TB Erweiterungen\u3011 : Der eingebaute 6GB RAM ist leistungsstark und kann t\u00e4gliche Aufgaben gleichzeitig bew\u00e4ltigen. 128GB Speicherplatz erf\u00fcllt die Notwendigkeit, mehr Dokumente, Videos, Anwendungen und Spiele zu speichern.Mit dem TF-Kartensteckplatz k\u00f6nnen Sie mehr als 1TB Speicherplatz hinzuf\u00fcgen.<br \/>\n\u301010,5 Zoll Tablet+8MP\/13MP+Metallgeh\u00e4use\u3011\uff1aDieses Tablet ist mit einem IPS FHD Display ausgestattet, mit einer Aufl\u00f6sung von 1920*1200, Und das Bildschirmverh\u00e4ltnis ist so hoch wie 84%, bietet Ihnen ein breiteres Sichtfeld. Der Unibody aus Metall ist mit der Eloxal-Sandstrahltechnologie ausgestattet, um Ihnen einen zarten und perfekten Touch zu verleihen.8MP Frontkamera + 2 R\u00fcckseitige Kameras 13MP AFund 0.3MP, Ob Sie Fotos oder Videos aufnehmen, lassen Sie Momente einfach festhalten.<br \/>\n\u30104G LTE-Tablet + WiFi 2.4G\/5G\u3011\uff1aZwei SIMs verleihen dem LTE-Tablet eine doppelte Funktionalit\u00e4t als Smartphone und Tablet. Mit Dual-Band-WiFi mit hoher Geschwindigkeit 2.4G\/5G und drahtloser Bluetooth 5.0-\u00dcbertragung, die Ihren Internetzugang effizienter und schneller macht.Der zweite SIM-Kartensteckplatz, w\u00e4hlen Sie einen der SIM2 und TF. Verschiedene Netzwerkoptionen machen es Ihnen leichter, das Tablet zu nutzen.<br \/>\n\u30104 Lautsprecher + Batterie 7000mAh\u3011\uff1aDas Tablet verf\u00fcgt \u00fcber vier Lautsprecher und einen eingebauten Hochleistungsakku mit 7000mAh, mit dem Sie 7 bis 10 Stunden nutzen k\u00f6nnen.Es kann Ihnen ein hervorragendes Stereo-Erlebnis bieten, wenn Sie Musik h\u00f6ren oder Videos ansehen. Dar\u00fcber hinaus unterst\u00fctzt dieses Tablet GPS, OTG und ist Widevine L1-zertifiziert.<br \/>\n<div class=\"main-cross-sell\" data-asin=\"B0BR9J6283\">\n\n\t<div class=\"WooZone-cross-sell-loader\">\n\t\t<div>\n\t\t\t<div id=\"floatingBarsG\">\n\t\t\t\t<div class=\"blockG\" id=\"rotateG_01\"><\/div>\n\t\t\t\t<div class=\"blockG\" id=\"rotateG_02\"><\/div>\n\t\t\t\t<div class=\"blockG\" id=\"rotateG_03\"><\/div>\n\t\t\t\t<div class=\"blockG\" id=\"rotateG_04\"><\/div>\n\t\t\t\t<div class=\"blockG\" id=\"rotateG_05\"><\/div>\n\t\t\t\t<div class=\"blockG\" id=\"rotateG_06\"><\/div>\n\t\t\t\t<div class=\"blockG\" id=\"rotateG_07\"><\/div>\n\t\t\t\t<div class=\"blockG\" id=\"rotateG_08\"><\/div>\n\t\t\t<\/div>\n\t\t\t<div class=\"WooZone-cross-sell-loader-text\"><\/div>\n\t\t<\/div>\n\t<\/div>\n\n\t\t\n<\/div>\n<div style=\"clear:both;\"><\/div><\/p>\n","protected":false},"excerpt":{"rendered":"<p>\u3010UNISOC T616+Android 12\u3011 : Der 2023 neue Tablet-Computer verwendet den UNISOC T616 Prozessor, der 2,0GHz erreichen kann. Er verwendet fortschrittliche 12nm Fertigungstechnologie, um hervorragende Leistung f\u00fcr Arbeit und Unterhaltung zu bieten. Er ist auch mit dem Android 12-System und der Hochleistungsgrafikkarte Mali G57 MP1 GPU ausgestattet, die Ihnen eine reibungslose Erfahrung bringen kann, egal ob Sie Spiele spielen oder Videos.<br \/>\n\u30106GB RAM+128GB ROM+1TB Erweiterungen\u3011 : Der eingebaute 6GB RAM ist leistungsstark und kann t\u00e4gliche Aufgaben gleichzeitig bew\u00e4ltigen. 128GB Speicherplatz erf\u00fcllt die Notwendigkeit, mehr Dokumente, Videos, Anwendungen und Spiele zu speichern.Mit dem TF-Kartensteckplatz k\u00f6nnen Sie mehr als 1TB Speicherplatz hinzuf\u00fcgen.<br \/>\n\u301010,5 Zoll Tablet+8MP\/13MP+Metallgeh\u00e4use\u3011\uff1aDieses Tablet ist mit einem IPS FHD Display ausgestattet, mit einer Aufl\u00f6sung von 1920*1200, Und das Bildschirmverh\u00e4ltnis ist so hoch wie 84%, bietet Ihnen ein breiteres Sichtfeld. Der Unibody aus Metall ist mit der Eloxal-Sandstrahltechnologie ausgestattet, um Ihnen einen zarten und perfekten Touch zu verleihen.8MP Frontkamera + 2 R\u00fcckseitige Kameras 13MP AFund 0.3MP, Ob Sie Fotos oder Videos aufnehmen, lassen Sie Momente einfach festhalten.<\/p>\n","protected":false},"featured_media":189669,"comment_status":"open","ping_status":"closed","template":"","meta":[],"product_brand":[],"product_cat":[863],"product_tag":[],"class_list":{"0":"post-189668","1":"product","2":"type-product","3":"status-publish","4":"has-post-thumbnail","6":"product_cat-computer-zubehoer","7":"pa_binding-personal-computers","8":"pa_brand-chuwi","9":"pa_manufacturer-chuwi","10":"pa_model-hipad-xpro","11":"pa_size-hipad-xpro-10-5","12":"pa_warranty-1013","13":"pa_weight-1-984160358-pfund","15":"first","16":"instock","17":"shipping-taxable","18":"purchasable","19":"product-type-simple","20":"customify-col","21":"product-has-gallery"},"yoast_head":"<!-- This site is optimized with the Yoast SEO plugin v27.3 - https:\/\/yoast.com\/product\/yoast-seo-wordpress\/ -->\n<title>CHUWI HiPad XPro Touchscreen Tablet 10.5 Zoll, Android 12 UNISOC T616 2.0GHz, 8-Core 6GB RAM 128GB ROM Tablet,1920\u2026 - Markt-XXL<\/title>\n<meta name=\"description\" content=\"Markt-XXL CHUWI HiPad XPro Touchscreen Tablet 10.5 Zoll, Android 12 UNISOC T616 2.0GHz, 8-Core 6GB RAM 128GB ROM Tablet,1920\u2026\" \/>\n<meta name=\"robots\" content=\"index, follow, max-snippet:-1, max-image-preview:large, max-video-preview:-1\" \/>\n<link rel=\"canonical\" href=\"https:\/\/marktxxl.de\/markt\/produkt\/chuwi-hipad-xpro-touchscreen-tablet-10-5-zoll-android-12-unisoc-t616-2-0ghz-8-core-6gb-ram-128gb-rom-tablet1920-1200-ips-8mp13mp-4g-lte5g-wifi-7000mah\/\" \/>\n<meta property=\"og:locale\" content=\"de_DE\" \/>\n<meta property=\"og:type\" content=\"article\" \/>\n<meta property=\"og:title\" content=\"CHUWI HiPad XPro Touchscreen Tablet 10.5 Zoll, Android 12 UNISOC T616 2.0GHz, 8-Core 6GB RAM 128GB ROM Tablet,1920\u2026 - Markt-XXL\" \/>\n<meta property=\"og:description\" content=\"Markt-XXL CHUWI HiPad XPro Touchscreen Tablet 10.5 Zoll, Android 12 UNISOC T616 2.0GHz, 8-Core 6GB RAM 128GB ROM Tablet,1920\u2026\" \/>\n<meta property=\"og:url\" content=\"https:\/\/marktxxl.de\/markt\/produkt\/chuwi-hipad-xpro-touchscreen-tablet-10-5-zoll-android-12-unisoc-t616-2-0ghz-8-core-6gb-ram-128gb-rom-tablet1920-1200-ips-8mp13mp-4g-lte5g-wifi-7000mah\/\" \/>\n<meta property=\"og:site_name\" content=\"Markt-XXL\" \/>\n<meta property=\"article:modified_time\" content=\"2023-04-11T03:23:06+00:00\" \/>\n<meta property=\"og:image\" content=\"https:\/\/m.media-amazon.com\/images\/I\/31UCLl9Xs6L._SL500_.jpg\" \/>\n\t<meta property=\"og:image:width\" content=\"500\" \/>\n\t<meta property=\"og:image:height\" content=\"500\" \/>\n\t<meta property=\"og:image:type\" content=\"image\/jpeg\" \/>\n<meta name=\"twitter:card\" content=\"summary_large_image\" \/>\n<meta name=\"twitter:label1\" content=\"Gesch\u00e4tzte Lesezeit\" \/>\n\t<meta name=\"twitter:data1\" content=\"1\u00a0Minute\" \/>\n<script type=\"application\/ld+json\" class=\"yoast-schema-graph\">{\"@context\":\"https:\\\/\\\/schema.org\",\"@graph\":[{\"@type\":\"WebPage\",\"@id\":\"https:\\\/\\\/marktxxl.de\\\/markt\\\/produkt\\\/chuwi-hipad-xpro-touchscreen-tablet-10-5-zoll-android-12-unisoc-t616-2-0ghz-8-core-6gb-ram-128gb-rom-tablet1920-1200-ips-8mp13mp-4g-lte5g-wifi-7000mah\\\/\",\"url\":\"https:\\\/\\\/marktxxl.de\\\/markt\\\/produkt\\\/chuwi-hipad-xpro-touchscreen-tablet-10-5-zoll-android-12-unisoc-t616-2-0ghz-8-core-6gb-ram-128gb-rom-tablet1920-1200-ips-8mp13mp-4g-lte5g-wifi-7000mah\\\/\",\"name\":\"CHUWI HiPad XPro Touchscreen Tablet 10.5 Zoll, Android 12 UNISOC T616 2.0GHz, 8-Core 6GB RAM 128GB ROM Tablet,1920\u2026 - Markt-XXL\",\"isPartOf\":{\"@id\":\"https:\\\/\\\/marktxxl.de\\\/markt\\\/#website\"},\"primaryImageOfPage\":{\"@id\":\"https:\\\/\\\/marktxxl.de\\\/markt\\\/produkt\\\/chuwi-hipad-xpro-touchscreen-tablet-10-5-zoll-android-12-unisoc-t616-2-0ghz-8-core-6gb-ram-128gb-rom-tablet1920-1200-ips-8mp13mp-4g-lte5g-wifi-7000mah\\\/#primaryimage\"},\"image\":{\"@id\":\"https:\\\/\\\/marktxxl.de\\\/markt\\\/produkt\\\/chuwi-hipad-xpro-touchscreen-tablet-10-5-zoll-android-12-unisoc-t616-2-0ghz-8-core-6gb-ram-128gb-rom-tablet1920-1200-ips-8mp13mp-4g-lte5g-wifi-7000mah\\\/#primaryimage\"},\"thumbnailUrl\":\"https:\\\/\\\/m.media-amazon.com\\\/images\\\/I\\\/31UCLl9Xs6L._SL500_.jpg\",\"datePublished\":\"2023-02-09T09:14:10+00:00\",\"dateModified\":\"2023-04-11T03:23:06+00:00\",\"description\":\"Markt-XXL CHUWI HiPad XPro Touchscreen Tablet 10.5 Zoll, Android 12 UNISOC T616 2.0GHz, 8-Core 6GB RAM 128GB ROM Tablet,1920\u2026\",\"breadcrumb\":{\"@id\":\"https:\\\/\\\/marktxxl.de\\\/markt\\\/produkt\\\/chuwi-hipad-xpro-touchscreen-tablet-10-5-zoll-android-12-unisoc-t616-2-0ghz-8-core-6gb-ram-128gb-rom-tablet1920-1200-ips-8mp13mp-4g-lte5g-wifi-7000mah\\\/#breadcrumb\"},\"inLanguage\":\"de\",\"potentialAction\":[{\"@type\":\"ReadAction\",\"target\":[\"https:\\\/\\\/marktxxl.de\\\/markt\\\/produkt\\\/chuwi-hipad-xpro-touchscreen-tablet-10-5-zoll-android-12-unisoc-t616-2-0ghz-8-core-6gb-ram-128gb-rom-tablet1920-1200-ips-8mp13mp-4g-lte5g-wifi-7000mah\\\/\"]}]},{\"@type\":\"ImageObject\",\"inLanguage\":\"de\",\"@id\":\"https:\\\/\\\/marktxxl.de\\\/markt\\\/produkt\\\/chuwi-hipad-xpro-touchscreen-tablet-10-5-zoll-android-12-unisoc-t616-2-0ghz-8-core-6gb-ram-128gb-rom-tablet1920-1200-ips-8mp13mp-4g-lte5g-wifi-7000mah\\\/#primaryimage\",\"url\":\"https:\\\/\\\/m.media-amazon.com\\\/images\\\/I\\\/31UCLl9Xs6L._SL500_.jpg\",\"contentUrl\":\"https:\\\/\\\/m.media-amazon.com\\\/images\\\/I\\\/31UCLl9Xs6L._SL500_.jpg\",\"width\":500,\"height\":500},{\"@type\":\"BreadcrumbList\",\"@id\":\"https:\\\/\\\/marktxxl.de\\\/markt\\\/produkt\\\/chuwi-hipad-xpro-touchscreen-tablet-10-5-zoll-android-12-unisoc-t616-2-0ghz-8-core-6gb-ram-128gb-rom-tablet1920-1200-ips-8mp13mp-4g-lte5g-wifi-7000mah\\\/#breadcrumb\",\"itemListElement\":[{\"@type\":\"ListItem\",\"position\":1,\"name\":\"Startseite\",\"item\":\"https:\\\/\\\/marktxxl.de\\\/markt\\\/\"},{\"@type\":\"ListItem\",\"position\":2,\"name\":\"Markt\",\"item\":\"https:\\\/\\\/marktxxl.de\\\/markt\\\/\"},{\"@type\":\"ListItem\",\"position\":3,\"name\":\"CHUWI HiPad XPro Touchscreen Tablet 10.5 Zoll, Android 12 UNISOC T616 2.0GHz, 8-Core 6GB RAM 128GB ROM Tablet,1920\u2026\"}]},{\"@type\":\"WebSite\",\"@id\":\"https:\\\/\\\/marktxxl.de\\\/markt\\\/#website\",\"url\":\"https:\\\/\\\/marktxxl.de\\\/markt\\\/\",\"name\":\"Markt-XXL\",\"description\":\"Ihr Markt Online\",\"publisher\":{\"@id\":\"https:\\\/\\\/marktxxl.de\\\/markt\\\/#organization\"},\"potentialAction\":[{\"@type\":\"SearchAction\",\"target\":{\"@type\":\"EntryPoint\",\"urlTemplate\":\"https:\\\/\\\/marktxxl.de\\\/markt\\\/?s={search_term_string}\"},\"query-input\":{\"@type\":\"PropertyValueSpecification\",\"valueRequired\":true,\"valueName\":\"search_term_string\"}}],\"inLanguage\":\"de\"},{\"@type\":\"Organization\",\"@id\":\"https:\\\/\\\/marktxxl.de\\\/markt\\\/#organization\",\"name\":\"Markt-XXL\",\"url\":\"https:\\\/\\\/marktxxl.de\\\/markt\\\/\",\"logo\":{\"@type\":\"ImageObject\",\"inLanguage\":\"de\",\"@id\":\"https:\\\/\\\/marktxxl.de\\\/markt\\\/#\\\/schema\\\/logo\\\/image\\\/\",\"url\":\"https:\\\/\\\/marktxxl.de\\\/markt\\\/wp-content\\\/uploads\\\/sites\\\/3\\\/2020\\\/12\\\/logo.png\",\"contentUrl\":\"https:\\\/\\\/marktxxl.de\\\/markt\\\/wp-content\\\/uploads\\\/sites\\\/3\\\/2020\\\/12\\\/logo.png\",\"width\":200,\"height\":70,\"caption\":\"Markt-XXL\"},\"image\":{\"@id\":\"https:\\\/\\\/marktxxl.de\\\/markt\\\/#\\\/schema\\\/logo\\\/image\\\/\"}}]}<\/script>\n<!-- \/ Yoast SEO plugin. -->","yoast_head_json":{"title":"CHUWI HiPad XPro Touchscreen Tablet 10.5 Zoll, Android 12 UNISOC T616 2.0GHz, 8-Core 6GB RAM 128GB ROM Tablet,1920\u2026 - Markt-XXL","description":"Markt-XXL CHUWI HiPad XPro Touchscreen Tablet 10.5 Zoll, Android 12 UNISOC T616 2.0GHz, 8-Core 6GB RAM 128GB ROM Tablet,1920\u2026","robots":{"index":"index","follow":"follow","max-snippet":"max-snippet:-1","max-image-preview":"max-image-preview:large","max-video-preview":"max-video-preview:-1"},"canonical":"https:\/\/marktxxl.de\/markt\/produkt\/chuwi-hipad-xpro-touchscreen-tablet-10-5-zoll-android-12-unisoc-t616-2-0ghz-8-core-6gb-ram-128gb-rom-tablet1920-1200-ips-8mp13mp-4g-lte5g-wifi-7000mah\/","og_locale":"de_DE","og_type":"article","og_title":"CHUWI HiPad XPro Touchscreen Tablet 10.5 Zoll, Android 12 UNISOC T616 2.0GHz, 8-Core 6GB RAM 128GB ROM Tablet,1920\u2026 - Markt-XXL","og_description":"Markt-XXL CHUWI HiPad XPro Touchscreen Tablet 10.5 Zoll, Android 12 UNISOC T616 2.0GHz, 8-Core 6GB RAM 128GB ROM Tablet,1920\u2026","og_url":"https:\/\/marktxxl.de\/markt\/produkt\/chuwi-hipad-xpro-touchscreen-tablet-10-5-zoll-android-12-unisoc-t616-2-0ghz-8-core-6gb-ram-128gb-rom-tablet1920-1200-ips-8mp13mp-4g-lte5g-wifi-7000mah\/","og_site_name":"Markt-XXL","article_modified_time":"2023-04-11T03:23:06+00:00","og_image":[{"width":500,"height":500,"url":"https:\/\/m.media-amazon.com\/images\/I\/31UCLl9Xs6L._SL500_.jpg","type":"image\/jpeg"}],"twitter_card":"summary_large_image","twitter_misc":{"Gesch\u00e4tzte Lesezeit":"1\u00a0Minute"},"schema":{"@context":"https:\/\/schema.org","@graph":[{"@type":"WebPage","@id":"https:\/\/marktxxl.de\/markt\/produkt\/chuwi-hipad-xpro-touchscreen-tablet-10-5-zoll-android-12-unisoc-t616-2-0ghz-8-core-6gb-ram-128gb-rom-tablet1920-1200-ips-8mp13mp-4g-lte5g-wifi-7000mah\/","url":"https:\/\/marktxxl.de\/markt\/produkt\/chuwi-hipad-xpro-touchscreen-tablet-10-5-zoll-android-12-unisoc-t616-2-0ghz-8-core-6gb-ram-128gb-rom-tablet1920-1200-ips-8mp13mp-4g-lte5g-wifi-7000mah\/","name":"CHUWI HiPad XPro Touchscreen Tablet 10.5 Zoll, Android 12 UNISOC T616 2.0GHz, 8-Core 6GB RAM 128GB ROM Tablet,1920\u2026 - Markt-XXL","isPartOf":{"@id":"https:\/\/marktxxl.de\/markt\/#website"},"primaryImageOfPage":{"@id":"https:\/\/marktxxl.de\/markt\/produkt\/chuwi-hipad-xpro-touchscreen-tablet-10-5-zoll-android-12-unisoc-t616-2-0ghz-8-core-6gb-ram-128gb-rom-tablet1920-1200-ips-8mp13mp-4g-lte5g-wifi-7000mah\/#primaryimage"},"image":{"@id":"https:\/\/marktxxl.de\/markt\/produkt\/chuwi-hipad-xpro-touchscreen-tablet-10-5-zoll-android-12-unisoc-t616-2-0ghz-8-core-6gb-ram-128gb-rom-tablet1920-1200-ips-8mp13mp-4g-lte5g-wifi-7000mah\/#primaryimage"},"thumbnailUrl":"https:\/\/m.media-amazon.com\/images\/I\/31UCLl9Xs6L._SL500_.jpg","datePublished":"2023-02-09T09:14:10+00:00","dateModified":"2023-04-11T03:23:06+00:00","description":"Markt-XXL CHUWI HiPad XPro Touchscreen Tablet 10.5 Zoll, Android 12 UNISOC T616 2.0GHz, 8-Core 6GB RAM 128GB ROM Tablet,1920\u2026","breadcrumb":{"@id":"https:\/\/marktxxl.de\/markt\/produkt\/chuwi-hipad-xpro-touchscreen-tablet-10-5-zoll-android-12-unisoc-t616-2-0ghz-8-core-6gb-ram-128gb-rom-tablet1920-1200-ips-8mp13mp-4g-lte5g-wifi-7000mah\/#breadcrumb"},"inLanguage":"de","potentialAction":[{"@type":"ReadAction","target":["https:\/\/marktxxl.de\/markt\/produkt\/chuwi-hipad-xpro-touchscreen-tablet-10-5-zoll-android-12-unisoc-t616-2-0ghz-8-core-6gb-ram-128gb-rom-tablet1920-1200-ips-8mp13mp-4g-lte5g-wifi-7000mah\/"]}]},{"@type":"ImageObject","inLanguage":"de","@id":"https:\/\/marktxxl.de\/markt\/produkt\/chuwi-hipad-xpro-touchscreen-tablet-10-5-zoll-android-12-unisoc-t616-2-0ghz-8-core-6gb-ram-128gb-rom-tablet1920-1200-ips-8mp13mp-4g-lte5g-wifi-7000mah\/#primaryimage","url":"https:\/\/m.media-amazon.com\/images\/I\/31UCLl9Xs6L._SL500_.jpg","contentUrl":"https:\/\/m.media-amazon.com\/images\/I\/31UCLl9Xs6L._SL500_.jpg","width":500,"height":500},{"@type":"BreadcrumbList","@id":"https:\/\/marktxxl.de\/markt\/produkt\/chuwi-hipad-xpro-touchscreen-tablet-10-5-zoll-android-12-unisoc-t616-2-0ghz-8-core-6gb-ram-128gb-rom-tablet1920-1200-ips-8mp13mp-4g-lte5g-wifi-7000mah\/#breadcrumb","itemListElement":[{"@type":"ListItem","position":1,"name":"Startseite","item":"https:\/\/marktxxl.de\/markt\/"},{"@type":"ListItem","position":2,"name":"Markt","item":"https:\/\/marktxxl.de\/markt\/"},{"@type":"ListItem","position":3,"name":"CHUWI HiPad XPro Touchscreen Tablet 10.5 Zoll, Android 12 UNISOC T616 2.0GHz, 8-Core 6GB RAM 128GB ROM Tablet,1920\u2026"}]},{"@type":"WebSite","@id":"https:\/\/marktxxl.de\/markt\/#website","url":"https:\/\/marktxxl.de\/markt\/","name":"Markt-XXL","description":"Ihr Markt Online","publisher":{"@id":"https:\/\/marktxxl.de\/markt\/#organization"},"potentialAction":[{"@type":"SearchAction","target":{"@type":"EntryPoint","urlTemplate":"https:\/\/marktxxl.de\/markt\/?s={search_term_string}"},"query-input":{"@type":"PropertyValueSpecification","valueRequired":true,"valueName":"search_term_string"}}],"inLanguage":"de"},{"@type":"Organization","@id":"https:\/\/marktxxl.de\/markt\/#organization","name":"Markt-XXL","url":"https:\/\/marktxxl.de\/markt\/","logo":{"@type":"ImageObject","inLanguage":"de","@id":"https:\/\/marktxxl.de\/markt\/#\/schema\/logo\/image\/","url":"https:\/\/marktxxl.de\/markt\/wp-content\/uploads\/sites\/3\/2020\/12\/logo.png","contentUrl":"https:\/\/marktxxl.de\/markt\/wp-content\/uploads\/sites\/3\/2020\/12\/logo.png","width":200,"height":70,"caption":"Markt-XXL"},"image":{"@id":"https:\/\/marktxxl.de\/markt\/#\/schema\/logo\/image\/"}}]}},"_links":{"self":[{"href":"https:\/\/marktxxl.de\/markt\/wp-json\/wp\/v2\/product\/189668","targetHints":{"allow":["GET"]}}],"collection":[{"href":"https:\/\/marktxxl.de\/markt\/wp-json\/wp\/v2\/product"}],"about":[{"href":"https:\/\/marktxxl.de\/markt\/wp-json\/wp\/v2\/types\/product"}],"replies":[{"embeddable":true,"href":"https:\/\/marktxxl.de\/markt\/wp-json\/wp\/v2\/comments?post=189668"}],"wp:featuredmedia":[{"embeddable":true,"href":"https:\/\/marktxxl.de\/markt\/wp-json\/wp\/v2\/media\/189669"}],"wp:attachment":[{"href":"https:\/\/marktxxl.de\/markt\/wp-json\/wp\/v2\/media?parent=189668"}],"wp:term":[{"taxonomy":"product_brand","embeddable":true,"href":"https:\/\/marktxxl.de\/markt\/wp-json\/wp\/v2\/product_brand?post=189668"},{"taxonomy":"product_cat","embeddable":true,"href":"https:\/\/marktxxl.de\/markt\/wp-json\/wp\/v2\/product_cat?post=189668"},{"taxonomy":"product_tag","embeddable":true,"href":"https:\/\/marktxxl.de\/markt\/wp-json\/wp\/v2\/product_tag?post=189668"}],"curies":[{"name":"wp","href":"https:\/\/api.w.org\/{rel}","templated":true}]}}