{"id":189618,"date":"2023-02-09T10:13:17","date_gmt":"2023-02-09T09:13:17","guid":{"rendered":"https:\/\/marktxxl.de\/markt\/produkt\/at-mizhi-wireless-hdmi-dongle-fuer-miracast-4k-hd-display-wifi-dongle-fuer-streaming-from-smartphone-to-tv-monitor-projector-support-airplay-chrome-miracast-dlna-fuer-android-windows-i-os-mac-os\/"},"modified":"2023-04-11T05:23:05","modified_gmt":"2023-04-11T03:23:05","slug":"at-mizhi-wireless-hdmi-dongle-fuer-miracast-4k-hd-display-wifi-dongle-fuer-streaming-from-smartphone-to-tv-monitor-projector-support-airplay-chrome-miracast-dlna-fuer-android-windows-i-os-mac-os","status":"publish","type":"product","link":"https:\/\/marktxxl.de\/markt\/produkt\/at-mizhi-wireless-hdmi-dongle-fuer-miracast-4k-hd-display-wifi-dongle-fuer-streaming-from-smartphone-to-tv-monitor-projector-support-airplay-chrome-miracast-dlna-fuer-android-windows-i-os-mac-os\/","title":{"rendered":"AT-MIZHI Wireless HDMI Dongle f\u00fcr Miracast &#8211; 4K HD Display WiFi Dongle f\u00fcr Streaming from Smartphone to TV\/Monitor\u2026"},"content":{"rendered":"<p>HDMI Eingang, einfach zu bedienen &#8211; nur 1 Mobiltelefon, 1 Fernseher, 1 Heim WLAN. Schlie\u00dfen Sie das Ger\u00e4t einfach an den HDMI Anschluss des Fernsehers an (unterst\u00fctzt alle Anzeigeger\u00e4te mit HDMI Anschl\u00fcssen), verbinden Sie dann das Telefon und das Ger\u00e4t mit demselben WLAN und streamen Sie die Dateien vom Telefon zum Fernseher. Egal, ob es sich um Filme, Fernsehsendungen, Live \u00dcbertragungen oder Fotos handelt, das Streamen war noch nie so einfach.<br \/>\nKompatibel mit den meisten intelligenten Systemen und Software &#8211; Der drahtlose Bildschirmmonitor der Marke AT-MIZHI ist mit iOS, Android, Windows und Mac OS Systemen kompatibel. Unterst\u00fctzt Airplay, Miracast und DLNA Protokolle. Unterst\u00fctzt die Spiegelung auf demselben Bildschirm durch Software wie Google Home, Google Chrome und Netflix.<br \/>\nHD 4K Streaming Ausgang &#8211; Dieser HDMI-Adapter unterst\u00fctzt die Arbeit, unabh\u00e4ngig davon, ob die Aufl\u00f6sung des Quellvideos und des Monitors 4K oder 1080P betr\u00e4gt. Seien Sie versichert, HD 1080P und 4K-Aufl\u00f6sung k\u00f6nnen bereits 99,9 % unseres t\u00e4glichen Streaming-Bedarfs erf\u00fcllen. Es eignet sich sehr gut zum Ansehen von Filmen, Fernsehserien, Online-Live-\u00dcbertragungen, Spielen und Business-PPT usw.<br \/>\nWiFi-Verbindung, stabile Spiegelung &#8211; 2,4GHz Daten\u00fcbertragung, um das Gef\u00fchl zu vermeiden, dass audiovisuell nicht synchron ist und h\u00e4ngen bleibt. Je st\u00e4rker das WLAN-Signal, desto stabiler die \u00dcbertragung. Um eine gute Erfahrung zu machen, stellen Sie bitte zuerst sicher, dass das WLAN-Signal stabil ist, und es wird empfohlen, einen Abstand von 3-5 Metern zwischen dem Mobiltelefon und dem Ger\u00e4t einzuhalten. Bitte schreiben Sie uns, wenn Sie auf Verbindungsschwierigkeiten sto\u00dfen.<br \/>\nSpiegel oder Erweiterungsmodus &#8211; Im &#8220;Spiegel&#8221;-Modus wird Ihr Telefonbildschirm in Echtzeit auf dem Gro\u00dfbildger\u00e4t angezeigt, und Sie k\u00f6nnen Ihr Telefon nicht f\u00fcr andere Dinge verwenden, wenn Sie Medien streamen; Im &#8220;Erweitern&#8221;-Modus kann der Fernseher nicht nur Sendungen synchron wiedergeben, die von Ihrem Telefon gestreamt werden, und Sie k\u00f6nnen Ihr Smartphone weiterhin wie gewohnt f\u00fcr andere Dinge verwenden.<br \/>\nKompaktes Design, einfach aufzuladen &#8211; 5 V \/ 2 A USB-Ladeanschluss, kann direkt \u00fcber den Monitor oder die Powerbank aufgeladen werden, elegantes und kompaktes Design, leicht zu tragen. Ob Heimkino, B\u00fcro oder Reisen, solange es \u00fcberall WLAN gibt, kann es Ihnen helfen, Ihren Traum von der kleinen Leinwand auf die gro\u00dfe Leinwand zu verwirklichen und Ihnen jederzeit und \u00fcberall ein audiovisuelles Erlebnis wie im Kino zu bieten<br \/>\nSorgenfreier After-Sales-Kundendienst &#8211; Solange Sie eine Bestellung aufgeben, genie\u00dfen Sie 30 Tage lang kostenlose Geld-zur\u00fcck-Garantie, 12 Monate Garantie und lebenslangen technischen Support. Wenn Sie w\u00e4hrend der Verwendung des Produkts auf Probleme sto\u00dfen, k\u00f6nnen Sie sich gerne an uns wenden. Wir werden das Problem innerhalb von 24 Stunden f\u00fcr Sie l\u00f6sen.<br \/>\n<div class=\"main-cross-sell\" data-asin=\"B0BS3QS967\">\n\n\t<div class=\"WooZone-cross-sell-loader\">\n\t\t<div>\n\t\t\t<div id=\"floatingBarsG\">\n\t\t\t\t<div class=\"blockG\" id=\"rotateG_01\"><\/div>\n\t\t\t\t<div class=\"blockG\" id=\"rotateG_02\"><\/div>\n\t\t\t\t<div class=\"blockG\" id=\"rotateG_03\"><\/div>\n\t\t\t\t<div class=\"blockG\" id=\"rotateG_04\"><\/div>\n\t\t\t\t<div class=\"blockG\" id=\"rotateG_05\"><\/div>\n\t\t\t\t<div class=\"blockG\" id=\"rotateG_06\"><\/div>\n\t\t\t\t<div class=\"blockG\" id=\"rotateG_07\"><\/div>\n\t\t\t\t<div class=\"blockG\" id=\"rotateG_08\"><\/div>\n\t\t\t<\/div>\n\t\t\t<div class=\"WooZone-cross-sell-loader-text\"><\/div>\n\t\t<\/div>\n\t<\/div>\n\n\t\t\n<\/div>\n<div style=\"clear:both;\"><\/div><\/p>\n","protected":false},"excerpt":{"rendered":"<p>HDMI Eingang, einfach zu bedienen &#8211; nur 1 Mobiltelefon, 1 Fernseher, 1 Heim WLAN. Schlie\u00dfen Sie das Ger\u00e4t einfach an den HDMI Anschluss des Fernsehers an (unterst\u00fctzt alle Anzeigeger\u00e4te mit HDMI Anschl\u00fcssen), verbinden Sie dann das Telefon und das Ger\u00e4t mit demselben WLAN und streamen Sie die Dateien vom Telefon zum Fernseher. Egal, ob es sich um Filme, Fernsehsendungen, Live \u00dcbertragungen oder Fotos handelt, das Streamen war noch nie so einfach.<br \/>\nKompatibel mit den meisten intelligenten Systemen und Software &#8211; Der drahtlose Bildschirmmonitor der Marke AT-MIZHI ist mit iOS, Android, Windows und Mac OS Systemen kompatibel. Unterst\u00fctzt Airplay, Miracast und DLNA Protokolle. Unterst\u00fctzt die Spiegelung auf demselben Bildschirm durch Software wie Google Home, Google Chrome und Netflix.<br \/>\nHD 4K Streaming Ausgang &#8211; Dieser HDMI-Adapter unterst\u00fctzt die Arbeit, unabh\u00e4ngig davon, ob die Aufl\u00f6sung des Quellvideos und des Monitors 4K oder 1080P betr\u00e4gt. Seien Sie versichert, HD 1080P und 4K-Aufl\u00f6sung k\u00f6nnen bereits 99,9 % unseres t\u00e4glichen Streaming-Bedarfs erf\u00fcllen. Es eignet sich sehr gut zum Ansehen von Filmen, Fernsehserien, Online-Live-\u00dcbertragungen, Spielen und Business-PPT usw.<\/p>\n","protected":false},"featured_media":189619,"comment_status":"open","ping_status":"closed","template":"","meta":[],"product_brand":[],"product_cat":[863],"product_tag":[],"class_list":{"0":"post-189618","1":"product","2":"type-product","3":"status-publish","4":"has-post-thumbnail","6":"product_cat-computer-zubehoer","7":"pa_brand-at-mizhi","8":"pa_manufacturer-at-mizhi","10":"first","11":"instock","12":"shipping-taxable","13":"purchasable","14":"product-type-simple","15":"customify-col","16":"product-has-gallery"},"yoast_head":"<!-- This site is optimized with the Yoast SEO plugin v27.4 - https:\/\/yoast.com\/product\/yoast-seo-wordpress\/ -->\n<title>AT-MIZHI Wireless HDMI Dongle f\u00fcr Miracast - 4K HD Display WiFi Dongle f\u00fcr Streaming from Smartphone to TV\/Monitor\u2026 - Markt-XXL<\/title>\n<meta name=\"description\" content=\"Markt-XXL AT-MIZHI Wireless HDMI Dongle f\u00fcr Miracast - 4K HD Display WiFi Dongle f\u00fcr Streaming from Smartphone to TV\/Monitor\u2026\" \/>\n<meta name=\"robots\" content=\"index, follow, max-snippet:-1, max-image-preview:large, max-video-preview:-1\" \/>\n<link rel=\"canonical\" href=\"https:\/\/marktxxl.de\/markt\/produkt\/at-mizhi-wireless-hdmi-dongle-fuer-miracast-4k-hd-display-wifi-dongle-fuer-streaming-from-smartphone-to-tv-monitor-projector-support-airplay-chrome-miracast-dlna-fuer-android-windows-i-os-mac-os\/\" \/>\n<meta property=\"og:locale\" content=\"de_DE\" \/>\n<meta property=\"og:type\" content=\"article\" \/>\n<meta property=\"og:title\" content=\"AT-MIZHI Wireless HDMI Dongle f\u00fcr Miracast - 4K HD Display WiFi Dongle f\u00fcr Streaming from Smartphone to TV\/Monitor\u2026 - Markt-XXL\" \/>\n<meta property=\"og:description\" content=\"Markt-XXL AT-MIZHI Wireless HDMI Dongle f\u00fcr Miracast - 4K HD Display WiFi Dongle f\u00fcr Streaming from Smartphone to TV\/Monitor\u2026\" \/>\n<meta property=\"og:url\" content=\"https:\/\/marktxxl.de\/markt\/produkt\/at-mizhi-wireless-hdmi-dongle-fuer-miracast-4k-hd-display-wifi-dongle-fuer-streaming-from-smartphone-to-tv-monitor-projector-support-airplay-chrome-miracast-dlna-fuer-android-windows-i-os-mac-os\/\" \/>\n<meta property=\"og:site_name\" content=\"Markt-XXL\" \/>\n<meta property=\"article:modified_time\" content=\"2023-04-11T03:23:05+00:00\" \/>\n<meta property=\"og:image\" content=\"https:\/\/m.media-amazon.com\/images\/I\/41wmkd8ZGTL._SL500_.jpg\" \/>\n\t<meta property=\"og:image:width\" content=\"500\" \/>\n\t<meta property=\"og:image:height\" content=\"500\" \/>\n\t<meta property=\"og:image:type\" content=\"image\/jpeg\" \/>\n<meta name=\"twitter:card\" content=\"summary_large_image\" \/>\n<meta name=\"twitter:label1\" content=\"Gesch\u00e4tzte Lesezeit\" \/>\n\t<meta name=\"twitter:data1\" content=\"2\u00a0Minuten\" \/>\n<script type=\"application\/ld+json\" class=\"yoast-schema-graph\">{\"@context\":\"https:\\\/\\\/schema.org\",\"@graph\":[{\"@type\":\"WebPage\",\"@id\":\"https:\\\/\\\/marktxxl.de\\\/markt\\\/produkt\\\/at-mizhi-wireless-hdmi-dongle-fuer-miracast-4k-hd-display-wifi-dongle-fuer-streaming-from-smartphone-to-tv-monitor-projector-support-airplay-chrome-miracast-dlna-fuer-android-windows-i-os-mac-os\\\/\",\"url\":\"https:\\\/\\\/marktxxl.de\\\/markt\\\/produkt\\\/at-mizhi-wireless-hdmi-dongle-fuer-miracast-4k-hd-display-wifi-dongle-fuer-streaming-from-smartphone-to-tv-monitor-projector-support-airplay-chrome-miracast-dlna-fuer-android-windows-i-os-mac-os\\\/\",\"name\":\"AT-MIZHI Wireless HDMI Dongle f\u00fcr Miracast - 4K HD Display WiFi Dongle f\u00fcr Streaming from Smartphone to TV\\\/Monitor\u2026 - Markt-XXL\",\"isPartOf\":{\"@id\":\"https:\\\/\\\/marktxxl.de\\\/markt\\\/#website\"},\"primaryImageOfPage\":{\"@id\":\"https:\\\/\\\/marktxxl.de\\\/markt\\\/produkt\\\/at-mizhi-wireless-hdmi-dongle-fuer-miracast-4k-hd-display-wifi-dongle-fuer-streaming-from-smartphone-to-tv-monitor-projector-support-airplay-chrome-miracast-dlna-fuer-android-windows-i-os-mac-os\\\/#primaryimage\"},\"image\":{\"@id\":\"https:\\\/\\\/marktxxl.de\\\/markt\\\/produkt\\\/at-mizhi-wireless-hdmi-dongle-fuer-miracast-4k-hd-display-wifi-dongle-fuer-streaming-from-smartphone-to-tv-monitor-projector-support-airplay-chrome-miracast-dlna-fuer-android-windows-i-os-mac-os\\\/#primaryimage\"},\"thumbnailUrl\":\"https:\\\/\\\/m.media-amazon.com\\\/images\\\/I\\\/41wmkd8ZGTL._SL500_.jpg\",\"datePublished\":\"2023-02-09T09:13:17+00:00\",\"dateModified\":\"2023-04-11T03:23:05+00:00\",\"description\":\"Markt-XXL AT-MIZHI Wireless HDMI Dongle f\u00fcr Miracast - 4K HD Display WiFi Dongle f\u00fcr Streaming from Smartphone to TV\\\/Monitor\u2026\",\"breadcrumb\":{\"@id\":\"https:\\\/\\\/marktxxl.de\\\/markt\\\/produkt\\\/at-mizhi-wireless-hdmi-dongle-fuer-miracast-4k-hd-display-wifi-dongle-fuer-streaming-from-smartphone-to-tv-monitor-projector-support-airplay-chrome-miracast-dlna-fuer-android-windows-i-os-mac-os\\\/#breadcrumb\"},\"inLanguage\":\"de\",\"potentialAction\":[{\"@type\":\"ReadAction\",\"target\":[\"https:\\\/\\\/marktxxl.de\\\/markt\\\/produkt\\\/at-mizhi-wireless-hdmi-dongle-fuer-miracast-4k-hd-display-wifi-dongle-fuer-streaming-from-smartphone-to-tv-monitor-projector-support-airplay-chrome-miracast-dlna-fuer-android-windows-i-os-mac-os\\\/\"]}]},{\"@type\":\"ImageObject\",\"inLanguage\":\"de\",\"@id\":\"https:\\\/\\\/marktxxl.de\\\/markt\\\/produkt\\\/at-mizhi-wireless-hdmi-dongle-fuer-miracast-4k-hd-display-wifi-dongle-fuer-streaming-from-smartphone-to-tv-monitor-projector-support-airplay-chrome-miracast-dlna-fuer-android-windows-i-os-mac-os\\\/#primaryimage\",\"url\":\"https:\\\/\\\/m.media-amazon.com\\\/images\\\/I\\\/41wmkd8ZGTL._SL500_.jpg\",\"contentUrl\":\"https:\\\/\\\/m.media-amazon.com\\\/images\\\/I\\\/41wmkd8ZGTL._SL500_.jpg\",\"width\":500,\"height\":500},{\"@type\":\"BreadcrumbList\",\"@id\":\"https:\\\/\\\/marktxxl.de\\\/markt\\\/produkt\\\/at-mizhi-wireless-hdmi-dongle-fuer-miracast-4k-hd-display-wifi-dongle-fuer-streaming-from-smartphone-to-tv-monitor-projector-support-airplay-chrome-miracast-dlna-fuer-android-windows-i-os-mac-os\\\/#breadcrumb\",\"itemListElement\":[{\"@type\":\"ListItem\",\"position\":1,\"name\":\"Startseite\",\"item\":\"https:\\\/\\\/marktxxl.de\\\/markt\\\/\"},{\"@type\":\"ListItem\",\"position\":2,\"name\":\"Markt\",\"item\":\"https:\\\/\\\/marktxxl.de\\\/markt\\\/\"},{\"@type\":\"ListItem\",\"position\":3,\"name\":\"AT-MIZHI Wireless HDMI Dongle f\u00fcr Miracast &#8211; 4K HD Display WiFi Dongle f\u00fcr Streaming from Smartphone to TV\\\/Monitor\u2026\"}]},{\"@type\":\"WebSite\",\"@id\":\"https:\\\/\\\/marktxxl.de\\\/markt\\\/#website\",\"url\":\"https:\\\/\\\/marktxxl.de\\\/markt\\\/\",\"name\":\"Markt-XXL\",\"description\":\"Ihr Markt Online\",\"publisher\":{\"@id\":\"https:\\\/\\\/marktxxl.de\\\/markt\\\/#organization\"},\"potentialAction\":[{\"@type\":\"SearchAction\",\"target\":{\"@type\":\"EntryPoint\",\"urlTemplate\":\"https:\\\/\\\/marktxxl.de\\\/markt\\\/?s={search_term_string}\"},\"query-input\":{\"@type\":\"PropertyValueSpecification\",\"valueRequired\":true,\"valueName\":\"search_term_string\"}}],\"inLanguage\":\"de\"},{\"@type\":\"Organization\",\"@id\":\"https:\\\/\\\/marktxxl.de\\\/markt\\\/#organization\",\"name\":\"Markt-XXL\",\"url\":\"https:\\\/\\\/marktxxl.de\\\/markt\\\/\",\"logo\":{\"@type\":\"ImageObject\",\"inLanguage\":\"de\",\"@id\":\"https:\\\/\\\/marktxxl.de\\\/markt\\\/#\\\/schema\\\/logo\\\/image\\\/\",\"url\":\"https:\\\/\\\/marktxxl.de\\\/markt\\\/wp-content\\\/uploads\\\/sites\\\/3\\\/2020\\\/12\\\/logo.png\",\"contentUrl\":\"https:\\\/\\\/marktxxl.de\\\/markt\\\/wp-content\\\/uploads\\\/sites\\\/3\\\/2020\\\/12\\\/logo.png\",\"width\":200,\"height\":70,\"caption\":\"Markt-XXL\"},\"image\":{\"@id\":\"https:\\\/\\\/marktxxl.de\\\/markt\\\/#\\\/schema\\\/logo\\\/image\\\/\"}}]}<\/script>\n<!-- \/ Yoast SEO plugin. -->","yoast_head_json":{"title":"AT-MIZHI Wireless HDMI Dongle f\u00fcr Miracast - 4K HD Display WiFi Dongle f\u00fcr Streaming from Smartphone to TV\/Monitor\u2026 - Markt-XXL","description":"Markt-XXL AT-MIZHI Wireless HDMI Dongle f\u00fcr Miracast - 4K HD Display WiFi Dongle f\u00fcr Streaming from Smartphone to TV\/Monitor\u2026","robots":{"index":"index","follow":"follow","max-snippet":"max-snippet:-1","max-image-preview":"max-image-preview:large","max-video-preview":"max-video-preview:-1"},"canonical":"https:\/\/marktxxl.de\/markt\/produkt\/at-mizhi-wireless-hdmi-dongle-fuer-miracast-4k-hd-display-wifi-dongle-fuer-streaming-from-smartphone-to-tv-monitor-projector-support-airplay-chrome-miracast-dlna-fuer-android-windows-i-os-mac-os\/","og_locale":"de_DE","og_type":"article","og_title":"AT-MIZHI Wireless HDMI Dongle f\u00fcr Miracast - 4K HD Display WiFi Dongle f\u00fcr Streaming from Smartphone to TV\/Monitor\u2026 - Markt-XXL","og_description":"Markt-XXL AT-MIZHI Wireless HDMI Dongle f\u00fcr Miracast - 4K HD Display WiFi Dongle f\u00fcr Streaming from Smartphone to TV\/Monitor\u2026","og_url":"https:\/\/marktxxl.de\/markt\/produkt\/at-mizhi-wireless-hdmi-dongle-fuer-miracast-4k-hd-display-wifi-dongle-fuer-streaming-from-smartphone-to-tv-monitor-projector-support-airplay-chrome-miracast-dlna-fuer-android-windows-i-os-mac-os\/","og_site_name":"Markt-XXL","article_modified_time":"2023-04-11T03:23:05+00:00","og_image":[{"width":500,"height":500,"url":"https:\/\/m.media-amazon.com\/images\/I\/41wmkd8ZGTL._SL500_.jpg","type":"image\/jpeg"}],"twitter_card":"summary_large_image","twitter_misc":{"Gesch\u00e4tzte Lesezeit":"2\u00a0Minuten"},"schema":{"@context":"https:\/\/schema.org","@graph":[{"@type":"WebPage","@id":"https:\/\/marktxxl.de\/markt\/produkt\/at-mizhi-wireless-hdmi-dongle-fuer-miracast-4k-hd-display-wifi-dongle-fuer-streaming-from-smartphone-to-tv-monitor-projector-support-airplay-chrome-miracast-dlna-fuer-android-windows-i-os-mac-os\/","url":"https:\/\/marktxxl.de\/markt\/produkt\/at-mizhi-wireless-hdmi-dongle-fuer-miracast-4k-hd-display-wifi-dongle-fuer-streaming-from-smartphone-to-tv-monitor-projector-support-airplay-chrome-miracast-dlna-fuer-android-windows-i-os-mac-os\/","name":"AT-MIZHI Wireless HDMI Dongle f\u00fcr Miracast - 4K HD Display WiFi Dongle f\u00fcr Streaming from Smartphone to TV\/Monitor\u2026 - Markt-XXL","isPartOf":{"@id":"https:\/\/marktxxl.de\/markt\/#website"},"primaryImageOfPage":{"@id":"https:\/\/marktxxl.de\/markt\/produkt\/at-mizhi-wireless-hdmi-dongle-fuer-miracast-4k-hd-display-wifi-dongle-fuer-streaming-from-smartphone-to-tv-monitor-projector-support-airplay-chrome-miracast-dlna-fuer-android-windows-i-os-mac-os\/#primaryimage"},"image":{"@id":"https:\/\/marktxxl.de\/markt\/produkt\/at-mizhi-wireless-hdmi-dongle-fuer-miracast-4k-hd-display-wifi-dongle-fuer-streaming-from-smartphone-to-tv-monitor-projector-support-airplay-chrome-miracast-dlna-fuer-android-windows-i-os-mac-os\/#primaryimage"},"thumbnailUrl":"https:\/\/m.media-amazon.com\/images\/I\/41wmkd8ZGTL._SL500_.jpg","datePublished":"2023-02-09T09:13:17+00:00","dateModified":"2023-04-11T03:23:05+00:00","description":"Markt-XXL AT-MIZHI Wireless HDMI Dongle f\u00fcr Miracast - 4K HD Display WiFi Dongle f\u00fcr Streaming from Smartphone to TV\/Monitor\u2026","breadcrumb":{"@id":"https:\/\/marktxxl.de\/markt\/produkt\/at-mizhi-wireless-hdmi-dongle-fuer-miracast-4k-hd-display-wifi-dongle-fuer-streaming-from-smartphone-to-tv-monitor-projector-support-airplay-chrome-miracast-dlna-fuer-android-windows-i-os-mac-os\/#breadcrumb"},"inLanguage":"de","potentialAction":[{"@type":"ReadAction","target":["https:\/\/marktxxl.de\/markt\/produkt\/at-mizhi-wireless-hdmi-dongle-fuer-miracast-4k-hd-display-wifi-dongle-fuer-streaming-from-smartphone-to-tv-monitor-projector-support-airplay-chrome-miracast-dlna-fuer-android-windows-i-os-mac-os\/"]}]},{"@type":"ImageObject","inLanguage":"de","@id":"https:\/\/marktxxl.de\/markt\/produkt\/at-mizhi-wireless-hdmi-dongle-fuer-miracast-4k-hd-display-wifi-dongle-fuer-streaming-from-smartphone-to-tv-monitor-projector-support-airplay-chrome-miracast-dlna-fuer-android-windows-i-os-mac-os\/#primaryimage","url":"https:\/\/m.media-amazon.com\/images\/I\/41wmkd8ZGTL._SL500_.jpg","contentUrl":"https:\/\/m.media-amazon.com\/images\/I\/41wmkd8ZGTL._SL500_.jpg","width":500,"height":500},{"@type":"BreadcrumbList","@id":"https:\/\/marktxxl.de\/markt\/produkt\/at-mizhi-wireless-hdmi-dongle-fuer-miracast-4k-hd-display-wifi-dongle-fuer-streaming-from-smartphone-to-tv-monitor-projector-support-airplay-chrome-miracast-dlna-fuer-android-windows-i-os-mac-os\/#breadcrumb","itemListElement":[{"@type":"ListItem","position":1,"name":"Startseite","item":"https:\/\/marktxxl.de\/markt\/"},{"@type":"ListItem","position":2,"name":"Markt","item":"https:\/\/marktxxl.de\/markt\/"},{"@type":"ListItem","position":3,"name":"AT-MIZHI Wireless HDMI Dongle f\u00fcr Miracast &#8211; 4K HD Display WiFi Dongle f\u00fcr Streaming from Smartphone to TV\/Monitor\u2026"}]},{"@type":"WebSite","@id":"https:\/\/marktxxl.de\/markt\/#website","url":"https:\/\/marktxxl.de\/markt\/","name":"Markt-XXL","description":"Ihr Markt Online","publisher":{"@id":"https:\/\/marktxxl.de\/markt\/#organization"},"potentialAction":[{"@type":"SearchAction","target":{"@type":"EntryPoint","urlTemplate":"https:\/\/marktxxl.de\/markt\/?s={search_term_string}"},"query-input":{"@type":"PropertyValueSpecification","valueRequired":true,"valueName":"search_term_string"}}],"inLanguage":"de"},{"@type":"Organization","@id":"https:\/\/marktxxl.de\/markt\/#organization","name":"Markt-XXL","url":"https:\/\/marktxxl.de\/markt\/","logo":{"@type":"ImageObject","inLanguage":"de","@id":"https:\/\/marktxxl.de\/markt\/#\/schema\/logo\/image\/","url":"https:\/\/marktxxl.de\/markt\/wp-content\/uploads\/sites\/3\/2020\/12\/logo.png","contentUrl":"https:\/\/marktxxl.de\/markt\/wp-content\/uploads\/sites\/3\/2020\/12\/logo.png","width":200,"height":70,"caption":"Markt-XXL"},"image":{"@id":"https:\/\/marktxxl.de\/markt\/#\/schema\/logo\/image\/"}}]}},"_links":{"self":[{"href":"https:\/\/marktxxl.de\/markt\/wp-json\/wp\/v2\/product\/189618","targetHints":{"allow":["GET"]}}],"collection":[{"href":"https:\/\/marktxxl.de\/markt\/wp-json\/wp\/v2\/product"}],"about":[{"href":"https:\/\/marktxxl.de\/markt\/wp-json\/wp\/v2\/types\/product"}],"replies":[{"embeddable":true,"href":"https:\/\/marktxxl.de\/markt\/wp-json\/wp\/v2\/comments?post=189618"}],"wp:featuredmedia":[{"embeddable":true,"href":"https:\/\/marktxxl.de\/markt\/wp-json\/wp\/v2\/media\/189619"}],"wp:attachment":[{"href":"https:\/\/marktxxl.de\/markt\/wp-json\/wp\/v2\/media?parent=189618"}],"wp:term":[{"taxonomy":"product_brand","embeddable":true,"href":"https:\/\/marktxxl.de\/markt\/wp-json\/wp\/v2\/product_brand?post=189618"},{"taxonomy":"product_cat","embeddable":true,"href":"https:\/\/marktxxl.de\/markt\/wp-json\/wp\/v2\/product_cat?post=189618"},{"taxonomy":"product_tag","embeddable":true,"href":"https:\/\/marktxxl.de\/markt\/wp-json\/wp\/v2\/product_tag?post=189618"}],"curies":[{"name":"wp","href":"https:\/\/api.w.org\/{rel}","templated":true}]}}