{"id":189577,"date":"2023-02-09T10:10:39","date_gmt":"2023-02-09T09:10:39","guid":{"rendered":"https:\/\/marktxxl.de\/markt\/produkt\/usb-c-auf-usb-c-kabel-usb-3-2-gen2x2-typ-c-datenkabel-unterstuetzt-20gbps-datenuebertragung-pd-100w-5a-ladekabel-4k60hz-videouebertragung-fuer-laptop-handy-tablet-otg-monitor-usb-c-geraete\/"},"modified":"2023-04-11T05:23:05","modified_gmt":"2023-04-11T03:23:05","slug":"usb-c-auf-usb-c-kabel-usb-3-2-gen2x2-typ-c-datenkabel-unterstuetzt-20gbps-datenuebertragung-pd-100w-5a-ladekabel-4k60hz-videouebertragung-fuer-laptop-handy-tablet-otg-monitor-usb-c-geraete","status":"publish","type":"product","link":"https:\/\/marktxxl.de\/markt\/produkt\/usb-c-auf-usb-c-kabel-usb-3-2-gen2x2-typ-c-datenkabel-unterstuetzt-20gbps-datenuebertragung-pd-100w-5a-ladekabel-4k60hz-videouebertragung-fuer-laptop-handy-tablet-otg-monitor-usb-c-geraete\/","title":{"rendered":"USB C auf USB C Kabel 100W 20Gbps, Unterst\u00fctzt USB 3.2 Gen2x2 USB 3.1 Datenkabel, PD 3.0 QC 4.0 Schnellladen, 4K@60Hz\u2026"},"content":{"rendered":"<p>\u3010100W Schnellladung\u3011 Zertifiziert durch USB-IF. Eingebauter E-Marker Smart Chip, der dieses USB C auf USB C Kabel stark genug macht, um max. 5A Strom 100W Leistung zu unterst\u00fctzen, das ist 58% schneller als mit einem 60W Ladeger\u00e4t und Kabel. Wenn Sie es eilig haben, ist dieses Kabel die perfekte Ladem\u00f6glichkeit.<br \/>\n\u301020Gbit\/s Daten\u00fcbertragung\u3011 Dieses USB C auf USB C Kabel entspricht vollst\u00e4ndig dem USB 3.2 Gen 2 Standard, bietet eine Superspeed-\u00dcbertragung von bis zu 20Gbit\/s, was die doppelte Geschwindigkeit von USB 3.1 ist, verbinden Sie Festplatte und SSD, um gro\u00dfe Dateien in Sekunden zu \u00fcbertragen.<br \/>\n\u30104K Video und Audio-Ausgang\u3011 Dieses USB C 3.2 Gen2 Kabel dient auch als Videokabel, unterst\u00fctzt Videoausgabe bis zu 4K@60Hz und 2K@165Hz, verbindet MacBook mit einem erweiterten Monitor, um ein 4K UHD Video auszugeben. (Hinweis: Video-Funktion erfordert ein Ger\u00e4t mit USB-C-Anschluss und unterst\u00fctzt DP-Alt-Modus).<br \/>\n\u3010Breite Kompatibilit\u00e4t\u3011 Kompatibel mit dem neuesten MacBook, iPad Pro 12,9 Zoll\/11 Zoll, Google Pixel XL\/2\/2XL\/3\/3XL\/3a\/3a XL\/5\/6\/6 Pro, Pixelbook, Samsung ChromeBook Pro, Samsung Galaxy S21\/S21+\/S21 Ultra\/Note 10\/Note 10 Plus\/A80, Nintendo Switch, LG, Nexus 6P 5X und anderen neu eingef\u00fchrten USB-C Smartphone, Handys, Tablets und Laptops.<br \/>\n\u3010Verbesserte Haltbarkeit\u3011 Entworfen mit einem fortschrittlichen E-Marker-Chip in jedem Stecker f\u00fcr mehr Ladestabilit\u00e4t und h\u00f6here Effizienz. Verbesserter 3D-Aluminium-Stecker und exklusive Laserschwei\u00dftechnologie, die sicherstellen kann, dass das Metallteil nicht bricht. Sie m\u00fcssen sich keine Sorgen um diese Kabelqualit\u00e4t machen.<br \/>\n<div class=\"main-cross-sell\" data-asin=\"B09MW3G9NK\">\n\n\t<div class=\"WooZone-cross-sell-loader\">\n\t\t<div>\n\t\t\t<div id=\"floatingBarsG\">\n\t\t\t\t<div class=\"blockG\" id=\"rotateG_01\"><\/div>\n\t\t\t\t<div class=\"blockG\" id=\"rotateG_02\"><\/div>\n\t\t\t\t<div class=\"blockG\" id=\"rotateG_03\"><\/div>\n\t\t\t\t<div class=\"blockG\" id=\"rotateG_04\"><\/div>\n\t\t\t\t<div class=\"blockG\" id=\"rotateG_05\"><\/div>\n\t\t\t\t<div class=\"blockG\" id=\"rotateG_06\"><\/div>\n\t\t\t\t<div class=\"blockG\" id=\"rotateG_07\"><\/div>\n\t\t\t\t<div class=\"blockG\" id=\"rotateG_08\"><\/div>\n\t\t\t<\/div>\n\t\t\t<div class=\"WooZone-cross-sell-loader-text\"><\/div>\n\t\t<\/div>\n\t<\/div>\n\n\t\t\n<\/div>\n<div style=\"clear:both;\"><\/div><\/p>\n","protected":false},"excerpt":{"rendered":"<p>\u3010100W Schnellladung\u3011 Zertifiziert durch USB-IF. Eingebauter E-Marker Smart Chip, der dieses USB C auf USB C Kabel stark genug macht, um max. 5A Strom 100W Leistung zu unterst\u00fctzen, das ist 58% schneller als mit einem 60W Ladeger\u00e4t und Kabel. Wenn Sie es eilig haben, ist dieses Kabel die perfekte Ladem\u00f6glichkeit.<br \/>\n\u301020Gbit\/s Daten\u00fcbertragung\u3011 Dieses USB C auf USB C Kabel entspricht vollst\u00e4ndig dem USB 3.2 Gen 2 Standard, bietet eine Superspeed-\u00dcbertragung von bis zu 20Gbit\/s, was die doppelte Geschwindigkeit von USB 3.1 ist, verbinden Sie Festplatte und SSD, um gro\u00dfe Dateien in Sekunden zu \u00fcbertragen.<br \/>\n\u30104K Video und Audio-Ausgang\u3011 Dieses USB C 3.2 Gen2 Kabel dient auch als Videokabel, unterst\u00fctzt Videoausgabe bis zu 4K@60Hz und 2K@165Hz, verbindet MacBook mit einem erweiterten Monitor, um ein 4K UHD Video auszugeben. (Hinweis: Video-Funktion erfordert ein Ger\u00e4t mit USB-C-Anschluss und unterst\u00fctzt DP-Alt-Modus).<\/p>\n","protected":false},"featured_media":189578,"comment_status":"open","ping_status":"closed","template":"","meta":[],"product_brand":[],"product_cat":[863],"product_tag":[],"class_list":{"0":"post-189577","1":"product","2":"type-product","3":"status-publish","4":"has-post-thumbnail","6":"product_cat-computer-zubehoer","7":"pa_brand-ult-wiiq","8":"pa_color-grau","9":"pa_manufacturer-ult-wiiq","11":"first","12":"instock","13":"shipping-taxable","14":"purchasable","15":"product-type-simple","16":"customify-col","17":"product-has-gallery"},"yoast_head":"<!-- This site is optimized with the Yoast SEO plugin v27.4 - https:\/\/yoast.com\/product\/yoast-seo-wordpress\/ -->\n<title>USB C auf USB C Kabel 100W 20Gbps, Unterst\u00fctzt USB 3.2 Gen2x2 USB 3.1 Datenkabel, PD 3.0 QC 4.0 Schnellladen, 4K@60Hz\u2026 - Markt-XXL<\/title>\n<meta name=\"description\" content=\"Markt-XXL USB C auf USB C Kabel 100W 20Gbps, Unterst\u00fctzt USB 3.2 Gen2x2 USB 3.1 Datenkabel, PD 3.0 QC 4.0 Schnellladen, 4K@60Hz\u2026\" \/>\n<meta name=\"robots\" content=\"index, follow, max-snippet:-1, max-image-preview:large, max-video-preview:-1\" \/>\n<link rel=\"canonical\" href=\"https:\/\/marktxxl.de\/markt\/produkt\/usb-c-auf-usb-c-kabel-usb-3-2-gen2x2-typ-c-datenkabel-unterstuetzt-20gbps-datenuebertragung-pd-100w-5a-ladekabel-4k60hz-videouebertragung-fuer-laptop-handy-tablet-otg-monitor-usb-c-geraete\/\" \/>\n<meta property=\"og:locale\" content=\"de_DE\" \/>\n<meta property=\"og:type\" content=\"article\" \/>\n<meta property=\"og:title\" content=\"USB C auf USB C Kabel 100W 20Gbps, Unterst\u00fctzt USB 3.2 Gen2x2 USB 3.1 Datenkabel, PD 3.0 QC 4.0 Schnellladen, 4K@60Hz\u2026 - Markt-XXL\" \/>\n<meta property=\"og:description\" content=\"Markt-XXL USB C auf USB C Kabel 100W 20Gbps, Unterst\u00fctzt USB 3.2 Gen2x2 USB 3.1 Datenkabel, PD 3.0 QC 4.0 Schnellladen, 4K@60Hz\u2026\" \/>\n<meta property=\"og:url\" content=\"https:\/\/marktxxl.de\/markt\/produkt\/usb-c-auf-usb-c-kabel-usb-3-2-gen2x2-typ-c-datenkabel-unterstuetzt-20gbps-datenuebertragung-pd-100w-5a-ladekabel-4k60hz-videouebertragung-fuer-laptop-handy-tablet-otg-monitor-usb-c-geraete\/\" \/>\n<meta property=\"og:site_name\" content=\"Markt-XXL\" \/>\n<meta property=\"article:modified_time\" content=\"2023-04-11T03:23:05+00:00\" \/>\n<meta property=\"og:image\" content=\"https:\/\/m.media-amazon.com\/images\/I\/41r94CksVxL._SL500_.jpg\" \/>\n\t<meta property=\"og:image:width\" content=\"500\" \/>\n\t<meta property=\"og:image:height\" content=\"500\" \/>\n\t<meta property=\"og:image:type\" content=\"image\/jpeg\" \/>\n<meta name=\"twitter:card\" content=\"summary_large_image\" \/>\n<meta name=\"twitter:label1\" content=\"Gesch\u00e4tzte Lesezeit\" \/>\n\t<meta name=\"twitter:data1\" content=\"1\u00a0Minute\" \/>\n<script type=\"application\/ld+json\" class=\"yoast-schema-graph\">{\"@context\":\"https:\\\/\\\/schema.org\",\"@graph\":[{\"@type\":\"WebPage\",\"@id\":\"https:\\\/\\\/marktxxl.de\\\/markt\\\/produkt\\\/usb-c-auf-usb-c-kabel-usb-3-2-gen2x2-typ-c-datenkabel-unterstuetzt-20gbps-datenuebertragung-pd-100w-5a-ladekabel-4k60hz-videouebertragung-fuer-laptop-handy-tablet-otg-monitor-usb-c-geraete\\\/\",\"url\":\"https:\\\/\\\/marktxxl.de\\\/markt\\\/produkt\\\/usb-c-auf-usb-c-kabel-usb-3-2-gen2x2-typ-c-datenkabel-unterstuetzt-20gbps-datenuebertragung-pd-100w-5a-ladekabel-4k60hz-videouebertragung-fuer-laptop-handy-tablet-otg-monitor-usb-c-geraete\\\/\",\"name\":\"USB C auf USB C Kabel 100W 20Gbps, Unterst\u00fctzt USB 3.2 Gen2x2 USB 3.1 Datenkabel, PD 3.0 QC 4.0 Schnellladen, 4K@60Hz\u2026 - Markt-XXL\",\"isPartOf\":{\"@id\":\"https:\\\/\\\/marktxxl.de\\\/markt\\\/#website\"},\"primaryImageOfPage\":{\"@id\":\"https:\\\/\\\/marktxxl.de\\\/markt\\\/produkt\\\/usb-c-auf-usb-c-kabel-usb-3-2-gen2x2-typ-c-datenkabel-unterstuetzt-20gbps-datenuebertragung-pd-100w-5a-ladekabel-4k60hz-videouebertragung-fuer-laptop-handy-tablet-otg-monitor-usb-c-geraete\\\/#primaryimage\"},\"image\":{\"@id\":\"https:\\\/\\\/marktxxl.de\\\/markt\\\/produkt\\\/usb-c-auf-usb-c-kabel-usb-3-2-gen2x2-typ-c-datenkabel-unterstuetzt-20gbps-datenuebertragung-pd-100w-5a-ladekabel-4k60hz-videouebertragung-fuer-laptop-handy-tablet-otg-monitor-usb-c-geraete\\\/#primaryimage\"},\"thumbnailUrl\":\"https:\\\/\\\/m.media-amazon.com\\\/images\\\/I\\\/41r94CksVxL._SL500_.jpg\",\"datePublished\":\"2023-02-09T09:10:39+00:00\",\"dateModified\":\"2023-04-11T03:23:05+00:00\",\"description\":\"Markt-XXL USB C auf USB C Kabel 100W 20Gbps, Unterst\u00fctzt USB 3.2 Gen2x2 USB 3.1 Datenkabel, PD 3.0 QC 4.0 Schnellladen, 4K@60Hz\u2026\",\"breadcrumb\":{\"@id\":\"https:\\\/\\\/marktxxl.de\\\/markt\\\/produkt\\\/usb-c-auf-usb-c-kabel-usb-3-2-gen2x2-typ-c-datenkabel-unterstuetzt-20gbps-datenuebertragung-pd-100w-5a-ladekabel-4k60hz-videouebertragung-fuer-laptop-handy-tablet-otg-monitor-usb-c-geraete\\\/#breadcrumb\"},\"inLanguage\":\"de\",\"potentialAction\":[{\"@type\":\"ReadAction\",\"target\":[\"https:\\\/\\\/marktxxl.de\\\/markt\\\/produkt\\\/usb-c-auf-usb-c-kabel-usb-3-2-gen2x2-typ-c-datenkabel-unterstuetzt-20gbps-datenuebertragung-pd-100w-5a-ladekabel-4k60hz-videouebertragung-fuer-laptop-handy-tablet-otg-monitor-usb-c-geraete\\\/\"]}]},{\"@type\":\"ImageObject\",\"inLanguage\":\"de\",\"@id\":\"https:\\\/\\\/marktxxl.de\\\/markt\\\/produkt\\\/usb-c-auf-usb-c-kabel-usb-3-2-gen2x2-typ-c-datenkabel-unterstuetzt-20gbps-datenuebertragung-pd-100w-5a-ladekabel-4k60hz-videouebertragung-fuer-laptop-handy-tablet-otg-monitor-usb-c-geraete\\\/#primaryimage\",\"url\":\"https:\\\/\\\/m.media-amazon.com\\\/images\\\/I\\\/41r94CksVxL._SL500_.jpg\",\"contentUrl\":\"https:\\\/\\\/m.media-amazon.com\\\/images\\\/I\\\/41r94CksVxL._SL500_.jpg\",\"width\":500,\"height\":500},{\"@type\":\"BreadcrumbList\",\"@id\":\"https:\\\/\\\/marktxxl.de\\\/markt\\\/produkt\\\/usb-c-auf-usb-c-kabel-usb-3-2-gen2x2-typ-c-datenkabel-unterstuetzt-20gbps-datenuebertragung-pd-100w-5a-ladekabel-4k60hz-videouebertragung-fuer-laptop-handy-tablet-otg-monitor-usb-c-geraete\\\/#breadcrumb\",\"itemListElement\":[{\"@type\":\"ListItem\",\"position\":1,\"name\":\"Startseite\",\"item\":\"https:\\\/\\\/marktxxl.de\\\/markt\\\/\"},{\"@type\":\"ListItem\",\"position\":2,\"name\":\"Markt\",\"item\":\"https:\\\/\\\/marktxxl.de\\\/markt\\\/\"},{\"@type\":\"ListItem\",\"position\":3,\"name\":\"USB C auf USB C Kabel 100W 20Gbps, Unterst\u00fctzt USB 3.2 Gen2x2 USB 3.1 Datenkabel, PD 3.0 QC 4.0 Schnellladen, 4K@60Hz\u2026\"}]},{\"@type\":\"WebSite\",\"@id\":\"https:\\\/\\\/marktxxl.de\\\/markt\\\/#website\",\"url\":\"https:\\\/\\\/marktxxl.de\\\/markt\\\/\",\"name\":\"Markt-XXL\",\"description\":\"Ihr Markt Online\",\"publisher\":{\"@id\":\"https:\\\/\\\/marktxxl.de\\\/markt\\\/#organization\"},\"potentialAction\":[{\"@type\":\"SearchAction\",\"target\":{\"@type\":\"EntryPoint\",\"urlTemplate\":\"https:\\\/\\\/marktxxl.de\\\/markt\\\/?s={search_term_string}\"},\"query-input\":{\"@type\":\"PropertyValueSpecification\",\"valueRequired\":true,\"valueName\":\"search_term_string\"}}],\"inLanguage\":\"de\"},{\"@type\":\"Organization\",\"@id\":\"https:\\\/\\\/marktxxl.de\\\/markt\\\/#organization\",\"name\":\"Markt-XXL\",\"url\":\"https:\\\/\\\/marktxxl.de\\\/markt\\\/\",\"logo\":{\"@type\":\"ImageObject\",\"inLanguage\":\"de\",\"@id\":\"https:\\\/\\\/marktxxl.de\\\/markt\\\/#\\\/schema\\\/logo\\\/image\\\/\",\"url\":\"https:\\\/\\\/marktxxl.de\\\/markt\\\/wp-content\\\/uploads\\\/sites\\\/3\\\/2020\\\/12\\\/logo.png\",\"contentUrl\":\"https:\\\/\\\/marktxxl.de\\\/markt\\\/wp-content\\\/uploads\\\/sites\\\/3\\\/2020\\\/12\\\/logo.png\",\"width\":200,\"height\":70,\"caption\":\"Markt-XXL\"},\"image\":{\"@id\":\"https:\\\/\\\/marktxxl.de\\\/markt\\\/#\\\/schema\\\/logo\\\/image\\\/\"}}]}<\/script>\n<!-- \/ Yoast SEO plugin. -->","yoast_head_json":{"title":"USB C auf USB C Kabel 100W 20Gbps, Unterst\u00fctzt USB 3.2 Gen2x2 USB 3.1 Datenkabel, PD 3.0 QC 4.0 Schnellladen, 4K@60Hz\u2026 - Markt-XXL","description":"Markt-XXL USB C auf USB C Kabel 100W 20Gbps, Unterst\u00fctzt USB 3.2 Gen2x2 USB 3.1 Datenkabel, PD 3.0 QC 4.0 Schnellladen, 4K@60Hz\u2026","robots":{"index":"index","follow":"follow","max-snippet":"max-snippet:-1","max-image-preview":"max-image-preview:large","max-video-preview":"max-video-preview:-1"},"canonical":"https:\/\/marktxxl.de\/markt\/produkt\/usb-c-auf-usb-c-kabel-usb-3-2-gen2x2-typ-c-datenkabel-unterstuetzt-20gbps-datenuebertragung-pd-100w-5a-ladekabel-4k60hz-videouebertragung-fuer-laptop-handy-tablet-otg-monitor-usb-c-geraete\/","og_locale":"de_DE","og_type":"article","og_title":"USB C auf USB C Kabel 100W 20Gbps, Unterst\u00fctzt USB 3.2 Gen2x2 USB 3.1 Datenkabel, PD 3.0 QC 4.0 Schnellladen, 4K@60Hz\u2026 - Markt-XXL","og_description":"Markt-XXL USB C auf USB C Kabel 100W 20Gbps, Unterst\u00fctzt USB 3.2 Gen2x2 USB 3.1 Datenkabel, PD 3.0 QC 4.0 Schnellladen, 4K@60Hz\u2026","og_url":"https:\/\/marktxxl.de\/markt\/produkt\/usb-c-auf-usb-c-kabel-usb-3-2-gen2x2-typ-c-datenkabel-unterstuetzt-20gbps-datenuebertragung-pd-100w-5a-ladekabel-4k60hz-videouebertragung-fuer-laptop-handy-tablet-otg-monitor-usb-c-geraete\/","og_site_name":"Markt-XXL","article_modified_time":"2023-04-11T03:23:05+00:00","og_image":[{"width":500,"height":500,"url":"https:\/\/m.media-amazon.com\/images\/I\/41r94CksVxL._SL500_.jpg","type":"image\/jpeg"}],"twitter_card":"summary_large_image","twitter_misc":{"Gesch\u00e4tzte Lesezeit":"1\u00a0Minute"},"schema":{"@context":"https:\/\/schema.org","@graph":[{"@type":"WebPage","@id":"https:\/\/marktxxl.de\/markt\/produkt\/usb-c-auf-usb-c-kabel-usb-3-2-gen2x2-typ-c-datenkabel-unterstuetzt-20gbps-datenuebertragung-pd-100w-5a-ladekabel-4k60hz-videouebertragung-fuer-laptop-handy-tablet-otg-monitor-usb-c-geraete\/","url":"https:\/\/marktxxl.de\/markt\/produkt\/usb-c-auf-usb-c-kabel-usb-3-2-gen2x2-typ-c-datenkabel-unterstuetzt-20gbps-datenuebertragung-pd-100w-5a-ladekabel-4k60hz-videouebertragung-fuer-laptop-handy-tablet-otg-monitor-usb-c-geraete\/","name":"USB C auf USB C Kabel 100W 20Gbps, Unterst\u00fctzt USB 3.2 Gen2x2 USB 3.1 Datenkabel, PD 3.0 QC 4.0 Schnellladen, 4K@60Hz\u2026 - Markt-XXL","isPartOf":{"@id":"https:\/\/marktxxl.de\/markt\/#website"},"primaryImageOfPage":{"@id":"https:\/\/marktxxl.de\/markt\/produkt\/usb-c-auf-usb-c-kabel-usb-3-2-gen2x2-typ-c-datenkabel-unterstuetzt-20gbps-datenuebertragung-pd-100w-5a-ladekabel-4k60hz-videouebertragung-fuer-laptop-handy-tablet-otg-monitor-usb-c-geraete\/#primaryimage"},"image":{"@id":"https:\/\/marktxxl.de\/markt\/produkt\/usb-c-auf-usb-c-kabel-usb-3-2-gen2x2-typ-c-datenkabel-unterstuetzt-20gbps-datenuebertragung-pd-100w-5a-ladekabel-4k60hz-videouebertragung-fuer-laptop-handy-tablet-otg-monitor-usb-c-geraete\/#primaryimage"},"thumbnailUrl":"https:\/\/m.media-amazon.com\/images\/I\/41r94CksVxL._SL500_.jpg","datePublished":"2023-02-09T09:10:39+00:00","dateModified":"2023-04-11T03:23:05+00:00","description":"Markt-XXL USB C auf USB C Kabel 100W 20Gbps, Unterst\u00fctzt USB 3.2 Gen2x2 USB 3.1 Datenkabel, PD 3.0 QC 4.0 Schnellladen, 4K@60Hz\u2026","breadcrumb":{"@id":"https:\/\/marktxxl.de\/markt\/produkt\/usb-c-auf-usb-c-kabel-usb-3-2-gen2x2-typ-c-datenkabel-unterstuetzt-20gbps-datenuebertragung-pd-100w-5a-ladekabel-4k60hz-videouebertragung-fuer-laptop-handy-tablet-otg-monitor-usb-c-geraete\/#breadcrumb"},"inLanguage":"de","potentialAction":[{"@type":"ReadAction","target":["https:\/\/marktxxl.de\/markt\/produkt\/usb-c-auf-usb-c-kabel-usb-3-2-gen2x2-typ-c-datenkabel-unterstuetzt-20gbps-datenuebertragung-pd-100w-5a-ladekabel-4k60hz-videouebertragung-fuer-laptop-handy-tablet-otg-monitor-usb-c-geraete\/"]}]},{"@type":"ImageObject","inLanguage":"de","@id":"https:\/\/marktxxl.de\/markt\/produkt\/usb-c-auf-usb-c-kabel-usb-3-2-gen2x2-typ-c-datenkabel-unterstuetzt-20gbps-datenuebertragung-pd-100w-5a-ladekabel-4k60hz-videouebertragung-fuer-laptop-handy-tablet-otg-monitor-usb-c-geraete\/#primaryimage","url":"https:\/\/m.media-amazon.com\/images\/I\/41r94CksVxL._SL500_.jpg","contentUrl":"https:\/\/m.media-amazon.com\/images\/I\/41r94CksVxL._SL500_.jpg","width":500,"height":500},{"@type":"BreadcrumbList","@id":"https:\/\/marktxxl.de\/markt\/produkt\/usb-c-auf-usb-c-kabel-usb-3-2-gen2x2-typ-c-datenkabel-unterstuetzt-20gbps-datenuebertragung-pd-100w-5a-ladekabel-4k60hz-videouebertragung-fuer-laptop-handy-tablet-otg-monitor-usb-c-geraete\/#breadcrumb","itemListElement":[{"@type":"ListItem","position":1,"name":"Startseite","item":"https:\/\/marktxxl.de\/markt\/"},{"@type":"ListItem","position":2,"name":"Markt","item":"https:\/\/marktxxl.de\/markt\/"},{"@type":"ListItem","position":3,"name":"USB C auf USB C Kabel 100W 20Gbps, Unterst\u00fctzt USB 3.2 Gen2x2 USB 3.1 Datenkabel, PD 3.0 QC 4.0 Schnellladen, 4K@60Hz\u2026"}]},{"@type":"WebSite","@id":"https:\/\/marktxxl.de\/markt\/#website","url":"https:\/\/marktxxl.de\/markt\/","name":"Markt-XXL","description":"Ihr Markt Online","publisher":{"@id":"https:\/\/marktxxl.de\/markt\/#organization"},"potentialAction":[{"@type":"SearchAction","target":{"@type":"EntryPoint","urlTemplate":"https:\/\/marktxxl.de\/markt\/?s={search_term_string}"},"query-input":{"@type":"PropertyValueSpecification","valueRequired":true,"valueName":"search_term_string"}}],"inLanguage":"de"},{"@type":"Organization","@id":"https:\/\/marktxxl.de\/markt\/#organization","name":"Markt-XXL","url":"https:\/\/marktxxl.de\/markt\/","logo":{"@type":"ImageObject","inLanguage":"de","@id":"https:\/\/marktxxl.de\/markt\/#\/schema\/logo\/image\/","url":"https:\/\/marktxxl.de\/markt\/wp-content\/uploads\/sites\/3\/2020\/12\/logo.png","contentUrl":"https:\/\/marktxxl.de\/markt\/wp-content\/uploads\/sites\/3\/2020\/12\/logo.png","width":200,"height":70,"caption":"Markt-XXL"},"image":{"@id":"https:\/\/marktxxl.de\/markt\/#\/schema\/logo\/image\/"}}]}},"_links":{"self":[{"href":"https:\/\/marktxxl.de\/markt\/wp-json\/wp\/v2\/product\/189577","targetHints":{"allow":["GET"]}}],"collection":[{"href":"https:\/\/marktxxl.de\/markt\/wp-json\/wp\/v2\/product"}],"about":[{"href":"https:\/\/marktxxl.de\/markt\/wp-json\/wp\/v2\/types\/product"}],"replies":[{"embeddable":true,"href":"https:\/\/marktxxl.de\/markt\/wp-json\/wp\/v2\/comments?post=189577"}],"wp:featuredmedia":[{"embeddable":true,"href":"https:\/\/marktxxl.de\/markt\/wp-json\/wp\/v2\/media\/189578"}],"wp:attachment":[{"href":"https:\/\/marktxxl.de\/markt\/wp-json\/wp\/v2\/media?parent=189577"}],"wp:term":[{"taxonomy":"product_brand","embeddable":true,"href":"https:\/\/marktxxl.de\/markt\/wp-json\/wp\/v2\/product_brand?post=189577"},{"taxonomy":"product_cat","embeddable":true,"href":"https:\/\/marktxxl.de\/markt\/wp-json\/wp\/v2\/product_cat?post=189577"},{"taxonomy":"product_tag","embeddable":true,"href":"https:\/\/marktxxl.de\/markt\/wp-json\/wp\/v2\/product_tag?post=189577"}],"curies":[{"name":"wp","href":"https:\/\/api.w.org\/{rel}","templated":true}]}}