{"id":189534,"date":"2023-02-09T10:08:23","date_gmt":"2023-02-09T09:08:23","guid":{"rendered":"https:\/\/marktxxl.de\/markt\/produkt\/kayboo-micro-sd-karte-512-gb-speicherkarte-high-speed-micro-sd-card-512gb-memory-card-externe-datenspeicher-micro-sd-speicherkarten-fuer-kamera-smartphone-und-tablet\/"},"modified":"2023-04-11T05:23:05","modified_gmt":"2023-04-11T03:23:05","slug":"kayboo-micro-sd-karte-512-gb-speicherkarte-high-speed-micro-sd-card-512gb-memory-card-externe-datenspeicher-micro-sd-speicherkarten-fuer-kamera-smartphone-und-tablet","status":"publish","type":"product","link":"https:\/\/marktxxl.de\/markt\/produkt\/kayboo-micro-sd-karte-512-gb-speicherkarte-high-speed-micro-sd-card-512gb-memory-card-externe-datenspeicher-micro-sd-speicherkarten-fuer-kamera-smartphone-und-tablet\/","title":{"rendered":"Kayboo Micro SD Karte 512 GB Speicherkarte High Speed Micro SD Card 512GB Memory Card Externe Datenspeicher Micro SD\u2026"},"content":{"rendered":"<p>\u3010SD Karte 512GB\u3011Die riesigen Kapazit\u00e4ten von 512 GB bieten Ihnen jede Menge Speicherplatz. Dank der gro\u00dfen Speicherkapazit\u00e4t k\u00f6nnen Sie jede Menge Fotos und Videos auf Ihrem Handy speichern, viele Apps auf Ihrem Tablet laden.<br \/>\n\u3010Hohe Geschwindigkeit\u3011 Micro SD Karten sind schnell f\u00fcr bessere Bilder, App-Leistung und Full-HD-Videos, was die Produktivit\u00e4t erheblich verbessert. Erweitern sie ganz einfach die kapazit\u00e4t Ihrer mobilen ger\u00e4te, und erfassen sie jeden moment Ihres lebens.<br \/>\n\u3010Dauerhafte Zuverl\u00e4ssigkeit\u3011Die Micro SD Karte 512GB wurde auf extreme Bedingungen getestet. Die Speicherkarte ist wasserdicht, sto\u00dffest, temperaturbest\u00e4ndig und r\u00f6ntgenbest\u00e4ndig, wiederverwendbar und langlebig sind .Sch\u00fctzen Sie Ihre Daten jederzeit.<br \/>\n\u3010Hohe Kompatibilit\u00e4t\u3011Die micro SD karte ist hochkompatibel f\u00fcr verschiedene Ger\u00e4tetypen, einschlie\u00dflich Smartphones, Computer, Tablet, Laptops, PC, Digitalkameras, Drohnen, Full HD-Camcorder, und Dash-Kameras. Und es unterst\u00fctzt viele Dateiformate wie Videos, Musik, Fotos, Dokumente usw.<br \/>\n\u3010Einfach zu verwenden\u3011Die Micro SD Speicherkarte ist klein genug, um \u00fcberall hin mitgenommen zu werden. Plug-and-Play, einfach die Micro SD Speicherkarten in das Ger\u00e4t einlegen und mit der \u00dcbertragung von Dateien beginnen.<br \/>\n<div class=\"main-cross-sell\" data-asin=\"B0BRYGB8LR\">\n\n\t<div class=\"WooZone-cross-sell-loader\">\n\t\t<div>\n\t\t\t<div id=\"floatingBarsG\">\n\t\t\t\t<div class=\"blockG\" id=\"rotateG_01\"><\/div>\n\t\t\t\t<div class=\"blockG\" id=\"rotateG_02\"><\/div>\n\t\t\t\t<div class=\"blockG\" id=\"rotateG_03\"><\/div>\n\t\t\t\t<div class=\"blockG\" id=\"rotateG_04\"><\/div>\n\t\t\t\t<div class=\"blockG\" id=\"rotateG_05\"><\/div>\n\t\t\t\t<div class=\"blockG\" id=\"rotateG_06\"><\/div>\n\t\t\t\t<div class=\"blockG\" id=\"rotateG_07\"><\/div>\n\t\t\t\t<div class=\"blockG\" id=\"rotateG_08\"><\/div>\n\t\t\t<\/div>\n\t\t\t<div class=\"WooZone-cross-sell-loader-text\"><\/div>\n\t\t<\/div>\n\t<\/div>\n\n\t\t\n<\/div>\n<div style=\"clear:both;\"><\/div><\/p>\n","protected":false},"excerpt":{"rendered":"<p>\u3010SD Karte 512GB\u3011Die riesigen Kapazit\u00e4ten von 512 GB bieten Ihnen jede Menge Speicherplatz. Dank der gro\u00dfen Speicherkapazit\u00e4t k\u00f6nnen Sie jede Menge Fotos und Videos auf Ihrem Handy speichern, viele Apps auf Ihrem Tablet laden.<br \/>\n\u3010Hohe Geschwindigkeit\u3011 Micro SD Karten sind schnell f\u00fcr bessere Bilder, App-Leistung und Full-HD-Videos, was die Produktivit\u00e4t erheblich verbessert. Erweitern sie ganz einfach die kapazit\u00e4t Ihrer mobilen ger\u00e4te, und erfassen sie jeden moment Ihres lebens.<br \/>\n\u3010Dauerhafte Zuverl\u00e4ssigkeit\u3011Die Micro SD Karte 512GB wurde auf extreme Bedingungen getestet. Die Speicherkarte ist wasserdicht, sto\u00dffest, temperaturbest\u00e4ndig und r\u00f6ntgenbest\u00e4ndig, wiederverwendbar und langlebig sind .Sch\u00fctzen Sie Ihre Daten jederzeit.<\/p>\n","protected":false},"featured_media":189535,"comment_status":"open","ping_status":"closed","template":"","meta":[],"product_brand":[],"product_cat":[863],"product_tag":[],"class_list":{"0":"post-189534","1":"product","2":"type-product","3":"status-publish","4":"has-post-thumbnail","6":"product_cat-computer-zubehoer","7":"pa_brand-kayboo","8":"pa_color-red","9":"pa_manufacturer-kayboo","10":"pa_warranty-1013","12":"first","13":"instock","14":"shipping-taxable","15":"purchasable","16":"product-type-simple","17":"customify-col","18":"product-has-gallery"},"yoast_head":"<!-- This site is optimized with the Yoast SEO plugin v27.4 - https:\/\/yoast.com\/product\/yoast-seo-wordpress\/ -->\n<title>Kayboo Micro SD Karte 512 GB Speicherkarte High Speed Micro SD Card 512GB Memory Card Externe Datenspeicher Micro SD\u2026 - Markt-XXL<\/title>\n<meta name=\"description\" content=\"Markt-XXL Kayboo Micro SD Karte 512 GB Speicherkarte High Speed Micro SD Card 512GB Memory Card Externe Datenspeicher Micro SD\u2026\" \/>\n<meta name=\"robots\" content=\"index, follow, max-snippet:-1, max-image-preview:large, max-video-preview:-1\" \/>\n<link rel=\"canonical\" href=\"https:\/\/marktxxl.de\/markt\/produkt\/kayboo-micro-sd-karte-512-gb-speicherkarte-high-speed-micro-sd-card-512gb-memory-card-externe-datenspeicher-micro-sd-speicherkarten-fuer-kamera-smartphone-und-tablet\/\" \/>\n<meta property=\"og:locale\" content=\"de_DE\" \/>\n<meta property=\"og:type\" content=\"article\" \/>\n<meta property=\"og:title\" content=\"Kayboo Micro SD Karte 512 GB Speicherkarte High Speed Micro SD Card 512GB Memory Card Externe Datenspeicher Micro SD\u2026 - Markt-XXL\" \/>\n<meta property=\"og:description\" content=\"Markt-XXL Kayboo Micro SD Karte 512 GB Speicherkarte High Speed Micro SD Card 512GB Memory Card Externe Datenspeicher Micro SD\u2026\" \/>\n<meta property=\"og:url\" content=\"https:\/\/marktxxl.de\/markt\/produkt\/kayboo-micro-sd-karte-512-gb-speicherkarte-high-speed-micro-sd-card-512gb-memory-card-externe-datenspeicher-micro-sd-speicherkarten-fuer-kamera-smartphone-und-tablet\/\" \/>\n<meta property=\"og:site_name\" content=\"Markt-XXL\" \/>\n<meta property=\"article:modified_time\" content=\"2023-04-11T03:23:05+00:00\" \/>\n<meta property=\"og:image\" content=\"https:\/\/m.media-amazon.com\/images\/I\/41V8mhLFTuL._SL500_.jpg\" \/>\n\t<meta property=\"og:image:width\" content=\"500\" \/>\n\t<meta property=\"og:image:height\" content=\"500\" \/>\n\t<meta property=\"og:image:type\" content=\"image\/jpeg\" \/>\n<meta name=\"twitter:card\" content=\"summary_large_image\" \/>\n<meta name=\"twitter:label1\" content=\"Gesch\u00e4tzte Lesezeit\" \/>\n\t<meta name=\"twitter:data1\" content=\"1\u00a0Minute\" \/>\n<script type=\"application\/ld+json\" class=\"yoast-schema-graph\">{\"@context\":\"https:\\\/\\\/schema.org\",\"@graph\":[{\"@type\":\"WebPage\",\"@id\":\"https:\\\/\\\/marktxxl.de\\\/markt\\\/produkt\\\/kayboo-micro-sd-karte-512-gb-speicherkarte-high-speed-micro-sd-card-512gb-memory-card-externe-datenspeicher-micro-sd-speicherkarten-fuer-kamera-smartphone-und-tablet\\\/\",\"url\":\"https:\\\/\\\/marktxxl.de\\\/markt\\\/produkt\\\/kayboo-micro-sd-karte-512-gb-speicherkarte-high-speed-micro-sd-card-512gb-memory-card-externe-datenspeicher-micro-sd-speicherkarten-fuer-kamera-smartphone-und-tablet\\\/\",\"name\":\"Kayboo Micro SD Karte 512 GB Speicherkarte High Speed Micro SD Card 512GB Memory Card Externe Datenspeicher Micro SD\u2026 - Markt-XXL\",\"isPartOf\":{\"@id\":\"https:\\\/\\\/marktxxl.de\\\/markt\\\/#website\"},\"primaryImageOfPage\":{\"@id\":\"https:\\\/\\\/marktxxl.de\\\/markt\\\/produkt\\\/kayboo-micro-sd-karte-512-gb-speicherkarte-high-speed-micro-sd-card-512gb-memory-card-externe-datenspeicher-micro-sd-speicherkarten-fuer-kamera-smartphone-und-tablet\\\/#primaryimage\"},\"image\":{\"@id\":\"https:\\\/\\\/marktxxl.de\\\/markt\\\/produkt\\\/kayboo-micro-sd-karte-512-gb-speicherkarte-high-speed-micro-sd-card-512gb-memory-card-externe-datenspeicher-micro-sd-speicherkarten-fuer-kamera-smartphone-und-tablet\\\/#primaryimage\"},\"thumbnailUrl\":\"https:\\\/\\\/m.media-amazon.com\\\/images\\\/I\\\/41V8mhLFTuL._SL500_.jpg\",\"datePublished\":\"2023-02-09T09:08:23+00:00\",\"dateModified\":\"2023-04-11T03:23:05+00:00\",\"description\":\"Markt-XXL Kayboo Micro SD Karte 512 GB Speicherkarte High Speed Micro SD Card 512GB Memory Card Externe Datenspeicher Micro SD\u2026\",\"breadcrumb\":{\"@id\":\"https:\\\/\\\/marktxxl.de\\\/markt\\\/produkt\\\/kayboo-micro-sd-karte-512-gb-speicherkarte-high-speed-micro-sd-card-512gb-memory-card-externe-datenspeicher-micro-sd-speicherkarten-fuer-kamera-smartphone-und-tablet\\\/#breadcrumb\"},\"inLanguage\":\"de\",\"potentialAction\":[{\"@type\":\"ReadAction\",\"target\":[\"https:\\\/\\\/marktxxl.de\\\/markt\\\/produkt\\\/kayboo-micro-sd-karte-512-gb-speicherkarte-high-speed-micro-sd-card-512gb-memory-card-externe-datenspeicher-micro-sd-speicherkarten-fuer-kamera-smartphone-und-tablet\\\/\"]}]},{\"@type\":\"ImageObject\",\"inLanguage\":\"de\",\"@id\":\"https:\\\/\\\/marktxxl.de\\\/markt\\\/produkt\\\/kayboo-micro-sd-karte-512-gb-speicherkarte-high-speed-micro-sd-card-512gb-memory-card-externe-datenspeicher-micro-sd-speicherkarten-fuer-kamera-smartphone-und-tablet\\\/#primaryimage\",\"url\":\"https:\\\/\\\/m.media-amazon.com\\\/images\\\/I\\\/41V8mhLFTuL._SL500_.jpg\",\"contentUrl\":\"https:\\\/\\\/m.media-amazon.com\\\/images\\\/I\\\/41V8mhLFTuL._SL500_.jpg\",\"width\":500,\"height\":500},{\"@type\":\"BreadcrumbList\",\"@id\":\"https:\\\/\\\/marktxxl.de\\\/markt\\\/produkt\\\/kayboo-micro-sd-karte-512-gb-speicherkarte-high-speed-micro-sd-card-512gb-memory-card-externe-datenspeicher-micro-sd-speicherkarten-fuer-kamera-smartphone-und-tablet\\\/#breadcrumb\",\"itemListElement\":[{\"@type\":\"ListItem\",\"position\":1,\"name\":\"Startseite\",\"item\":\"https:\\\/\\\/marktxxl.de\\\/markt\\\/\"},{\"@type\":\"ListItem\",\"position\":2,\"name\":\"Markt\",\"item\":\"https:\\\/\\\/marktxxl.de\\\/markt\\\/\"},{\"@type\":\"ListItem\",\"position\":3,\"name\":\"Kayboo Micro SD Karte 512 GB Speicherkarte High Speed Micro SD Card 512GB Memory Card Externe Datenspeicher Micro SD\u2026\"}]},{\"@type\":\"WebSite\",\"@id\":\"https:\\\/\\\/marktxxl.de\\\/markt\\\/#website\",\"url\":\"https:\\\/\\\/marktxxl.de\\\/markt\\\/\",\"name\":\"Markt-XXL\",\"description\":\"Ihr Markt Online\",\"publisher\":{\"@id\":\"https:\\\/\\\/marktxxl.de\\\/markt\\\/#organization\"},\"potentialAction\":[{\"@type\":\"SearchAction\",\"target\":{\"@type\":\"EntryPoint\",\"urlTemplate\":\"https:\\\/\\\/marktxxl.de\\\/markt\\\/?s={search_term_string}\"},\"query-input\":{\"@type\":\"PropertyValueSpecification\",\"valueRequired\":true,\"valueName\":\"search_term_string\"}}],\"inLanguage\":\"de\"},{\"@type\":\"Organization\",\"@id\":\"https:\\\/\\\/marktxxl.de\\\/markt\\\/#organization\",\"name\":\"Markt-XXL\",\"url\":\"https:\\\/\\\/marktxxl.de\\\/markt\\\/\",\"logo\":{\"@type\":\"ImageObject\",\"inLanguage\":\"de\",\"@id\":\"https:\\\/\\\/marktxxl.de\\\/markt\\\/#\\\/schema\\\/logo\\\/image\\\/\",\"url\":\"https:\\\/\\\/marktxxl.de\\\/markt\\\/wp-content\\\/uploads\\\/sites\\\/3\\\/2020\\\/12\\\/logo.png\",\"contentUrl\":\"https:\\\/\\\/marktxxl.de\\\/markt\\\/wp-content\\\/uploads\\\/sites\\\/3\\\/2020\\\/12\\\/logo.png\",\"width\":200,\"height\":70,\"caption\":\"Markt-XXL\"},\"image\":{\"@id\":\"https:\\\/\\\/marktxxl.de\\\/markt\\\/#\\\/schema\\\/logo\\\/image\\\/\"}}]}<\/script>\n<!-- \/ Yoast SEO plugin. -->","yoast_head_json":{"title":"Kayboo Micro SD Karte 512 GB Speicherkarte High Speed Micro SD Card 512GB Memory Card Externe Datenspeicher Micro SD\u2026 - Markt-XXL","description":"Markt-XXL Kayboo Micro SD Karte 512 GB Speicherkarte High Speed Micro SD Card 512GB Memory Card Externe Datenspeicher Micro SD\u2026","robots":{"index":"index","follow":"follow","max-snippet":"max-snippet:-1","max-image-preview":"max-image-preview:large","max-video-preview":"max-video-preview:-1"},"canonical":"https:\/\/marktxxl.de\/markt\/produkt\/kayboo-micro-sd-karte-512-gb-speicherkarte-high-speed-micro-sd-card-512gb-memory-card-externe-datenspeicher-micro-sd-speicherkarten-fuer-kamera-smartphone-und-tablet\/","og_locale":"de_DE","og_type":"article","og_title":"Kayboo Micro SD Karte 512 GB Speicherkarte High Speed Micro SD Card 512GB Memory Card Externe Datenspeicher Micro SD\u2026 - Markt-XXL","og_description":"Markt-XXL Kayboo Micro SD Karte 512 GB Speicherkarte High Speed Micro SD Card 512GB Memory Card Externe Datenspeicher Micro SD\u2026","og_url":"https:\/\/marktxxl.de\/markt\/produkt\/kayboo-micro-sd-karte-512-gb-speicherkarte-high-speed-micro-sd-card-512gb-memory-card-externe-datenspeicher-micro-sd-speicherkarten-fuer-kamera-smartphone-und-tablet\/","og_site_name":"Markt-XXL","article_modified_time":"2023-04-11T03:23:05+00:00","og_image":[{"width":500,"height":500,"url":"https:\/\/m.media-amazon.com\/images\/I\/41V8mhLFTuL._SL500_.jpg","type":"image\/jpeg"}],"twitter_card":"summary_large_image","twitter_misc":{"Gesch\u00e4tzte Lesezeit":"1\u00a0Minute"},"schema":{"@context":"https:\/\/schema.org","@graph":[{"@type":"WebPage","@id":"https:\/\/marktxxl.de\/markt\/produkt\/kayboo-micro-sd-karte-512-gb-speicherkarte-high-speed-micro-sd-card-512gb-memory-card-externe-datenspeicher-micro-sd-speicherkarten-fuer-kamera-smartphone-und-tablet\/","url":"https:\/\/marktxxl.de\/markt\/produkt\/kayboo-micro-sd-karte-512-gb-speicherkarte-high-speed-micro-sd-card-512gb-memory-card-externe-datenspeicher-micro-sd-speicherkarten-fuer-kamera-smartphone-und-tablet\/","name":"Kayboo Micro SD Karte 512 GB Speicherkarte High Speed Micro SD Card 512GB Memory Card Externe Datenspeicher Micro SD\u2026 - Markt-XXL","isPartOf":{"@id":"https:\/\/marktxxl.de\/markt\/#website"},"primaryImageOfPage":{"@id":"https:\/\/marktxxl.de\/markt\/produkt\/kayboo-micro-sd-karte-512-gb-speicherkarte-high-speed-micro-sd-card-512gb-memory-card-externe-datenspeicher-micro-sd-speicherkarten-fuer-kamera-smartphone-und-tablet\/#primaryimage"},"image":{"@id":"https:\/\/marktxxl.de\/markt\/produkt\/kayboo-micro-sd-karte-512-gb-speicherkarte-high-speed-micro-sd-card-512gb-memory-card-externe-datenspeicher-micro-sd-speicherkarten-fuer-kamera-smartphone-und-tablet\/#primaryimage"},"thumbnailUrl":"https:\/\/m.media-amazon.com\/images\/I\/41V8mhLFTuL._SL500_.jpg","datePublished":"2023-02-09T09:08:23+00:00","dateModified":"2023-04-11T03:23:05+00:00","description":"Markt-XXL Kayboo Micro SD Karte 512 GB Speicherkarte High Speed Micro SD Card 512GB Memory Card Externe Datenspeicher Micro SD\u2026","breadcrumb":{"@id":"https:\/\/marktxxl.de\/markt\/produkt\/kayboo-micro-sd-karte-512-gb-speicherkarte-high-speed-micro-sd-card-512gb-memory-card-externe-datenspeicher-micro-sd-speicherkarten-fuer-kamera-smartphone-und-tablet\/#breadcrumb"},"inLanguage":"de","potentialAction":[{"@type":"ReadAction","target":["https:\/\/marktxxl.de\/markt\/produkt\/kayboo-micro-sd-karte-512-gb-speicherkarte-high-speed-micro-sd-card-512gb-memory-card-externe-datenspeicher-micro-sd-speicherkarten-fuer-kamera-smartphone-und-tablet\/"]}]},{"@type":"ImageObject","inLanguage":"de","@id":"https:\/\/marktxxl.de\/markt\/produkt\/kayboo-micro-sd-karte-512-gb-speicherkarte-high-speed-micro-sd-card-512gb-memory-card-externe-datenspeicher-micro-sd-speicherkarten-fuer-kamera-smartphone-und-tablet\/#primaryimage","url":"https:\/\/m.media-amazon.com\/images\/I\/41V8mhLFTuL._SL500_.jpg","contentUrl":"https:\/\/m.media-amazon.com\/images\/I\/41V8mhLFTuL._SL500_.jpg","width":500,"height":500},{"@type":"BreadcrumbList","@id":"https:\/\/marktxxl.de\/markt\/produkt\/kayboo-micro-sd-karte-512-gb-speicherkarte-high-speed-micro-sd-card-512gb-memory-card-externe-datenspeicher-micro-sd-speicherkarten-fuer-kamera-smartphone-und-tablet\/#breadcrumb","itemListElement":[{"@type":"ListItem","position":1,"name":"Startseite","item":"https:\/\/marktxxl.de\/markt\/"},{"@type":"ListItem","position":2,"name":"Markt","item":"https:\/\/marktxxl.de\/markt\/"},{"@type":"ListItem","position":3,"name":"Kayboo Micro SD Karte 512 GB Speicherkarte High Speed Micro SD Card 512GB Memory Card Externe Datenspeicher Micro SD\u2026"}]},{"@type":"WebSite","@id":"https:\/\/marktxxl.de\/markt\/#website","url":"https:\/\/marktxxl.de\/markt\/","name":"Markt-XXL","description":"Ihr Markt Online","publisher":{"@id":"https:\/\/marktxxl.de\/markt\/#organization"},"potentialAction":[{"@type":"SearchAction","target":{"@type":"EntryPoint","urlTemplate":"https:\/\/marktxxl.de\/markt\/?s={search_term_string}"},"query-input":{"@type":"PropertyValueSpecification","valueRequired":true,"valueName":"search_term_string"}}],"inLanguage":"de"},{"@type":"Organization","@id":"https:\/\/marktxxl.de\/markt\/#organization","name":"Markt-XXL","url":"https:\/\/marktxxl.de\/markt\/","logo":{"@type":"ImageObject","inLanguage":"de","@id":"https:\/\/marktxxl.de\/markt\/#\/schema\/logo\/image\/","url":"https:\/\/marktxxl.de\/markt\/wp-content\/uploads\/sites\/3\/2020\/12\/logo.png","contentUrl":"https:\/\/marktxxl.de\/markt\/wp-content\/uploads\/sites\/3\/2020\/12\/logo.png","width":200,"height":70,"caption":"Markt-XXL"},"image":{"@id":"https:\/\/marktxxl.de\/markt\/#\/schema\/logo\/image\/"}}]}},"_links":{"self":[{"href":"https:\/\/marktxxl.de\/markt\/wp-json\/wp\/v2\/product\/189534","targetHints":{"allow":["GET"]}}],"collection":[{"href":"https:\/\/marktxxl.de\/markt\/wp-json\/wp\/v2\/product"}],"about":[{"href":"https:\/\/marktxxl.de\/markt\/wp-json\/wp\/v2\/types\/product"}],"replies":[{"embeddable":true,"href":"https:\/\/marktxxl.de\/markt\/wp-json\/wp\/v2\/comments?post=189534"}],"wp:featuredmedia":[{"embeddable":true,"href":"https:\/\/marktxxl.de\/markt\/wp-json\/wp\/v2\/media\/189535"}],"wp:attachment":[{"href":"https:\/\/marktxxl.de\/markt\/wp-json\/wp\/v2\/media?parent=189534"}],"wp:term":[{"taxonomy":"product_brand","embeddable":true,"href":"https:\/\/marktxxl.de\/markt\/wp-json\/wp\/v2\/product_brand?post=189534"},{"taxonomy":"product_cat","embeddable":true,"href":"https:\/\/marktxxl.de\/markt\/wp-json\/wp\/v2\/product_cat?post=189534"},{"taxonomy":"product_tag","embeddable":true,"href":"https:\/\/marktxxl.de\/markt\/wp-json\/wp\/v2\/product_tag?post=189534"}],"curies":[{"name":"wp","href":"https:\/\/api.w.org\/{rel}","templated":true}]}}