{"id":189446,"date":"2023-02-09T10:05:17","date_gmt":"2023-02-09T09:05:17","guid":{"rendered":"https:\/\/marktxxl.de\/markt\/produkt\/nyfter-xxl-gaming-mauspad-sakura-weiss-900-x-500mm-premium-fuji-mousepad-size-gross-vernaehte-kanten-langlebig-mit-high-end-glide-und-anti-rutsch-speed-gaming-mauspad\/"},"modified":"2023-04-10T05:36:31","modified_gmt":"2023-04-10T03:36:31","slug":"nyfter-xxl-gaming-mauspad-sakura-weiss-900-x-500mm-premium-fuji-mousepad-size-gross-vernaehte-kanten-langlebig-mit-high-end-glide-und-anti-rutsch-speed-gaming-mauspad","status":"publish","type":"product","link":"https:\/\/marktxxl.de\/markt\/produkt\/nyfter-xxl-gaming-mauspad-sakura-weiss-900-x-500mm-premium-fuji-mousepad-size-gross-vernaehte-kanten-langlebig-mit-high-end-glide-und-anti-rutsch-speed-gaming-mauspad\/","title":{"rendered":"Nyfter &#8211; XXL Gaming Mauspad Sakura Wei\u00df 900 x 500mm Premium Fuji Mousepad Size Gro\u00df vern\u00e4hte Kanten langlebig mit high\u2026"},"content":{"rendered":"<p>Mehr als genug Platz f\u00fcr Keyboard und Maus mit den Ma\u00dfen 900x500x3mm.<br \/>\nHigh-End Beschichtung f\u00fcr schnelles Gleiten und Wasserresistenz.<br \/>\nHochwertiges Material unterst\u00fctzt die neuste Sensoren-Generation.<br \/>\nLanglebige N\u00e4hte machen das Mousepad robust.<br \/>\nDurch unsere Verpackung kommt es wellenfrei an!<br \/>\n<div class=\"main-cross-sell\" data-asin=\"B0BTMZYGFT\">\n\n\t<div class=\"WooZone-cross-sell-loader\">\n\t\t<div>\n\t\t\t<div id=\"floatingBarsG\">\n\t\t\t\t<div class=\"blockG\" id=\"rotateG_01\"><\/div>\n\t\t\t\t<div class=\"blockG\" id=\"rotateG_02\"><\/div>\n\t\t\t\t<div class=\"blockG\" id=\"rotateG_03\"><\/div>\n\t\t\t\t<div class=\"blockG\" id=\"rotateG_04\"><\/div>\n\t\t\t\t<div class=\"blockG\" id=\"rotateG_05\"><\/div>\n\t\t\t\t<div class=\"blockG\" id=\"rotateG_06\"><\/div>\n\t\t\t\t<div class=\"blockG\" id=\"rotateG_07\"><\/div>\n\t\t\t\t<div class=\"blockG\" id=\"rotateG_08\"><\/div>\n\t\t\t<\/div>\n\t\t\t<div class=\"WooZone-cross-sell-loader-text\"><\/div>\n\t\t<\/div>\n\t<\/div>\n\n\t\t\n<\/div>\n<div style=\"clear:both;\"><\/div><\/p>\n","protected":false},"excerpt":{"rendered":"<p>Mehr als genug Platz f\u00fcr Keyboard und Maus mit den Ma\u00dfen 900x500x3mm.<br \/>\nHigh-End Beschichtung f\u00fcr schnelles Gleiten und Wasserresistenz.<br \/>\nHochwertiges Material unterst\u00fctzt die neuste Sensoren-Generation.<\/p>\n","protected":false},"featured_media":189447,"comment_status":"open","ping_status":"closed","template":"","meta":[],"product_brand":[],"product_cat":[863],"product_tag":[],"class_list":{"0":"post-189446","1":"product","2":"type-product","3":"status-publish","4":"has-post-thumbnail","6":"product_cat-computer-zubehoer","7":"pa_height-0-11811-zoll","8":"pa_length-35-433-zoll","9":"pa_manufacturer-nyfter","10":"pa_weight-1-763698096-pfund","11":"pa_width-19-685-zoll","13":"first","14":"instock","15":"shipping-taxable","16":"purchasable","17":"product-type-simple","18":"customify-col","19":"product-has-gallery"},"yoast_head":"<!-- This site is optimized with the Yoast SEO plugin v27.3 - https:\/\/yoast.com\/product\/yoast-seo-wordpress\/ -->\n<title>Nyfter - XXL Gaming Mauspad Sakura Wei\u00df 900 x 500mm Premium Fuji Mousepad Size Gro\u00df vern\u00e4hte Kanten langlebig mit high\u2026 - Markt-XXL<\/title>\n<meta name=\"description\" content=\"Markt-XXL Nyfter - XXL Gaming Mauspad Sakura Wei\u00df 900 x 500mm Premium Fuji Mousepad Size Gro\u00df vern\u00e4hte Kanten langlebig mit high\u2026\" \/>\n<meta name=\"robots\" content=\"index, follow, max-snippet:-1, max-image-preview:large, max-video-preview:-1\" \/>\n<link rel=\"canonical\" href=\"https:\/\/marktxxl.de\/markt\/produkt\/nyfter-xxl-gaming-mauspad-sakura-weiss-900-x-500mm-premium-fuji-mousepad-size-gross-vernaehte-kanten-langlebig-mit-high-end-glide-und-anti-rutsch-speed-gaming-mauspad\/\" \/>\n<meta property=\"og:locale\" content=\"de_DE\" \/>\n<meta property=\"og:type\" content=\"article\" \/>\n<meta property=\"og:title\" content=\"Nyfter - XXL Gaming Mauspad Sakura Wei\u00df 900 x 500mm Premium Fuji Mousepad Size Gro\u00df vern\u00e4hte Kanten langlebig mit high\u2026 - Markt-XXL\" \/>\n<meta property=\"og:description\" content=\"Markt-XXL Nyfter - XXL Gaming Mauspad Sakura Wei\u00df 900 x 500mm Premium Fuji Mousepad Size Gro\u00df vern\u00e4hte Kanten langlebig mit high\u2026\" \/>\n<meta property=\"og:url\" content=\"https:\/\/marktxxl.de\/markt\/produkt\/nyfter-xxl-gaming-mauspad-sakura-weiss-900-x-500mm-premium-fuji-mousepad-size-gross-vernaehte-kanten-langlebig-mit-high-end-glide-und-anti-rutsch-speed-gaming-mauspad\/\" \/>\n<meta property=\"og:site_name\" content=\"Markt-XXL\" \/>\n<meta property=\"article:modified_time\" content=\"2023-04-10T03:36:31+00:00\" \/>\n<meta property=\"og:image\" content=\"https:\/\/m.media-amazon.com\/images\/I\/41WurMDRiOL._SL500_.jpg\" \/>\n\t<meta property=\"og:image:width\" content=\"500\" \/>\n\t<meta property=\"og:image:height\" content=\"500\" \/>\n\t<meta property=\"og:image:type\" content=\"image\/jpeg\" \/>\n<meta name=\"twitter:card\" content=\"summary_large_image\" \/>\n<script type=\"application\/ld+json\" class=\"yoast-schema-graph\">{\"@context\":\"https:\\\/\\\/schema.org\",\"@graph\":[{\"@type\":\"WebPage\",\"@id\":\"https:\\\/\\\/marktxxl.de\\\/markt\\\/produkt\\\/nyfter-xxl-gaming-mauspad-sakura-weiss-900-x-500mm-premium-fuji-mousepad-size-gross-vernaehte-kanten-langlebig-mit-high-end-glide-und-anti-rutsch-speed-gaming-mauspad\\\/\",\"url\":\"https:\\\/\\\/marktxxl.de\\\/markt\\\/produkt\\\/nyfter-xxl-gaming-mauspad-sakura-weiss-900-x-500mm-premium-fuji-mousepad-size-gross-vernaehte-kanten-langlebig-mit-high-end-glide-und-anti-rutsch-speed-gaming-mauspad\\\/\",\"name\":\"Nyfter - XXL Gaming Mauspad Sakura Wei\u00df 900 x 500mm Premium Fuji Mousepad Size Gro\u00df vern\u00e4hte Kanten langlebig mit high\u2026 - Markt-XXL\",\"isPartOf\":{\"@id\":\"https:\\\/\\\/marktxxl.de\\\/markt\\\/#website\"},\"primaryImageOfPage\":{\"@id\":\"https:\\\/\\\/marktxxl.de\\\/markt\\\/produkt\\\/nyfter-xxl-gaming-mauspad-sakura-weiss-900-x-500mm-premium-fuji-mousepad-size-gross-vernaehte-kanten-langlebig-mit-high-end-glide-und-anti-rutsch-speed-gaming-mauspad\\\/#primaryimage\"},\"image\":{\"@id\":\"https:\\\/\\\/marktxxl.de\\\/markt\\\/produkt\\\/nyfter-xxl-gaming-mauspad-sakura-weiss-900-x-500mm-premium-fuji-mousepad-size-gross-vernaehte-kanten-langlebig-mit-high-end-glide-und-anti-rutsch-speed-gaming-mauspad\\\/#primaryimage\"},\"thumbnailUrl\":\"https:\\\/\\\/m.media-amazon.com\\\/images\\\/I\\\/41WurMDRiOL._SL500_.jpg\",\"datePublished\":\"2023-02-09T09:05:17+00:00\",\"dateModified\":\"2023-04-10T03:36:31+00:00\",\"description\":\"Markt-XXL Nyfter - XXL Gaming Mauspad Sakura Wei\u00df 900 x 500mm Premium Fuji Mousepad Size Gro\u00df vern\u00e4hte Kanten langlebig mit high\u2026\",\"breadcrumb\":{\"@id\":\"https:\\\/\\\/marktxxl.de\\\/markt\\\/produkt\\\/nyfter-xxl-gaming-mauspad-sakura-weiss-900-x-500mm-premium-fuji-mousepad-size-gross-vernaehte-kanten-langlebig-mit-high-end-glide-und-anti-rutsch-speed-gaming-mauspad\\\/#breadcrumb\"},\"inLanguage\":\"de\",\"potentialAction\":[{\"@type\":\"ReadAction\",\"target\":[\"https:\\\/\\\/marktxxl.de\\\/markt\\\/produkt\\\/nyfter-xxl-gaming-mauspad-sakura-weiss-900-x-500mm-premium-fuji-mousepad-size-gross-vernaehte-kanten-langlebig-mit-high-end-glide-und-anti-rutsch-speed-gaming-mauspad\\\/\"]}]},{\"@type\":\"ImageObject\",\"inLanguage\":\"de\",\"@id\":\"https:\\\/\\\/marktxxl.de\\\/markt\\\/produkt\\\/nyfter-xxl-gaming-mauspad-sakura-weiss-900-x-500mm-premium-fuji-mousepad-size-gross-vernaehte-kanten-langlebig-mit-high-end-glide-und-anti-rutsch-speed-gaming-mauspad\\\/#primaryimage\",\"url\":\"https:\\\/\\\/m.media-amazon.com\\\/images\\\/I\\\/41WurMDRiOL._SL500_.jpg\",\"contentUrl\":\"https:\\\/\\\/m.media-amazon.com\\\/images\\\/I\\\/41WurMDRiOL._SL500_.jpg\",\"width\":500,\"height\":500},{\"@type\":\"BreadcrumbList\",\"@id\":\"https:\\\/\\\/marktxxl.de\\\/markt\\\/produkt\\\/nyfter-xxl-gaming-mauspad-sakura-weiss-900-x-500mm-premium-fuji-mousepad-size-gross-vernaehte-kanten-langlebig-mit-high-end-glide-und-anti-rutsch-speed-gaming-mauspad\\\/#breadcrumb\",\"itemListElement\":[{\"@type\":\"ListItem\",\"position\":1,\"name\":\"Startseite\",\"item\":\"https:\\\/\\\/marktxxl.de\\\/markt\\\/\"},{\"@type\":\"ListItem\",\"position\":2,\"name\":\"Markt\",\"item\":\"https:\\\/\\\/marktxxl.de\\\/markt\\\/\"},{\"@type\":\"ListItem\",\"position\":3,\"name\":\"Nyfter &#8211; XXL Gaming Mauspad Sakura Wei\u00df 900 x 500mm Premium Fuji Mousepad Size Gro\u00df vern\u00e4hte Kanten langlebig mit high\u2026\"}]},{\"@type\":\"WebSite\",\"@id\":\"https:\\\/\\\/marktxxl.de\\\/markt\\\/#website\",\"url\":\"https:\\\/\\\/marktxxl.de\\\/markt\\\/\",\"name\":\"Markt-XXL\",\"description\":\"Ihr Markt Online\",\"publisher\":{\"@id\":\"https:\\\/\\\/marktxxl.de\\\/markt\\\/#organization\"},\"potentialAction\":[{\"@type\":\"SearchAction\",\"target\":{\"@type\":\"EntryPoint\",\"urlTemplate\":\"https:\\\/\\\/marktxxl.de\\\/markt\\\/?s={search_term_string}\"},\"query-input\":{\"@type\":\"PropertyValueSpecification\",\"valueRequired\":true,\"valueName\":\"search_term_string\"}}],\"inLanguage\":\"de\"},{\"@type\":\"Organization\",\"@id\":\"https:\\\/\\\/marktxxl.de\\\/markt\\\/#organization\",\"name\":\"Markt-XXL\",\"url\":\"https:\\\/\\\/marktxxl.de\\\/markt\\\/\",\"logo\":{\"@type\":\"ImageObject\",\"inLanguage\":\"de\",\"@id\":\"https:\\\/\\\/marktxxl.de\\\/markt\\\/#\\\/schema\\\/logo\\\/image\\\/\",\"url\":\"https:\\\/\\\/marktxxl.de\\\/markt\\\/wp-content\\\/uploads\\\/sites\\\/3\\\/2020\\\/12\\\/logo.png\",\"contentUrl\":\"https:\\\/\\\/marktxxl.de\\\/markt\\\/wp-content\\\/uploads\\\/sites\\\/3\\\/2020\\\/12\\\/logo.png\",\"width\":200,\"height\":70,\"caption\":\"Markt-XXL\"},\"image\":{\"@id\":\"https:\\\/\\\/marktxxl.de\\\/markt\\\/#\\\/schema\\\/logo\\\/image\\\/\"}}]}<\/script>\n<!-- \/ Yoast SEO plugin. -->","yoast_head_json":{"title":"Nyfter - XXL Gaming Mauspad Sakura Wei\u00df 900 x 500mm Premium Fuji Mousepad Size Gro\u00df vern\u00e4hte Kanten langlebig mit high\u2026 - Markt-XXL","description":"Markt-XXL Nyfter - XXL Gaming Mauspad Sakura Wei\u00df 900 x 500mm Premium Fuji Mousepad Size Gro\u00df vern\u00e4hte Kanten langlebig mit high\u2026","robots":{"index":"index","follow":"follow","max-snippet":"max-snippet:-1","max-image-preview":"max-image-preview:large","max-video-preview":"max-video-preview:-1"},"canonical":"https:\/\/marktxxl.de\/markt\/produkt\/nyfter-xxl-gaming-mauspad-sakura-weiss-900-x-500mm-premium-fuji-mousepad-size-gross-vernaehte-kanten-langlebig-mit-high-end-glide-und-anti-rutsch-speed-gaming-mauspad\/","og_locale":"de_DE","og_type":"article","og_title":"Nyfter - XXL Gaming Mauspad Sakura Wei\u00df 900 x 500mm Premium Fuji Mousepad Size Gro\u00df vern\u00e4hte Kanten langlebig mit high\u2026 - Markt-XXL","og_description":"Markt-XXL Nyfter - XXL Gaming Mauspad Sakura Wei\u00df 900 x 500mm Premium Fuji Mousepad Size Gro\u00df vern\u00e4hte Kanten langlebig mit high\u2026","og_url":"https:\/\/marktxxl.de\/markt\/produkt\/nyfter-xxl-gaming-mauspad-sakura-weiss-900-x-500mm-premium-fuji-mousepad-size-gross-vernaehte-kanten-langlebig-mit-high-end-glide-und-anti-rutsch-speed-gaming-mauspad\/","og_site_name":"Markt-XXL","article_modified_time":"2023-04-10T03:36:31+00:00","og_image":[{"width":500,"height":500,"url":"https:\/\/m.media-amazon.com\/images\/I\/41WurMDRiOL._SL500_.jpg","type":"image\/jpeg"}],"twitter_card":"summary_large_image","schema":{"@context":"https:\/\/schema.org","@graph":[{"@type":"WebPage","@id":"https:\/\/marktxxl.de\/markt\/produkt\/nyfter-xxl-gaming-mauspad-sakura-weiss-900-x-500mm-premium-fuji-mousepad-size-gross-vernaehte-kanten-langlebig-mit-high-end-glide-und-anti-rutsch-speed-gaming-mauspad\/","url":"https:\/\/marktxxl.de\/markt\/produkt\/nyfter-xxl-gaming-mauspad-sakura-weiss-900-x-500mm-premium-fuji-mousepad-size-gross-vernaehte-kanten-langlebig-mit-high-end-glide-und-anti-rutsch-speed-gaming-mauspad\/","name":"Nyfter - XXL Gaming Mauspad Sakura Wei\u00df 900 x 500mm Premium Fuji Mousepad Size Gro\u00df vern\u00e4hte Kanten langlebig mit high\u2026 - Markt-XXL","isPartOf":{"@id":"https:\/\/marktxxl.de\/markt\/#website"},"primaryImageOfPage":{"@id":"https:\/\/marktxxl.de\/markt\/produkt\/nyfter-xxl-gaming-mauspad-sakura-weiss-900-x-500mm-premium-fuji-mousepad-size-gross-vernaehte-kanten-langlebig-mit-high-end-glide-und-anti-rutsch-speed-gaming-mauspad\/#primaryimage"},"image":{"@id":"https:\/\/marktxxl.de\/markt\/produkt\/nyfter-xxl-gaming-mauspad-sakura-weiss-900-x-500mm-premium-fuji-mousepad-size-gross-vernaehte-kanten-langlebig-mit-high-end-glide-und-anti-rutsch-speed-gaming-mauspad\/#primaryimage"},"thumbnailUrl":"https:\/\/m.media-amazon.com\/images\/I\/41WurMDRiOL._SL500_.jpg","datePublished":"2023-02-09T09:05:17+00:00","dateModified":"2023-04-10T03:36:31+00:00","description":"Markt-XXL Nyfter - XXL Gaming Mauspad Sakura Wei\u00df 900 x 500mm Premium Fuji Mousepad Size Gro\u00df vern\u00e4hte Kanten langlebig mit high\u2026","breadcrumb":{"@id":"https:\/\/marktxxl.de\/markt\/produkt\/nyfter-xxl-gaming-mauspad-sakura-weiss-900-x-500mm-premium-fuji-mousepad-size-gross-vernaehte-kanten-langlebig-mit-high-end-glide-und-anti-rutsch-speed-gaming-mauspad\/#breadcrumb"},"inLanguage":"de","potentialAction":[{"@type":"ReadAction","target":["https:\/\/marktxxl.de\/markt\/produkt\/nyfter-xxl-gaming-mauspad-sakura-weiss-900-x-500mm-premium-fuji-mousepad-size-gross-vernaehte-kanten-langlebig-mit-high-end-glide-und-anti-rutsch-speed-gaming-mauspad\/"]}]},{"@type":"ImageObject","inLanguage":"de","@id":"https:\/\/marktxxl.de\/markt\/produkt\/nyfter-xxl-gaming-mauspad-sakura-weiss-900-x-500mm-premium-fuji-mousepad-size-gross-vernaehte-kanten-langlebig-mit-high-end-glide-und-anti-rutsch-speed-gaming-mauspad\/#primaryimage","url":"https:\/\/m.media-amazon.com\/images\/I\/41WurMDRiOL._SL500_.jpg","contentUrl":"https:\/\/m.media-amazon.com\/images\/I\/41WurMDRiOL._SL500_.jpg","width":500,"height":500},{"@type":"BreadcrumbList","@id":"https:\/\/marktxxl.de\/markt\/produkt\/nyfter-xxl-gaming-mauspad-sakura-weiss-900-x-500mm-premium-fuji-mousepad-size-gross-vernaehte-kanten-langlebig-mit-high-end-glide-und-anti-rutsch-speed-gaming-mauspad\/#breadcrumb","itemListElement":[{"@type":"ListItem","position":1,"name":"Startseite","item":"https:\/\/marktxxl.de\/markt\/"},{"@type":"ListItem","position":2,"name":"Markt","item":"https:\/\/marktxxl.de\/markt\/"},{"@type":"ListItem","position":3,"name":"Nyfter &#8211; XXL Gaming Mauspad Sakura Wei\u00df 900 x 500mm Premium Fuji Mousepad Size Gro\u00df vern\u00e4hte Kanten langlebig mit high\u2026"}]},{"@type":"WebSite","@id":"https:\/\/marktxxl.de\/markt\/#website","url":"https:\/\/marktxxl.de\/markt\/","name":"Markt-XXL","description":"Ihr Markt Online","publisher":{"@id":"https:\/\/marktxxl.de\/markt\/#organization"},"potentialAction":[{"@type":"SearchAction","target":{"@type":"EntryPoint","urlTemplate":"https:\/\/marktxxl.de\/markt\/?s={search_term_string}"},"query-input":{"@type":"PropertyValueSpecification","valueRequired":true,"valueName":"search_term_string"}}],"inLanguage":"de"},{"@type":"Organization","@id":"https:\/\/marktxxl.de\/markt\/#organization","name":"Markt-XXL","url":"https:\/\/marktxxl.de\/markt\/","logo":{"@type":"ImageObject","inLanguage":"de","@id":"https:\/\/marktxxl.de\/markt\/#\/schema\/logo\/image\/","url":"https:\/\/marktxxl.de\/markt\/wp-content\/uploads\/sites\/3\/2020\/12\/logo.png","contentUrl":"https:\/\/marktxxl.de\/markt\/wp-content\/uploads\/sites\/3\/2020\/12\/logo.png","width":200,"height":70,"caption":"Markt-XXL"},"image":{"@id":"https:\/\/marktxxl.de\/markt\/#\/schema\/logo\/image\/"}}]}},"_links":{"self":[{"href":"https:\/\/marktxxl.de\/markt\/wp-json\/wp\/v2\/product\/189446","targetHints":{"allow":["GET"]}}],"collection":[{"href":"https:\/\/marktxxl.de\/markt\/wp-json\/wp\/v2\/product"}],"about":[{"href":"https:\/\/marktxxl.de\/markt\/wp-json\/wp\/v2\/types\/product"}],"replies":[{"embeddable":true,"href":"https:\/\/marktxxl.de\/markt\/wp-json\/wp\/v2\/comments?post=189446"}],"wp:featuredmedia":[{"embeddable":true,"href":"https:\/\/marktxxl.de\/markt\/wp-json\/wp\/v2\/media\/189447"}],"wp:attachment":[{"href":"https:\/\/marktxxl.de\/markt\/wp-json\/wp\/v2\/media?parent=189446"}],"wp:term":[{"taxonomy":"product_brand","embeddable":true,"href":"https:\/\/marktxxl.de\/markt\/wp-json\/wp\/v2\/product_brand?post=189446"},{"taxonomy":"product_cat","embeddable":true,"href":"https:\/\/marktxxl.de\/markt\/wp-json\/wp\/v2\/product_cat?post=189446"},{"taxonomy":"product_tag","embeddable":true,"href":"https:\/\/marktxxl.de\/markt\/wp-json\/wp\/v2\/product_tag?post=189446"}],"curies":[{"name":"wp","href":"https:\/\/api.w.org\/{rel}","templated":true}]}}