{"id":189341,"date":"2023-02-09T10:01:45","date_gmt":"2023-02-09T09:01:45","guid":{"rendered":"https:\/\/marktxxl.de\/markt\/produkt\/usb-c-hub-usb-c-adapter-tiergrade-12-in-1-triple-display-adapter-mit-dual-4k-hdmi-displayport-100-w-pd-3-0-rj45-ethernet-usb-a-usb-c-anschluesse-tf-sd-kartenleser-fuer-macbook-und-typ-c-laptops\/"},"modified":"2023-04-10T05:36:30","modified_gmt":"2023-04-10T03:36:30","slug":"usb-c-hub-usb-c-adapter-tiergrade-12-in-1-triple-display-adapter-mit-dual-4k-hdmi-displayport-100-w-pd-3-0-rj45-ethernet-usb-a-usb-c-anschluesse-tf-sd-kartenleser-fuer-macbook-und-typ-c-laptops","status":"publish","type":"product","link":"https:\/\/marktxxl.de\/markt\/produkt\/usb-c-hub-usb-c-adapter-tiergrade-12-in-1-triple-display-adapter-mit-dual-4k-hdmi-displayport-100-w-pd-3-0-rj45-ethernet-usb-a-usb-c-anschluesse-tf-sd-kartenleser-fuer-macbook-und-typ-c-laptops\/","title":{"rendered":"USB C Hub, USB C Adapter, Tiergrade 12 in 1 Triple Display Adapter mit Dual 4K HDMI, DisplayPort, 100 W PD 3.0, RJ45\u2026"},"content":{"rendered":"<p>[12-in-1 USB C Hub] \u2013 Tiergrade Plug-and-Play USB-C-Hub kommt mit 2 HDMI-Videoausg\u00e4ngen mit 4K-Aufl\u00f6sung, DisplayPort, 1000 m RJ45 Ethernet Port, Typ C PD 3.0 Ladeanschluss, 2 USB 3. 0 Anschl\u00fcsse, 2 USB 2. 0 Ports, USB 3.0 Typ C und SD &amp; TF 5Gbps Kartenleser. Was Sie erhalten: Tiergrade 12 in 1 USB-C-Hub, 1 Reisetasche, 1 Bedienungsanleitung und 1 Jahr freundlichen Kundenservice und technischen Support.<br \/>\n[Ultra HD 4K-Ausgang und Dreifach-Display] \u2013 Spiegeln oder erweitern Sie Ihren Bildschirm mit dem HDMI-Anschluss und streamen Sie direkt 4K-UHD- oder Full-HD-1080P-Videos auf HDTV, Monitore oder Projektoren f\u00fcr ein Kino\u00e4hnliches visuelles Fest. Triple Display: ein Display mit HDMI-Ausgang, ein Display eines anderen HDMI- oder Display-Port, ein Bildschirm des Laptops. Bitte beachten Sie, dass nur Windows System MST unterst\u00fctzt, Mac OS nicht unterst\u00fctzt.<br \/>\n[RJ45 Ethernet und m\u00fchelose Daten\u00fcbertragung] \u2013 Sofortiger stabiler Zugriff auf das Internet mit dem 1000M Ethernet-Port, \u00fcberall und in nur einem Blitz. Ultraschneller Datentransfer mit einer Geschwindigkeit von 5Gbps f\u00fcr 2x USB 3.0 Ports, einem SD-Kartenslot und einem TF-Kartenslot. Zwei USB 2. 0 Ports mit 480 Mbps \u00dcbertragungsgeschwindigkeit. Verbinden Sie Ihr Smartphone, Tablet, Festplatte oder andere USB-Peripherieger\u00e4te f\u00fcr all Ihre USB-Verbindungsanforderungen.<br \/>\n[Gro\u00dfe Vielseitigkeit und ultra-tragbares Design] \u2013 Schlank und kompakt, ohne Kompromisse bei der Zug\u00e4nglichkeit und einfach Plug &amp; Play-Konnektivit\u00e4t, Tiergrade USB-C-Hub erf\u00fcllt Ihre meisten Anforderungen. Erleichtern Sie Ihre Last und lassen Sie die zus\u00e4tzlichen Kabel-Adapter hinein, konsolidieren Sie sie mit diesem USB-C-Hub! Extrem kompakt, leicht im Design und praktisch f\u00fcr Reisen und Gesch\u00e4ftsreisen.<br \/>\n[Umfassende Kompatibilit\u00e4t] \u2013 Ein USB-C-Erweiterungs-Hub f\u00fcr Apple MacBook Air 2018-2020, Apple MacBook Pro 2016-2020, Apple iMac\/iMac Pro (21.5 Zoll, 27 Zoll), Google Chromebook Pixel, Huawei MateBook, Huawei MateBook Pro, Dell, Surface Book2, HP, Lenovo, und Samsung S9, S9 Plus, S8, S8 Plus, Note 9, Note 8, Huawei New Version Handys und viele andere Typ-C-Notebooks.<br \/>\n<div class=\"main-cross-sell\" data-asin=\"B0BPRRT6T9\">\n\n\t<div class=\"WooZone-cross-sell-loader\">\n\t\t<div>\n\t\t\t<div id=\"floatingBarsG\">\n\t\t\t\t<div class=\"blockG\" id=\"rotateG_01\"><\/div>\n\t\t\t\t<div class=\"blockG\" id=\"rotateG_02\"><\/div>\n\t\t\t\t<div class=\"blockG\" id=\"rotateG_03\"><\/div>\n\t\t\t\t<div class=\"blockG\" id=\"rotateG_04\"><\/div>\n\t\t\t\t<div class=\"blockG\" id=\"rotateG_05\"><\/div>\n\t\t\t\t<div class=\"blockG\" id=\"rotateG_06\"><\/div>\n\t\t\t\t<div class=\"blockG\" id=\"rotateG_07\"><\/div>\n\t\t\t\t<div class=\"blockG\" id=\"rotateG_08\"><\/div>\n\t\t\t<\/div>\n\t\t\t<div class=\"WooZone-cross-sell-loader-text\"><\/div>\n\t\t<\/div>\n\t<\/div>\n\n\t\t\n<\/div>\n<div style=\"clear:both;\"><\/div><\/p>\n","protected":false},"excerpt":{"rendered":"<p>[12-in-1 USB C Hub] \u2013 Tiergrade Plug-and-Play USB-C-Hub kommt mit 2 HDMI-Videoausg\u00e4ngen mit 4K-Aufl\u00f6sung, DisplayPort, 1000 m RJ45 Ethernet Port, Typ C PD 3.0 Ladeanschluss, 2 USB 3. 0 Anschl\u00fcsse, 2 USB 2. 0 Ports, USB 3.0 Typ C und SD &amp; TF 5Gbps Kartenleser. Was Sie erhalten: Tiergrade 12 in 1 USB-C-Hub, 1 Reisetasche, 1 Bedienungsanleitung und 1 Jahr freundlichen Kundenservice und technischen Support.<br \/>\n[Ultra HD 4K-Ausgang und Dreifach-Display] \u2013 Spiegeln oder erweitern Sie Ihren Bildschirm mit dem HDMI-Anschluss und streamen Sie direkt 4K-UHD- oder Full-HD-1080P-Videos auf HDTV, Monitore oder Projektoren f\u00fcr ein Kino\u00e4hnliches visuelles Fest. Triple Display: ein Display mit HDMI-Ausgang, ein Display eines anderen HDMI- oder Display-Port, ein Bildschirm des Laptops. Bitte beachten Sie, dass nur Windows System MST unterst\u00fctzt, Mac OS nicht unterst\u00fctzt.<br \/>\n[RJ45 Ethernet und m\u00fchelose Daten\u00fcbertragung] \u2013 Sofortiger stabiler Zugriff auf das Internet mit dem 1000M Ethernet-Port, \u00fcberall und in nur einem Blitz. Ultraschneller Datentransfer mit einer Geschwindigkeit von 5Gbps f\u00fcr 2x USB 3.0 Ports, einem SD-Kartenslot und einem TF-Kartenslot. Zwei USB 2. 0 Ports mit 480 Mbps \u00dcbertragungsgeschwindigkeit. Verbinden Sie Ihr Smartphone, Tablet, Festplatte oder andere USB-Peripherieger\u00e4te f\u00fcr all Ihre USB-Verbindungsanforderungen.<\/p>\n","protected":false},"featured_media":189342,"comment_status":"open","ping_status":"closed","template":"","meta":[],"product_brand":[],"product_cat":[863],"product_tag":[],"class_list":{"0":"post-189341","1":"product","2":"type-product","3":"status-publish","4":"has-post-thumbnail","6":"product_cat-computer-zubehoer","7":"pa_binding-personal-computers","8":"pa_brand-tiergrade","9":"pa_manufacturer-tiergrade","10":"pa_weight-0-220462262-pfund","12":"first","13":"instock","14":"shipping-taxable","15":"purchasable","16":"product-type-simple","17":"customify-col","18":"product-has-gallery"},"yoast_head":"<!-- This site is optimized with the Yoast SEO plugin v27.4 - https:\/\/yoast.com\/product\/yoast-seo-wordpress\/ -->\n<title>USB C Hub, USB C Adapter, Tiergrade 12 in 1 Triple Display Adapter mit Dual 4K HDMI, DisplayPort, 100 W PD 3.0, RJ45\u2026 - Markt-XXL<\/title>\n<meta name=\"description\" content=\"Markt-XXL USB C Hub, USB C Adapter, Tiergrade 12 in 1 Triple Display Adapter mit Dual 4K HDMI, DisplayPort, 100 W PD 3.0, RJ45\u2026\" \/>\n<meta name=\"robots\" content=\"index, follow, max-snippet:-1, max-image-preview:large, max-video-preview:-1\" \/>\n<link rel=\"canonical\" href=\"https:\/\/marktxxl.de\/markt\/produkt\/usb-c-hub-usb-c-adapter-tiergrade-12-in-1-triple-display-adapter-mit-dual-4k-hdmi-displayport-100-w-pd-3-0-rj45-ethernet-usb-a-usb-c-anschluesse-tf-sd-kartenleser-fuer-macbook-und-typ-c-laptops\/\" \/>\n<meta property=\"og:locale\" content=\"de_DE\" \/>\n<meta property=\"og:type\" content=\"article\" \/>\n<meta property=\"og:title\" content=\"USB C Hub, USB C Adapter, Tiergrade 12 in 1 Triple Display Adapter mit Dual 4K HDMI, DisplayPort, 100 W PD 3.0, RJ45\u2026 - Markt-XXL\" \/>\n<meta property=\"og:description\" content=\"Markt-XXL USB C Hub, USB C Adapter, Tiergrade 12 in 1 Triple Display Adapter mit Dual 4K HDMI, DisplayPort, 100 W PD 3.0, RJ45\u2026\" \/>\n<meta property=\"og:url\" content=\"https:\/\/marktxxl.de\/markt\/produkt\/usb-c-hub-usb-c-adapter-tiergrade-12-in-1-triple-display-adapter-mit-dual-4k-hdmi-displayport-100-w-pd-3-0-rj45-ethernet-usb-a-usb-c-anschluesse-tf-sd-kartenleser-fuer-macbook-und-typ-c-laptops\/\" \/>\n<meta property=\"og:site_name\" content=\"Markt-XXL\" \/>\n<meta property=\"article:modified_time\" content=\"2023-04-10T03:36:30+00:00\" \/>\n<meta property=\"og:image\" content=\"https:\/\/m.media-amazon.com\/images\/I\/41CSV7Cc2hL._SL500_.jpg\" \/>\n\t<meta property=\"og:image:width\" content=\"500\" \/>\n\t<meta property=\"og:image:height\" content=\"500\" \/>\n\t<meta property=\"og:image:type\" content=\"image\/jpeg\" \/>\n<meta name=\"twitter:card\" content=\"summary_large_image\" \/>\n<meta name=\"twitter:label1\" content=\"Gesch\u00e4tzte Lesezeit\" \/>\n\t<meta name=\"twitter:data1\" content=\"1\u00a0Minute\" \/>\n<script type=\"application\/ld+json\" class=\"yoast-schema-graph\">{\"@context\":\"https:\\\/\\\/schema.org\",\"@graph\":[{\"@type\":\"WebPage\",\"@id\":\"https:\\\/\\\/marktxxl.de\\\/markt\\\/produkt\\\/usb-c-hub-usb-c-adapter-tiergrade-12-in-1-triple-display-adapter-mit-dual-4k-hdmi-displayport-100-w-pd-3-0-rj45-ethernet-usb-a-usb-c-anschluesse-tf-sd-kartenleser-fuer-macbook-und-typ-c-laptops\\\/\",\"url\":\"https:\\\/\\\/marktxxl.de\\\/markt\\\/produkt\\\/usb-c-hub-usb-c-adapter-tiergrade-12-in-1-triple-display-adapter-mit-dual-4k-hdmi-displayport-100-w-pd-3-0-rj45-ethernet-usb-a-usb-c-anschluesse-tf-sd-kartenleser-fuer-macbook-und-typ-c-laptops\\\/\",\"name\":\"USB C Hub, USB C Adapter, Tiergrade 12 in 1 Triple Display Adapter mit Dual 4K HDMI, DisplayPort, 100 W PD 3.0, RJ45\u2026 - Markt-XXL\",\"isPartOf\":{\"@id\":\"https:\\\/\\\/marktxxl.de\\\/markt\\\/#website\"},\"primaryImageOfPage\":{\"@id\":\"https:\\\/\\\/marktxxl.de\\\/markt\\\/produkt\\\/usb-c-hub-usb-c-adapter-tiergrade-12-in-1-triple-display-adapter-mit-dual-4k-hdmi-displayport-100-w-pd-3-0-rj45-ethernet-usb-a-usb-c-anschluesse-tf-sd-kartenleser-fuer-macbook-und-typ-c-laptops\\\/#primaryimage\"},\"image\":{\"@id\":\"https:\\\/\\\/marktxxl.de\\\/markt\\\/produkt\\\/usb-c-hub-usb-c-adapter-tiergrade-12-in-1-triple-display-adapter-mit-dual-4k-hdmi-displayport-100-w-pd-3-0-rj45-ethernet-usb-a-usb-c-anschluesse-tf-sd-kartenleser-fuer-macbook-und-typ-c-laptops\\\/#primaryimage\"},\"thumbnailUrl\":\"https:\\\/\\\/m.media-amazon.com\\\/images\\\/I\\\/41CSV7Cc2hL._SL500_.jpg\",\"datePublished\":\"2023-02-09T09:01:45+00:00\",\"dateModified\":\"2023-04-10T03:36:30+00:00\",\"description\":\"Markt-XXL USB C Hub, USB C Adapter, Tiergrade 12 in 1 Triple Display Adapter mit Dual 4K HDMI, DisplayPort, 100 W PD 3.0, RJ45\u2026\",\"breadcrumb\":{\"@id\":\"https:\\\/\\\/marktxxl.de\\\/markt\\\/produkt\\\/usb-c-hub-usb-c-adapter-tiergrade-12-in-1-triple-display-adapter-mit-dual-4k-hdmi-displayport-100-w-pd-3-0-rj45-ethernet-usb-a-usb-c-anschluesse-tf-sd-kartenleser-fuer-macbook-und-typ-c-laptops\\\/#breadcrumb\"},\"inLanguage\":\"de\",\"potentialAction\":[{\"@type\":\"ReadAction\",\"target\":[\"https:\\\/\\\/marktxxl.de\\\/markt\\\/produkt\\\/usb-c-hub-usb-c-adapter-tiergrade-12-in-1-triple-display-adapter-mit-dual-4k-hdmi-displayport-100-w-pd-3-0-rj45-ethernet-usb-a-usb-c-anschluesse-tf-sd-kartenleser-fuer-macbook-und-typ-c-laptops\\\/\"]}]},{\"@type\":\"ImageObject\",\"inLanguage\":\"de\",\"@id\":\"https:\\\/\\\/marktxxl.de\\\/markt\\\/produkt\\\/usb-c-hub-usb-c-adapter-tiergrade-12-in-1-triple-display-adapter-mit-dual-4k-hdmi-displayport-100-w-pd-3-0-rj45-ethernet-usb-a-usb-c-anschluesse-tf-sd-kartenleser-fuer-macbook-und-typ-c-laptops\\\/#primaryimage\",\"url\":\"https:\\\/\\\/m.media-amazon.com\\\/images\\\/I\\\/41CSV7Cc2hL._SL500_.jpg\",\"contentUrl\":\"https:\\\/\\\/m.media-amazon.com\\\/images\\\/I\\\/41CSV7Cc2hL._SL500_.jpg\",\"width\":500,\"height\":500},{\"@type\":\"BreadcrumbList\",\"@id\":\"https:\\\/\\\/marktxxl.de\\\/markt\\\/produkt\\\/usb-c-hub-usb-c-adapter-tiergrade-12-in-1-triple-display-adapter-mit-dual-4k-hdmi-displayport-100-w-pd-3-0-rj45-ethernet-usb-a-usb-c-anschluesse-tf-sd-kartenleser-fuer-macbook-und-typ-c-laptops\\\/#breadcrumb\",\"itemListElement\":[{\"@type\":\"ListItem\",\"position\":1,\"name\":\"Startseite\",\"item\":\"https:\\\/\\\/marktxxl.de\\\/markt\\\/\"},{\"@type\":\"ListItem\",\"position\":2,\"name\":\"Markt\",\"item\":\"https:\\\/\\\/marktxxl.de\\\/markt\\\/\"},{\"@type\":\"ListItem\",\"position\":3,\"name\":\"USB C Hub, USB C Adapter, Tiergrade 12 in 1 Triple Display Adapter mit Dual 4K HDMI, DisplayPort, 100 W PD 3.0, RJ45\u2026\"}]},{\"@type\":\"WebSite\",\"@id\":\"https:\\\/\\\/marktxxl.de\\\/markt\\\/#website\",\"url\":\"https:\\\/\\\/marktxxl.de\\\/markt\\\/\",\"name\":\"Markt-XXL\",\"description\":\"Ihr Markt Online\",\"publisher\":{\"@id\":\"https:\\\/\\\/marktxxl.de\\\/markt\\\/#organization\"},\"potentialAction\":[{\"@type\":\"SearchAction\",\"target\":{\"@type\":\"EntryPoint\",\"urlTemplate\":\"https:\\\/\\\/marktxxl.de\\\/markt\\\/?s={search_term_string}\"},\"query-input\":{\"@type\":\"PropertyValueSpecification\",\"valueRequired\":true,\"valueName\":\"search_term_string\"}}],\"inLanguage\":\"de\"},{\"@type\":\"Organization\",\"@id\":\"https:\\\/\\\/marktxxl.de\\\/markt\\\/#organization\",\"name\":\"Markt-XXL\",\"url\":\"https:\\\/\\\/marktxxl.de\\\/markt\\\/\",\"logo\":{\"@type\":\"ImageObject\",\"inLanguage\":\"de\",\"@id\":\"https:\\\/\\\/marktxxl.de\\\/markt\\\/#\\\/schema\\\/logo\\\/image\\\/\",\"url\":\"https:\\\/\\\/marktxxl.de\\\/markt\\\/wp-content\\\/uploads\\\/sites\\\/3\\\/2020\\\/12\\\/logo.png\",\"contentUrl\":\"https:\\\/\\\/marktxxl.de\\\/markt\\\/wp-content\\\/uploads\\\/sites\\\/3\\\/2020\\\/12\\\/logo.png\",\"width\":200,\"height\":70,\"caption\":\"Markt-XXL\"},\"image\":{\"@id\":\"https:\\\/\\\/marktxxl.de\\\/markt\\\/#\\\/schema\\\/logo\\\/image\\\/\"}}]}<\/script>\n<!-- \/ Yoast SEO plugin. -->","yoast_head_json":{"title":"USB C Hub, USB C Adapter, Tiergrade 12 in 1 Triple Display Adapter mit Dual 4K HDMI, DisplayPort, 100 W PD 3.0, RJ45\u2026 - Markt-XXL","description":"Markt-XXL USB C Hub, USB C Adapter, Tiergrade 12 in 1 Triple Display Adapter mit Dual 4K HDMI, DisplayPort, 100 W PD 3.0, RJ45\u2026","robots":{"index":"index","follow":"follow","max-snippet":"max-snippet:-1","max-image-preview":"max-image-preview:large","max-video-preview":"max-video-preview:-1"},"canonical":"https:\/\/marktxxl.de\/markt\/produkt\/usb-c-hub-usb-c-adapter-tiergrade-12-in-1-triple-display-adapter-mit-dual-4k-hdmi-displayport-100-w-pd-3-0-rj45-ethernet-usb-a-usb-c-anschluesse-tf-sd-kartenleser-fuer-macbook-und-typ-c-laptops\/","og_locale":"de_DE","og_type":"article","og_title":"USB C Hub, USB C Adapter, Tiergrade 12 in 1 Triple Display Adapter mit Dual 4K HDMI, DisplayPort, 100 W PD 3.0, RJ45\u2026 - Markt-XXL","og_description":"Markt-XXL USB C Hub, USB C Adapter, Tiergrade 12 in 1 Triple Display Adapter mit Dual 4K HDMI, DisplayPort, 100 W PD 3.0, RJ45\u2026","og_url":"https:\/\/marktxxl.de\/markt\/produkt\/usb-c-hub-usb-c-adapter-tiergrade-12-in-1-triple-display-adapter-mit-dual-4k-hdmi-displayport-100-w-pd-3-0-rj45-ethernet-usb-a-usb-c-anschluesse-tf-sd-kartenleser-fuer-macbook-und-typ-c-laptops\/","og_site_name":"Markt-XXL","article_modified_time":"2023-04-10T03:36:30+00:00","og_image":[{"width":500,"height":500,"url":"https:\/\/m.media-amazon.com\/images\/I\/41CSV7Cc2hL._SL500_.jpg","type":"image\/jpeg"}],"twitter_card":"summary_large_image","twitter_misc":{"Gesch\u00e4tzte Lesezeit":"1\u00a0Minute"},"schema":{"@context":"https:\/\/schema.org","@graph":[{"@type":"WebPage","@id":"https:\/\/marktxxl.de\/markt\/produkt\/usb-c-hub-usb-c-adapter-tiergrade-12-in-1-triple-display-adapter-mit-dual-4k-hdmi-displayport-100-w-pd-3-0-rj45-ethernet-usb-a-usb-c-anschluesse-tf-sd-kartenleser-fuer-macbook-und-typ-c-laptops\/","url":"https:\/\/marktxxl.de\/markt\/produkt\/usb-c-hub-usb-c-adapter-tiergrade-12-in-1-triple-display-adapter-mit-dual-4k-hdmi-displayport-100-w-pd-3-0-rj45-ethernet-usb-a-usb-c-anschluesse-tf-sd-kartenleser-fuer-macbook-und-typ-c-laptops\/","name":"USB C Hub, USB C Adapter, Tiergrade 12 in 1 Triple Display Adapter mit Dual 4K HDMI, DisplayPort, 100 W PD 3.0, RJ45\u2026 - Markt-XXL","isPartOf":{"@id":"https:\/\/marktxxl.de\/markt\/#website"},"primaryImageOfPage":{"@id":"https:\/\/marktxxl.de\/markt\/produkt\/usb-c-hub-usb-c-adapter-tiergrade-12-in-1-triple-display-adapter-mit-dual-4k-hdmi-displayport-100-w-pd-3-0-rj45-ethernet-usb-a-usb-c-anschluesse-tf-sd-kartenleser-fuer-macbook-und-typ-c-laptops\/#primaryimage"},"image":{"@id":"https:\/\/marktxxl.de\/markt\/produkt\/usb-c-hub-usb-c-adapter-tiergrade-12-in-1-triple-display-adapter-mit-dual-4k-hdmi-displayport-100-w-pd-3-0-rj45-ethernet-usb-a-usb-c-anschluesse-tf-sd-kartenleser-fuer-macbook-und-typ-c-laptops\/#primaryimage"},"thumbnailUrl":"https:\/\/m.media-amazon.com\/images\/I\/41CSV7Cc2hL._SL500_.jpg","datePublished":"2023-02-09T09:01:45+00:00","dateModified":"2023-04-10T03:36:30+00:00","description":"Markt-XXL USB C Hub, USB C Adapter, Tiergrade 12 in 1 Triple Display Adapter mit Dual 4K HDMI, DisplayPort, 100 W PD 3.0, RJ45\u2026","breadcrumb":{"@id":"https:\/\/marktxxl.de\/markt\/produkt\/usb-c-hub-usb-c-adapter-tiergrade-12-in-1-triple-display-adapter-mit-dual-4k-hdmi-displayport-100-w-pd-3-0-rj45-ethernet-usb-a-usb-c-anschluesse-tf-sd-kartenleser-fuer-macbook-und-typ-c-laptops\/#breadcrumb"},"inLanguage":"de","potentialAction":[{"@type":"ReadAction","target":["https:\/\/marktxxl.de\/markt\/produkt\/usb-c-hub-usb-c-adapter-tiergrade-12-in-1-triple-display-adapter-mit-dual-4k-hdmi-displayport-100-w-pd-3-0-rj45-ethernet-usb-a-usb-c-anschluesse-tf-sd-kartenleser-fuer-macbook-und-typ-c-laptops\/"]}]},{"@type":"ImageObject","inLanguage":"de","@id":"https:\/\/marktxxl.de\/markt\/produkt\/usb-c-hub-usb-c-adapter-tiergrade-12-in-1-triple-display-adapter-mit-dual-4k-hdmi-displayport-100-w-pd-3-0-rj45-ethernet-usb-a-usb-c-anschluesse-tf-sd-kartenleser-fuer-macbook-und-typ-c-laptops\/#primaryimage","url":"https:\/\/m.media-amazon.com\/images\/I\/41CSV7Cc2hL._SL500_.jpg","contentUrl":"https:\/\/m.media-amazon.com\/images\/I\/41CSV7Cc2hL._SL500_.jpg","width":500,"height":500},{"@type":"BreadcrumbList","@id":"https:\/\/marktxxl.de\/markt\/produkt\/usb-c-hub-usb-c-adapter-tiergrade-12-in-1-triple-display-adapter-mit-dual-4k-hdmi-displayport-100-w-pd-3-0-rj45-ethernet-usb-a-usb-c-anschluesse-tf-sd-kartenleser-fuer-macbook-und-typ-c-laptops\/#breadcrumb","itemListElement":[{"@type":"ListItem","position":1,"name":"Startseite","item":"https:\/\/marktxxl.de\/markt\/"},{"@type":"ListItem","position":2,"name":"Markt","item":"https:\/\/marktxxl.de\/markt\/"},{"@type":"ListItem","position":3,"name":"USB C Hub, USB C Adapter, Tiergrade 12 in 1 Triple Display Adapter mit Dual 4K HDMI, DisplayPort, 100 W PD 3.0, RJ45\u2026"}]},{"@type":"WebSite","@id":"https:\/\/marktxxl.de\/markt\/#website","url":"https:\/\/marktxxl.de\/markt\/","name":"Markt-XXL","description":"Ihr Markt Online","publisher":{"@id":"https:\/\/marktxxl.de\/markt\/#organization"},"potentialAction":[{"@type":"SearchAction","target":{"@type":"EntryPoint","urlTemplate":"https:\/\/marktxxl.de\/markt\/?s={search_term_string}"},"query-input":{"@type":"PropertyValueSpecification","valueRequired":true,"valueName":"search_term_string"}}],"inLanguage":"de"},{"@type":"Organization","@id":"https:\/\/marktxxl.de\/markt\/#organization","name":"Markt-XXL","url":"https:\/\/marktxxl.de\/markt\/","logo":{"@type":"ImageObject","inLanguage":"de","@id":"https:\/\/marktxxl.de\/markt\/#\/schema\/logo\/image\/","url":"https:\/\/marktxxl.de\/markt\/wp-content\/uploads\/sites\/3\/2020\/12\/logo.png","contentUrl":"https:\/\/marktxxl.de\/markt\/wp-content\/uploads\/sites\/3\/2020\/12\/logo.png","width":200,"height":70,"caption":"Markt-XXL"},"image":{"@id":"https:\/\/marktxxl.de\/markt\/#\/schema\/logo\/image\/"}}]}},"_links":{"self":[{"href":"https:\/\/marktxxl.de\/markt\/wp-json\/wp\/v2\/product\/189341","targetHints":{"allow":["GET"]}}],"collection":[{"href":"https:\/\/marktxxl.de\/markt\/wp-json\/wp\/v2\/product"}],"about":[{"href":"https:\/\/marktxxl.de\/markt\/wp-json\/wp\/v2\/types\/product"}],"replies":[{"embeddable":true,"href":"https:\/\/marktxxl.de\/markt\/wp-json\/wp\/v2\/comments?post=189341"}],"wp:featuredmedia":[{"embeddable":true,"href":"https:\/\/marktxxl.de\/markt\/wp-json\/wp\/v2\/media\/189342"}],"wp:attachment":[{"href":"https:\/\/marktxxl.de\/markt\/wp-json\/wp\/v2\/media?parent=189341"}],"wp:term":[{"taxonomy":"product_brand","embeddable":true,"href":"https:\/\/marktxxl.de\/markt\/wp-json\/wp\/v2\/product_brand?post=189341"},{"taxonomy":"product_cat","embeddable":true,"href":"https:\/\/marktxxl.de\/markt\/wp-json\/wp\/v2\/product_cat?post=189341"},{"taxonomy":"product_tag","embeddable":true,"href":"https:\/\/marktxxl.de\/markt\/wp-json\/wp\/v2\/product_tag?post=189341"}],"curies":[{"name":"wp","href":"https:\/\/api.w.org\/{rel}","templated":true}]}}