{"id":189264,"date":"2023-02-09T09:58:39","date_gmt":"2023-02-09T08:58:39","guid":{"rendered":"https:\/\/marktxxl.de\/markt\/produkt\/jlab-go-tastatur-kabellos-bluetooth-tastatur-mit-usb-dongle-und-bluetooth-multi-device-konnektivitaet-kompatibel-mit-apple-windows-tablet-ipad-pc-laptop-android-mac-schlankes-tragbares-des\/"},"modified":"2023-04-10T05:36:29","modified_gmt":"2023-04-10T03:36:29","slug":"jlab-go-tastatur-kabellos-bluetooth-tastatur-mit-usb-dongle-und-bluetooth-multi-device-konnektivitaet-kompatibel-mit-apple-windows-tablet-ipad-pc-laptop-android-mac-schlankes-tragbares-des","status":"publish","type":"product","link":"https:\/\/marktxxl.de\/markt\/produkt\/jlab-go-tastatur-kabellos-bluetooth-tastatur-mit-usb-dongle-und-bluetooth-multi-device-konnektivitaet-kompatibel-mit-apple-windows-tablet-ipad-pc-laptop-android-mac-schlankes-tragbares-des\/","title":{"rendered":"JLab Go Tastatur Kabellos \u2013 Bluetooth Tastatur mit USB-Dongle und Bluetooth-Multi-Device-Konnektivit\u00e4t, kompatibel mit\u2026"},"content":{"rendered":"<p>FLEXIBLE VERBINDUNGEN: Die GO Wireless Tastatur ist mit drei gleichzeitigen Ger\u00e4teverbindungen kompatibel. Mit Bluetooth 5.0 oder dem drahtlosen USB-Dongle (2,4 GHz) k\u00f6nnen Sie sich mit nahezu jedem Ger\u00e4t verbinden. Wechseln Sie \u00fcber Ihre Tastatur ganz einfach zwischen gespeicherten Ger\u00e4ten wie Computer, Tablet, Telefon usw<br \/>\nLEICHTES TRAGBARES DESIGN: Dieses Bluetooth-Tastatur ist ultrakompakt und leicht und kann \u00fcberall hin mitgenommen werden, wo Sie arbeiten m\u00f6chten. Sie werden sich mit Ihrem Laptop bei der Arbeit zu Hause genauso wohl f\u00fchlen wie im B\u00fcro, in Caf\u00e9s oder Coworking Orten<br \/>\nGER\u00c4USCHLOSE SOFT TOUCH-TASTEN: Egal, ob es sich um Ihren Mitbewohner handelt, der pl\u00f6tzlich Ihr B\u00fcrokollege geworden ist, oder um die Person neben Ihnen im Flugzeug &#8211; niemand mag es, wenn Sie laut tippen. Die kabellose GO-Tastatur verf\u00fcgt \u00fcber flache Soft-Touch-Tasten, die ein laptop\u00e4hnliches Gef\u00fchl vermitteln<br \/>\nTASTENKOMBINATIONEN F\u00dcR TAGE: Wir alle lieben eine gute Tastenkombination zum Kopieren und Einf\u00fcgen (STRG C, STRG V) &#8211; aber wenn Sie sich auskennen, wissen Sie, dass es noch viel mehr gibt<br \/>\nSMART MEDIA KNOPF: Der Medienknopf auf Ihrer tragbaren Tastatur ist Ihre zentrale Anlaufstelle f\u00fcr die Lautst\u00e4rkeregelung und die Wiedergabe-\/Pausefunktionen Ihres Ger\u00e4ts. Dazu geh\u00f6ren Ihr Laptop, iPhone, Android und sogar Ihr Tablet. Sie k\u00f6nnen die Lautst\u00e4rke regeln, die Wiedergabe pausieren und den Titel \u00fcberspringen, ohne dass Ihre Hand die Tastatur verlassen muss<br \/>\n<div class=\"main-cross-sell\" data-asin=\"B0BRY1D96S\">\n\n\t<div class=\"WooZone-cross-sell-loader\">\n\t\t<div>\n\t\t\t<div id=\"floatingBarsG\">\n\t\t\t\t<div class=\"blockG\" id=\"rotateG_01\"><\/div>\n\t\t\t\t<div class=\"blockG\" id=\"rotateG_02\"><\/div>\n\t\t\t\t<div class=\"blockG\" id=\"rotateG_03\"><\/div>\n\t\t\t\t<div class=\"blockG\" id=\"rotateG_04\"><\/div>\n\t\t\t\t<div class=\"blockG\" id=\"rotateG_05\"><\/div>\n\t\t\t\t<div class=\"blockG\" id=\"rotateG_06\"><\/div>\n\t\t\t\t<div class=\"blockG\" id=\"rotateG_07\"><\/div>\n\t\t\t\t<div class=\"blockG\" id=\"rotateG_08\"><\/div>\n\t\t\t<\/div>\n\t\t\t<div class=\"WooZone-cross-sell-loader-text\"><\/div>\n\t\t<\/div>\n\t<\/div>\n\n\t\t\n<\/div>\n<div style=\"clear:both;\"><\/div><\/p>\n","protected":false},"excerpt":{"rendered":"<p>FLEXIBLE VERBINDUNGEN: Die GO Wireless Tastatur ist mit drei gleichzeitigen Ger\u00e4teverbindungen kompatibel. Mit Bluetooth 5.0 oder dem drahtlosen USB-Dongle (2,4 GHz) k\u00f6nnen Sie sich mit nahezu jedem Ger\u00e4t verbinden. Wechseln Sie \u00fcber Ihre Tastatur ganz einfach zwischen gespeicherten Ger\u00e4ten wie Computer, Tablet, Telefon usw<br \/>\nLEICHTES TRAGBARES DESIGN: Dieses Bluetooth-Tastatur ist ultrakompakt und leicht und kann \u00fcberall hin mitgenommen werden, wo Sie arbeiten m\u00f6chten. Sie werden sich mit Ihrem Laptop bei der Arbeit zu Hause genauso wohl f\u00fchlen wie im B\u00fcro, in Caf\u00e9s oder Coworking Orten<br \/>\nGER\u00c4USCHLOSE SOFT TOUCH-TASTEN: Egal, ob es sich um Ihren Mitbewohner handelt, der pl\u00f6tzlich Ihr B\u00fcrokollege geworden ist, oder um die Person neben Ihnen im Flugzeug &#8211; niemand mag es, wenn Sie laut tippen. Die kabellose GO-Tastatur verf\u00fcgt \u00fcber flache Soft-Touch-Tasten, die ein laptop\u00e4hnliches Gef\u00fchl vermitteln<\/p>\n","protected":false},"featured_media":189265,"comment_status":"open","ping_status":"closed","template":"","meta":[],"product_brand":[],"product_cat":[863],"product_tag":[],"class_list":{"0":"post-189264","1":"product","2":"type-product","3":"status-publish","4":"has-post-thumbnail","6":"product_cat-computer-zubehoer","7":"pa_brand-jlab","8":"pa_warranty-12919","10":"first","11":"instock","12":"shipping-taxable","13":"purchasable","14":"product-type-simple","15":"customify-col","16":"product-has-gallery"},"yoast_head":"<!-- This site is optimized with the Yoast SEO plugin v27.3 - https:\/\/yoast.com\/product\/yoast-seo-wordpress\/ -->\n<title>JLab Go Tastatur Kabellos \u2013 Bluetooth Tastatur mit USB-Dongle und Bluetooth-Multi-Device-Konnektivit\u00e4t, kompatibel mit\u2026 - Markt-XXL<\/title>\n<meta name=\"description\" content=\"Markt-XXL JLab Go Tastatur Kabellos \u2013 Bluetooth Tastatur mit USB-Dongle und Bluetooth-Multi-Device-Konnektivit\u00e4t, kompatibel mit\u2026\" \/>\n<meta name=\"robots\" content=\"index, follow, max-snippet:-1, max-image-preview:large, max-video-preview:-1\" \/>\n<link rel=\"canonical\" href=\"https:\/\/marktxxl.de\/markt\/produkt\/jlab-go-tastatur-kabellos-bluetooth-tastatur-mit-usb-dongle-und-bluetooth-multi-device-konnektivitaet-kompatibel-mit-apple-windows-tablet-ipad-pc-laptop-android-mac-schlankes-tragbares-des\/\" \/>\n<meta property=\"og:locale\" content=\"de_DE\" \/>\n<meta property=\"og:type\" content=\"article\" \/>\n<meta property=\"og:title\" content=\"JLab Go Tastatur Kabellos \u2013 Bluetooth Tastatur mit USB-Dongle und Bluetooth-Multi-Device-Konnektivit\u00e4t, kompatibel mit\u2026 - Markt-XXL\" \/>\n<meta property=\"og:description\" content=\"Markt-XXL JLab Go Tastatur Kabellos \u2013 Bluetooth Tastatur mit USB-Dongle und Bluetooth-Multi-Device-Konnektivit\u00e4t, kompatibel mit\u2026\" \/>\n<meta property=\"og:url\" content=\"https:\/\/marktxxl.de\/markt\/produkt\/jlab-go-tastatur-kabellos-bluetooth-tastatur-mit-usb-dongle-und-bluetooth-multi-device-konnektivitaet-kompatibel-mit-apple-windows-tablet-ipad-pc-laptop-android-mac-schlankes-tragbares-des\/\" \/>\n<meta property=\"og:site_name\" content=\"Markt-XXL\" \/>\n<meta property=\"article:modified_time\" content=\"2023-04-10T03:36:29+00:00\" \/>\n<meta property=\"og:image\" content=\"https:\/\/m.media-amazon.com\/images\/I\/41H-UpxCCeL._SL500_.jpg\" \/>\n\t<meta property=\"og:image:width\" content=\"500\" \/>\n\t<meta property=\"og:image:height\" content=\"500\" \/>\n\t<meta property=\"og:image:type\" content=\"image\/jpeg\" \/>\n<meta name=\"twitter:card\" content=\"summary_large_image\" \/>\n<meta name=\"twitter:label1\" content=\"Gesch\u00e4tzte Lesezeit\" \/>\n\t<meta name=\"twitter:data1\" content=\"1\u00a0Minute\" \/>\n<script type=\"application\/ld+json\" class=\"yoast-schema-graph\">{\"@context\":\"https:\\\/\\\/schema.org\",\"@graph\":[{\"@type\":\"WebPage\",\"@id\":\"https:\\\/\\\/marktxxl.de\\\/markt\\\/produkt\\\/jlab-go-tastatur-kabellos-bluetooth-tastatur-mit-usb-dongle-und-bluetooth-multi-device-konnektivitaet-kompatibel-mit-apple-windows-tablet-ipad-pc-laptop-android-mac-schlankes-tragbares-des\\\/\",\"url\":\"https:\\\/\\\/marktxxl.de\\\/markt\\\/produkt\\\/jlab-go-tastatur-kabellos-bluetooth-tastatur-mit-usb-dongle-und-bluetooth-multi-device-konnektivitaet-kompatibel-mit-apple-windows-tablet-ipad-pc-laptop-android-mac-schlankes-tragbares-des\\\/\",\"name\":\"JLab Go Tastatur Kabellos \u2013 Bluetooth Tastatur mit USB-Dongle und Bluetooth-Multi-Device-Konnektivit\u00e4t, kompatibel mit\u2026 - Markt-XXL\",\"isPartOf\":{\"@id\":\"https:\\\/\\\/marktxxl.de\\\/markt\\\/#website\"},\"primaryImageOfPage\":{\"@id\":\"https:\\\/\\\/marktxxl.de\\\/markt\\\/produkt\\\/jlab-go-tastatur-kabellos-bluetooth-tastatur-mit-usb-dongle-und-bluetooth-multi-device-konnektivitaet-kompatibel-mit-apple-windows-tablet-ipad-pc-laptop-android-mac-schlankes-tragbares-des\\\/#primaryimage\"},\"image\":{\"@id\":\"https:\\\/\\\/marktxxl.de\\\/markt\\\/produkt\\\/jlab-go-tastatur-kabellos-bluetooth-tastatur-mit-usb-dongle-und-bluetooth-multi-device-konnektivitaet-kompatibel-mit-apple-windows-tablet-ipad-pc-laptop-android-mac-schlankes-tragbares-des\\\/#primaryimage\"},\"thumbnailUrl\":\"https:\\\/\\\/m.media-amazon.com\\\/images\\\/I\\\/41H-UpxCCeL._SL500_.jpg\",\"datePublished\":\"2023-02-09T08:58:39+00:00\",\"dateModified\":\"2023-04-10T03:36:29+00:00\",\"description\":\"Markt-XXL JLab Go Tastatur Kabellos \u2013 Bluetooth Tastatur mit USB-Dongle und Bluetooth-Multi-Device-Konnektivit\u00e4t, kompatibel mit\u2026\",\"breadcrumb\":{\"@id\":\"https:\\\/\\\/marktxxl.de\\\/markt\\\/produkt\\\/jlab-go-tastatur-kabellos-bluetooth-tastatur-mit-usb-dongle-und-bluetooth-multi-device-konnektivitaet-kompatibel-mit-apple-windows-tablet-ipad-pc-laptop-android-mac-schlankes-tragbares-des\\\/#breadcrumb\"},\"inLanguage\":\"de\",\"potentialAction\":[{\"@type\":\"ReadAction\",\"target\":[\"https:\\\/\\\/marktxxl.de\\\/markt\\\/produkt\\\/jlab-go-tastatur-kabellos-bluetooth-tastatur-mit-usb-dongle-und-bluetooth-multi-device-konnektivitaet-kompatibel-mit-apple-windows-tablet-ipad-pc-laptop-android-mac-schlankes-tragbares-des\\\/\"]}]},{\"@type\":\"ImageObject\",\"inLanguage\":\"de\",\"@id\":\"https:\\\/\\\/marktxxl.de\\\/markt\\\/produkt\\\/jlab-go-tastatur-kabellos-bluetooth-tastatur-mit-usb-dongle-und-bluetooth-multi-device-konnektivitaet-kompatibel-mit-apple-windows-tablet-ipad-pc-laptop-android-mac-schlankes-tragbares-des\\\/#primaryimage\",\"url\":\"https:\\\/\\\/m.media-amazon.com\\\/images\\\/I\\\/41H-UpxCCeL._SL500_.jpg\",\"contentUrl\":\"https:\\\/\\\/m.media-amazon.com\\\/images\\\/I\\\/41H-UpxCCeL._SL500_.jpg\",\"width\":500,\"height\":500},{\"@type\":\"BreadcrumbList\",\"@id\":\"https:\\\/\\\/marktxxl.de\\\/markt\\\/produkt\\\/jlab-go-tastatur-kabellos-bluetooth-tastatur-mit-usb-dongle-und-bluetooth-multi-device-konnektivitaet-kompatibel-mit-apple-windows-tablet-ipad-pc-laptop-android-mac-schlankes-tragbares-des\\\/#breadcrumb\",\"itemListElement\":[{\"@type\":\"ListItem\",\"position\":1,\"name\":\"Startseite\",\"item\":\"https:\\\/\\\/marktxxl.de\\\/markt\\\/\"},{\"@type\":\"ListItem\",\"position\":2,\"name\":\"Markt\",\"item\":\"https:\\\/\\\/marktxxl.de\\\/markt\\\/\"},{\"@type\":\"ListItem\",\"position\":3,\"name\":\"JLab Go Tastatur Kabellos \u2013 Bluetooth Tastatur mit USB-Dongle und Bluetooth-Multi-Device-Konnektivit\u00e4t, kompatibel mit\u2026\"}]},{\"@type\":\"WebSite\",\"@id\":\"https:\\\/\\\/marktxxl.de\\\/markt\\\/#website\",\"url\":\"https:\\\/\\\/marktxxl.de\\\/markt\\\/\",\"name\":\"Markt-XXL\",\"description\":\"Ihr Markt Online\",\"publisher\":{\"@id\":\"https:\\\/\\\/marktxxl.de\\\/markt\\\/#organization\"},\"potentialAction\":[{\"@type\":\"SearchAction\",\"target\":{\"@type\":\"EntryPoint\",\"urlTemplate\":\"https:\\\/\\\/marktxxl.de\\\/markt\\\/?s={search_term_string}\"},\"query-input\":{\"@type\":\"PropertyValueSpecification\",\"valueRequired\":true,\"valueName\":\"search_term_string\"}}],\"inLanguage\":\"de\"},{\"@type\":\"Organization\",\"@id\":\"https:\\\/\\\/marktxxl.de\\\/markt\\\/#organization\",\"name\":\"Markt-XXL\",\"url\":\"https:\\\/\\\/marktxxl.de\\\/markt\\\/\",\"logo\":{\"@type\":\"ImageObject\",\"inLanguage\":\"de\",\"@id\":\"https:\\\/\\\/marktxxl.de\\\/markt\\\/#\\\/schema\\\/logo\\\/image\\\/\",\"url\":\"https:\\\/\\\/marktxxl.de\\\/markt\\\/wp-content\\\/uploads\\\/sites\\\/3\\\/2020\\\/12\\\/logo.png\",\"contentUrl\":\"https:\\\/\\\/marktxxl.de\\\/markt\\\/wp-content\\\/uploads\\\/sites\\\/3\\\/2020\\\/12\\\/logo.png\",\"width\":200,\"height\":70,\"caption\":\"Markt-XXL\"},\"image\":{\"@id\":\"https:\\\/\\\/marktxxl.de\\\/markt\\\/#\\\/schema\\\/logo\\\/image\\\/\"}}]}<\/script>\n<!-- \/ Yoast SEO plugin. -->","yoast_head_json":{"title":"JLab Go Tastatur Kabellos \u2013 Bluetooth Tastatur mit USB-Dongle und Bluetooth-Multi-Device-Konnektivit\u00e4t, kompatibel mit\u2026 - Markt-XXL","description":"Markt-XXL JLab Go Tastatur Kabellos \u2013 Bluetooth Tastatur mit USB-Dongle und Bluetooth-Multi-Device-Konnektivit\u00e4t, kompatibel mit\u2026","robots":{"index":"index","follow":"follow","max-snippet":"max-snippet:-1","max-image-preview":"max-image-preview:large","max-video-preview":"max-video-preview:-1"},"canonical":"https:\/\/marktxxl.de\/markt\/produkt\/jlab-go-tastatur-kabellos-bluetooth-tastatur-mit-usb-dongle-und-bluetooth-multi-device-konnektivitaet-kompatibel-mit-apple-windows-tablet-ipad-pc-laptop-android-mac-schlankes-tragbares-des\/","og_locale":"de_DE","og_type":"article","og_title":"JLab Go Tastatur Kabellos \u2013 Bluetooth Tastatur mit USB-Dongle und Bluetooth-Multi-Device-Konnektivit\u00e4t, kompatibel mit\u2026 - Markt-XXL","og_description":"Markt-XXL JLab Go Tastatur Kabellos \u2013 Bluetooth Tastatur mit USB-Dongle und Bluetooth-Multi-Device-Konnektivit\u00e4t, kompatibel mit\u2026","og_url":"https:\/\/marktxxl.de\/markt\/produkt\/jlab-go-tastatur-kabellos-bluetooth-tastatur-mit-usb-dongle-und-bluetooth-multi-device-konnektivitaet-kompatibel-mit-apple-windows-tablet-ipad-pc-laptop-android-mac-schlankes-tragbares-des\/","og_site_name":"Markt-XXL","article_modified_time":"2023-04-10T03:36:29+00:00","og_image":[{"width":500,"height":500,"url":"https:\/\/m.media-amazon.com\/images\/I\/41H-UpxCCeL._SL500_.jpg","type":"image\/jpeg"}],"twitter_card":"summary_large_image","twitter_misc":{"Gesch\u00e4tzte Lesezeit":"1\u00a0Minute"},"schema":{"@context":"https:\/\/schema.org","@graph":[{"@type":"WebPage","@id":"https:\/\/marktxxl.de\/markt\/produkt\/jlab-go-tastatur-kabellos-bluetooth-tastatur-mit-usb-dongle-und-bluetooth-multi-device-konnektivitaet-kompatibel-mit-apple-windows-tablet-ipad-pc-laptop-android-mac-schlankes-tragbares-des\/","url":"https:\/\/marktxxl.de\/markt\/produkt\/jlab-go-tastatur-kabellos-bluetooth-tastatur-mit-usb-dongle-und-bluetooth-multi-device-konnektivitaet-kompatibel-mit-apple-windows-tablet-ipad-pc-laptop-android-mac-schlankes-tragbares-des\/","name":"JLab Go Tastatur Kabellos \u2013 Bluetooth Tastatur mit USB-Dongle und Bluetooth-Multi-Device-Konnektivit\u00e4t, kompatibel mit\u2026 - Markt-XXL","isPartOf":{"@id":"https:\/\/marktxxl.de\/markt\/#website"},"primaryImageOfPage":{"@id":"https:\/\/marktxxl.de\/markt\/produkt\/jlab-go-tastatur-kabellos-bluetooth-tastatur-mit-usb-dongle-und-bluetooth-multi-device-konnektivitaet-kompatibel-mit-apple-windows-tablet-ipad-pc-laptop-android-mac-schlankes-tragbares-des\/#primaryimage"},"image":{"@id":"https:\/\/marktxxl.de\/markt\/produkt\/jlab-go-tastatur-kabellos-bluetooth-tastatur-mit-usb-dongle-und-bluetooth-multi-device-konnektivitaet-kompatibel-mit-apple-windows-tablet-ipad-pc-laptop-android-mac-schlankes-tragbares-des\/#primaryimage"},"thumbnailUrl":"https:\/\/m.media-amazon.com\/images\/I\/41H-UpxCCeL._SL500_.jpg","datePublished":"2023-02-09T08:58:39+00:00","dateModified":"2023-04-10T03:36:29+00:00","description":"Markt-XXL JLab Go Tastatur Kabellos \u2013 Bluetooth Tastatur mit USB-Dongle und Bluetooth-Multi-Device-Konnektivit\u00e4t, kompatibel mit\u2026","breadcrumb":{"@id":"https:\/\/marktxxl.de\/markt\/produkt\/jlab-go-tastatur-kabellos-bluetooth-tastatur-mit-usb-dongle-und-bluetooth-multi-device-konnektivitaet-kompatibel-mit-apple-windows-tablet-ipad-pc-laptop-android-mac-schlankes-tragbares-des\/#breadcrumb"},"inLanguage":"de","potentialAction":[{"@type":"ReadAction","target":["https:\/\/marktxxl.de\/markt\/produkt\/jlab-go-tastatur-kabellos-bluetooth-tastatur-mit-usb-dongle-und-bluetooth-multi-device-konnektivitaet-kompatibel-mit-apple-windows-tablet-ipad-pc-laptop-android-mac-schlankes-tragbares-des\/"]}]},{"@type":"ImageObject","inLanguage":"de","@id":"https:\/\/marktxxl.de\/markt\/produkt\/jlab-go-tastatur-kabellos-bluetooth-tastatur-mit-usb-dongle-und-bluetooth-multi-device-konnektivitaet-kompatibel-mit-apple-windows-tablet-ipad-pc-laptop-android-mac-schlankes-tragbares-des\/#primaryimage","url":"https:\/\/m.media-amazon.com\/images\/I\/41H-UpxCCeL._SL500_.jpg","contentUrl":"https:\/\/m.media-amazon.com\/images\/I\/41H-UpxCCeL._SL500_.jpg","width":500,"height":500},{"@type":"BreadcrumbList","@id":"https:\/\/marktxxl.de\/markt\/produkt\/jlab-go-tastatur-kabellos-bluetooth-tastatur-mit-usb-dongle-und-bluetooth-multi-device-konnektivitaet-kompatibel-mit-apple-windows-tablet-ipad-pc-laptop-android-mac-schlankes-tragbares-des\/#breadcrumb","itemListElement":[{"@type":"ListItem","position":1,"name":"Startseite","item":"https:\/\/marktxxl.de\/markt\/"},{"@type":"ListItem","position":2,"name":"Markt","item":"https:\/\/marktxxl.de\/markt\/"},{"@type":"ListItem","position":3,"name":"JLab Go Tastatur Kabellos \u2013 Bluetooth Tastatur mit USB-Dongle und Bluetooth-Multi-Device-Konnektivit\u00e4t, kompatibel mit\u2026"}]},{"@type":"WebSite","@id":"https:\/\/marktxxl.de\/markt\/#website","url":"https:\/\/marktxxl.de\/markt\/","name":"Markt-XXL","description":"Ihr Markt Online","publisher":{"@id":"https:\/\/marktxxl.de\/markt\/#organization"},"potentialAction":[{"@type":"SearchAction","target":{"@type":"EntryPoint","urlTemplate":"https:\/\/marktxxl.de\/markt\/?s={search_term_string}"},"query-input":{"@type":"PropertyValueSpecification","valueRequired":true,"valueName":"search_term_string"}}],"inLanguage":"de"},{"@type":"Organization","@id":"https:\/\/marktxxl.de\/markt\/#organization","name":"Markt-XXL","url":"https:\/\/marktxxl.de\/markt\/","logo":{"@type":"ImageObject","inLanguage":"de","@id":"https:\/\/marktxxl.de\/markt\/#\/schema\/logo\/image\/","url":"https:\/\/marktxxl.de\/markt\/wp-content\/uploads\/sites\/3\/2020\/12\/logo.png","contentUrl":"https:\/\/marktxxl.de\/markt\/wp-content\/uploads\/sites\/3\/2020\/12\/logo.png","width":200,"height":70,"caption":"Markt-XXL"},"image":{"@id":"https:\/\/marktxxl.de\/markt\/#\/schema\/logo\/image\/"}}]}},"_links":{"self":[{"href":"https:\/\/marktxxl.de\/markt\/wp-json\/wp\/v2\/product\/189264","targetHints":{"allow":["GET"]}}],"collection":[{"href":"https:\/\/marktxxl.de\/markt\/wp-json\/wp\/v2\/product"}],"about":[{"href":"https:\/\/marktxxl.de\/markt\/wp-json\/wp\/v2\/types\/product"}],"replies":[{"embeddable":true,"href":"https:\/\/marktxxl.de\/markt\/wp-json\/wp\/v2\/comments?post=189264"}],"wp:featuredmedia":[{"embeddable":true,"href":"https:\/\/marktxxl.de\/markt\/wp-json\/wp\/v2\/media\/189265"}],"wp:attachment":[{"href":"https:\/\/marktxxl.de\/markt\/wp-json\/wp\/v2\/media?parent=189264"}],"wp:term":[{"taxonomy":"product_brand","embeddable":true,"href":"https:\/\/marktxxl.de\/markt\/wp-json\/wp\/v2\/product_brand?post=189264"},{"taxonomy":"product_cat","embeddable":true,"href":"https:\/\/marktxxl.de\/markt\/wp-json\/wp\/v2\/product_cat?post=189264"},{"taxonomy":"product_tag","embeddable":true,"href":"https:\/\/marktxxl.de\/markt\/wp-json\/wp\/v2\/product_tag?post=189264"}],"curies":[{"name":"wp","href":"https:\/\/api.w.org\/{rel}","templated":true}]}}