{"id":189196,"date":"2023-02-09T09:56:03","date_gmt":"2023-02-09T08:56:03","guid":{"rendered":"https:\/\/marktxxl.de\/markt\/produkt\/ucgou-luftpolsterumschlaege-152-x-254-cm-pink-25-stueck-innenmasse-152-x-229-cm\/"},"modified":"2023-04-10T05:36:27","modified_gmt":"2023-04-10T03:36:27","slug":"ucgou-luftpolsterumschlaege-152-x-254-cm-pink-25-stueck-innenmasse-152-x-229-cm","status":"publish","type":"product","link":"https:\/\/marktxxl.de\/markt\/produkt\/ucgou-luftpolsterumschlaege-152-x-254-cm-pink-25-stueck-innenmasse-152-x-229-cm\/","title":{"rendered":"UCGOU Luftpolsterumschl\u00e4ge, 15,2 x 25,4 cm, Pink, 25 St\u00fcck (Innenma\u00dfe: 15,2 x 22,9 cm)"},"content":{"rendered":"<p>Selbstklebende Umschl\u00e4ge. Der Klebstoff auf der Faltklappe ist stark genug und geht endlos. Es gibt kein Verst\u00e4rkungsband und es geht nicht auseinander, wenn Sie es nicht zerrei\u00dfen.<br \/>\nInternationale Produkte haben separate Bedingungen, werden aus dem Ausland verkauft und k\u00f6nnen sich von lokalen Produkten unterscheiden, einschlie\u00dflich Passform, Alterseinstufungen und Sprache des Produkts, Kennzeichnung oder Anleitung. Internationale Produkte haben separate Bedingungen, werden aus dem Ausland verkauft und k\u00f6nnen sich von lokalen Produkten unterscheiden, einschlie\u00dflich Passform, Alterseinstufung und Sprache des Produkts, Kennzeichnung oder Anweisungen.<br \/>\nInternational products have separate terms, are sold from abroad and may differ from local products, including fit, age ratings, and language of product, labeling or instructions.<br \/>\n<div class=\"main-cross-sell\" data-asin=\"B06XJ3MTVX\">\n\n\t<div class=\"WooZone-cross-sell-loader\">\n\t\t<div>\n\t\t\t<div id=\"floatingBarsG\">\n\t\t\t\t<div class=\"blockG\" id=\"rotateG_01\"><\/div>\n\t\t\t\t<div class=\"blockG\" id=\"rotateG_02\"><\/div>\n\t\t\t\t<div class=\"blockG\" id=\"rotateG_03\"><\/div>\n\t\t\t\t<div class=\"blockG\" id=\"rotateG_04\"><\/div>\n\t\t\t\t<div class=\"blockG\" id=\"rotateG_05\"><\/div>\n\t\t\t\t<div class=\"blockG\" id=\"rotateG_06\"><\/div>\n\t\t\t\t<div class=\"blockG\" id=\"rotateG_07\"><\/div>\n\t\t\t\t<div class=\"blockG\" id=\"rotateG_08\"><\/div>\n\t\t\t<\/div>\n\t\t\t<div class=\"WooZone-cross-sell-loader-text\"><\/div>\n\t\t<\/div>\n\t<\/div>\n\n\t\t\n<\/div>\n<div style=\"clear:both;\"><\/div><\/p>\n","protected":false},"excerpt":{"rendered":"<p>Selbstklebende Umschl\u00e4ge. Der Klebstoff auf der Faltklappe ist stark genug und geht endlos. Es gibt kein Verst\u00e4rkungsband und es geht nicht auseinander, wenn Sie es nicht zerrei\u00dfen.<br \/>\nInternationale Produkte haben separate Bedingungen, werden aus dem Ausland verkauft und k\u00f6nnen sich von lokalen Produkten unterscheiden, einschlie\u00dflich Passform, Alterseinstufungen und Sprache des Produkts, Kennzeichnung oder Anleitung. Internationale Produkte haben separate Bedingungen, werden aus dem Ausland verkauft und k\u00f6nnen sich von lokalen Produkten unterscheiden, einschlie\u00dflich Passform, Alterseinstufung und Sprache des Produkts, Kennzeichnung oder Anweisungen.<br \/>\nInternational products have separate terms, are sold from abroad and may differ from local products, including fit, age ratings, and language of product, labeling or instructions.<\/p>\n","protected":false},"featured_media":189197,"comment_status":"open","ping_status":"closed","template":"","meta":[],"product_brand":[],"product_cat":[504,8703],"product_tag":[],"class_list":{"0":"post-189196","1":"product","2":"type-product","3":"status-publish","4":"has-post-thumbnail","6":"product_cat-buerobedarf-schreibwaren","7":"product_cat-umschlaege-versandzubehoer","8":"pa_binding-buerobedarf-schreibwaren","9":"pa_brand-ucgou","10":"pa_color-hot-pink","11":"pa_height-5-31-zoll","12":"pa_length-10-59-zoll","13":"pa_manufacturer-ucgou","14":"pa_model-az011","15":"pa_size-6x10-25pc","16":"pa_width-7-91-zoll","18":"first","19":"instock","20":"shipping-taxable","21":"purchasable","22":"product-type-simple","23":"customify-col","24":"product-has-gallery"},"yoast_head":"<!-- This site is optimized with the Yoast SEO plugin v27.4 - https:\/\/yoast.com\/product\/yoast-seo-wordpress\/ -->\n<title>UCGOU Luftpolsterumschl\u00e4ge, 15,2 x 25,4 cm, Pink, 25 St\u00fcck (Innenma\u00dfe: 15,2 x 22,9 cm) - Markt-XXL<\/title>\n<meta name=\"description\" content=\"Markt-XXL UCGOU Luftpolsterumschl\u00e4ge, 15,2 x 25,4 cm, Pink, 25 St\u00fcck (Innenma\u00dfe: 15,2 x 22,9 cm)\" \/>\n<meta name=\"robots\" content=\"index, follow, max-snippet:-1, max-image-preview:large, max-video-preview:-1\" \/>\n<link rel=\"canonical\" href=\"https:\/\/marktxxl.de\/markt\/produkt\/ucgou-luftpolsterumschlaege-152-x-254-cm-pink-25-stueck-innenmasse-152-x-229-cm\/\" \/>\n<meta property=\"og:locale\" content=\"de_DE\" \/>\n<meta property=\"og:type\" content=\"article\" \/>\n<meta property=\"og:title\" content=\"UCGOU Luftpolsterumschl\u00e4ge, 15,2 x 25,4 cm, Pink, 25 St\u00fcck (Innenma\u00dfe: 15,2 x 22,9 cm) - Markt-XXL\" \/>\n<meta property=\"og:description\" content=\"Markt-XXL UCGOU Luftpolsterumschl\u00e4ge, 15,2 x 25,4 cm, Pink, 25 St\u00fcck (Innenma\u00dfe: 15,2 x 22,9 cm)\" \/>\n<meta property=\"og:url\" content=\"https:\/\/marktxxl.de\/markt\/produkt\/ucgou-luftpolsterumschlaege-152-x-254-cm-pink-25-stueck-innenmasse-152-x-229-cm\/\" \/>\n<meta property=\"og:site_name\" content=\"Markt-XXL\" \/>\n<meta property=\"article:modified_time\" content=\"2023-04-10T03:36:27+00:00\" \/>\n<meta property=\"og:image\" content=\"https:\/\/m.media-amazon.com\/images\/I\/51NiT0Q0rbL._SL500_.jpg\" \/>\n\t<meta property=\"og:image:width\" content=\"500\" \/>\n\t<meta property=\"og:image:height\" content=\"500\" \/>\n\t<meta property=\"og:image:type\" content=\"image\/jpeg\" \/>\n<meta name=\"twitter:card\" content=\"summary_large_image\" \/>\n<meta name=\"twitter:label1\" content=\"Gesch\u00e4tzte Lesezeit\" \/>\n\t<meta name=\"twitter:data1\" content=\"1\u00a0Minute\" \/>\n<script type=\"application\/ld+json\" class=\"yoast-schema-graph\">{\"@context\":\"https:\\\/\\\/schema.org\",\"@graph\":[{\"@type\":\"WebPage\",\"@id\":\"https:\\\/\\\/marktxxl.de\\\/markt\\\/produkt\\\/ucgou-luftpolsterumschlaege-152-x-254-cm-pink-25-stueck-innenmasse-152-x-229-cm\\\/\",\"url\":\"https:\\\/\\\/marktxxl.de\\\/markt\\\/produkt\\\/ucgou-luftpolsterumschlaege-152-x-254-cm-pink-25-stueck-innenmasse-152-x-229-cm\\\/\",\"name\":\"UCGOU Luftpolsterumschl\u00e4ge, 15,2 x 25,4 cm, Pink, 25 St\u00fcck (Innenma\u00dfe: 15,2 x 22,9 cm) - Markt-XXL\",\"isPartOf\":{\"@id\":\"https:\\\/\\\/marktxxl.de\\\/markt\\\/#website\"},\"primaryImageOfPage\":{\"@id\":\"https:\\\/\\\/marktxxl.de\\\/markt\\\/produkt\\\/ucgou-luftpolsterumschlaege-152-x-254-cm-pink-25-stueck-innenmasse-152-x-229-cm\\\/#primaryimage\"},\"image\":{\"@id\":\"https:\\\/\\\/marktxxl.de\\\/markt\\\/produkt\\\/ucgou-luftpolsterumschlaege-152-x-254-cm-pink-25-stueck-innenmasse-152-x-229-cm\\\/#primaryimage\"},\"thumbnailUrl\":\"https:\\\/\\\/m.media-amazon.com\\\/images\\\/I\\\/51NiT0Q0rbL._SL500_.jpg\",\"datePublished\":\"2023-02-09T08:56:03+00:00\",\"dateModified\":\"2023-04-10T03:36:27+00:00\",\"description\":\"Markt-XXL UCGOU Luftpolsterumschl\u00e4ge, 15,2 x 25,4 cm, Pink, 25 St\u00fcck (Innenma\u00dfe: 15,2 x 22,9 cm)\",\"breadcrumb\":{\"@id\":\"https:\\\/\\\/marktxxl.de\\\/markt\\\/produkt\\\/ucgou-luftpolsterumschlaege-152-x-254-cm-pink-25-stueck-innenmasse-152-x-229-cm\\\/#breadcrumb\"},\"inLanguage\":\"de\",\"potentialAction\":[{\"@type\":\"ReadAction\",\"target\":[\"https:\\\/\\\/marktxxl.de\\\/markt\\\/produkt\\\/ucgou-luftpolsterumschlaege-152-x-254-cm-pink-25-stueck-innenmasse-152-x-229-cm\\\/\"]}]},{\"@type\":\"ImageObject\",\"inLanguage\":\"de\",\"@id\":\"https:\\\/\\\/marktxxl.de\\\/markt\\\/produkt\\\/ucgou-luftpolsterumschlaege-152-x-254-cm-pink-25-stueck-innenmasse-152-x-229-cm\\\/#primaryimage\",\"url\":\"https:\\\/\\\/m.media-amazon.com\\\/images\\\/I\\\/51NiT0Q0rbL._SL500_.jpg\",\"contentUrl\":\"https:\\\/\\\/m.media-amazon.com\\\/images\\\/I\\\/51NiT0Q0rbL._SL500_.jpg\",\"width\":500,\"height\":500},{\"@type\":\"BreadcrumbList\",\"@id\":\"https:\\\/\\\/marktxxl.de\\\/markt\\\/produkt\\\/ucgou-luftpolsterumschlaege-152-x-254-cm-pink-25-stueck-innenmasse-152-x-229-cm\\\/#breadcrumb\",\"itemListElement\":[{\"@type\":\"ListItem\",\"position\":1,\"name\":\"Startseite\",\"item\":\"https:\\\/\\\/marktxxl.de\\\/markt\\\/\"},{\"@type\":\"ListItem\",\"position\":2,\"name\":\"Markt\",\"item\":\"https:\\\/\\\/marktxxl.de\\\/markt\\\/\"},{\"@type\":\"ListItem\",\"position\":3,\"name\":\"UCGOU Luftpolsterumschl\u00e4ge, 15,2 x 25,4 cm, Pink, 25 St\u00fcck (Innenma\u00dfe: 15,2 x 22,9 cm)\"}]},{\"@type\":\"WebSite\",\"@id\":\"https:\\\/\\\/marktxxl.de\\\/markt\\\/#website\",\"url\":\"https:\\\/\\\/marktxxl.de\\\/markt\\\/\",\"name\":\"Markt-XXL\",\"description\":\"Ihr Markt Online\",\"publisher\":{\"@id\":\"https:\\\/\\\/marktxxl.de\\\/markt\\\/#organization\"},\"potentialAction\":[{\"@type\":\"SearchAction\",\"target\":{\"@type\":\"EntryPoint\",\"urlTemplate\":\"https:\\\/\\\/marktxxl.de\\\/markt\\\/?s={search_term_string}\"},\"query-input\":{\"@type\":\"PropertyValueSpecification\",\"valueRequired\":true,\"valueName\":\"search_term_string\"}}],\"inLanguage\":\"de\"},{\"@type\":\"Organization\",\"@id\":\"https:\\\/\\\/marktxxl.de\\\/markt\\\/#organization\",\"name\":\"Markt-XXL\",\"url\":\"https:\\\/\\\/marktxxl.de\\\/markt\\\/\",\"logo\":{\"@type\":\"ImageObject\",\"inLanguage\":\"de\",\"@id\":\"https:\\\/\\\/marktxxl.de\\\/markt\\\/#\\\/schema\\\/logo\\\/image\\\/\",\"url\":\"https:\\\/\\\/marktxxl.de\\\/markt\\\/wp-content\\\/uploads\\\/sites\\\/3\\\/2020\\\/12\\\/logo.png\",\"contentUrl\":\"https:\\\/\\\/marktxxl.de\\\/markt\\\/wp-content\\\/uploads\\\/sites\\\/3\\\/2020\\\/12\\\/logo.png\",\"width\":200,\"height\":70,\"caption\":\"Markt-XXL\"},\"image\":{\"@id\":\"https:\\\/\\\/marktxxl.de\\\/markt\\\/#\\\/schema\\\/logo\\\/image\\\/\"}}]}<\/script>\n<!-- \/ Yoast SEO plugin. -->","yoast_head_json":{"title":"UCGOU Luftpolsterumschl\u00e4ge, 15,2 x 25,4 cm, Pink, 25 St\u00fcck (Innenma\u00dfe: 15,2 x 22,9 cm) - Markt-XXL","description":"Markt-XXL UCGOU Luftpolsterumschl\u00e4ge, 15,2 x 25,4 cm, Pink, 25 St\u00fcck (Innenma\u00dfe: 15,2 x 22,9 cm)","robots":{"index":"index","follow":"follow","max-snippet":"max-snippet:-1","max-image-preview":"max-image-preview:large","max-video-preview":"max-video-preview:-1"},"canonical":"https:\/\/marktxxl.de\/markt\/produkt\/ucgou-luftpolsterumschlaege-152-x-254-cm-pink-25-stueck-innenmasse-152-x-229-cm\/","og_locale":"de_DE","og_type":"article","og_title":"UCGOU Luftpolsterumschl\u00e4ge, 15,2 x 25,4 cm, Pink, 25 St\u00fcck (Innenma\u00dfe: 15,2 x 22,9 cm) - Markt-XXL","og_description":"Markt-XXL UCGOU Luftpolsterumschl\u00e4ge, 15,2 x 25,4 cm, Pink, 25 St\u00fcck (Innenma\u00dfe: 15,2 x 22,9 cm)","og_url":"https:\/\/marktxxl.de\/markt\/produkt\/ucgou-luftpolsterumschlaege-152-x-254-cm-pink-25-stueck-innenmasse-152-x-229-cm\/","og_site_name":"Markt-XXL","article_modified_time":"2023-04-10T03:36:27+00:00","og_image":[{"width":500,"height":500,"url":"https:\/\/m.media-amazon.com\/images\/I\/51NiT0Q0rbL._SL500_.jpg","type":"image\/jpeg"}],"twitter_card":"summary_large_image","twitter_misc":{"Gesch\u00e4tzte Lesezeit":"1\u00a0Minute"},"schema":{"@context":"https:\/\/schema.org","@graph":[{"@type":"WebPage","@id":"https:\/\/marktxxl.de\/markt\/produkt\/ucgou-luftpolsterumschlaege-152-x-254-cm-pink-25-stueck-innenmasse-152-x-229-cm\/","url":"https:\/\/marktxxl.de\/markt\/produkt\/ucgou-luftpolsterumschlaege-152-x-254-cm-pink-25-stueck-innenmasse-152-x-229-cm\/","name":"UCGOU Luftpolsterumschl\u00e4ge, 15,2 x 25,4 cm, Pink, 25 St\u00fcck (Innenma\u00dfe: 15,2 x 22,9 cm) - Markt-XXL","isPartOf":{"@id":"https:\/\/marktxxl.de\/markt\/#website"},"primaryImageOfPage":{"@id":"https:\/\/marktxxl.de\/markt\/produkt\/ucgou-luftpolsterumschlaege-152-x-254-cm-pink-25-stueck-innenmasse-152-x-229-cm\/#primaryimage"},"image":{"@id":"https:\/\/marktxxl.de\/markt\/produkt\/ucgou-luftpolsterumschlaege-152-x-254-cm-pink-25-stueck-innenmasse-152-x-229-cm\/#primaryimage"},"thumbnailUrl":"https:\/\/m.media-amazon.com\/images\/I\/51NiT0Q0rbL._SL500_.jpg","datePublished":"2023-02-09T08:56:03+00:00","dateModified":"2023-04-10T03:36:27+00:00","description":"Markt-XXL UCGOU Luftpolsterumschl\u00e4ge, 15,2 x 25,4 cm, Pink, 25 St\u00fcck (Innenma\u00dfe: 15,2 x 22,9 cm)","breadcrumb":{"@id":"https:\/\/marktxxl.de\/markt\/produkt\/ucgou-luftpolsterumschlaege-152-x-254-cm-pink-25-stueck-innenmasse-152-x-229-cm\/#breadcrumb"},"inLanguage":"de","potentialAction":[{"@type":"ReadAction","target":["https:\/\/marktxxl.de\/markt\/produkt\/ucgou-luftpolsterumschlaege-152-x-254-cm-pink-25-stueck-innenmasse-152-x-229-cm\/"]}]},{"@type":"ImageObject","inLanguage":"de","@id":"https:\/\/marktxxl.de\/markt\/produkt\/ucgou-luftpolsterumschlaege-152-x-254-cm-pink-25-stueck-innenmasse-152-x-229-cm\/#primaryimage","url":"https:\/\/m.media-amazon.com\/images\/I\/51NiT0Q0rbL._SL500_.jpg","contentUrl":"https:\/\/m.media-amazon.com\/images\/I\/51NiT0Q0rbL._SL500_.jpg","width":500,"height":500},{"@type":"BreadcrumbList","@id":"https:\/\/marktxxl.de\/markt\/produkt\/ucgou-luftpolsterumschlaege-152-x-254-cm-pink-25-stueck-innenmasse-152-x-229-cm\/#breadcrumb","itemListElement":[{"@type":"ListItem","position":1,"name":"Startseite","item":"https:\/\/marktxxl.de\/markt\/"},{"@type":"ListItem","position":2,"name":"Markt","item":"https:\/\/marktxxl.de\/markt\/"},{"@type":"ListItem","position":3,"name":"UCGOU Luftpolsterumschl\u00e4ge, 15,2 x 25,4 cm, Pink, 25 St\u00fcck (Innenma\u00dfe: 15,2 x 22,9 cm)"}]},{"@type":"WebSite","@id":"https:\/\/marktxxl.de\/markt\/#website","url":"https:\/\/marktxxl.de\/markt\/","name":"Markt-XXL","description":"Ihr Markt Online","publisher":{"@id":"https:\/\/marktxxl.de\/markt\/#organization"},"potentialAction":[{"@type":"SearchAction","target":{"@type":"EntryPoint","urlTemplate":"https:\/\/marktxxl.de\/markt\/?s={search_term_string}"},"query-input":{"@type":"PropertyValueSpecification","valueRequired":true,"valueName":"search_term_string"}}],"inLanguage":"de"},{"@type":"Organization","@id":"https:\/\/marktxxl.de\/markt\/#organization","name":"Markt-XXL","url":"https:\/\/marktxxl.de\/markt\/","logo":{"@type":"ImageObject","inLanguage":"de","@id":"https:\/\/marktxxl.de\/markt\/#\/schema\/logo\/image\/","url":"https:\/\/marktxxl.de\/markt\/wp-content\/uploads\/sites\/3\/2020\/12\/logo.png","contentUrl":"https:\/\/marktxxl.de\/markt\/wp-content\/uploads\/sites\/3\/2020\/12\/logo.png","width":200,"height":70,"caption":"Markt-XXL"},"image":{"@id":"https:\/\/marktxxl.de\/markt\/#\/schema\/logo\/image\/"}}]}},"_links":{"self":[{"href":"https:\/\/marktxxl.de\/markt\/wp-json\/wp\/v2\/product\/189196","targetHints":{"allow":["GET"]}}],"collection":[{"href":"https:\/\/marktxxl.de\/markt\/wp-json\/wp\/v2\/product"}],"about":[{"href":"https:\/\/marktxxl.de\/markt\/wp-json\/wp\/v2\/types\/product"}],"replies":[{"embeddable":true,"href":"https:\/\/marktxxl.de\/markt\/wp-json\/wp\/v2\/comments?post=189196"}],"wp:featuredmedia":[{"embeddable":true,"href":"https:\/\/marktxxl.de\/markt\/wp-json\/wp\/v2\/media\/189197"}],"wp:attachment":[{"href":"https:\/\/marktxxl.de\/markt\/wp-json\/wp\/v2\/media?parent=189196"}],"wp:term":[{"taxonomy":"product_brand","embeddable":true,"href":"https:\/\/marktxxl.de\/markt\/wp-json\/wp\/v2\/product_brand?post=189196"},{"taxonomy":"product_cat","embeddable":true,"href":"https:\/\/marktxxl.de\/markt\/wp-json\/wp\/v2\/product_cat?post=189196"},{"taxonomy":"product_tag","embeddable":true,"href":"https:\/\/marktxxl.de\/markt\/wp-json\/wp\/v2\/product_tag?post=189196"}],"curies":[{"name":"wp","href":"https:\/\/api.w.org\/{rel}","templated":true}]}}