{"id":188941,"date":"2023-02-09T08:19:20","date_gmt":"2023-02-09T07:19:20","guid":{"rendered":"https:\/\/marktxxl.de\/markt\/produkt\/rich-master-acrylic-24-acrylfarben-set-60ml-reichhaltige-pigmentfarben-bastelfarben-fuer-leinwand-holz-keramik-stoffmodell-fuer-anfaenger-oder-profis-24-farben-pinselset\/"},"modified":"2023-04-10T05:36:23","modified_gmt":"2023-04-10T03:36:23","slug":"rich-master-acrylic-24-acrylfarben-set-60ml-reichhaltige-pigmentfarben-bastelfarben-fuer-leinwand-holz-keramik-stoffmodell-fuer-anfaenger-oder-profis-24-farben-pinselset","status":"publish","type":"product","link":"https:\/\/marktxxl.de\/markt\/produkt\/rich-master-acrylic-24-acrylfarben-set-60ml-reichhaltige-pigmentfarben-bastelfarben-fuer-leinwand-holz-keramik-stoffmodell-fuer-anfaenger-oder-profis-24-farben-pinselset\/","title":{"rendered":"Rich Master Acrylic 24 Acrylfarben Set 60ml, Reichhaltige Pigmentfarben Bastelfarben f\u00fcr Leinwand, Holz, Keramik\u2026"},"content":{"rendered":"<p>ULTRAHOHE LEISTUNG: Unsere Acrylfarben-Sets sind von hoher Qualit\u00e4t und haben eine gute Deckkraft. Sie sind weder d\u00fcnn noch w\u00e4ssrig. Jede Art von Farbe hat eine hervorragende Konsistenz, die die Spuren von Pinseln oder Spachtel behalten kann. Die Farben geben eine ausgezeichnete Textur.<br \/>\nGRO\u00dfE FARBAUSWAHL: Das Set enth\u00e4lt 24 Farben Acrylfarbe (je 60 ml) die in einer farbigen Schachtel gut verpackt sind.<br \/>\nHOCHWERTIGE QUALIT\u00c4T &amp; LANGLEBIG: Mastermix Farben sind lebendig. Farben verblassen mit der Zeit nicht. Es gleitet reibungslos, l\u00e4sst sich leicht mischen und trocknen schnell.<br \/>\nVIELSEITIGE VERWENDUNGEN: F\u00fcr Leinwand, Papier, Holz, Stein, Keramik und Modell geeignet<br \/>\nEIN ERSTAUNLICHES GESCHENK: M\u00f6chten Sie Ihren lieben K\u00fcnstler zufriedenstellen oder die Kunstkreativit\u00e4t Ihres Kindes entwickeln? Diese Acrylfarbe ist absolut die beste Wahl.<br \/>\n<div class=\"main-cross-sell\" data-asin=\"B09S9Z2ZWJ\">\n\n\t<div class=\"WooZone-cross-sell-loader\">\n\t\t<div>\n\t\t\t<div id=\"floatingBarsG\">\n\t\t\t\t<div class=\"blockG\" id=\"rotateG_01\"><\/div>\n\t\t\t\t<div class=\"blockG\" id=\"rotateG_02\"><\/div>\n\t\t\t\t<div class=\"blockG\" id=\"rotateG_03\"><\/div>\n\t\t\t\t<div class=\"blockG\" id=\"rotateG_04\"><\/div>\n\t\t\t\t<div class=\"blockG\" id=\"rotateG_05\"><\/div>\n\t\t\t\t<div class=\"blockG\" id=\"rotateG_06\"><\/div>\n\t\t\t\t<div class=\"blockG\" id=\"rotateG_07\"><\/div>\n\t\t\t\t<div class=\"blockG\" id=\"rotateG_08\"><\/div>\n\t\t\t<\/div>\n\t\t\t<div class=\"WooZone-cross-sell-loader-text\"><\/div>\n\t\t<\/div>\n\t<\/div>\n\n\t\t\n<\/div>\n<div style=\"clear:both;\"><\/div><\/p>\n","protected":false},"excerpt":{"rendered":"<p>ULTRAHOHE LEISTUNG: Unsere Acrylfarben-Sets sind von hoher Qualit\u00e4t und haben eine gute Deckkraft. Sie sind weder d\u00fcnn noch w\u00e4ssrig. Jede Art von Farbe hat eine hervorragende Konsistenz, die die Spuren von Pinseln oder Spachtel behalten kann. Die Farben geben eine ausgezeichnete Textur.<br \/>\nGRO\u00dfE FARBAUSWAHL: Das Set enth\u00e4lt 24 Farben Acrylfarbe (je 60 ml) die in einer farbigen Schachtel gut verpackt sind.<br \/>\nHOCHWERTIGE QUALIT\u00c4T &amp; LANGLEBIG: Mastermix Farben sind lebendig. Farben verblassen mit der Zeit nicht. Es gleitet reibungslos, l\u00e4sst sich leicht mischen und trocknen schnell.<\/p>\n","protected":false},"featured_media":188942,"comment_status":"open","ping_status":"closed","template":"","meta":[],"product_brand":[],"product_cat":[504,8482],"product_tag":[],"class_list":{"0":"post-188941","1":"product","2":"type-product","3":"status-publish","4":"has-post-thumbnail","6":"product_cat-buerobedarf-schreibwaren","7":"product_cat-kuenstler-bastelbedarf","8":"pa_binding-unbekannter-einband","9":"pa_brand-rich","10":"pa_color-24-farben-plus-pinselset","11":"pa_manufacturer-rich","12":"pa_size-30-teiliges-set","14":"first","15":"instock","16":"shipping-taxable","17":"purchasable","18":"product-type-simple","19":"customify-col","20":"product-has-gallery"},"yoast_head":"<!-- This site is optimized with the Yoast SEO plugin v27.4 - https:\/\/yoast.com\/product\/yoast-seo-wordpress\/ -->\n<title>Rich Master Acrylic 24 Acrylfarben Set 60ml, Reichhaltige Pigmentfarben Bastelfarben f\u00fcr Leinwand, Holz, Keramik\u2026 - Markt-XXL<\/title>\n<meta name=\"description\" content=\"Markt-XXL Rich Master Acrylic 24 Acrylfarben Set 60ml, Reichhaltige Pigmentfarben Bastelfarben f\u00fcr Leinwand, Holz, Keramik\u2026\" \/>\n<meta name=\"robots\" content=\"index, follow, max-snippet:-1, max-image-preview:large, max-video-preview:-1\" \/>\n<link rel=\"canonical\" href=\"https:\/\/marktxxl.de\/markt\/produkt\/rich-master-acrylic-24-acrylfarben-set-60ml-reichhaltige-pigmentfarben-bastelfarben-fuer-leinwand-holz-keramik-stoffmodell-fuer-anfaenger-oder-profis-24-farben-pinselset\/\" \/>\n<meta property=\"og:locale\" content=\"de_DE\" \/>\n<meta property=\"og:type\" content=\"article\" \/>\n<meta property=\"og:title\" content=\"Rich Master Acrylic 24 Acrylfarben Set 60ml, Reichhaltige Pigmentfarben Bastelfarben f\u00fcr Leinwand, Holz, Keramik\u2026 - Markt-XXL\" \/>\n<meta property=\"og:description\" content=\"Markt-XXL Rich Master Acrylic 24 Acrylfarben Set 60ml, Reichhaltige Pigmentfarben Bastelfarben f\u00fcr Leinwand, Holz, Keramik\u2026\" \/>\n<meta property=\"og:url\" content=\"https:\/\/marktxxl.de\/markt\/produkt\/rich-master-acrylic-24-acrylfarben-set-60ml-reichhaltige-pigmentfarben-bastelfarben-fuer-leinwand-holz-keramik-stoffmodell-fuer-anfaenger-oder-profis-24-farben-pinselset\/\" \/>\n<meta property=\"og:site_name\" content=\"Markt-XXL\" \/>\n<meta property=\"article:modified_time\" content=\"2023-04-10T03:36:23+00:00\" \/>\n<meta property=\"og:image\" content=\"https:\/\/m.media-amazon.com\/images\/I\/51H69TDwlfL._SL500_.jpg\" \/>\n\t<meta property=\"og:image:width\" content=\"500\" \/>\n\t<meta property=\"og:image:height\" content=\"500\" \/>\n\t<meta property=\"og:image:type\" content=\"image\/jpeg\" \/>\n<meta name=\"twitter:card\" content=\"summary_large_image\" \/>\n<meta name=\"twitter:label1\" content=\"Gesch\u00e4tzte Lesezeit\" \/>\n\t<meta name=\"twitter:data1\" content=\"1\u00a0Minute\" \/>\n<script type=\"application\/ld+json\" class=\"yoast-schema-graph\">{\"@context\":\"https:\\\/\\\/schema.org\",\"@graph\":[{\"@type\":\"WebPage\",\"@id\":\"https:\\\/\\\/marktxxl.de\\\/markt\\\/produkt\\\/rich-master-acrylic-24-acrylfarben-set-60ml-reichhaltige-pigmentfarben-bastelfarben-fuer-leinwand-holz-keramik-stoffmodell-fuer-anfaenger-oder-profis-24-farben-pinselset\\\/\",\"url\":\"https:\\\/\\\/marktxxl.de\\\/markt\\\/produkt\\\/rich-master-acrylic-24-acrylfarben-set-60ml-reichhaltige-pigmentfarben-bastelfarben-fuer-leinwand-holz-keramik-stoffmodell-fuer-anfaenger-oder-profis-24-farben-pinselset\\\/\",\"name\":\"Rich Master Acrylic 24 Acrylfarben Set 60ml, Reichhaltige Pigmentfarben Bastelfarben f\u00fcr Leinwand, Holz, Keramik\u2026 - Markt-XXL\",\"isPartOf\":{\"@id\":\"https:\\\/\\\/marktxxl.de\\\/markt\\\/#website\"},\"primaryImageOfPage\":{\"@id\":\"https:\\\/\\\/marktxxl.de\\\/markt\\\/produkt\\\/rich-master-acrylic-24-acrylfarben-set-60ml-reichhaltige-pigmentfarben-bastelfarben-fuer-leinwand-holz-keramik-stoffmodell-fuer-anfaenger-oder-profis-24-farben-pinselset\\\/#primaryimage\"},\"image\":{\"@id\":\"https:\\\/\\\/marktxxl.de\\\/markt\\\/produkt\\\/rich-master-acrylic-24-acrylfarben-set-60ml-reichhaltige-pigmentfarben-bastelfarben-fuer-leinwand-holz-keramik-stoffmodell-fuer-anfaenger-oder-profis-24-farben-pinselset\\\/#primaryimage\"},\"thumbnailUrl\":\"https:\\\/\\\/m.media-amazon.com\\\/images\\\/I\\\/51H69TDwlfL._SL500_.jpg\",\"datePublished\":\"2023-02-09T07:19:20+00:00\",\"dateModified\":\"2023-04-10T03:36:23+00:00\",\"description\":\"Markt-XXL Rich Master Acrylic 24 Acrylfarben Set 60ml, Reichhaltige Pigmentfarben Bastelfarben f\u00fcr Leinwand, Holz, Keramik\u2026\",\"breadcrumb\":{\"@id\":\"https:\\\/\\\/marktxxl.de\\\/markt\\\/produkt\\\/rich-master-acrylic-24-acrylfarben-set-60ml-reichhaltige-pigmentfarben-bastelfarben-fuer-leinwand-holz-keramik-stoffmodell-fuer-anfaenger-oder-profis-24-farben-pinselset\\\/#breadcrumb\"},\"inLanguage\":\"de\",\"potentialAction\":[{\"@type\":\"ReadAction\",\"target\":[\"https:\\\/\\\/marktxxl.de\\\/markt\\\/produkt\\\/rich-master-acrylic-24-acrylfarben-set-60ml-reichhaltige-pigmentfarben-bastelfarben-fuer-leinwand-holz-keramik-stoffmodell-fuer-anfaenger-oder-profis-24-farben-pinselset\\\/\"]}]},{\"@type\":\"ImageObject\",\"inLanguage\":\"de\",\"@id\":\"https:\\\/\\\/marktxxl.de\\\/markt\\\/produkt\\\/rich-master-acrylic-24-acrylfarben-set-60ml-reichhaltige-pigmentfarben-bastelfarben-fuer-leinwand-holz-keramik-stoffmodell-fuer-anfaenger-oder-profis-24-farben-pinselset\\\/#primaryimage\",\"url\":\"https:\\\/\\\/m.media-amazon.com\\\/images\\\/I\\\/51H69TDwlfL._SL500_.jpg\",\"contentUrl\":\"https:\\\/\\\/m.media-amazon.com\\\/images\\\/I\\\/51H69TDwlfL._SL500_.jpg\",\"width\":500,\"height\":500},{\"@type\":\"BreadcrumbList\",\"@id\":\"https:\\\/\\\/marktxxl.de\\\/markt\\\/produkt\\\/rich-master-acrylic-24-acrylfarben-set-60ml-reichhaltige-pigmentfarben-bastelfarben-fuer-leinwand-holz-keramik-stoffmodell-fuer-anfaenger-oder-profis-24-farben-pinselset\\\/#breadcrumb\",\"itemListElement\":[{\"@type\":\"ListItem\",\"position\":1,\"name\":\"Startseite\",\"item\":\"https:\\\/\\\/marktxxl.de\\\/markt\\\/\"},{\"@type\":\"ListItem\",\"position\":2,\"name\":\"Markt\",\"item\":\"https:\\\/\\\/marktxxl.de\\\/markt\\\/\"},{\"@type\":\"ListItem\",\"position\":3,\"name\":\"Rich Master Acrylic 24 Acrylfarben Set 60ml, Reichhaltige Pigmentfarben Bastelfarben f\u00fcr Leinwand, Holz, Keramik\u2026\"}]},{\"@type\":\"WebSite\",\"@id\":\"https:\\\/\\\/marktxxl.de\\\/markt\\\/#website\",\"url\":\"https:\\\/\\\/marktxxl.de\\\/markt\\\/\",\"name\":\"Markt-XXL\",\"description\":\"Ihr Markt Online\",\"publisher\":{\"@id\":\"https:\\\/\\\/marktxxl.de\\\/markt\\\/#organization\"},\"potentialAction\":[{\"@type\":\"SearchAction\",\"target\":{\"@type\":\"EntryPoint\",\"urlTemplate\":\"https:\\\/\\\/marktxxl.de\\\/markt\\\/?s={search_term_string}\"},\"query-input\":{\"@type\":\"PropertyValueSpecification\",\"valueRequired\":true,\"valueName\":\"search_term_string\"}}],\"inLanguage\":\"de\"},{\"@type\":\"Organization\",\"@id\":\"https:\\\/\\\/marktxxl.de\\\/markt\\\/#organization\",\"name\":\"Markt-XXL\",\"url\":\"https:\\\/\\\/marktxxl.de\\\/markt\\\/\",\"logo\":{\"@type\":\"ImageObject\",\"inLanguage\":\"de\",\"@id\":\"https:\\\/\\\/marktxxl.de\\\/markt\\\/#\\\/schema\\\/logo\\\/image\\\/\",\"url\":\"https:\\\/\\\/marktxxl.de\\\/markt\\\/wp-content\\\/uploads\\\/sites\\\/3\\\/2020\\\/12\\\/logo.png\",\"contentUrl\":\"https:\\\/\\\/marktxxl.de\\\/markt\\\/wp-content\\\/uploads\\\/sites\\\/3\\\/2020\\\/12\\\/logo.png\",\"width\":200,\"height\":70,\"caption\":\"Markt-XXL\"},\"image\":{\"@id\":\"https:\\\/\\\/marktxxl.de\\\/markt\\\/#\\\/schema\\\/logo\\\/image\\\/\"}}]}<\/script>\n<!-- \/ Yoast SEO plugin. -->","yoast_head_json":{"title":"Rich Master Acrylic 24 Acrylfarben Set 60ml, Reichhaltige Pigmentfarben Bastelfarben f\u00fcr Leinwand, Holz, Keramik\u2026 - Markt-XXL","description":"Markt-XXL Rich Master Acrylic 24 Acrylfarben Set 60ml, Reichhaltige Pigmentfarben Bastelfarben f\u00fcr Leinwand, Holz, Keramik\u2026","robots":{"index":"index","follow":"follow","max-snippet":"max-snippet:-1","max-image-preview":"max-image-preview:large","max-video-preview":"max-video-preview:-1"},"canonical":"https:\/\/marktxxl.de\/markt\/produkt\/rich-master-acrylic-24-acrylfarben-set-60ml-reichhaltige-pigmentfarben-bastelfarben-fuer-leinwand-holz-keramik-stoffmodell-fuer-anfaenger-oder-profis-24-farben-pinselset\/","og_locale":"de_DE","og_type":"article","og_title":"Rich Master Acrylic 24 Acrylfarben Set 60ml, Reichhaltige Pigmentfarben Bastelfarben f\u00fcr Leinwand, Holz, Keramik\u2026 - Markt-XXL","og_description":"Markt-XXL Rich Master Acrylic 24 Acrylfarben Set 60ml, Reichhaltige Pigmentfarben Bastelfarben f\u00fcr Leinwand, Holz, Keramik\u2026","og_url":"https:\/\/marktxxl.de\/markt\/produkt\/rich-master-acrylic-24-acrylfarben-set-60ml-reichhaltige-pigmentfarben-bastelfarben-fuer-leinwand-holz-keramik-stoffmodell-fuer-anfaenger-oder-profis-24-farben-pinselset\/","og_site_name":"Markt-XXL","article_modified_time":"2023-04-10T03:36:23+00:00","og_image":[{"width":500,"height":500,"url":"https:\/\/m.media-amazon.com\/images\/I\/51H69TDwlfL._SL500_.jpg","type":"image\/jpeg"}],"twitter_card":"summary_large_image","twitter_misc":{"Gesch\u00e4tzte Lesezeit":"1\u00a0Minute"},"schema":{"@context":"https:\/\/schema.org","@graph":[{"@type":"WebPage","@id":"https:\/\/marktxxl.de\/markt\/produkt\/rich-master-acrylic-24-acrylfarben-set-60ml-reichhaltige-pigmentfarben-bastelfarben-fuer-leinwand-holz-keramik-stoffmodell-fuer-anfaenger-oder-profis-24-farben-pinselset\/","url":"https:\/\/marktxxl.de\/markt\/produkt\/rich-master-acrylic-24-acrylfarben-set-60ml-reichhaltige-pigmentfarben-bastelfarben-fuer-leinwand-holz-keramik-stoffmodell-fuer-anfaenger-oder-profis-24-farben-pinselset\/","name":"Rich Master Acrylic 24 Acrylfarben Set 60ml, Reichhaltige Pigmentfarben Bastelfarben f\u00fcr Leinwand, Holz, Keramik\u2026 - Markt-XXL","isPartOf":{"@id":"https:\/\/marktxxl.de\/markt\/#website"},"primaryImageOfPage":{"@id":"https:\/\/marktxxl.de\/markt\/produkt\/rich-master-acrylic-24-acrylfarben-set-60ml-reichhaltige-pigmentfarben-bastelfarben-fuer-leinwand-holz-keramik-stoffmodell-fuer-anfaenger-oder-profis-24-farben-pinselset\/#primaryimage"},"image":{"@id":"https:\/\/marktxxl.de\/markt\/produkt\/rich-master-acrylic-24-acrylfarben-set-60ml-reichhaltige-pigmentfarben-bastelfarben-fuer-leinwand-holz-keramik-stoffmodell-fuer-anfaenger-oder-profis-24-farben-pinselset\/#primaryimage"},"thumbnailUrl":"https:\/\/m.media-amazon.com\/images\/I\/51H69TDwlfL._SL500_.jpg","datePublished":"2023-02-09T07:19:20+00:00","dateModified":"2023-04-10T03:36:23+00:00","description":"Markt-XXL Rich Master Acrylic 24 Acrylfarben Set 60ml, Reichhaltige Pigmentfarben Bastelfarben f\u00fcr Leinwand, Holz, Keramik\u2026","breadcrumb":{"@id":"https:\/\/marktxxl.de\/markt\/produkt\/rich-master-acrylic-24-acrylfarben-set-60ml-reichhaltige-pigmentfarben-bastelfarben-fuer-leinwand-holz-keramik-stoffmodell-fuer-anfaenger-oder-profis-24-farben-pinselset\/#breadcrumb"},"inLanguage":"de","potentialAction":[{"@type":"ReadAction","target":["https:\/\/marktxxl.de\/markt\/produkt\/rich-master-acrylic-24-acrylfarben-set-60ml-reichhaltige-pigmentfarben-bastelfarben-fuer-leinwand-holz-keramik-stoffmodell-fuer-anfaenger-oder-profis-24-farben-pinselset\/"]}]},{"@type":"ImageObject","inLanguage":"de","@id":"https:\/\/marktxxl.de\/markt\/produkt\/rich-master-acrylic-24-acrylfarben-set-60ml-reichhaltige-pigmentfarben-bastelfarben-fuer-leinwand-holz-keramik-stoffmodell-fuer-anfaenger-oder-profis-24-farben-pinselset\/#primaryimage","url":"https:\/\/m.media-amazon.com\/images\/I\/51H69TDwlfL._SL500_.jpg","contentUrl":"https:\/\/m.media-amazon.com\/images\/I\/51H69TDwlfL._SL500_.jpg","width":500,"height":500},{"@type":"BreadcrumbList","@id":"https:\/\/marktxxl.de\/markt\/produkt\/rich-master-acrylic-24-acrylfarben-set-60ml-reichhaltige-pigmentfarben-bastelfarben-fuer-leinwand-holz-keramik-stoffmodell-fuer-anfaenger-oder-profis-24-farben-pinselset\/#breadcrumb","itemListElement":[{"@type":"ListItem","position":1,"name":"Startseite","item":"https:\/\/marktxxl.de\/markt\/"},{"@type":"ListItem","position":2,"name":"Markt","item":"https:\/\/marktxxl.de\/markt\/"},{"@type":"ListItem","position":3,"name":"Rich Master Acrylic 24 Acrylfarben Set 60ml, Reichhaltige Pigmentfarben Bastelfarben f\u00fcr Leinwand, Holz, Keramik\u2026"}]},{"@type":"WebSite","@id":"https:\/\/marktxxl.de\/markt\/#website","url":"https:\/\/marktxxl.de\/markt\/","name":"Markt-XXL","description":"Ihr Markt Online","publisher":{"@id":"https:\/\/marktxxl.de\/markt\/#organization"},"potentialAction":[{"@type":"SearchAction","target":{"@type":"EntryPoint","urlTemplate":"https:\/\/marktxxl.de\/markt\/?s={search_term_string}"},"query-input":{"@type":"PropertyValueSpecification","valueRequired":true,"valueName":"search_term_string"}}],"inLanguage":"de"},{"@type":"Organization","@id":"https:\/\/marktxxl.de\/markt\/#organization","name":"Markt-XXL","url":"https:\/\/marktxxl.de\/markt\/","logo":{"@type":"ImageObject","inLanguage":"de","@id":"https:\/\/marktxxl.de\/markt\/#\/schema\/logo\/image\/","url":"https:\/\/marktxxl.de\/markt\/wp-content\/uploads\/sites\/3\/2020\/12\/logo.png","contentUrl":"https:\/\/marktxxl.de\/markt\/wp-content\/uploads\/sites\/3\/2020\/12\/logo.png","width":200,"height":70,"caption":"Markt-XXL"},"image":{"@id":"https:\/\/marktxxl.de\/markt\/#\/schema\/logo\/image\/"}}]}},"_links":{"self":[{"href":"https:\/\/marktxxl.de\/markt\/wp-json\/wp\/v2\/product\/188941","targetHints":{"allow":["GET"]}}],"collection":[{"href":"https:\/\/marktxxl.de\/markt\/wp-json\/wp\/v2\/product"}],"about":[{"href":"https:\/\/marktxxl.de\/markt\/wp-json\/wp\/v2\/types\/product"}],"replies":[{"embeddable":true,"href":"https:\/\/marktxxl.de\/markt\/wp-json\/wp\/v2\/comments?post=188941"}],"wp:featuredmedia":[{"embeddable":true,"href":"https:\/\/marktxxl.de\/markt\/wp-json\/wp\/v2\/media\/188942"}],"wp:attachment":[{"href":"https:\/\/marktxxl.de\/markt\/wp-json\/wp\/v2\/media?parent=188941"}],"wp:term":[{"taxonomy":"product_brand","embeddable":true,"href":"https:\/\/marktxxl.de\/markt\/wp-json\/wp\/v2\/product_brand?post=188941"},{"taxonomy":"product_cat","embeddable":true,"href":"https:\/\/marktxxl.de\/markt\/wp-json\/wp\/v2\/product_cat?post=188941"},{"taxonomy":"product_tag","embeddable":true,"href":"https:\/\/marktxxl.de\/markt\/wp-json\/wp\/v2\/product_tag?post=188941"}],"curies":[{"name":"wp","href":"https:\/\/api.w.org\/{rel}","templated":true}]}}