{"id":188910,"date":"2023-02-09T08:16:41","date_gmt":"2023-02-09T07:16:41","guid":{"rendered":"https:\/\/marktxxl.de\/markt\/produkt\/baby-dan-kaminschutzgitter-raumteiler-flex-xxl-90-350-cm-anthrazit-hergestellt-in-daenemark-tuev-gs-geprueft\/"},"modified":"2023-04-10T05:36:22","modified_gmt":"2023-04-10T03:36:22","slug":"baby-dan-kaminschutzgitter-raumteiler-flex-xxl-90-350-cm-anthrazit-hergestellt-in-daenemark-tuev-gs-geprueft","status":"publish","type":"product","link":"https:\/\/marktxxl.de\/markt\/produkt\/baby-dan-kaminschutzgitter-raumteiler-flex-xxl-90-350-cm-anthrazit-hergestellt-in-daenemark-tuev-gs-geprueft\/","title":{"rendered":"Baby Dan Kaminschutzgitter\/Raumteiler Flex XXL 90 &#8211; 350 cm, Anthrazit &#8211; Hergestellt in D\u00e4nemark + T\u00dcV\/GS gepr\u00fcft"},"content":{"rendered":"<p>Unendlichen Verl\u00e4ngerungs- und Anwendungsm\u00f6glichkeiten: Flex kann als Kaminschutzgitter, Treppenschutzgitter, T\u00fcrschutzgitter, Raumteiler verwendet werden. Passe dein Gitter ganz einfach an deinen Bedarf an. F\u00fcge unendlich viele Elemente hinzu und platziere sie frei, wo du sie brauchst.<br \/>\nSchwankbare Wandbeschl\u00e4ge mit EasyRelease: Dein Flex Gitter wird fest mit Hilfe von schwenkbaren Beschl\u00e4gen an der Wand verschraubt. Das macht die sichere Montage sowohl innen und au\u00dfen am T\u00fcrrahmen, als auch in verschiedenen Winkeln am Treppenaufgang oder als Raumteiler m\u00f6glich. Dank EasyRelease, kann das Gitter ohne Werkzeug einfach vom Wandbeschlag wieder entfernt werden.<br \/>\n100% frei von sch\u00e4dlichen chemischen Stoffen: Alle BabyDan Sicherheitsgitter sind frei von PVC, BPA, Phthalaten und anderen sch\u00e4dlichen Stoffen.<br \/>\nKomfort f\u00fcr die Erwachsenen: Flex l\u00e4sst sich ganz einfach mit einer Hand und in beide Richtungen \u00f6ffnen, sodass du dein Schutzgitter im Alltag bald schon gar nicht mehr bemerken wirst.<br \/>\nHohe Qualit\u00e4t getestet nach den strengsten internationalen Sicherheitsstandards: Flex entspricht dem neustem EU Standard, EN1930, und wurde erfolgreich vom T\u00dcV GS gepr\u00fcft. Flex ist dar\u00fcber hinaus Cradle to Cradle Certified Bronze &#8211; eine weltweit anerkannte Zertifizierung f\u00fcr verantwortungsvoll hergestellt Produkte<br \/>\n<div class=\"main-cross-sell\" data-asin=\"B00INIU4T8\">\n\n\t<div class=\"WooZone-cross-sell-loader\">\n\t\t<div>\n\t\t\t<div id=\"floatingBarsG\">\n\t\t\t\t<div class=\"blockG\" id=\"rotateG_01\"><\/div>\n\t\t\t\t<div class=\"blockG\" id=\"rotateG_02\"><\/div>\n\t\t\t\t<div class=\"blockG\" id=\"rotateG_03\"><\/div>\n\t\t\t\t<div class=\"blockG\" id=\"rotateG_04\"><\/div>\n\t\t\t\t<div class=\"blockG\" id=\"rotateG_05\"><\/div>\n\t\t\t\t<div class=\"blockG\" id=\"rotateG_06\"><\/div>\n\t\t\t\t<div class=\"blockG\" id=\"rotateG_07\"><\/div>\n\t\t\t\t<div class=\"blockG\" id=\"rotateG_08\"><\/div>\n\t\t\t<\/div>\n\t\t\t<div class=\"WooZone-cross-sell-loader-text\"><\/div>\n\t\t<\/div>\n\t<\/div>\n\n\t\t\n<\/div>\n<div style=\"clear:both;\"><\/div><\/p>\n","protected":false},"excerpt":{"rendered":"<p>Unendlichen Verl\u00e4ngerungs- und Anwendungsm\u00f6glichkeiten: Flex kann als Kaminschutzgitter, Treppenschutzgitter, T\u00fcrschutzgitter, Raumteiler verwendet werden. Passe dein Gitter ganz einfach an deinen Bedarf an. F\u00fcge unendlich viele Elemente hinzu und platziere sie frei, wo du sie brauchst.<br \/>\nSchwankbare Wandbeschl\u00e4ge mit EasyRelease: Dein Flex Gitter wird fest mit Hilfe von schwenkbaren Beschl\u00e4gen an der Wand verschraubt. Das macht die sichere Montage sowohl innen und au\u00dfen am T\u00fcrrahmen, als auch in verschiedenen Winkeln am Treppenaufgang oder als Raumteiler m\u00f6glich. Dank EasyRelease, kann das Gitter ohne Werkzeug einfach vom Wandbeschlag wieder entfernt werden.<br \/>\n100% frei von sch\u00e4dlichen chemischen Stoffen: Alle BabyDan Sicherheitsgitter sind frei von PVC, BPA, Phthalaten und anderen sch\u00e4dlichen Stoffen.<\/p>\n","protected":false},"featured_media":188911,"comment_status":"open","ping_status":"closed","template":"","meta":[],"product_brand":[],"product_cat":[21,9378],"product_tag":[],"class_list":{"0":"post-188910","1":"product","2":"type-product","3":"status-publish","4":"has-post-thumbnail","6":"product_cat-baby","7":"product_cat-sicherheit-baby","8":"pa_binding-babyartikel","9":"pa_brand-babydan","10":"pa_color-anthrazit","11":"pa_height-27-952755877-zoll","12":"pa_languages-handbuch-englisch","13":"pa_length-137-79527545-zoll","14":"pa_manufacturer-baby-dan","15":"pa_model-56826-2600-10-75","16":"pa_size-1-stueck-1er-pack","17":"pa_weight-31-526103466-pfund","18":"pa_width-1-181102361-zoll","20":"first","21":"instock","22":"shipping-taxable","23":"purchasable","24":"product-type-simple","25":"customify-col","26":"product-has-gallery"},"yoast_head":"<!-- This site is optimized with the Yoast SEO plugin v27.4 - https:\/\/yoast.com\/product\/yoast-seo-wordpress\/ -->\n<title>Baby Dan Kaminschutzgitter\/Raumteiler Flex XXL 90 - 350 cm, Anthrazit - Hergestellt in D\u00e4nemark + T\u00dcV\/GS gepr\u00fcft - Markt-XXL<\/title>\n<meta name=\"description\" content=\"Markt-XXL Baby Dan Kaminschutzgitter\/Raumteiler Flex XXL 90 - 350 cm, Anthrazit - Hergestellt in D\u00e4nemark + T\u00dcV\/GS gepr\u00fcft\" \/>\n<meta name=\"robots\" content=\"index, follow, max-snippet:-1, max-image-preview:large, max-video-preview:-1\" \/>\n<link rel=\"canonical\" href=\"https:\/\/marktxxl.de\/markt\/produkt\/baby-dan-kaminschutzgitter-raumteiler-flex-xxl-90-350-cm-anthrazit-hergestellt-in-daenemark-tuev-gs-geprueft\/\" \/>\n<meta property=\"og:locale\" content=\"de_DE\" \/>\n<meta property=\"og:type\" content=\"article\" \/>\n<meta property=\"og:title\" content=\"Baby Dan Kaminschutzgitter\/Raumteiler Flex XXL 90 - 350 cm, Anthrazit - Hergestellt in D\u00e4nemark + T\u00dcV\/GS gepr\u00fcft - Markt-XXL\" \/>\n<meta property=\"og:description\" content=\"Markt-XXL Baby Dan Kaminschutzgitter\/Raumteiler Flex XXL 90 - 350 cm, Anthrazit - Hergestellt in D\u00e4nemark + T\u00dcV\/GS gepr\u00fcft\" \/>\n<meta property=\"og:url\" content=\"https:\/\/marktxxl.de\/markt\/produkt\/baby-dan-kaminschutzgitter-raumteiler-flex-xxl-90-350-cm-anthrazit-hergestellt-in-daenemark-tuev-gs-geprueft\/\" \/>\n<meta property=\"og:site_name\" content=\"Markt-XXL\" \/>\n<meta property=\"article:modified_time\" content=\"2023-04-10T03:36:22+00:00\" \/>\n<meta property=\"og:image\" content=\"https:\/\/m.media-amazon.com\/images\/I\/412RYtSW1vL._SL500_.jpg\" \/>\n\t<meta property=\"og:image:width\" content=\"500\" \/>\n\t<meta property=\"og:image:height\" content=\"185\" \/>\n\t<meta property=\"og:image:type\" content=\"image\/jpeg\" \/>\n<meta name=\"twitter:card\" content=\"summary_large_image\" \/>\n<meta name=\"twitter:label1\" content=\"Gesch\u00e4tzte Lesezeit\" \/>\n\t<meta name=\"twitter:data1\" content=\"1\u00a0Minute\" \/>\n<script type=\"application\/ld+json\" class=\"yoast-schema-graph\">{\"@context\":\"https:\\\/\\\/schema.org\",\"@graph\":[{\"@type\":\"WebPage\",\"@id\":\"https:\\\/\\\/marktxxl.de\\\/markt\\\/produkt\\\/baby-dan-kaminschutzgitter-raumteiler-flex-xxl-90-350-cm-anthrazit-hergestellt-in-daenemark-tuev-gs-geprueft\\\/\",\"url\":\"https:\\\/\\\/marktxxl.de\\\/markt\\\/produkt\\\/baby-dan-kaminschutzgitter-raumteiler-flex-xxl-90-350-cm-anthrazit-hergestellt-in-daenemark-tuev-gs-geprueft\\\/\",\"name\":\"Baby Dan Kaminschutzgitter\\\/Raumteiler Flex XXL 90 - 350 cm, Anthrazit - Hergestellt in D\u00e4nemark + T\u00dcV\\\/GS gepr\u00fcft - Markt-XXL\",\"isPartOf\":{\"@id\":\"https:\\\/\\\/marktxxl.de\\\/markt\\\/#website\"},\"primaryImageOfPage\":{\"@id\":\"https:\\\/\\\/marktxxl.de\\\/markt\\\/produkt\\\/baby-dan-kaminschutzgitter-raumteiler-flex-xxl-90-350-cm-anthrazit-hergestellt-in-daenemark-tuev-gs-geprueft\\\/#primaryimage\"},\"image\":{\"@id\":\"https:\\\/\\\/marktxxl.de\\\/markt\\\/produkt\\\/baby-dan-kaminschutzgitter-raumteiler-flex-xxl-90-350-cm-anthrazit-hergestellt-in-daenemark-tuev-gs-geprueft\\\/#primaryimage\"},\"thumbnailUrl\":\"https:\\\/\\\/m.media-amazon.com\\\/images\\\/I\\\/412RYtSW1vL._SL500_.jpg\",\"datePublished\":\"2023-02-09T07:16:41+00:00\",\"dateModified\":\"2023-04-10T03:36:22+00:00\",\"description\":\"Markt-XXL Baby Dan Kaminschutzgitter\\\/Raumteiler Flex XXL 90 - 350 cm, Anthrazit - Hergestellt in D\u00e4nemark + T\u00dcV\\\/GS gepr\u00fcft\",\"breadcrumb\":{\"@id\":\"https:\\\/\\\/marktxxl.de\\\/markt\\\/produkt\\\/baby-dan-kaminschutzgitter-raumteiler-flex-xxl-90-350-cm-anthrazit-hergestellt-in-daenemark-tuev-gs-geprueft\\\/#breadcrumb\"},\"inLanguage\":\"de\",\"potentialAction\":[{\"@type\":\"ReadAction\",\"target\":[\"https:\\\/\\\/marktxxl.de\\\/markt\\\/produkt\\\/baby-dan-kaminschutzgitter-raumteiler-flex-xxl-90-350-cm-anthrazit-hergestellt-in-daenemark-tuev-gs-geprueft\\\/\"]}]},{\"@type\":\"ImageObject\",\"inLanguage\":\"de\",\"@id\":\"https:\\\/\\\/marktxxl.de\\\/markt\\\/produkt\\\/baby-dan-kaminschutzgitter-raumteiler-flex-xxl-90-350-cm-anthrazit-hergestellt-in-daenemark-tuev-gs-geprueft\\\/#primaryimage\",\"url\":\"https:\\\/\\\/m.media-amazon.com\\\/images\\\/I\\\/412RYtSW1vL._SL500_.jpg\",\"contentUrl\":\"https:\\\/\\\/m.media-amazon.com\\\/images\\\/I\\\/412RYtSW1vL._SL500_.jpg\",\"width\":500,\"height\":185},{\"@type\":\"BreadcrumbList\",\"@id\":\"https:\\\/\\\/marktxxl.de\\\/markt\\\/produkt\\\/baby-dan-kaminschutzgitter-raumteiler-flex-xxl-90-350-cm-anthrazit-hergestellt-in-daenemark-tuev-gs-geprueft\\\/#breadcrumb\",\"itemListElement\":[{\"@type\":\"ListItem\",\"position\":1,\"name\":\"Startseite\",\"item\":\"https:\\\/\\\/marktxxl.de\\\/markt\\\/\"},{\"@type\":\"ListItem\",\"position\":2,\"name\":\"Markt\",\"item\":\"https:\\\/\\\/marktxxl.de\\\/markt\\\/\"},{\"@type\":\"ListItem\",\"position\":3,\"name\":\"Baby Dan Kaminschutzgitter\\\/Raumteiler Flex XXL 90 &#8211; 350 cm, Anthrazit &#8211; Hergestellt in D\u00e4nemark + T\u00dcV\\\/GS gepr\u00fcft\"}]},{\"@type\":\"WebSite\",\"@id\":\"https:\\\/\\\/marktxxl.de\\\/markt\\\/#website\",\"url\":\"https:\\\/\\\/marktxxl.de\\\/markt\\\/\",\"name\":\"Markt-XXL\",\"description\":\"Ihr Markt Online\",\"publisher\":{\"@id\":\"https:\\\/\\\/marktxxl.de\\\/markt\\\/#organization\"},\"potentialAction\":[{\"@type\":\"SearchAction\",\"target\":{\"@type\":\"EntryPoint\",\"urlTemplate\":\"https:\\\/\\\/marktxxl.de\\\/markt\\\/?s={search_term_string}\"},\"query-input\":{\"@type\":\"PropertyValueSpecification\",\"valueRequired\":true,\"valueName\":\"search_term_string\"}}],\"inLanguage\":\"de\"},{\"@type\":\"Organization\",\"@id\":\"https:\\\/\\\/marktxxl.de\\\/markt\\\/#organization\",\"name\":\"Markt-XXL\",\"url\":\"https:\\\/\\\/marktxxl.de\\\/markt\\\/\",\"logo\":{\"@type\":\"ImageObject\",\"inLanguage\":\"de\",\"@id\":\"https:\\\/\\\/marktxxl.de\\\/markt\\\/#\\\/schema\\\/logo\\\/image\\\/\",\"url\":\"https:\\\/\\\/marktxxl.de\\\/markt\\\/wp-content\\\/uploads\\\/sites\\\/3\\\/2020\\\/12\\\/logo.png\",\"contentUrl\":\"https:\\\/\\\/marktxxl.de\\\/markt\\\/wp-content\\\/uploads\\\/sites\\\/3\\\/2020\\\/12\\\/logo.png\",\"width\":200,\"height\":70,\"caption\":\"Markt-XXL\"},\"image\":{\"@id\":\"https:\\\/\\\/marktxxl.de\\\/markt\\\/#\\\/schema\\\/logo\\\/image\\\/\"}}]}<\/script>\n<!-- \/ Yoast SEO plugin. -->","yoast_head_json":{"title":"Baby Dan Kaminschutzgitter\/Raumteiler Flex XXL 90 - 350 cm, Anthrazit - Hergestellt in D\u00e4nemark + T\u00dcV\/GS gepr\u00fcft - Markt-XXL","description":"Markt-XXL Baby Dan Kaminschutzgitter\/Raumteiler Flex XXL 90 - 350 cm, Anthrazit - Hergestellt in D\u00e4nemark + T\u00dcV\/GS gepr\u00fcft","robots":{"index":"index","follow":"follow","max-snippet":"max-snippet:-1","max-image-preview":"max-image-preview:large","max-video-preview":"max-video-preview:-1"},"canonical":"https:\/\/marktxxl.de\/markt\/produkt\/baby-dan-kaminschutzgitter-raumteiler-flex-xxl-90-350-cm-anthrazit-hergestellt-in-daenemark-tuev-gs-geprueft\/","og_locale":"de_DE","og_type":"article","og_title":"Baby Dan Kaminschutzgitter\/Raumteiler Flex XXL 90 - 350 cm, Anthrazit - Hergestellt in D\u00e4nemark + T\u00dcV\/GS gepr\u00fcft - Markt-XXL","og_description":"Markt-XXL Baby Dan Kaminschutzgitter\/Raumteiler Flex XXL 90 - 350 cm, Anthrazit - Hergestellt in D\u00e4nemark + T\u00dcV\/GS gepr\u00fcft","og_url":"https:\/\/marktxxl.de\/markt\/produkt\/baby-dan-kaminschutzgitter-raumteiler-flex-xxl-90-350-cm-anthrazit-hergestellt-in-daenemark-tuev-gs-geprueft\/","og_site_name":"Markt-XXL","article_modified_time":"2023-04-10T03:36:22+00:00","og_image":[{"width":500,"height":185,"url":"https:\/\/m.media-amazon.com\/images\/I\/412RYtSW1vL._SL500_.jpg","type":"image\/jpeg"}],"twitter_card":"summary_large_image","twitter_misc":{"Gesch\u00e4tzte Lesezeit":"1\u00a0Minute"},"schema":{"@context":"https:\/\/schema.org","@graph":[{"@type":"WebPage","@id":"https:\/\/marktxxl.de\/markt\/produkt\/baby-dan-kaminschutzgitter-raumteiler-flex-xxl-90-350-cm-anthrazit-hergestellt-in-daenemark-tuev-gs-geprueft\/","url":"https:\/\/marktxxl.de\/markt\/produkt\/baby-dan-kaminschutzgitter-raumteiler-flex-xxl-90-350-cm-anthrazit-hergestellt-in-daenemark-tuev-gs-geprueft\/","name":"Baby Dan Kaminschutzgitter\/Raumteiler Flex XXL 90 - 350 cm, Anthrazit - Hergestellt in D\u00e4nemark + T\u00dcV\/GS gepr\u00fcft - Markt-XXL","isPartOf":{"@id":"https:\/\/marktxxl.de\/markt\/#website"},"primaryImageOfPage":{"@id":"https:\/\/marktxxl.de\/markt\/produkt\/baby-dan-kaminschutzgitter-raumteiler-flex-xxl-90-350-cm-anthrazit-hergestellt-in-daenemark-tuev-gs-geprueft\/#primaryimage"},"image":{"@id":"https:\/\/marktxxl.de\/markt\/produkt\/baby-dan-kaminschutzgitter-raumteiler-flex-xxl-90-350-cm-anthrazit-hergestellt-in-daenemark-tuev-gs-geprueft\/#primaryimage"},"thumbnailUrl":"https:\/\/m.media-amazon.com\/images\/I\/412RYtSW1vL._SL500_.jpg","datePublished":"2023-02-09T07:16:41+00:00","dateModified":"2023-04-10T03:36:22+00:00","description":"Markt-XXL Baby Dan Kaminschutzgitter\/Raumteiler Flex XXL 90 - 350 cm, Anthrazit - Hergestellt in D\u00e4nemark + T\u00dcV\/GS gepr\u00fcft","breadcrumb":{"@id":"https:\/\/marktxxl.de\/markt\/produkt\/baby-dan-kaminschutzgitter-raumteiler-flex-xxl-90-350-cm-anthrazit-hergestellt-in-daenemark-tuev-gs-geprueft\/#breadcrumb"},"inLanguage":"de","potentialAction":[{"@type":"ReadAction","target":["https:\/\/marktxxl.de\/markt\/produkt\/baby-dan-kaminschutzgitter-raumteiler-flex-xxl-90-350-cm-anthrazit-hergestellt-in-daenemark-tuev-gs-geprueft\/"]}]},{"@type":"ImageObject","inLanguage":"de","@id":"https:\/\/marktxxl.de\/markt\/produkt\/baby-dan-kaminschutzgitter-raumteiler-flex-xxl-90-350-cm-anthrazit-hergestellt-in-daenemark-tuev-gs-geprueft\/#primaryimage","url":"https:\/\/m.media-amazon.com\/images\/I\/412RYtSW1vL._SL500_.jpg","contentUrl":"https:\/\/m.media-amazon.com\/images\/I\/412RYtSW1vL._SL500_.jpg","width":500,"height":185},{"@type":"BreadcrumbList","@id":"https:\/\/marktxxl.de\/markt\/produkt\/baby-dan-kaminschutzgitter-raumteiler-flex-xxl-90-350-cm-anthrazit-hergestellt-in-daenemark-tuev-gs-geprueft\/#breadcrumb","itemListElement":[{"@type":"ListItem","position":1,"name":"Startseite","item":"https:\/\/marktxxl.de\/markt\/"},{"@type":"ListItem","position":2,"name":"Markt","item":"https:\/\/marktxxl.de\/markt\/"},{"@type":"ListItem","position":3,"name":"Baby Dan Kaminschutzgitter\/Raumteiler Flex XXL 90 &#8211; 350 cm, Anthrazit &#8211; Hergestellt in D\u00e4nemark + T\u00dcV\/GS gepr\u00fcft"}]},{"@type":"WebSite","@id":"https:\/\/marktxxl.de\/markt\/#website","url":"https:\/\/marktxxl.de\/markt\/","name":"Markt-XXL","description":"Ihr Markt Online","publisher":{"@id":"https:\/\/marktxxl.de\/markt\/#organization"},"potentialAction":[{"@type":"SearchAction","target":{"@type":"EntryPoint","urlTemplate":"https:\/\/marktxxl.de\/markt\/?s={search_term_string}"},"query-input":{"@type":"PropertyValueSpecification","valueRequired":true,"valueName":"search_term_string"}}],"inLanguage":"de"},{"@type":"Organization","@id":"https:\/\/marktxxl.de\/markt\/#organization","name":"Markt-XXL","url":"https:\/\/marktxxl.de\/markt\/","logo":{"@type":"ImageObject","inLanguage":"de","@id":"https:\/\/marktxxl.de\/markt\/#\/schema\/logo\/image\/","url":"https:\/\/marktxxl.de\/markt\/wp-content\/uploads\/sites\/3\/2020\/12\/logo.png","contentUrl":"https:\/\/marktxxl.de\/markt\/wp-content\/uploads\/sites\/3\/2020\/12\/logo.png","width":200,"height":70,"caption":"Markt-XXL"},"image":{"@id":"https:\/\/marktxxl.de\/markt\/#\/schema\/logo\/image\/"}}]}},"_links":{"self":[{"href":"https:\/\/marktxxl.de\/markt\/wp-json\/wp\/v2\/product\/188910","targetHints":{"allow":["GET"]}}],"collection":[{"href":"https:\/\/marktxxl.de\/markt\/wp-json\/wp\/v2\/product"}],"about":[{"href":"https:\/\/marktxxl.de\/markt\/wp-json\/wp\/v2\/types\/product"}],"replies":[{"embeddable":true,"href":"https:\/\/marktxxl.de\/markt\/wp-json\/wp\/v2\/comments?post=188910"}],"wp:featuredmedia":[{"embeddable":true,"href":"https:\/\/marktxxl.de\/markt\/wp-json\/wp\/v2\/media\/188911"}],"wp:attachment":[{"href":"https:\/\/marktxxl.de\/markt\/wp-json\/wp\/v2\/media?parent=188910"}],"wp:term":[{"taxonomy":"product_brand","embeddable":true,"href":"https:\/\/marktxxl.de\/markt\/wp-json\/wp\/v2\/product_brand?post=188910"},{"taxonomy":"product_cat","embeddable":true,"href":"https:\/\/marktxxl.de\/markt\/wp-json\/wp\/v2\/product_cat?post=188910"},{"taxonomy":"product_tag","embeddable":true,"href":"https:\/\/marktxxl.de\/markt\/wp-json\/wp\/v2\/product_tag?post=188910"}],"curies":[{"name":"wp","href":"https:\/\/api.w.org\/{rel}","templated":true}]}}