{"id":188837,"date":"2023-02-09T08:04:21","date_gmt":"2023-02-09T07:04:21","guid":{"rendered":"https:\/\/marktxxl.de\/markt\/produkt\/brennholztraeger-schwerlast-kaminholzhalter-utility-tote-log-holder-premium-gewachste-leinwand-brennholz-tote-kaminzubehoer-holzkorb-fuer-feuerscheite-leinwand-brennholztraeger-holzkorb\/"},"modified":"2023-04-10T05:36:21","modified_gmt":"2023-04-10T03:36:21","slug":"brennholztraeger-schwerlast-kaminholzhalter-utility-tote-log-holder-premium-gewachste-leinwand-brennholz-tote-kaminzubehoer-holzkorb-fuer-feuerscheite-leinwand-brennholztraeger-holzkorb","status":"publish","type":"product","link":"https:\/\/marktxxl.de\/markt\/produkt\/brennholztraeger-schwerlast-kaminholzhalter-utility-tote-log-holder-premium-gewachste-leinwand-brennholz-tote-kaminzubehoer-holzkorb-fuer-feuerscheite-leinwand-brennholztraeger-holzkorb\/","title":{"rendered":"Brennholztr\u00e4ger Schwerlast-Kaminholzhalter Utility Tote Log Holder Premium Gewachste Leinwand Brennholz Tote\u2026"},"content":{"rendered":"<p>Kaminholztr\u00e4ger mit gro\u00dfer Kapazit\u00e4t aus hochwertigem, gewachstem, robustem Leinen. 96,5 cm lang x 48,3 cm breit, hervorragend zum Tragen von Holzscheiten, Brennholz, Anz\u00fcndholz und Zweigen. Das Design ohne Wandende ist vielseitig und erm\u00f6glicht eine einfache universelle Passform<br \/>\nUtility Tote entworfen, um Brennholz zu halten, hervorragende Konstruktion; leicht und langlebig f\u00fcr den Innen- und Au\u00dfenbereich, besserer Organisationsprozess f\u00fcr den Transport von Brennholz in Ihr Zuhause. Gepolsterte Griffe sch\u00fctzen Ihre Finger beim Tragen einer Menge Brennholz; verstellbarer Mittelgurt sichert das beladene Brennholz<br \/>\nWasser- und schneefeste Holztragetasche ist leicht zu reinigen; wird den Test der Zeit bestehen; verst\u00e4rkte Griffe f\u00fcr starke Beanspruchung ohne zu rei\u00dfen w\u00e4hrend der k\u00e4ltesten und h\u00e4rtesten Winter<br \/>\nPraktische Aufbewahrung: Unsere Tragetasche f\u00fcr Feuerscheite ist einfach zu falten und zu verstauen; Sie kann an den Gurten aufgeh\u00e4ngt oder zur Aufbewahrung zusammengeklappt werden, wenn sie nicht in Gebrauch ist<br \/>\nWir konzentrieren uns auf Kundenzufriedenheit<br \/>\n<div class=\"main-cross-sell\" data-asin=\"B094P3N1LY\">\n\n\t<div class=\"WooZone-cross-sell-loader\">\n\t\t<div>\n\t\t\t<div id=\"floatingBarsG\">\n\t\t\t\t<div class=\"blockG\" id=\"rotateG_01\"><\/div>\n\t\t\t\t<div class=\"blockG\" id=\"rotateG_02\"><\/div>\n\t\t\t\t<div class=\"blockG\" id=\"rotateG_03\"><\/div>\n\t\t\t\t<div class=\"blockG\" id=\"rotateG_04\"><\/div>\n\t\t\t\t<div class=\"blockG\" id=\"rotateG_05\"><\/div>\n\t\t\t\t<div class=\"blockG\" id=\"rotateG_06\"><\/div>\n\t\t\t\t<div class=\"blockG\" id=\"rotateG_07\"><\/div>\n\t\t\t\t<div class=\"blockG\" id=\"rotateG_08\"><\/div>\n\t\t\t<\/div>\n\t\t\t<div class=\"WooZone-cross-sell-loader-text\"><\/div>\n\t\t<\/div>\n\t<\/div>\n\n\t\t\n<\/div>\n<div style=\"clear:both;\"><\/div><\/p>\n","protected":false},"excerpt":{"rendered":"<p>Kaminholztr\u00e4ger mit gro\u00dfer Kapazit\u00e4t aus hochwertigem, gewachstem, robustem Leinen. 96,5 cm lang x 48,3 cm breit, hervorragend zum Tragen von Holzscheiten, Brennholz, Anz\u00fcndholz und Zweigen. Das Design ohne Wandende ist vielseitig und erm\u00f6glicht eine einfache universelle Passform<br \/>\nUtility Tote entworfen, um Brennholz zu halten, hervorragende Konstruktion; leicht und langlebig f\u00fcr den Innen- und Au\u00dfenbereich, besserer Organisationsprozess f\u00fcr den Transport von Brennholz in Ihr Zuhause. Gepolsterte Griffe sch\u00fctzen Ihre Finger beim Tragen einer Menge Brennholz; verstellbarer Mittelgurt sichert das beladene Brennholz<br \/>\nWasser- und schneefeste Holztragetasche ist leicht zu reinigen; wird den Test der Zeit bestehen; verst\u00e4rkte Griffe f\u00fcr starke Beanspruchung ohne zu rei\u00dfen w\u00e4hrend der k\u00e4ltesten und h\u00e4rtesten Winter<\/p>\n","protected":false},"featured_media":188838,"comment_status":"open","ping_status":"closed","template":"","meta":[],"product_brand":[],"product_cat":[1983,11036],"product_tag":[],"class_list":{"0":"post-188837","1":"product","2":"type-product","3":"status-publish","4":"has-post-thumbnail","6":"product_cat-baumarkt","7":"product_cat-kamine","8":"pa_brand-coltrane","9":"pa_height-17-99999998164-zoll","10":"pa_length-17-99999998164-zoll","11":"pa_width-37-99999996124-zoll","13":"first","14":"instock","15":"shipping-taxable","16":"purchasable","17":"product-type-simple","18":"customify-col","19":"product-has-gallery"},"yoast_head":"<!-- This site is optimized with the Yoast SEO plugin v27.4 - https:\/\/yoast.com\/product\/yoast-seo-wordpress\/ -->\n<title>Brennholztr\u00e4ger Schwerlast-Kaminholzhalter Utility Tote Log Holder Premium Gewachste Leinwand Brennholz Tote\u2026 - Markt-XXL<\/title>\n<meta name=\"description\" content=\"Markt-XXL Brennholztr\u00e4ger Schwerlast-Kaminholzhalter Utility Tote Log Holder Premium Gewachste Leinwand Brennholz Tote\u2026\" \/>\n<meta name=\"robots\" content=\"index, follow, max-snippet:-1, max-image-preview:large, max-video-preview:-1\" \/>\n<link rel=\"canonical\" href=\"https:\/\/marktxxl.de\/markt\/produkt\/brennholztraeger-schwerlast-kaminholzhalter-utility-tote-log-holder-premium-gewachste-leinwand-brennholz-tote-kaminzubehoer-holzkorb-fuer-feuerscheite-leinwand-brennholztraeger-holzkorb\/\" \/>\n<meta property=\"og:locale\" content=\"de_DE\" \/>\n<meta property=\"og:type\" content=\"article\" \/>\n<meta property=\"og:title\" content=\"Brennholztr\u00e4ger Schwerlast-Kaminholzhalter Utility Tote Log Holder Premium Gewachste Leinwand Brennholz Tote\u2026 - Markt-XXL\" \/>\n<meta property=\"og:description\" content=\"Markt-XXL Brennholztr\u00e4ger Schwerlast-Kaminholzhalter Utility Tote Log Holder Premium Gewachste Leinwand Brennholz Tote\u2026\" \/>\n<meta property=\"og:url\" content=\"https:\/\/marktxxl.de\/markt\/produkt\/brennholztraeger-schwerlast-kaminholzhalter-utility-tote-log-holder-premium-gewachste-leinwand-brennholz-tote-kaminzubehoer-holzkorb-fuer-feuerscheite-leinwand-brennholztraeger-holzkorb\/\" \/>\n<meta property=\"og:site_name\" content=\"Markt-XXL\" \/>\n<meta property=\"article:modified_time\" content=\"2023-04-10T03:36:21+00:00\" \/>\n<meta property=\"og:image\" content=\"https:\/\/m.media-amazon.com\/images\/I\/41eG-yqDF1L._SL500_.jpg\" \/>\n\t<meta property=\"og:image:width\" content=\"500\" \/>\n\t<meta property=\"og:image:height\" content=\"500\" \/>\n\t<meta property=\"og:image:type\" content=\"image\/jpeg\" \/>\n<meta name=\"twitter:card\" content=\"summary_large_image\" \/>\n<meta name=\"twitter:label1\" content=\"Gesch\u00e4tzte Lesezeit\" \/>\n\t<meta name=\"twitter:data1\" content=\"1\u00a0Minute\" \/>\n<script type=\"application\/ld+json\" class=\"yoast-schema-graph\">{\"@context\":\"https:\\\/\\\/schema.org\",\"@graph\":[{\"@type\":\"WebPage\",\"@id\":\"https:\\\/\\\/marktxxl.de\\\/markt\\\/produkt\\\/brennholztraeger-schwerlast-kaminholzhalter-utility-tote-log-holder-premium-gewachste-leinwand-brennholz-tote-kaminzubehoer-holzkorb-fuer-feuerscheite-leinwand-brennholztraeger-holzkorb\\\/\",\"url\":\"https:\\\/\\\/marktxxl.de\\\/markt\\\/produkt\\\/brennholztraeger-schwerlast-kaminholzhalter-utility-tote-log-holder-premium-gewachste-leinwand-brennholz-tote-kaminzubehoer-holzkorb-fuer-feuerscheite-leinwand-brennholztraeger-holzkorb\\\/\",\"name\":\"Brennholztr\u00e4ger Schwerlast-Kaminholzhalter Utility Tote Log Holder Premium Gewachste Leinwand Brennholz Tote\u2026 - Markt-XXL\",\"isPartOf\":{\"@id\":\"https:\\\/\\\/marktxxl.de\\\/markt\\\/#website\"},\"primaryImageOfPage\":{\"@id\":\"https:\\\/\\\/marktxxl.de\\\/markt\\\/produkt\\\/brennholztraeger-schwerlast-kaminholzhalter-utility-tote-log-holder-premium-gewachste-leinwand-brennholz-tote-kaminzubehoer-holzkorb-fuer-feuerscheite-leinwand-brennholztraeger-holzkorb\\\/#primaryimage\"},\"image\":{\"@id\":\"https:\\\/\\\/marktxxl.de\\\/markt\\\/produkt\\\/brennholztraeger-schwerlast-kaminholzhalter-utility-tote-log-holder-premium-gewachste-leinwand-brennholz-tote-kaminzubehoer-holzkorb-fuer-feuerscheite-leinwand-brennholztraeger-holzkorb\\\/#primaryimage\"},\"thumbnailUrl\":\"https:\\\/\\\/m.media-amazon.com\\\/images\\\/I\\\/41eG-yqDF1L._SL500_.jpg\",\"datePublished\":\"2023-02-09T07:04:21+00:00\",\"dateModified\":\"2023-04-10T03:36:21+00:00\",\"description\":\"Markt-XXL Brennholztr\u00e4ger Schwerlast-Kaminholzhalter Utility Tote Log Holder Premium Gewachste Leinwand Brennholz Tote\u2026\",\"breadcrumb\":{\"@id\":\"https:\\\/\\\/marktxxl.de\\\/markt\\\/produkt\\\/brennholztraeger-schwerlast-kaminholzhalter-utility-tote-log-holder-premium-gewachste-leinwand-brennholz-tote-kaminzubehoer-holzkorb-fuer-feuerscheite-leinwand-brennholztraeger-holzkorb\\\/#breadcrumb\"},\"inLanguage\":\"de\",\"potentialAction\":[{\"@type\":\"ReadAction\",\"target\":[\"https:\\\/\\\/marktxxl.de\\\/markt\\\/produkt\\\/brennholztraeger-schwerlast-kaminholzhalter-utility-tote-log-holder-premium-gewachste-leinwand-brennholz-tote-kaminzubehoer-holzkorb-fuer-feuerscheite-leinwand-brennholztraeger-holzkorb\\\/\"]}]},{\"@type\":\"ImageObject\",\"inLanguage\":\"de\",\"@id\":\"https:\\\/\\\/marktxxl.de\\\/markt\\\/produkt\\\/brennholztraeger-schwerlast-kaminholzhalter-utility-tote-log-holder-premium-gewachste-leinwand-brennholz-tote-kaminzubehoer-holzkorb-fuer-feuerscheite-leinwand-brennholztraeger-holzkorb\\\/#primaryimage\",\"url\":\"https:\\\/\\\/m.media-amazon.com\\\/images\\\/I\\\/41eG-yqDF1L._SL500_.jpg\",\"contentUrl\":\"https:\\\/\\\/m.media-amazon.com\\\/images\\\/I\\\/41eG-yqDF1L._SL500_.jpg\",\"width\":500,\"height\":500},{\"@type\":\"BreadcrumbList\",\"@id\":\"https:\\\/\\\/marktxxl.de\\\/markt\\\/produkt\\\/brennholztraeger-schwerlast-kaminholzhalter-utility-tote-log-holder-premium-gewachste-leinwand-brennholz-tote-kaminzubehoer-holzkorb-fuer-feuerscheite-leinwand-brennholztraeger-holzkorb\\\/#breadcrumb\",\"itemListElement\":[{\"@type\":\"ListItem\",\"position\":1,\"name\":\"Startseite\",\"item\":\"https:\\\/\\\/marktxxl.de\\\/markt\\\/\"},{\"@type\":\"ListItem\",\"position\":2,\"name\":\"Markt\",\"item\":\"https:\\\/\\\/marktxxl.de\\\/markt\\\/\"},{\"@type\":\"ListItem\",\"position\":3,\"name\":\"Brennholztr\u00e4ger Schwerlast-Kaminholzhalter Utility Tote Log Holder Premium Gewachste Leinwand Brennholz Tote\u2026\"}]},{\"@type\":\"WebSite\",\"@id\":\"https:\\\/\\\/marktxxl.de\\\/markt\\\/#website\",\"url\":\"https:\\\/\\\/marktxxl.de\\\/markt\\\/\",\"name\":\"Markt-XXL\",\"description\":\"Ihr Markt Online\",\"publisher\":{\"@id\":\"https:\\\/\\\/marktxxl.de\\\/markt\\\/#organization\"},\"potentialAction\":[{\"@type\":\"SearchAction\",\"target\":{\"@type\":\"EntryPoint\",\"urlTemplate\":\"https:\\\/\\\/marktxxl.de\\\/markt\\\/?s={search_term_string}\"},\"query-input\":{\"@type\":\"PropertyValueSpecification\",\"valueRequired\":true,\"valueName\":\"search_term_string\"}}],\"inLanguage\":\"de\"},{\"@type\":\"Organization\",\"@id\":\"https:\\\/\\\/marktxxl.de\\\/markt\\\/#organization\",\"name\":\"Markt-XXL\",\"url\":\"https:\\\/\\\/marktxxl.de\\\/markt\\\/\",\"logo\":{\"@type\":\"ImageObject\",\"inLanguage\":\"de\",\"@id\":\"https:\\\/\\\/marktxxl.de\\\/markt\\\/#\\\/schema\\\/logo\\\/image\\\/\",\"url\":\"https:\\\/\\\/marktxxl.de\\\/markt\\\/wp-content\\\/uploads\\\/sites\\\/3\\\/2020\\\/12\\\/logo.png\",\"contentUrl\":\"https:\\\/\\\/marktxxl.de\\\/markt\\\/wp-content\\\/uploads\\\/sites\\\/3\\\/2020\\\/12\\\/logo.png\",\"width\":200,\"height\":70,\"caption\":\"Markt-XXL\"},\"image\":{\"@id\":\"https:\\\/\\\/marktxxl.de\\\/markt\\\/#\\\/schema\\\/logo\\\/image\\\/\"}}]}<\/script>\n<!-- \/ Yoast SEO plugin. -->","yoast_head_json":{"title":"Brennholztr\u00e4ger Schwerlast-Kaminholzhalter Utility Tote Log Holder Premium Gewachste Leinwand Brennholz Tote\u2026 - Markt-XXL","description":"Markt-XXL Brennholztr\u00e4ger Schwerlast-Kaminholzhalter Utility Tote Log Holder Premium Gewachste Leinwand Brennholz Tote\u2026","robots":{"index":"index","follow":"follow","max-snippet":"max-snippet:-1","max-image-preview":"max-image-preview:large","max-video-preview":"max-video-preview:-1"},"canonical":"https:\/\/marktxxl.de\/markt\/produkt\/brennholztraeger-schwerlast-kaminholzhalter-utility-tote-log-holder-premium-gewachste-leinwand-brennholz-tote-kaminzubehoer-holzkorb-fuer-feuerscheite-leinwand-brennholztraeger-holzkorb\/","og_locale":"de_DE","og_type":"article","og_title":"Brennholztr\u00e4ger Schwerlast-Kaminholzhalter Utility Tote Log Holder Premium Gewachste Leinwand Brennholz Tote\u2026 - Markt-XXL","og_description":"Markt-XXL Brennholztr\u00e4ger Schwerlast-Kaminholzhalter Utility Tote Log Holder Premium Gewachste Leinwand Brennholz Tote\u2026","og_url":"https:\/\/marktxxl.de\/markt\/produkt\/brennholztraeger-schwerlast-kaminholzhalter-utility-tote-log-holder-premium-gewachste-leinwand-brennholz-tote-kaminzubehoer-holzkorb-fuer-feuerscheite-leinwand-brennholztraeger-holzkorb\/","og_site_name":"Markt-XXL","article_modified_time":"2023-04-10T03:36:21+00:00","og_image":[{"width":500,"height":500,"url":"https:\/\/m.media-amazon.com\/images\/I\/41eG-yqDF1L._SL500_.jpg","type":"image\/jpeg"}],"twitter_card":"summary_large_image","twitter_misc":{"Gesch\u00e4tzte Lesezeit":"1\u00a0Minute"},"schema":{"@context":"https:\/\/schema.org","@graph":[{"@type":"WebPage","@id":"https:\/\/marktxxl.de\/markt\/produkt\/brennholztraeger-schwerlast-kaminholzhalter-utility-tote-log-holder-premium-gewachste-leinwand-brennholz-tote-kaminzubehoer-holzkorb-fuer-feuerscheite-leinwand-brennholztraeger-holzkorb\/","url":"https:\/\/marktxxl.de\/markt\/produkt\/brennholztraeger-schwerlast-kaminholzhalter-utility-tote-log-holder-premium-gewachste-leinwand-brennholz-tote-kaminzubehoer-holzkorb-fuer-feuerscheite-leinwand-brennholztraeger-holzkorb\/","name":"Brennholztr\u00e4ger Schwerlast-Kaminholzhalter Utility Tote Log Holder Premium Gewachste Leinwand Brennholz Tote\u2026 - Markt-XXL","isPartOf":{"@id":"https:\/\/marktxxl.de\/markt\/#website"},"primaryImageOfPage":{"@id":"https:\/\/marktxxl.de\/markt\/produkt\/brennholztraeger-schwerlast-kaminholzhalter-utility-tote-log-holder-premium-gewachste-leinwand-brennholz-tote-kaminzubehoer-holzkorb-fuer-feuerscheite-leinwand-brennholztraeger-holzkorb\/#primaryimage"},"image":{"@id":"https:\/\/marktxxl.de\/markt\/produkt\/brennholztraeger-schwerlast-kaminholzhalter-utility-tote-log-holder-premium-gewachste-leinwand-brennholz-tote-kaminzubehoer-holzkorb-fuer-feuerscheite-leinwand-brennholztraeger-holzkorb\/#primaryimage"},"thumbnailUrl":"https:\/\/m.media-amazon.com\/images\/I\/41eG-yqDF1L._SL500_.jpg","datePublished":"2023-02-09T07:04:21+00:00","dateModified":"2023-04-10T03:36:21+00:00","description":"Markt-XXL Brennholztr\u00e4ger Schwerlast-Kaminholzhalter Utility Tote Log Holder Premium Gewachste Leinwand Brennholz Tote\u2026","breadcrumb":{"@id":"https:\/\/marktxxl.de\/markt\/produkt\/brennholztraeger-schwerlast-kaminholzhalter-utility-tote-log-holder-premium-gewachste-leinwand-brennholz-tote-kaminzubehoer-holzkorb-fuer-feuerscheite-leinwand-brennholztraeger-holzkorb\/#breadcrumb"},"inLanguage":"de","potentialAction":[{"@type":"ReadAction","target":["https:\/\/marktxxl.de\/markt\/produkt\/brennholztraeger-schwerlast-kaminholzhalter-utility-tote-log-holder-premium-gewachste-leinwand-brennholz-tote-kaminzubehoer-holzkorb-fuer-feuerscheite-leinwand-brennholztraeger-holzkorb\/"]}]},{"@type":"ImageObject","inLanguage":"de","@id":"https:\/\/marktxxl.de\/markt\/produkt\/brennholztraeger-schwerlast-kaminholzhalter-utility-tote-log-holder-premium-gewachste-leinwand-brennholz-tote-kaminzubehoer-holzkorb-fuer-feuerscheite-leinwand-brennholztraeger-holzkorb\/#primaryimage","url":"https:\/\/m.media-amazon.com\/images\/I\/41eG-yqDF1L._SL500_.jpg","contentUrl":"https:\/\/m.media-amazon.com\/images\/I\/41eG-yqDF1L._SL500_.jpg","width":500,"height":500},{"@type":"BreadcrumbList","@id":"https:\/\/marktxxl.de\/markt\/produkt\/brennholztraeger-schwerlast-kaminholzhalter-utility-tote-log-holder-premium-gewachste-leinwand-brennholz-tote-kaminzubehoer-holzkorb-fuer-feuerscheite-leinwand-brennholztraeger-holzkorb\/#breadcrumb","itemListElement":[{"@type":"ListItem","position":1,"name":"Startseite","item":"https:\/\/marktxxl.de\/markt\/"},{"@type":"ListItem","position":2,"name":"Markt","item":"https:\/\/marktxxl.de\/markt\/"},{"@type":"ListItem","position":3,"name":"Brennholztr\u00e4ger Schwerlast-Kaminholzhalter Utility Tote Log Holder Premium Gewachste Leinwand Brennholz Tote\u2026"}]},{"@type":"WebSite","@id":"https:\/\/marktxxl.de\/markt\/#website","url":"https:\/\/marktxxl.de\/markt\/","name":"Markt-XXL","description":"Ihr Markt Online","publisher":{"@id":"https:\/\/marktxxl.de\/markt\/#organization"},"potentialAction":[{"@type":"SearchAction","target":{"@type":"EntryPoint","urlTemplate":"https:\/\/marktxxl.de\/markt\/?s={search_term_string}"},"query-input":{"@type":"PropertyValueSpecification","valueRequired":true,"valueName":"search_term_string"}}],"inLanguage":"de"},{"@type":"Organization","@id":"https:\/\/marktxxl.de\/markt\/#organization","name":"Markt-XXL","url":"https:\/\/marktxxl.de\/markt\/","logo":{"@type":"ImageObject","inLanguage":"de","@id":"https:\/\/marktxxl.de\/markt\/#\/schema\/logo\/image\/","url":"https:\/\/marktxxl.de\/markt\/wp-content\/uploads\/sites\/3\/2020\/12\/logo.png","contentUrl":"https:\/\/marktxxl.de\/markt\/wp-content\/uploads\/sites\/3\/2020\/12\/logo.png","width":200,"height":70,"caption":"Markt-XXL"},"image":{"@id":"https:\/\/marktxxl.de\/markt\/#\/schema\/logo\/image\/"}}]}},"_links":{"self":[{"href":"https:\/\/marktxxl.de\/markt\/wp-json\/wp\/v2\/product\/188837","targetHints":{"allow":["GET"]}}],"collection":[{"href":"https:\/\/marktxxl.de\/markt\/wp-json\/wp\/v2\/product"}],"about":[{"href":"https:\/\/marktxxl.de\/markt\/wp-json\/wp\/v2\/types\/product"}],"replies":[{"embeddable":true,"href":"https:\/\/marktxxl.de\/markt\/wp-json\/wp\/v2\/comments?post=188837"}],"wp:featuredmedia":[{"embeddable":true,"href":"https:\/\/marktxxl.de\/markt\/wp-json\/wp\/v2\/media\/188838"}],"wp:attachment":[{"href":"https:\/\/marktxxl.de\/markt\/wp-json\/wp\/v2\/media?parent=188837"}],"wp:term":[{"taxonomy":"product_brand","embeddable":true,"href":"https:\/\/marktxxl.de\/markt\/wp-json\/wp\/v2\/product_brand?post=188837"},{"taxonomy":"product_cat","embeddable":true,"href":"https:\/\/marktxxl.de\/markt\/wp-json\/wp\/v2\/product_cat?post=188837"},{"taxonomy":"product_tag","embeddable":true,"href":"https:\/\/marktxxl.de\/markt\/wp-json\/wp\/v2\/product_tag?post=188837"}],"curies":[{"name":"wp","href":"https:\/\/api.w.org\/{rel}","templated":true}]}}