{"id":188715,"date":"2023-02-09T07:34:58","date_gmt":"2023-02-09T06:34:58","guid":{"rendered":"https:\/\/marktxxl.de\/markt\/produkt\/philips-hue-white-col-amb-led-aussenwandleuchte-appear-schwarz-bis-zu-16-mio-farben-steuerbar-via-app-kompatibel-mit-amazon-alexa-echo-echo-dot\/"},"modified":"2023-04-10T05:36:19","modified_gmt":"2023-04-10T03:36:19","slug":"philips-hue-white-col-amb-led-aussenwandleuchte-appear-schwarz-bis-zu-16-mio-farben-steuerbar-via-app-kompatibel-mit-amazon-alexa-echo-echo-dot","status":"publish","type":"product","link":"https:\/\/marktxxl.de\/markt\/produkt\/philips-hue-white-col-amb-led-aussenwandleuchte-appear-schwarz-bis-zu-16-mio-farben-steuerbar-via-app-kompatibel-mit-amazon-alexa-echo-echo-dot\/","title":{"rendered":"Philips Hue White &amp; Color Ambiance Appear Au\u00dfenwandleuchte schwarz 710lm, dimmbar, bis zu 16 Mio. Farben, steuerbar via\u2026"},"content":{"rendered":"<p>Smarte Lichtsteuerung f\u00fcr Ihren Au\u00dfenbereich: Die Hue Wandleuchte Appear l\u00e4sst sich einfach in ein bestehendes Hue System integrieren. F\u00fcr die Steuerung ist die Hue Bridge erforderlich (nicht im Lieferumfang enthalten)<br \/>\nPersonalisierte Beleuchtung: W\u00e4hlen Sie in der Hue App aus 16 Millionen Farben oder verschiedensten Wei\u00dft\u00f6nen und setzen Sie die perfekten Highlights f\u00fcr Ihren Au\u00dfenbereich<br \/>\nIP44 Schutzklasse (optimiert f\u00fcr den Au\u00dfenbereich): Durch das qualitativ hochwertige Geh\u00e4use ist die Gartenleuchte gegen Spritzwasser und Staub gesch\u00fctzt<br \/>\nInstallation: Durch das Hochvolt-System (220 &#8211; 240V) kann die Leuchte an Ihre Stromleitung (230V) im Au\u00dfenbereich angeschlossen werden<br \/>\nFunktioniert mit Amazon Alexa f\u00fcr Sprachsteuerung (Echo\/ Echo Dot und notwendige Hue Bridge separat erh\u00e4ltlich). Das Smart Home Erlebnis f\u00fcr Ihr Zuhause<br \/>\nBei diesem Produkt handelt es sich um ein umgebendes Produkt. Umgebende Produkte sind Leuchten, die zur separaten \u00dcberpr\u00fcfung der enthaltenen Lichtquelle(n) zerlegt werden k\u00f6nnen. Dieses Produkt enthaelt eine Lichtquelle der Energieeffizienzklasse G<br \/>\n<div class=\"main-cross-sell\" data-asin=\"B082XN3XTT\">\n\n\t<div class=\"WooZone-cross-sell-loader\">\n\t\t<div>\n\t\t\t<div id=\"floatingBarsG\">\n\t\t\t\t<div class=\"blockG\" id=\"rotateG_01\"><\/div>\n\t\t\t\t<div class=\"blockG\" id=\"rotateG_02\"><\/div>\n\t\t\t\t<div class=\"blockG\" id=\"rotateG_03\"><\/div>\n\t\t\t\t<div class=\"blockG\" id=\"rotateG_04\"><\/div>\n\t\t\t\t<div class=\"blockG\" id=\"rotateG_05\"><\/div>\n\t\t\t\t<div class=\"blockG\" id=\"rotateG_06\"><\/div>\n\t\t\t\t<div class=\"blockG\" id=\"rotateG_07\"><\/div>\n\t\t\t\t<div class=\"blockG\" id=\"rotateG_08\"><\/div>\n\t\t\t<\/div>\n\t\t\t<div class=\"WooZone-cross-sell-loader-text\"><\/div>\n\t\t<\/div>\n\t<\/div>\n\n\t\t\n<\/div>\n<div style=\"clear:both;\"><\/div><\/p>\n","protected":false},"excerpt":{"rendered":"<p>Smarte Lichtsteuerung f\u00fcr Ihren Au\u00dfenbereich: Die Hue Wandleuchte Appear l\u00e4sst sich einfach in ein bestehendes Hue System integrieren. F\u00fcr die Steuerung ist die Hue Bridge erforderlich (nicht im Lieferumfang enthalten)<br \/>\nPersonalisierte Beleuchtung: W\u00e4hlen Sie in der Hue App aus 16 Millionen Farben oder verschiedensten Wei\u00dft\u00f6nen und setzen Sie die perfekten Highlights f\u00fcr Ihren Au\u00dfenbereich<br \/>\nIP44 Schutzklasse (optimiert f\u00fcr den Au\u00dfenbereich): Durch das qualitativ hochwertige Geh\u00e4use ist die Gartenleuchte gegen Spritzwasser und Staub gesch\u00fctzt<\/p>\n","protected":false},"featured_media":188716,"comment_status":"open","ping_status":"closed","template":"","meta":[],"product_brand":[],"product_cat":[11446,2108],"product_tag":[],"class_list":{"0":"post-188715","1":"product","2":"type-product","3":"status-publish","4":"has-post-thumbnail","6":"product_cat-aussenbeleuchtung","7":"product_cat-beleuchtung","8":"pa_binding-gartenartikel","9":"pa_brand-philips-hue","10":"pa_color-schwarz","11":"pa_height-3-7200074324261-zoll","12":"pa_length-1-3020026014279-zoll","13":"pa_manufacturer-philips-hue","14":"pa_model-48820","15":"pa_size-1-pack","16":"pa_warranty-herstellergarantie","17":"pa_weight-2-1935995069-pfund","18":"pa_width-1-8135036233471-zoll","20":"first","21":"instock","22":"shipping-taxable","23":"purchasable","24":"product-type-simple","25":"customify-col","26":"product-has-gallery"},"yoast_head":"<!-- This site is optimized with the Yoast SEO plugin v27.3 - https:\/\/yoast.com\/product\/yoast-seo-wordpress\/ -->\n<title>Philips Hue White &amp; Color Ambiance Appear Au\u00dfenwandleuchte schwarz 710lm, dimmbar, bis zu 16 Mio. Farben, steuerbar via\u2026 - Markt-XXL<\/title>\n<meta name=\"description\" content=\"Markt-XXL Philips Hue White &amp; Color Ambiance Appear Au\u00dfenwandleuchte schwarz 710lm, dimmbar, bis zu 16 Mio. Farben, steuerbar via\u2026\" \/>\n<meta name=\"robots\" content=\"index, follow, max-snippet:-1, max-image-preview:large, max-video-preview:-1\" \/>\n<link rel=\"canonical\" href=\"https:\/\/marktxxl.de\/markt\/produkt\/philips-hue-white-col-amb-led-aussenwandleuchte-appear-schwarz-bis-zu-16-mio-farben-steuerbar-via-app-kompatibel-mit-amazon-alexa-echo-echo-dot\/\" \/>\n<meta property=\"og:locale\" content=\"de_DE\" \/>\n<meta property=\"og:type\" content=\"article\" \/>\n<meta property=\"og:title\" content=\"Philips Hue White &amp; Color Ambiance Appear Au\u00dfenwandleuchte schwarz 710lm, dimmbar, bis zu 16 Mio. Farben, steuerbar via\u2026 - Markt-XXL\" \/>\n<meta property=\"og:description\" content=\"Markt-XXL Philips Hue White &amp; Color Ambiance Appear Au\u00dfenwandleuchte schwarz 710lm, dimmbar, bis zu 16 Mio. Farben, steuerbar via\u2026\" \/>\n<meta property=\"og:url\" content=\"https:\/\/marktxxl.de\/markt\/produkt\/philips-hue-white-col-amb-led-aussenwandleuchte-appear-schwarz-bis-zu-16-mio-farben-steuerbar-via-app-kompatibel-mit-amazon-alexa-echo-echo-dot\/\" \/>\n<meta property=\"og:site_name\" content=\"Markt-XXL\" \/>\n<meta property=\"article:modified_time\" content=\"2023-04-10T03:36:19+00:00\" \/>\n<meta property=\"og:image\" content=\"https:\/\/m.media-amazon.com\/images\/I\/41cEzDOzeiL._SL500_.jpg\" \/>\n\t<meta property=\"og:image:width\" content=\"500\" \/>\n\t<meta property=\"og:image:height\" content=\"500\" \/>\n\t<meta property=\"og:image:type\" content=\"image\/jpeg\" \/>\n<meta name=\"twitter:card\" content=\"summary_large_image\" \/>\n<meta name=\"twitter:label1\" content=\"Gesch\u00e4tzte Lesezeit\" \/>\n\t<meta name=\"twitter:data1\" content=\"1\u00a0Minute\" \/>\n<script type=\"application\/ld+json\" class=\"yoast-schema-graph\">{\"@context\":\"https:\\\/\\\/schema.org\",\"@graph\":[{\"@type\":\"WebPage\",\"@id\":\"https:\\\/\\\/marktxxl.de\\\/markt\\\/produkt\\\/philips-hue-white-col-amb-led-aussenwandleuchte-appear-schwarz-bis-zu-16-mio-farben-steuerbar-via-app-kompatibel-mit-amazon-alexa-echo-echo-dot\\\/\",\"url\":\"https:\\\/\\\/marktxxl.de\\\/markt\\\/produkt\\\/philips-hue-white-col-amb-led-aussenwandleuchte-appear-schwarz-bis-zu-16-mio-farben-steuerbar-via-app-kompatibel-mit-amazon-alexa-echo-echo-dot\\\/\",\"name\":\"Philips Hue White &amp; Color Ambiance Appear Au\u00dfenwandleuchte schwarz 710lm, dimmbar, bis zu 16 Mio. Farben, steuerbar via\u2026 - Markt-XXL\",\"isPartOf\":{\"@id\":\"https:\\\/\\\/marktxxl.de\\\/markt\\\/#website\"},\"primaryImageOfPage\":{\"@id\":\"https:\\\/\\\/marktxxl.de\\\/markt\\\/produkt\\\/philips-hue-white-col-amb-led-aussenwandleuchte-appear-schwarz-bis-zu-16-mio-farben-steuerbar-via-app-kompatibel-mit-amazon-alexa-echo-echo-dot\\\/#primaryimage\"},\"image\":{\"@id\":\"https:\\\/\\\/marktxxl.de\\\/markt\\\/produkt\\\/philips-hue-white-col-amb-led-aussenwandleuchte-appear-schwarz-bis-zu-16-mio-farben-steuerbar-via-app-kompatibel-mit-amazon-alexa-echo-echo-dot\\\/#primaryimage\"},\"thumbnailUrl\":\"https:\\\/\\\/m.media-amazon.com\\\/images\\\/I\\\/41cEzDOzeiL._SL500_.jpg\",\"datePublished\":\"2023-02-09T06:34:58+00:00\",\"dateModified\":\"2023-04-10T03:36:19+00:00\",\"description\":\"Markt-XXL Philips Hue White &amp; Color Ambiance Appear Au\u00dfenwandleuchte schwarz 710lm, dimmbar, bis zu 16 Mio. Farben, steuerbar via\u2026\",\"breadcrumb\":{\"@id\":\"https:\\\/\\\/marktxxl.de\\\/markt\\\/produkt\\\/philips-hue-white-col-amb-led-aussenwandleuchte-appear-schwarz-bis-zu-16-mio-farben-steuerbar-via-app-kompatibel-mit-amazon-alexa-echo-echo-dot\\\/#breadcrumb\"},\"inLanguage\":\"de\",\"potentialAction\":[{\"@type\":\"ReadAction\",\"target\":[\"https:\\\/\\\/marktxxl.de\\\/markt\\\/produkt\\\/philips-hue-white-col-amb-led-aussenwandleuchte-appear-schwarz-bis-zu-16-mio-farben-steuerbar-via-app-kompatibel-mit-amazon-alexa-echo-echo-dot\\\/\"]}]},{\"@type\":\"ImageObject\",\"inLanguage\":\"de\",\"@id\":\"https:\\\/\\\/marktxxl.de\\\/markt\\\/produkt\\\/philips-hue-white-col-amb-led-aussenwandleuchte-appear-schwarz-bis-zu-16-mio-farben-steuerbar-via-app-kompatibel-mit-amazon-alexa-echo-echo-dot\\\/#primaryimage\",\"url\":\"https:\\\/\\\/m.media-amazon.com\\\/images\\\/I\\\/41cEzDOzeiL._SL500_.jpg\",\"contentUrl\":\"https:\\\/\\\/m.media-amazon.com\\\/images\\\/I\\\/41cEzDOzeiL._SL500_.jpg\",\"width\":500,\"height\":500},{\"@type\":\"BreadcrumbList\",\"@id\":\"https:\\\/\\\/marktxxl.de\\\/markt\\\/produkt\\\/philips-hue-white-col-amb-led-aussenwandleuchte-appear-schwarz-bis-zu-16-mio-farben-steuerbar-via-app-kompatibel-mit-amazon-alexa-echo-echo-dot\\\/#breadcrumb\",\"itemListElement\":[{\"@type\":\"ListItem\",\"position\":1,\"name\":\"Startseite\",\"item\":\"https:\\\/\\\/marktxxl.de\\\/markt\\\/\"},{\"@type\":\"ListItem\",\"position\":2,\"name\":\"Markt\",\"item\":\"https:\\\/\\\/marktxxl.de\\\/markt\\\/\"},{\"@type\":\"ListItem\",\"position\":3,\"name\":\"Philips Hue White &amp; Color Ambiance Appear Au\u00dfenwandleuchte schwarz 710lm, dimmbar, bis zu 16 Mio. Farben, steuerbar via\u2026\"}]},{\"@type\":\"WebSite\",\"@id\":\"https:\\\/\\\/marktxxl.de\\\/markt\\\/#website\",\"url\":\"https:\\\/\\\/marktxxl.de\\\/markt\\\/\",\"name\":\"Markt-XXL\",\"description\":\"Ihr Markt Online\",\"publisher\":{\"@id\":\"https:\\\/\\\/marktxxl.de\\\/markt\\\/#organization\"},\"potentialAction\":[{\"@type\":\"SearchAction\",\"target\":{\"@type\":\"EntryPoint\",\"urlTemplate\":\"https:\\\/\\\/marktxxl.de\\\/markt\\\/?s={search_term_string}\"},\"query-input\":{\"@type\":\"PropertyValueSpecification\",\"valueRequired\":true,\"valueName\":\"search_term_string\"}}],\"inLanguage\":\"de\"},{\"@type\":\"Organization\",\"@id\":\"https:\\\/\\\/marktxxl.de\\\/markt\\\/#organization\",\"name\":\"Markt-XXL\",\"url\":\"https:\\\/\\\/marktxxl.de\\\/markt\\\/\",\"logo\":{\"@type\":\"ImageObject\",\"inLanguage\":\"de\",\"@id\":\"https:\\\/\\\/marktxxl.de\\\/markt\\\/#\\\/schema\\\/logo\\\/image\\\/\",\"url\":\"https:\\\/\\\/marktxxl.de\\\/markt\\\/wp-content\\\/uploads\\\/sites\\\/3\\\/2020\\\/12\\\/logo.png\",\"contentUrl\":\"https:\\\/\\\/marktxxl.de\\\/markt\\\/wp-content\\\/uploads\\\/sites\\\/3\\\/2020\\\/12\\\/logo.png\",\"width\":200,\"height\":70,\"caption\":\"Markt-XXL\"},\"image\":{\"@id\":\"https:\\\/\\\/marktxxl.de\\\/markt\\\/#\\\/schema\\\/logo\\\/image\\\/\"}}]}<\/script>\n<!-- \/ Yoast SEO plugin. -->","yoast_head_json":{"title":"Philips Hue White &amp; Color Ambiance Appear Au\u00dfenwandleuchte schwarz 710lm, dimmbar, bis zu 16 Mio. Farben, steuerbar via\u2026 - Markt-XXL","description":"Markt-XXL Philips Hue White &amp; Color Ambiance Appear Au\u00dfenwandleuchte schwarz 710lm, dimmbar, bis zu 16 Mio. Farben, steuerbar via\u2026","robots":{"index":"index","follow":"follow","max-snippet":"max-snippet:-1","max-image-preview":"max-image-preview:large","max-video-preview":"max-video-preview:-1"},"canonical":"https:\/\/marktxxl.de\/markt\/produkt\/philips-hue-white-col-amb-led-aussenwandleuchte-appear-schwarz-bis-zu-16-mio-farben-steuerbar-via-app-kompatibel-mit-amazon-alexa-echo-echo-dot\/","og_locale":"de_DE","og_type":"article","og_title":"Philips Hue White &amp; Color Ambiance Appear Au\u00dfenwandleuchte schwarz 710lm, dimmbar, bis zu 16 Mio. Farben, steuerbar via\u2026 - Markt-XXL","og_description":"Markt-XXL Philips Hue White &amp; Color Ambiance Appear Au\u00dfenwandleuchte schwarz 710lm, dimmbar, bis zu 16 Mio. Farben, steuerbar via\u2026","og_url":"https:\/\/marktxxl.de\/markt\/produkt\/philips-hue-white-col-amb-led-aussenwandleuchte-appear-schwarz-bis-zu-16-mio-farben-steuerbar-via-app-kompatibel-mit-amazon-alexa-echo-echo-dot\/","og_site_name":"Markt-XXL","article_modified_time":"2023-04-10T03:36:19+00:00","og_image":[{"width":500,"height":500,"url":"https:\/\/m.media-amazon.com\/images\/I\/41cEzDOzeiL._SL500_.jpg","type":"image\/jpeg"}],"twitter_card":"summary_large_image","twitter_misc":{"Gesch\u00e4tzte Lesezeit":"1\u00a0Minute"},"schema":{"@context":"https:\/\/schema.org","@graph":[{"@type":"WebPage","@id":"https:\/\/marktxxl.de\/markt\/produkt\/philips-hue-white-col-amb-led-aussenwandleuchte-appear-schwarz-bis-zu-16-mio-farben-steuerbar-via-app-kompatibel-mit-amazon-alexa-echo-echo-dot\/","url":"https:\/\/marktxxl.de\/markt\/produkt\/philips-hue-white-col-amb-led-aussenwandleuchte-appear-schwarz-bis-zu-16-mio-farben-steuerbar-via-app-kompatibel-mit-amazon-alexa-echo-echo-dot\/","name":"Philips Hue White &amp; Color Ambiance Appear Au\u00dfenwandleuchte schwarz 710lm, dimmbar, bis zu 16 Mio. Farben, steuerbar via\u2026 - Markt-XXL","isPartOf":{"@id":"https:\/\/marktxxl.de\/markt\/#website"},"primaryImageOfPage":{"@id":"https:\/\/marktxxl.de\/markt\/produkt\/philips-hue-white-col-amb-led-aussenwandleuchte-appear-schwarz-bis-zu-16-mio-farben-steuerbar-via-app-kompatibel-mit-amazon-alexa-echo-echo-dot\/#primaryimage"},"image":{"@id":"https:\/\/marktxxl.de\/markt\/produkt\/philips-hue-white-col-amb-led-aussenwandleuchte-appear-schwarz-bis-zu-16-mio-farben-steuerbar-via-app-kompatibel-mit-amazon-alexa-echo-echo-dot\/#primaryimage"},"thumbnailUrl":"https:\/\/m.media-amazon.com\/images\/I\/41cEzDOzeiL._SL500_.jpg","datePublished":"2023-02-09T06:34:58+00:00","dateModified":"2023-04-10T03:36:19+00:00","description":"Markt-XXL Philips Hue White &amp; Color Ambiance Appear Au\u00dfenwandleuchte schwarz 710lm, dimmbar, bis zu 16 Mio. Farben, steuerbar via\u2026","breadcrumb":{"@id":"https:\/\/marktxxl.de\/markt\/produkt\/philips-hue-white-col-amb-led-aussenwandleuchte-appear-schwarz-bis-zu-16-mio-farben-steuerbar-via-app-kompatibel-mit-amazon-alexa-echo-echo-dot\/#breadcrumb"},"inLanguage":"de","potentialAction":[{"@type":"ReadAction","target":["https:\/\/marktxxl.de\/markt\/produkt\/philips-hue-white-col-amb-led-aussenwandleuchte-appear-schwarz-bis-zu-16-mio-farben-steuerbar-via-app-kompatibel-mit-amazon-alexa-echo-echo-dot\/"]}]},{"@type":"ImageObject","inLanguage":"de","@id":"https:\/\/marktxxl.de\/markt\/produkt\/philips-hue-white-col-amb-led-aussenwandleuchte-appear-schwarz-bis-zu-16-mio-farben-steuerbar-via-app-kompatibel-mit-amazon-alexa-echo-echo-dot\/#primaryimage","url":"https:\/\/m.media-amazon.com\/images\/I\/41cEzDOzeiL._SL500_.jpg","contentUrl":"https:\/\/m.media-amazon.com\/images\/I\/41cEzDOzeiL._SL500_.jpg","width":500,"height":500},{"@type":"BreadcrumbList","@id":"https:\/\/marktxxl.de\/markt\/produkt\/philips-hue-white-col-amb-led-aussenwandleuchte-appear-schwarz-bis-zu-16-mio-farben-steuerbar-via-app-kompatibel-mit-amazon-alexa-echo-echo-dot\/#breadcrumb","itemListElement":[{"@type":"ListItem","position":1,"name":"Startseite","item":"https:\/\/marktxxl.de\/markt\/"},{"@type":"ListItem","position":2,"name":"Markt","item":"https:\/\/marktxxl.de\/markt\/"},{"@type":"ListItem","position":3,"name":"Philips Hue White &amp; Color Ambiance Appear Au\u00dfenwandleuchte schwarz 710lm, dimmbar, bis zu 16 Mio. Farben, steuerbar via\u2026"}]},{"@type":"WebSite","@id":"https:\/\/marktxxl.de\/markt\/#website","url":"https:\/\/marktxxl.de\/markt\/","name":"Markt-XXL","description":"Ihr Markt Online","publisher":{"@id":"https:\/\/marktxxl.de\/markt\/#organization"},"potentialAction":[{"@type":"SearchAction","target":{"@type":"EntryPoint","urlTemplate":"https:\/\/marktxxl.de\/markt\/?s={search_term_string}"},"query-input":{"@type":"PropertyValueSpecification","valueRequired":true,"valueName":"search_term_string"}}],"inLanguage":"de"},{"@type":"Organization","@id":"https:\/\/marktxxl.de\/markt\/#organization","name":"Markt-XXL","url":"https:\/\/marktxxl.de\/markt\/","logo":{"@type":"ImageObject","inLanguage":"de","@id":"https:\/\/marktxxl.de\/markt\/#\/schema\/logo\/image\/","url":"https:\/\/marktxxl.de\/markt\/wp-content\/uploads\/sites\/3\/2020\/12\/logo.png","contentUrl":"https:\/\/marktxxl.de\/markt\/wp-content\/uploads\/sites\/3\/2020\/12\/logo.png","width":200,"height":70,"caption":"Markt-XXL"},"image":{"@id":"https:\/\/marktxxl.de\/markt\/#\/schema\/logo\/image\/"}}]}},"_links":{"self":[{"href":"https:\/\/marktxxl.de\/markt\/wp-json\/wp\/v2\/product\/188715","targetHints":{"allow":["GET"]}}],"collection":[{"href":"https:\/\/marktxxl.de\/markt\/wp-json\/wp\/v2\/product"}],"about":[{"href":"https:\/\/marktxxl.de\/markt\/wp-json\/wp\/v2\/types\/product"}],"replies":[{"embeddable":true,"href":"https:\/\/marktxxl.de\/markt\/wp-json\/wp\/v2\/comments?post=188715"}],"wp:featuredmedia":[{"embeddable":true,"href":"https:\/\/marktxxl.de\/markt\/wp-json\/wp\/v2\/media\/188716"}],"wp:attachment":[{"href":"https:\/\/marktxxl.de\/markt\/wp-json\/wp\/v2\/media?parent=188715"}],"wp:term":[{"taxonomy":"product_brand","embeddable":true,"href":"https:\/\/marktxxl.de\/markt\/wp-json\/wp\/v2\/product_brand?post=188715"},{"taxonomy":"product_cat","embeddable":true,"href":"https:\/\/marktxxl.de\/markt\/wp-json\/wp\/v2\/product_cat?post=188715"},{"taxonomy":"product_tag","embeddable":true,"href":"https:\/\/marktxxl.de\/markt\/wp-json\/wp\/v2\/product_tag?post=188715"}],"curies":[{"name":"wp","href":"https:\/\/api.w.org\/{rel}","templated":true}]}}