{"id":188624,"date":"2023-02-09T07:13:18","date_gmt":"2023-02-09T06:13:18","guid":{"rendered":"https:\/\/marktxxl.de\/markt\/produkt\/bartroller-0-5mm-dermaroller-bartroller-bartwuchs-micro-needle-roller-zur-haut-und-haarpflege-fuer-mann-frau\/"},"modified":"2023-04-07T04:36:18","modified_gmt":"2023-04-07T02:36:18","slug":"bartroller-0-5mm-dermaroller-bartroller-bartwuchs-micro-needle-roller-zur-haut-und-haarpflege-fuer-mann-frau","status":"publish","type":"product","link":"https:\/\/marktxxl.de\/markt\/produkt\/bartroller-0-5mm-dermaroller-bartroller-bartwuchs-micro-needle-roller-zur-haut-und-haarpflege-fuer-mann-frau\/","title":{"rendered":"Bartroller 0.5mm, Dermaroller, Bartroller Bartwuchs, Micro needle Roller zur Haut- und Haarpflege F\u00fcr Mann &amp; Frau"},"content":{"rendered":"<p>\u3010Effektiv f\u00fcr Haarwachstum\u3011Microneedling kann in kurzer Zeit die winzigen Kan\u00e4le der Haut \u00f6ffnen, N\u00e4hrstoffe effektiv in die Haut einbringen, den nat\u00fcrlichen Heilungsprozess des K\u00f6rpers aktivieren und Kollagen produzieren, das f\u00fcr das Haarwachstum wichtig ist. Diese mikroskopisch kleinen Kan\u00e4le tragen auch dazu bei, die Absorption von Haut- und Bartwachstumsprodukten zu verbessern.<br \/>\n\u3010Effektive Hautpflege\u3011Verwenden Sie diesen Selbstroller mit Ihrer Lieblings-Sch\u00f6nheitscreme oder Ihrem Lieblings-Serum, um optimale Ergebnisse zu erzielen. Unser gesichts nadelroller dazu beigetragen hat f\u00fcr Haare und Kopfhaut gegen Haarausfall sowie die Behandlung von Narben, Akne, Falten, Pigmentflecken in den Bereichen Arme, R\u00fccken und Dekollet\u00e9. die Poren zu verkleinern, Akne aufzur\u00e4umen, falten, dehnungsstreifen, Ausbr\u00fcche zu verhindern und das Auftreten von Aknenarben zu minimieren.<br \/>\n\u3010Sicher und schmerzlos\u3011Dank der 0,5 mm feinen Nadelspitze kann sie Hautsch\u00e4den minimieren und die Aufnahme des Produkts durch die Haut f\u00f6rdern, geeignet f\u00fcr den Heimgebrauch.<br \/>\n\u3010Anwendung\u3011Mit einem tragbaren Design ist es einfach zu halten und zu verwenden, auch auf Reisen. Reinigen Sie einfach den Zielbereich vor jedem Gebrauch und reinigen Sie den Roller mit hei\u00dfem Wasser. Dann rollen Sie jeweils etwa 5-10 Mal vertikal, horizontal und diagonal auf den Abdeckungsbereichen.<br \/>\n\u3010Effektive Bartpflegewerkzeuge\u3011Perfekt f\u00fcr M\u00e4nner, die sich einen gesunden, dichten Bart w\u00fcnschen. Ob f\u00fcr den eigenen t\u00e4glichen Gebrauch oder als Geschenk f\u00fcr Ihren Vater oder Ehemann zum Vatertag, Geburtstag oder Weihnachten usw.<br \/>\n<div class=\"main-cross-sell\" data-asin=\"B0BJ6Q1BQ3\">\n\n\t<div class=\"WooZone-cross-sell-loader\">\n\t\t<div>\n\t\t\t<div id=\"floatingBarsG\">\n\t\t\t\t<div class=\"blockG\" id=\"rotateG_01\"><\/div>\n\t\t\t\t<div class=\"blockG\" id=\"rotateG_02\"><\/div>\n\t\t\t\t<div class=\"blockG\" id=\"rotateG_03\"><\/div>\n\t\t\t\t<div class=\"blockG\" id=\"rotateG_04\"><\/div>\n\t\t\t\t<div class=\"blockG\" id=\"rotateG_05\"><\/div>\n\t\t\t\t<div class=\"blockG\" id=\"rotateG_06\"><\/div>\n\t\t\t\t<div class=\"blockG\" id=\"rotateG_07\"><\/div>\n\t\t\t\t<div class=\"blockG\" id=\"rotateG_08\"><\/div>\n\t\t\t<\/div>\n\t\t\t<div class=\"WooZone-cross-sell-loader-text\"><\/div>\n\t\t<\/div>\n\t<\/div>\n\n\t\t\n<\/div>\n<div style=\"clear:both;\"><\/div><\/p>\n","protected":false},"excerpt":{"rendered":"<p>\u3010Effektiv f\u00fcr Haarwachstum\u3011Microneedling kann in kurzer Zeit die winzigen Kan\u00e4le der Haut \u00f6ffnen, N\u00e4hrstoffe effektiv in die Haut einbringen, den nat\u00fcrlichen Heilungsprozess des K\u00f6rpers aktivieren und Kollagen produzieren, das f\u00fcr das Haarwachstum wichtig ist. Diese mikroskopisch kleinen Kan\u00e4le tragen auch dazu bei, die Absorption von Haut- und Bartwachstumsprodukten zu verbessern.<br \/>\n\u3010Effektive Hautpflege\u3011Verwenden Sie diesen Selbstroller mit Ihrer Lieblings-Sch\u00f6nheitscreme oder Ihrem Lieblings-Serum, um optimale Ergebnisse zu erzielen. Unser gesichts nadelroller dazu beigetragen hat f\u00fcr Haare und Kopfhaut gegen Haarausfall sowie die Behandlung von Narben, Akne, Falten, Pigmentflecken in den Bereichen Arme, R\u00fccken und Dekollet\u00e9. die Poren zu verkleinern, Akne aufzur\u00e4umen, falten, dehnungsstreifen, Ausbr\u00fcche zu verhindern und das Auftreten von Aknenarben zu minimieren.<br \/>\n\u3010Sicher und schmerzlos\u3011Dank der 0,5 mm feinen Nadelspitze kann sie Hautsch\u00e4den minimieren und die Aufnahme des Produkts durch die Haut f\u00f6rdern, geeignet f\u00fcr den Heimgebrauch.<\/p>\n","protected":false},"featured_media":188625,"comment_status":"open","ping_status":"closed","template":"","meta":[],"product_brand":[],"product_cat":[2858,7726],"product_tag":[],"class_list":{"0":"post-188624","1":"product","2":"type-product","3":"status-publish","4":"has-post-thumbnail","6":"product_cat-beauty","7":"product_cat-zubehoer-beauty","8":"pa_binding-misc","9":"pa_brand-dorzu","10":"pa_color-black","11":"pa_height-0-5905511805-zoll","12":"pa_length-4-724409444-zoll","13":"pa_manufacturer-dorzu","14":"pa_width-0-5905511805-zoll","16":"first","17":"instock","18":"shipping-taxable","19":"purchasable","20":"product-type-simple","21":"customify-col","22":"product-has-gallery"},"yoast_head":"<!-- This site is optimized with the Yoast SEO plugin v27.3 - https:\/\/yoast.com\/product\/yoast-seo-wordpress\/ -->\n<title>Bartroller 0.5mm, Dermaroller, Bartroller Bartwuchs, Micro needle Roller zur Haut- und Haarpflege F\u00fcr Mann &amp; Frau - Markt-XXL<\/title>\n<meta name=\"description\" content=\"Markt-XXL Bartroller 0.5mm, Dermaroller, Bartroller Bartwuchs, Micro needle Roller zur Haut- und Haarpflege F\u00fcr Mann &amp; Frau\" \/>\n<meta name=\"robots\" content=\"index, follow, max-snippet:-1, max-image-preview:large, max-video-preview:-1\" \/>\n<link rel=\"canonical\" href=\"https:\/\/marktxxl.de\/markt\/produkt\/bartroller-0-5mm-dermaroller-bartroller-bartwuchs-micro-needle-roller-zur-haut-und-haarpflege-fuer-mann-frau\/\" \/>\n<meta property=\"og:locale\" content=\"de_DE\" \/>\n<meta property=\"og:type\" content=\"article\" \/>\n<meta property=\"og:title\" content=\"Bartroller 0.5mm, Dermaroller, Bartroller Bartwuchs, Micro needle Roller zur Haut- und Haarpflege F\u00fcr Mann &amp; Frau - Markt-XXL\" \/>\n<meta property=\"og:description\" content=\"Markt-XXL Bartroller 0.5mm, Dermaroller, Bartroller Bartwuchs, Micro needle Roller zur Haut- und Haarpflege F\u00fcr Mann &amp; Frau\" \/>\n<meta property=\"og:url\" content=\"https:\/\/marktxxl.de\/markt\/produkt\/bartroller-0-5mm-dermaroller-bartroller-bartwuchs-micro-needle-roller-zur-haut-und-haarpflege-fuer-mann-frau\/\" \/>\n<meta property=\"og:site_name\" content=\"Markt-XXL\" \/>\n<meta property=\"article:modified_time\" content=\"2023-04-07T02:36:18+00:00\" \/>\n<meta property=\"og:image\" content=\"https:\/\/m.media-amazon.com\/images\/I\/31EjTJO1wjL._SL500_.jpg\" \/>\n\t<meta property=\"og:image:width\" content=\"500\" \/>\n\t<meta property=\"og:image:height\" content=\"500\" \/>\n\t<meta property=\"og:image:type\" content=\"image\/jpeg\" \/>\n<meta name=\"twitter:card\" content=\"summary_large_image\" \/>\n<meta name=\"twitter:label1\" content=\"Gesch\u00e4tzte Lesezeit\" \/>\n\t<meta name=\"twitter:data1\" content=\"1\u00a0Minute\" \/>\n<script type=\"application\/ld+json\" class=\"yoast-schema-graph\">{\"@context\":\"https:\\\/\\\/schema.org\",\"@graph\":[{\"@type\":\"WebPage\",\"@id\":\"https:\\\/\\\/marktxxl.de\\\/markt\\\/produkt\\\/bartroller-0-5mm-dermaroller-bartroller-bartwuchs-micro-needle-roller-zur-haut-und-haarpflege-fuer-mann-frau\\\/\",\"url\":\"https:\\\/\\\/marktxxl.de\\\/markt\\\/produkt\\\/bartroller-0-5mm-dermaroller-bartroller-bartwuchs-micro-needle-roller-zur-haut-und-haarpflege-fuer-mann-frau\\\/\",\"name\":\"Bartroller 0.5mm, Dermaroller, Bartroller Bartwuchs, Micro needle Roller zur Haut- und Haarpflege F\u00fcr Mann &amp; Frau - Markt-XXL\",\"isPartOf\":{\"@id\":\"https:\\\/\\\/marktxxl.de\\\/markt\\\/#website\"},\"primaryImageOfPage\":{\"@id\":\"https:\\\/\\\/marktxxl.de\\\/markt\\\/produkt\\\/bartroller-0-5mm-dermaroller-bartroller-bartwuchs-micro-needle-roller-zur-haut-und-haarpflege-fuer-mann-frau\\\/#primaryimage\"},\"image\":{\"@id\":\"https:\\\/\\\/marktxxl.de\\\/markt\\\/produkt\\\/bartroller-0-5mm-dermaroller-bartroller-bartwuchs-micro-needle-roller-zur-haut-und-haarpflege-fuer-mann-frau\\\/#primaryimage\"},\"thumbnailUrl\":\"https:\\\/\\\/m.media-amazon.com\\\/images\\\/I\\\/31EjTJO1wjL._SL500_.jpg\",\"datePublished\":\"2023-02-09T06:13:18+00:00\",\"dateModified\":\"2023-04-07T02:36:18+00:00\",\"description\":\"Markt-XXL Bartroller 0.5mm, Dermaroller, Bartroller Bartwuchs, Micro needle Roller zur Haut- und Haarpflege F\u00fcr Mann &amp; Frau\",\"breadcrumb\":{\"@id\":\"https:\\\/\\\/marktxxl.de\\\/markt\\\/produkt\\\/bartroller-0-5mm-dermaroller-bartroller-bartwuchs-micro-needle-roller-zur-haut-und-haarpflege-fuer-mann-frau\\\/#breadcrumb\"},\"inLanguage\":\"de\",\"potentialAction\":[{\"@type\":\"ReadAction\",\"target\":[\"https:\\\/\\\/marktxxl.de\\\/markt\\\/produkt\\\/bartroller-0-5mm-dermaroller-bartroller-bartwuchs-micro-needle-roller-zur-haut-und-haarpflege-fuer-mann-frau\\\/\"]}]},{\"@type\":\"ImageObject\",\"inLanguage\":\"de\",\"@id\":\"https:\\\/\\\/marktxxl.de\\\/markt\\\/produkt\\\/bartroller-0-5mm-dermaroller-bartroller-bartwuchs-micro-needle-roller-zur-haut-und-haarpflege-fuer-mann-frau\\\/#primaryimage\",\"url\":\"https:\\\/\\\/m.media-amazon.com\\\/images\\\/I\\\/31EjTJO1wjL._SL500_.jpg\",\"contentUrl\":\"https:\\\/\\\/m.media-amazon.com\\\/images\\\/I\\\/31EjTJO1wjL._SL500_.jpg\",\"width\":500,\"height\":500},{\"@type\":\"BreadcrumbList\",\"@id\":\"https:\\\/\\\/marktxxl.de\\\/markt\\\/produkt\\\/bartroller-0-5mm-dermaroller-bartroller-bartwuchs-micro-needle-roller-zur-haut-und-haarpflege-fuer-mann-frau\\\/#breadcrumb\",\"itemListElement\":[{\"@type\":\"ListItem\",\"position\":1,\"name\":\"Startseite\",\"item\":\"https:\\\/\\\/marktxxl.de\\\/markt\\\/\"},{\"@type\":\"ListItem\",\"position\":2,\"name\":\"Markt\",\"item\":\"https:\\\/\\\/marktxxl.de\\\/markt\\\/\"},{\"@type\":\"ListItem\",\"position\":3,\"name\":\"Bartroller 0.5mm, Dermaroller, Bartroller Bartwuchs, Micro needle Roller zur Haut- und Haarpflege F\u00fcr Mann &amp; Frau\"}]},{\"@type\":\"WebSite\",\"@id\":\"https:\\\/\\\/marktxxl.de\\\/markt\\\/#website\",\"url\":\"https:\\\/\\\/marktxxl.de\\\/markt\\\/\",\"name\":\"Markt-XXL\",\"description\":\"Ihr Markt Online\",\"publisher\":{\"@id\":\"https:\\\/\\\/marktxxl.de\\\/markt\\\/#organization\"},\"potentialAction\":[{\"@type\":\"SearchAction\",\"target\":{\"@type\":\"EntryPoint\",\"urlTemplate\":\"https:\\\/\\\/marktxxl.de\\\/markt\\\/?s={search_term_string}\"},\"query-input\":{\"@type\":\"PropertyValueSpecification\",\"valueRequired\":true,\"valueName\":\"search_term_string\"}}],\"inLanguage\":\"de\"},{\"@type\":\"Organization\",\"@id\":\"https:\\\/\\\/marktxxl.de\\\/markt\\\/#organization\",\"name\":\"Markt-XXL\",\"url\":\"https:\\\/\\\/marktxxl.de\\\/markt\\\/\",\"logo\":{\"@type\":\"ImageObject\",\"inLanguage\":\"de\",\"@id\":\"https:\\\/\\\/marktxxl.de\\\/markt\\\/#\\\/schema\\\/logo\\\/image\\\/\",\"url\":\"https:\\\/\\\/marktxxl.de\\\/markt\\\/wp-content\\\/uploads\\\/sites\\\/3\\\/2020\\\/12\\\/logo.png\",\"contentUrl\":\"https:\\\/\\\/marktxxl.de\\\/markt\\\/wp-content\\\/uploads\\\/sites\\\/3\\\/2020\\\/12\\\/logo.png\",\"width\":200,\"height\":70,\"caption\":\"Markt-XXL\"},\"image\":{\"@id\":\"https:\\\/\\\/marktxxl.de\\\/markt\\\/#\\\/schema\\\/logo\\\/image\\\/\"}}]}<\/script>\n<!-- \/ Yoast SEO plugin. -->","yoast_head_json":{"title":"Bartroller 0.5mm, Dermaroller, Bartroller Bartwuchs, Micro needle Roller zur Haut- und Haarpflege F\u00fcr Mann &amp; Frau - Markt-XXL","description":"Markt-XXL Bartroller 0.5mm, Dermaroller, Bartroller Bartwuchs, Micro needle Roller zur Haut- und Haarpflege F\u00fcr Mann &amp; Frau","robots":{"index":"index","follow":"follow","max-snippet":"max-snippet:-1","max-image-preview":"max-image-preview:large","max-video-preview":"max-video-preview:-1"},"canonical":"https:\/\/marktxxl.de\/markt\/produkt\/bartroller-0-5mm-dermaroller-bartroller-bartwuchs-micro-needle-roller-zur-haut-und-haarpflege-fuer-mann-frau\/","og_locale":"de_DE","og_type":"article","og_title":"Bartroller 0.5mm, Dermaroller, Bartroller Bartwuchs, Micro needle Roller zur Haut- und Haarpflege F\u00fcr Mann &amp; Frau - Markt-XXL","og_description":"Markt-XXL Bartroller 0.5mm, Dermaroller, Bartroller Bartwuchs, Micro needle Roller zur Haut- und Haarpflege F\u00fcr Mann &amp; Frau","og_url":"https:\/\/marktxxl.de\/markt\/produkt\/bartroller-0-5mm-dermaroller-bartroller-bartwuchs-micro-needle-roller-zur-haut-und-haarpflege-fuer-mann-frau\/","og_site_name":"Markt-XXL","article_modified_time":"2023-04-07T02:36:18+00:00","og_image":[{"width":500,"height":500,"url":"https:\/\/m.media-amazon.com\/images\/I\/31EjTJO1wjL._SL500_.jpg","type":"image\/jpeg"}],"twitter_card":"summary_large_image","twitter_misc":{"Gesch\u00e4tzte Lesezeit":"1\u00a0Minute"},"schema":{"@context":"https:\/\/schema.org","@graph":[{"@type":"WebPage","@id":"https:\/\/marktxxl.de\/markt\/produkt\/bartroller-0-5mm-dermaroller-bartroller-bartwuchs-micro-needle-roller-zur-haut-und-haarpflege-fuer-mann-frau\/","url":"https:\/\/marktxxl.de\/markt\/produkt\/bartroller-0-5mm-dermaroller-bartroller-bartwuchs-micro-needle-roller-zur-haut-und-haarpflege-fuer-mann-frau\/","name":"Bartroller 0.5mm, Dermaroller, Bartroller Bartwuchs, Micro needle Roller zur Haut- und Haarpflege F\u00fcr Mann &amp; Frau - Markt-XXL","isPartOf":{"@id":"https:\/\/marktxxl.de\/markt\/#website"},"primaryImageOfPage":{"@id":"https:\/\/marktxxl.de\/markt\/produkt\/bartroller-0-5mm-dermaroller-bartroller-bartwuchs-micro-needle-roller-zur-haut-und-haarpflege-fuer-mann-frau\/#primaryimage"},"image":{"@id":"https:\/\/marktxxl.de\/markt\/produkt\/bartroller-0-5mm-dermaroller-bartroller-bartwuchs-micro-needle-roller-zur-haut-und-haarpflege-fuer-mann-frau\/#primaryimage"},"thumbnailUrl":"https:\/\/m.media-amazon.com\/images\/I\/31EjTJO1wjL._SL500_.jpg","datePublished":"2023-02-09T06:13:18+00:00","dateModified":"2023-04-07T02:36:18+00:00","description":"Markt-XXL Bartroller 0.5mm, Dermaroller, Bartroller Bartwuchs, Micro needle Roller zur Haut- und Haarpflege F\u00fcr Mann &amp; Frau","breadcrumb":{"@id":"https:\/\/marktxxl.de\/markt\/produkt\/bartroller-0-5mm-dermaroller-bartroller-bartwuchs-micro-needle-roller-zur-haut-und-haarpflege-fuer-mann-frau\/#breadcrumb"},"inLanguage":"de","potentialAction":[{"@type":"ReadAction","target":["https:\/\/marktxxl.de\/markt\/produkt\/bartroller-0-5mm-dermaroller-bartroller-bartwuchs-micro-needle-roller-zur-haut-und-haarpflege-fuer-mann-frau\/"]}]},{"@type":"ImageObject","inLanguage":"de","@id":"https:\/\/marktxxl.de\/markt\/produkt\/bartroller-0-5mm-dermaroller-bartroller-bartwuchs-micro-needle-roller-zur-haut-und-haarpflege-fuer-mann-frau\/#primaryimage","url":"https:\/\/m.media-amazon.com\/images\/I\/31EjTJO1wjL._SL500_.jpg","contentUrl":"https:\/\/m.media-amazon.com\/images\/I\/31EjTJO1wjL._SL500_.jpg","width":500,"height":500},{"@type":"BreadcrumbList","@id":"https:\/\/marktxxl.de\/markt\/produkt\/bartroller-0-5mm-dermaroller-bartroller-bartwuchs-micro-needle-roller-zur-haut-und-haarpflege-fuer-mann-frau\/#breadcrumb","itemListElement":[{"@type":"ListItem","position":1,"name":"Startseite","item":"https:\/\/marktxxl.de\/markt\/"},{"@type":"ListItem","position":2,"name":"Markt","item":"https:\/\/marktxxl.de\/markt\/"},{"@type":"ListItem","position":3,"name":"Bartroller 0.5mm, Dermaroller, Bartroller Bartwuchs, Micro needle Roller zur Haut- und Haarpflege F\u00fcr Mann &amp; Frau"}]},{"@type":"WebSite","@id":"https:\/\/marktxxl.de\/markt\/#website","url":"https:\/\/marktxxl.de\/markt\/","name":"Markt-XXL","description":"Ihr Markt Online","publisher":{"@id":"https:\/\/marktxxl.de\/markt\/#organization"},"potentialAction":[{"@type":"SearchAction","target":{"@type":"EntryPoint","urlTemplate":"https:\/\/marktxxl.de\/markt\/?s={search_term_string}"},"query-input":{"@type":"PropertyValueSpecification","valueRequired":true,"valueName":"search_term_string"}}],"inLanguage":"de"},{"@type":"Organization","@id":"https:\/\/marktxxl.de\/markt\/#organization","name":"Markt-XXL","url":"https:\/\/marktxxl.de\/markt\/","logo":{"@type":"ImageObject","inLanguage":"de","@id":"https:\/\/marktxxl.de\/markt\/#\/schema\/logo\/image\/","url":"https:\/\/marktxxl.de\/markt\/wp-content\/uploads\/sites\/3\/2020\/12\/logo.png","contentUrl":"https:\/\/marktxxl.de\/markt\/wp-content\/uploads\/sites\/3\/2020\/12\/logo.png","width":200,"height":70,"caption":"Markt-XXL"},"image":{"@id":"https:\/\/marktxxl.de\/markt\/#\/schema\/logo\/image\/"}}]}},"_links":{"self":[{"href":"https:\/\/marktxxl.de\/markt\/wp-json\/wp\/v2\/product\/188624","targetHints":{"allow":["GET"]}}],"collection":[{"href":"https:\/\/marktxxl.de\/markt\/wp-json\/wp\/v2\/product"}],"about":[{"href":"https:\/\/marktxxl.de\/markt\/wp-json\/wp\/v2\/types\/product"}],"replies":[{"embeddable":true,"href":"https:\/\/marktxxl.de\/markt\/wp-json\/wp\/v2\/comments?post=188624"}],"wp:featuredmedia":[{"embeddable":true,"href":"https:\/\/marktxxl.de\/markt\/wp-json\/wp\/v2\/media\/188625"}],"wp:attachment":[{"href":"https:\/\/marktxxl.de\/markt\/wp-json\/wp\/v2\/media?parent=188624"}],"wp:term":[{"taxonomy":"product_brand","embeddable":true,"href":"https:\/\/marktxxl.de\/markt\/wp-json\/wp\/v2\/product_brand?post=188624"},{"taxonomy":"product_cat","embeddable":true,"href":"https:\/\/marktxxl.de\/markt\/wp-json\/wp\/v2\/product_cat?post=188624"},{"taxonomy":"product_tag","embeddable":true,"href":"https:\/\/marktxxl.de\/markt\/wp-json\/wp\/v2\/product_tag?post=188624"}],"curies":[{"name":"wp","href":"https:\/\/api.w.org\/{rel}","templated":true}]}}