{"id":188585,"date":"2023-02-09T07:10:46","date_gmt":"2023-02-09T06:10:46","guid":{"rendered":"https:\/\/marktxxl.de\/markt\/produkt\/huk-herren-pursuit-langarmhemd-performance-angelshirt-langaermlig\/"},"modified":"2023-04-07T04:36:18","modified_gmt":"2023-04-07T02:36:18","slug":"huk-herren-pursuit-langarmhemd-performance-angelshirt-langaermlig","status":"publish","type":"product","link":"https:\/\/marktxxl.de\/markt\/produkt\/huk-herren-pursuit-langarmhemd-performance-angelshirt-langaermlig\/","title":{"rendered":"HUK Herren Pursuit Langarmhemd | Performance Angelshirt Lang\u00e4rmlig"},"content":{"rendered":"<p>Huk: Vereinen Sie Angler durch leistungsstarke, technische Ausr\u00fcstung, die entwickelt wurde, um Ihre Leidenschaft und Verfolgung anzuregen, egal wann, wo oder wie Sie angeln<br \/>\nDas Huk Pursuit bel\u00fcftete Langarm-Shirt ist vollgepackt mit Huk Performance-Technologie, um den Elementen auf dem Wasser zu bew\u00e4ltigen. Dieses leichte Rundhals-Shirt mit Netzgewebe an den Seiten ist eine ideale Schicht an k\u00fchleren Tagen und perfekt getragen, wenn es hei\u00df ist<br \/>\nSonnenschutz: Dieses Angelshirt sch\u00fctzt Ihre Haut vor den sch\u00e4dlichen Strahlen der Sonne \u2013 Huk hat der Bekleidung die fortschrittlichsten sonnenblockierenden + 30 UPF Materialien hinzugef\u00fcgt, um sowohl UVA- als auch UVB-Strahlen zu blockieren<br \/>\nFleckenentfernung: Weil das Angeln schmutzig sein kann, hat Huk eine spezielle Fleckenentfernungsbehandlung hinzugef\u00fcgt, die nicht nur erm\u00f6glicht, Flecken (wie \u00d6ld\u00e4rme und andere) leicht ausgewaschen zu werden, sondern auch \u00f6lige Substanzen davon abh\u00e4lt, sich an der Kleidung zu befestigen<br \/>\nWie alle Sportler schwitzen Angler \u2013 Huk Behandlung hemmt und t\u00f6tet das Wachstum von Ursachen<br \/>\n<div class=\"main-cross-sell\" data-asin=\"B09RDQWN64\">\n\n\t<div class=\"WooZone-cross-sell-loader\">\n\t\t<div>\n\t\t\t<div id=\"floatingBarsG\">\n\t\t\t\t<div class=\"blockG\" id=\"rotateG_01\"><\/div>\n\t\t\t\t<div class=\"blockG\" id=\"rotateG_02\"><\/div>\n\t\t\t\t<div class=\"blockG\" id=\"rotateG_03\"><\/div>\n\t\t\t\t<div class=\"blockG\" id=\"rotateG_04\"><\/div>\n\t\t\t\t<div class=\"blockG\" id=\"rotateG_05\"><\/div>\n\t\t\t\t<div class=\"blockG\" id=\"rotateG_06\"><\/div>\n\t\t\t\t<div class=\"blockG\" id=\"rotateG_07\"><\/div>\n\t\t\t\t<div class=\"blockG\" id=\"rotateG_08\"><\/div>\n\t\t\t<\/div>\n\t\t\t<div class=\"WooZone-cross-sell-loader-text\"><\/div>\n\t\t<\/div>\n\t<\/div>\n\n\t\t\n<\/div>\n<div style=\"clear:both;\"><\/div><\/p>\n","protected":false},"excerpt":{"rendered":"<p>Huk: Vereinen Sie Angler durch leistungsstarke, technische Ausr\u00fcstung, die entwickelt wurde, um Ihre Leidenschaft und Verfolgung anzuregen, egal wann, wo oder wie Sie angeln<br \/>\nDas Huk Pursuit bel\u00fcftete Langarm-Shirt ist vollgepackt mit Huk Performance-Technologie, um den Elementen auf dem Wasser zu bew\u00e4ltigen. Dieses leichte Rundhals-Shirt mit Netzgewebe an den Seiten ist eine ideale Schicht an k\u00fchleren Tagen und perfekt getragen, wenn es hei\u00df ist<br \/>\nSonnenschutz: Dieses Angelshirt sch\u00fctzt Ihre Haut vor den sch\u00e4dlichen Strahlen der Sonne \u2013 Huk hat der Bekleidung die fortschrittlichsten sonnenblockierenden + 30 UPF Materialien hinzugef\u00fcgt, um sowohl UVA- als auch UVB-Strahlen zu blockieren<\/p>\n","protected":false},"featured_media":188586,"comment_status":"open","ping_status":"closed","template":"","meta":[],"product_brand":[],"product_cat":[4143,1186],"product_tag":[],"class_list":{"0":"post-188585","1":"product","2":"type-product","3":"status-publish","4":"has-post-thumbnail","6":"product_cat-arbeitskleidung-uniformen","7":"product_cat-bekleidung","8":"pa_binding-textilien","9":"pa_brand-huk","10":"pa_color-plein-air","11":"pa_height-10-zoll","12":"pa_length-12-zoll","13":"pa_manufacturer-huk","14":"pa_model-h1200304","15":"pa_size-s","16":"pa_width-2-zoll","18":"first","19":"instock","20":"shipping-taxable","21":"purchasable","22":"product-type-simple","23":"customify-col","24":"product-has-gallery"},"yoast_head":"<!-- This site is optimized with the Yoast SEO plugin v27.4 - https:\/\/yoast.com\/product\/yoast-seo-wordpress\/ -->\n<title>HUK Herren Pursuit Langarmhemd | Performance Angelshirt Lang\u00e4rmlig - Markt-XXL<\/title>\n<meta name=\"description\" content=\"Markt-XXL HUK Herren Pursuit Langarmhemd | Performance Angelshirt Lang\u00e4rmlig\" \/>\n<meta name=\"robots\" content=\"index, follow, max-snippet:-1, max-image-preview:large, max-video-preview:-1\" \/>\n<link rel=\"canonical\" href=\"https:\/\/marktxxl.de\/markt\/produkt\/huk-herren-pursuit-langarmhemd-performance-angelshirt-langaermlig\/\" \/>\n<meta property=\"og:locale\" content=\"de_DE\" \/>\n<meta property=\"og:type\" content=\"article\" \/>\n<meta property=\"og:title\" content=\"HUK Herren Pursuit Langarmhemd | Performance Angelshirt Lang\u00e4rmlig - Markt-XXL\" \/>\n<meta property=\"og:description\" content=\"Markt-XXL HUK Herren Pursuit Langarmhemd | Performance Angelshirt Lang\u00e4rmlig\" \/>\n<meta property=\"og:url\" content=\"https:\/\/marktxxl.de\/markt\/produkt\/huk-herren-pursuit-langarmhemd-performance-angelshirt-langaermlig\/\" \/>\n<meta property=\"og:site_name\" content=\"Markt-XXL\" \/>\n<meta property=\"article:modified_time\" content=\"2023-04-07T02:36:18+00:00\" \/>\n<meta property=\"og:image\" content=\"https:\/\/m.media-amazon.com\/images\/I\/31Xaon56qoL._SL500_.jpg\" \/>\n\t<meta property=\"og:image:width\" content=\"385\" \/>\n\t<meta property=\"og:image:height\" content=\"500\" \/>\n\t<meta property=\"og:image:type\" content=\"image\/jpeg\" \/>\n<meta name=\"twitter:card\" content=\"summary_large_image\" \/>\n<meta name=\"twitter:label1\" content=\"Gesch\u00e4tzte Lesezeit\" \/>\n\t<meta name=\"twitter:data1\" content=\"1\u00a0Minute\" \/>\n<script type=\"application\/ld+json\" class=\"yoast-schema-graph\">{\"@context\":\"https:\\\/\\\/schema.org\",\"@graph\":[{\"@type\":\"WebPage\",\"@id\":\"https:\\\/\\\/marktxxl.de\\\/markt\\\/produkt\\\/huk-herren-pursuit-langarmhemd-performance-angelshirt-langaermlig\\\/\",\"url\":\"https:\\\/\\\/marktxxl.de\\\/markt\\\/produkt\\\/huk-herren-pursuit-langarmhemd-performance-angelshirt-langaermlig\\\/\",\"name\":\"HUK Herren Pursuit Langarmhemd | Performance Angelshirt Lang\u00e4rmlig - Markt-XXL\",\"isPartOf\":{\"@id\":\"https:\\\/\\\/marktxxl.de\\\/markt\\\/#website\"},\"primaryImageOfPage\":{\"@id\":\"https:\\\/\\\/marktxxl.de\\\/markt\\\/produkt\\\/huk-herren-pursuit-langarmhemd-performance-angelshirt-langaermlig\\\/#primaryimage\"},\"image\":{\"@id\":\"https:\\\/\\\/marktxxl.de\\\/markt\\\/produkt\\\/huk-herren-pursuit-langarmhemd-performance-angelshirt-langaermlig\\\/#primaryimage\"},\"thumbnailUrl\":\"https:\\\/\\\/m.media-amazon.com\\\/images\\\/I\\\/31Xaon56qoL._SL500_.jpg\",\"datePublished\":\"2023-02-09T06:10:46+00:00\",\"dateModified\":\"2023-04-07T02:36:18+00:00\",\"description\":\"Markt-XXL HUK Herren Pursuit Langarmhemd | Performance Angelshirt Lang\u00e4rmlig\",\"breadcrumb\":{\"@id\":\"https:\\\/\\\/marktxxl.de\\\/markt\\\/produkt\\\/huk-herren-pursuit-langarmhemd-performance-angelshirt-langaermlig\\\/#breadcrumb\"},\"inLanguage\":\"de\",\"potentialAction\":[{\"@type\":\"ReadAction\",\"target\":[\"https:\\\/\\\/marktxxl.de\\\/markt\\\/produkt\\\/huk-herren-pursuit-langarmhemd-performance-angelshirt-langaermlig\\\/\"]}]},{\"@type\":\"ImageObject\",\"inLanguage\":\"de\",\"@id\":\"https:\\\/\\\/marktxxl.de\\\/markt\\\/produkt\\\/huk-herren-pursuit-langarmhemd-performance-angelshirt-langaermlig\\\/#primaryimage\",\"url\":\"https:\\\/\\\/m.media-amazon.com\\\/images\\\/I\\\/31Xaon56qoL._SL500_.jpg\",\"contentUrl\":\"https:\\\/\\\/m.media-amazon.com\\\/images\\\/I\\\/31Xaon56qoL._SL500_.jpg\",\"width\":385,\"height\":500},{\"@type\":\"BreadcrumbList\",\"@id\":\"https:\\\/\\\/marktxxl.de\\\/markt\\\/produkt\\\/huk-herren-pursuit-langarmhemd-performance-angelshirt-langaermlig\\\/#breadcrumb\",\"itemListElement\":[{\"@type\":\"ListItem\",\"position\":1,\"name\":\"Startseite\",\"item\":\"https:\\\/\\\/marktxxl.de\\\/markt\\\/\"},{\"@type\":\"ListItem\",\"position\":2,\"name\":\"Markt\",\"item\":\"https:\\\/\\\/marktxxl.de\\\/markt\\\/\"},{\"@type\":\"ListItem\",\"position\":3,\"name\":\"HUK Herren Pursuit Langarmhemd | Performance Angelshirt Lang\u00e4rmlig\"}]},{\"@type\":\"WebSite\",\"@id\":\"https:\\\/\\\/marktxxl.de\\\/markt\\\/#website\",\"url\":\"https:\\\/\\\/marktxxl.de\\\/markt\\\/\",\"name\":\"Markt-XXL\",\"description\":\"Ihr Markt Online\",\"publisher\":{\"@id\":\"https:\\\/\\\/marktxxl.de\\\/markt\\\/#organization\"},\"potentialAction\":[{\"@type\":\"SearchAction\",\"target\":{\"@type\":\"EntryPoint\",\"urlTemplate\":\"https:\\\/\\\/marktxxl.de\\\/markt\\\/?s={search_term_string}\"},\"query-input\":{\"@type\":\"PropertyValueSpecification\",\"valueRequired\":true,\"valueName\":\"search_term_string\"}}],\"inLanguage\":\"de\"},{\"@type\":\"Organization\",\"@id\":\"https:\\\/\\\/marktxxl.de\\\/markt\\\/#organization\",\"name\":\"Markt-XXL\",\"url\":\"https:\\\/\\\/marktxxl.de\\\/markt\\\/\",\"logo\":{\"@type\":\"ImageObject\",\"inLanguage\":\"de\",\"@id\":\"https:\\\/\\\/marktxxl.de\\\/markt\\\/#\\\/schema\\\/logo\\\/image\\\/\",\"url\":\"https:\\\/\\\/marktxxl.de\\\/markt\\\/wp-content\\\/uploads\\\/sites\\\/3\\\/2020\\\/12\\\/logo.png\",\"contentUrl\":\"https:\\\/\\\/marktxxl.de\\\/markt\\\/wp-content\\\/uploads\\\/sites\\\/3\\\/2020\\\/12\\\/logo.png\",\"width\":200,\"height\":70,\"caption\":\"Markt-XXL\"},\"image\":{\"@id\":\"https:\\\/\\\/marktxxl.de\\\/markt\\\/#\\\/schema\\\/logo\\\/image\\\/\"}}]}<\/script>\n<!-- \/ Yoast SEO plugin. -->","yoast_head_json":{"title":"HUK Herren Pursuit Langarmhemd | Performance Angelshirt Lang\u00e4rmlig - Markt-XXL","description":"Markt-XXL HUK Herren Pursuit Langarmhemd | Performance Angelshirt Lang\u00e4rmlig","robots":{"index":"index","follow":"follow","max-snippet":"max-snippet:-1","max-image-preview":"max-image-preview:large","max-video-preview":"max-video-preview:-1"},"canonical":"https:\/\/marktxxl.de\/markt\/produkt\/huk-herren-pursuit-langarmhemd-performance-angelshirt-langaermlig\/","og_locale":"de_DE","og_type":"article","og_title":"HUK Herren Pursuit Langarmhemd | Performance Angelshirt Lang\u00e4rmlig - Markt-XXL","og_description":"Markt-XXL HUK Herren Pursuit Langarmhemd | Performance Angelshirt Lang\u00e4rmlig","og_url":"https:\/\/marktxxl.de\/markt\/produkt\/huk-herren-pursuit-langarmhemd-performance-angelshirt-langaermlig\/","og_site_name":"Markt-XXL","article_modified_time":"2023-04-07T02:36:18+00:00","og_image":[{"width":385,"height":500,"url":"https:\/\/m.media-amazon.com\/images\/I\/31Xaon56qoL._SL500_.jpg","type":"image\/jpeg"}],"twitter_card":"summary_large_image","twitter_misc":{"Gesch\u00e4tzte Lesezeit":"1\u00a0Minute"},"schema":{"@context":"https:\/\/schema.org","@graph":[{"@type":"WebPage","@id":"https:\/\/marktxxl.de\/markt\/produkt\/huk-herren-pursuit-langarmhemd-performance-angelshirt-langaermlig\/","url":"https:\/\/marktxxl.de\/markt\/produkt\/huk-herren-pursuit-langarmhemd-performance-angelshirt-langaermlig\/","name":"HUK Herren Pursuit Langarmhemd | Performance Angelshirt Lang\u00e4rmlig - Markt-XXL","isPartOf":{"@id":"https:\/\/marktxxl.de\/markt\/#website"},"primaryImageOfPage":{"@id":"https:\/\/marktxxl.de\/markt\/produkt\/huk-herren-pursuit-langarmhemd-performance-angelshirt-langaermlig\/#primaryimage"},"image":{"@id":"https:\/\/marktxxl.de\/markt\/produkt\/huk-herren-pursuit-langarmhemd-performance-angelshirt-langaermlig\/#primaryimage"},"thumbnailUrl":"https:\/\/m.media-amazon.com\/images\/I\/31Xaon56qoL._SL500_.jpg","datePublished":"2023-02-09T06:10:46+00:00","dateModified":"2023-04-07T02:36:18+00:00","description":"Markt-XXL HUK Herren Pursuit Langarmhemd | Performance Angelshirt Lang\u00e4rmlig","breadcrumb":{"@id":"https:\/\/marktxxl.de\/markt\/produkt\/huk-herren-pursuit-langarmhemd-performance-angelshirt-langaermlig\/#breadcrumb"},"inLanguage":"de","potentialAction":[{"@type":"ReadAction","target":["https:\/\/marktxxl.de\/markt\/produkt\/huk-herren-pursuit-langarmhemd-performance-angelshirt-langaermlig\/"]}]},{"@type":"ImageObject","inLanguage":"de","@id":"https:\/\/marktxxl.de\/markt\/produkt\/huk-herren-pursuit-langarmhemd-performance-angelshirt-langaermlig\/#primaryimage","url":"https:\/\/m.media-amazon.com\/images\/I\/31Xaon56qoL._SL500_.jpg","contentUrl":"https:\/\/m.media-amazon.com\/images\/I\/31Xaon56qoL._SL500_.jpg","width":385,"height":500},{"@type":"BreadcrumbList","@id":"https:\/\/marktxxl.de\/markt\/produkt\/huk-herren-pursuit-langarmhemd-performance-angelshirt-langaermlig\/#breadcrumb","itemListElement":[{"@type":"ListItem","position":1,"name":"Startseite","item":"https:\/\/marktxxl.de\/markt\/"},{"@type":"ListItem","position":2,"name":"Markt","item":"https:\/\/marktxxl.de\/markt\/"},{"@type":"ListItem","position":3,"name":"HUK Herren Pursuit Langarmhemd | Performance Angelshirt Lang\u00e4rmlig"}]},{"@type":"WebSite","@id":"https:\/\/marktxxl.de\/markt\/#website","url":"https:\/\/marktxxl.de\/markt\/","name":"Markt-XXL","description":"Ihr Markt Online","publisher":{"@id":"https:\/\/marktxxl.de\/markt\/#organization"},"potentialAction":[{"@type":"SearchAction","target":{"@type":"EntryPoint","urlTemplate":"https:\/\/marktxxl.de\/markt\/?s={search_term_string}"},"query-input":{"@type":"PropertyValueSpecification","valueRequired":true,"valueName":"search_term_string"}}],"inLanguage":"de"},{"@type":"Organization","@id":"https:\/\/marktxxl.de\/markt\/#organization","name":"Markt-XXL","url":"https:\/\/marktxxl.de\/markt\/","logo":{"@type":"ImageObject","inLanguage":"de","@id":"https:\/\/marktxxl.de\/markt\/#\/schema\/logo\/image\/","url":"https:\/\/marktxxl.de\/markt\/wp-content\/uploads\/sites\/3\/2020\/12\/logo.png","contentUrl":"https:\/\/marktxxl.de\/markt\/wp-content\/uploads\/sites\/3\/2020\/12\/logo.png","width":200,"height":70,"caption":"Markt-XXL"},"image":{"@id":"https:\/\/marktxxl.de\/markt\/#\/schema\/logo\/image\/"}}]}},"_links":{"self":[{"href":"https:\/\/marktxxl.de\/markt\/wp-json\/wp\/v2\/product\/188585","targetHints":{"allow":["GET"]}}],"collection":[{"href":"https:\/\/marktxxl.de\/markt\/wp-json\/wp\/v2\/product"}],"about":[{"href":"https:\/\/marktxxl.de\/markt\/wp-json\/wp\/v2\/types\/product"}],"replies":[{"embeddable":true,"href":"https:\/\/marktxxl.de\/markt\/wp-json\/wp\/v2\/comments?post=188585"}],"wp:featuredmedia":[{"embeddable":true,"href":"https:\/\/marktxxl.de\/markt\/wp-json\/wp\/v2\/media\/188586"}],"wp:attachment":[{"href":"https:\/\/marktxxl.de\/markt\/wp-json\/wp\/v2\/media?parent=188585"}],"wp:term":[{"taxonomy":"product_brand","embeddable":true,"href":"https:\/\/marktxxl.de\/markt\/wp-json\/wp\/v2\/product_brand?post=188585"},{"taxonomy":"product_cat","embeddable":true,"href":"https:\/\/marktxxl.de\/markt\/wp-json\/wp\/v2\/product_cat?post=188585"},{"taxonomy":"product_tag","embeddable":true,"href":"https:\/\/marktxxl.de\/markt\/wp-json\/wp\/v2\/product_tag?post=188585"}],"curies":[{"name":"wp","href":"https:\/\/api.w.org\/{rel}","templated":true}]}}