{"id":188573,"date":"2023-02-09T07:10:32","date_gmt":"2023-02-09T06:10:32","guid":{"rendered":"https:\/\/marktxxl.de\/markt\/produkt\/jeanerlor-denim-schuerzen-mit-taschen-fuer-damen-und-herren-haarstylistin-kreuzgurte-verstellbar-s-bis-xxxl\/"},"modified":"2023-04-07T04:36:17","modified_gmt":"2023-04-07T02:36:17","slug":"jeanerlor-denim-schuerzen-mit-taschen-fuer-damen-und-herren-haarstylistin-kreuzgurte-verstellbar-s-bis-xxxl","status":"publish","type":"product","link":"https:\/\/marktxxl.de\/markt\/produkt\/jeanerlor-denim-schuerzen-mit-taschen-fuer-damen-und-herren-haarstylistin-kreuzgurte-verstellbar-s-bis-xxxl\/","title":{"rendered":"Jeanerlor &#8211; Denim-Sch\u00fcrzen mit Taschen f\u00fcr Damen und Herren, Haarstylistin, Kreuzgurte &amp; verstellbar S bis XXXL"},"content":{"rendered":"<p>\u27b9\u3010Stoff\u3011: Denim. Material: 100% Baumwolle Es hat eine dicke Dicke, keine Elastizit\u00e4t, gute Stoffbest\u00e4ndigkeit und starke Verschlei\u00dffestigkeit.<br \/>\n\u27b9\u3010Design\u3011: Der helle Teil ist die gegen\u00fcberliegende Seite des Stoffes. Die kleine Fl\u00e4che erhellt und kontrastiert Farbe ist ziemlich modisch. Die gut durchdachte Taschenmodellierung und Segmentierung eignen sich f\u00fcr die Platzierung verschiedener Werkzeuge unterschiedlicher Gr\u00f6\u00dfen. Das Taillengurt-Design betont die K\u00f6rperproportion. Das Strapsdesign macht die ganze Sch\u00fcrze modischer. Sieht bei M\u00e4nnern und Frauen toll aus. Jeanerlor verlangt Perfektion von \u00c4sthetik bis Zweckm\u00e4\u00dfigkeit!<br \/>\n\u27b9 \u3010Praktisch\u3011: 7 Taschen bieten Platz f\u00fcr verschiedene Werkzeuge unterschiedlicher Gr\u00f6\u00dfen. Die messerf\u00f6rmige Tasche ist relativ tief, so dass Ihre Werkzeuge schwer herausfallen k\u00f6nnen. Die miteinander verbundenen doppelten Dreieckstaschen eignen sich f\u00fcr kleine Gegenst\u00e4nde, wie einen Zeichenstift, einen Schraubendreher oder eine Schere wenn Sie ein Friseur sind. Es hat eine doppelte Nahttasche mit angenieteter Taschenecke. So ist es nicht einfach, ungen\u00e4ht zu kommen und haltbarer.<br \/>\n\u27b9\u3010Technologie\u3011: Die oberen, unteren und seitlichen \u00d6sen der Sch\u00fcrze sind aus einer doppellagigen Struktur mit starker Stabilit\u00e4t, Abriebfestigkeit und Haltbarkeit. Das Kreuzgurt-Design erm\u00f6glicht es, das Gewicht gleichm\u00e4\u00dfig \u00fcber die Schultern zu verteilen und es leicht den ganzen Tag zu tragen. Es ist sehr bequem an- und auszuziehen. Nieten und \u00d6sen und anderes Zubeh\u00f6r sind aus bronzefarbenem Metall, das eine gute Textur hat, Haltbarkeit und glatte Oberfl\u00e4che hat.<br \/>\n\u27b9\u3010Sorgenfreier Kauf\u3011: 100% Kundenzufriedenheit, wenn Sie mit ihnen nicht zufrieden sind, z\u00f6gern Sie nicht, uns zu kontaktieren, Sie k\u00f6nnen ein neues Produkt oder eine volle R\u00fcckerstattung mit nur wenigen Klicks erhalten. Es gibt absolut kein Risiko f\u00fcr Sie.<br \/>\n<div class=\"main-cross-sell\" data-asin=\"B08GJWQSLY\">\n\n\t<div class=\"WooZone-cross-sell-loader\">\n\t\t<div>\n\t\t\t<div id=\"floatingBarsG\">\n\t\t\t\t<div class=\"blockG\" id=\"rotateG_01\"><\/div>\n\t\t\t\t<div class=\"blockG\" id=\"rotateG_02\"><\/div>\n\t\t\t\t<div class=\"blockG\" id=\"rotateG_03\"><\/div>\n\t\t\t\t<div class=\"blockG\" id=\"rotateG_04\"><\/div>\n\t\t\t\t<div class=\"blockG\" id=\"rotateG_05\"><\/div>\n\t\t\t\t<div class=\"blockG\" id=\"rotateG_06\"><\/div>\n\t\t\t\t<div class=\"blockG\" id=\"rotateG_07\"><\/div>\n\t\t\t\t<div class=\"blockG\" id=\"rotateG_08\"><\/div>\n\t\t\t<\/div>\n\t\t\t<div class=\"WooZone-cross-sell-loader-text\"><\/div>\n\t\t<\/div>\n\t<\/div>\n\n\t\t\n<\/div>\n<div style=\"clear:both;\"><\/div><\/p>\n","protected":false},"excerpt":{"rendered":"<p>\u27b9\u3010Stoff\u3011: Denim. Material: 100% Baumwolle Es hat eine dicke Dicke, keine Elastizit\u00e4t, gute Stoffbest\u00e4ndigkeit und starke Verschlei\u00dffestigkeit.<br \/>\n\u27b9\u3010Design\u3011: Der helle Teil ist die gegen\u00fcberliegende Seite des Stoffes. Die kleine Fl\u00e4che erhellt und kontrastiert Farbe ist ziemlich modisch. Die gut durchdachte Taschenmodellierung und Segmentierung eignen sich f\u00fcr die Platzierung verschiedener Werkzeuge unterschiedlicher Gr\u00f6\u00dfen. Das Taillengurt-Design betont die K\u00f6rperproportion. Das Strapsdesign macht die ganze Sch\u00fcrze modischer. Sieht bei M\u00e4nnern und Frauen toll aus. Jeanerlor verlangt Perfektion von \u00c4sthetik bis Zweckm\u00e4\u00dfigkeit!<br \/>\n\u27b9 \u3010Praktisch\u3011: 7 Taschen bieten Platz f\u00fcr verschiedene Werkzeuge unterschiedlicher Gr\u00f6\u00dfen. Die messerf\u00f6rmige Tasche ist relativ tief, so dass Ihre Werkzeuge schwer herausfallen k\u00f6nnen. Die miteinander verbundenen doppelten Dreieckstaschen eignen sich f\u00fcr kleine Gegenst\u00e4nde, wie einen Zeichenstift, einen Schraubendreher oder eine Schere wenn Sie ein Friseur sind. Es hat eine doppelte Nahttasche mit angenieteter Taschenecke. So ist es nicht einfach, ungen\u00e4ht zu kommen und haltbarer.<\/p>\n","protected":false},"featured_media":188574,"comment_status":"open","ping_status":"closed","template":"","meta":[],"product_brand":[],"product_cat":[4143,1186],"product_tag":[],"class_list":{"0":"post-188573","1":"product","2":"type-product","3":"status-publish","4":"has-post-thumbnail","6":"product_cat-arbeitskleidung-uniformen","7":"product_cat-bekleidung","8":"pa_binding-misc","9":"pa_brand-jeanerlor","10":"pa_manufacturer-jeanerlor","12":"first","13":"instock","14":"shipping-taxable","15":"purchasable","16":"product-type-simple","17":"customify-col","18":"product-has-gallery"},"yoast_head":"<!-- This site is optimized with the Yoast SEO plugin v27.4 - https:\/\/yoast.com\/product\/yoast-seo-wordpress\/ -->\n<title>Jeanerlor - Denim-Sch\u00fcrzen mit Taschen f\u00fcr Damen und Herren, Haarstylistin, Kreuzgurte &amp; verstellbar S bis XXXL - Markt-XXL<\/title>\n<meta name=\"description\" content=\"Markt-XXL Jeanerlor - Denim-Sch\u00fcrzen mit Taschen f\u00fcr Damen und Herren, Haarstylistin, Kreuzgurte &amp; verstellbar S bis XXXL\" \/>\n<meta name=\"robots\" content=\"index, follow, max-snippet:-1, max-image-preview:large, max-video-preview:-1\" \/>\n<link rel=\"canonical\" href=\"https:\/\/marktxxl.de\/markt\/produkt\/jeanerlor-denim-schuerzen-mit-taschen-fuer-damen-und-herren-haarstylistin-kreuzgurte-verstellbar-s-bis-xxxl\/\" \/>\n<meta property=\"og:locale\" content=\"de_DE\" \/>\n<meta property=\"og:type\" content=\"article\" \/>\n<meta property=\"og:title\" content=\"Jeanerlor - Denim-Sch\u00fcrzen mit Taschen f\u00fcr Damen und Herren, Haarstylistin, Kreuzgurte &amp; verstellbar S bis XXXL - Markt-XXL\" \/>\n<meta property=\"og:description\" content=\"Markt-XXL Jeanerlor - Denim-Sch\u00fcrzen mit Taschen f\u00fcr Damen und Herren, Haarstylistin, Kreuzgurte &amp; verstellbar S bis XXXL\" \/>\n<meta property=\"og:url\" content=\"https:\/\/marktxxl.de\/markt\/produkt\/jeanerlor-denim-schuerzen-mit-taschen-fuer-damen-und-herren-haarstylistin-kreuzgurte-verstellbar-s-bis-xxxl\/\" \/>\n<meta property=\"og:site_name\" content=\"Markt-XXL\" \/>\n<meta property=\"article:modified_time\" content=\"2023-04-07T02:36:17+00:00\" \/>\n<meta property=\"og:image\" content=\"https:\/\/m.media-amazon.com\/images\/I\/51QfBXJYgpL._SL500_.jpg\" \/>\n\t<meta property=\"og:image:width\" content=\"500\" \/>\n\t<meta property=\"og:image:height\" content=\"500\" \/>\n\t<meta property=\"og:image:type\" content=\"image\/jpeg\" \/>\n<meta name=\"twitter:card\" content=\"summary_large_image\" \/>\n<meta name=\"twitter:label1\" content=\"Gesch\u00e4tzte Lesezeit\" \/>\n\t<meta name=\"twitter:data1\" content=\"1\u00a0Minute\" \/>\n<script type=\"application\/ld+json\" class=\"yoast-schema-graph\">{\"@context\":\"https:\\\/\\\/schema.org\",\"@graph\":[{\"@type\":\"WebPage\",\"@id\":\"https:\\\/\\\/marktxxl.de\\\/markt\\\/produkt\\\/jeanerlor-denim-schuerzen-mit-taschen-fuer-damen-und-herren-haarstylistin-kreuzgurte-verstellbar-s-bis-xxxl\\\/\",\"url\":\"https:\\\/\\\/marktxxl.de\\\/markt\\\/produkt\\\/jeanerlor-denim-schuerzen-mit-taschen-fuer-damen-und-herren-haarstylistin-kreuzgurte-verstellbar-s-bis-xxxl\\\/\",\"name\":\"Jeanerlor - Denim-Sch\u00fcrzen mit Taschen f\u00fcr Damen und Herren, Haarstylistin, Kreuzgurte &amp; verstellbar S bis XXXL - Markt-XXL\",\"isPartOf\":{\"@id\":\"https:\\\/\\\/marktxxl.de\\\/markt\\\/#website\"},\"primaryImageOfPage\":{\"@id\":\"https:\\\/\\\/marktxxl.de\\\/markt\\\/produkt\\\/jeanerlor-denim-schuerzen-mit-taschen-fuer-damen-und-herren-haarstylistin-kreuzgurte-verstellbar-s-bis-xxxl\\\/#primaryimage\"},\"image\":{\"@id\":\"https:\\\/\\\/marktxxl.de\\\/markt\\\/produkt\\\/jeanerlor-denim-schuerzen-mit-taschen-fuer-damen-und-herren-haarstylistin-kreuzgurte-verstellbar-s-bis-xxxl\\\/#primaryimage\"},\"thumbnailUrl\":\"https:\\\/\\\/m.media-amazon.com\\\/images\\\/I\\\/51QfBXJYgpL._SL500_.jpg\",\"datePublished\":\"2023-02-09T06:10:32+00:00\",\"dateModified\":\"2023-04-07T02:36:17+00:00\",\"description\":\"Markt-XXL Jeanerlor - Denim-Sch\u00fcrzen mit Taschen f\u00fcr Damen und Herren, Haarstylistin, Kreuzgurte &amp; verstellbar S bis XXXL\",\"breadcrumb\":{\"@id\":\"https:\\\/\\\/marktxxl.de\\\/markt\\\/produkt\\\/jeanerlor-denim-schuerzen-mit-taschen-fuer-damen-und-herren-haarstylistin-kreuzgurte-verstellbar-s-bis-xxxl\\\/#breadcrumb\"},\"inLanguage\":\"de\",\"potentialAction\":[{\"@type\":\"ReadAction\",\"target\":[\"https:\\\/\\\/marktxxl.de\\\/markt\\\/produkt\\\/jeanerlor-denim-schuerzen-mit-taschen-fuer-damen-und-herren-haarstylistin-kreuzgurte-verstellbar-s-bis-xxxl\\\/\"]}]},{\"@type\":\"ImageObject\",\"inLanguage\":\"de\",\"@id\":\"https:\\\/\\\/marktxxl.de\\\/markt\\\/produkt\\\/jeanerlor-denim-schuerzen-mit-taschen-fuer-damen-und-herren-haarstylistin-kreuzgurte-verstellbar-s-bis-xxxl\\\/#primaryimage\",\"url\":\"https:\\\/\\\/m.media-amazon.com\\\/images\\\/I\\\/51QfBXJYgpL._SL500_.jpg\",\"contentUrl\":\"https:\\\/\\\/m.media-amazon.com\\\/images\\\/I\\\/51QfBXJYgpL._SL500_.jpg\",\"width\":500,\"height\":500},{\"@type\":\"BreadcrumbList\",\"@id\":\"https:\\\/\\\/marktxxl.de\\\/markt\\\/produkt\\\/jeanerlor-denim-schuerzen-mit-taschen-fuer-damen-und-herren-haarstylistin-kreuzgurte-verstellbar-s-bis-xxxl\\\/#breadcrumb\",\"itemListElement\":[{\"@type\":\"ListItem\",\"position\":1,\"name\":\"Startseite\",\"item\":\"https:\\\/\\\/marktxxl.de\\\/markt\\\/\"},{\"@type\":\"ListItem\",\"position\":2,\"name\":\"Markt\",\"item\":\"https:\\\/\\\/marktxxl.de\\\/markt\\\/\"},{\"@type\":\"ListItem\",\"position\":3,\"name\":\"Jeanerlor &#8211; Denim-Sch\u00fcrzen mit Taschen f\u00fcr Damen und Herren, Haarstylistin, Kreuzgurte &amp; verstellbar S bis XXXL\"}]},{\"@type\":\"WebSite\",\"@id\":\"https:\\\/\\\/marktxxl.de\\\/markt\\\/#website\",\"url\":\"https:\\\/\\\/marktxxl.de\\\/markt\\\/\",\"name\":\"Markt-XXL\",\"description\":\"Ihr Markt Online\",\"publisher\":{\"@id\":\"https:\\\/\\\/marktxxl.de\\\/markt\\\/#organization\"},\"potentialAction\":[{\"@type\":\"SearchAction\",\"target\":{\"@type\":\"EntryPoint\",\"urlTemplate\":\"https:\\\/\\\/marktxxl.de\\\/markt\\\/?s={search_term_string}\"},\"query-input\":{\"@type\":\"PropertyValueSpecification\",\"valueRequired\":true,\"valueName\":\"search_term_string\"}}],\"inLanguage\":\"de\"},{\"@type\":\"Organization\",\"@id\":\"https:\\\/\\\/marktxxl.de\\\/markt\\\/#organization\",\"name\":\"Markt-XXL\",\"url\":\"https:\\\/\\\/marktxxl.de\\\/markt\\\/\",\"logo\":{\"@type\":\"ImageObject\",\"inLanguage\":\"de\",\"@id\":\"https:\\\/\\\/marktxxl.de\\\/markt\\\/#\\\/schema\\\/logo\\\/image\\\/\",\"url\":\"https:\\\/\\\/marktxxl.de\\\/markt\\\/wp-content\\\/uploads\\\/sites\\\/3\\\/2020\\\/12\\\/logo.png\",\"contentUrl\":\"https:\\\/\\\/marktxxl.de\\\/markt\\\/wp-content\\\/uploads\\\/sites\\\/3\\\/2020\\\/12\\\/logo.png\",\"width\":200,\"height\":70,\"caption\":\"Markt-XXL\"},\"image\":{\"@id\":\"https:\\\/\\\/marktxxl.de\\\/markt\\\/#\\\/schema\\\/logo\\\/image\\\/\"}}]}<\/script>\n<!-- \/ Yoast SEO plugin. -->","yoast_head_json":{"title":"Jeanerlor - Denim-Sch\u00fcrzen mit Taschen f\u00fcr Damen und Herren, Haarstylistin, Kreuzgurte &amp; verstellbar S bis XXXL - Markt-XXL","description":"Markt-XXL Jeanerlor - Denim-Sch\u00fcrzen mit Taschen f\u00fcr Damen und Herren, Haarstylistin, Kreuzgurte &amp; verstellbar S bis XXXL","robots":{"index":"index","follow":"follow","max-snippet":"max-snippet:-1","max-image-preview":"max-image-preview:large","max-video-preview":"max-video-preview:-1"},"canonical":"https:\/\/marktxxl.de\/markt\/produkt\/jeanerlor-denim-schuerzen-mit-taschen-fuer-damen-und-herren-haarstylistin-kreuzgurte-verstellbar-s-bis-xxxl\/","og_locale":"de_DE","og_type":"article","og_title":"Jeanerlor - Denim-Sch\u00fcrzen mit Taschen f\u00fcr Damen und Herren, Haarstylistin, Kreuzgurte &amp; verstellbar S bis XXXL - Markt-XXL","og_description":"Markt-XXL Jeanerlor - Denim-Sch\u00fcrzen mit Taschen f\u00fcr Damen und Herren, Haarstylistin, Kreuzgurte &amp; verstellbar S bis XXXL","og_url":"https:\/\/marktxxl.de\/markt\/produkt\/jeanerlor-denim-schuerzen-mit-taschen-fuer-damen-und-herren-haarstylistin-kreuzgurte-verstellbar-s-bis-xxxl\/","og_site_name":"Markt-XXL","article_modified_time":"2023-04-07T02:36:17+00:00","og_image":[{"width":500,"height":500,"url":"https:\/\/m.media-amazon.com\/images\/I\/51QfBXJYgpL._SL500_.jpg","type":"image\/jpeg"}],"twitter_card":"summary_large_image","twitter_misc":{"Gesch\u00e4tzte Lesezeit":"1\u00a0Minute"},"schema":{"@context":"https:\/\/schema.org","@graph":[{"@type":"WebPage","@id":"https:\/\/marktxxl.de\/markt\/produkt\/jeanerlor-denim-schuerzen-mit-taschen-fuer-damen-und-herren-haarstylistin-kreuzgurte-verstellbar-s-bis-xxxl\/","url":"https:\/\/marktxxl.de\/markt\/produkt\/jeanerlor-denim-schuerzen-mit-taschen-fuer-damen-und-herren-haarstylistin-kreuzgurte-verstellbar-s-bis-xxxl\/","name":"Jeanerlor - Denim-Sch\u00fcrzen mit Taschen f\u00fcr Damen und Herren, Haarstylistin, Kreuzgurte &amp; verstellbar S bis XXXL - Markt-XXL","isPartOf":{"@id":"https:\/\/marktxxl.de\/markt\/#website"},"primaryImageOfPage":{"@id":"https:\/\/marktxxl.de\/markt\/produkt\/jeanerlor-denim-schuerzen-mit-taschen-fuer-damen-und-herren-haarstylistin-kreuzgurte-verstellbar-s-bis-xxxl\/#primaryimage"},"image":{"@id":"https:\/\/marktxxl.de\/markt\/produkt\/jeanerlor-denim-schuerzen-mit-taschen-fuer-damen-und-herren-haarstylistin-kreuzgurte-verstellbar-s-bis-xxxl\/#primaryimage"},"thumbnailUrl":"https:\/\/m.media-amazon.com\/images\/I\/51QfBXJYgpL._SL500_.jpg","datePublished":"2023-02-09T06:10:32+00:00","dateModified":"2023-04-07T02:36:17+00:00","description":"Markt-XXL Jeanerlor - Denim-Sch\u00fcrzen mit Taschen f\u00fcr Damen und Herren, Haarstylistin, Kreuzgurte &amp; verstellbar S bis XXXL","breadcrumb":{"@id":"https:\/\/marktxxl.de\/markt\/produkt\/jeanerlor-denim-schuerzen-mit-taschen-fuer-damen-und-herren-haarstylistin-kreuzgurte-verstellbar-s-bis-xxxl\/#breadcrumb"},"inLanguage":"de","potentialAction":[{"@type":"ReadAction","target":["https:\/\/marktxxl.de\/markt\/produkt\/jeanerlor-denim-schuerzen-mit-taschen-fuer-damen-und-herren-haarstylistin-kreuzgurte-verstellbar-s-bis-xxxl\/"]}]},{"@type":"ImageObject","inLanguage":"de","@id":"https:\/\/marktxxl.de\/markt\/produkt\/jeanerlor-denim-schuerzen-mit-taschen-fuer-damen-und-herren-haarstylistin-kreuzgurte-verstellbar-s-bis-xxxl\/#primaryimage","url":"https:\/\/m.media-amazon.com\/images\/I\/51QfBXJYgpL._SL500_.jpg","contentUrl":"https:\/\/m.media-amazon.com\/images\/I\/51QfBXJYgpL._SL500_.jpg","width":500,"height":500},{"@type":"BreadcrumbList","@id":"https:\/\/marktxxl.de\/markt\/produkt\/jeanerlor-denim-schuerzen-mit-taschen-fuer-damen-und-herren-haarstylistin-kreuzgurte-verstellbar-s-bis-xxxl\/#breadcrumb","itemListElement":[{"@type":"ListItem","position":1,"name":"Startseite","item":"https:\/\/marktxxl.de\/markt\/"},{"@type":"ListItem","position":2,"name":"Markt","item":"https:\/\/marktxxl.de\/markt\/"},{"@type":"ListItem","position":3,"name":"Jeanerlor &#8211; Denim-Sch\u00fcrzen mit Taschen f\u00fcr Damen und Herren, Haarstylistin, Kreuzgurte &amp; verstellbar S bis XXXL"}]},{"@type":"WebSite","@id":"https:\/\/marktxxl.de\/markt\/#website","url":"https:\/\/marktxxl.de\/markt\/","name":"Markt-XXL","description":"Ihr Markt Online","publisher":{"@id":"https:\/\/marktxxl.de\/markt\/#organization"},"potentialAction":[{"@type":"SearchAction","target":{"@type":"EntryPoint","urlTemplate":"https:\/\/marktxxl.de\/markt\/?s={search_term_string}"},"query-input":{"@type":"PropertyValueSpecification","valueRequired":true,"valueName":"search_term_string"}}],"inLanguage":"de"},{"@type":"Organization","@id":"https:\/\/marktxxl.de\/markt\/#organization","name":"Markt-XXL","url":"https:\/\/marktxxl.de\/markt\/","logo":{"@type":"ImageObject","inLanguage":"de","@id":"https:\/\/marktxxl.de\/markt\/#\/schema\/logo\/image\/","url":"https:\/\/marktxxl.de\/markt\/wp-content\/uploads\/sites\/3\/2020\/12\/logo.png","contentUrl":"https:\/\/marktxxl.de\/markt\/wp-content\/uploads\/sites\/3\/2020\/12\/logo.png","width":200,"height":70,"caption":"Markt-XXL"},"image":{"@id":"https:\/\/marktxxl.de\/markt\/#\/schema\/logo\/image\/"}}]}},"_links":{"self":[{"href":"https:\/\/marktxxl.de\/markt\/wp-json\/wp\/v2\/product\/188573","targetHints":{"allow":["GET"]}}],"collection":[{"href":"https:\/\/marktxxl.de\/markt\/wp-json\/wp\/v2\/product"}],"about":[{"href":"https:\/\/marktxxl.de\/markt\/wp-json\/wp\/v2\/types\/product"}],"replies":[{"embeddable":true,"href":"https:\/\/marktxxl.de\/markt\/wp-json\/wp\/v2\/comments?post=188573"}],"wp:featuredmedia":[{"embeddable":true,"href":"https:\/\/marktxxl.de\/markt\/wp-json\/wp\/v2\/media\/188574"}],"wp:attachment":[{"href":"https:\/\/marktxxl.de\/markt\/wp-json\/wp\/v2\/media?parent=188573"}],"wp:term":[{"taxonomy":"product_brand","embeddable":true,"href":"https:\/\/marktxxl.de\/markt\/wp-json\/wp\/v2\/product_brand?post=188573"},{"taxonomy":"product_cat","embeddable":true,"href":"https:\/\/marktxxl.de\/markt\/wp-json\/wp\/v2\/product_cat?post=188573"},{"taxonomy":"product_tag","embeddable":true,"href":"https:\/\/marktxxl.de\/markt\/wp-json\/wp\/v2\/product_tag?post=188573"}],"curies":[{"name":"wp","href":"https:\/\/api.w.org\/{rel}","templated":true}]}}