{"id":188473,"date":"2023-02-09T07:05:03","date_gmt":"2023-02-09T06:05:03","guid":{"rendered":"https:\/\/marktxxl.de\/markt\/produkt\/gel-nagellack-comozon-uv-gel-nagelgel-farbgel-fuer-gelnaege-farben-nagel-gel-farben-set-fuer-naegel-gel-nail-polish-farbgel-gelnaegel-set-anfaenger-36-farben-glitzer-uv-gel-farbgel-fuer-nail-art-nagel\/"},"modified":"2023-04-08T04:50:17","modified_gmt":"2023-04-08T02:50:17","slug":"gel-nagellack-comozon-uv-gel-nagelgel-farbgel-fuer-gelnaege-farben-nagel-gel-farben-set-fuer-naegel-gel-nail-polish-farbgel-gelnaegel-set-anfaenger-36-farben-glitzer-uv-gel-farbgel-fuer-nail-art-nagel","status":"publish","type":"product","link":"https:\/\/marktxxl.de\/markt\/produkt\/gel-nagellack-comozon-uv-gel-nagelgel-farbgel-fuer-gelnaege-farben-nagel-gel-farben-set-fuer-naegel-gel-nail-polish-farbgel-gelnaegel-set-anfaenger-36-farben-glitzer-uv-gel-farbgel-fuer-nail-art-nagel\/","title":{"rendered":"Gel Nagellack Comozon UV Gel Nagelgel Farbgel F\u00fcr Geln\u00e4ge Farben Nagel Gel Farben Set F\u00fcr N\u00e4Gel Gel Nail Polish Farbgel\u2026"},"content":{"rendered":"<p>\ud83c\udf3a\ud83c\udf80 \u30102021ALL-IN-ONE GEL NAGELLACK KIT, NAIL ART MIT NACH HAUSE NEHMEN\u3011 \ud83d\udc8536 Farbgel F\u00fcr Geln\u00e4Gel: Schwarz, Wei\u00df, Gr\u00fcn, Nude, Pink, Glitzer, Braun, Blau, Rot, Gelb, Orange, Lila und andere Geln\u00e4Gel Farben um alle Ihre Farbw\u00fcnsche zu erf\u00fcllen, geeignet f\u00fcr das t\u00e4gliche Leben und alle Jahreszeiten Fr\u00fchling, Sommer, Herbst und Winter. Es enth\u00e4lt auch 1 * Reibstreifen, mit denen Sie sch\u00f6ne Nagelstile erstellen k\u00f6nnen, 1 * Flachpinsel und 1 * Spitzpinsel, mit denen Sie jedes gew\u00fcnschte.<br \/>\n\ud83c\udf3a\ud83c\udf80 \u3010FARBGEL F\u00dcR GELN\u00c4GEL, IDEALE WAHL F\u00dcR WEIBLICHE GESCHENKE\u3011\ud83d\udc85 Das UV Gel Kit eignet sich f\u00fcr jeden Feiertag oder besonderen Anlass, wie Geburtstag, Weihnachten, Valentinstag. Es gibt 36 Farben, sodass Sie sich nicht viel M\u00fche geben m\u00fcssen, um zu entscheiden, welche Farbe Sie w\u00e4hlen sollten. Mit dem Gel Farben F\u00fcr N\u00e4Gel k\u00f6nnen Sie nach Belieben charmante und glitzernde N\u00e4gel entwerfen. Das Gel Nagellack Set ist ein perfektes Geschenk, um Ihre Freundin, Frau und Mutter gl\u00fccklich zu machen.<br \/>\n\ud83c\udf3a\ud83c\udf80\u3010UNGIFTIGES NAT\u00dcRLICHES GELN\u00c4GEL FARBEN, GENIESSEN SIE MOMENTE DER NAGELKUNST\u3011 \ud83d\udc85Das Geln\u00e4Gel Set Anf\u00e4Nger besteht aus nat\u00fcrlichem Harz und ungiftigen Inhaltsstoffen und ist somit sicher, gesund und geruchsarm. Die Inhaltsstoffe haben eine hervorragende Deckkraft und ein hervorragendes Finish und schaden Ihren N\u00e4geln nicht. Warnung: Nur f\u00fcr N\u00e4gel. Hautkontakt kann allergische Reaktionen hervorrufen. Kontakt mit Augen, Mund und Haut vermeiden. Wenn Sie sie ber\u00fchren, sp\u00fclen Sie sie sofort aus.<br \/>\n\ud83c\udf3a\ud83c\udf80 \u3010EINFACHES LANGLEBIGES NAGELGEL F\u00dcR SCH\u00d6NE N\u00c4GEL\u3011 \ud83d\udc85Hochwertige Geln\u00e4Gel Farben haben eine hohe T\u00f6nungskraft und eine gute Z\u00e4higkeit. UV-Gel Nagellack \/ Acryl-Nagel-Gel \/ nat\u00fcrlicher Nagellack kann Glanz, glattes Aussehen und makellose Abdeckung bieten und einen superhellen Effekt erzielen. Tragen Sie eine d\u00fcnne Schicht Nagellack auf und trocknen Sie diese mit UV \/ LED. Die korrekte Verwendungsmethode kann mindestens 3 Wochen lang beibehalten werden.<br \/>\n\ud83c\udf3a\ud83c\udf80 \u3010TIPPS ZUR ERLEICHTERUNG IHRER SCH\u00d6NEN NAGELKUNST\u3011\ud83d\udc85 Vor dem Auftragen der Grundierung ist es sehr wichtig, die N\u00e4gel zu feilen und zu reinigen, um ein nicht klebriges, lang anhaltendes oder leichtes Sch\u00e4len zu vermeiden. Bitte tragen Sie keine zu dicken Geln\u00e4gel auf, tragen Sie diese 2-3 mal d\u00fcnn auf und trocknen Sie sie ab, damit sie nicht leicht herunterfallen. Wenn die Temperatur niedrig ist, wird der Nagellack klebrig.<br \/>\n<div class=\"main-cross-sell\" data-asin=\"B0919VQCN4\">\n\n\t<div class=\"WooZone-cross-sell-loader\">\n\t\t<div>\n\t\t\t<div id=\"floatingBarsG\">\n\t\t\t\t<div class=\"blockG\" id=\"rotateG_01\"><\/div>\n\t\t\t\t<div class=\"blockG\" id=\"rotateG_02\"><\/div>\n\t\t\t\t<div class=\"blockG\" id=\"rotateG_03\"><\/div>\n\t\t\t\t<div class=\"blockG\" id=\"rotateG_04\"><\/div>\n\t\t\t\t<div class=\"blockG\" id=\"rotateG_05\"><\/div>\n\t\t\t\t<div class=\"blockG\" id=\"rotateG_06\"><\/div>\n\t\t\t\t<div class=\"blockG\" id=\"rotateG_07\"><\/div>\n\t\t\t\t<div class=\"blockG\" id=\"rotateG_08\"><\/div>\n\t\t\t<\/div>\n\t\t\t<div class=\"WooZone-cross-sell-loader-text\"><\/div>\n\t\t<\/div>\n\t<\/div>\n\n\t\t\n<\/div>\n<div style=\"clear:both;\"><\/div><\/p>\n","protected":false},"excerpt":{"rendered":"<p>\ud83c\udf3a\ud83c\udf80 \u30102021ALL-IN-ONE GEL NAGELLACK KIT, NAIL ART MIT NACH HAUSE NEHMEN\u3011 \ud83d\udc8536 Farbgel F\u00fcr Geln\u00e4Gel: Schwarz, Wei\u00df, Gr\u00fcn, Nude, Pink, Glitzer, Braun, Blau, Rot, Gelb, Orange, Lila und andere Geln\u00e4Gel Farben um alle Ihre Farbw\u00fcnsche zu erf\u00fcllen, geeignet f\u00fcr das t\u00e4gliche Leben und alle Jahreszeiten Fr\u00fchling, Sommer, Herbst und Winter. Es enth\u00e4lt auch 1 * Reibstreifen, mit denen Sie sch\u00f6ne Nagelstile erstellen k\u00f6nnen, 1 * Flachpinsel und 1 * Spitzpinsel, mit denen Sie jedes gew\u00fcnschte.<br \/>\n\ud83c\udf3a\ud83c\udf80 \u3010FARBGEL F\u00dcR GELN\u00c4GEL, IDEALE WAHL F\u00dcR WEIBLICHE GESCHENKE\u3011\ud83d\udc85 Das UV Gel Kit eignet sich f\u00fcr jeden Feiertag oder besonderen Anlass, wie Geburtstag, Weihnachten, Valentinstag. Es gibt 36 Farben, sodass Sie sich nicht viel M\u00fche geben m\u00fcssen, um zu entscheiden, welche Farbe Sie w\u00e4hlen sollten. Mit dem Gel Farben F\u00fcr N\u00e4Gel k\u00f6nnen Sie nach Belieben charmante und glitzernde N\u00e4gel entwerfen. Das Gel Nagellack Set ist ein perfektes Geschenk, um Ihre Freundin, Frau und Mutter gl\u00fccklich zu machen.<br \/>\n\ud83c\udf3a\ud83c\udf80\u3010UNGIFTIGES NAT\u00dcRLICHES GELN\u00c4GEL FARBEN, GENIESSEN SIE MOMENTE DER NAGELKUNST\u3011 \ud83d\udc85Das Geln\u00e4Gel Set Anf\u00e4Nger besteht aus nat\u00fcrlichem Harz und ungiftigen Inhaltsstoffen und ist somit sicher, gesund und geruchsarm. Die Inhaltsstoffe haben eine hervorragende Deckkraft und ein hervorragendes Finish und schaden Ihren N\u00e4geln nicht. Warnung: Nur f\u00fcr N\u00e4gel. Hautkontakt kann allergische Reaktionen hervorrufen. Kontakt mit Augen, Mund und Haut vermeiden. Wenn Sie sie ber\u00fchren, sp\u00fclen Sie sie sofort aus.<\/p>\n","protected":false},"featured_media":188474,"comment_status":"open","ping_status":"closed","template":"","meta":[],"product_brand":[],"product_cat":[2858,7659],"product_tag":[],"class_list":{"0":"post-188473","1":"product","2":"type-product","3":"status-publish","4":"has-post-thumbnail","6":"product_cat-beauty","7":"product_cat-manikuere-pedikuere","8":"pa_binding-badartikel","9":"pa_brand-comozon","10":"pa_brand-thames-hudson","11":"pa_manufacturer-comozon","12":"pa_size-39-teiliges-set","14":"first","15":"instock","16":"shipping-taxable","17":"purchasable","18":"product-type-simple","19":"customify-col","20":"product-has-gallery"},"yoast_head":"<!-- This site is optimized with the Yoast SEO plugin v27.4 - https:\/\/yoast.com\/product\/yoast-seo-wordpress\/ -->\n<title>Gel Nagellack Comozon UV Gel Nagelgel Farbgel F\u00fcr Geln\u00e4ge Farben Nagel Gel Farben Set F\u00fcr N\u00e4Gel Gel Nail Polish Farbgel\u2026 - Markt-XXL<\/title>\n<meta name=\"description\" content=\"Markt-XXL Gel Nagellack Comozon UV Gel Nagelgel Farbgel F\u00fcr Geln\u00e4ge Farben Nagel Gel Farben Set F\u00fcr N\u00e4Gel Gel Nail Polish Farbgel\u2026\" \/>\n<meta name=\"robots\" content=\"index, follow, max-snippet:-1, max-image-preview:large, max-video-preview:-1\" \/>\n<link rel=\"canonical\" href=\"https:\/\/marktxxl.de\/markt\/produkt\/gel-nagellack-comozon-uv-gel-nagelgel-farbgel-fuer-gelnaege-farben-nagel-gel-farben-set-fuer-naegel-gel-nail-polish-farbgel-gelnaegel-set-anfaenger-36-farben-glitzer-uv-gel-farbgel-fuer-nail-art-nagel\/\" \/>\n<meta property=\"og:locale\" content=\"de_DE\" \/>\n<meta property=\"og:type\" content=\"article\" \/>\n<meta property=\"og:title\" content=\"Gel Nagellack Comozon UV Gel Nagelgel Farbgel F\u00fcr Geln\u00e4ge Farben Nagel Gel Farben Set F\u00fcr N\u00e4Gel Gel Nail Polish Farbgel\u2026 - Markt-XXL\" \/>\n<meta property=\"og:description\" content=\"Markt-XXL Gel Nagellack Comozon UV Gel Nagelgel Farbgel F\u00fcr Geln\u00e4ge Farben Nagel Gel Farben Set F\u00fcr N\u00e4Gel Gel Nail Polish Farbgel\u2026\" \/>\n<meta property=\"og:url\" content=\"https:\/\/marktxxl.de\/markt\/produkt\/gel-nagellack-comozon-uv-gel-nagelgel-farbgel-fuer-gelnaege-farben-nagel-gel-farben-set-fuer-naegel-gel-nail-polish-farbgel-gelnaegel-set-anfaenger-36-farben-glitzer-uv-gel-farbgel-fuer-nail-art-nagel\/\" \/>\n<meta property=\"og:site_name\" content=\"Markt-XXL\" \/>\n<meta property=\"article:modified_time\" content=\"2023-04-08T02:50:17+00:00\" \/>\n<meta property=\"og:image\" content=\"https:\/\/m.media-amazon.com\/images\/I\/512yu1hD2uL._SL500_.jpg\" \/>\n\t<meta property=\"og:image:width\" content=\"500\" \/>\n\t<meta property=\"og:image:height\" content=\"500\" \/>\n\t<meta property=\"og:image:type\" content=\"image\/jpeg\" \/>\n<meta name=\"twitter:card\" content=\"summary_large_image\" \/>\n<meta name=\"twitter:label1\" content=\"Gesch\u00e4tzte Lesezeit\" \/>\n\t<meta name=\"twitter:data1\" content=\"2\u00a0Minuten\" \/>\n<script type=\"application\/ld+json\" class=\"yoast-schema-graph\">{\"@context\":\"https:\\\/\\\/schema.org\",\"@graph\":[{\"@type\":\"WebPage\",\"@id\":\"https:\\\/\\\/marktxxl.de\\\/markt\\\/produkt\\\/gel-nagellack-comozon-uv-gel-nagelgel-farbgel-fuer-gelnaege-farben-nagel-gel-farben-set-fuer-naegel-gel-nail-polish-farbgel-gelnaegel-set-anfaenger-36-farben-glitzer-uv-gel-farbgel-fuer-nail-art-nagel\\\/\",\"url\":\"https:\\\/\\\/marktxxl.de\\\/markt\\\/produkt\\\/gel-nagellack-comozon-uv-gel-nagelgel-farbgel-fuer-gelnaege-farben-nagel-gel-farben-set-fuer-naegel-gel-nail-polish-farbgel-gelnaegel-set-anfaenger-36-farben-glitzer-uv-gel-farbgel-fuer-nail-art-nagel\\\/\",\"name\":\"Gel Nagellack Comozon UV Gel Nagelgel Farbgel F\u00fcr Geln\u00e4ge Farben Nagel Gel Farben Set F\u00fcr N\u00e4Gel Gel Nail Polish Farbgel\u2026 - Markt-XXL\",\"isPartOf\":{\"@id\":\"https:\\\/\\\/marktxxl.de\\\/markt\\\/#website\"},\"primaryImageOfPage\":{\"@id\":\"https:\\\/\\\/marktxxl.de\\\/markt\\\/produkt\\\/gel-nagellack-comozon-uv-gel-nagelgel-farbgel-fuer-gelnaege-farben-nagel-gel-farben-set-fuer-naegel-gel-nail-polish-farbgel-gelnaegel-set-anfaenger-36-farben-glitzer-uv-gel-farbgel-fuer-nail-art-nagel\\\/#primaryimage\"},\"image\":{\"@id\":\"https:\\\/\\\/marktxxl.de\\\/markt\\\/produkt\\\/gel-nagellack-comozon-uv-gel-nagelgel-farbgel-fuer-gelnaege-farben-nagel-gel-farben-set-fuer-naegel-gel-nail-polish-farbgel-gelnaegel-set-anfaenger-36-farben-glitzer-uv-gel-farbgel-fuer-nail-art-nagel\\\/#primaryimage\"},\"thumbnailUrl\":\"https:\\\/\\\/m.media-amazon.com\\\/images\\\/I\\\/512yu1hD2uL._SL500_.jpg\",\"datePublished\":\"2023-02-09T06:05:03+00:00\",\"dateModified\":\"2023-04-08T02:50:17+00:00\",\"description\":\"Markt-XXL Gel Nagellack Comozon UV Gel Nagelgel Farbgel F\u00fcr Geln\u00e4ge Farben Nagel Gel Farben Set F\u00fcr N\u00e4Gel Gel Nail Polish Farbgel\u2026\",\"breadcrumb\":{\"@id\":\"https:\\\/\\\/marktxxl.de\\\/markt\\\/produkt\\\/gel-nagellack-comozon-uv-gel-nagelgel-farbgel-fuer-gelnaege-farben-nagel-gel-farben-set-fuer-naegel-gel-nail-polish-farbgel-gelnaegel-set-anfaenger-36-farben-glitzer-uv-gel-farbgel-fuer-nail-art-nagel\\\/#breadcrumb\"},\"inLanguage\":\"de\",\"potentialAction\":[{\"@type\":\"ReadAction\",\"target\":[\"https:\\\/\\\/marktxxl.de\\\/markt\\\/produkt\\\/gel-nagellack-comozon-uv-gel-nagelgel-farbgel-fuer-gelnaege-farben-nagel-gel-farben-set-fuer-naegel-gel-nail-polish-farbgel-gelnaegel-set-anfaenger-36-farben-glitzer-uv-gel-farbgel-fuer-nail-art-nagel\\\/\"]}]},{\"@type\":\"ImageObject\",\"inLanguage\":\"de\",\"@id\":\"https:\\\/\\\/marktxxl.de\\\/markt\\\/produkt\\\/gel-nagellack-comozon-uv-gel-nagelgel-farbgel-fuer-gelnaege-farben-nagel-gel-farben-set-fuer-naegel-gel-nail-polish-farbgel-gelnaegel-set-anfaenger-36-farben-glitzer-uv-gel-farbgel-fuer-nail-art-nagel\\\/#primaryimage\",\"url\":\"https:\\\/\\\/m.media-amazon.com\\\/images\\\/I\\\/512yu1hD2uL._SL500_.jpg\",\"contentUrl\":\"https:\\\/\\\/m.media-amazon.com\\\/images\\\/I\\\/512yu1hD2uL._SL500_.jpg\",\"width\":500,\"height\":500},{\"@type\":\"BreadcrumbList\",\"@id\":\"https:\\\/\\\/marktxxl.de\\\/markt\\\/produkt\\\/gel-nagellack-comozon-uv-gel-nagelgel-farbgel-fuer-gelnaege-farben-nagel-gel-farben-set-fuer-naegel-gel-nail-polish-farbgel-gelnaegel-set-anfaenger-36-farben-glitzer-uv-gel-farbgel-fuer-nail-art-nagel\\\/#breadcrumb\",\"itemListElement\":[{\"@type\":\"ListItem\",\"position\":1,\"name\":\"Startseite\",\"item\":\"https:\\\/\\\/marktxxl.de\\\/markt\\\/\"},{\"@type\":\"ListItem\",\"position\":2,\"name\":\"Markt\",\"item\":\"https:\\\/\\\/marktxxl.de\\\/markt\\\/\"},{\"@type\":\"ListItem\",\"position\":3,\"name\":\"Gel Nagellack Comozon UV Gel Nagelgel Farbgel F\u00fcr Geln\u00e4ge Farben Nagel Gel Farben Set F\u00fcr N\u00e4Gel Gel Nail Polish Farbgel\u2026\"}]},{\"@type\":\"WebSite\",\"@id\":\"https:\\\/\\\/marktxxl.de\\\/markt\\\/#website\",\"url\":\"https:\\\/\\\/marktxxl.de\\\/markt\\\/\",\"name\":\"Markt-XXL\",\"description\":\"Ihr Markt Online\",\"publisher\":{\"@id\":\"https:\\\/\\\/marktxxl.de\\\/markt\\\/#organization\"},\"potentialAction\":[{\"@type\":\"SearchAction\",\"target\":{\"@type\":\"EntryPoint\",\"urlTemplate\":\"https:\\\/\\\/marktxxl.de\\\/markt\\\/?s={search_term_string}\"},\"query-input\":{\"@type\":\"PropertyValueSpecification\",\"valueRequired\":true,\"valueName\":\"search_term_string\"}}],\"inLanguage\":\"de\"},{\"@type\":\"Organization\",\"@id\":\"https:\\\/\\\/marktxxl.de\\\/markt\\\/#organization\",\"name\":\"Markt-XXL\",\"url\":\"https:\\\/\\\/marktxxl.de\\\/markt\\\/\",\"logo\":{\"@type\":\"ImageObject\",\"inLanguage\":\"de\",\"@id\":\"https:\\\/\\\/marktxxl.de\\\/markt\\\/#\\\/schema\\\/logo\\\/image\\\/\",\"url\":\"https:\\\/\\\/marktxxl.de\\\/markt\\\/wp-content\\\/uploads\\\/sites\\\/3\\\/2020\\\/12\\\/logo.png\",\"contentUrl\":\"https:\\\/\\\/marktxxl.de\\\/markt\\\/wp-content\\\/uploads\\\/sites\\\/3\\\/2020\\\/12\\\/logo.png\",\"width\":200,\"height\":70,\"caption\":\"Markt-XXL\"},\"image\":{\"@id\":\"https:\\\/\\\/marktxxl.de\\\/markt\\\/#\\\/schema\\\/logo\\\/image\\\/\"}}]}<\/script>\n<!-- \/ Yoast SEO plugin. -->","yoast_head_json":{"title":"Gel Nagellack Comozon UV Gel Nagelgel Farbgel F\u00fcr Geln\u00e4ge Farben Nagel Gel Farben Set F\u00fcr N\u00e4Gel Gel Nail Polish Farbgel\u2026 - Markt-XXL","description":"Markt-XXL Gel Nagellack Comozon UV Gel Nagelgel Farbgel F\u00fcr Geln\u00e4ge Farben Nagel Gel Farben Set F\u00fcr N\u00e4Gel Gel Nail Polish Farbgel\u2026","robots":{"index":"index","follow":"follow","max-snippet":"max-snippet:-1","max-image-preview":"max-image-preview:large","max-video-preview":"max-video-preview:-1"},"canonical":"https:\/\/marktxxl.de\/markt\/produkt\/gel-nagellack-comozon-uv-gel-nagelgel-farbgel-fuer-gelnaege-farben-nagel-gel-farben-set-fuer-naegel-gel-nail-polish-farbgel-gelnaegel-set-anfaenger-36-farben-glitzer-uv-gel-farbgel-fuer-nail-art-nagel\/","og_locale":"de_DE","og_type":"article","og_title":"Gel Nagellack Comozon UV Gel Nagelgel Farbgel F\u00fcr Geln\u00e4ge Farben Nagel Gel Farben Set F\u00fcr N\u00e4Gel Gel Nail Polish Farbgel\u2026 - Markt-XXL","og_description":"Markt-XXL Gel Nagellack Comozon UV Gel Nagelgel Farbgel F\u00fcr Geln\u00e4ge Farben Nagel Gel Farben Set F\u00fcr N\u00e4Gel Gel Nail Polish Farbgel\u2026","og_url":"https:\/\/marktxxl.de\/markt\/produkt\/gel-nagellack-comozon-uv-gel-nagelgel-farbgel-fuer-gelnaege-farben-nagel-gel-farben-set-fuer-naegel-gel-nail-polish-farbgel-gelnaegel-set-anfaenger-36-farben-glitzer-uv-gel-farbgel-fuer-nail-art-nagel\/","og_site_name":"Markt-XXL","article_modified_time":"2023-04-08T02:50:17+00:00","og_image":[{"width":500,"height":500,"url":"https:\/\/m.media-amazon.com\/images\/I\/512yu1hD2uL._SL500_.jpg","type":"image\/jpeg"}],"twitter_card":"summary_large_image","twitter_misc":{"Gesch\u00e4tzte Lesezeit":"2\u00a0Minuten"},"schema":{"@context":"https:\/\/schema.org","@graph":[{"@type":"WebPage","@id":"https:\/\/marktxxl.de\/markt\/produkt\/gel-nagellack-comozon-uv-gel-nagelgel-farbgel-fuer-gelnaege-farben-nagel-gel-farben-set-fuer-naegel-gel-nail-polish-farbgel-gelnaegel-set-anfaenger-36-farben-glitzer-uv-gel-farbgel-fuer-nail-art-nagel\/","url":"https:\/\/marktxxl.de\/markt\/produkt\/gel-nagellack-comozon-uv-gel-nagelgel-farbgel-fuer-gelnaege-farben-nagel-gel-farben-set-fuer-naegel-gel-nail-polish-farbgel-gelnaegel-set-anfaenger-36-farben-glitzer-uv-gel-farbgel-fuer-nail-art-nagel\/","name":"Gel Nagellack Comozon UV Gel Nagelgel Farbgel F\u00fcr Geln\u00e4ge Farben Nagel Gel Farben Set F\u00fcr N\u00e4Gel Gel Nail Polish Farbgel\u2026 - Markt-XXL","isPartOf":{"@id":"https:\/\/marktxxl.de\/markt\/#website"},"primaryImageOfPage":{"@id":"https:\/\/marktxxl.de\/markt\/produkt\/gel-nagellack-comozon-uv-gel-nagelgel-farbgel-fuer-gelnaege-farben-nagel-gel-farben-set-fuer-naegel-gel-nail-polish-farbgel-gelnaegel-set-anfaenger-36-farben-glitzer-uv-gel-farbgel-fuer-nail-art-nagel\/#primaryimage"},"image":{"@id":"https:\/\/marktxxl.de\/markt\/produkt\/gel-nagellack-comozon-uv-gel-nagelgel-farbgel-fuer-gelnaege-farben-nagel-gel-farben-set-fuer-naegel-gel-nail-polish-farbgel-gelnaegel-set-anfaenger-36-farben-glitzer-uv-gel-farbgel-fuer-nail-art-nagel\/#primaryimage"},"thumbnailUrl":"https:\/\/m.media-amazon.com\/images\/I\/512yu1hD2uL._SL500_.jpg","datePublished":"2023-02-09T06:05:03+00:00","dateModified":"2023-04-08T02:50:17+00:00","description":"Markt-XXL Gel Nagellack Comozon UV Gel Nagelgel Farbgel F\u00fcr Geln\u00e4ge Farben Nagel Gel Farben Set F\u00fcr N\u00e4Gel Gel Nail Polish Farbgel\u2026","breadcrumb":{"@id":"https:\/\/marktxxl.de\/markt\/produkt\/gel-nagellack-comozon-uv-gel-nagelgel-farbgel-fuer-gelnaege-farben-nagel-gel-farben-set-fuer-naegel-gel-nail-polish-farbgel-gelnaegel-set-anfaenger-36-farben-glitzer-uv-gel-farbgel-fuer-nail-art-nagel\/#breadcrumb"},"inLanguage":"de","potentialAction":[{"@type":"ReadAction","target":["https:\/\/marktxxl.de\/markt\/produkt\/gel-nagellack-comozon-uv-gel-nagelgel-farbgel-fuer-gelnaege-farben-nagel-gel-farben-set-fuer-naegel-gel-nail-polish-farbgel-gelnaegel-set-anfaenger-36-farben-glitzer-uv-gel-farbgel-fuer-nail-art-nagel\/"]}]},{"@type":"ImageObject","inLanguage":"de","@id":"https:\/\/marktxxl.de\/markt\/produkt\/gel-nagellack-comozon-uv-gel-nagelgel-farbgel-fuer-gelnaege-farben-nagel-gel-farben-set-fuer-naegel-gel-nail-polish-farbgel-gelnaegel-set-anfaenger-36-farben-glitzer-uv-gel-farbgel-fuer-nail-art-nagel\/#primaryimage","url":"https:\/\/m.media-amazon.com\/images\/I\/512yu1hD2uL._SL500_.jpg","contentUrl":"https:\/\/m.media-amazon.com\/images\/I\/512yu1hD2uL._SL500_.jpg","width":500,"height":500},{"@type":"BreadcrumbList","@id":"https:\/\/marktxxl.de\/markt\/produkt\/gel-nagellack-comozon-uv-gel-nagelgel-farbgel-fuer-gelnaege-farben-nagel-gel-farben-set-fuer-naegel-gel-nail-polish-farbgel-gelnaegel-set-anfaenger-36-farben-glitzer-uv-gel-farbgel-fuer-nail-art-nagel\/#breadcrumb","itemListElement":[{"@type":"ListItem","position":1,"name":"Startseite","item":"https:\/\/marktxxl.de\/markt\/"},{"@type":"ListItem","position":2,"name":"Markt","item":"https:\/\/marktxxl.de\/markt\/"},{"@type":"ListItem","position":3,"name":"Gel Nagellack Comozon UV Gel Nagelgel Farbgel F\u00fcr Geln\u00e4ge Farben Nagel Gel Farben Set F\u00fcr N\u00e4Gel Gel Nail Polish Farbgel\u2026"}]},{"@type":"WebSite","@id":"https:\/\/marktxxl.de\/markt\/#website","url":"https:\/\/marktxxl.de\/markt\/","name":"Markt-XXL","description":"Ihr Markt Online","publisher":{"@id":"https:\/\/marktxxl.de\/markt\/#organization"},"potentialAction":[{"@type":"SearchAction","target":{"@type":"EntryPoint","urlTemplate":"https:\/\/marktxxl.de\/markt\/?s={search_term_string}"},"query-input":{"@type":"PropertyValueSpecification","valueRequired":true,"valueName":"search_term_string"}}],"inLanguage":"de"},{"@type":"Organization","@id":"https:\/\/marktxxl.de\/markt\/#organization","name":"Markt-XXL","url":"https:\/\/marktxxl.de\/markt\/","logo":{"@type":"ImageObject","inLanguage":"de","@id":"https:\/\/marktxxl.de\/markt\/#\/schema\/logo\/image\/","url":"https:\/\/marktxxl.de\/markt\/wp-content\/uploads\/sites\/3\/2020\/12\/logo.png","contentUrl":"https:\/\/marktxxl.de\/markt\/wp-content\/uploads\/sites\/3\/2020\/12\/logo.png","width":200,"height":70,"caption":"Markt-XXL"},"image":{"@id":"https:\/\/marktxxl.de\/markt\/#\/schema\/logo\/image\/"}}]}},"_links":{"self":[{"href":"https:\/\/marktxxl.de\/markt\/wp-json\/wp\/v2\/product\/188473","targetHints":{"allow":["GET"]}}],"collection":[{"href":"https:\/\/marktxxl.de\/markt\/wp-json\/wp\/v2\/product"}],"about":[{"href":"https:\/\/marktxxl.de\/markt\/wp-json\/wp\/v2\/types\/product"}],"replies":[{"embeddable":true,"href":"https:\/\/marktxxl.de\/markt\/wp-json\/wp\/v2\/comments?post=188473"}],"wp:featuredmedia":[{"embeddable":true,"href":"https:\/\/marktxxl.de\/markt\/wp-json\/wp\/v2\/media\/188474"}],"wp:attachment":[{"href":"https:\/\/marktxxl.de\/markt\/wp-json\/wp\/v2\/media?parent=188473"}],"wp:term":[{"taxonomy":"product_brand","embeddable":true,"href":"https:\/\/marktxxl.de\/markt\/wp-json\/wp\/v2\/product_brand?post=188473"},{"taxonomy":"product_cat","embeddable":true,"href":"https:\/\/marktxxl.de\/markt\/wp-json\/wp\/v2\/product_cat?post=188473"},{"taxonomy":"product_tag","embeddable":true,"href":"https:\/\/marktxxl.de\/markt\/wp-json\/wp\/v2\/product_tag?post=188473"}],"curies":[{"name":"wp","href":"https:\/\/api.w.org\/{rel}","templated":true}]}}