{"id":188447,"date":"2023-02-09T07:04:26","date_gmt":"2023-02-09T06:04:26","guid":{"rendered":"https:\/\/marktxxl.de\/markt\/produkt\/saviland-mini-u-v-lampe-fuer-naegel-16w-u-v-led-nagellampe-nageltrockner-u-v-lampe-naegel-fuer-gel-nagellack-poly-builder-nagelgel-klebegel-nagelkunstwerkzeuge-fuer-anfaenger-heimwerker\/"},"modified":"2023-04-08T04:50:17","modified_gmt":"2023-04-08T02:50:17","slug":"saviland-mini-u-v-lampe-fuer-naegel-16w-u-v-led-nagellampe-nageltrockner-u-v-lampe-naegel-fuer-gel-nagellack-poly-builder-nagelgel-klebegel-nagelkunstwerkzeuge-fuer-anfaenger-heimwerker","status":"publish","type":"product","link":"https:\/\/marktxxl.de\/markt\/produkt\/saviland-mini-u-v-lampe-fuer-naegel-16w-u-v-led-nagellampe-nageltrockner-u-v-lampe-naegel-fuer-gel-nagellack-poly-builder-nagelgel-klebegel-nagelkunstwerkzeuge-fuer-anfaenger-heimwerker\/","title":{"rendered":"Saviland Mini U V Lampe F\u00fcr N\u00e4gel \u2013 16W U V\/LED Nagellampe Nageltrockner U V Lampe N\u00e4gel f\u00fcr Gel Nagellack, Poly-Builder\u2026"},"content":{"rendered":"<p>\u2764\u3010TRAGBARES &amp; EIN-FINGER-DESIGN\u3011Saviland Mini Nagellampe ist kompakt und tragbar, sie kann einfach in Ihre Tasche gesteckt werden, sodass Sie sie beim Ausgehen oder auf Reisen leicht tragen k\u00f6nnen, und Sie k\u00f6nnen Ihre Nagelkunst \u00fcberall und jederzeit erstellen Die Mini U V\/LED Lampe f\u00fcr n\u00e4gel ist ein Ein-Finger-Design und kann jedes Mal auf einen einzelnen Finger aufgetragen werden, egal ob langer oder kurzer Nagel, sie kann gleichm\u00e4\u00dfig ausgeh\u00e4rtet werden und hat keine Totzone.<br \/>\n\u2764\u3010180\u00b0-\u00d6FFNUNGSDESIGN\u3011Saviland Gel Nagellack H\u00e4rtungslampe hat eine gro\u00dfe \u00d6ffnung von 180\u00b0, Sie k\u00f6nnen Ihre N\u00e4gel flexibel aus verschiedenen Richtungen einf\u00fchren. Die weit \u00f6ffnende led Nagellampe und das Nagelklebergel sind die perfekten Kombinationen. Sie m\u00fcssen sich keine Sorgen machen, dass Ihre N\u00e4gel zu lang und die U V Lmpe n\u00e4gel zu klein ist, um das Gel vollst\u00e4ndig auszutrocknen.<br \/>\n\u2764\u3010LEISTUNGSF\u00c4HIG &amp; EFFIZIENT\u3011Saviland Gelnagellack f\u00fcr u v lampe Uist klein und niedlich, aber sie unterst\u00fctzt alle Arten von Manik\u00fcre und Nagelkunst, einschlie\u00dflich Nagelklebergel, Builder-Nagelgel, Malgel, U V Nagellack usw. Unser Nagel mit flexiblem Design nagel lampe kann helfen, Ihre Nagelkunst schnell und effizient zu trocknen, Sie k\u00f6nnen Ihre N\u00e4gel in nur 3 Minuten fertigstellen.<br \/>\n\u2764\u3010SICHER &amp; KEINE SCH\u00c4DIGUNG DER N\u00c4GEL\u3011Saviland U V\/LED Licht Nageltrockner wurde speziell f\u00fcr U V- und LED-Doppellichtquellen mit einer maximalen Leistung von 16 Watt entwickelt und verursacht keine Sch\u00e4den an Augen und Haut. Die aus hochwertigen Materialien gefertigte U V\/LED-Nagellampe ist ungiftig und langlebig. Das Standard-Timing ist 60 Sekunden und es wird automatisch nach 60 Sekunden ausgeschaltet, was sicher zu verwenden ist.<br \/>\n\u2764\u3010BESTER SERVICE\u3011 Wenn Sie Fragen zu unserer Mini U V \/ LED-Nagellampe haben, wenden Sie sich bitte an unser Kundendienstteam, und wir werden unser Bestes geben, um sie f\u00fcr Sie zu l\u00f6sen. Viel Spa\u00df beim Shoppen~<br \/>\n<div class=\"main-cross-sell\" data-asin=\"B09QKQSFBQ\">\n\n\t<div class=\"WooZone-cross-sell-loader\">\n\t\t<div>\n\t\t\t<div id=\"floatingBarsG\">\n\t\t\t\t<div class=\"blockG\" id=\"rotateG_01\"><\/div>\n\t\t\t\t<div class=\"blockG\" id=\"rotateG_02\"><\/div>\n\t\t\t\t<div class=\"blockG\" id=\"rotateG_03\"><\/div>\n\t\t\t\t<div class=\"blockG\" id=\"rotateG_04\"><\/div>\n\t\t\t\t<div class=\"blockG\" id=\"rotateG_05\"><\/div>\n\t\t\t\t<div class=\"blockG\" id=\"rotateG_06\"><\/div>\n\t\t\t\t<div class=\"blockG\" id=\"rotateG_07\"><\/div>\n\t\t\t\t<div class=\"blockG\" id=\"rotateG_08\"><\/div>\n\t\t\t<\/div>\n\t\t\t<div class=\"WooZone-cross-sell-loader-text\"><\/div>\n\t\t<\/div>\n\t<\/div>\n\n\t\t\n<\/div>\n<div style=\"clear:both;\"><\/div><\/p>\n","protected":false},"excerpt":{"rendered":"<p>\u2764\u3010TRAGBARES &amp; EIN-FINGER-DESIGN\u3011Saviland Mini Nagellampe ist kompakt und tragbar, sie kann einfach in Ihre Tasche gesteckt werden, sodass Sie sie beim Ausgehen oder auf Reisen leicht tragen k\u00f6nnen, und Sie k\u00f6nnen Ihre Nagelkunst \u00fcberall und jederzeit erstellen Die Mini U V\/LED Lampe f\u00fcr n\u00e4gel ist ein Ein-Finger-Design und kann jedes Mal auf einen einzelnen Finger aufgetragen werden, egal ob langer oder kurzer Nagel, sie kann gleichm\u00e4\u00dfig ausgeh\u00e4rtet werden und hat keine Totzone.<br \/>\n\u2764\u3010180\u00b0-\u00d6FFNUNGSDESIGN\u3011Saviland Gel Nagellack H\u00e4rtungslampe hat eine gro\u00dfe \u00d6ffnung von 180\u00b0, Sie k\u00f6nnen Ihre N\u00e4gel flexibel aus verschiedenen Richtungen einf\u00fchren. Die weit \u00f6ffnende led Nagellampe und das Nagelklebergel sind die perfekten Kombinationen. Sie m\u00fcssen sich keine Sorgen machen, dass Ihre N\u00e4gel zu lang und die U V Lmpe n\u00e4gel zu klein ist, um das Gel vollst\u00e4ndig auszutrocknen.<br \/>\n\u2764\u3010LEISTUNGSF\u00c4HIG &amp; EFFIZIENT\u3011Saviland Gelnagellack f\u00fcr u v lampe Uist klein und niedlich, aber sie unterst\u00fctzt alle Arten von Manik\u00fcre und Nagelkunst, einschlie\u00dflich Nagelklebergel, Builder-Nagelgel, Malgel, U V Nagellack usw. Unser Nagel mit flexiblem Design nagel lampe kann helfen, Ihre Nagelkunst schnell und effizient zu trocknen, Sie k\u00f6nnen Ihre N\u00e4gel in nur 3 Minuten fertigstellen.<\/p>\n","protected":false},"featured_media":188448,"comment_status":"open","ping_status":"closed","template":"","meta":[],"product_brand":[],"product_cat":[2858,7659],"product_tag":[],"class_list":{"0":"post-188447","1":"product","2":"type-product","3":"status-publish","4":"has-post-thumbnail","6":"product_cat-beauty","7":"product_cat-manikuere-pedikuere","8":"pa_brand-saviland","9":"pa_color-weiss","10":"pa_manufacturer-saviland","11":"pa_size-1-mini-nagellampe","13":"first","14":"instock","15":"shipping-taxable","16":"purchasable","17":"product-type-simple","18":"customify-col","19":"product-has-gallery"},"yoast_head":"<!-- This site is optimized with the Yoast SEO plugin v27.4 - https:\/\/yoast.com\/product\/yoast-seo-wordpress\/ -->\n<title>Saviland Mini U V Lampe F\u00fcr N\u00e4gel \u2013 16W U V\/LED Nagellampe Nageltrockner U V Lampe N\u00e4gel f\u00fcr Gel Nagellack, Poly-Builder\u2026 - Markt-XXL<\/title>\n<meta name=\"description\" content=\"Markt-XXL Saviland Mini U V Lampe F\u00fcr N\u00e4gel \u2013 16W U V\/LED Nagellampe Nageltrockner U V Lampe N\u00e4gel f\u00fcr Gel Nagellack, Poly-Builder\u2026\" \/>\n<meta name=\"robots\" content=\"index, follow, max-snippet:-1, max-image-preview:large, max-video-preview:-1\" \/>\n<link rel=\"canonical\" href=\"https:\/\/marktxxl.de\/markt\/produkt\/saviland-mini-u-v-lampe-fuer-naegel-16w-u-v-led-nagellampe-nageltrockner-u-v-lampe-naegel-fuer-gel-nagellack-poly-builder-nagelgel-klebegel-nagelkunstwerkzeuge-fuer-anfaenger-heimwerker\/\" \/>\n<meta property=\"og:locale\" content=\"de_DE\" \/>\n<meta property=\"og:type\" content=\"article\" \/>\n<meta property=\"og:title\" content=\"Saviland Mini U V Lampe F\u00fcr N\u00e4gel \u2013 16W U V\/LED Nagellampe Nageltrockner U V Lampe N\u00e4gel f\u00fcr Gel Nagellack, Poly-Builder\u2026 - Markt-XXL\" \/>\n<meta property=\"og:description\" content=\"Markt-XXL Saviland Mini U V Lampe F\u00fcr N\u00e4gel \u2013 16W U V\/LED Nagellampe Nageltrockner U V Lampe N\u00e4gel f\u00fcr Gel Nagellack, Poly-Builder\u2026\" \/>\n<meta property=\"og:url\" content=\"https:\/\/marktxxl.de\/markt\/produkt\/saviland-mini-u-v-lampe-fuer-naegel-16w-u-v-led-nagellampe-nageltrockner-u-v-lampe-naegel-fuer-gel-nagellack-poly-builder-nagelgel-klebegel-nagelkunstwerkzeuge-fuer-anfaenger-heimwerker\/\" \/>\n<meta property=\"og:site_name\" content=\"Markt-XXL\" \/>\n<meta property=\"article:modified_time\" content=\"2023-04-08T02:50:17+00:00\" \/>\n<meta property=\"og:image\" content=\"https:\/\/m.media-amazon.com\/images\/I\/41s7aGQKYdL._SL500_.jpg\" \/>\n\t<meta property=\"og:image:width\" content=\"500\" \/>\n\t<meta property=\"og:image:height\" content=\"500\" \/>\n\t<meta property=\"og:image:type\" content=\"image\/jpeg\" \/>\n<meta name=\"twitter:card\" content=\"summary_large_image\" \/>\n<meta name=\"twitter:label1\" content=\"Gesch\u00e4tzte Lesezeit\" \/>\n\t<meta name=\"twitter:data1\" content=\"2\u00a0Minuten\" \/>\n<script type=\"application\/ld+json\" class=\"yoast-schema-graph\">{\"@context\":\"https:\\\/\\\/schema.org\",\"@graph\":[{\"@type\":\"WebPage\",\"@id\":\"https:\\\/\\\/marktxxl.de\\\/markt\\\/produkt\\\/saviland-mini-u-v-lampe-fuer-naegel-16w-u-v-led-nagellampe-nageltrockner-u-v-lampe-naegel-fuer-gel-nagellack-poly-builder-nagelgel-klebegel-nagelkunstwerkzeuge-fuer-anfaenger-heimwerker\\\/\",\"url\":\"https:\\\/\\\/marktxxl.de\\\/markt\\\/produkt\\\/saviland-mini-u-v-lampe-fuer-naegel-16w-u-v-led-nagellampe-nageltrockner-u-v-lampe-naegel-fuer-gel-nagellack-poly-builder-nagelgel-klebegel-nagelkunstwerkzeuge-fuer-anfaenger-heimwerker\\\/\",\"name\":\"Saviland Mini U V Lampe F\u00fcr N\u00e4gel \u2013 16W U V\\\/LED Nagellampe Nageltrockner U V Lampe N\u00e4gel f\u00fcr Gel Nagellack, Poly-Builder\u2026 - Markt-XXL\",\"isPartOf\":{\"@id\":\"https:\\\/\\\/marktxxl.de\\\/markt\\\/#website\"},\"primaryImageOfPage\":{\"@id\":\"https:\\\/\\\/marktxxl.de\\\/markt\\\/produkt\\\/saviland-mini-u-v-lampe-fuer-naegel-16w-u-v-led-nagellampe-nageltrockner-u-v-lampe-naegel-fuer-gel-nagellack-poly-builder-nagelgel-klebegel-nagelkunstwerkzeuge-fuer-anfaenger-heimwerker\\\/#primaryimage\"},\"image\":{\"@id\":\"https:\\\/\\\/marktxxl.de\\\/markt\\\/produkt\\\/saviland-mini-u-v-lampe-fuer-naegel-16w-u-v-led-nagellampe-nageltrockner-u-v-lampe-naegel-fuer-gel-nagellack-poly-builder-nagelgel-klebegel-nagelkunstwerkzeuge-fuer-anfaenger-heimwerker\\\/#primaryimage\"},\"thumbnailUrl\":\"https:\\\/\\\/m.media-amazon.com\\\/images\\\/I\\\/41s7aGQKYdL._SL500_.jpg\",\"datePublished\":\"2023-02-09T06:04:26+00:00\",\"dateModified\":\"2023-04-08T02:50:17+00:00\",\"description\":\"Markt-XXL Saviland Mini U V Lampe F\u00fcr N\u00e4gel \u2013 16W U V\\\/LED Nagellampe Nageltrockner U V Lampe N\u00e4gel f\u00fcr Gel Nagellack, Poly-Builder\u2026\",\"breadcrumb\":{\"@id\":\"https:\\\/\\\/marktxxl.de\\\/markt\\\/produkt\\\/saviland-mini-u-v-lampe-fuer-naegel-16w-u-v-led-nagellampe-nageltrockner-u-v-lampe-naegel-fuer-gel-nagellack-poly-builder-nagelgel-klebegel-nagelkunstwerkzeuge-fuer-anfaenger-heimwerker\\\/#breadcrumb\"},\"inLanguage\":\"de\",\"potentialAction\":[{\"@type\":\"ReadAction\",\"target\":[\"https:\\\/\\\/marktxxl.de\\\/markt\\\/produkt\\\/saviland-mini-u-v-lampe-fuer-naegel-16w-u-v-led-nagellampe-nageltrockner-u-v-lampe-naegel-fuer-gel-nagellack-poly-builder-nagelgel-klebegel-nagelkunstwerkzeuge-fuer-anfaenger-heimwerker\\\/\"]}]},{\"@type\":\"ImageObject\",\"inLanguage\":\"de\",\"@id\":\"https:\\\/\\\/marktxxl.de\\\/markt\\\/produkt\\\/saviland-mini-u-v-lampe-fuer-naegel-16w-u-v-led-nagellampe-nageltrockner-u-v-lampe-naegel-fuer-gel-nagellack-poly-builder-nagelgel-klebegel-nagelkunstwerkzeuge-fuer-anfaenger-heimwerker\\\/#primaryimage\",\"url\":\"https:\\\/\\\/m.media-amazon.com\\\/images\\\/I\\\/41s7aGQKYdL._SL500_.jpg\",\"contentUrl\":\"https:\\\/\\\/m.media-amazon.com\\\/images\\\/I\\\/41s7aGQKYdL._SL500_.jpg\",\"width\":500,\"height\":500},{\"@type\":\"BreadcrumbList\",\"@id\":\"https:\\\/\\\/marktxxl.de\\\/markt\\\/produkt\\\/saviland-mini-u-v-lampe-fuer-naegel-16w-u-v-led-nagellampe-nageltrockner-u-v-lampe-naegel-fuer-gel-nagellack-poly-builder-nagelgel-klebegel-nagelkunstwerkzeuge-fuer-anfaenger-heimwerker\\\/#breadcrumb\",\"itemListElement\":[{\"@type\":\"ListItem\",\"position\":1,\"name\":\"Startseite\",\"item\":\"https:\\\/\\\/marktxxl.de\\\/markt\\\/\"},{\"@type\":\"ListItem\",\"position\":2,\"name\":\"Markt\",\"item\":\"https:\\\/\\\/marktxxl.de\\\/markt\\\/\"},{\"@type\":\"ListItem\",\"position\":3,\"name\":\"Saviland Mini U V Lampe F\u00fcr N\u00e4gel \u2013 16W U V\\\/LED Nagellampe Nageltrockner U V Lampe N\u00e4gel f\u00fcr Gel Nagellack, Poly-Builder\u2026\"}]},{\"@type\":\"WebSite\",\"@id\":\"https:\\\/\\\/marktxxl.de\\\/markt\\\/#website\",\"url\":\"https:\\\/\\\/marktxxl.de\\\/markt\\\/\",\"name\":\"Markt-XXL\",\"description\":\"Ihr Markt Online\",\"publisher\":{\"@id\":\"https:\\\/\\\/marktxxl.de\\\/markt\\\/#organization\"},\"potentialAction\":[{\"@type\":\"SearchAction\",\"target\":{\"@type\":\"EntryPoint\",\"urlTemplate\":\"https:\\\/\\\/marktxxl.de\\\/markt\\\/?s={search_term_string}\"},\"query-input\":{\"@type\":\"PropertyValueSpecification\",\"valueRequired\":true,\"valueName\":\"search_term_string\"}}],\"inLanguage\":\"de\"},{\"@type\":\"Organization\",\"@id\":\"https:\\\/\\\/marktxxl.de\\\/markt\\\/#organization\",\"name\":\"Markt-XXL\",\"url\":\"https:\\\/\\\/marktxxl.de\\\/markt\\\/\",\"logo\":{\"@type\":\"ImageObject\",\"inLanguage\":\"de\",\"@id\":\"https:\\\/\\\/marktxxl.de\\\/markt\\\/#\\\/schema\\\/logo\\\/image\\\/\",\"url\":\"https:\\\/\\\/marktxxl.de\\\/markt\\\/wp-content\\\/uploads\\\/sites\\\/3\\\/2020\\\/12\\\/logo.png\",\"contentUrl\":\"https:\\\/\\\/marktxxl.de\\\/markt\\\/wp-content\\\/uploads\\\/sites\\\/3\\\/2020\\\/12\\\/logo.png\",\"width\":200,\"height\":70,\"caption\":\"Markt-XXL\"},\"image\":{\"@id\":\"https:\\\/\\\/marktxxl.de\\\/markt\\\/#\\\/schema\\\/logo\\\/image\\\/\"}}]}<\/script>\n<!-- \/ Yoast SEO plugin. -->","yoast_head_json":{"title":"Saviland Mini U V Lampe F\u00fcr N\u00e4gel \u2013 16W U V\/LED Nagellampe Nageltrockner U V Lampe N\u00e4gel f\u00fcr Gel Nagellack, Poly-Builder\u2026 - Markt-XXL","description":"Markt-XXL Saviland Mini U V Lampe F\u00fcr N\u00e4gel \u2013 16W U V\/LED Nagellampe Nageltrockner U V Lampe N\u00e4gel f\u00fcr Gel Nagellack, Poly-Builder\u2026","robots":{"index":"index","follow":"follow","max-snippet":"max-snippet:-1","max-image-preview":"max-image-preview:large","max-video-preview":"max-video-preview:-1"},"canonical":"https:\/\/marktxxl.de\/markt\/produkt\/saviland-mini-u-v-lampe-fuer-naegel-16w-u-v-led-nagellampe-nageltrockner-u-v-lampe-naegel-fuer-gel-nagellack-poly-builder-nagelgel-klebegel-nagelkunstwerkzeuge-fuer-anfaenger-heimwerker\/","og_locale":"de_DE","og_type":"article","og_title":"Saviland Mini U V Lampe F\u00fcr N\u00e4gel \u2013 16W U V\/LED Nagellampe Nageltrockner U V Lampe N\u00e4gel f\u00fcr Gel Nagellack, Poly-Builder\u2026 - Markt-XXL","og_description":"Markt-XXL Saviland Mini U V Lampe F\u00fcr N\u00e4gel \u2013 16W U V\/LED Nagellampe Nageltrockner U V Lampe N\u00e4gel f\u00fcr Gel Nagellack, Poly-Builder\u2026","og_url":"https:\/\/marktxxl.de\/markt\/produkt\/saviland-mini-u-v-lampe-fuer-naegel-16w-u-v-led-nagellampe-nageltrockner-u-v-lampe-naegel-fuer-gel-nagellack-poly-builder-nagelgel-klebegel-nagelkunstwerkzeuge-fuer-anfaenger-heimwerker\/","og_site_name":"Markt-XXL","article_modified_time":"2023-04-08T02:50:17+00:00","og_image":[{"width":500,"height":500,"url":"https:\/\/m.media-amazon.com\/images\/I\/41s7aGQKYdL._SL500_.jpg","type":"image\/jpeg"}],"twitter_card":"summary_large_image","twitter_misc":{"Gesch\u00e4tzte Lesezeit":"2\u00a0Minuten"},"schema":{"@context":"https:\/\/schema.org","@graph":[{"@type":"WebPage","@id":"https:\/\/marktxxl.de\/markt\/produkt\/saviland-mini-u-v-lampe-fuer-naegel-16w-u-v-led-nagellampe-nageltrockner-u-v-lampe-naegel-fuer-gel-nagellack-poly-builder-nagelgel-klebegel-nagelkunstwerkzeuge-fuer-anfaenger-heimwerker\/","url":"https:\/\/marktxxl.de\/markt\/produkt\/saviland-mini-u-v-lampe-fuer-naegel-16w-u-v-led-nagellampe-nageltrockner-u-v-lampe-naegel-fuer-gel-nagellack-poly-builder-nagelgel-klebegel-nagelkunstwerkzeuge-fuer-anfaenger-heimwerker\/","name":"Saviland Mini U V Lampe F\u00fcr N\u00e4gel \u2013 16W U V\/LED Nagellampe Nageltrockner U V Lampe N\u00e4gel f\u00fcr Gel Nagellack, Poly-Builder\u2026 - Markt-XXL","isPartOf":{"@id":"https:\/\/marktxxl.de\/markt\/#website"},"primaryImageOfPage":{"@id":"https:\/\/marktxxl.de\/markt\/produkt\/saviland-mini-u-v-lampe-fuer-naegel-16w-u-v-led-nagellampe-nageltrockner-u-v-lampe-naegel-fuer-gel-nagellack-poly-builder-nagelgel-klebegel-nagelkunstwerkzeuge-fuer-anfaenger-heimwerker\/#primaryimage"},"image":{"@id":"https:\/\/marktxxl.de\/markt\/produkt\/saviland-mini-u-v-lampe-fuer-naegel-16w-u-v-led-nagellampe-nageltrockner-u-v-lampe-naegel-fuer-gel-nagellack-poly-builder-nagelgel-klebegel-nagelkunstwerkzeuge-fuer-anfaenger-heimwerker\/#primaryimage"},"thumbnailUrl":"https:\/\/m.media-amazon.com\/images\/I\/41s7aGQKYdL._SL500_.jpg","datePublished":"2023-02-09T06:04:26+00:00","dateModified":"2023-04-08T02:50:17+00:00","description":"Markt-XXL Saviland Mini U V Lampe F\u00fcr N\u00e4gel \u2013 16W U V\/LED Nagellampe Nageltrockner U V Lampe N\u00e4gel f\u00fcr Gel Nagellack, Poly-Builder\u2026","breadcrumb":{"@id":"https:\/\/marktxxl.de\/markt\/produkt\/saviland-mini-u-v-lampe-fuer-naegel-16w-u-v-led-nagellampe-nageltrockner-u-v-lampe-naegel-fuer-gel-nagellack-poly-builder-nagelgel-klebegel-nagelkunstwerkzeuge-fuer-anfaenger-heimwerker\/#breadcrumb"},"inLanguage":"de","potentialAction":[{"@type":"ReadAction","target":["https:\/\/marktxxl.de\/markt\/produkt\/saviland-mini-u-v-lampe-fuer-naegel-16w-u-v-led-nagellampe-nageltrockner-u-v-lampe-naegel-fuer-gel-nagellack-poly-builder-nagelgel-klebegel-nagelkunstwerkzeuge-fuer-anfaenger-heimwerker\/"]}]},{"@type":"ImageObject","inLanguage":"de","@id":"https:\/\/marktxxl.de\/markt\/produkt\/saviland-mini-u-v-lampe-fuer-naegel-16w-u-v-led-nagellampe-nageltrockner-u-v-lampe-naegel-fuer-gel-nagellack-poly-builder-nagelgel-klebegel-nagelkunstwerkzeuge-fuer-anfaenger-heimwerker\/#primaryimage","url":"https:\/\/m.media-amazon.com\/images\/I\/41s7aGQKYdL._SL500_.jpg","contentUrl":"https:\/\/m.media-amazon.com\/images\/I\/41s7aGQKYdL._SL500_.jpg","width":500,"height":500},{"@type":"BreadcrumbList","@id":"https:\/\/marktxxl.de\/markt\/produkt\/saviland-mini-u-v-lampe-fuer-naegel-16w-u-v-led-nagellampe-nageltrockner-u-v-lampe-naegel-fuer-gel-nagellack-poly-builder-nagelgel-klebegel-nagelkunstwerkzeuge-fuer-anfaenger-heimwerker\/#breadcrumb","itemListElement":[{"@type":"ListItem","position":1,"name":"Startseite","item":"https:\/\/marktxxl.de\/markt\/"},{"@type":"ListItem","position":2,"name":"Markt","item":"https:\/\/marktxxl.de\/markt\/"},{"@type":"ListItem","position":3,"name":"Saviland Mini U V Lampe F\u00fcr N\u00e4gel \u2013 16W U V\/LED Nagellampe Nageltrockner U V Lampe N\u00e4gel f\u00fcr Gel Nagellack, Poly-Builder\u2026"}]},{"@type":"WebSite","@id":"https:\/\/marktxxl.de\/markt\/#website","url":"https:\/\/marktxxl.de\/markt\/","name":"Markt-XXL","description":"Ihr Markt Online","publisher":{"@id":"https:\/\/marktxxl.de\/markt\/#organization"},"potentialAction":[{"@type":"SearchAction","target":{"@type":"EntryPoint","urlTemplate":"https:\/\/marktxxl.de\/markt\/?s={search_term_string}"},"query-input":{"@type":"PropertyValueSpecification","valueRequired":true,"valueName":"search_term_string"}}],"inLanguage":"de"},{"@type":"Organization","@id":"https:\/\/marktxxl.de\/markt\/#organization","name":"Markt-XXL","url":"https:\/\/marktxxl.de\/markt\/","logo":{"@type":"ImageObject","inLanguage":"de","@id":"https:\/\/marktxxl.de\/markt\/#\/schema\/logo\/image\/","url":"https:\/\/marktxxl.de\/markt\/wp-content\/uploads\/sites\/3\/2020\/12\/logo.png","contentUrl":"https:\/\/marktxxl.de\/markt\/wp-content\/uploads\/sites\/3\/2020\/12\/logo.png","width":200,"height":70,"caption":"Markt-XXL"},"image":{"@id":"https:\/\/marktxxl.de\/markt\/#\/schema\/logo\/image\/"}}]}},"_links":{"self":[{"href":"https:\/\/marktxxl.de\/markt\/wp-json\/wp\/v2\/product\/188447","targetHints":{"allow":["GET"]}}],"collection":[{"href":"https:\/\/marktxxl.de\/markt\/wp-json\/wp\/v2\/product"}],"about":[{"href":"https:\/\/marktxxl.de\/markt\/wp-json\/wp\/v2\/types\/product"}],"replies":[{"embeddable":true,"href":"https:\/\/marktxxl.de\/markt\/wp-json\/wp\/v2\/comments?post=188447"}],"wp:featuredmedia":[{"embeddable":true,"href":"https:\/\/marktxxl.de\/markt\/wp-json\/wp\/v2\/media\/188448"}],"wp:attachment":[{"href":"https:\/\/marktxxl.de\/markt\/wp-json\/wp\/v2\/media?parent=188447"}],"wp:term":[{"taxonomy":"product_brand","embeddable":true,"href":"https:\/\/marktxxl.de\/markt\/wp-json\/wp\/v2\/product_brand?post=188447"},{"taxonomy":"product_cat","embeddable":true,"href":"https:\/\/marktxxl.de\/markt\/wp-json\/wp\/v2\/product_cat?post=188447"},{"taxonomy":"product_tag","embeddable":true,"href":"https:\/\/marktxxl.de\/markt\/wp-json\/wp\/v2\/product_tag?post=188447"}],"curies":[{"name":"wp","href":"https:\/\/api.w.org\/{rel}","templated":true}]}}