{"id":188416,"date":"2023-02-09T07:01:51","date_gmt":"2023-02-09T06:01:51","guid":{"rendered":"https:\/\/marktxxl.de\/markt\/produkt\/eveline-cosmetics-8in1-total-action-professionelle-nagel-aufbau-serum-12-ml-konzentrierter-naegel-conditioner-nagelwachstum-beschleuniger-staerkere-naegel-einfache-anwendung\/"},"modified":"2023-04-08T04:50:16","modified_gmt":"2023-04-08T02:50:16","slug":"eveline-cosmetics-8in1-total-action-professionelle-nagel-aufbau-serum-12-ml-konzentrierter-naegel-conditioner-nagelwachstum-beschleuniger-staerkere-naegel-einfache-anwendung","status":"publish","type":"product","link":"https:\/\/marktxxl.de\/markt\/produkt\/eveline-cosmetics-8in1-total-action-professionelle-nagel-aufbau-serum-12-ml-konzentrierter-naegel-conditioner-nagelwachstum-beschleuniger-staerkere-naegel-einfache-anwendung\/","title":{"rendered":"Eveline Cosmetics 8in1 Total Action Professionelle Nagel Aufbau Serum |12 ML | Konzentrierter N\u00e4gel-Conditioner\u2026"},"content":{"rendered":"<p>ST\u00c4RKERE N\u00c4GEL \u2013 Bei regelm\u00e4\u00dfiger Anwendung werden die N\u00e4gel st\u00e4rker und ges\u00fcnder. Sie brechen und spalten nicht, erhalten einen gesunden Glanz und werden gegl\u00e4ttet.<br \/>\nSCHNELLERES WACHSTUM \u2013 Dank des Conditioners beginnen die N\u00e4gel schneller zu wachsen. Perfekt f\u00fcr Frauen, welche Ihre N\u00e4gel nicht wachsen lassen k\u00f6nnen.<br \/>\nSCHNELLE WIRKUNG \u2013 Die neue, verbesserte Formel ohne Formaldehyd l\u00e4sst die Behandlung nach 10 Tagen sichtbar werden \u2013 der Nagel wird gest\u00e4rkt, regeneriert und gegl\u00e4ttet.<br \/>\nEINFACHE ANWENDUNG \u2013 Der Conditioner sollte zwei Wochen lang verwendet werden. Der Pinsel verteilt das Produkt gleichm\u00e4\u00dfig. Der Lack trocknet schnell und hat eine milchig-wei\u00dfe, zarte Farbe, welche aufgetragen elegant aussieht.<br \/>\n30-TAGE GELD ZUR\u00dcCK GARANTIE \u2013 Wir glauben daran, dass unsere Produkte von der besten Qualit\u00e4t auf dem Markt profitieren. Deshalb erhalten Sie zu unseren Produkten eine 30-Tage Geld zur\u00fcck Garantie, wodurch wir zeigen m\u00f6chten, dass wir uns sicher sind, dass Sie zu 100% zufrieden sein werden.<br \/>\n<div class=\"main-cross-sell\" data-asin=\"B00B84OJ54\">\n\n\t<div class=\"WooZone-cross-sell-loader\">\n\t\t<div>\n\t\t\t<div id=\"floatingBarsG\">\n\t\t\t\t<div class=\"blockG\" id=\"rotateG_01\"><\/div>\n\t\t\t\t<div class=\"blockG\" id=\"rotateG_02\"><\/div>\n\t\t\t\t<div class=\"blockG\" id=\"rotateG_03\"><\/div>\n\t\t\t\t<div class=\"blockG\" id=\"rotateG_04\"><\/div>\n\t\t\t\t<div class=\"blockG\" id=\"rotateG_05\"><\/div>\n\t\t\t\t<div class=\"blockG\" id=\"rotateG_06\"><\/div>\n\t\t\t\t<div class=\"blockG\" id=\"rotateG_07\"><\/div>\n\t\t\t\t<div class=\"blockG\" id=\"rotateG_08\"><\/div>\n\t\t\t<\/div>\n\t\t\t<div class=\"WooZone-cross-sell-loader-text\"><\/div>\n\t\t<\/div>\n\t<\/div>\n\n\t\t\n<\/div>\n<div style=\"clear:both;\"><\/div><\/p>\n","protected":false},"excerpt":{"rendered":"<p>ST\u00c4RKERE N\u00c4GEL \u2013 Bei regelm\u00e4\u00dfiger Anwendung werden die N\u00e4gel st\u00e4rker und ges\u00fcnder. Sie brechen und spalten nicht, erhalten einen gesunden Glanz und werden gegl\u00e4ttet.<br \/>\nSCHNELLERES WACHSTUM \u2013 Dank des Conditioners beginnen die N\u00e4gel schneller zu wachsen. Perfekt f\u00fcr Frauen, welche Ihre N\u00e4gel nicht wachsen lassen k\u00f6nnen.<br \/>\nSCHNELLE WIRKUNG \u2013 Die neue, verbesserte Formel ohne Formaldehyd l\u00e4sst die Behandlung nach 10 Tagen sichtbar werden \u2013 der Nagel wird gest\u00e4rkt, regeneriert und gegl\u00e4ttet.<\/p>\n","protected":false},"featured_media":188417,"comment_status":"open","ping_status":"closed","template":"","meta":[],"product_brand":[],"product_cat":[2858,7659],"product_tag":[],"class_list":{"0":"post-188416","1":"product","2":"type-product","3":"status-publish","4":"has-post-thumbnail","6":"product_cat-beauty","7":"product_cat-manikuere-pedikuere","8":"pa_binding-badartikel","9":"pa_brand-eveline-cosmetics","10":"pa_height-0-5-zoll","11":"pa_languages-unbekannt-englisch-unbekannt-franzoesisch","12":"pa_length-1-67-zoll","13":"pa_manufacturer-eveline-cosmetics","14":"pa_model-m00005123","15":"pa_size-12-ml-1er-pack","16":"pa_weight-0-03968320716-pfund","17":"pa_width-0-93-zoll","19":"first","20":"instock","21":"shipping-taxable","22":"purchasable","23":"product-type-simple","24":"customify-col","25":"product-has-gallery"},"yoast_head":"<!-- This site is optimized with the Yoast SEO plugin v27.4 - https:\/\/yoast.com\/product\/yoast-seo-wordpress\/ -->\n<title>Eveline Cosmetics 8in1 Total Action Professionelle Nagel Aufbau Serum |12 ML | Konzentrierter N\u00e4gel-Conditioner\u2026 - Markt-XXL<\/title>\n<meta name=\"description\" content=\"Markt-XXL Eveline Cosmetics 8in1 Total Action Professionelle Nagel Aufbau Serum |12 ML | Konzentrierter N\u00e4gel-Conditioner\u2026\" \/>\n<meta name=\"robots\" content=\"index, follow, max-snippet:-1, max-image-preview:large, max-video-preview:-1\" \/>\n<link rel=\"canonical\" href=\"https:\/\/marktxxl.de\/markt\/produkt\/eveline-cosmetics-8in1-total-action-professionelle-nagel-aufbau-serum-12-ml-konzentrierter-naegel-conditioner-nagelwachstum-beschleuniger-staerkere-naegel-einfache-anwendung\/\" \/>\n<meta property=\"og:locale\" content=\"de_DE\" \/>\n<meta property=\"og:type\" content=\"article\" \/>\n<meta property=\"og:title\" content=\"Eveline Cosmetics 8in1 Total Action Professionelle Nagel Aufbau Serum |12 ML | Konzentrierter N\u00e4gel-Conditioner\u2026 - Markt-XXL\" \/>\n<meta property=\"og:description\" content=\"Markt-XXL Eveline Cosmetics 8in1 Total Action Professionelle Nagel Aufbau Serum |12 ML | Konzentrierter N\u00e4gel-Conditioner\u2026\" \/>\n<meta property=\"og:url\" content=\"https:\/\/marktxxl.de\/markt\/produkt\/eveline-cosmetics-8in1-total-action-professionelle-nagel-aufbau-serum-12-ml-konzentrierter-naegel-conditioner-nagelwachstum-beschleuniger-staerkere-naegel-einfache-anwendung\/\" \/>\n<meta property=\"og:site_name\" content=\"Markt-XXL\" \/>\n<meta property=\"article:modified_time\" content=\"2023-04-08T02:50:16+00:00\" \/>\n<meta property=\"og:image\" content=\"https:\/\/m.media-amazon.com\/images\/I\/414eT9db4-L._SL500_.jpg\" \/>\n\t<meta property=\"og:image:width\" content=\"500\" \/>\n\t<meta property=\"og:image:height\" content=\"500\" \/>\n\t<meta property=\"og:image:type\" content=\"image\/jpeg\" \/>\n<meta name=\"twitter:card\" content=\"summary_large_image\" \/>\n<meta name=\"twitter:label1\" content=\"Gesch\u00e4tzte Lesezeit\" \/>\n\t<meta name=\"twitter:data1\" content=\"1\u00a0Minute\" \/>\n<script type=\"application\/ld+json\" class=\"yoast-schema-graph\">{\"@context\":\"https:\\\/\\\/schema.org\",\"@graph\":[{\"@type\":\"WebPage\",\"@id\":\"https:\\\/\\\/marktxxl.de\\\/markt\\\/produkt\\\/eveline-cosmetics-8in1-total-action-professionelle-nagel-aufbau-serum-12-ml-konzentrierter-naegel-conditioner-nagelwachstum-beschleuniger-staerkere-naegel-einfache-anwendung\\\/\",\"url\":\"https:\\\/\\\/marktxxl.de\\\/markt\\\/produkt\\\/eveline-cosmetics-8in1-total-action-professionelle-nagel-aufbau-serum-12-ml-konzentrierter-naegel-conditioner-nagelwachstum-beschleuniger-staerkere-naegel-einfache-anwendung\\\/\",\"name\":\"Eveline Cosmetics 8in1 Total Action Professionelle Nagel Aufbau Serum |12 ML | Konzentrierter N\u00e4gel-Conditioner\u2026 - Markt-XXL\",\"isPartOf\":{\"@id\":\"https:\\\/\\\/marktxxl.de\\\/markt\\\/#website\"},\"primaryImageOfPage\":{\"@id\":\"https:\\\/\\\/marktxxl.de\\\/markt\\\/produkt\\\/eveline-cosmetics-8in1-total-action-professionelle-nagel-aufbau-serum-12-ml-konzentrierter-naegel-conditioner-nagelwachstum-beschleuniger-staerkere-naegel-einfache-anwendung\\\/#primaryimage\"},\"image\":{\"@id\":\"https:\\\/\\\/marktxxl.de\\\/markt\\\/produkt\\\/eveline-cosmetics-8in1-total-action-professionelle-nagel-aufbau-serum-12-ml-konzentrierter-naegel-conditioner-nagelwachstum-beschleuniger-staerkere-naegel-einfache-anwendung\\\/#primaryimage\"},\"thumbnailUrl\":\"https:\\\/\\\/m.media-amazon.com\\\/images\\\/I\\\/414eT9db4-L._SL500_.jpg\",\"datePublished\":\"2023-02-09T06:01:51+00:00\",\"dateModified\":\"2023-04-08T02:50:16+00:00\",\"description\":\"Markt-XXL Eveline Cosmetics 8in1 Total Action Professionelle Nagel Aufbau Serum |12 ML | Konzentrierter N\u00e4gel-Conditioner\u2026\",\"breadcrumb\":{\"@id\":\"https:\\\/\\\/marktxxl.de\\\/markt\\\/produkt\\\/eveline-cosmetics-8in1-total-action-professionelle-nagel-aufbau-serum-12-ml-konzentrierter-naegel-conditioner-nagelwachstum-beschleuniger-staerkere-naegel-einfache-anwendung\\\/#breadcrumb\"},\"inLanguage\":\"de\",\"potentialAction\":[{\"@type\":\"ReadAction\",\"target\":[\"https:\\\/\\\/marktxxl.de\\\/markt\\\/produkt\\\/eveline-cosmetics-8in1-total-action-professionelle-nagel-aufbau-serum-12-ml-konzentrierter-naegel-conditioner-nagelwachstum-beschleuniger-staerkere-naegel-einfache-anwendung\\\/\"]}]},{\"@type\":\"ImageObject\",\"inLanguage\":\"de\",\"@id\":\"https:\\\/\\\/marktxxl.de\\\/markt\\\/produkt\\\/eveline-cosmetics-8in1-total-action-professionelle-nagel-aufbau-serum-12-ml-konzentrierter-naegel-conditioner-nagelwachstum-beschleuniger-staerkere-naegel-einfache-anwendung\\\/#primaryimage\",\"url\":\"https:\\\/\\\/m.media-amazon.com\\\/images\\\/I\\\/414eT9db4-L._SL500_.jpg\",\"contentUrl\":\"https:\\\/\\\/m.media-amazon.com\\\/images\\\/I\\\/414eT9db4-L._SL500_.jpg\",\"width\":500,\"height\":500},{\"@type\":\"BreadcrumbList\",\"@id\":\"https:\\\/\\\/marktxxl.de\\\/markt\\\/produkt\\\/eveline-cosmetics-8in1-total-action-professionelle-nagel-aufbau-serum-12-ml-konzentrierter-naegel-conditioner-nagelwachstum-beschleuniger-staerkere-naegel-einfache-anwendung\\\/#breadcrumb\",\"itemListElement\":[{\"@type\":\"ListItem\",\"position\":1,\"name\":\"Startseite\",\"item\":\"https:\\\/\\\/marktxxl.de\\\/markt\\\/\"},{\"@type\":\"ListItem\",\"position\":2,\"name\":\"Markt\",\"item\":\"https:\\\/\\\/marktxxl.de\\\/markt\\\/\"},{\"@type\":\"ListItem\",\"position\":3,\"name\":\"Eveline Cosmetics 8in1 Total Action Professionelle Nagel Aufbau Serum |12 ML | Konzentrierter N\u00e4gel-Conditioner\u2026\"}]},{\"@type\":\"WebSite\",\"@id\":\"https:\\\/\\\/marktxxl.de\\\/markt\\\/#website\",\"url\":\"https:\\\/\\\/marktxxl.de\\\/markt\\\/\",\"name\":\"Markt-XXL\",\"description\":\"Ihr Markt Online\",\"publisher\":{\"@id\":\"https:\\\/\\\/marktxxl.de\\\/markt\\\/#organization\"},\"potentialAction\":[{\"@type\":\"SearchAction\",\"target\":{\"@type\":\"EntryPoint\",\"urlTemplate\":\"https:\\\/\\\/marktxxl.de\\\/markt\\\/?s={search_term_string}\"},\"query-input\":{\"@type\":\"PropertyValueSpecification\",\"valueRequired\":true,\"valueName\":\"search_term_string\"}}],\"inLanguage\":\"de\"},{\"@type\":\"Organization\",\"@id\":\"https:\\\/\\\/marktxxl.de\\\/markt\\\/#organization\",\"name\":\"Markt-XXL\",\"url\":\"https:\\\/\\\/marktxxl.de\\\/markt\\\/\",\"logo\":{\"@type\":\"ImageObject\",\"inLanguage\":\"de\",\"@id\":\"https:\\\/\\\/marktxxl.de\\\/markt\\\/#\\\/schema\\\/logo\\\/image\\\/\",\"url\":\"https:\\\/\\\/marktxxl.de\\\/markt\\\/wp-content\\\/uploads\\\/sites\\\/3\\\/2020\\\/12\\\/logo.png\",\"contentUrl\":\"https:\\\/\\\/marktxxl.de\\\/markt\\\/wp-content\\\/uploads\\\/sites\\\/3\\\/2020\\\/12\\\/logo.png\",\"width\":200,\"height\":70,\"caption\":\"Markt-XXL\"},\"image\":{\"@id\":\"https:\\\/\\\/marktxxl.de\\\/markt\\\/#\\\/schema\\\/logo\\\/image\\\/\"}}]}<\/script>\n<!-- \/ Yoast SEO plugin. -->","yoast_head_json":{"title":"Eveline Cosmetics 8in1 Total Action Professionelle Nagel Aufbau Serum |12 ML | Konzentrierter N\u00e4gel-Conditioner\u2026 - Markt-XXL","description":"Markt-XXL Eveline Cosmetics 8in1 Total Action Professionelle Nagel Aufbau Serum |12 ML | Konzentrierter N\u00e4gel-Conditioner\u2026","robots":{"index":"index","follow":"follow","max-snippet":"max-snippet:-1","max-image-preview":"max-image-preview:large","max-video-preview":"max-video-preview:-1"},"canonical":"https:\/\/marktxxl.de\/markt\/produkt\/eveline-cosmetics-8in1-total-action-professionelle-nagel-aufbau-serum-12-ml-konzentrierter-naegel-conditioner-nagelwachstum-beschleuniger-staerkere-naegel-einfache-anwendung\/","og_locale":"de_DE","og_type":"article","og_title":"Eveline Cosmetics 8in1 Total Action Professionelle Nagel Aufbau Serum |12 ML | Konzentrierter N\u00e4gel-Conditioner\u2026 - Markt-XXL","og_description":"Markt-XXL Eveline Cosmetics 8in1 Total Action Professionelle Nagel Aufbau Serum |12 ML | Konzentrierter N\u00e4gel-Conditioner\u2026","og_url":"https:\/\/marktxxl.de\/markt\/produkt\/eveline-cosmetics-8in1-total-action-professionelle-nagel-aufbau-serum-12-ml-konzentrierter-naegel-conditioner-nagelwachstum-beschleuniger-staerkere-naegel-einfache-anwendung\/","og_site_name":"Markt-XXL","article_modified_time":"2023-04-08T02:50:16+00:00","og_image":[{"width":500,"height":500,"url":"https:\/\/m.media-amazon.com\/images\/I\/414eT9db4-L._SL500_.jpg","type":"image\/jpeg"}],"twitter_card":"summary_large_image","twitter_misc":{"Gesch\u00e4tzte Lesezeit":"1\u00a0Minute"},"schema":{"@context":"https:\/\/schema.org","@graph":[{"@type":"WebPage","@id":"https:\/\/marktxxl.de\/markt\/produkt\/eveline-cosmetics-8in1-total-action-professionelle-nagel-aufbau-serum-12-ml-konzentrierter-naegel-conditioner-nagelwachstum-beschleuniger-staerkere-naegel-einfache-anwendung\/","url":"https:\/\/marktxxl.de\/markt\/produkt\/eveline-cosmetics-8in1-total-action-professionelle-nagel-aufbau-serum-12-ml-konzentrierter-naegel-conditioner-nagelwachstum-beschleuniger-staerkere-naegel-einfache-anwendung\/","name":"Eveline Cosmetics 8in1 Total Action Professionelle Nagel Aufbau Serum |12 ML | Konzentrierter N\u00e4gel-Conditioner\u2026 - Markt-XXL","isPartOf":{"@id":"https:\/\/marktxxl.de\/markt\/#website"},"primaryImageOfPage":{"@id":"https:\/\/marktxxl.de\/markt\/produkt\/eveline-cosmetics-8in1-total-action-professionelle-nagel-aufbau-serum-12-ml-konzentrierter-naegel-conditioner-nagelwachstum-beschleuniger-staerkere-naegel-einfache-anwendung\/#primaryimage"},"image":{"@id":"https:\/\/marktxxl.de\/markt\/produkt\/eveline-cosmetics-8in1-total-action-professionelle-nagel-aufbau-serum-12-ml-konzentrierter-naegel-conditioner-nagelwachstum-beschleuniger-staerkere-naegel-einfache-anwendung\/#primaryimage"},"thumbnailUrl":"https:\/\/m.media-amazon.com\/images\/I\/414eT9db4-L._SL500_.jpg","datePublished":"2023-02-09T06:01:51+00:00","dateModified":"2023-04-08T02:50:16+00:00","description":"Markt-XXL Eveline Cosmetics 8in1 Total Action Professionelle Nagel Aufbau Serum |12 ML | Konzentrierter N\u00e4gel-Conditioner\u2026","breadcrumb":{"@id":"https:\/\/marktxxl.de\/markt\/produkt\/eveline-cosmetics-8in1-total-action-professionelle-nagel-aufbau-serum-12-ml-konzentrierter-naegel-conditioner-nagelwachstum-beschleuniger-staerkere-naegel-einfache-anwendung\/#breadcrumb"},"inLanguage":"de","potentialAction":[{"@type":"ReadAction","target":["https:\/\/marktxxl.de\/markt\/produkt\/eveline-cosmetics-8in1-total-action-professionelle-nagel-aufbau-serum-12-ml-konzentrierter-naegel-conditioner-nagelwachstum-beschleuniger-staerkere-naegel-einfache-anwendung\/"]}]},{"@type":"ImageObject","inLanguage":"de","@id":"https:\/\/marktxxl.de\/markt\/produkt\/eveline-cosmetics-8in1-total-action-professionelle-nagel-aufbau-serum-12-ml-konzentrierter-naegel-conditioner-nagelwachstum-beschleuniger-staerkere-naegel-einfache-anwendung\/#primaryimage","url":"https:\/\/m.media-amazon.com\/images\/I\/414eT9db4-L._SL500_.jpg","contentUrl":"https:\/\/m.media-amazon.com\/images\/I\/414eT9db4-L._SL500_.jpg","width":500,"height":500},{"@type":"BreadcrumbList","@id":"https:\/\/marktxxl.de\/markt\/produkt\/eveline-cosmetics-8in1-total-action-professionelle-nagel-aufbau-serum-12-ml-konzentrierter-naegel-conditioner-nagelwachstum-beschleuniger-staerkere-naegel-einfache-anwendung\/#breadcrumb","itemListElement":[{"@type":"ListItem","position":1,"name":"Startseite","item":"https:\/\/marktxxl.de\/markt\/"},{"@type":"ListItem","position":2,"name":"Markt","item":"https:\/\/marktxxl.de\/markt\/"},{"@type":"ListItem","position":3,"name":"Eveline Cosmetics 8in1 Total Action Professionelle Nagel Aufbau Serum |12 ML | Konzentrierter N\u00e4gel-Conditioner\u2026"}]},{"@type":"WebSite","@id":"https:\/\/marktxxl.de\/markt\/#website","url":"https:\/\/marktxxl.de\/markt\/","name":"Markt-XXL","description":"Ihr Markt Online","publisher":{"@id":"https:\/\/marktxxl.de\/markt\/#organization"},"potentialAction":[{"@type":"SearchAction","target":{"@type":"EntryPoint","urlTemplate":"https:\/\/marktxxl.de\/markt\/?s={search_term_string}"},"query-input":{"@type":"PropertyValueSpecification","valueRequired":true,"valueName":"search_term_string"}}],"inLanguage":"de"},{"@type":"Organization","@id":"https:\/\/marktxxl.de\/markt\/#organization","name":"Markt-XXL","url":"https:\/\/marktxxl.de\/markt\/","logo":{"@type":"ImageObject","inLanguage":"de","@id":"https:\/\/marktxxl.de\/markt\/#\/schema\/logo\/image\/","url":"https:\/\/marktxxl.de\/markt\/wp-content\/uploads\/sites\/3\/2020\/12\/logo.png","contentUrl":"https:\/\/marktxxl.de\/markt\/wp-content\/uploads\/sites\/3\/2020\/12\/logo.png","width":200,"height":70,"caption":"Markt-XXL"},"image":{"@id":"https:\/\/marktxxl.de\/markt\/#\/schema\/logo\/image\/"}}]}},"_links":{"self":[{"href":"https:\/\/marktxxl.de\/markt\/wp-json\/wp\/v2\/product\/188416","targetHints":{"allow":["GET"]}}],"collection":[{"href":"https:\/\/marktxxl.de\/markt\/wp-json\/wp\/v2\/product"}],"about":[{"href":"https:\/\/marktxxl.de\/markt\/wp-json\/wp\/v2\/types\/product"}],"replies":[{"embeddable":true,"href":"https:\/\/marktxxl.de\/markt\/wp-json\/wp\/v2\/comments?post=188416"}],"wp:featuredmedia":[{"embeddable":true,"href":"https:\/\/marktxxl.de\/markt\/wp-json\/wp\/v2\/media\/188417"}],"wp:attachment":[{"href":"https:\/\/marktxxl.de\/markt\/wp-json\/wp\/v2\/media?parent=188416"}],"wp:term":[{"taxonomy":"product_brand","embeddable":true,"href":"https:\/\/marktxxl.de\/markt\/wp-json\/wp\/v2\/product_brand?post=188416"},{"taxonomy":"product_cat","embeddable":true,"href":"https:\/\/marktxxl.de\/markt\/wp-json\/wp\/v2\/product_cat?post=188416"},{"taxonomy":"product_tag","embeddable":true,"href":"https:\/\/marktxxl.de\/markt\/wp-json\/wp\/v2\/product_tag?post=188416"}],"curies":[{"name":"wp","href":"https:\/\/api.w.org\/{rel}","templated":true}]}}