{"id":188308,"date":"2023-02-09T06:58:19","date_gmt":"2023-02-09T05:58:19","guid":{"rendered":"https:\/\/marktxxl.de\/markt\/produkt\/620-stueck-dankeskarten-und-aufklebe-100-stueck-thank-you-business-karte-500-stueck-1-5-zoll-runde-thank-you-aufkleber-wiederverschliessbare-geruchssichere-tasche-fuer-kleinunternehmer\/"},"modified":"2023-04-08T04:50:15","modified_gmt":"2023-04-08T02:50:15","slug":"620-stueck-dankeskarten-und-aufklebe-100-stueck-thank-you-business-karte-500-stueck-1-5-zoll-runde-thank-you-aufkleber-wiederverschliessbare-geruchssichere-tasche-fuer-kleinunternehmer","status":"publish","type":"product","link":"https:\/\/marktxxl.de\/markt\/produkt\/620-stueck-dankeskarten-und-aufklebe-100-stueck-thank-you-business-karte-500-stueck-1-5-zoll-runde-thank-you-aufkleber-wiederverschliessbare-geruchssichere-tasche-fuer-kleinunternehmer\/","title":{"rendered":"620 St\u00fcck Dankeskarten und Aufklebe, 100 St\u00fcck Thank You Business Karte 500 St\u00fcck 1.5 Zoll Runde Thank You Aufkleber\u2026"},"content":{"rendered":"<p>\ud83d\udc96Paket enth\u00e4lt: Inklusive 100 St\u00fcck 5 x 9 cm Dankeskarten in 4 Stilen, 1 Rolle 1,5 Zoll Dankesaufkleber in 4 Stilen, insgesamt 500 St\u00fcck, 20 St\u00fcck wiederverschlie\u00dfbare geruchsdichte Beutel in 2 Gr\u00f6\u00dfen; ausreichende Menge und mehrere Waren, um Ihren Bedarf zu decken<br \/>\n\ud83d\udc96Hohe Qualit\u00e4t: Gru\u00dfkarten bestehen aus 300 gsm Karton, sind langlebig und fest und lassen sich glatt auf der R\u00fcckseite beschreiben. Aufkleber sind aus beschichtetem Papier mit Laminierung, selbstklebend und wasserfest; Die wiederverschlie\u00dfbaren geruchsdichten Beutel sind aus 6,3 mil Verbundfolie, wasserdicht und gut versiegelt<br \/>\n\ud83d\udc96Design in Rosa und Goldfolie: Unser Dankeskarten-Set ist in hellrosa Farben gestaltet, und die Karten und Aufkleber sind mit Buchstaben aus Ros\u00e9goldfolie versehen, die Ihnen ein Gef\u00fchl von High-End und W\u00e4rme vermitteln k\u00f6nnen, es ist gut M\u00f6glichkeit, Ihr Gesch\u00e4ft zu verbessern<br \/>\n\ud83d\udc96Verbessern Sie Ihr Gesch\u00e4ft: Auf der leeren R\u00fcckseite der kleinen Visitenkarten k\u00f6nnen Sie Ihren Gru\u00df aufschreiben oder den Standort und die Informationen Ihres Gesch\u00e4fts drucken und ein Etikett zur Dekoration auf die Verpackung kleben. Kleine Taschen k\u00f6nnen kleine Dinge als Geschenke f\u00fcr Kunden verstauen. es hinterl\u00e4sst einen tiefen Eindruck bei anderen<br \/>\n\ud83d\udc96Weit verbreitet: Dieses Set eignet sich f\u00fcr kleine Unternehmen, E-Commerce-Gesch\u00e4fte, Online-Shops, B\u00e4ckereien, Restaurants, Juweliergesch\u00e4fte usw.; Ein perfektes Set, um Ihren Kunden Ihren aufrichtigen Dank und Ihre Wertsch\u00e4tzung auszudr\u00fccken<br \/>\n<div class=\"main-cross-sell\" data-asin=\"B09VBK3959\">\n\n\t<div class=\"WooZone-cross-sell-loader\">\n\t\t<div>\n\t\t\t<div id=\"floatingBarsG\">\n\t\t\t\t<div class=\"blockG\" id=\"rotateG_01\"><\/div>\n\t\t\t\t<div class=\"blockG\" id=\"rotateG_02\"><\/div>\n\t\t\t\t<div class=\"blockG\" id=\"rotateG_03\"><\/div>\n\t\t\t\t<div class=\"blockG\" id=\"rotateG_04\"><\/div>\n\t\t\t\t<div class=\"blockG\" id=\"rotateG_05\"><\/div>\n\t\t\t\t<div class=\"blockG\" id=\"rotateG_06\"><\/div>\n\t\t\t\t<div class=\"blockG\" id=\"rotateG_07\"><\/div>\n\t\t\t\t<div class=\"blockG\" id=\"rotateG_08\"><\/div>\n\t\t\t<\/div>\n\t\t\t<div class=\"WooZone-cross-sell-loader-text\"><\/div>\n\t\t<\/div>\n\t<\/div>\n\n\t\t\n<\/div>\n<div style=\"clear:both;\"><\/div><\/p>\n","protected":false},"excerpt":{"rendered":"<p>\ud83d\udc96Paket enth\u00e4lt: Inklusive 100 St\u00fcck 5 x 9 cm Dankeskarten in 4 Stilen, 1 Rolle 1,5 Zoll Dankesaufkleber in 4 Stilen, insgesamt 500 St\u00fcck, 20 St\u00fcck wiederverschlie\u00dfbare geruchsdichte Beutel in 2 Gr\u00f6\u00dfen; ausreichende Menge und mehrere Waren, um Ihren Bedarf zu decken<br \/>\n\ud83d\udc96Hohe Qualit\u00e4t: Gru\u00dfkarten bestehen aus 300 gsm Karton, sind langlebig und fest und lassen sich glatt auf der R\u00fcckseite beschreiben. Aufkleber sind aus beschichtetem Papier mit Laminierung, selbstklebend und wasserfest; Die wiederverschlie\u00dfbaren geruchsdichten Beutel sind aus 6,3 mil Verbundfolie, wasserdicht und gut versiegelt<br \/>\n\ud83d\udc96Design in Rosa und Goldfolie: Unser Dankeskarten-Set ist in hellrosa Farben gestaltet, und die Karten und Aufkleber sind mit Buchstaben aus Ros\u00e9goldfolie versehen, die Ihnen ein Gef\u00fchl von High-End und W\u00e4rme vermitteln k\u00f6nnen, es ist gut M\u00f6glichkeit, Ihr Gesch\u00e4ft zu verbessern<\/p>\n","protected":false},"featured_media":188309,"comment_status":"open","ping_status":"closed","template":"","meta":[],"product_brand":[],"product_cat":[504],"product_tag":[],"class_list":{"0":"post-188308","1":"product","2":"type-product","3":"status-publish","4":"has-post-thumbnail","6":"product_cat-buerobedarf-schreibwaren","7":"pa_binding-unbekannter-einband","8":"pa_brand-awmgirl","9":"pa_color-pink","10":"pa_manufacturer-awmgirl","11":"pa_model-hq429","12":"pa_size-5-x-9-cm","14":"first","15":"instock","16":"shipping-taxable","17":"purchasable","18":"product-type-simple","19":"customify-col","20":"product-has-gallery"},"yoast_head":"<!-- This site is optimized with the Yoast SEO plugin v27.3 - https:\/\/yoast.com\/product\/yoast-seo-wordpress\/ -->\n<title>620 St\u00fcck Dankeskarten und Aufklebe, 100 St\u00fcck Thank You Business Karte 500 St\u00fcck 1.5 Zoll Runde Thank You Aufkleber\u2026 - Markt-XXL<\/title>\n<meta name=\"description\" content=\"Markt-XXL 620 St\u00fcck Dankeskarten und Aufklebe, 100 St\u00fcck Thank You Business Karte 500 St\u00fcck 1.5 Zoll Runde Thank You Aufkleber\u2026\" \/>\n<meta name=\"robots\" content=\"index, follow, max-snippet:-1, max-image-preview:large, max-video-preview:-1\" \/>\n<link rel=\"canonical\" href=\"https:\/\/marktxxl.de\/markt\/produkt\/620-stueck-dankeskarten-und-aufklebe-100-stueck-thank-you-business-karte-500-stueck-1-5-zoll-runde-thank-you-aufkleber-wiederverschliessbare-geruchssichere-tasche-fuer-kleinunternehmer\/\" \/>\n<meta property=\"og:locale\" content=\"de_DE\" \/>\n<meta property=\"og:type\" content=\"article\" \/>\n<meta property=\"og:title\" content=\"620 St\u00fcck Dankeskarten und Aufklebe, 100 St\u00fcck Thank You Business Karte 500 St\u00fcck 1.5 Zoll Runde Thank You Aufkleber\u2026 - Markt-XXL\" \/>\n<meta property=\"og:description\" content=\"Markt-XXL 620 St\u00fcck Dankeskarten und Aufklebe, 100 St\u00fcck Thank You Business Karte 500 St\u00fcck 1.5 Zoll Runde Thank You Aufkleber\u2026\" \/>\n<meta property=\"og:url\" content=\"https:\/\/marktxxl.de\/markt\/produkt\/620-stueck-dankeskarten-und-aufklebe-100-stueck-thank-you-business-karte-500-stueck-1-5-zoll-runde-thank-you-aufkleber-wiederverschliessbare-geruchssichere-tasche-fuer-kleinunternehmer\/\" \/>\n<meta property=\"og:site_name\" content=\"Markt-XXL\" \/>\n<meta property=\"article:modified_time\" content=\"2023-04-08T02:50:15+00:00\" \/>\n<meta property=\"og:image\" content=\"https:\/\/m.media-amazon.com\/images\/I\/51Z+HYtcyzL._SL500_.jpg\" \/>\n\t<meta property=\"og:image:width\" content=\"500\" \/>\n\t<meta property=\"og:image:height\" content=\"500\" \/>\n\t<meta property=\"og:image:type\" content=\"image\/jpeg\" \/>\n<meta name=\"twitter:card\" content=\"summary_large_image\" \/>\n<meta name=\"twitter:label1\" content=\"Gesch\u00e4tzte Lesezeit\" \/>\n\t<meta name=\"twitter:data1\" content=\"1\u00a0Minute\" \/>\n<script type=\"application\/ld+json\" class=\"yoast-schema-graph\">{\"@context\":\"https:\\\/\\\/schema.org\",\"@graph\":[{\"@type\":\"WebPage\",\"@id\":\"https:\\\/\\\/marktxxl.de\\\/markt\\\/produkt\\\/620-stueck-dankeskarten-und-aufklebe-100-stueck-thank-you-business-karte-500-stueck-1-5-zoll-runde-thank-you-aufkleber-wiederverschliessbare-geruchssichere-tasche-fuer-kleinunternehmer\\\/\",\"url\":\"https:\\\/\\\/marktxxl.de\\\/markt\\\/produkt\\\/620-stueck-dankeskarten-und-aufklebe-100-stueck-thank-you-business-karte-500-stueck-1-5-zoll-runde-thank-you-aufkleber-wiederverschliessbare-geruchssichere-tasche-fuer-kleinunternehmer\\\/\",\"name\":\"620 St\u00fcck Dankeskarten und Aufklebe, 100 St\u00fcck Thank You Business Karte 500 St\u00fcck 1.5 Zoll Runde Thank You Aufkleber\u2026 - Markt-XXL\",\"isPartOf\":{\"@id\":\"https:\\\/\\\/marktxxl.de\\\/markt\\\/#website\"},\"primaryImageOfPage\":{\"@id\":\"https:\\\/\\\/marktxxl.de\\\/markt\\\/produkt\\\/620-stueck-dankeskarten-und-aufklebe-100-stueck-thank-you-business-karte-500-stueck-1-5-zoll-runde-thank-you-aufkleber-wiederverschliessbare-geruchssichere-tasche-fuer-kleinunternehmer\\\/#primaryimage\"},\"image\":{\"@id\":\"https:\\\/\\\/marktxxl.de\\\/markt\\\/produkt\\\/620-stueck-dankeskarten-und-aufklebe-100-stueck-thank-you-business-karte-500-stueck-1-5-zoll-runde-thank-you-aufkleber-wiederverschliessbare-geruchssichere-tasche-fuer-kleinunternehmer\\\/#primaryimage\"},\"thumbnailUrl\":\"https:\\\/\\\/m.media-amazon.com\\\/images\\\/I\\\/51Z+HYtcyzL._SL500_.jpg\",\"datePublished\":\"2023-02-09T05:58:19+00:00\",\"dateModified\":\"2023-04-08T02:50:15+00:00\",\"description\":\"Markt-XXL 620 St\u00fcck Dankeskarten und Aufklebe, 100 St\u00fcck Thank You Business Karte 500 St\u00fcck 1.5 Zoll Runde Thank You Aufkleber\u2026\",\"breadcrumb\":{\"@id\":\"https:\\\/\\\/marktxxl.de\\\/markt\\\/produkt\\\/620-stueck-dankeskarten-und-aufklebe-100-stueck-thank-you-business-karte-500-stueck-1-5-zoll-runde-thank-you-aufkleber-wiederverschliessbare-geruchssichere-tasche-fuer-kleinunternehmer\\\/#breadcrumb\"},\"inLanguage\":\"de\",\"potentialAction\":[{\"@type\":\"ReadAction\",\"target\":[\"https:\\\/\\\/marktxxl.de\\\/markt\\\/produkt\\\/620-stueck-dankeskarten-und-aufklebe-100-stueck-thank-you-business-karte-500-stueck-1-5-zoll-runde-thank-you-aufkleber-wiederverschliessbare-geruchssichere-tasche-fuer-kleinunternehmer\\\/\"]}]},{\"@type\":\"ImageObject\",\"inLanguage\":\"de\",\"@id\":\"https:\\\/\\\/marktxxl.de\\\/markt\\\/produkt\\\/620-stueck-dankeskarten-und-aufklebe-100-stueck-thank-you-business-karte-500-stueck-1-5-zoll-runde-thank-you-aufkleber-wiederverschliessbare-geruchssichere-tasche-fuer-kleinunternehmer\\\/#primaryimage\",\"url\":\"https:\\\/\\\/m.media-amazon.com\\\/images\\\/I\\\/51Z+HYtcyzL._SL500_.jpg\",\"contentUrl\":\"https:\\\/\\\/m.media-amazon.com\\\/images\\\/I\\\/51Z+HYtcyzL._SL500_.jpg\",\"width\":500,\"height\":500},{\"@type\":\"BreadcrumbList\",\"@id\":\"https:\\\/\\\/marktxxl.de\\\/markt\\\/produkt\\\/620-stueck-dankeskarten-und-aufklebe-100-stueck-thank-you-business-karte-500-stueck-1-5-zoll-runde-thank-you-aufkleber-wiederverschliessbare-geruchssichere-tasche-fuer-kleinunternehmer\\\/#breadcrumb\",\"itemListElement\":[{\"@type\":\"ListItem\",\"position\":1,\"name\":\"Startseite\",\"item\":\"https:\\\/\\\/marktxxl.de\\\/markt\\\/\"},{\"@type\":\"ListItem\",\"position\":2,\"name\":\"Markt\",\"item\":\"https:\\\/\\\/marktxxl.de\\\/markt\\\/\"},{\"@type\":\"ListItem\",\"position\":3,\"name\":\"620 St\u00fcck Dankeskarten und Aufklebe, 100 St\u00fcck Thank You Business Karte 500 St\u00fcck 1.5 Zoll Runde Thank You Aufkleber\u2026\"}]},{\"@type\":\"WebSite\",\"@id\":\"https:\\\/\\\/marktxxl.de\\\/markt\\\/#website\",\"url\":\"https:\\\/\\\/marktxxl.de\\\/markt\\\/\",\"name\":\"Markt-XXL\",\"description\":\"Ihr Markt Online\",\"publisher\":{\"@id\":\"https:\\\/\\\/marktxxl.de\\\/markt\\\/#organization\"},\"potentialAction\":[{\"@type\":\"SearchAction\",\"target\":{\"@type\":\"EntryPoint\",\"urlTemplate\":\"https:\\\/\\\/marktxxl.de\\\/markt\\\/?s={search_term_string}\"},\"query-input\":{\"@type\":\"PropertyValueSpecification\",\"valueRequired\":true,\"valueName\":\"search_term_string\"}}],\"inLanguage\":\"de\"},{\"@type\":\"Organization\",\"@id\":\"https:\\\/\\\/marktxxl.de\\\/markt\\\/#organization\",\"name\":\"Markt-XXL\",\"url\":\"https:\\\/\\\/marktxxl.de\\\/markt\\\/\",\"logo\":{\"@type\":\"ImageObject\",\"inLanguage\":\"de\",\"@id\":\"https:\\\/\\\/marktxxl.de\\\/markt\\\/#\\\/schema\\\/logo\\\/image\\\/\",\"url\":\"https:\\\/\\\/marktxxl.de\\\/markt\\\/wp-content\\\/uploads\\\/sites\\\/3\\\/2020\\\/12\\\/logo.png\",\"contentUrl\":\"https:\\\/\\\/marktxxl.de\\\/markt\\\/wp-content\\\/uploads\\\/sites\\\/3\\\/2020\\\/12\\\/logo.png\",\"width\":200,\"height\":70,\"caption\":\"Markt-XXL\"},\"image\":{\"@id\":\"https:\\\/\\\/marktxxl.de\\\/markt\\\/#\\\/schema\\\/logo\\\/image\\\/\"}}]}<\/script>\n<!-- \/ Yoast SEO plugin. -->","yoast_head_json":{"title":"620 St\u00fcck Dankeskarten und Aufklebe, 100 St\u00fcck Thank You Business Karte 500 St\u00fcck 1.5 Zoll Runde Thank You Aufkleber\u2026 - Markt-XXL","description":"Markt-XXL 620 St\u00fcck Dankeskarten und Aufklebe, 100 St\u00fcck Thank You Business Karte 500 St\u00fcck 1.5 Zoll Runde Thank You Aufkleber\u2026","robots":{"index":"index","follow":"follow","max-snippet":"max-snippet:-1","max-image-preview":"max-image-preview:large","max-video-preview":"max-video-preview:-1"},"canonical":"https:\/\/marktxxl.de\/markt\/produkt\/620-stueck-dankeskarten-und-aufklebe-100-stueck-thank-you-business-karte-500-stueck-1-5-zoll-runde-thank-you-aufkleber-wiederverschliessbare-geruchssichere-tasche-fuer-kleinunternehmer\/","og_locale":"de_DE","og_type":"article","og_title":"620 St\u00fcck Dankeskarten und Aufklebe, 100 St\u00fcck Thank You Business Karte 500 St\u00fcck 1.5 Zoll Runde Thank You Aufkleber\u2026 - Markt-XXL","og_description":"Markt-XXL 620 St\u00fcck Dankeskarten und Aufklebe, 100 St\u00fcck Thank You Business Karte 500 St\u00fcck 1.5 Zoll Runde Thank You Aufkleber\u2026","og_url":"https:\/\/marktxxl.de\/markt\/produkt\/620-stueck-dankeskarten-und-aufklebe-100-stueck-thank-you-business-karte-500-stueck-1-5-zoll-runde-thank-you-aufkleber-wiederverschliessbare-geruchssichere-tasche-fuer-kleinunternehmer\/","og_site_name":"Markt-XXL","article_modified_time":"2023-04-08T02:50:15+00:00","og_image":[{"width":500,"height":500,"url":"https:\/\/m.media-amazon.com\/images\/I\/51Z+HYtcyzL._SL500_.jpg","type":"image\/jpeg"}],"twitter_card":"summary_large_image","twitter_misc":{"Gesch\u00e4tzte Lesezeit":"1\u00a0Minute"},"schema":{"@context":"https:\/\/schema.org","@graph":[{"@type":"WebPage","@id":"https:\/\/marktxxl.de\/markt\/produkt\/620-stueck-dankeskarten-und-aufklebe-100-stueck-thank-you-business-karte-500-stueck-1-5-zoll-runde-thank-you-aufkleber-wiederverschliessbare-geruchssichere-tasche-fuer-kleinunternehmer\/","url":"https:\/\/marktxxl.de\/markt\/produkt\/620-stueck-dankeskarten-und-aufklebe-100-stueck-thank-you-business-karte-500-stueck-1-5-zoll-runde-thank-you-aufkleber-wiederverschliessbare-geruchssichere-tasche-fuer-kleinunternehmer\/","name":"620 St\u00fcck Dankeskarten und Aufklebe, 100 St\u00fcck Thank You Business Karte 500 St\u00fcck 1.5 Zoll Runde Thank You Aufkleber\u2026 - Markt-XXL","isPartOf":{"@id":"https:\/\/marktxxl.de\/markt\/#website"},"primaryImageOfPage":{"@id":"https:\/\/marktxxl.de\/markt\/produkt\/620-stueck-dankeskarten-und-aufklebe-100-stueck-thank-you-business-karte-500-stueck-1-5-zoll-runde-thank-you-aufkleber-wiederverschliessbare-geruchssichere-tasche-fuer-kleinunternehmer\/#primaryimage"},"image":{"@id":"https:\/\/marktxxl.de\/markt\/produkt\/620-stueck-dankeskarten-und-aufklebe-100-stueck-thank-you-business-karte-500-stueck-1-5-zoll-runde-thank-you-aufkleber-wiederverschliessbare-geruchssichere-tasche-fuer-kleinunternehmer\/#primaryimage"},"thumbnailUrl":"https:\/\/m.media-amazon.com\/images\/I\/51Z+HYtcyzL._SL500_.jpg","datePublished":"2023-02-09T05:58:19+00:00","dateModified":"2023-04-08T02:50:15+00:00","description":"Markt-XXL 620 St\u00fcck Dankeskarten und Aufklebe, 100 St\u00fcck Thank You Business Karte 500 St\u00fcck 1.5 Zoll Runde Thank You Aufkleber\u2026","breadcrumb":{"@id":"https:\/\/marktxxl.de\/markt\/produkt\/620-stueck-dankeskarten-und-aufklebe-100-stueck-thank-you-business-karte-500-stueck-1-5-zoll-runde-thank-you-aufkleber-wiederverschliessbare-geruchssichere-tasche-fuer-kleinunternehmer\/#breadcrumb"},"inLanguage":"de","potentialAction":[{"@type":"ReadAction","target":["https:\/\/marktxxl.de\/markt\/produkt\/620-stueck-dankeskarten-und-aufklebe-100-stueck-thank-you-business-karte-500-stueck-1-5-zoll-runde-thank-you-aufkleber-wiederverschliessbare-geruchssichere-tasche-fuer-kleinunternehmer\/"]}]},{"@type":"ImageObject","inLanguage":"de","@id":"https:\/\/marktxxl.de\/markt\/produkt\/620-stueck-dankeskarten-und-aufklebe-100-stueck-thank-you-business-karte-500-stueck-1-5-zoll-runde-thank-you-aufkleber-wiederverschliessbare-geruchssichere-tasche-fuer-kleinunternehmer\/#primaryimage","url":"https:\/\/m.media-amazon.com\/images\/I\/51Z+HYtcyzL._SL500_.jpg","contentUrl":"https:\/\/m.media-amazon.com\/images\/I\/51Z+HYtcyzL._SL500_.jpg","width":500,"height":500},{"@type":"BreadcrumbList","@id":"https:\/\/marktxxl.de\/markt\/produkt\/620-stueck-dankeskarten-und-aufklebe-100-stueck-thank-you-business-karte-500-stueck-1-5-zoll-runde-thank-you-aufkleber-wiederverschliessbare-geruchssichere-tasche-fuer-kleinunternehmer\/#breadcrumb","itemListElement":[{"@type":"ListItem","position":1,"name":"Startseite","item":"https:\/\/marktxxl.de\/markt\/"},{"@type":"ListItem","position":2,"name":"Markt","item":"https:\/\/marktxxl.de\/markt\/"},{"@type":"ListItem","position":3,"name":"620 St\u00fcck Dankeskarten und Aufklebe, 100 St\u00fcck Thank You Business Karte 500 St\u00fcck 1.5 Zoll Runde Thank You Aufkleber\u2026"}]},{"@type":"WebSite","@id":"https:\/\/marktxxl.de\/markt\/#website","url":"https:\/\/marktxxl.de\/markt\/","name":"Markt-XXL","description":"Ihr Markt Online","publisher":{"@id":"https:\/\/marktxxl.de\/markt\/#organization"},"potentialAction":[{"@type":"SearchAction","target":{"@type":"EntryPoint","urlTemplate":"https:\/\/marktxxl.de\/markt\/?s={search_term_string}"},"query-input":{"@type":"PropertyValueSpecification","valueRequired":true,"valueName":"search_term_string"}}],"inLanguage":"de"},{"@type":"Organization","@id":"https:\/\/marktxxl.de\/markt\/#organization","name":"Markt-XXL","url":"https:\/\/marktxxl.de\/markt\/","logo":{"@type":"ImageObject","inLanguage":"de","@id":"https:\/\/marktxxl.de\/markt\/#\/schema\/logo\/image\/","url":"https:\/\/marktxxl.de\/markt\/wp-content\/uploads\/sites\/3\/2020\/12\/logo.png","contentUrl":"https:\/\/marktxxl.de\/markt\/wp-content\/uploads\/sites\/3\/2020\/12\/logo.png","width":200,"height":70,"caption":"Markt-XXL"},"image":{"@id":"https:\/\/marktxxl.de\/markt\/#\/schema\/logo\/image\/"}}]}},"_links":{"self":[{"href":"https:\/\/marktxxl.de\/markt\/wp-json\/wp\/v2\/product\/188308","targetHints":{"allow":["GET"]}}],"collection":[{"href":"https:\/\/marktxxl.de\/markt\/wp-json\/wp\/v2\/product"}],"about":[{"href":"https:\/\/marktxxl.de\/markt\/wp-json\/wp\/v2\/types\/product"}],"replies":[{"embeddable":true,"href":"https:\/\/marktxxl.de\/markt\/wp-json\/wp\/v2\/comments?post=188308"}],"wp:featuredmedia":[{"embeddable":true,"href":"https:\/\/marktxxl.de\/markt\/wp-json\/wp\/v2\/media\/188309"}],"wp:attachment":[{"href":"https:\/\/marktxxl.de\/markt\/wp-json\/wp\/v2\/media?parent=188308"}],"wp:term":[{"taxonomy":"product_brand","embeddable":true,"href":"https:\/\/marktxxl.de\/markt\/wp-json\/wp\/v2\/product_brand?post=188308"},{"taxonomy":"product_cat","embeddable":true,"href":"https:\/\/marktxxl.de\/markt\/wp-json\/wp\/v2\/product_cat?post=188308"},{"taxonomy":"product_tag","embeddable":true,"href":"https:\/\/marktxxl.de\/markt\/wp-json\/wp\/v2\/product_tag?post=188308"}],"curies":[{"name":"wp","href":"https:\/\/api.w.org\/{rel}","templated":true}]}}