{"id":188299,"date":"2023-02-09T06:58:12","date_gmt":"2023-02-09T05:58:12","guid":{"rendered":"https:\/\/marktxxl.de\/markt\/produkt\/rainbow-socks-damen-herren-lustige-meerjungfrau-socken-box-geschenk-3-paar\/"},"modified":"2023-04-08T04:50:15","modified_gmt":"2023-04-08T02:50:15","slug":"rainbow-socks-damen-herren-lustige-meerjungfrau-socken-box-geschenk-3-paar","status":"publish","type":"product","link":"https:\/\/marktxxl.de\/markt\/produkt\/rainbow-socks-damen-herren-lustige-meerjungfrau-socken-box-geschenk-3-paar\/","title":{"rendered":"Rainbow Socks &#8211; Damen Herren Lustige Meerjungfrau Socken Box Geschenk &#8211; 3 Paar"},"content":{"rendered":"<p>SOCKEM MIT DEM SIRENENMOTIV \u2013 denn Sirenen existieren, und diese echten gibt es auf den Socken von Rainbow Socks! Im Sirenenset findest du 3 Paar von baumwollenen Socken bis zur H\u00e4lfte der Wade \u2013 jede wurde mit einem originellen Muster geschm\u00fcckt, das vom Meer und von der m\u00e4rchenhaften Unterwasserwelt inspiriert wurde. Sie passen ideal zu Casual-Look oder als lustige Erg\u00e4nzung von Party-Styling. Die Socken Mermaid Socks sind in zwei Gr\u00f6\u00dfen zug\u00e4nglich: EU 36-40 \/ UK 4-7 oraz EU 41-46 \/ UK 7.5-11.<br \/>\nF\u00dcR FANS VON UNTERWASSERWELT \u2013 Fischschuppe, schlanke Sirenenfigur oder gef\u00e4hrlicher Hai? Du musst nicht w\u00e4hlen \u2013 alle Meermuster findest du in einem Set! Mermaid Socks Box haben wir f\u00fcr diejenigen geschaffen, die immer noch von einem Treffen mit der kleinen Meerjungfrau tr\u00e4umen, f\u00fcr T\u00e4uferinnen, Seglerinnen, Surferinnen und f\u00fcr andere Meerfrauen. Blau-violette Socken wurden in einer bunten sechseckigen Schachtel mit Meeresgraphik eingepackt. Sie sind ideal als ein originelles Geschenk!<br \/>\nSCHENKE ETWAS WIRKLICH M\u00c4RCHENHAFTES \u2013 Die kleine Meerjungfrau vom Andersen-M\u00e4rchen existiert in der Popkultur als Arielle aus dem Disney-Film. Vom Sirenenschwanz tr\u00e4umten heranwachsende Tr\u00e4umerinnen in der ganzen Welt. Wenn du dich entscheidest, die Socken Mermaid zu schenken, hast du eine einmalige Chance ein nicht nur praktisches Gadget zu schenken, sondern auch solches, das fr\u00f6hliche Erinnerungen aus der Kindheit zur\u00fcckruft. Die Socken Mermaid rufen ein Sehnen nach Lieblingsm\u00e4rchen hervor.<br \/>\nEUROP\u00c4ISCHE PRODUKTION \u2013 unsere au\u00dfergew\u00f6hnlichen Sirenensocken entstehen in unserem kleinen Familienunternehmen in Mitteleuropa. Wir legen Wert darauf, dass die Rainbow Socks dich w\u00e4hrend der Urlaubstage und w\u00e4hrend der zahlreichen Stadteskapaden begleiten. Zum N\u00e4hen nutzen wir nur hochwertiges, dauerhaftes Garn mit gek\u00e4mmter Baumwolle. Ihre Qualit\u00e4t wird durch das Zertifikat OEKO-TEX garantiert. Du kannst sicher sein, dass unser Garn widerstandsf\u00e4hig, haut- und umweltfreundlich ist.<br \/>\nRAINBOW SOCKS \u2013 die Sirenensocken werden unter unserer Marke Rainbow Socks produziert. So wie unsere anderen Socken, sind unsere Sirenen ein Ausdruck der Leidenschaft zum originellen Design. Wir geben uns M\u00fche, dass jeder Liebhaber der verr\u00fcckten Socken etwas f\u00fcr sich finden kann. Mermaid Socks Box gemeinsam mit anderen au\u00dfergew\u00f6hnlichen Socken von Rainbow Socks erfreuen das Auge der Fans des guten Designs und der Kenner der bunten Details. Rainbow Socks. Where feet and colours meet.<br \/>\n<div class=\"main-cross-sell\" data-asin=\"B08GQLZHWH\">\n\n\t<div class=\"WooZone-cross-sell-loader\">\n\t\t<div>\n\t\t\t<div id=\"floatingBarsG\">\n\t\t\t\t<div class=\"blockG\" id=\"rotateG_01\"><\/div>\n\t\t\t\t<div class=\"blockG\" id=\"rotateG_02\"><\/div>\n\t\t\t\t<div class=\"blockG\" id=\"rotateG_03\"><\/div>\n\t\t\t\t<div class=\"blockG\" id=\"rotateG_04\"><\/div>\n\t\t\t\t<div class=\"blockG\" id=\"rotateG_05\"><\/div>\n\t\t\t\t<div class=\"blockG\" id=\"rotateG_06\"><\/div>\n\t\t\t\t<div class=\"blockG\" id=\"rotateG_07\"><\/div>\n\t\t\t\t<div class=\"blockG\" id=\"rotateG_08\"><\/div>\n\t\t\t<\/div>\n\t\t\t<div class=\"WooZone-cross-sell-loader-text\"><\/div>\n\t\t<\/div>\n\t<\/div>\n\n\t\t\n<\/div>\n<div style=\"clear:both;\"><\/div><\/p>\n","protected":false},"excerpt":{"rendered":"<p>SOCKEM MIT DEM SIRENENMOTIV \u2013 denn Sirenen existieren, und diese echten gibt es auf den Socken von Rainbow Socks! Im Sirenenset findest du 3 Paar von baumwollenen Socken bis zur H\u00e4lfte der Wade \u2013 jede wurde mit einem originellen Muster geschm\u00fcckt, das vom Meer und von der m\u00e4rchenhaften Unterwasserwelt inspiriert wurde. Sie passen ideal zu Casual-Look oder als lustige Erg\u00e4nzung von Party-Styling. Die Socken Mermaid Socks sind in zwei Gr\u00f6\u00dfen zug\u00e4nglich: EU 36-40 \/ UK 4-7 oraz EU 41-46 \/ UK 7.5-11.<br \/>\nF\u00dcR FANS VON UNTERWASSERWELT \u2013 Fischschuppe, schlanke Sirenenfigur oder gef\u00e4hrlicher Hai? Du musst nicht w\u00e4hlen \u2013 alle Meermuster findest du in einem Set! Mermaid Socks Box haben wir f\u00fcr diejenigen geschaffen, die immer noch von einem Treffen mit der kleinen Meerjungfrau tr\u00e4umen, f\u00fcr T\u00e4uferinnen, Seglerinnen, Surferinnen und f\u00fcr andere Meerfrauen. Blau-violette Socken wurden in einer bunten sechseckigen Schachtel mit Meeresgraphik eingepackt. Sie sind ideal als ein originelles Geschenk!<br \/>\nSCHENKE ETWAS WIRKLICH M\u00c4RCHENHAFTES \u2013 Die kleine Meerjungfrau vom Andersen-M\u00e4rchen existiert in der Popkultur als Arielle aus dem Disney-Film. Vom Sirenenschwanz tr\u00e4umten heranwachsende Tr\u00e4umerinnen in der ganzen Welt. Wenn du dich entscheidest, die Socken Mermaid zu schenken, hast du eine einmalige Chance ein nicht nur praktisches Gadget zu schenken, sondern auch solches, das fr\u00f6hliche Erinnerungen aus der Kindheit zur\u00fcckruft. Die Socken Mermaid rufen ein Sehnen nach Lieblingsm\u00e4rchen hervor.<\/p>\n","protected":false},"featured_media":188300,"comment_status":"open","ping_status":"closed","template":"","meta":[],"product_brand":[],"product_cat":[1186,4069],"product_tag":[],"class_list":{"0":"post-188299","1":"product","2":"type-product","3":"status-publish","4":"has-post-thumbnail","6":"product_cat-bekleidung","7":"product_cat-spezielle-anlaesse","8":"pa_brand-rainbow-socks","10":"first","11":"instock","12":"shipping-taxable","13":"purchasable","14":"product-type-simple","15":"customify-col","16":"product-has-gallery"},"yoast_head":"<!-- This site is optimized with the Yoast SEO plugin v27.4 - https:\/\/yoast.com\/product\/yoast-seo-wordpress\/ -->\n<title>Rainbow Socks - Damen Herren Lustige Meerjungfrau Socken Box Geschenk - 3 Paar - Markt-XXL<\/title>\n<meta name=\"description\" content=\"Markt-XXL Rainbow Socks - Damen Herren Lustige Meerjungfrau Socken Box Geschenk - 3 Paar\" \/>\n<meta name=\"robots\" content=\"index, follow, max-snippet:-1, max-image-preview:large, max-video-preview:-1\" \/>\n<link rel=\"canonical\" href=\"https:\/\/marktxxl.de\/markt\/produkt\/rainbow-socks-damen-herren-lustige-meerjungfrau-socken-box-geschenk-3-paar\/\" \/>\n<meta property=\"og:locale\" content=\"de_DE\" \/>\n<meta property=\"og:type\" content=\"article\" \/>\n<meta property=\"og:title\" content=\"Rainbow Socks - Damen Herren Lustige Meerjungfrau Socken Box Geschenk - 3 Paar - Markt-XXL\" \/>\n<meta property=\"og:description\" content=\"Markt-XXL Rainbow Socks - Damen Herren Lustige Meerjungfrau Socken Box Geschenk - 3 Paar\" \/>\n<meta property=\"og:url\" content=\"https:\/\/marktxxl.de\/markt\/produkt\/rainbow-socks-damen-herren-lustige-meerjungfrau-socken-box-geschenk-3-paar\/\" \/>\n<meta property=\"og:site_name\" content=\"Markt-XXL\" \/>\n<meta property=\"article:modified_time\" content=\"2023-04-08T02:50:15+00:00\" \/>\n<meta property=\"og:image\" content=\"https:\/\/m.media-amazon.com\/images\/I\/417n3e1+5WL._SL500_.jpg\" \/>\n\t<meta property=\"og:image:width\" content=\"500\" \/>\n\t<meta property=\"og:image:height\" content=\"374\" \/>\n\t<meta property=\"og:image:type\" content=\"image\/jpeg\" \/>\n<meta name=\"twitter:card\" content=\"summary_large_image\" \/>\n<meta name=\"twitter:label1\" content=\"Gesch\u00e4tzte Lesezeit\" \/>\n\t<meta name=\"twitter:data1\" content=\"2\u00a0Minuten\" \/>\n<script type=\"application\/ld+json\" class=\"yoast-schema-graph\">{\"@context\":\"https:\\\/\\\/schema.org\",\"@graph\":[{\"@type\":\"WebPage\",\"@id\":\"https:\\\/\\\/marktxxl.de\\\/markt\\\/produkt\\\/rainbow-socks-damen-herren-lustige-meerjungfrau-socken-box-geschenk-3-paar\\\/\",\"url\":\"https:\\\/\\\/marktxxl.de\\\/markt\\\/produkt\\\/rainbow-socks-damen-herren-lustige-meerjungfrau-socken-box-geschenk-3-paar\\\/\",\"name\":\"Rainbow Socks - Damen Herren Lustige Meerjungfrau Socken Box Geschenk - 3 Paar - Markt-XXL\",\"isPartOf\":{\"@id\":\"https:\\\/\\\/marktxxl.de\\\/markt\\\/#website\"},\"primaryImageOfPage\":{\"@id\":\"https:\\\/\\\/marktxxl.de\\\/markt\\\/produkt\\\/rainbow-socks-damen-herren-lustige-meerjungfrau-socken-box-geschenk-3-paar\\\/#primaryimage\"},\"image\":{\"@id\":\"https:\\\/\\\/marktxxl.de\\\/markt\\\/produkt\\\/rainbow-socks-damen-herren-lustige-meerjungfrau-socken-box-geschenk-3-paar\\\/#primaryimage\"},\"thumbnailUrl\":\"https:\\\/\\\/m.media-amazon.com\\\/images\\\/I\\\/417n3e1+5WL._SL500_.jpg\",\"datePublished\":\"2023-02-09T05:58:12+00:00\",\"dateModified\":\"2023-04-08T02:50:15+00:00\",\"description\":\"Markt-XXL Rainbow Socks - Damen Herren Lustige Meerjungfrau Socken Box Geschenk - 3 Paar\",\"breadcrumb\":{\"@id\":\"https:\\\/\\\/marktxxl.de\\\/markt\\\/produkt\\\/rainbow-socks-damen-herren-lustige-meerjungfrau-socken-box-geschenk-3-paar\\\/#breadcrumb\"},\"inLanguage\":\"de\",\"potentialAction\":[{\"@type\":\"ReadAction\",\"target\":[\"https:\\\/\\\/marktxxl.de\\\/markt\\\/produkt\\\/rainbow-socks-damen-herren-lustige-meerjungfrau-socken-box-geschenk-3-paar\\\/\"]}]},{\"@type\":\"ImageObject\",\"inLanguage\":\"de\",\"@id\":\"https:\\\/\\\/marktxxl.de\\\/markt\\\/produkt\\\/rainbow-socks-damen-herren-lustige-meerjungfrau-socken-box-geschenk-3-paar\\\/#primaryimage\",\"url\":\"https:\\\/\\\/m.media-amazon.com\\\/images\\\/I\\\/417n3e1+5WL._SL500_.jpg\",\"contentUrl\":\"https:\\\/\\\/m.media-amazon.com\\\/images\\\/I\\\/417n3e1+5WL._SL500_.jpg\",\"width\":500,\"height\":374},{\"@type\":\"BreadcrumbList\",\"@id\":\"https:\\\/\\\/marktxxl.de\\\/markt\\\/produkt\\\/rainbow-socks-damen-herren-lustige-meerjungfrau-socken-box-geschenk-3-paar\\\/#breadcrumb\",\"itemListElement\":[{\"@type\":\"ListItem\",\"position\":1,\"name\":\"Startseite\",\"item\":\"https:\\\/\\\/marktxxl.de\\\/markt\\\/\"},{\"@type\":\"ListItem\",\"position\":2,\"name\":\"Markt\",\"item\":\"https:\\\/\\\/marktxxl.de\\\/markt\\\/\"},{\"@type\":\"ListItem\",\"position\":3,\"name\":\"Rainbow Socks &#8211; Damen Herren Lustige Meerjungfrau Socken Box Geschenk &#8211; 3 Paar\"}]},{\"@type\":\"WebSite\",\"@id\":\"https:\\\/\\\/marktxxl.de\\\/markt\\\/#website\",\"url\":\"https:\\\/\\\/marktxxl.de\\\/markt\\\/\",\"name\":\"Markt-XXL\",\"description\":\"Ihr Markt Online\",\"publisher\":{\"@id\":\"https:\\\/\\\/marktxxl.de\\\/markt\\\/#organization\"},\"potentialAction\":[{\"@type\":\"SearchAction\",\"target\":{\"@type\":\"EntryPoint\",\"urlTemplate\":\"https:\\\/\\\/marktxxl.de\\\/markt\\\/?s={search_term_string}\"},\"query-input\":{\"@type\":\"PropertyValueSpecification\",\"valueRequired\":true,\"valueName\":\"search_term_string\"}}],\"inLanguage\":\"de\"},{\"@type\":\"Organization\",\"@id\":\"https:\\\/\\\/marktxxl.de\\\/markt\\\/#organization\",\"name\":\"Markt-XXL\",\"url\":\"https:\\\/\\\/marktxxl.de\\\/markt\\\/\",\"logo\":{\"@type\":\"ImageObject\",\"inLanguage\":\"de\",\"@id\":\"https:\\\/\\\/marktxxl.de\\\/markt\\\/#\\\/schema\\\/logo\\\/image\\\/\",\"url\":\"https:\\\/\\\/marktxxl.de\\\/markt\\\/wp-content\\\/uploads\\\/sites\\\/3\\\/2020\\\/12\\\/logo.png\",\"contentUrl\":\"https:\\\/\\\/marktxxl.de\\\/markt\\\/wp-content\\\/uploads\\\/sites\\\/3\\\/2020\\\/12\\\/logo.png\",\"width\":200,\"height\":70,\"caption\":\"Markt-XXL\"},\"image\":{\"@id\":\"https:\\\/\\\/marktxxl.de\\\/markt\\\/#\\\/schema\\\/logo\\\/image\\\/\"}}]}<\/script>\n<!-- \/ Yoast SEO plugin. -->","yoast_head_json":{"title":"Rainbow Socks - Damen Herren Lustige Meerjungfrau Socken Box Geschenk - 3 Paar - Markt-XXL","description":"Markt-XXL Rainbow Socks - Damen Herren Lustige Meerjungfrau Socken Box Geschenk - 3 Paar","robots":{"index":"index","follow":"follow","max-snippet":"max-snippet:-1","max-image-preview":"max-image-preview:large","max-video-preview":"max-video-preview:-1"},"canonical":"https:\/\/marktxxl.de\/markt\/produkt\/rainbow-socks-damen-herren-lustige-meerjungfrau-socken-box-geschenk-3-paar\/","og_locale":"de_DE","og_type":"article","og_title":"Rainbow Socks - Damen Herren Lustige Meerjungfrau Socken Box Geschenk - 3 Paar - Markt-XXL","og_description":"Markt-XXL Rainbow Socks - Damen Herren Lustige Meerjungfrau Socken Box Geschenk - 3 Paar","og_url":"https:\/\/marktxxl.de\/markt\/produkt\/rainbow-socks-damen-herren-lustige-meerjungfrau-socken-box-geschenk-3-paar\/","og_site_name":"Markt-XXL","article_modified_time":"2023-04-08T02:50:15+00:00","og_image":[{"width":500,"height":374,"url":"https:\/\/m.media-amazon.com\/images\/I\/417n3e1+5WL._SL500_.jpg","type":"image\/jpeg"}],"twitter_card":"summary_large_image","twitter_misc":{"Gesch\u00e4tzte Lesezeit":"2\u00a0Minuten"},"schema":{"@context":"https:\/\/schema.org","@graph":[{"@type":"WebPage","@id":"https:\/\/marktxxl.de\/markt\/produkt\/rainbow-socks-damen-herren-lustige-meerjungfrau-socken-box-geschenk-3-paar\/","url":"https:\/\/marktxxl.de\/markt\/produkt\/rainbow-socks-damen-herren-lustige-meerjungfrau-socken-box-geschenk-3-paar\/","name":"Rainbow Socks - Damen Herren Lustige Meerjungfrau Socken Box Geschenk - 3 Paar - Markt-XXL","isPartOf":{"@id":"https:\/\/marktxxl.de\/markt\/#website"},"primaryImageOfPage":{"@id":"https:\/\/marktxxl.de\/markt\/produkt\/rainbow-socks-damen-herren-lustige-meerjungfrau-socken-box-geschenk-3-paar\/#primaryimage"},"image":{"@id":"https:\/\/marktxxl.de\/markt\/produkt\/rainbow-socks-damen-herren-lustige-meerjungfrau-socken-box-geschenk-3-paar\/#primaryimage"},"thumbnailUrl":"https:\/\/m.media-amazon.com\/images\/I\/417n3e1+5WL._SL500_.jpg","datePublished":"2023-02-09T05:58:12+00:00","dateModified":"2023-04-08T02:50:15+00:00","description":"Markt-XXL Rainbow Socks - Damen Herren Lustige Meerjungfrau Socken Box Geschenk - 3 Paar","breadcrumb":{"@id":"https:\/\/marktxxl.de\/markt\/produkt\/rainbow-socks-damen-herren-lustige-meerjungfrau-socken-box-geschenk-3-paar\/#breadcrumb"},"inLanguage":"de","potentialAction":[{"@type":"ReadAction","target":["https:\/\/marktxxl.de\/markt\/produkt\/rainbow-socks-damen-herren-lustige-meerjungfrau-socken-box-geschenk-3-paar\/"]}]},{"@type":"ImageObject","inLanguage":"de","@id":"https:\/\/marktxxl.de\/markt\/produkt\/rainbow-socks-damen-herren-lustige-meerjungfrau-socken-box-geschenk-3-paar\/#primaryimage","url":"https:\/\/m.media-amazon.com\/images\/I\/417n3e1+5WL._SL500_.jpg","contentUrl":"https:\/\/m.media-amazon.com\/images\/I\/417n3e1+5WL._SL500_.jpg","width":500,"height":374},{"@type":"BreadcrumbList","@id":"https:\/\/marktxxl.de\/markt\/produkt\/rainbow-socks-damen-herren-lustige-meerjungfrau-socken-box-geschenk-3-paar\/#breadcrumb","itemListElement":[{"@type":"ListItem","position":1,"name":"Startseite","item":"https:\/\/marktxxl.de\/markt\/"},{"@type":"ListItem","position":2,"name":"Markt","item":"https:\/\/marktxxl.de\/markt\/"},{"@type":"ListItem","position":3,"name":"Rainbow Socks &#8211; Damen Herren Lustige Meerjungfrau Socken Box Geschenk &#8211; 3 Paar"}]},{"@type":"WebSite","@id":"https:\/\/marktxxl.de\/markt\/#website","url":"https:\/\/marktxxl.de\/markt\/","name":"Markt-XXL","description":"Ihr Markt Online","publisher":{"@id":"https:\/\/marktxxl.de\/markt\/#organization"},"potentialAction":[{"@type":"SearchAction","target":{"@type":"EntryPoint","urlTemplate":"https:\/\/marktxxl.de\/markt\/?s={search_term_string}"},"query-input":{"@type":"PropertyValueSpecification","valueRequired":true,"valueName":"search_term_string"}}],"inLanguage":"de"},{"@type":"Organization","@id":"https:\/\/marktxxl.de\/markt\/#organization","name":"Markt-XXL","url":"https:\/\/marktxxl.de\/markt\/","logo":{"@type":"ImageObject","inLanguage":"de","@id":"https:\/\/marktxxl.de\/markt\/#\/schema\/logo\/image\/","url":"https:\/\/marktxxl.de\/markt\/wp-content\/uploads\/sites\/3\/2020\/12\/logo.png","contentUrl":"https:\/\/marktxxl.de\/markt\/wp-content\/uploads\/sites\/3\/2020\/12\/logo.png","width":200,"height":70,"caption":"Markt-XXL"},"image":{"@id":"https:\/\/marktxxl.de\/markt\/#\/schema\/logo\/image\/"}}]}},"_links":{"self":[{"href":"https:\/\/marktxxl.de\/markt\/wp-json\/wp\/v2\/product\/188299","targetHints":{"allow":["GET"]}}],"collection":[{"href":"https:\/\/marktxxl.de\/markt\/wp-json\/wp\/v2\/product"}],"about":[{"href":"https:\/\/marktxxl.de\/markt\/wp-json\/wp\/v2\/types\/product"}],"replies":[{"embeddable":true,"href":"https:\/\/marktxxl.de\/markt\/wp-json\/wp\/v2\/comments?post=188299"}],"wp:featuredmedia":[{"embeddable":true,"href":"https:\/\/marktxxl.de\/markt\/wp-json\/wp\/v2\/media\/188300"}],"wp:attachment":[{"href":"https:\/\/marktxxl.de\/markt\/wp-json\/wp\/v2\/media?parent=188299"}],"wp:term":[{"taxonomy":"product_brand","embeddable":true,"href":"https:\/\/marktxxl.de\/markt\/wp-json\/wp\/v2\/product_brand?post=188299"},{"taxonomy":"product_cat","embeddable":true,"href":"https:\/\/marktxxl.de\/markt\/wp-json\/wp\/v2\/product_cat?post=188299"},{"taxonomy":"product_tag","embeddable":true,"href":"https:\/\/marktxxl.de\/markt\/wp-json\/wp\/v2\/product_tag?post=188299"}],"curies":[{"name":"wp","href":"https:\/\/api.w.org\/{rel}","templated":true}]}}