{"id":188247,"date":"2023-02-09T06:55:34","date_gmt":"2023-02-09T05:55:34","guid":{"rendered":"https:\/\/marktxxl.de\/markt\/produkt\/10-stueck-verschlussklammern-2-groessen-ipow-80mm-115mm-metall-clips-verschlussclips-dichtungsclips-fuer-lebensmittel-kaffee-brot-fresh-keeping-clamp-sealer-und-mehr\/"},"modified":"2023-04-08T04:50:14","modified_gmt":"2023-04-08T02:50:14","slug":"10-stueck-verschlussklammern-2-groessen-ipow-80mm-115mm-metall-clips-verschlussclips-dichtungsclips-fuer-lebensmittel-kaffee-brot-fresh-keeping-clamp-sealer-und-mehr","status":"publish","type":"product","link":"https:\/\/marktxxl.de\/markt\/produkt\/10-stueck-verschlussklammern-2-groessen-ipow-80mm-115mm-metall-clips-verschlussclips-dichtungsclips-fuer-lebensmittel-kaffee-brot-fresh-keeping-clamp-sealer-und-mehr\/","title":{"rendered":"10 St\u00fcck Verschlussklammern 2 Gr\u00f6\u00dfen, ipow 80mm &amp; 115mm Metall Clips Verschlussclips Dichtungsclips f\u00fcr Lebensmittel\u2026"},"content":{"rendered":"<p>\u25cf Lieferumfang: 10 St\u00fcck Dichtungsclips in 2 Gr\u00f6\u00dfen, mit Aufbewahrungsbox.<br \/>\n\u25cf Praktische Verschlussclips enth\u00e4lt 8 St\u00fcck Medium Gr\u00f6\u00dfe 80mm , und 2 St\u00fcck gro\u00dfe 115mm Metall Clips, erf\u00fcllen Ihre unterschiedliche Bed\u00fcrfnissen.<br \/>\n\u25cf Hergestellt aus Edelstahl, robust und langleibig, auch zum Einfrieren in Gefrierbeuteln sind die Clips perfekt geeignet.<br \/>\n\u25cf Halten Sie Lebensmittel frisch, starke Feder-und Bei\u00dfkraft f\u00fcr eine optimale Abdichtung, schnell zu \u00f6ffnen und zu schlie\u00dfen. Das Design der Zahnn\u00e4he macht es diegeliger als flache Clips.<br \/>\n\u25cf Der Zahnabschnitt des 8cm Verschlussclips ist etwa 4,5cm breit, maximal \u00d6ffnengr\u00f6\u00dfe bis zu 30 mm. Der Zahnabschnitt des 11,5cm Verschlussclips ist etwa 7,5cm breit und maximal \u00d6ffnung bis zu 65mm. Extra breite Lebensmittel Beutel Clip, so bequem, sicher und gesund.<br \/>\n<div class=\"main-cross-sell\" data-asin=\"B08B4JR9PG\">\n\n\t<div class=\"WooZone-cross-sell-loader\">\n\t\t<div>\n\t\t\t<div id=\"floatingBarsG\">\n\t\t\t\t<div class=\"blockG\" id=\"rotateG_01\"><\/div>\n\t\t\t\t<div class=\"blockG\" id=\"rotateG_02\"><\/div>\n\t\t\t\t<div class=\"blockG\" id=\"rotateG_03\"><\/div>\n\t\t\t\t<div class=\"blockG\" id=\"rotateG_04\"><\/div>\n\t\t\t\t<div class=\"blockG\" id=\"rotateG_05\"><\/div>\n\t\t\t\t<div class=\"blockG\" id=\"rotateG_06\"><\/div>\n\t\t\t\t<div class=\"blockG\" id=\"rotateG_07\"><\/div>\n\t\t\t\t<div class=\"blockG\" id=\"rotateG_08\"><\/div>\n\t\t\t<\/div>\n\t\t\t<div class=\"WooZone-cross-sell-loader-text\"><\/div>\n\t\t<\/div>\n\t<\/div>\n\n\t\t\n<\/div>\n<div style=\"clear:both;\"><\/div><\/p>\n","protected":false},"excerpt":{"rendered":"<p>\u25cf Lieferumfang: 10 St\u00fcck Dichtungsclips in 2 Gr\u00f6\u00dfen, mit Aufbewahrungsbox.<br \/>\n\u25cf Praktische Verschlussclips enth\u00e4lt 8 St\u00fcck Medium Gr\u00f6\u00dfe 80mm , und 2 St\u00fcck gro\u00dfe 115mm Metall Clips, erf\u00fcllen Ihre unterschiedliche Bed\u00fcrfnissen.<br \/>\n\u25cf Hergestellt aus Edelstahl, robust und langleibig, auch zum Einfrieren in Gefrierbeuteln sind die Clips perfekt geeignet.<\/p>\n","protected":false},"featured_media":188248,"comment_status":"open","ping_status":"closed","template":"","meta":[],"product_brand":[],"product_cat":[504],"product_tag":[],"class_list":{"0":"post-188247","1":"product","2":"type-product","3":"status-publish","4":"has-post-thumbnail","6":"product_cat-buerobedarf-schreibwaren","7":"pa_binding-buerobedarf-schreibwaren","8":"pa_brand-busch-jaeger-3","9":"pa_brand-ipow","10":"pa_manufacturer-ipow","12":"first","13":"instock","14":"shipping-taxable","15":"purchasable","16":"product-type-simple","17":"customify-col","18":"product-has-gallery"},"yoast_head":"<!-- This site is optimized with the Yoast SEO plugin v27.4 - https:\/\/yoast.com\/product\/yoast-seo-wordpress\/ -->\n<title>10 St\u00fcck Verschlussklammern 2 Gr\u00f6\u00dfen, ipow 80mm &amp; 115mm Metall Clips Verschlussclips Dichtungsclips f\u00fcr Lebensmittel\u2026 - Markt-XXL<\/title>\n<meta name=\"description\" content=\"Markt-XXL 10 St\u00fcck Verschlussklammern 2 Gr\u00f6\u00dfen, ipow 80mm &amp; 115mm Metall Clips Verschlussclips Dichtungsclips f\u00fcr Lebensmittel\u2026\" \/>\n<meta name=\"robots\" content=\"index, follow, max-snippet:-1, max-image-preview:large, max-video-preview:-1\" \/>\n<link rel=\"canonical\" href=\"https:\/\/marktxxl.de\/markt\/produkt\/10-stueck-verschlussklammern-2-groessen-ipow-80mm-115mm-metall-clips-verschlussclips-dichtungsclips-fuer-lebensmittel-kaffee-brot-fresh-keeping-clamp-sealer-und-mehr\/\" \/>\n<meta property=\"og:locale\" content=\"de_DE\" \/>\n<meta property=\"og:type\" content=\"article\" \/>\n<meta property=\"og:title\" content=\"10 St\u00fcck Verschlussklammern 2 Gr\u00f6\u00dfen, ipow 80mm &amp; 115mm Metall Clips Verschlussclips Dichtungsclips f\u00fcr Lebensmittel\u2026 - Markt-XXL\" \/>\n<meta property=\"og:description\" content=\"Markt-XXL 10 St\u00fcck Verschlussklammern 2 Gr\u00f6\u00dfen, ipow 80mm &amp; 115mm Metall Clips Verschlussclips Dichtungsclips f\u00fcr Lebensmittel\u2026\" \/>\n<meta property=\"og:url\" content=\"https:\/\/marktxxl.de\/markt\/produkt\/10-stueck-verschlussklammern-2-groessen-ipow-80mm-115mm-metall-clips-verschlussclips-dichtungsclips-fuer-lebensmittel-kaffee-brot-fresh-keeping-clamp-sealer-und-mehr\/\" \/>\n<meta property=\"og:site_name\" content=\"Markt-XXL\" \/>\n<meta property=\"article:modified_time\" content=\"2023-04-08T02:50:14+00:00\" \/>\n<meta property=\"og:image\" content=\"https:\/\/m.media-amazon.com\/images\/I\/51wjc2qiLXL._SL500_.jpg\" \/>\n\t<meta property=\"og:image:width\" content=\"500\" \/>\n\t<meta property=\"og:image:height\" content=\"500\" \/>\n\t<meta property=\"og:image:type\" content=\"image\/jpeg\" \/>\n<meta name=\"twitter:card\" content=\"summary_large_image\" \/>\n<meta name=\"twitter:label1\" content=\"Gesch\u00e4tzte Lesezeit\" \/>\n\t<meta name=\"twitter:data1\" content=\"1\u00a0Minute\" \/>\n<script type=\"application\/ld+json\" class=\"yoast-schema-graph\">{\"@context\":\"https:\\\/\\\/schema.org\",\"@graph\":[{\"@type\":\"WebPage\",\"@id\":\"https:\\\/\\\/marktxxl.de\\\/markt\\\/produkt\\\/10-stueck-verschlussklammern-2-groessen-ipow-80mm-115mm-metall-clips-verschlussclips-dichtungsclips-fuer-lebensmittel-kaffee-brot-fresh-keeping-clamp-sealer-und-mehr\\\/\",\"url\":\"https:\\\/\\\/marktxxl.de\\\/markt\\\/produkt\\\/10-stueck-verschlussklammern-2-groessen-ipow-80mm-115mm-metall-clips-verschlussclips-dichtungsclips-fuer-lebensmittel-kaffee-brot-fresh-keeping-clamp-sealer-und-mehr\\\/\",\"name\":\"10 St\u00fcck Verschlussklammern 2 Gr\u00f6\u00dfen, ipow 80mm &amp; 115mm Metall Clips Verschlussclips Dichtungsclips f\u00fcr Lebensmittel\u2026 - Markt-XXL\",\"isPartOf\":{\"@id\":\"https:\\\/\\\/marktxxl.de\\\/markt\\\/#website\"},\"primaryImageOfPage\":{\"@id\":\"https:\\\/\\\/marktxxl.de\\\/markt\\\/produkt\\\/10-stueck-verschlussklammern-2-groessen-ipow-80mm-115mm-metall-clips-verschlussclips-dichtungsclips-fuer-lebensmittel-kaffee-brot-fresh-keeping-clamp-sealer-und-mehr\\\/#primaryimage\"},\"image\":{\"@id\":\"https:\\\/\\\/marktxxl.de\\\/markt\\\/produkt\\\/10-stueck-verschlussklammern-2-groessen-ipow-80mm-115mm-metall-clips-verschlussclips-dichtungsclips-fuer-lebensmittel-kaffee-brot-fresh-keeping-clamp-sealer-und-mehr\\\/#primaryimage\"},\"thumbnailUrl\":\"https:\\\/\\\/m.media-amazon.com\\\/images\\\/I\\\/51wjc2qiLXL._SL500_.jpg\",\"datePublished\":\"2023-02-09T05:55:34+00:00\",\"dateModified\":\"2023-04-08T02:50:14+00:00\",\"description\":\"Markt-XXL 10 St\u00fcck Verschlussklammern 2 Gr\u00f6\u00dfen, ipow 80mm &amp; 115mm Metall Clips Verschlussclips Dichtungsclips f\u00fcr Lebensmittel\u2026\",\"breadcrumb\":{\"@id\":\"https:\\\/\\\/marktxxl.de\\\/markt\\\/produkt\\\/10-stueck-verschlussklammern-2-groessen-ipow-80mm-115mm-metall-clips-verschlussclips-dichtungsclips-fuer-lebensmittel-kaffee-brot-fresh-keeping-clamp-sealer-und-mehr\\\/#breadcrumb\"},\"inLanguage\":\"de\",\"potentialAction\":[{\"@type\":\"ReadAction\",\"target\":[\"https:\\\/\\\/marktxxl.de\\\/markt\\\/produkt\\\/10-stueck-verschlussklammern-2-groessen-ipow-80mm-115mm-metall-clips-verschlussclips-dichtungsclips-fuer-lebensmittel-kaffee-brot-fresh-keeping-clamp-sealer-und-mehr\\\/\"]}]},{\"@type\":\"ImageObject\",\"inLanguage\":\"de\",\"@id\":\"https:\\\/\\\/marktxxl.de\\\/markt\\\/produkt\\\/10-stueck-verschlussklammern-2-groessen-ipow-80mm-115mm-metall-clips-verschlussclips-dichtungsclips-fuer-lebensmittel-kaffee-brot-fresh-keeping-clamp-sealer-und-mehr\\\/#primaryimage\",\"url\":\"https:\\\/\\\/m.media-amazon.com\\\/images\\\/I\\\/51wjc2qiLXL._SL500_.jpg\",\"contentUrl\":\"https:\\\/\\\/m.media-amazon.com\\\/images\\\/I\\\/51wjc2qiLXL._SL500_.jpg\",\"width\":500,\"height\":500},{\"@type\":\"BreadcrumbList\",\"@id\":\"https:\\\/\\\/marktxxl.de\\\/markt\\\/produkt\\\/10-stueck-verschlussklammern-2-groessen-ipow-80mm-115mm-metall-clips-verschlussclips-dichtungsclips-fuer-lebensmittel-kaffee-brot-fresh-keeping-clamp-sealer-und-mehr\\\/#breadcrumb\",\"itemListElement\":[{\"@type\":\"ListItem\",\"position\":1,\"name\":\"Startseite\",\"item\":\"https:\\\/\\\/marktxxl.de\\\/markt\\\/\"},{\"@type\":\"ListItem\",\"position\":2,\"name\":\"Markt\",\"item\":\"https:\\\/\\\/marktxxl.de\\\/markt\\\/\"},{\"@type\":\"ListItem\",\"position\":3,\"name\":\"10 St\u00fcck Verschlussklammern 2 Gr\u00f6\u00dfen, ipow 80mm &amp; 115mm Metall Clips Verschlussclips Dichtungsclips f\u00fcr Lebensmittel\u2026\"}]},{\"@type\":\"WebSite\",\"@id\":\"https:\\\/\\\/marktxxl.de\\\/markt\\\/#website\",\"url\":\"https:\\\/\\\/marktxxl.de\\\/markt\\\/\",\"name\":\"Markt-XXL\",\"description\":\"Ihr Markt Online\",\"publisher\":{\"@id\":\"https:\\\/\\\/marktxxl.de\\\/markt\\\/#organization\"},\"potentialAction\":[{\"@type\":\"SearchAction\",\"target\":{\"@type\":\"EntryPoint\",\"urlTemplate\":\"https:\\\/\\\/marktxxl.de\\\/markt\\\/?s={search_term_string}\"},\"query-input\":{\"@type\":\"PropertyValueSpecification\",\"valueRequired\":true,\"valueName\":\"search_term_string\"}}],\"inLanguage\":\"de\"},{\"@type\":\"Organization\",\"@id\":\"https:\\\/\\\/marktxxl.de\\\/markt\\\/#organization\",\"name\":\"Markt-XXL\",\"url\":\"https:\\\/\\\/marktxxl.de\\\/markt\\\/\",\"logo\":{\"@type\":\"ImageObject\",\"inLanguage\":\"de\",\"@id\":\"https:\\\/\\\/marktxxl.de\\\/markt\\\/#\\\/schema\\\/logo\\\/image\\\/\",\"url\":\"https:\\\/\\\/marktxxl.de\\\/markt\\\/wp-content\\\/uploads\\\/sites\\\/3\\\/2020\\\/12\\\/logo.png\",\"contentUrl\":\"https:\\\/\\\/marktxxl.de\\\/markt\\\/wp-content\\\/uploads\\\/sites\\\/3\\\/2020\\\/12\\\/logo.png\",\"width\":200,\"height\":70,\"caption\":\"Markt-XXL\"},\"image\":{\"@id\":\"https:\\\/\\\/marktxxl.de\\\/markt\\\/#\\\/schema\\\/logo\\\/image\\\/\"}}]}<\/script>\n<!-- \/ Yoast SEO plugin. -->","yoast_head_json":{"title":"10 St\u00fcck Verschlussklammern 2 Gr\u00f6\u00dfen, ipow 80mm &amp; 115mm Metall Clips Verschlussclips Dichtungsclips f\u00fcr Lebensmittel\u2026 - Markt-XXL","description":"Markt-XXL 10 St\u00fcck Verschlussklammern 2 Gr\u00f6\u00dfen, ipow 80mm &amp; 115mm Metall Clips Verschlussclips Dichtungsclips f\u00fcr Lebensmittel\u2026","robots":{"index":"index","follow":"follow","max-snippet":"max-snippet:-1","max-image-preview":"max-image-preview:large","max-video-preview":"max-video-preview:-1"},"canonical":"https:\/\/marktxxl.de\/markt\/produkt\/10-stueck-verschlussklammern-2-groessen-ipow-80mm-115mm-metall-clips-verschlussclips-dichtungsclips-fuer-lebensmittel-kaffee-brot-fresh-keeping-clamp-sealer-und-mehr\/","og_locale":"de_DE","og_type":"article","og_title":"10 St\u00fcck Verschlussklammern 2 Gr\u00f6\u00dfen, ipow 80mm &amp; 115mm Metall Clips Verschlussclips Dichtungsclips f\u00fcr Lebensmittel\u2026 - Markt-XXL","og_description":"Markt-XXL 10 St\u00fcck Verschlussklammern 2 Gr\u00f6\u00dfen, ipow 80mm &amp; 115mm Metall Clips Verschlussclips Dichtungsclips f\u00fcr Lebensmittel\u2026","og_url":"https:\/\/marktxxl.de\/markt\/produkt\/10-stueck-verschlussklammern-2-groessen-ipow-80mm-115mm-metall-clips-verschlussclips-dichtungsclips-fuer-lebensmittel-kaffee-brot-fresh-keeping-clamp-sealer-und-mehr\/","og_site_name":"Markt-XXL","article_modified_time":"2023-04-08T02:50:14+00:00","og_image":[{"width":500,"height":500,"url":"https:\/\/m.media-amazon.com\/images\/I\/51wjc2qiLXL._SL500_.jpg","type":"image\/jpeg"}],"twitter_card":"summary_large_image","twitter_misc":{"Gesch\u00e4tzte Lesezeit":"1\u00a0Minute"},"schema":{"@context":"https:\/\/schema.org","@graph":[{"@type":"WebPage","@id":"https:\/\/marktxxl.de\/markt\/produkt\/10-stueck-verschlussklammern-2-groessen-ipow-80mm-115mm-metall-clips-verschlussclips-dichtungsclips-fuer-lebensmittel-kaffee-brot-fresh-keeping-clamp-sealer-und-mehr\/","url":"https:\/\/marktxxl.de\/markt\/produkt\/10-stueck-verschlussklammern-2-groessen-ipow-80mm-115mm-metall-clips-verschlussclips-dichtungsclips-fuer-lebensmittel-kaffee-brot-fresh-keeping-clamp-sealer-und-mehr\/","name":"10 St\u00fcck Verschlussklammern 2 Gr\u00f6\u00dfen, ipow 80mm &amp; 115mm Metall Clips Verschlussclips Dichtungsclips f\u00fcr Lebensmittel\u2026 - Markt-XXL","isPartOf":{"@id":"https:\/\/marktxxl.de\/markt\/#website"},"primaryImageOfPage":{"@id":"https:\/\/marktxxl.de\/markt\/produkt\/10-stueck-verschlussklammern-2-groessen-ipow-80mm-115mm-metall-clips-verschlussclips-dichtungsclips-fuer-lebensmittel-kaffee-brot-fresh-keeping-clamp-sealer-und-mehr\/#primaryimage"},"image":{"@id":"https:\/\/marktxxl.de\/markt\/produkt\/10-stueck-verschlussklammern-2-groessen-ipow-80mm-115mm-metall-clips-verschlussclips-dichtungsclips-fuer-lebensmittel-kaffee-brot-fresh-keeping-clamp-sealer-und-mehr\/#primaryimage"},"thumbnailUrl":"https:\/\/m.media-amazon.com\/images\/I\/51wjc2qiLXL._SL500_.jpg","datePublished":"2023-02-09T05:55:34+00:00","dateModified":"2023-04-08T02:50:14+00:00","description":"Markt-XXL 10 St\u00fcck Verschlussklammern 2 Gr\u00f6\u00dfen, ipow 80mm &amp; 115mm Metall Clips Verschlussclips Dichtungsclips f\u00fcr Lebensmittel\u2026","breadcrumb":{"@id":"https:\/\/marktxxl.de\/markt\/produkt\/10-stueck-verschlussklammern-2-groessen-ipow-80mm-115mm-metall-clips-verschlussclips-dichtungsclips-fuer-lebensmittel-kaffee-brot-fresh-keeping-clamp-sealer-und-mehr\/#breadcrumb"},"inLanguage":"de","potentialAction":[{"@type":"ReadAction","target":["https:\/\/marktxxl.de\/markt\/produkt\/10-stueck-verschlussklammern-2-groessen-ipow-80mm-115mm-metall-clips-verschlussclips-dichtungsclips-fuer-lebensmittel-kaffee-brot-fresh-keeping-clamp-sealer-und-mehr\/"]}]},{"@type":"ImageObject","inLanguage":"de","@id":"https:\/\/marktxxl.de\/markt\/produkt\/10-stueck-verschlussklammern-2-groessen-ipow-80mm-115mm-metall-clips-verschlussclips-dichtungsclips-fuer-lebensmittel-kaffee-brot-fresh-keeping-clamp-sealer-und-mehr\/#primaryimage","url":"https:\/\/m.media-amazon.com\/images\/I\/51wjc2qiLXL._SL500_.jpg","contentUrl":"https:\/\/m.media-amazon.com\/images\/I\/51wjc2qiLXL._SL500_.jpg","width":500,"height":500},{"@type":"BreadcrumbList","@id":"https:\/\/marktxxl.de\/markt\/produkt\/10-stueck-verschlussklammern-2-groessen-ipow-80mm-115mm-metall-clips-verschlussclips-dichtungsclips-fuer-lebensmittel-kaffee-brot-fresh-keeping-clamp-sealer-und-mehr\/#breadcrumb","itemListElement":[{"@type":"ListItem","position":1,"name":"Startseite","item":"https:\/\/marktxxl.de\/markt\/"},{"@type":"ListItem","position":2,"name":"Markt","item":"https:\/\/marktxxl.de\/markt\/"},{"@type":"ListItem","position":3,"name":"10 St\u00fcck Verschlussklammern 2 Gr\u00f6\u00dfen, ipow 80mm &amp; 115mm Metall Clips Verschlussclips Dichtungsclips f\u00fcr Lebensmittel\u2026"}]},{"@type":"WebSite","@id":"https:\/\/marktxxl.de\/markt\/#website","url":"https:\/\/marktxxl.de\/markt\/","name":"Markt-XXL","description":"Ihr Markt Online","publisher":{"@id":"https:\/\/marktxxl.de\/markt\/#organization"},"potentialAction":[{"@type":"SearchAction","target":{"@type":"EntryPoint","urlTemplate":"https:\/\/marktxxl.de\/markt\/?s={search_term_string}"},"query-input":{"@type":"PropertyValueSpecification","valueRequired":true,"valueName":"search_term_string"}}],"inLanguage":"de"},{"@type":"Organization","@id":"https:\/\/marktxxl.de\/markt\/#organization","name":"Markt-XXL","url":"https:\/\/marktxxl.de\/markt\/","logo":{"@type":"ImageObject","inLanguage":"de","@id":"https:\/\/marktxxl.de\/markt\/#\/schema\/logo\/image\/","url":"https:\/\/marktxxl.de\/markt\/wp-content\/uploads\/sites\/3\/2020\/12\/logo.png","contentUrl":"https:\/\/marktxxl.de\/markt\/wp-content\/uploads\/sites\/3\/2020\/12\/logo.png","width":200,"height":70,"caption":"Markt-XXL"},"image":{"@id":"https:\/\/marktxxl.de\/markt\/#\/schema\/logo\/image\/"}}]}},"_links":{"self":[{"href":"https:\/\/marktxxl.de\/markt\/wp-json\/wp\/v2\/product\/188247","targetHints":{"allow":["GET"]}}],"collection":[{"href":"https:\/\/marktxxl.de\/markt\/wp-json\/wp\/v2\/product"}],"about":[{"href":"https:\/\/marktxxl.de\/markt\/wp-json\/wp\/v2\/types\/product"}],"replies":[{"embeddable":true,"href":"https:\/\/marktxxl.de\/markt\/wp-json\/wp\/v2\/comments?post=188247"}],"wp:featuredmedia":[{"embeddable":true,"href":"https:\/\/marktxxl.de\/markt\/wp-json\/wp\/v2\/media\/188248"}],"wp:attachment":[{"href":"https:\/\/marktxxl.de\/markt\/wp-json\/wp\/v2\/media?parent=188247"}],"wp:term":[{"taxonomy":"product_brand","embeddable":true,"href":"https:\/\/marktxxl.de\/markt\/wp-json\/wp\/v2\/product_brand?post=188247"},{"taxonomy":"product_cat","embeddable":true,"href":"https:\/\/marktxxl.de\/markt\/wp-json\/wp\/v2\/product_cat?post=188247"},{"taxonomy":"product_tag","embeddable":true,"href":"https:\/\/marktxxl.de\/markt\/wp-json\/wp\/v2\/product_tag?post=188247"}],"curies":[{"name":"wp","href":"https:\/\/api.w.org\/{rel}","templated":true}]}}