{"id":187922,"date":"2023-02-09T06:01:46","date_gmt":"2023-02-09T05:01:46","guid":{"rendered":"https:\/\/marktxxl.de\/markt\/produkt\/philips-hue-white-ambiance-e27-einzelpack-filament-550lm-dimmbar-alle-weissschattierungen-steuerbar-via-app-kompatibel-mit-amazon-alexa-echo-echo-dot\/"},"modified":"2023-04-10T05:34:42","modified_gmt":"2023-04-10T03:34:42","slug":"philips-hue-white-ambiance-e27-einzelpack-filament-550lm-dimmbar-alle-weissschattierungen-steuerbar-via-app-kompatibel-mit-amazon-alexa-echo-echo-dot","status":"publish","type":"product","link":"https:\/\/marktxxl.de\/markt\/produkt\/philips-hue-white-ambiance-e27-einzelpack-filament-550lm-dimmbar-alle-weissschattierungen-steuerbar-via-app-kompatibel-mit-amazon-alexa-echo-echo-dot\/","title":{"rendered":"Philips Hue White Ambiance E27 Einzelpack Filament 550lm, dimmbar, alle Wei\u00dfschattierungen, steuerbar via App\u2026"},"content":{"rendered":"<p>Einfache Einrichtung per Bluetooth: Hue Lampe eindrehen, App downloaden und bis zu 10 Lampen in einem Raum dimmen oder Lichtszenen einstellen<br \/>\nF\u00fcr das volle Smart Home Erlebnis im gesamten Zuhause: Erweitern Sie Ihr System mit der Hue Bridge (separat erh\u00e4ltlich) und entdecken Sie viele weitere Funktionen<br \/>\nPersonalisierte Beleuchtung: W\u00e4hlen Sie aus den verschiedensten Wei\u00dft\u00f6nen, vom k\u00fchlen bis warmen Licht, um zu jeder Tageszeit das passende Licht zu kreieren<br \/>\nKreieren Sie Ihr individuelles Licht f\u00fcr jeden Anlass: Ob Dinnerparty oder entspannten Tagesausklang, mit Philips Hue schaffen Sie immer die perfekte Raumatmosph\u00e4re<br \/>\nIntelligente Beleuchtung: Philips Hue ist kompatibel mit dem Amazon Echo Dot (3.Generation), Echo Plus und Echo Show (2.Generation)<br \/>\n<div class=\"main-cross-sell\" data-asin=\"B099NQQGGX\">\n\n\t<div class=\"WooZone-cross-sell-loader\">\n\t\t<div>\n\t\t\t<div id=\"floatingBarsG\">\n\t\t\t\t<div class=\"blockG\" id=\"rotateG_01\"><\/div>\n\t\t\t\t<div class=\"blockG\" id=\"rotateG_02\"><\/div>\n\t\t\t\t<div class=\"blockG\" id=\"rotateG_03\"><\/div>\n\t\t\t\t<div class=\"blockG\" id=\"rotateG_04\"><\/div>\n\t\t\t\t<div class=\"blockG\" id=\"rotateG_05\"><\/div>\n\t\t\t\t<div class=\"blockG\" id=\"rotateG_06\"><\/div>\n\t\t\t\t<div class=\"blockG\" id=\"rotateG_07\"><\/div>\n\t\t\t\t<div class=\"blockG\" id=\"rotateG_08\"><\/div>\n\t\t\t<\/div>\n\t\t\t<div class=\"WooZone-cross-sell-loader-text\"><\/div>\n\t\t<\/div>\n\t<\/div>\n\n\t\t\n<\/div>\n<div style=\"clear:both;\"><\/div><\/p>\n","protected":false},"excerpt":{"rendered":"<p>Einfache Einrichtung per Bluetooth: Hue Lampe eindrehen, App downloaden und bis zu 10 Lampen in einem Raum dimmen oder Lichtszenen einstellen<br \/>\nF\u00fcr das volle Smart Home Erlebnis im gesamten Zuhause: Erweitern Sie Ihr System mit der Hue Bridge (separat erh\u00e4ltlich) und entdecken Sie viele weitere Funktionen<br \/>\nPersonalisierte Beleuchtung: W\u00e4hlen Sie aus den verschiedensten Wei\u00dft\u00f6nen, vom k\u00fchlen bis warmen Licht, um zu jeder Tageszeit das passende Licht zu kreieren<\/p>\n","protected":false},"featured_media":187923,"comment_status":"open","ping_status":"closed","template":"","meta":[],"product_brand":[],"product_cat":[2108,11521],"product_tag":[],"class_list":{"0":"post-187922","1":"product","2":"type-product","3":"status-publish","4":"has-post-thumbnail","6":"product_cat-beleuchtung","7":"product_cat-leuchtmittel","8":"pa_binding-haushaltswaren","9":"pa_brand-philips-hue","10":"pa_color-weiss","11":"pa_height-5-905511805-zoll","12":"pa_languages-unbekannt-schwedisch-unbekannt-schwedisch-unbekannt-schwedisch","13":"pa_length-3-7401574765-zoll","14":"pa_manufacturer-signify","15":"pa_model-48684","16":"pa_size-1-er-pack","17":"pa_warranty-2-year-manufacturer","18":"pa_weight-0-0881849048-pfund","19":"pa_width-3-7401574765-zoll","21":"first","22":"instock","23":"shipping-taxable","24":"purchasable","25":"product-type-simple","26":"customify-col","27":"product-has-gallery"},"yoast_head":"<!-- This site is optimized with the Yoast SEO plugin v27.3 - https:\/\/yoast.com\/product\/yoast-seo-wordpress\/ -->\n<title>Philips Hue White Ambiance E27 Einzelpack Filament 550lm, dimmbar, alle Wei\u00dfschattierungen, steuerbar via App\u2026 - Markt-XXL<\/title>\n<meta name=\"description\" content=\"Markt-XXL Philips Hue White Ambiance E27 Einzelpack Filament 550lm, dimmbar, alle Wei\u00dfschattierungen, steuerbar via App\u2026\" \/>\n<meta name=\"robots\" content=\"index, follow, max-snippet:-1, max-image-preview:large, max-video-preview:-1\" \/>\n<link rel=\"canonical\" href=\"https:\/\/marktxxl.de\/markt\/produkt\/philips-hue-white-ambiance-e27-einzelpack-filament-550lm-dimmbar-alle-weissschattierungen-steuerbar-via-app-kompatibel-mit-amazon-alexa-echo-echo-dot\/\" \/>\n<meta property=\"og:locale\" content=\"de_DE\" \/>\n<meta property=\"og:type\" content=\"article\" \/>\n<meta property=\"og:title\" content=\"Philips Hue White Ambiance E27 Einzelpack Filament 550lm, dimmbar, alle Wei\u00dfschattierungen, steuerbar via App\u2026 - Markt-XXL\" \/>\n<meta property=\"og:description\" content=\"Markt-XXL Philips Hue White Ambiance E27 Einzelpack Filament 550lm, dimmbar, alle Wei\u00dfschattierungen, steuerbar via App\u2026\" \/>\n<meta property=\"og:url\" content=\"https:\/\/marktxxl.de\/markt\/produkt\/philips-hue-white-ambiance-e27-einzelpack-filament-550lm-dimmbar-alle-weissschattierungen-steuerbar-via-app-kompatibel-mit-amazon-alexa-echo-echo-dot\/\" \/>\n<meta property=\"og:site_name\" content=\"Markt-XXL\" \/>\n<meta property=\"article:modified_time\" content=\"2023-04-10T03:34:42+00:00\" \/>\n<meta property=\"og:image\" content=\"https:\/\/m.media-amazon.com\/images\/I\/31JhJLU399L._SL500_.jpg\" \/>\n\t<meta property=\"og:image:width\" content=\"500\" \/>\n\t<meta property=\"og:image:height\" content=\"500\" \/>\n\t<meta property=\"og:image:type\" content=\"image\/jpeg\" \/>\n<meta name=\"twitter:card\" content=\"summary_large_image\" \/>\n<meta name=\"twitter:label1\" content=\"Gesch\u00e4tzte Lesezeit\" \/>\n\t<meta name=\"twitter:data1\" content=\"1\u00a0Minute\" \/>\n<script type=\"application\/ld+json\" class=\"yoast-schema-graph\">{\"@context\":\"https:\\\/\\\/schema.org\",\"@graph\":[{\"@type\":\"WebPage\",\"@id\":\"https:\\\/\\\/marktxxl.de\\\/markt\\\/produkt\\\/philips-hue-white-ambiance-e27-einzelpack-filament-550lm-dimmbar-alle-weissschattierungen-steuerbar-via-app-kompatibel-mit-amazon-alexa-echo-echo-dot\\\/\",\"url\":\"https:\\\/\\\/marktxxl.de\\\/markt\\\/produkt\\\/philips-hue-white-ambiance-e27-einzelpack-filament-550lm-dimmbar-alle-weissschattierungen-steuerbar-via-app-kompatibel-mit-amazon-alexa-echo-echo-dot\\\/\",\"name\":\"Philips Hue White Ambiance E27 Einzelpack Filament 550lm, dimmbar, alle Wei\u00dfschattierungen, steuerbar via App\u2026 - Markt-XXL\",\"isPartOf\":{\"@id\":\"https:\\\/\\\/marktxxl.de\\\/markt\\\/#website\"},\"primaryImageOfPage\":{\"@id\":\"https:\\\/\\\/marktxxl.de\\\/markt\\\/produkt\\\/philips-hue-white-ambiance-e27-einzelpack-filament-550lm-dimmbar-alle-weissschattierungen-steuerbar-via-app-kompatibel-mit-amazon-alexa-echo-echo-dot\\\/#primaryimage\"},\"image\":{\"@id\":\"https:\\\/\\\/marktxxl.de\\\/markt\\\/produkt\\\/philips-hue-white-ambiance-e27-einzelpack-filament-550lm-dimmbar-alle-weissschattierungen-steuerbar-via-app-kompatibel-mit-amazon-alexa-echo-echo-dot\\\/#primaryimage\"},\"thumbnailUrl\":\"https:\\\/\\\/m.media-amazon.com\\\/images\\\/I\\\/31JhJLU399L._SL500_.jpg\",\"datePublished\":\"2023-02-09T05:01:46+00:00\",\"dateModified\":\"2023-04-10T03:34:42+00:00\",\"description\":\"Markt-XXL Philips Hue White Ambiance E27 Einzelpack Filament 550lm, dimmbar, alle Wei\u00dfschattierungen, steuerbar via App\u2026\",\"breadcrumb\":{\"@id\":\"https:\\\/\\\/marktxxl.de\\\/markt\\\/produkt\\\/philips-hue-white-ambiance-e27-einzelpack-filament-550lm-dimmbar-alle-weissschattierungen-steuerbar-via-app-kompatibel-mit-amazon-alexa-echo-echo-dot\\\/#breadcrumb\"},\"inLanguage\":\"de\",\"potentialAction\":[{\"@type\":\"ReadAction\",\"target\":[\"https:\\\/\\\/marktxxl.de\\\/markt\\\/produkt\\\/philips-hue-white-ambiance-e27-einzelpack-filament-550lm-dimmbar-alle-weissschattierungen-steuerbar-via-app-kompatibel-mit-amazon-alexa-echo-echo-dot\\\/\"]}]},{\"@type\":\"ImageObject\",\"inLanguage\":\"de\",\"@id\":\"https:\\\/\\\/marktxxl.de\\\/markt\\\/produkt\\\/philips-hue-white-ambiance-e27-einzelpack-filament-550lm-dimmbar-alle-weissschattierungen-steuerbar-via-app-kompatibel-mit-amazon-alexa-echo-echo-dot\\\/#primaryimage\",\"url\":\"https:\\\/\\\/m.media-amazon.com\\\/images\\\/I\\\/31JhJLU399L._SL500_.jpg\",\"contentUrl\":\"https:\\\/\\\/m.media-amazon.com\\\/images\\\/I\\\/31JhJLU399L._SL500_.jpg\",\"width\":500,\"height\":500},{\"@type\":\"BreadcrumbList\",\"@id\":\"https:\\\/\\\/marktxxl.de\\\/markt\\\/produkt\\\/philips-hue-white-ambiance-e27-einzelpack-filament-550lm-dimmbar-alle-weissschattierungen-steuerbar-via-app-kompatibel-mit-amazon-alexa-echo-echo-dot\\\/#breadcrumb\",\"itemListElement\":[{\"@type\":\"ListItem\",\"position\":1,\"name\":\"Startseite\",\"item\":\"https:\\\/\\\/marktxxl.de\\\/markt\\\/\"},{\"@type\":\"ListItem\",\"position\":2,\"name\":\"Markt\",\"item\":\"https:\\\/\\\/marktxxl.de\\\/markt\\\/\"},{\"@type\":\"ListItem\",\"position\":3,\"name\":\"Philips Hue White Ambiance E27 Einzelpack Filament 550lm, dimmbar, alle Wei\u00dfschattierungen, steuerbar via App\u2026\"}]},{\"@type\":\"WebSite\",\"@id\":\"https:\\\/\\\/marktxxl.de\\\/markt\\\/#website\",\"url\":\"https:\\\/\\\/marktxxl.de\\\/markt\\\/\",\"name\":\"Markt-XXL\",\"description\":\"Ihr Markt Online\",\"publisher\":{\"@id\":\"https:\\\/\\\/marktxxl.de\\\/markt\\\/#organization\"},\"potentialAction\":[{\"@type\":\"SearchAction\",\"target\":{\"@type\":\"EntryPoint\",\"urlTemplate\":\"https:\\\/\\\/marktxxl.de\\\/markt\\\/?s={search_term_string}\"},\"query-input\":{\"@type\":\"PropertyValueSpecification\",\"valueRequired\":true,\"valueName\":\"search_term_string\"}}],\"inLanguage\":\"de\"},{\"@type\":\"Organization\",\"@id\":\"https:\\\/\\\/marktxxl.de\\\/markt\\\/#organization\",\"name\":\"Markt-XXL\",\"url\":\"https:\\\/\\\/marktxxl.de\\\/markt\\\/\",\"logo\":{\"@type\":\"ImageObject\",\"inLanguage\":\"de\",\"@id\":\"https:\\\/\\\/marktxxl.de\\\/markt\\\/#\\\/schema\\\/logo\\\/image\\\/\",\"url\":\"https:\\\/\\\/marktxxl.de\\\/markt\\\/wp-content\\\/uploads\\\/sites\\\/3\\\/2020\\\/12\\\/logo.png\",\"contentUrl\":\"https:\\\/\\\/marktxxl.de\\\/markt\\\/wp-content\\\/uploads\\\/sites\\\/3\\\/2020\\\/12\\\/logo.png\",\"width\":200,\"height\":70,\"caption\":\"Markt-XXL\"},\"image\":{\"@id\":\"https:\\\/\\\/marktxxl.de\\\/markt\\\/#\\\/schema\\\/logo\\\/image\\\/\"}}]}<\/script>\n<!-- \/ Yoast SEO plugin. -->","yoast_head_json":{"title":"Philips Hue White Ambiance E27 Einzelpack Filament 550lm, dimmbar, alle Wei\u00dfschattierungen, steuerbar via App\u2026 - Markt-XXL","description":"Markt-XXL Philips Hue White Ambiance E27 Einzelpack Filament 550lm, dimmbar, alle Wei\u00dfschattierungen, steuerbar via App\u2026","robots":{"index":"index","follow":"follow","max-snippet":"max-snippet:-1","max-image-preview":"max-image-preview:large","max-video-preview":"max-video-preview:-1"},"canonical":"https:\/\/marktxxl.de\/markt\/produkt\/philips-hue-white-ambiance-e27-einzelpack-filament-550lm-dimmbar-alle-weissschattierungen-steuerbar-via-app-kompatibel-mit-amazon-alexa-echo-echo-dot\/","og_locale":"de_DE","og_type":"article","og_title":"Philips Hue White Ambiance E27 Einzelpack Filament 550lm, dimmbar, alle Wei\u00dfschattierungen, steuerbar via App\u2026 - Markt-XXL","og_description":"Markt-XXL Philips Hue White Ambiance E27 Einzelpack Filament 550lm, dimmbar, alle Wei\u00dfschattierungen, steuerbar via App\u2026","og_url":"https:\/\/marktxxl.de\/markt\/produkt\/philips-hue-white-ambiance-e27-einzelpack-filament-550lm-dimmbar-alle-weissschattierungen-steuerbar-via-app-kompatibel-mit-amazon-alexa-echo-echo-dot\/","og_site_name":"Markt-XXL","article_modified_time":"2023-04-10T03:34:42+00:00","og_image":[{"width":500,"height":500,"url":"https:\/\/m.media-amazon.com\/images\/I\/31JhJLU399L._SL500_.jpg","type":"image\/jpeg"}],"twitter_card":"summary_large_image","twitter_misc":{"Gesch\u00e4tzte Lesezeit":"1\u00a0Minute"},"schema":{"@context":"https:\/\/schema.org","@graph":[{"@type":"WebPage","@id":"https:\/\/marktxxl.de\/markt\/produkt\/philips-hue-white-ambiance-e27-einzelpack-filament-550lm-dimmbar-alle-weissschattierungen-steuerbar-via-app-kompatibel-mit-amazon-alexa-echo-echo-dot\/","url":"https:\/\/marktxxl.de\/markt\/produkt\/philips-hue-white-ambiance-e27-einzelpack-filament-550lm-dimmbar-alle-weissschattierungen-steuerbar-via-app-kompatibel-mit-amazon-alexa-echo-echo-dot\/","name":"Philips Hue White Ambiance E27 Einzelpack Filament 550lm, dimmbar, alle Wei\u00dfschattierungen, steuerbar via App\u2026 - Markt-XXL","isPartOf":{"@id":"https:\/\/marktxxl.de\/markt\/#website"},"primaryImageOfPage":{"@id":"https:\/\/marktxxl.de\/markt\/produkt\/philips-hue-white-ambiance-e27-einzelpack-filament-550lm-dimmbar-alle-weissschattierungen-steuerbar-via-app-kompatibel-mit-amazon-alexa-echo-echo-dot\/#primaryimage"},"image":{"@id":"https:\/\/marktxxl.de\/markt\/produkt\/philips-hue-white-ambiance-e27-einzelpack-filament-550lm-dimmbar-alle-weissschattierungen-steuerbar-via-app-kompatibel-mit-amazon-alexa-echo-echo-dot\/#primaryimage"},"thumbnailUrl":"https:\/\/m.media-amazon.com\/images\/I\/31JhJLU399L._SL500_.jpg","datePublished":"2023-02-09T05:01:46+00:00","dateModified":"2023-04-10T03:34:42+00:00","description":"Markt-XXL Philips Hue White Ambiance E27 Einzelpack Filament 550lm, dimmbar, alle Wei\u00dfschattierungen, steuerbar via App\u2026","breadcrumb":{"@id":"https:\/\/marktxxl.de\/markt\/produkt\/philips-hue-white-ambiance-e27-einzelpack-filament-550lm-dimmbar-alle-weissschattierungen-steuerbar-via-app-kompatibel-mit-amazon-alexa-echo-echo-dot\/#breadcrumb"},"inLanguage":"de","potentialAction":[{"@type":"ReadAction","target":["https:\/\/marktxxl.de\/markt\/produkt\/philips-hue-white-ambiance-e27-einzelpack-filament-550lm-dimmbar-alle-weissschattierungen-steuerbar-via-app-kompatibel-mit-amazon-alexa-echo-echo-dot\/"]}]},{"@type":"ImageObject","inLanguage":"de","@id":"https:\/\/marktxxl.de\/markt\/produkt\/philips-hue-white-ambiance-e27-einzelpack-filament-550lm-dimmbar-alle-weissschattierungen-steuerbar-via-app-kompatibel-mit-amazon-alexa-echo-echo-dot\/#primaryimage","url":"https:\/\/m.media-amazon.com\/images\/I\/31JhJLU399L._SL500_.jpg","contentUrl":"https:\/\/m.media-amazon.com\/images\/I\/31JhJLU399L._SL500_.jpg","width":500,"height":500},{"@type":"BreadcrumbList","@id":"https:\/\/marktxxl.de\/markt\/produkt\/philips-hue-white-ambiance-e27-einzelpack-filament-550lm-dimmbar-alle-weissschattierungen-steuerbar-via-app-kompatibel-mit-amazon-alexa-echo-echo-dot\/#breadcrumb","itemListElement":[{"@type":"ListItem","position":1,"name":"Startseite","item":"https:\/\/marktxxl.de\/markt\/"},{"@type":"ListItem","position":2,"name":"Markt","item":"https:\/\/marktxxl.de\/markt\/"},{"@type":"ListItem","position":3,"name":"Philips Hue White Ambiance E27 Einzelpack Filament 550lm, dimmbar, alle Wei\u00dfschattierungen, steuerbar via App\u2026"}]},{"@type":"WebSite","@id":"https:\/\/marktxxl.de\/markt\/#website","url":"https:\/\/marktxxl.de\/markt\/","name":"Markt-XXL","description":"Ihr Markt Online","publisher":{"@id":"https:\/\/marktxxl.de\/markt\/#organization"},"potentialAction":[{"@type":"SearchAction","target":{"@type":"EntryPoint","urlTemplate":"https:\/\/marktxxl.de\/markt\/?s={search_term_string}"},"query-input":{"@type":"PropertyValueSpecification","valueRequired":true,"valueName":"search_term_string"}}],"inLanguage":"de"},{"@type":"Organization","@id":"https:\/\/marktxxl.de\/markt\/#organization","name":"Markt-XXL","url":"https:\/\/marktxxl.de\/markt\/","logo":{"@type":"ImageObject","inLanguage":"de","@id":"https:\/\/marktxxl.de\/markt\/#\/schema\/logo\/image\/","url":"https:\/\/marktxxl.de\/markt\/wp-content\/uploads\/sites\/3\/2020\/12\/logo.png","contentUrl":"https:\/\/marktxxl.de\/markt\/wp-content\/uploads\/sites\/3\/2020\/12\/logo.png","width":200,"height":70,"caption":"Markt-XXL"},"image":{"@id":"https:\/\/marktxxl.de\/markt\/#\/schema\/logo\/image\/"}}]}},"_links":{"self":[{"href":"https:\/\/marktxxl.de\/markt\/wp-json\/wp\/v2\/product\/187922","targetHints":{"allow":["GET"]}}],"collection":[{"href":"https:\/\/marktxxl.de\/markt\/wp-json\/wp\/v2\/product"}],"about":[{"href":"https:\/\/marktxxl.de\/markt\/wp-json\/wp\/v2\/types\/product"}],"replies":[{"embeddable":true,"href":"https:\/\/marktxxl.de\/markt\/wp-json\/wp\/v2\/comments?post=187922"}],"wp:featuredmedia":[{"embeddable":true,"href":"https:\/\/marktxxl.de\/markt\/wp-json\/wp\/v2\/media\/187923"}],"wp:attachment":[{"href":"https:\/\/marktxxl.de\/markt\/wp-json\/wp\/v2\/media?parent=187922"}],"wp:term":[{"taxonomy":"product_brand","embeddable":true,"href":"https:\/\/marktxxl.de\/markt\/wp-json\/wp\/v2\/product_brand?post=187922"},{"taxonomy":"product_cat","embeddable":true,"href":"https:\/\/marktxxl.de\/markt\/wp-json\/wp\/v2\/product_cat?post=187922"},{"taxonomy":"product_tag","embeddable":true,"href":"https:\/\/marktxxl.de\/markt\/wp-json\/wp\/v2\/product_tag?post=187922"}],"curies":[{"name":"wp","href":"https:\/\/api.w.org\/{rel}","templated":true}]}}