{"id":187751,"date":"2023-02-09T05:55:41","date_gmt":"2023-02-09T04:55:41","guid":{"rendered":"https:\/\/marktxxl.de\/markt\/produkt\/doppelkopf-schreibtischlampe-led-dimmbar-schreibtischlampen-led-fuer-heimbuero-werkbank-315-breite-beleuchtung-5-farbmodi-und-stufenlose-dimmung-auto-timer-24w-moderne-schreibtischlampe-klemme\/"},"modified":"2023-04-10T05:34:40","modified_gmt":"2023-04-10T03:34:40","slug":"doppelkopf-schreibtischlampe-led-dimmbar-schreibtischlampen-led-fuer-heimbuero-werkbank-315-breite-beleuchtung-5-farbmodi-und-stufenlose-dimmung-auto-timer-24w-moderne-schreibtischlampe-klemme","status":"publish","type":"product","link":"https:\/\/marktxxl.de\/markt\/produkt\/doppelkopf-schreibtischlampe-led-dimmbar-schreibtischlampen-led-fuer-heimbuero-werkbank-315-breite-beleuchtung-5-farbmodi-und-stufenlose-dimmung-auto-timer-24w-moderne-schreibtischlampe-klemme\/","title":{"rendered":"Doppelkopf Schreibtischlampe LED Dimmbar, Schreibtischlampen LED f\u00fcr Heimb\u00fcro Werkbank 31,5&#8243; Breite Beleuchtung 5 Farbmodi und stufenlose Dimmung Auto Timer 24W Moderne Schreibtischlampe Klemme"},"content":{"rendered":"<p>\u2714\u3010Keine Bildschirm Blendung und Flimmern\u3011: Leadgoods Schreibtischlampe LED Ausgestattet mit patentiertem Design 45\u00b0 Winkel LED und Seitenlicht Design zu projizieren und erweitern das Licht auf den Desktop-Bereich, so dass kein Flackern und reflektierte Blendung auf dem Bildschirm in die Augen, hohe Farbwiedergabe (CRI\u2265 90), emittieren weiches und helles Licht ohne Flackern<br \/>\n\u2714\u3010Double Head Swing Arm and Tool Free Installation Design\u3011: Doppelkopf Schreibtischlampe LED ist eine gute L\u00f6sung f\u00fcr die Schreibtischlampe mit zwei Computern f\u00fcr Home Office. Daumenschrauben-Design, werkzeugfreies Installationsdesign, geeignet f\u00fcr verschiedene Szenarien. Eine ideale Schreibtischlampe und Computerbildschirmleuchte. Ideal f\u00fcr Multi-Monitor-Arbeitspl\u00e4tze, Architekten-Schreibtische, Home-Offices, gro\u00dfe Werkb\u00e4nke, Arbeitszimmer, Computer, Ateliers, Zeichnen, N\u00e4he<br \/>\n\u2714\u3010Ber\u00fchrungssteuerung und Speicherfunktion\u3011: Moderne Doppelkopf Schreibtischlampe Beseitigen Sie die traditionelle Tasteneinstellung, einfache Steuerung durch empfindliche Ber\u00fchrungssteuerung, einstellbare 5 Farbtemperaturmodi (3200 K-6500 K) und stufenlose Dimmfunktion (10-100 %). Dimmer, 40-Minuten-Auto-Off-Timer, Speicherfunktion kann Ihre letzte Einstellung wiederherstellen<br \/>\n\u2714\u3010Durable Gooseneck &amp; Sturdy Base\u3011: Ultrabreite, gro\u00dfe, helle, 31,5 Zoll Architect Desk Lamp mit Clamp 24W LED-Lichtleiste, flexible Schwanenhals-H\u00f6heneinstellung und Multi-Winkel-Beleuchtungsoptionen, um alle Ihre Bed\u00fcrfnisse zu erf\u00fcllen. Strapazierf\u00e4higer Silikonschwanenhals kann leicht positioniert werden, ohne herunterzufallen, und kann flexibel eingestellt werden, um die Tischplatte gleichm\u00e4\u00dfig abzudecken, erm\u00f6glicht Multi-Winkel-Styling-Einstellungen, einfach zu tragen und Platz zu sparen.<br \/>\n\u2714\u3010Professioneller After-Sales-Service\u3011: Leadgoods 24\/7-Kundenservice, verspricht,Schreibtischlampe LED 24-monatigen Garantieservice f\u00fcr das Produkt zu bieten. Wenn Sie irgendwelche Probleme haben, z\u00f6gern Sie bitte nicht, uns zu kontaktieren, wir werden Ihnen eine perfekte L\u00f6sung bieten, um sicherzustellen, dass Sie ein gutes Einkaufserlebnis haben.<br \/>\n<div class=\"main-cross-sell\" data-asin=\"B0BNQ5KJN4\">\n\n\t<div class=\"WooZone-cross-sell-loader\">\n\t\t<div>\n\t\t\t<div id=\"floatingBarsG\">\n\t\t\t\t<div class=\"blockG\" id=\"rotateG_01\"><\/div>\n\t\t\t\t<div class=\"blockG\" id=\"rotateG_02\"><\/div>\n\t\t\t\t<div class=\"blockG\" id=\"rotateG_03\"><\/div>\n\t\t\t\t<div class=\"blockG\" id=\"rotateG_04\"><\/div>\n\t\t\t\t<div class=\"blockG\" id=\"rotateG_05\"><\/div>\n\t\t\t\t<div class=\"blockG\" id=\"rotateG_06\"><\/div>\n\t\t\t\t<div class=\"blockG\" id=\"rotateG_07\"><\/div>\n\t\t\t\t<div class=\"blockG\" id=\"rotateG_08\"><\/div>\n\t\t\t<\/div>\n\t\t\t<div class=\"WooZone-cross-sell-loader-text\"><\/div>\n\t\t<\/div>\n\t<\/div>\n\n\t\t\n<\/div>\n<div style=\"clear:both;\"><\/div><\/p>\n","protected":false},"excerpt":{"rendered":"<p>\u2714\u3010Keine Bildschirm Blendung und Flimmern\u3011: Leadgoods Schreibtischlampe LED Ausgestattet mit patentiertem Design 45\u00b0 Winkel LED und Seitenlicht Design zu projizieren und erweitern das Licht auf den Desktop-Bereich, so dass kein Flackern und reflektierte Blendung auf dem Bildschirm in die Augen, hohe Farbwiedergabe (CRI\u2265 90), emittieren weiches und helles Licht ohne Flackern<br \/>\n\u2714\u3010Double Head Swing Arm and Tool Free Installation Design\u3011: Doppelkopf Schreibtischlampe LED ist eine gute L\u00f6sung f\u00fcr die Schreibtischlampe mit zwei Computern f\u00fcr Home Office. Daumenschrauben-Design, werkzeugfreies Installationsdesign, geeignet f\u00fcr verschiedene Szenarien. Eine ideale Schreibtischlampe und Computerbildschirmleuchte. Ideal f\u00fcr Multi-Monitor-Arbeitspl\u00e4tze, Architekten-Schreibtische, Home-Offices, gro\u00dfe Werkb\u00e4nke, Arbeitszimmer, Computer, Ateliers, Zeichnen, N\u00e4he<br \/>\n\u2714\u3010Ber\u00fchrungssteuerung und Speicherfunktion\u3011: Moderne Doppelkopf Schreibtischlampe Beseitigen Sie die traditionelle Tasteneinstellung, einfache Steuerung durch empfindliche Ber\u00fchrungssteuerung, einstellbare 5 Farbtemperaturmodi (3200 K-6500 K) und stufenlose Dimmfunktion (10-100 %). Dimmer, 40-Minuten-Auto-Off-Timer, Speicherfunktion kann Ihre letzte Einstellung wiederherstellen<\/p>\n","protected":false},"featured_media":187752,"comment_status":"open","ping_status":"closed","template":"","meta":[],"product_brand":[],"product_cat":[2108,11509],"product_tag":[],"class_list":{"0":"post-187751","1":"product","2":"type-product","3":"status-publish","4":"has-post-thumbnail","6":"product_cat-beleuchtung","7":"product_cat-innenbeleuchtung","8":"pa_binding-werkzeug","9":"pa_brand-leadgoods","10":"pa_height-31-5-zoll","11":"pa_length-1-3-zoll","12":"pa_manufacturer-leadgoods","13":"pa_model-double-head-led-desk-lamp","14":"pa_width-28-74-zoll","16":"first","17":"instock","18":"shipping-taxable","19":"purchasable","20":"product-type-simple","21":"customify-col","22":"product-has-gallery"},"yoast_head":"<!-- This site is optimized with the Yoast SEO plugin v27.4 - https:\/\/yoast.com\/product\/yoast-seo-wordpress\/ -->\n<title>Doppelkopf Schreibtischlampe LED Dimmbar, Schreibtischlampen LED f\u00fcr Heimb\u00fcro Werkbank 31,5&quot; Breite Beleuchtung 5 Farbmodi und stufenlose Dimmung Auto Timer 24W Moderne Schreibtischlampe Klemme - Markt-XXL<\/title>\n<meta name=\"description\" content=\"Markt-XXL Doppelkopf Schreibtischlampe LED Dimmbar, Schreibtischlampen LED f\u00fcr Heimb\u00fcro Werkbank 31,5&quot; Breite Beleuchtung 5 Farbmodi und stufenlose Dimmung Auto Timer 24W Moderne Schreibtischlampe Klemme\" \/>\n<meta name=\"robots\" content=\"index, follow, max-snippet:-1, max-image-preview:large, max-video-preview:-1\" \/>\n<link rel=\"canonical\" href=\"https:\/\/marktxxl.de\/markt\/produkt\/doppelkopf-schreibtischlampe-led-dimmbar-schreibtischlampen-led-fuer-heimbuero-werkbank-315-breite-beleuchtung-5-farbmodi-und-stufenlose-dimmung-auto-timer-24w-moderne-schreibtischlampe-klemme\/\" \/>\n<meta property=\"og:locale\" content=\"de_DE\" \/>\n<meta property=\"og:type\" content=\"article\" \/>\n<meta property=\"og:title\" content=\"Doppelkopf Schreibtischlampe LED Dimmbar, Schreibtischlampen LED f\u00fcr Heimb\u00fcro Werkbank 31,5&quot; Breite Beleuchtung 5 Farbmodi und stufenlose Dimmung Auto Timer 24W Moderne Schreibtischlampe Klemme - Markt-XXL\" \/>\n<meta property=\"og:description\" content=\"Markt-XXL Doppelkopf Schreibtischlampe LED Dimmbar, Schreibtischlampen LED f\u00fcr Heimb\u00fcro Werkbank 31,5&quot; Breite Beleuchtung 5 Farbmodi und stufenlose Dimmung Auto Timer 24W Moderne Schreibtischlampe Klemme\" \/>\n<meta property=\"og:url\" content=\"https:\/\/marktxxl.de\/markt\/produkt\/doppelkopf-schreibtischlampe-led-dimmbar-schreibtischlampen-led-fuer-heimbuero-werkbank-315-breite-beleuchtung-5-farbmodi-und-stufenlose-dimmung-auto-timer-24w-moderne-schreibtischlampe-klemme\/\" \/>\n<meta property=\"og:site_name\" content=\"Markt-XXL\" \/>\n<meta property=\"article:modified_time\" content=\"2023-04-10T03:34:40+00:00\" \/>\n<meta property=\"og:image\" content=\"https:\/\/m.media-amazon.com\/images\/I\/51SRTauBFPL._SL500_.jpg\" \/>\n\t<meta property=\"og:image:width\" content=\"500\" \/>\n\t<meta property=\"og:image:height\" content=\"500\" \/>\n\t<meta property=\"og:image:type\" content=\"image\/jpeg\" \/>\n<meta name=\"twitter:card\" content=\"summary_large_image\" \/>\n<meta name=\"twitter:label1\" content=\"Gesch\u00e4tzte Lesezeit\" \/>\n\t<meta name=\"twitter:data1\" content=\"1\u00a0Minute\" \/>\n<script type=\"application\/ld+json\" class=\"yoast-schema-graph\">{\"@context\":\"https:\\\/\\\/schema.org\",\"@graph\":[{\"@type\":\"WebPage\",\"@id\":\"https:\\\/\\\/marktxxl.de\\\/markt\\\/produkt\\\/doppelkopf-schreibtischlampe-led-dimmbar-schreibtischlampen-led-fuer-heimbuero-werkbank-315-breite-beleuchtung-5-farbmodi-und-stufenlose-dimmung-auto-timer-24w-moderne-schreibtischlampe-klemme\\\/\",\"url\":\"https:\\\/\\\/marktxxl.de\\\/markt\\\/produkt\\\/doppelkopf-schreibtischlampe-led-dimmbar-schreibtischlampen-led-fuer-heimbuero-werkbank-315-breite-beleuchtung-5-farbmodi-und-stufenlose-dimmung-auto-timer-24w-moderne-schreibtischlampe-klemme\\\/\",\"name\":\"Doppelkopf Schreibtischlampe LED Dimmbar, Schreibtischlampen LED f\u00fcr Heimb\u00fcro Werkbank 31,5\\\" Breite Beleuchtung 5 Farbmodi und stufenlose Dimmung Auto Timer 24W Moderne Schreibtischlampe Klemme - Markt-XXL\",\"isPartOf\":{\"@id\":\"https:\\\/\\\/marktxxl.de\\\/markt\\\/#website\"},\"primaryImageOfPage\":{\"@id\":\"https:\\\/\\\/marktxxl.de\\\/markt\\\/produkt\\\/doppelkopf-schreibtischlampe-led-dimmbar-schreibtischlampen-led-fuer-heimbuero-werkbank-315-breite-beleuchtung-5-farbmodi-und-stufenlose-dimmung-auto-timer-24w-moderne-schreibtischlampe-klemme\\\/#primaryimage\"},\"image\":{\"@id\":\"https:\\\/\\\/marktxxl.de\\\/markt\\\/produkt\\\/doppelkopf-schreibtischlampe-led-dimmbar-schreibtischlampen-led-fuer-heimbuero-werkbank-315-breite-beleuchtung-5-farbmodi-und-stufenlose-dimmung-auto-timer-24w-moderne-schreibtischlampe-klemme\\\/#primaryimage\"},\"thumbnailUrl\":\"https:\\\/\\\/m.media-amazon.com\\\/images\\\/I\\\/51SRTauBFPL._SL500_.jpg\",\"datePublished\":\"2023-02-09T04:55:41+00:00\",\"dateModified\":\"2023-04-10T03:34:40+00:00\",\"description\":\"Markt-XXL Doppelkopf Schreibtischlampe LED Dimmbar, Schreibtischlampen LED f\u00fcr Heimb\u00fcro Werkbank 31,5\\\" Breite Beleuchtung 5 Farbmodi und stufenlose Dimmung Auto Timer 24W Moderne Schreibtischlampe Klemme\",\"breadcrumb\":{\"@id\":\"https:\\\/\\\/marktxxl.de\\\/markt\\\/produkt\\\/doppelkopf-schreibtischlampe-led-dimmbar-schreibtischlampen-led-fuer-heimbuero-werkbank-315-breite-beleuchtung-5-farbmodi-und-stufenlose-dimmung-auto-timer-24w-moderne-schreibtischlampe-klemme\\\/#breadcrumb\"},\"inLanguage\":\"de\",\"potentialAction\":[{\"@type\":\"ReadAction\",\"target\":[\"https:\\\/\\\/marktxxl.de\\\/markt\\\/produkt\\\/doppelkopf-schreibtischlampe-led-dimmbar-schreibtischlampen-led-fuer-heimbuero-werkbank-315-breite-beleuchtung-5-farbmodi-und-stufenlose-dimmung-auto-timer-24w-moderne-schreibtischlampe-klemme\\\/\"]}]},{\"@type\":\"ImageObject\",\"inLanguage\":\"de\",\"@id\":\"https:\\\/\\\/marktxxl.de\\\/markt\\\/produkt\\\/doppelkopf-schreibtischlampe-led-dimmbar-schreibtischlampen-led-fuer-heimbuero-werkbank-315-breite-beleuchtung-5-farbmodi-und-stufenlose-dimmung-auto-timer-24w-moderne-schreibtischlampe-klemme\\\/#primaryimage\",\"url\":\"https:\\\/\\\/m.media-amazon.com\\\/images\\\/I\\\/51SRTauBFPL._SL500_.jpg\",\"contentUrl\":\"https:\\\/\\\/m.media-amazon.com\\\/images\\\/I\\\/51SRTauBFPL._SL500_.jpg\",\"width\":500,\"height\":500},{\"@type\":\"BreadcrumbList\",\"@id\":\"https:\\\/\\\/marktxxl.de\\\/markt\\\/produkt\\\/doppelkopf-schreibtischlampe-led-dimmbar-schreibtischlampen-led-fuer-heimbuero-werkbank-315-breite-beleuchtung-5-farbmodi-und-stufenlose-dimmung-auto-timer-24w-moderne-schreibtischlampe-klemme\\\/#breadcrumb\",\"itemListElement\":[{\"@type\":\"ListItem\",\"position\":1,\"name\":\"Startseite\",\"item\":\"https:\\\/\\\/marktxxl.de\\\/markt\\\/\"},{\"@type\":\"ListItem\",\"position\":2,\"name\":\"Markt\",\"item\":\"https:\\\/\\\/marktxxl.de\\\/markt\\\/\"},{\"@type\":\"ListItem\",\"position\":3,\"name\":\"Doppelkopf Schreibtischlampe LED Dimmbar, Schreibtischlampen LED f\u00fcr Heimb\u00fcro Werkbank 31,5&#8243; Breite Beleuchtung 5 Farbmodi und stufenlose Dimmung Auto Timer 24W Moderne Schreibtischlampe Klemme\"}]},{\"@type\":\"WebSite\",\"@id\":\"https:\\\/\\\/marktxxl.de\\\/markt\\\/#website\",\"url\":\"https:\\\/\\\/marktxxl.de\\\/markt\\\/\",\"name\":\"Markt-XXL\",\"description\":\"Ihr Markt Online\",\"publisher\":{\"@id\":\"https:\\\/\\\/marktxxl.de\\\/markt\\\/#organization\"},\"potentialAction\":[{\"@type\":\"SearchAction\",\"target\":{\"@type\":\"EntryPoint\",\"urlTemplate\":\"https:\\\/\\\/marktxxl.de\\\/markt\\\/?s={search_term_string}\"},\"query-input\":{\"@type\":\"PropertyValueSpecification\",\"valueRequired\":true,\"valueName\":\"search_term_string\"}}],\"inLanguage\":\"de\"},{\"@type\":\"Organization\",\"@id\":\"https:\\\/\\\/marktxxl.de\\\/markt\\\/#organization\",\"name\":\"Markt-XXL\",\"url\":\"https:\\\/\\\/marktxxl.de\\\/markt\\\/\",\"logo\":{\"@type\":\"ImageObject\",\"inLanguage\":\"de\",\"@id\":\"https:\\\/\\\/marktxxl.de\\\/markt\\\/#\\\/schema\\\/logo\\\/image\\\/\",\"url\":\"https:\\\/\\\/marktxxl.de\\\/markt\\\/wp-content\\\/uploads\\\/sites\\\/3\\\/2020\\\/12\\\/logo.png\",\"contentUrl\":\"https:\\\/\\\/marktxxl.de\\\/markt\\\/wp-content\\\/uploads\\\/sites\\\/3\\\/2020\\\/12\\\/logo.png\",\"width\":200,\"height\":70,\"caption\":\"Markt-XXL\"},\"image\":{\"@id\":\"https:\\\/\\\/marktxxl.de\\\/markt\\\/#\\\/schema\\\/logo\\\/image\\\/\"}}]}<\/script>\n<!-- \/ Yoast SEO plugin. -->","yoast_head_json":{"title":"Doppelkopf Schreibtischlampe LED Dimmbar, Schreibtischlampen LED f\u00fcr Heimb\u00fcro Werkbank 31,5\" Breite Beleuchtung 5 Farbmodi und stufenlose Dimmung Auto Timer 24W Moderne Schreibtischlampe Klemme - Markt-XXL","description":"Markt-XXL Doppelkopf Schreibtischlampe LED Dimmbar, Schreibtischlampen LED f\u00fcr Heimb\u00fcro Werkbank 31,5\" Breite Beleuchtung 5 Farbmodi und stufenlose Dimmung Auto Timer 24W Moderne Schreibtischlampe Klemme","robots":{"index":"index","follow":"follow","max-snippet":"max-snippet:-1","max-image-preview":"max-image-preview:large","max-video-preview":"max-video-preview:-1"},"canonical":"https:\/\/marktxxl.de\/markt\/produkt\/doppelkopf-schreibtischlampe-led-dimmbar-schreibtischlampen-led-fuer-heimbuero-werkbank-315-breite-beleuchtung-5-farbmodi-und-stufenlose-dimmung-auto-timer-24w-moderne-schreibtischlampe-klemme\/","og_locale":"de_DE","og_type":"article","og_title":"Doppelkopf Schreibtischlampe LED Dimmbar, Schreibtischlampen LED f\u00fcr Heimb\u00fcro Werkbank 31,5\" Breite Beleuchtung 5 Farbmodi und stufenlose Dimmung Auto Timer 24W Moderne Schreibtischlampe Klemme - Markt-XXL","og_description":"Markt-XXL Doppelkopf Schreibtischlampe LED Dimmbar, Schreibtischlampen LED f\u00fcr Heimb\u00fcro Werkbank 31,5\" Breite Beleuchtung 5 Farbmodi und stufenlose Dimmung Auto Timer 24W Moderne Schreibtischlampe Klemme","og_url":"https:\/\/marktxxl.de\/markt\/produkt\/doppelkopf-schreibtischlampe-led-dimmbar-schreibtischlampen-led-fuer-heimbuero-werkbank-315-breite-beleuchtung-5-farbmodi-und-stufenlose-dimmung-auto-timer-24w-moderne-schreibtischlampe-klemme\/","og_site_name":"Markt-XXL","article_modified_time":"2023-04-10T03:34:40+00:00","og_image":[{"width":500,"height":500,"url":"https:\/\/m.media-amazon.com\/images\/I\/51SRTauBFPL._SL500_.jpg","type":"image\/jpeg"}],"twitter_card":"summary_large_image","twitter_misc":{"Gesch\u00e4tzte Lesezeit":"1\u00a0Minute"},"schema":{"@context":"https:\/\/schema.org","@graph":[{"@type":"WebPage","@id":"https:\/\/marktxxl.de\/markt\/produkt\/doppelkopf-schreibtischlampe-led-dimmbar-schreibtischlampen-led-fuer-heimbuero-werkbank-315-breite-beleuchtung-5-farbmodi-und-stufenlose-dimmung-auto-timer-24w-moderne-schreibtischlampe-klemme\/","url":"https:\/\/marktxxl.de\/markt\/produkt\/doppelkopf-schreibtischlampe-led-dimmbar-schreibtischlampen-led-fuer-heimbuero-werkbank-315-breite-beleuchtung-5-farbmodi-und-stufenlose-dimmung-auto-timer-24w-moderne-schreibtischlampe-klemme\/","name":"Doppelkopf Schreibtischlampe LED Dimmbar, Schreibtischlampen LED f\u00fcr Heimb\u00fcro Werkbank 31,5\" Breite Beleuchtung 5 Farbmodi und stufenlose Dimmung Auto Timer 24W Moderne Schreibtischlampe Klemme - Markt-XXL","isPartOf":{"@id":"https:\/\/marktxxl.de\/markt\/#website"},"primaryImageOfPage":{"@id":"https:\/\/marktxxl.de\/markt\/produkt\/doppelkopf-schreibtischlampe-led-dimmbar-schreibtischlampen-led-fuer-heimbuero-werkbank-315-breite-beleuchtung-5-farbmodi-und-stufenlose-dimmung-auto-timer-24w-moderne-schreibtischlampe-klemme\/#primaryimage"},"image":{"@id":"https:\/\/marktxxl.de\/markt\/produkt\/doppelkopf-schreibtischlampe-led-dimmbar-schreibtischlampen-led-fuer-heimbuero-werkbank-315-breite-beleuchtung-5-farbmodi-und-stufenlose-dimmung-auto-timer-24w-moderne-schreibtischlampe-klemme\/#primaryimage"},"thumbnailUrl":"https:\/\/m.media-amazon.com\/images\/I\/51SRTauBFPL._SL500_.jpg","datePublished":"2023-02-09T04:55:41+00:00","dateModified":"2023-04-10T03:34:40+00:00","description":"Markt-XXL Doppelkopf Schreibtischlampe LED Dimmbar, Schreibtischlampen LED f\u00fcr Heimb\u00fcro Werkbank 31,5\" Breite Beleuchtung 5 Farbmodi und stufenlose Dimmung Auto Timer 24W Moderne Schreibtischlampe Klemme","breadcrumb":{"@id":"https:\/\/marktxxl.de\/markt\/produkt\/doppelkopf-schreibtischlampe-led-dimmbar-schreibtischlampen-led-fuer-heimbuero-werkbank-315-breite-beleuchtung-5-farbmodi-und-stufenlose-dimmung-auto-timer-24w-moderne-schreibtischlampe-klemme\/#breadcrumb"},"inLanguage":"de","potentialAction":[{"@type":"ReadAction","target":["https:\/\/marktxxl.de\/markt\/produkt\/doppelkopf-schreibtischlampe-led-dimmbar-schreibtischlampen-led-fuer-heimbuero-werkbank-315-breite-beleuchtung-5-farbmodi-und-stufenlose-dimmung-auto-timer-24w-moderne-schreibtischlampe-klemme\/"]}]},{"@type":"ImageObject","inLanguage":"de","@id":"https:\/\/marktxxl.de\/markt\/produkt\/doppelkopf-schreibtischlampe-led-dimmbar-schreibtischlampen-led-fuer-heimbuero-werkbank-315-breite-beleuchtung-5-farbmodi-und-stufenlose-dimmung-auto-timer-24w-moderne-schreibtischlampe-klemme\/#primaryimage","url":"https:\/\/m.media-amazon.com\/images\/I\/51SRTauBFPL._SL500_.jpg","contentUrl":"https:\/\/m.media-amazon.com\/images\/I\/51SRTauBFPL._SL500_.jpg","width":500,"height":500},{"@type":"BreadcrumbList","@id":"https:\/\/marktxxl.de\/markt\/produkt\/doppelkopf-schreibtischlampe-led-dimmbar-schreibtischlampen-led-fuer-heimbuero-werkbank-315-breite-beleuchtung-5-farbmodi-und-stufenlose-dimmung-auto-timer-24w-moderne-schreibtischlampe-klemme\/#breadcrumb","itemListElement":[{"@type":"ListItem","position":1,"name":"Startseite","item":"https:\/\/marktxxl.de\/markt\/"},{"@type":"ListItem","position":2,"name":"Markt","item":"https:\/\/marktxxl.de\/markt\/"},{"@type":"ListItem","position":3,"name":"Doppelkopf Schreibtischlampe LED Dimmbar, Schreibtischlampen LED f\u00fcr Heimb\u00fcro Werkbank 31,5&#8243; Breite Beleuchtung 5 Farbmodi und stufenlose Dimmung Auto Timer 24W Moderne Schreibtischlampe Klemme"}]},{"@type":"WebSite","@id":"https:\/\/marktxxl.de\/markt\/#website","url":"https:\/\/marktxxl.de\/markt\/","name":"Markt-XXL","description":"Ihr Markt Online","publisher":{"@id":"https:\/\/marktxxl.de\/markt\/#organization"},"potentialAction":[{"@type":"SearchAction","target":{"@type":"EntryPoint","urlTemplate":"https:\/\/marktxxl.de\/markt\/?s={search_term_string}"},"query-input":{"@type":"PropertyValueSpecification","valueRequired":true,"valueName":"search_term_string"}}],"inLanguage":"de"},{"@type":"Organization","@id":"https:\/\/marktxxl.de\/markt\/#organization","name":"Markt-XXL","url":"https:\/\/marktxxl.de\/markt\/","logo":{"@type":"ImageObject","inLanguage":"de","@id":"https:\/\/marktxxl.de\/markt\/#\/schema\/logo\/image\/","url":"https:\/\/marktxxl.de\/markt\/wp-content\/uploads\/sites\/3\/2020\/12\/logo.png","contentUrl":"https:\/\/marktxxl.de\/markt\/wp-content\/uploads\/sites\/3\/2020\/12\/logo.png","width":200,"height":70,"caption":"Markt-XXL"},"image":{"@id":"https:\/\/marktxxl.de\/markt\/#\/schema\/logo\/image\/"}}]}},"_links":{"self":[{"href":"https:\/\/marktxxl.de\/markt\/wp-json\/wp\/v2\/product\/187751","targetHints":{"allow":["GET"]}}],"collection":[{"href":"https:\/\/marktxxl.de\/markt\/wp-json\/wp\/v2\/product"}],"about":[{"href":"https:\/\/marktxxl.de\/markt\/wp-json\/wp\/v2\/types\/product"}],"replies":[{"embeddable":true,"href":"https:\/\/marktxxl.de\/markt\/wp-json\/wp\/v2\/comments?post=187751"}],"wp:featuredmedia":[{"embeddable":true,"href":"https:\/\/marktxxl.de\/markt\/wp-json\/wp\/v2\/media\/187752"}],"wp:attachment":[{"href":"https:\/\/marktxxl.de\/markt\/wp-json\/wp\/v2\/media?parent=187751"}],"wp:term":[{"taxonomy":"product_brand","embeddable":true,"href":"https:\/\/marktxxl.de\/markt\/wp-json\/wp\/v2\/product_brand?post=187751"},{"taxonomy":"product_cat","embeddable":true,"href":"https:\/\/marktxxl.de\/markt\/wp-json\/wp\/v2\/product_cat?post=187751"},{"taxonomy":"product_tag","embeddable":true,"href":"https:\/\/marktxxl.de\/markt\/wp-json\/wp\/v2\/product_tag?post=187751"}],"curies":[{"name":"wp","href":"https:\/\/api.w.org\/{rel}","templated":true}]}}