{"id":187743,"date":"2023-02-09T05:55:34","date_gmt":"2023-02-09T04:55:34","guid":{"rendered":"https:\/\/marktxxl.de\/markt\/produkt\/tommee-tippee-pinguin-2-in-1-tragbares-nachtlicht\/"},"modified":"2023-04-10T05:34:39","modified_gmt":"2023-04-10T03:34:39","slug":"tommee-tippee-pinguin-2-in-1-tragbares-nachtlicht","status":"publish","type":"product","link":"https:\/\/marktxxl.de\/markt\/produkt\/tommee-tippee-pinguin-2-in-1-tragbares-nachtlicht\/","title":{"rendered":"Tommee Tippee Pinguin 2-in-1 tragbares Nachtlicht"},"content":{"rendered":"<p>Kinderzimmer-Nachtlicht \u2013 Dieser freundliche Pinguin sieht super s\u00fc\u00df aus in Ihrem Kinderzimmer und gibt ein sanftes dimmbares Licht, das perfekt ist, um sie in der Nacht zu beruhigen oder f\u00fcr Schlafenszeitgeschichten aber nicht zu hell, dass es ihren Schlaf st\u00f6rt<br \/>\nTragbares Eierlicht &#8211; Sie k\u00f6nnen dieses Nachtlicht von Geburt an verwenden, aber wenn Ihr Kind w\u00e4chst, kann das leuchtende Ei Licht einfach von seiner Pinguinbasis abheben und als separates tragbares Nachtlicht verwendet werden<br \/>\nSuper weiches Ei Licht &#8211; Das Silikonei ist super taktil und leicht, perfekt f\u00fcr kleine H\u00e4nde, um nachts Badezimmerbesuche mitzunehmen<br \/>\nSteuerbares Nachtlicht &#8211; Sie sind in der Kontrolle und k\u00f6nnen das dimmbare Licht sowohl auf dem Nachtlicht als auch dem tragbaren Eierlicht steuern. Drehen Sie es f\u00fcr sp\u00e4te Nacht auf oder dimmen Sie es herunter, um das Baby wieder in den Schlaf zur\u00fcckzubringen<br \/>\nWiederaufladbare USB-Aufladung \u2013 Das Pinguin-Nachtlicht wird \u00fcber ein Netz-USB-Kabel betrieben, was bedeutet, dass Sie nicht nach Batterien suchen. Das tragbare Eierlicht l\u00e4dt sich auf seiner Pinguin-Basis den ganzen Tag auf und h\u00e4lt bis zu 10 Stunden<br \/>\n<div class=\"main-cross-sell\" data-asin=\"B081HT9TCX\">\n\n\t<div class=\"WooZone-cross-sell-loader\">\n\t\t<div>\n\t\t\t<div id=\"floatingBarsG\">\n\t\t\t\t<div class=\"blockG\" id=\"rotateG_01\"><\/div>\n\t\t\t\t<div class=\"blockG\" id=\"rotateG_02\"><\/div>\n\t\t\t\t<div class=\"blockG\" id=\"rotateG_03\"><\/div>\n\t\t\t\t<div class=\"blockG\" id=\"rotateG_04\"><\/div>\n\t\t\t\t<div class=\"blockG\" id=\"rotateG_05\"><\/div>\n\t\t\t\t<div class=\"blockG\" id=\"rotateG_06\"><\/div>\n\t\t\t\t<div class=\"blockG\" id=\"rotateG_07\"><\/div>\n\t\t\t\t<div class=\"blockG\" id=\"rotateG_08\"><\/div>\n\t\t\t<\/div>\n\t\t\t<div class=\"WooZone-cross-sell-loader-text\"><\/div>\n\t\t<\/div>\n\t<\/div>\n\n\t\t\n<\/div>\n<div style=\"clear:both;\"><\/div><\/p>\n","protected":false},"excerpt":{"rendered":"<p>Kinderzimmer-Nachtlicht \u2013 Dieser freundliche Pinguin sieht super s\u00fc\u00df aus in Ihrem Kinderzimmer und gibt ein sanftes dimmbares Licht, das perfekt ist, um sie in der Nacht zu beruhigen oder f\u00fcr Schlafenszeitgeschichten aber nicht zu hell, dass es ihren Schlaf st\u00f6rt<br \/>\nTragbares Eierlicht &#8211; Sie k\u00f6nnen dieses Nachtlicht von Geburt an verwenden, aber wenn Ihr Kind w\u00e4chst, kann das leuchtende Ei Licht einfach von seiner Pinguinbasis abheben und als separates tragbares Nachtlicht verwendet werden<br \/>\nSuper weiches Ei Licht &#8211; Das Silikonei ist super taktil und leicht, perfekt f\u00fcr kleine H\u00e4nde, um nachts Badezimmerbesuche mitzunehmen<\/p>\n","protected":false},"featured_media":187744,"comment_status":"open","ping_status":"closed","template":"","meta":[],"product_brand":[],"product_cat":[2108,11509],"product_tag":[],"class_list":{"0":"post-187743","1":"product","2":"type-product","3":"status-publish","4":"has-post-thumbnail","6":"product_cat-beleuchtung","7":"product_cat-innenbeleuchtung","8":"pa_binding-babyartikel","9":"pa_brand-tommee-tippee","10":"pa_color-weiss","11":"pa_height-8-66-zoll","12":"pa_length-5-31-zoll","13":"pa_manufacturer-mayborn-group","14":"pa_model-16063","15":"pa_size-1-count-pack-of-1","16":"pa_width-4-53-zoll","18":"first","19":"instock","20":"shipping-taxable","21":"purchasable","22":"product-type-simple","23":"customify-col","24":"product-has-gallery"},"yoast_head":"<!-- This site is optimized with the Yoast SEO plugin v27.4 - https:\/\/yoast.com\/product\/yoast-seo-wordpress\/ -->\n<title>Tommee Tippee Pinguin 2-in-1 tragbares Nachtlicht - Markt-XXL<\/title>\n<meta name=\"description\" content=\"Markt-XXL Tommee Tippee Pinguin 2-in-1 tragbares Nachtlicht\" \/>\n<meta name=\"robots\" content=\"index, follow, max-snippet:-1, max-image-preview:large, max-video-preview:-1\" \/>\n<link rel=\"canonical\" href=\"https:\/\/marktxxl.de\/markt\/produkt\/tommee-tippee-pinguin-2-in-1-tragbares-nachtlicht\/\" \/>\n<meta property=\"og:locale\" content=\"de_DE\" \/>\n<meta property=\"og:type\" content=\"article\" \/>\n<meta property=\"og:title\" content=\"Tommee Tippee Pinguin 2-in-1 tragbares Nachtlicht - Markt-XXL\" \/>\n<meta property=\"og:description\" content=\"Markt-XXL Tommee Tippee Pinguin 2-in-1 tragbares Nachtlicht\" \/>\n<meta property=\"og:url\" content=\"https:\/\/marktxxl.de\/markt\/produkt\/tommee-tippee-pinguin-2-in-1-tragbares-nachtlicht\/\" \/>\n<meta property=\"og:site_name\" content=\"Markt-XXL\" \/>\n<meta property=\"article:modified_time\" content=\"2023-04-10T03:34:39+00:00\" \/>\n<meta property=\"og:image\" content=\"https:\/\/m.media-amazon.com\/images\/I\/31tBjh6wo4L._SL500_.jpg\" \/>\n\t<meta property=\"og:image:width\" content=\"500\" \/>\n\t<meta property=\"og:image:height\" content=\"500\" \/>\n\t<meta property=\"og:image:type\" content=\"image\/jpeg\" \/>\n<meta name=\"twitter:card\" content=\"summary_large_image\" \/>\n<meta name=\"twitter:label1\" content=\"Gesch\u00e4tzte Lesezeit\" \/>\n\t<meta name=\"twitter:data1\" content=\"1\u00a0Minute\" \/>\n<script type=\"application\/ld+json\" class=\"yoast-schema-graph\">{\"@context\":\"https:\\\/\\\/schema.org\",\"@graph\":[{\"@type\":\"WebPage\",\"@id\":\"https:\\\/\\\/marktxxl.de\\\/markt\\\/produkt\\\/tommee-tippee-pinguin-2-in-1-tragbares-nachtlicht\\\/\",\"url\":\"https:\\\/\\\/marktxxl.de\\\/markt\\\/produkt\\\/tommee-tippee-pinguin-2-in-1-tragbares-nachtlicht\\\/\",\"name\":\"Tommee Tippee Pinguin 2-in-1 tragbares Nachtlicht - Markt-XXL\",\"isPartOf\":{\"@id\":\"https:\\\/\\\/marktxxl.de\\\/markt\\\/#website\"},\"primaryImageOfPage\":{\"@id\":\"https:\\\/\\\/marktxxl.de\\\/markt\\\/produkt\\\/tommee-tippee-pinguin-2-in-1-tragbares-nachtlicht\\\/#primaryimage\"},\"image\":{\"@id\":\"https:\\\/\\\/marktxxl.de\\\/markt\\\/produkt\\\/tommee-tippee-pinguin-2-in-1-tragbares-nachtlicht\\\/#primaryimage\"},\"thumbnailUrl\":\"https:\\\/\\\/m.media-amazon.com\\\/images\\\/I\\\/31tBjh6wo4L._SL500_.jpg\",\"datePublished\":\"2023-02-09T04:55:34+00:00\",\"dateModified\":\"2023-04-10T03:34:39+00:00\",\"description\":\"Markt-XXL Tommee Tippee Pinguin 2-in-1 tragbares Nachtlicht\",\"breadcrumb\":{\"@id\":\"https:\\\/\\\/marktxxl.de\\\/markt\\\/produkt\\\/tommee-tippee-pinguin-2-in-1-tragbares-nachtlicht\\\/#breadcrumb\"},\"inLanguage\":\"de\",\"potentialAction\":[{\"@type\":\"ReadAction\",\"target\":[\"https:\\\/\\\/marktxxl.de\\\/markt\\\/produkt\\\/tommee-tippee-pinguin-2-in-1-tragbares-nachtlicht\\\/\"]}]},{\"@type\":\"ImageObject\",\"inLanguage\":\"de\",\"@id\":\"https:\\\/\\\/marktxxl.de\\\/markt\\\/produkt\\\/tommee-tippee-pinguin-2-in-1-tragbares-nachtlicht\\\/#primaryimage\",\"url\":\"https:\\\/\\\/m.media-amazon.com\\\/images\\\/I\\\/31tBjh6wo4L._SL500_.jpg\",\"contentUrl\":\"https:\\\/\\\/m.media-amazon.com\\\/images\\\/I\\\/31tBjh6wo4L._SL500_.jpg\",\"width\":500,\"height\":500},{\"@type\":\"BreadcrumbList\",\"@id\":\"https:\\\/\\\/marktxxl.de\\\/markt\\\/produkt\\\/tommee-tippee-pinguin-2-in-1-tragbares-nachtlicht\\\/#breadcrumb\",\"itemListElement\":[{\"@type\":\"ListItem\",\"position\":1,\"name\":\"Startseite\",\"item\":\"https:\\\/\\\/marktxxl.de\\\/markt\\\/\"},{\"@type\":\"ListItem\",\"position\":2,\"name\":\"Markt\",\"item\":\"https:\\\/\\\/marktxxl.de\\\/markt\\\/\"},{\"@type\":\"ListItem\",\"position\":3,\"name\":\"Tommee Tippee Pinguin 2-in-1 tragbares Nachtlicht\"}]},{\"@type\":\"WebSite\",\"@id\":\"https:\\\/\\\/marktxxl.de\\\/markt\\\/#website\",\"url\":\"https:\\\/\\\/marktxxl.de\\\/markt\\\/\",\"name\":\"Markt-XXL\",\"description\":\"Ihr Markt Online\",\"publisher\":{\"@id\":\"https:\\\/\\\/marktxxl.de\\\/markt\\\/#organization\"},\"potentialAction\":[{\"@type\":\"SearchAction\",\"target\":{\"@type\":\"EntryPoint\",\"urlTemplate\":\"https:\\\/\\\/marktxxl.de\\\/markt\\\/?s={search_term_string}\"},\"query-input\":{\"@type\":\"PropertyValueSpecification\",\"valueRequired\":true,\"valueName\":\"search_term_string\"}}],\"inLanguage\":\"de\"},{\"@type\":\"Organization\",\"@id\":\"https:\\\/\\\/marktxxl.de\\\/markt\\\/#organization\",\"name\":\"Markt-XXL\",\"url\":\"https:\\\/\\\/marktxxl.de\\\/markt\\\/\",\"logo\":{\"@type\":\"ImageObject\",\"inLanguage\":\"de\",\"@id\":\"https:\\\/\\\/marktxxl.de\\\/markt\\\/#\\\/schema\\\/logo\\\/image\\\/\",\"url\":\"https:\\\/\\\/marktxxl.de\\\/markt\\\/wp-content\\\/uploads\\\/sites\\\/3\\\/2020\\\/12\\\/logo.png\",\"contentUrl\":\"https:\\\/\\\/marktxxl.de\\\/markt\\\/wp-content\\\/uploads\\\/sites\\\/3\\\/2020\\\/12\\\/logo.png\",\"width\":200,\"height\":70,\"caption\":\"Markt-XXL\"},\"image\":{\"@id\":\"https:\\\/\\\/marktxxl.de\\\/markt\\\/#\\\/schema\\\/logo\\\/image\\\/\"}}]}<\/script>\n<!-- \/ Yoast SEO plugin. -->","yoast_head_json":{"title":"Tommee Tippee Pinguin 2-in-1 tragbares Nachtlicht - Markt-XXL","description":"Markt-XXL Tommee Tippee Pinguin 2-in-1 tragbares Nachtlicht","robots":{"index":"index","follow":"follow","max-snippet":"max-snippet:-1","max-image-preview":"max-image-preview:large","max-video-preview":"max-video-preview:-1"},"canonical":"https:\/\/marktxxl.de\/markt\/produkt\/tommee-tippee-pinguin-2-in-1-tragbares-nachtlicht\/","og_locale":"de_DE","og_type":"article","og_title":"Tommee Tippee Pinguin 2-in-1 tragbares Nachtlicht - Markt-XXL","og_description":"Markt-XXL Tommee Tippee Pinguin 2-in-1 tragbares Nachtlicht","og_url":"https:\/\/marktxxl.de\/markt\/produkt\/tommee-tippee-pinguin-2-in-1-tragbares-nachtlicht\/","og_site_name":"Markt-XXL","article_modified_time":"2023-04-10T03:34:39+00:00","og_image":[{"width":500,"height":500,"url":"https:\/\/m.media-amazon.com\/images\/I\/31tBjh6wo4L._SL500_.jpg","type":"image\/jpeg"}],"twitter_card":"summary_large_image","twitter_misc":{"Gesch\u00e4tzte Lesezeit":"1\u00a0Minute"},"schema":{"@context":"https:\/\/schema.org","@graph":[{"@type":"WebPage","@id":"https:\/\/marktxxl.de\/markt\/produkt\/tommee-tippee-pinguin-2-in-1-tragbares-nachtlicht\/","url":"https:\/\/marktxxl.de\/markt\/produkt\/tommee-tippee-pinguin-2-in-1-tragbares-nachtlicht\/","name":"Tommee Tippee Pinguin 2-in-1 tragbares Nachtlicht - Markt-XXL","isPartOf":{"@id":"https:\/\/marktxxl.de\/markt\/#website"},"primaryImageOfPage":{"@id":"https:\/\/marktxxl.de\/markt\/produkt\/tommee-tippee-pinguin-2-in-1-tragbares-nachtlicht\/#primaryimage"},"image":{"@id":"https:\/\/marktxxl.de\/markt\/produkt\/tommee-tippee-pinguin-2-in-1-tragbares-nachtlicht\/#primaryimage"},"thumbnailUrl":"https:\/\/m.media-amazon.com\/images\/I\/31tBjh6wo4L._SL500_.jpg","datePublished":"2023-02-09T04:55:34+00:00","dateModified":"2023-04-10T03:34:39+00:00","description":"Markt-XXL Tommee Tippee Pinguin 2-in-1 tragbares Nachtlicht","breadcrumb":{"@id":"https:\/\/marktxxl.de\/markt\/produkt\/tommee-tippee-pinguin-2-in-1-tragbares-nachtlicht\/#breadcrumb"},"inLanguage":"de","potentialAction":[{"@type":"ReadAction","target":["https:\/\/marktxxl.de\/markt\/produkt\/tommee-tippee-pinguin-2-in-1-tragbares-nachtlicht\/"]}]},{"@type":"ImageObject","inLanguage":"de","@id":"https:\/\/marktxxl.de\/markt\/produkt\/tommee-tippee-pinguin-2-in-1-tragbares-nachtlicht\/#primaryimage","url":"https:\/\/m.media-amazon.com\/images\/I\/31tBjh6wo4L._SL500_.jpg","contentUrl":"https:\/\/m.media-amazon.com\/images\/I\/31tBjh6wo4L._SL500_.jpg","width":500,"height":500},{"@type":"BreadcrumbList","@id":"https:\/\/marktxxl.de\/markt\/produkt\/tommee-tippee-pinguin-2-in-1-tragbares-nachtlicht\/#breadcrumb","itemListElement":[{"@type":"ListItem","position":1,"name":"Startseite","item":"https:\/\/marktxxl.de\/markt\/"},{"@type":"ListItem","position":2,"name":"Markt","item":"https:\/\/marktxxl.de\/markt\/"},{"@type":"ListItem","position":3,"name":"Tommee Tippee Pinguin 2-in-1 tragbares Nachtlicht"}]},{"@type":"WebSite","@id":"https:\/\/marktxxl.de\/markt\/#website","url":"https:\/\/marktxxl.de\/markt\/","name":"Markt-XXL","description":"Ihr Markt Online","publisher":{"@id":"https:\/\/marktxxl.de\/markt\/#organization"},"potentialAction":[{"@type":"SearchAction","target":{"@type":"EntryPoint","urlTemplate":"https:\/\/marktxxl.de\/markt\/?s={search_term_string}"},"query-input":{"@type":"PropertyValueSpecification","valueRequired":true,"valueName":"search_term_string"}}],"inLanguage":"de"},{"@type":"Organization","@id":"https:\/\/marktxxl.de\/markt\/#organization","name":"Markt-XXL","url":"https:\/\/marktxxl.de\/markt\/","logo":{"@type":"ImageObject","inLanguage":"de","@id":"https:\/\/marktxxl.de\/markt\/#\/schema\/logo\/image\/","url":"https:\/\/marktxxl.de\/markt\/wp-content\/uploads\/sites\/3\/2020\/12\/logo.png","contentUrl":"https:\/\/marktxxl.de\/markt\/wp-content\/uploads\/sites\/3\/2020\/12\/logo.png","width":200,"height":70,"caption":"Markt-XXL"},"image":{"@id":"https:\/\/marktxxl.de\/markt\/#\/schema\/logo\/image\/"}}]}},"_links":{"self":[{"href":"https:\/\/marktxxl.de\/markt\/wp-json\/wp\/v2\/product\/187743","targetHints":{"allow":["GET"]}}],"collection":[{"href":"https:\/\/marktxxl.de\/markt\/wp-json\/wp\/v2\/product"}],"about":[{"href":"https:\/\/marktxxl.de\/markt\/wp-json\/wp\/v2\/types\/product"}],"replies":[{"embeddable":true,"href":"https:\/\/marktxxl.de\/markt\/wp-json\/wp\/v2\/comments?post=187743"}],"wp:featuredmedia":[{"embeddable":true,"href":"https:\/\/marktxxl.de\/markt\/wp-json\/wp\/v2\/media\/187744"}],"wp:attachment":[{"href":"https:\/\/marktxxl.de\/markt\/wp-json\/wp\/v2\/media?parent=187743"}],"wp:term":[{"taxonomy":"product_brand","embeddable":true,"href":"https:\/\/marktxxl.de\/markt\/wp-json\/wp\/v2\/product_brand?post=187743"},{"taxonomy":"product_cat","embeddable":true,"href":"https:\/\/marktxxl.de\/markt\/wp-json\/wp\/v2\/product_cat?post=187743"},{"taxonomy":"product_tag","embeddable":true,"href":"https:\/\/marktxxl.de\/markt\/wp-json\/wp\/v2\/product_tag?post=187743"}],"curies":[{"name":"wp","href":"https:\/\/api.w.org\/{rel}","templated":true}]}}