{"id":187716,"date":"2023-02-09T05:55:04","date_gmt":"2023-02-09T04:55:04","guid":{"rendered":"https:\/\/marktxxl.de\/markt\/produkt\/mond-lampe-3d-personalisiert-foto-text-muster-led-zimmer-deko-licht-16-farben-touch-steuerung-stimmungslichter\/"},"modified":"2023-04-10T05:34:39","modified_gmt":"2023-04-10T03:34:39","slug":"mond-lampe-3d-personalisiert-foto-text-muster-led-zimmer-deko-licht-16-farben-touch-steuerung-stimmungslichter","status":"publish","type":"product","link":"https:\/\/marktxxl.de\/markt\/produkt\/mond-lampe-3d-personalisiert-foto-text-muster-led-zimmer-deko-licht-16-farben-touch-steuerung-stimmungslichter\/","title":{"rendered":"MYKJpuzzle Mond lampe 3D personalisiert (Foto, Text, Muster) LED zimmer deko licht 16 Farben Touch-Steuerung\u2026"},"content":{"rendered":"<p>\u2705Benutzerdefiniertes 3D-Mondlampen-Nachtlicht mit Ihrem eigenen Bild und Text, traumhaften und kreativen dekorativen Lichtern. Klicken Sie auf &#8220;Jetzt anpassen&#8221;. Laden Sie dann Ihr Lieblingsfoto oder Ihren Lieblingstext hoch.<br \/>\n\u2705Die Mondlampe wird in 3D-Drucktechnologie hergestellt und aus PLA hergestellt, einem biologisch abbaubaren und erneuerbaren Material. Es arbeitet mit energieeffizienten LED-Leuchten und unterst\u00fctzt das Aufladen \u00fcber USB. Es enth\u00e4lt eine eingebaute wiederaufladbare Lithiumbatterie.<br \/>\n\u2705Das Mondlicht, das 16 verschiedene Farben aussendet. Die Farben k\u00f6nnen blinken und verblassen und nahtlos ineinander \u00fcbergehen. Die Farbe des Mondnachtlichts und die Helligkeit des von der Lampe abgegebenen Lichts k\u00f6nnen mit einer Fernbedienung oder einer Touch-Steuerung gesteuert werden.<br \/>\n\u2705Dieses Mondnachtlicht kann als dekoratives Licht, Kinderlampe und Nachtlicht verwendet werden. Bunte Farb\u00e4nderungen geben Kindern ein Gef\u00fchl der Neuheitstransformation, perfekt als dekoratives Kinder- \/ Kinderzimmer und als besonderer Anlass.<br \/>\n\u2705Mondlicht als magische Geschenke, eine s\u00fc\u00dfe und coole Mondball-Stimmungsbeleuchtung f\u00fcr Valentinstag, Muttertag und Vatertag, Geburtstag, Einweihungspartys, Babypartys, Thanksgiving, Weihnachten, wie Sie es nennen.<br \/>\n<div class=\"main-cross-sell\" data-asin=\"B09JLVB1F5\">\n\n\t<div class=\"WooZone-cross-sell-loader\">\n\t\t<div>\n\t\t\t<div id=\"floatingBarsG\">\n\t\t\t\t<div class=\"blockG\" id=\"rotateG_01\"><\/div>\n\t\t\t\t<div class=\"blockG\" id=\"rotateG_02\"><\/div>\n\t\t\t\t<div class=\"blockG\" id=\"rotateG_03\"><\/div>\n\t\t\t\t<div class=\"blockG\" id=\"rotateG_04\"><\/div>\n\t\t\t\t<div class=\"blockG\" id=\"rotateG_05\"><\/div>\n\t\t\t\t<div class=\"blockG\" id=\"rotateG_06\"><\/div>\n\t\t\t\t<div class=\"blockG\" id=\"rotateG_07\"><\/div>\n\t\t\t\t<div class=\"blockG\" id=\"rotateG_08\"><\/div>\n\t\t\t<\/div>\n\t\t\t<div class=\"WooZone-cross-sell-loader-text\"><\/div>\n\t\t<\/div>\n\t<\/div>\n\n\t\t\n<\/div>\n<div style=\"clear:both;\"><\/div><\/p>\n","protected":false},"excerpt":{"rendered":"<p>\u2705Benutzerdefiniertes 3D-Mondlampen-Nachtlicht mit Ihrem eigenen Bild und Text, traumhaften und kreativen dekorativen Lichtern. Klicken Sie auf &#8220;Jetzt anpassen&#8221;. Laden Sie dann Ihr Lieblingsfoto oder Ihren Lieblingstext hoch.<br \/>\n\u2705Die Mondlampe wird in 3D-Drucktechnologie hergestellt und aus PLA hergestellt, einem biologisch abbaubaren und erneuerbaren Material. Es arbeitet mit energieeffizienten LED-Leuchten und unterst\u00fctzt das Aufladen \u00fcber USB. Es enth\u00e4lt eine eingebaute wiederaufladbare Lithiumbatterie.<br \/>\n\u2705Das Mondlicht, das 16 verschiedene Farben aussendet. Die Farben k\u00f6nnen blinken und verblassen und nahtlos ineinander \u00fcbergehen. Die Farbe des Mondnachtlichts und die Helligkeit des von der Lampe abgegebenen Lichts k\u00f6nnen mit einer Fernbedienung oder einer Touch-Steuerung gesteuert werden.<\/p>\n","protected":false},"featured_media":187717,"comment_status":"open","ping_status":"closed","template":"","meta":[],"product_brand":[],"product_cat":[2108,11509],"product_tag":[],"class_list":{"0":"post-187716","1":"product","2":"type-product","3":"status-publish","4":"has-post-thumbnail","6":"product_cat-beleuchtung","7":"product_cat-innenbeleuchtung","8":"pa_brand-mykjpuzzle","9":"pa_height-5-905511805-zoll","10":"pa_length-5-905511805-zoll","11":"pa_manufacturer-mykjpuzzle","12":"pa_width-5-905511805-zoll","14":"first","15":"instock","16":"shipping-taxable","17":"purchasable","18":"product-type-simple","19":"customify-col","20":"product-has-gallery"},"yoast_head":"<!-- This site is optimized with the Yoast SEO plugin v27.3 - https:\/\/yoast.com\/product\/yoast-seo-wordpress\/ -->\n<title>MYKJpuzzle Mond lampe 3D personalisiert (Foto, Text, Muster) LED zimmer deko licht 16 Farben Touch-Steuerung\u2026 - Markt-XXL<\/title>\n<meta name=\"description\" content=\"Markt-XXL MYKJpuzzle Mond lampe 3D personalisiert (Foto, Text, Muster) LED zimmer deko licht 16 Farben Touch-Steuerung\u2026\" \/>\n<meta name=\"robots\" content=\"index, follow, max-snippet:-1, max-image-preview:large, max-video-preview:-1\" \/>\n<link rel=\"canonical\" href=\"https:\/\/marktxxl.de\/markt\/produkt\/mond-lampe-3d-personalisiert-foto-text-muster-led-zimmer-deko-licht-16-farben-touch-steuerung-stimmungslichter\/\" \/>\n<meta property=\"og:locale\" content=\"de_DE\" \/>\n<meta property=\"og:type\" content=\"article\" \/>\n<meta property=\"og:title\" content=\"MYKJpuzzle Mond lampe 3D personalisiert (Foto, Text, Muster) LED zimmer deko licht 16 Farben Touch-Steuerung\u2026 - Markt-XXL\" \/>\n<meta property=\"og:description\" content=\"Markt-XXL MYKJpuzzle Mond lampe 3D personalisiert (Foto, Text, Muster) LED zimmer deko licht 16 Farben Touch-Steuerung\u2026\" \/>\n<meta property=\"og:url\" content=\"https:\/\/marktxxl.de\/markt\/produkt\/mond-lampe-3d-personalisiert-foto-text-muster-led-zimmer-deko-licht-16-farben-touch-steuerung-stimmungslichter\/\" \/>\n<meta property=\"og:site_name\" content=\"Markt-XXL\" \/>\n<meta property=\"article:modified_time\" content=\"2023-04-10T03:34:39+00:00\" \/>\n<meta property=\"og:image\" content=\"https:\/\/m.media-amazon.com\/images\/I\/41Ep5MwL8rL._SL500_.jpg\" \/>\n\t<meta property=\"og:image:width\" content=\"500\" \/>\n\t<meta property=\"og:image:height\" content=\"500\" \/>\n\t<meta property=\"og:image:type\" content=\"image\/jpeg\" \/>\n<meta name=\"twitter:card\" content=\"summary_large_image\" \/>\n<meta name=\"twitter:label1\" content=\"Gesch\u00e4tzte Lesezeit\" \/>\n\t<meta name=\"twitter:data1\" content=\"1\u00a0Minute\" \/>\n<script type=\"application\/ld+json\" class=\"yoast-schema-graph\">{\"@context\":\"https:\\\/\\\/schema.org\",\"@graph\":[{\"@type\":\"WebPage\",\"@id\":\"https:\\\/\\\/marktxxl.de\\\/markt\\\/produkt\\\/mond-lampe-3d-personalisiert-foto-text-muster-led-zimmer-deko-licht-16-farben-touch-steuerung-stimmungslichter\\\/\",\"url\":\"https:\\\/\\\/marktxxl.de\\\/markt\\\/produkt\\\/mond-lampe-3d-personalisiert-foto-text-muster-led-zimmer-deko-licht-16-farben-touch-steuerung-stimmungslichter\\\/\",\"name\":\"MYKJpuzzle Mond lampe 3D personalisiert (Foto, Text, Muster) LED zimmer deko licht 16 Farben Touch-Steuerung\u2026 - Markt-XXL\",\"isPartOf\":{\"@id\":\"https:\\\/\\\/marktxxl.de\\\/markt\\\/#website\"},\"primaryImageOfPage\":{\"@id\":\"https:\\\/\\\/marktxxl.de\\\/markt\\\/produkt\\\/mond-lampe-3d-personalisiert-foto-text-muster-led-zimmer-deko-licht-16-farben-touch-steuerung-stimmungslichter\\\/#primaryimage\"},\"image\":{\"@id\":\"https:\\\/\\\/marktxxl.de\\\/markt\\\/produkt\\\/mond-lampe-3d-personalisiert-foto-text-muster-led-zimmer-deko-licht-16-farben-touch-steuerung-stimmungslichter\\\/#primaryimage\"},\"thumbnailUrl\":\"https:\\\/\\\/m.media-amazon.com\\\/images\\\/I\\\/41Ep5MwL8rL._SL500_.jpg\",\"datePublished\":\"2023-02-09T04:55:04+00:00\",\"dateModified\":\"2023-04-10T03:34:39+00:00\",\"description\":\"Markt-XXL MYKJpuzzle Mond lampe 3D personalisiert (Foto, Text, Muster) LED zimmer deko licht 16 Farben Touch-Steuerung\u2026\",\"breadcrumb\":{\"@id\":\"https:\\\/\\\/marktxxl.de\\\/markt\\\/produkt\\\/mond-lampe-3d-personalisiert-foto-text-muster-led-zimmer-deko-licht-16-farben-touch-steuerung-stimmungslichter\\\/#breadcrumb\"},\"inLanguage\":\"de\",\"potentialAction\":[{\"@type\":\"ReadAction\",\"target\":[\"https:\\\/\\\/marktxxl.de\\\/markt\\\/produkt\\\/mond-lampe-3d-personalisiert-foto-text-muster-led-zimmer-deko-licht-16-farben-touch-steuerung-stimmungslichter\\\/\"]}]},{\"@type\":\"ImageObject\",\"inLanguage\":\"de\",\"@id\":\"https:\\\/\\\/marktxxl.de\\\/markt\\\/produkt\\\/mond-lampe-3d-personalisiert-foto-text-muster-led-zimmer-deko-licht-16-farben-touch-steuerung-stimmungslichter\\\/#primaryimage\",\"url\":\"https:\\\/\\\/m.media-amazon.com\\\/images\\\/I\\\/41Ep5MwL8rL._SL500_.jpg\",\"contentUrl\":\"https:\\\/\\\/m.media-amazon.com\\\/images\\\/I\\\/41Ep5MwL8rL._SL500_.jpg\",\"width\":500,\"height\":500},{\"@type\":\"BreadcrumbList\",\"@id\":\"https:\\\/\\\/marktxxl.de\\\/markt\\\/produkt\\\/mond-lampe-3d-personalisiert-foto-text-muster-led-zimmer-deko-licht-16-farben-touch-steuerung-stimmungslichter\\\/#breadcrumb\",\"itemListElement\":[{\"@type\":\"ListItem\",\"position\":1,\"name\":\"Startseite\",\"item\":\"https:\\\/\\\/marktxxl.de\\\/markt\\\/\"},{\"@type\":\"ListItem\",\"position\":2,\"name\":\"Markt\",\"item\":\"https:\\\/\\\/marktxxl.de\\\/markt\\\/\"},{\"@type\":\"ListItem\",\"position\":3,\"name\":\"MYKJpuzzle Mond lampe 3D personalisiert (Foto, Text, Muster) LED zimmer deko licht 16 Farben Touch-Steuerung\u2026\"}]},{\"@type\":\"WebSite\",\"@id\":\"https:\\\/\\\/marktxxl.de\\\/markt\\\/#website\",\"url\":\"https:\\\/\\\/marktxxl.de\\\/markt\\\/\",\"name\":\"Markt-XXL\",\"description\":\"Ihr Markt Online\",\"publisher\":{\"@id\":\"https:\\\/\\\/marktxxl.de\\\/markt\\\/#organization\"},\"potentialAction\":[{\"@type\":\"SearchAction\",\"target\":{\"@type\":\"EntryPoint\",\"urlTemplate\":\"https:\\\/\\\/marktxxl.de\\\/markt\\\/?s={search_term_string}\"},\"query-input\":{\"@type\":\"PropertyValueSpecification\",\"valueRequired\":true,\"valueName\":\"search_term_string\"}}],\"inLanguage\":\"de\"},{\"@type\":\"Organization\",\"@id\":\"https:\\\/\\\/marktxxl.de\\\/markt\\\/#organization\",\"name\":\"Markt-XXL\",\"url\":\"https:\\\/\\\/marktxxl.de\\\/markt\\\/\",\"logo\":{\"@type\":\"ImageObject\",\"inLanguage\":\"de\",\"@id\":\"https:\\\/\\\/marktxxl.de\\\/markt\\\/#\\\/schema\\\/logo\\\/image\\\/\",\"url\":\"https:\\\/\\\/marktxxl.de\\\/markt\\\/wp-content\\\/uploads\\\/sites\\\/3\\\/2020\\\/12\\\/logo.png\",\"contentUrl\":\"https:\\\/\\\/marktxxl.de\\\/markt\\\/wp-content\\\/uploads\\\/sites\\\/3\\\/2020\\\/12\\\/logo.png\",\"width\":200,\"height\":70,\"caption\":\"Markt-XXL\"},\"image\":{\"@id\":\"https:\\\/\\\/marktxxl.de\\\/markt\\\/#\\\/schema\\\/logo\\\/image\\\/\"}}]}<\/script>\n<!-- \/ Yoast SEO plugin. -->","yoast_head_json":{"title":"MYKJpuzzle Mond lampe 3D personalisiert (Foto, Text, Muster) LED zimmer deko licht 16 Farben Touch-Steuerung\u2026 - Markt-XXL","description":"Markt-XXL MYKJpuzzle Mond lampe 3D personalisiert (Foto, Text, Muster) LED zimmer deko licht 16 Farben Touch-Steuerung\u2026","robots":{"index":"index","follow":"follow","max-snippet":"max-snippet:-1","max-image-preview":"max-image-preview:large","max-video-preview":"max-video-preview:-1"},"canonical":"https:\/\/marktxxl.de\/markt\/produkt\/mond-lampe-3d-personalisiert-foto-text-muster-led-zimmer-deko-licht-16-farben-touch-steuerung-stimmungslichter\/","og_locale":"de_DE","og_type":"article","og_title":"MYKJpuzzle Mond lampe 3D personalisiert (Foto, Text, Muster) LED zimmer deko licht 16 Farben Touch-Steuerung\u2026 - Markt-XXL","og_description":"Markt-XXL MYKJpuzzle Mond lampe 3D personalisiert (Foto, Text, Muster) LED zimmer deko licht 16 Farben Touch-Steuerung\u2026","og_url":"https:\/\/marktxxl.de\/markt\/produkt\/mond-lampe-3d-personalisiert-foto-text-muster-led-zimmer-deko-licht-16-farben-touch-steuerung-stimmungslichter\/","og_site_name":"Markt-XXL","article_modified_time":"2023-04-10T03:34:39+00:00","og_image":[{"width":500,"height":500,"url":"https:\/\/m.media-amazon.com\/images\/I\/41Ep5MwL8rL._SL500_.jpg","type":"image\/jpeg"}],"twitter_card":"summary_large_image","twitter_misc":{"Gesch\u00e4tzte Lesezeit":"1\u00a0Minute"},"schema":{"@context":"https:\/\/schema.org","@graph":[{"@type":"WebPage","@id":"https:\/\/marktxxl.de\/markt\/produkt\/mond-lampe-3d-personalisiert-foto-text-muster-led-zimmer-deko-licht-16-farben-touch-steuerung-stimmungslichter\/","url":"https:\/\/marktxxl.de\/markt\/produkt\/mond-lampe-3d-personalisiert-foto-text-muster-led-zimmer-deko-licht-16-farben-touch-steuerung-stimmungslichter\/","name":"MYKJpuzzle Mond lampe 3D personalisiert (Foto, Text, Muster) LED zimmer deko licht 16 Farben Touch-Steuerung\u2026 - Markt-XXL","isPartOf":{"@id":"https:\/\/marktxxl.de\/markt\/#website"},"primaryImageOfPage":{"@id":"https:\/\/marktxxl.de\/markt\/produkt\/mond-lampe-3d-personalisiert-foto-text-muster-led-zimmer-deko-licht-16-farben-touch-steuerung-stimmungslichter\/#primaryimage"},"image":{"@id":"https:\/\/marktxxl.de\/markt\/produkt\/mond-lampe-3d-personalisiert-foto-text-muster-led-zimmer-deko-licht-16-farben-touch-steuerung-stimmungslichter\/#primaryimage"},"thumbnailUrl":"https:\/\/m.media-amazon.com\/images\/I\/41Ep5MwL8rL._SL500_.jpg","datePublished":"2023-02-09T04:55:04+00:00","dateModified":"2023-04-10T03:34:39+00:00","description":"Markt-XXL MYKJpuzzle Mond lampe 3D personalisiert (Foto, Text, Muster) LED zimmer deko licht 16 Farben Touch-Steuerung\u2026","breadcrumb":{"@id":"https:\/\/marktxxl.de\/markt\/produkt\/mond-lampe-3d-personalisiert-foto-text-muster-led-zimmer-deko-licht-16-farben-touch-steuerung-stimmungslichter\/#breadcrumb"},"inLanguage":"de","potentialAction":[{"@type":"ReadAction","target":["https:\/\/marktxxl.de\/markt\/produkt\/mond-lampe-3d-personalisiert-foto-text-muster-led-zimmer-deko-licht-16-farben-touch-steuerung-stimmungslichter\/"]}]},{"@type":"ImageObject","inLanguage":"de","@id":"https:\/\/marktxxl.de\/markt\/produkt\/mond-lampe-3d-personalisiert-foto-text-muster-led-zimmer-deko-licht-16-farben-touch-steuerung-stimmungslichter\/#primaryimage","url":"https:\/\/m.media-amazon.com\/images\/I\/41Ep5MwL8rL._SL500_.jpg","contentUrl":"https:\/\/m.media-amazon.com\/images\/I\/41Ep5MwL8rL._SL500_.jpg","width":500,"height":500},{"@type":"BreadcrumbList","@id":"https:\/\/marktxxl.de\/markt\/produkt\/mond-lampe-3d-personalisiert-foto-text-muster-led-zimmer-deko-licht-16-farben-touch-steuerung-stimmungslichter\/#breadcrumb","itemListElement":[{"@type":"ListItem","position":1,"name":"Startseite","item":"https:\/\/marktxxl.de\/markt\/"},{"@type":"ListItem","position":2,"name":"Markt","item":"https:\/\/marktxxl.de\/markt\/"},{"@type":"ListItem","position":3,"name":"MYKJpuzzle Mond lampe 3D personalisiert (Foto, Text, Muster) LED zimmer deko licht 16 Farben Touch-Steuerung\u2026"}]},{"@type":"WebSite","@id":"https:\/\/marktxxl.de\/markt\/#website","url":"https:\/\/marktxxl.de\/markt\/","name":"Markt-XXL","description":"Ihr Markt Online","publisher":{"@id":"https:\/\/marktxxl.de\/markt\/#organization"},"potentialAction":[{"@type":"SearchAction","target":{"@type":"EntryPoint","urlTemplate":"https:\/\/marktxxl.de\/markt\/?s={search_term_string}"},"query-input":{"@type":"PropertyValueSpecification","valueRequired":true,"valueName":"search_term_string"}}],"inLanguage":"de"},{"@type":"Organization","@id":"https:\/\/marktxxl.de\/markt\/#organization","name":"Markt-XXL","url":"https:\/\/marktxxl.de\/markt\/","logo":{"@type":"ImageObject","inLanguage":"de","@id":"https:\/\/marktxxl.de\/markt\/#\/schema\/logo\/image\/","url":"https:\/\/marktxxl.de\/markt\/wp-content\/uploads\/sites\/3\/2020\/12\/logo.png","contentUrl":"https:\/\/marktxxl.de\/markt\/wp-content\/uploads\/sites\/3\/2020\/12\/logo.png","width":200,"height":70,"caption":"Markt-XXL"},"image":{"@id":"https:\/\/marktxxl.de\/markt\/#\/schema\/logo\/image\/"}}]}},"_links":{"self":[{"href":"https:\/\/marktxxl.de\/markt\/wp-json\/wp\/v2\/product\/187716","targetHints":{"allow":["GET"]}}],"collection":[{"href":"https:\/\/marktxxl.de\/markt\/wp-json\/wp\/v2\/product"}],"about":[{"href":"https:\/\/marktxxl.de\/markt\/wp-json\/wp\/v2\/types\/product"}],"replies":[{"embeddable":true,"href":"https:\/\/marktxxl.de\/markt\/wp-json\/wp\/v2\/comments?post=187716"}],"wp:featuredmedia":[{"embeddable":true,"href":"https:\/\/marktxxl.de\/markt\/wp-json\/wp\/v2\/media\/187717"}],"wp:attachment":[{"href":"https:\/\/marktxxl.de\/markt\/wp-json\/wp\/v2\/media?parent=187716"}],"wp:term":[{"taxonomy":"product_brand","embeddable":true,"href":"https:\/\/marktxxl.de\/markt\/wp-json\/wp\/v2\/product_brand?post=187716"},{"taxonomy":"product_cat","embeddable":true,"href":"https:\/\/marktxxl.de\/markt\/wp-json\/wp\/v2\/product_cat?post=187716"},{"taxonomy":"product_tag","embeddable":true,"href":"https:\/\/marktxxl.de\/markt\/wp-json\/wp\/v2\/product_tag?post=187716"}],"curies":[{"name":"wp","href":"https:\/\/api.w.org\/{rel}","templated":true}]}}