{"id":187708,"date":"2023-02-09T05:53:14","date_gmt":"2023-02-09T04:53:14","guid":{"rendered":"https:\/\/marktxxl.de\/markt\/produkt\/tekstap-hals-leselampe-buch-led-wiederaufladbar-buchlampe-leselicht-3-farben-9-helligkeitsstufen-80-stunden-dauer-augenschutz-fuer-lesenperfekt-zum-lesenstrickencampenreparierengrau\/"},"modified":"2023-04-10T05:34:39","modified_gmt":"2023-04-10T03:34:39","slug":"tekstap-hals-leselampe-buch-led-wiederaufladbar-buchlampe-leselicht-3-farben-9-helligkeitsstufen-80-stunden-dauer-augenschutz-fuer-lesenperfekt-zum-lesenstrickencampenreparierengrau","status":"publish","type":"product","link":"https:\/\/marktxxl.de\/markt\/produkt\/tekstap-hals-leselampe-buch-led-wiederaufladbar-buchlampe-leselicht-3-farben-9-helligkeitsstufen-80-stunden-dauer-augenschutz-fuer-lesenperfekt-zum-lesenstrickencampenreparierengrau\/","title":{"rendered":"tekstap Hals Leselampe Buch LED Wiederaufladbar Buchlampe Leselicht 3 Farben 9 Helligkeitsstufen 80 Stunden Dauer\u2026"},"content":{"rendered":"<p>[3 Farben &amp; 3 dimmbare Helligkeit] Ausgestattet mit 4 flimmerfreien und blaulichtfreien LEDs. 3 Farbtemperaturmodi: Gelb (3000 K), Warmwei\u00df (4000 K) und Kaltwei\u00df (6000 K). Unabh\u00e4ngiges Steuerungsdesign. Jede Leuchte kann in 3 Helligkeitsstufen geschaltet werden: Niedrig (15 Lumen), Mittel (30 Lumen) und Hoch (60 Lumen). Sie k\u00f6nnen aus allen 9 Modi eine ideale Beleuchtungsumgebung nach Ihren Bed\u00fcrfnissen ausw\u00e4hlen<br \/>\n[Augenschonend und komfortabel] Kein Flimmern und Blaulichtfilter. Es kann die visuelle Erm\u00fcdung stark reduzieren und gleichzeitig eine ausreichende Beleuchtung bieten. Die weichen Arme sind verstellbar, sodass Sie die Form an Ihren Hals anpassen k\u00f6nnen. Die Kontaktfl\u00e4chen sind f\u00fcr zus\u00e4tzlichen Komfort gepolstert.<br \/>\n[Wiederaufladbar und langlebig] USB-Typ-C-Schnellladung erm\u00f6glicht das vollst\u00e4ndige Aufladen des Halslichts innerhalb von 2,5 bis 3 Stunden. Der wiederaufladbare 1000-mAh-Akku unterst\u00fctzt bis zu 80 Stunden flimmerfreies Licht. Ein Typ-C-Kabel ist im Lieferumfang enthalten.<br \/>\n[Tragbar und leicht] Die Halsleselampe wiegt nur 0,3 lbs. Tragen Sie es um den Hals, um Ihre H\u00e4nde frei zu haben.Ideales Buchlicht zum Lesen im Bett, Stricken, H\u00e4keln, Reparieren, Camping, Reisen. Die B\u00fccherlampe l\u00e4sst sich flexibel in verschiedene Formen verwandeln, nimmt bei Nichtgebrauch nicht viel Platz ein und l\u00e4sst sich bequem in einer Tasche transportieren.Auch perfektes Geschenk f\u00fcr Kinder und \u00e4ltere Menschen\u3002<br \/>\n[Genie\u00dfen Sie Ihr eigenes Licht] Durch das spezielle Design beleuchtet das Licht einen bestimmten kleinen Bereich und versorgt Sie mit gen\u00fcgend Licht, ohne andere zu st\u00f6ren. Sie k\u00f6nnen die n\u00e4chtliche Lekt\u00fcre beruhigt genie\u00dfen, w\u00e4hrend Ihr Partner oder Ihre Kinder neben Ihnen schlafen. Das Paket beinhaltet: Nackenlicht, Typ-C-Kabel und Benutzerhandbuch. Wenn Sie weitere Fragen haben, k\u00f6nnen Sie sich gerne an uns wenden. Wir l\u00f6sen Ihr Problem innerhalb von 24 Stunden.<br \/>\n<div class=\"main-cross-sell\" data-asin=\"B09TPF7CDR\">\n\n\t<div class=\"WooZone-cross-sell-loader\">\n\t\t<div>\n\t\t\t<div id=\"floatingBarsG\">\n\t\t\t\t<div class=\"blockG\" id=\"rotateG_01\"><\/div>\n\t\t\t\t<div class=\"blockG\" id=\"rotateG_02\"><\/div>\n\t\t\t\t<div class=\"blockG\" id=\"rotateG_03\"><\/div>\n\t\t\t\t<div class=\"blockG\" id=\"rotateG_04\"><\/div>\n\t\t\t\t<div class=\"blockG\" id=\"rotateG_05\"><\/div>\n\t\t\t\t<div class=\"blockG\" id=\"rotateG_06\"><\/div>\n\t\t\t\t<div class=\"blockG\" id=\"rotateG_07\"><\/div>\n\t\t\t\t<div class=\"blockG\" id=\"rotateG_08\"><\/div>\n\t\t\t<\/div>\n\t\t\t<div class=\"WooZone-cross-sell-loader-text\"><\/div>\n\t\t<\/div>\n\t<\/div>\n\n\t\t\n<\/div>\n<div style=\"clear:both;\"><\/div><\/p>\n","protected":false},"excerpt":{"rendered":"<p>[3 Farben &amp; 3 dimmbare Helligkeit] Ausgestattet mit 4 flimmerfreien und blaulichtfreien LEDs. 3 Farbtemperaturmodi: Gelb (3000 K), Warmwei\u00df (4000 K) und Kaltwei\u00df (6000 K). Unabh\u00e4ngiges Steuerungsdesign. Jede Leuchte kann in 3 Helligkeitsstufen geschaltet werden: Niedrig (15 Lumen), Mittel (30 Lumen) und Hoch (60 Lumen). Sie k\u00f6nnen aus allen 9 Modi eine ideale Beleuchtungsumgebung nach Ihren Bed\u00fcrfnissen ausw\u00e4hlen<br \/>\n[Augenschonend und komfortabel] Kein Flimmern und Blaulichtfilter. Es kann die visuelle Erm\u00fcdung stark reduzieren und gleichzeitig eine ausreichende Beleuchtung bieten. Die weichen Arme sind verstellbar, sodass Sie die Form an Ihren Hals anpassen k\u00f6nnen. Die Kontaktfl\u00e4chen sind f\u00fcr zus\u00e4tzlichen Komfort gepolstert.<br \/>\n[Wiederaufladbar und langlebig] USB-Typ-C-Schnellladung erm\u00f6glicht das vollst\u00e4ndige Aufladen des Halslichts innerhalb von 2,5 bis 3 Stunden. Der wiederaufladbare 1000-mAh-Akku unterst\u00fctzt bis zu 80 Stunden flimmerfreies Licht. Ein Typ-C-Kabel ist im Lieferumfang enthalten.<\/p>\n","protected":false},"featured_media":187709,"comment_status":"open","ping_status":"closed","template":"","meta":[],"product_brand":[],"product_cat":[2108,11509],"product_tag":[],"class_list":{"0":"post-187708","1":"product","2":"type-product","3":"status-publish","4":"has-post-thumbnail","6":"product_cat-beleuchtung","7":"product_cat-innenbeleuchtung","8":"pa_brand-tekstap","9":"pa_color-graugelb","10":"pa_height-0-1181102361-zoll","11":"pa_length-9-8818897537-zoll","12":"pa_manufacturer-tekstap","13":"pa_model-crl02bl","14":"pa_weight-0-3-pfund","15":"pa_width-7-3622047169-zoll","17":"first","18":"instock","19":"shipping-taxable","20":"purchasable","21":"product-type-simple","22":"customify-col","23":"product-has-gallery"},"yoast_head":"<!-- This site is optimized with the Yoast SEO plugin v27.4 - https:\/\/yoast.com\/product\/yoast-seo-wordpress\/ -->\n<title>tekstap Hals Leselampe Buch LED Wiederaufladbar Buchlampe Leselicht 3 Farben 9 Helligkeitsstufen 80 Stunden Dauer\u2026 - Markt-XXL<\/title>\n<meta name=\"description\" content=\"Markt-XXL tekstap Hals Leselampe Buch LED Wiederaufladbar Buchlampe Leselicht 3 Farben 9 Helligkeitsstufen 80 Stunden Dauer\u2026\" \/>\n<meta name=\"robots\" content=\"index, follow, max-snippet:-1, max-image-preview:large, max-video-preview:-1\" \/>\n<link rel=\"canonical\" href=\"https:\/\/marktxxl.de\/markt\/produkt\/tekstap-hals-leselampe-buch-led-wiederaufladbar-buchlampe-leselicht-3-farben-9-helligkeitsstufen-80-stunden-dauer-augenschutz-fuer-lesenperfekt-zum-lesenstrickencampenreparierengrau\/\" \/>\n<meta property=\"og:locale\" content=\"de_DE\" \/>\n<meta property=\"og:type\" content=\"article\" \/>\n<meta property=\"og:title\" content=\"tekstap Hals Leselampe Buch LED Wiederaufladbar Buchlampe Leselicht 3 Farben 9 Helligkeitsstufen 80 Stunden Dauer\u2026 - Markt-XXL\" \/>\n<meta property=\"og:description\" content=\"Markt-XXL tekstap Hals Leselampe Buch LED Wiederaufladbar Buchlampe Leselicht 3 Farben 9 Helligkeitsstufen 80 Stunden Dauer\u2026\" \/>\n<meta property=\"og:url\" content=\"https:\/\/marktxxl.de\/markt\/produkt\/tekstap-hals-leselampe-buch-led-wiederaufladbar-buchlampe-leselicht-3-farben-9-helligkeitsstufen-80-stunden-dauer-augenschutz-fuer-lesenperfekt-zum-lesenstrickencampenreparierengrau\/\" \/>\n<meta property=\"og:site_name\" content=\"Markt-XXL\" \/>\n<meta property=\"article:modified_time\" content=\"2023-04-10T03:34:39+00:00\" \/>\n<meta property=\"og:image\" content=\"https:\/\/m.media-amazon.com\/images\/I\/41KayEmXWoL._SL500_.jpg\" \/>\n\t<meta property=\"og:image:width\" content=\"500\" \/>\n\t<meta property=\"og:image:height\" content=\"500\" \/>\n\t<meta property=\"og:image:type\" content=\"image\/jpeg\" \/>\n<meta name=\"twitter:card\" content=\"summary_large_image\" \/>\n<meta name=\"twitter:label1\" content=\"Gesch\u00e4tzte Lesezeit\" \/>\n\t<meta name=\"twitter:data1\" content=\"1\u00a0Minute\" \/>\n<script type=\"application\/ld+json\" class=\"yoast-schema-graph\">{\"@context\":\"https:\\\/\\\/schema.org\",\"@graph\":[{\"@type\":\"WebPage\",\"@id\":\"https:\\\/\\\/marktxxl.de\\\/markt\\\/produkt\\\/tekstap-hals-leselampe-buch-led-wiederaufladbar-buchlampe-leselicht-3-farben-9-helligkeitsstufen-80-stunden-dauer-augenschutz-fuer-lesenperfekt-zum-lesenstrickencampenreparierengrau\\\/\",\"url\":\"https:\\\/\\\/marktxxl.de\\\/markt\\\/produkt\\\/tekstap-hals-leselampe-buch-led-wiederaufladbar-buchlampe-leselicht-3-farben-9-helligkeitsstufen-80-stunden-dauer-augenschutz-fuer-lesenperfekt-zum-lesenstrickencampenreparierengrau\\\/\",\"name\":\"tekstap Hals Leselampe Buch LED Wiederaufladbar Buchlampe Leselicht 3 Farben 9 Helligkeitsstufen 80 Stunden Dauer\u2026 - Markt-XXL\",\"isPartOf\":{\"@id\":\"https:\\\/\\\/marktxxl.de\\\/markt\\\/#website\"},\"primaryImageOfPage\":{\"@id\":\"https:\\\/\\\/marktxxl.de\\\/markt\\\/produkt\\\/tekstap-hals-leselampe-buch-led-wiederaufladbar-buchlampe-leselicht-3-farben-9-helligkeitsstufen-80-stunden-dauer-augenschutz-fuer-lesenperfekt-zum-lesenstrickencampenreparierengrau\\\/#primaryimage\"},\"image\":{\"@id\":\"https:\\\/\\\/marktxxl.de\\\/markt\\\/produkt\\\/tekstap-hals-leselampe-buch-led-wiederaufladbar-buchlampe-leselicht-3-farben-9-helligkeitsstufen-80-stunden-dauer-augenschutz-fuer-lesenperfekt-zum-lesenstrickencampenreparierengrau\\\/#primaryimage\"},\"thumbnailUrl\":\"https:\\\/\\\/m.media-amazon.com\\\/images\\\/I\\\/41KayEmXWoL._SL500_.jpg\",\"datePublished\":\"2023-02-09T04:53:14+00:00\",\"dateModified\":\"2023-04-10T03:34:39+00:00\",\"description\":\"Markt-XXL tekstap Hals Leselampe Buch LED Wiederaufladbar Buchlampe Leselicht 3 Farben 9 Helligkeitsstufen 80 Stunden Dauer\u2026\",\"breadcrumb\":{\"@id\":\"https:\\\/\\\/marktxxl.de\\\/markt\\\/produkt\\\/tekstap-hals-leselampe-buch-led-wiederaufladbar-buchlampe-leselicht-3-farben-9-helligkeitsstufen-80-stunden-dauer-augenschutz-fuer-lesenperfekt-zum-lesenstrickencampenreparierengrau\\\/#breadcrumb\"},\"inLanguage\":\"de\",\"potentialAction\":[{\"@type\":\"ReadAction\",\"target\":[\"https:\\\/\\\/marktxxl.de\\\/markt\\\/produkt\\\/tekstap-hals-leselampe-buch-led-wiederaufladbar-buchlampe-leselicht-3-farben-9-helligkeitsstufen-80-stunden-dauer-augenschutz-fuer-lesenperfekt-zum-lesenstrickencampenreparierengrau\\\/\"]}]},{\"@type\":\"ImageObject\",\"inLanguage\":\"de\",\"@id\":\"https:\\\/\\\/marktxxl.de\\\/markt\\\/produkt\\\/tekstap-hals-leselampe-buch-led-wiederaufladbar-buchlampe-leselicht-3-farben-9-helligkeitsstufen-80-stunden-dauer-augenschutz-fuer-lesenperfekt-zum-lesenstrickencampenreparierengrau\\\/#primaryimage\",\"url\":\"https:\\\/\\\/m.media-amazon.com\\\/images\\\/I\\\/41KayEmXWoL._SL500_.jpg\",\"contentUrl\":\"https:\\\/\\\/m.media-amazon.com\\\/images\\\/I\\\/41KayEmXWoL._SL500_.jpg\",\"width\":500,\"height\":500},{\"@type\":\"BreadcrumbList\",\"@id\":\"https:\\\/\\\/marktxxl.de\\\/markt\\\/produkt\\\/tekstap-hals-leselampe-buch-led-wiederaufladbar-buchlampe-leselicht-3-farben-9-helligkeitsstufen-80-stunden-dauer-augenschutz-fuer-lesenperfekt-zum-lesenstrickencampenreparierengrau\\\/#breadcrumb\",\"itemListElement\":[{\"@type\":\"ListItem\",\"position\":1,\"name\":\"Startseite\",\"item\":\"https:\\\/\\\/marktxxl.de\\\/markt\\\/\"},{\"@type\":\"ListItem\",\"position\":2,\"name\":\"Markt\",\"item\":\"https:\\\/\\\/marktxxl.de\\\/markt\\\/\"},{\"@type\":\"ListItem\",\"position\":3,\"name\":\"tekstap Hals Leselampe Buch LED Wiederaufladbar Buchlampe Leselicht 3 Farben 9 Helligkeitsstufen 80 Stunden Dauer\u2026\"}]},{\"@type\":\"WebSite\",\"@id\":\"https:\\\/\\\/marktxxl.de\\\/markt\\\/#website\",\"url\":\"https:\\\/\\\/marktxxl.de\\\/markt\\\/\",\"name\":\"Markt-XXL\",\"description\":\"Ihr Markt Online\",\"publisher\":{\"@id\":\"https:\\\/\\\/marktxxl.de\\\/markt\\\/#organization\"},\"potentialAction\":[{\"@type\":\"SearchAction\",\"target\":{\"@type\":\"EntryPoint\",\"urlTemplate\":\"https:\\\/\\\/marktxxl.de\\\/markt\\\/?s={search_term_string}\"},\"query-input\":{\"@type\":\"PropertyValueSpecification\",\"valueRequired\":true,\"valueName\":\"search_term_string\"}}],\"inLanguage\":\"de\"},{\"@type\":\"Organization\",\"@id\":\"https:\\\/\\\/marktxxl.de\\\/markt\\\/#organization\",\"name\":\"Markt-XXL\",\"url\":\"https:\\\/\\\/marktxxl.de\\\/markt\\\/\",\"logo\":{\"@type\":\"ImageObject\",\"inLanguage\":\"de\",\"@id\":\"https:\\\/\\\/marktxxl.de\\\/markt\\\/#\\\/schema\\\/logo\\\/image\\\/\",\"url\":\"https:\\\/\\\/marktxxl.de\\\/markt\\\/wp-content\\\/uploads\\\/sites\\\/3\\\/2020\\\/12\\\/logo.png\",\"contentUrl\":\"https:\\\/\\\/marktxxl.de\\\/markt\\\/wp-content\\\/uploads\\\/sites\\\/3\\\/2020\\\/12\\\/logo.png\",\"width\":200,\"height\":70,\"caption\":\"Markt-XXL\"},\"image\":{\"@id\":\"https:\\\/\\\/marktxxl.de\\\/markt\\\/#\\\/schema\\\/logo\\\/image\\\/\"}}]}<\/script>\n<!-- \/ Yoast SEO plugin. -->","yoast_head_json":{"title":"tekstap Hals Leselampe Buch LED Wiederaufladbar Buchlampe Leselicht 3 Farben 9 Helligkeitsstufen 80 Stunden Dauer\u2026 - Markt-XXL","description":"Markt-XXL tekstap Hals Leselampe Buch LED Wiederaufladbar Buchlampe Leselicht 3 Farben 9 Helligkeitsstufen 80 Stunden Dauer\u2026","robots":{"index":"index","follow":"follow","max-snippet":"max-snippet:-1","max-image-preview":"max-image-preview:large","max-video-preview":"max-video-preview:-1"},"canonical":"https:\/\/marktxxl.de\/markt\/produkt\/tekstap-hals-leselampe-buch-led-wiederaufladbar-buchlampe-leselicht-3-farben-9-helligkeitsstufen-80-stunden-dauer-augenschutz-fuer-lesenperfekt-zum-lesenstrickencampenreparierengrau\/","og_locale":"de_DE","og_type":"article","og_title":"tekstap Hals Leselampe Buch LED Wiederaufladbar Buchlampe Leselicht 3 Farben 9 Helligkeitsstufen 80 Stunden Dauer\u2026 - Markt-XXL","og_description":"Markt-XXL tekstap Hals Leselampe Buch LED Wiederaufladbar Buchlampe Leselicht 3 Farben 9 Helligkeitsstufen 80 Stunden Dauer\u2026","og_url":"https:\/\/marktxxl.de\/markt\/produkt\/tekstap-hals-leselampe-buch-led-wiederaufladbar-buchlampe-leselicht-3-farben-9-helligkeitsstufen-80-stunden-dauer-augenschutz-fuer-lesenperfekt-zum-lesenstrickencampenreparierengrau\/","og_site_name":"Markt-XXL","article_modified_time":"2023-04-10T03:34:39+00:00","og_image":[{"width":500,"height":500,"url":"https:\/\/m.media-amazon.com\/images\/I\/41KayEmXWoL._SL500_.jpg","type":"image\/jpeg"}],"twitter_card":"summary_large_image","twitter_misc":{"Gesch\u00e4tzte Lesezeit":"1\u00a0Minute"},"schema":{"@context":"https:\/\/schema.org","@graph":[{"@type":"WebPage","@id":"https:\/\/marktxxl.de\/markt\/produkt\/tekstap-hals-leselampe-buch-led-wiederaufladbar-buchlampe-leselicht-3-farben-9-helligkeitsstufen-80-stunden-dauer-augenschutz-fuer-lesenperfekt-zum-lesenstrickencampenreparierengrau\/","url":"https:\/\/marktxxl.de\/markt\/produkt\/tekstap-hals-leselampe-buch-led-wiederaufladbar-buchlampe-leselicht-3-farben-9-helligkeitsstufen-80-stunden-dauer-augenschutz-fuer-lesenperfekt-zum-lesenstrickencampenreparierengrau\/","name":"tekstap Hals Leselampe Buch LED Wiederaufladbar Buchlampe Leselicht 3 Farben 9 Helligkeitsstufen 80 Stunden Dauer\u2026 - Markt-XXL","isPartOf":{"@id":"https:\/\/marktxxl.de\/markt\/#website"},"primaryImageOfPage":{"@id":"https:\/\/marktxxl.de\/markt\/produkt\/tekstap-hals-leselampe-buch-led-wiederaufladbar-buchlampe-leselicht-3-farben-9-helligkeitsstufen-80-stunden-dauer-augenschutz-fuer-lesenperfekt-zum-lesenstrickencampenreparierengrau\/#primaryimage"},"image":{"@id":"https:\/\/marktxxl.de\/markt\/produkt\/tekstap-hals-leselampe-buch-led-wiederaufladbar-buchlampe-leselicht-3-farben-9-helligkeitsstufen-80-stunden-dauer-augenschutz-fuer-lesenperfekt-zum-lesenstrickencampenreparierengrau\/#primaryimage"},"thumbnailUrl":"https:\/\/m.media-amazon.com\/images\/I\/41KayEmXWoL._SL500_.jpg","datePublished":"2023-02-09T04:53:14+00:00","dateModified":"2023-04-10T03:34:39+00:00","description":"Markt-XXL tekstap Hals Leselampe Buch LED Wiederaufladbar Buchlampe Leselicht 3 Farben 9 Helligkeitsstufen 80 Stunden Dauer\u2026","breadcrumb":{"@id":"https:\/\/marktxxl.de\/markt\/produkt\/tekstap-hals-leselampe-buch-led-wiederaufladbar-buchlampe-leselicht-3-farben-9-helligkeitsstufen-80-stunden-dauer-augenschutz-fuer-lesenperfekt-zum-lesenstrickencampenreparierengrau\/#breadcrumb"},"inLanguage":"de","potentialAction":[{"@type":"ReadAction","target":["https:\/\/marktxxl.de\/markt\/produkt\/tekstap-hals-leselampe-buch-led-wiederaufladbar-buchlampe-leselicht-3-farben-9-helligkeitsstufen-80-stunden-dauer-augenschutz-fuer-lesenperfekt-zum-lesenstrickencampenreparierengrau\/"]}]},{"@type":"ImageObject","inLanguage":"de","@id":"https:\/\/marktxxl.de\/markt\/produkt\/tekstap-hals-leselampe-buch-led-wiederaufladbar-buchlampe-leselicht-3-farben-9-helligkeitsstufen-80-stunden-dauer-augenschutz-fuer-lesenperfekt-zum-lesenstrickencampenreparierengrau\/#primaryimage","url":"https:\/\/m.media-amazon.com\/images\/I\/41KayEmXWoL._SL500_.jpg","contentUrl":"https:\/\/m.media-amazon.com\/images\/I\/41KayEmXWoL._SL500_.jpg","width":500,"height":500},{"@type":"BreadcrumbList","@id":"https:\/\/marktxxl.de\/markt\/produkt\/tekstap-hals-leselampe-buch-led-wiederaufladbar-buchlampe-leselicht-3-farben-9-helligkeitsstufen-80-stunden-dauer-augenschutz-fuer-lesenperfekt-zum-lesenstrickencampenreparierengrau\/#breadcrumb","itemListElement":[{"@type":"ListItem","position":1,"name":"Startseite","item":"https:\/\/marktxxl.de\/markt\/"},{"@type":"ListItem","position":2,"name":"Markt","item":"https:\/\/marktxxl.de\/markt\/"},{"@type":"ListItem","position":3,"name":"tekstap Hals Leselampe Buch LED Wiederaufladbar Buchlampe Leselicht 3 Farben 9 Helligkeitsstufen 80 Stunden Dauer\u2026"}]},{"@type":"WebSite","@id":"https:\/\/marktxxl.de\/markt\/#website","url":"https:\/\/marktxxl.de\/markt\/","name":"Markt-XXL","description":"Ihr Markt Online","publisher":{"@id":"https:\/\/marktxxl.de\/markt\/#organization"},"potentialAction":[{"@type":"SearchAction","target":{"@type":"EntryPoint","urlTemplate":"https:\/\/marktxxl.de\/markt\/?s={search_term_string}"},"query-input":{"@type":"PropertyValueSpecification","valueRequired":true,"valueName":"search_term_string"}}],"inLanguage":"de"},{"@type":"Organization","@id":"https:\/\/marktxxl.de\/markt\/#organization","name":"Markt-XXL","url":"https:\/\/marktxxl.de\/markt\/","logo":{"@type":"ImageObject","inLanguage":"de","@id":"https:\/\/marktxxl.de\/markt\/#\/schema\/logo\/image\/","url":"https:\/\/marktxxl.de\/markt\/wp-content\/uploads\/sites\/3\/2020\/12\/logo.png","contentUrl":"https:\/\/marktxxl.de\/markt\/wp-content\/uploads\/sites\/3\/2020\/12\/logo.png","width":200,"height":70,"caption":"Markt-XXL"},"image":{"@id":"https:\/\/marktxxl.de\/markt\/#\/schema\/logo\/image\/"}}]}},"_links":{"self":[{"href":"https:\/\/marktxxl.de\/markt\/wp-json\/wp\/v2\/product\/187708","targetHints":{"allow":["GET"]}}],"collection":[{"href":"https:\/\/marktxxl.de\/markt\/wp-json\/wp\/v2\/product"}],"about":[{"href":"https:\/\/marktxxl.de\/markt\/wp-json\/wp\/v2\/types\/product"}],"replies":[{"embeddable":true,"href":"https:\/\/marktxxl.de\/markt\/wp-json\/wp\/v2\/comments?post=187708"}],"wp:featuredmedia":[{"embeddable":true,"href":"https:\/\/marktxxl.de\/markt\/wp-json\/wp\/v2\/media\/187709"}],"wp:attachment":[{"href":"https:\/\/marktxxl.de\/markt\/wp-json\/wp\/v2\/media?parent=187708"}],"wp:term":[{"taxonomy":"product_brand","embeddable":true,"href":"https:\/\/marktxxl.de\/markt\/wp-json\/wp\/v2\/product_brand?post=187708"},{"taxonomy":"product_cat","embeddable":true,"href":"https:\/\/marktxxl.de\/markt\/wp-json\/wp\/v2\/product_cat?post=187708"},{"taxonomy":"product_tag","embeddable":true,"href":"https:\/\/marktxxl.de\/markt\/wp-json\/wp\/v2\/product_tag?post=187708"}],"curies":[{"name":"wp","href":"https:\/\/api.w.org\/{rel}","templated":true}]}}