{"id":187603,"date":"2023-02-09T05:49:51","date_gmt":"2023-02-09T04:49:51","guid":{"rendered":"https:\/\/marktxxl.de\/markt\/produkt\/barco-one-womens-racer-top-v-neck-medical-scrub-top-w-4-pockets-and-360-spandex-stretch-fabric\/"},"modified":"2023-04-10T05:34:38","modified_gmt":"2023-04-10T03:34:38","slug":"barco-one-womens-racer-top-v-neck-medical-scrub-top-w-4-pockets-and-360-spandex-stretch-fabric","status":"publish","type":"product","link":"https:\/\/marktxxl.de\/markt\/produkt\/barco-one-womens-racer-top-v-neck-medical-scrub-top-w-4-pockets-and-360-spandex-stretch-fabric\/","title":{"rendered":"Barco ONE &#8211; Women&#8217;s Racer Top, V-Neck Medical Scrub Top w\/ 4 Pockets and 360 Spandex Stretch Fabric"},"content":{"rendered":"<p>Stil &amp; Funktion: K\u00f6rperkonturiert f\u00fcr Form, ohne zu eng zu sein, dieses Damen-Peeling-Top hat Prinzessinnenn\u00e4hte und eine taillierte R\u00fcckenpartie; 4-Wege-Stretchgewebe maximiert die Bewegungsfreiheit, w\u00e4hrend eine Bodenfreisetzung Sie frisch und am besten h\u00e4lt, auch bei langen Schichten. L\u00e4nge: 64,8 cm (Mitte)<br \/>\nUltimativer Komfort: Revolution\u00e4re temperaturregulierende Technologie hilft Ihnen, k\u00fchl zu bleiben, wenn es warm ist und warm ist, wenn es nicht ist; seitliche Bel\u00fcftungsschlitze und perforierte Vorder- und R\u00fcckseite erh\u00f6hen die Atmungsaktivit\u00e4t und verleihen diesem Top eine sportliche, athletische Atmosph\u00e4re<br \/>\nBleiben Sie sauber und sicher: Maschinenwaschbar und knitterarm, diese antistatische Oberseite verf\u00fcgt \u00fcber eine Quick-Shed-Technologie, um Tier\u00e4rzte, Tier\u00e4rzte und andere medizinische Mitarbeiter zu helfen, ein sauberes, professionelles Aussehen zu erhalten. Das 4-Pocket-Design enth\u00e4lt eine PDA-Tasche, damit Sie wertvolle Gegenst\u00e4nde sicher aufbewahren k\u00f6nnen<br \/>\nF\u00fcr leidenschaftliche Fachleute: Wenn Sie sich f\u00fcr diese Arbeit entscheiden, ob es sich um die Medizin, Zahnarzt, Tierarzt oder andere Gesundheitsbereiche handelt, gie\u00dfen Sie Ihr Herz hinein. Wir sind stolz darauf, Peelings, in denen Sie gerne leben werden<br \/>\nArbeit mit Zweck: F\u00fchlen Sie sich gut, da unser Stoff aus 43% recyceltem Polyester besteht (5 recycelte Wasserflaschen pro Kleidungsst\u00fcck). Kombinieren Sie es mit einer passenden Barco One Damen-Peelinghose und medizinischer Aufw\u00e4rmjacke f\u00fcr einen kompletten, professionellen Look<br \/>\n<div class=\"main-cross-sell\" data-asin=\"B0BF1FQJ1R\">\n\n\t<div class=\"WooZone-cross-sell-loader\">\n\t\t<div>\n\t\t\t<div id=\"floatingBarsG\">\n\t\t\t\t<div class=\"blockG\" id=\"rotateG_01\"><\/div>\n\t\t\t\t<div class=\"blockG\" id=\"rotateG_02\"><\/div>\n\t\t\t\t<div class=\"blockG\" id=\"rotateG_03\"><\/div>\n\t\t\t\t<div class=\"blockG\" id=\"rotateG_04\"><\/div>\n\t\t\t\t<div class=\"blockG\" id=\"rotateG_05\"><\/div>\n\t\t\t\t<div class=\"blockG\" id=\"rotateG_06\"><\/div>\n\t\t\t\t<div class=\"blockG\" id=\"rotateG_07\"><\/div>\n\t\t\t\t<div class=\"blockG\" id=\"rotateG_08\"><\/div>\n\t\t\t<\/div>\n\t\t\t<div class=\"WooZone-cross-sell-loader-text\"><\/div>\n\t\t<\/div>\n\t<\/div>\n\n\t\t\n<\/div>\n<div style=\"clear:both;\"><\/div><\/p>\n","protected":false},"excerpt":{"rendered":"<p>Stil &amp; Funktion: K\u00f6rperkonturiert f\u00fcr Form, ohne zu eng zu sein, dieses Damen-Peeling-Top hat Prinzessinnenn\u00e4hte und eine taillierte R\u00fcckenpartie; 4-Wege-Stretchgewebe maximiert die Bewegungsfreiheit, w\u00e4hrend eine Bodenfreisetzung Sie frisch und am besten h\u00e4lt, auch bei langen Schichten. L\u00e4nge: 64,8 cm (Mitte)<br \/>\nUltimativer Komfort: Revolution\u00e4re temperaturregulierende Technologie hilft Ihnen, k\u00fchl zu bleiben, wenn es warm ist und warm ist, wenn es nicht ist; seitliche Bel\u00fcftungsschlitze und perforierte Vorder- und R\u00fcckseite erh\u00f6hen die Atmungsaktivit\u00e4t und verleihen diesem Top eine sportliche, athletische Atmosph\u00e4re<br \/>\nBleiben Sie sauber und sicher: Maschinenwaschbar und knitterarm, diese antistatische Oberseite verf\u00fcgt \u00fcber eine Quick-Shed-Technologie, um Tier\u00e4rzte, Tier\u00e4rzte und andere medizinische Mitarbeiter zu helfen, ein sauberes, professionelles Aussehen zu erhalten. Das 4-Pocket-Design enth\u00e4lt eine PDA-Tasche, damit Sie wertvolle Gegenst\u00e4nde sicher aufbewahren k\u00f6nnen<\/p>\n","protected":false},"featured_media":187604,"comment_status":"open","ping_status":"closed","template":"","meta":[],"product_brand":[],"product_cat":[4143,1186],"product_tag":[],"class_list":{"0":"post-187603","1":"product","2":"type-product","3":"status-publish","4":"has-post-thumbnail","6":"product_cat-arbeitskleidung-uniformen","7":"product_cat-bekleidung","8":"pa_binding-textilien","9":"pa_brand-barco","10":"pa_color-violett","11":"pa_manufacturer-barco","12":"pa_model-20645","14":"first","15":"instock","16":"shipping-taxable","17":"purchasable","18":"product-type-simple","19":"customify-col","20":"product-has-gallery"},"yoast_head":"<!-- This site is optimized with the Yoast SEO plugin v27.4 - https:\/\/yoast.com\/product\/yoast-seo-wordpress\/ -->\n<title>Barco ONE - Women&#039;s Racer Top, V-Neck Medical Scrub Top w\/ 4 Pockets and 360 Spandex Stretch Fabric - Markt-XXL<\/title>\n<meta name=\"description\" content=\"Markt-XXL Barco ONE - Women&#039;s Racer Top, V-Neck Medical Scrub Top w\/ 4 Pockets and 360 Spandex Stretch Fabric\" \/>\n<meta name=\"robots\" content=\"index, follow, max-snippet:-1, max-image-preview:large, max-video-preview:-1\" \/>\n<link rel=\"canonical\" href=\"https:\/\/marktxxl.de\/markt\/produkt\/barco-one-womens-racer-top-v-neck-medical-scrub-top-w-4-pockets-and-360-spandex-stretch-fabric\/\" \/>\n<meta property=\"og:locale\" content=\"de_DE\" \/>\n<meta property=\"og:type\" content=\"article\" \/>\n<meta property=\"og:title\" content=\"Barco ONE - Women&#039;s Racer Top, V-Neck Medical Scrub Top w\/ 4 Pockets and 360 Spandex Stretch Fabric - Markt-XXL\" \/>\n<meta property=\"og:description\" content=\"Markt-XXL Barco ONE - Women&#039;s Racer Top, V-Neck Medical Scrub Top w\/ 4 Pockets and 360 Spandex Stretch Fabric\" \/>\n<meta property=\"og:url\" content=\"https:\/\/marktxxl.de\/markt\/produkt\/barco-one-womens-racer-top-v-neck-medical-scrub-top-w-4-pockets-and-360-spandex-stretch-fabric\/\" \/>\n<meta property=\"og:site_name\" content=\"Markt-XXL\" \/>\n<meta property=\"article:modified_time\" content=\"2023-04-10T03:34:38+00:00\" \/>\n<meta property=\"og:image\" content=\"https:\/\/m.media-amazon.com\/images\/I\/317++ByP+pL._SL500_.jpg\" \/>\n\t<meta property=\"og:image:width\" content=\"500\" \/>\n\t<meta property=\"og:image:height\" content=\"500\" \/>\n\t<meta property=\"og:image:type\" content=\"image\/jpeg\" \/>\n<meta name=\"twitter:card\" content=\"summary_large_image\" \/>\n<meta name=\"twitter:label1\" content=\"Gesch\u00e4tzte Lesezeit\" \/>\n\t<meta name=\"twitter:data1\" content=\"1\u00a0Minute\" \/>\n<script type=\"application\/ld+json\" class=\"yoast-schema-graph\">{\"@context\":\"https:\\\/\\\/schema.org\",\"@graph\":[{\"@type\":\"WebPage\",\"@id\":\"https:\\\/\\\/marktxxl.de\\\/markt\\\/produkt\\\/barco-one-womens-racer-top-v-neck-medical-scrub-top-w-4-pockets-and-360-spandex-stretch-fabric\\\/\",\"url\":\"https:\\\/\\\/marktxxl.de\\\/markt\\\/produkt\\\/barco-one-womens-racer-top-v-neck-medical-scrub-top-w-4-pockets-and-360-spandex-stretch-fabric\\\/\",\"name\":\"Barco ONE - Women's Racer Top, V-Neck Medical Scrub Top w\\\/ 4 Pockets and 360 Spandex Stretch Fabric - Markt-XXL\",\"isPartOf\":{\"@id\":\"https:\\\/\\\/marktxxl.de\\\/markt\\\/#website\"},\"primaryImageOfPage\":{\"@id\":\"https:\\\/\\\/marktxxl.de\\\/markt\\\/produkt\\\/barco-one-womens-racer-top-v-neck-medical-scrub-top-w-4-pockets-and-360-spandex-stretch-fabric\\\/#primaryimage\"},\"image\":{\"@id\":\"https:\\\/\\\/marktxxl.de\\\/markt\\\/produkt\\\/barco-one-womens-racer-top-v-neck-medical-scrub-top-w-4-pockets-and-360-spandex-stretch-fabric\\\/#primaryimage\"},\"thumbnailUrl\":\"https:\\\/\\\/m.media-amazon.com\\\/images\\\/I\\\/317++ByP+pL._SL500_.jpg\",\"datePublished\":\"2023-02-09T04:49:51+00:00\",\"dateModified\":\"2023-04-10T03:34:38+00:00\",\"description\":\"Markt-XXL Barco ONE - Women's Racer Top, V-Neck Medical Scrub Top w\\\/ 4 Pockets and 360 Spandex Stretch Fabric\",\"breadcrumb\":{\"@id\":\"https:\\\/\\\/marktxxl.de\\\/markt\\\/produkt\\\/barco-one-womens-racer-top-v-neck-medical-scrub-top-w-4-pockets-and-360-spandex-stretch-fabric\\\/#breadcrumb\"},\"inLanguage\":\"de\",\"potentialAction\":[{\"@type\":\"ReadAction\",\"target\":[\"https:\\\/\\\/marktxxl.de\\\/markt\\\/produkt\\\/barco-one-womens-racer-top-v-neck-medical-scrub-top-w-4-pockets-and-360-spandex-stretch-fabric\\\/\"]}]},{\"@type\":\"ImageObject\",\"inLanguage\":\"de\",\"@id\":\"https:\\\/\\\/marktxxl.de\\\/markt\\\/produkt\\\/barco-one-womens-racer-top-v-neck-medical-scrub-top-w-4-pockets-and-360-spandex-stretch-fabric\\\/#primaryimage\",\"url\":\"https:\\\/\\\/m.media-amazon.com\\\/images\\\/I\\\/317++ByP+pL._SL500_.jpg\",\"contentUrl\":\"https:\\\/\\\/m.media-amazon.com\\\/images\\\/I\\\/317++ByP+pL._SL500_.jpg\",\"width\":500,\"height\":500},{\"@type\":\"BreadcrumbList\",\"@id\":\"https:\\\/\\\/marktxxl.de\\\/markt\\\/produkt\\\/barco-one-womens-racer-top-v-neck-medical-scrub-top-w-4-pockets-and-360-spandex-stretch-fabric\\\/#breadcrumb\",\"itemListElement\":[{\"@type\":\"ListItem\",\"position\":1,\"name\":\"Startseite\",\"item\":\"https:\\\/\\\/marktxxl.de\\\/markt\\\/\"},{\"@type\":\"ListItem\",\"position\":2,\"name\":\"Markt\",\"item\":\"https:\\\/\\\/marktxxl.de\\\/markt\\\/\"},{\"@type\":\"ListItem\",\"position\":3,\"name\":\"Barco ONE &#8211; Women&#8217;s Racer Top, V-Neck Medical Scrub Top w\\\/ 4 Pockets and 360 Spandex Stretch Fabric\"}]},{\"@type\":\"WebSite\",\"@id\":\"https:\\\/\\\/marktxxl.de\\\/markt\\\/#website\",\"url\":\"https:\\\/\\\/marktxxl.de\\\/markt\\\/\",\"name\":\"Markt-XXL\",\"description\":\"Ihr Markt Online\",\"publisher\":{\"@id\":\"https:\\\/\\\/marktxxl.de\\\/markt\\\/#organization\"},\"potentialAction\":[{\"@type\":\"SearchAction\",\"target\":{\"@type\":\"EntryPoint\",\"urlTemplate\":\"https:\\\/\\\/marktxxl.de\\\/markt\\\/?s={search_term_string}\"},\"query-input\":{\"@type\":\"PropertyValueSpecification\",\"valueRequired\":true,\"valueName\":\"search_term_string\"}}],\"inLanguage\":\"de\"},{\"@type\":\"Organization\",\"@id\":\"https:\\\/\\\/marktxxl.de\\\/markt\\\/#organization\",\"name\":\"Markt-XXL\",\"url\":\"https:\\\/\\\/marktxxl.de\\\/markt\\\/\",\"logo\":{\"@type\":\"ImageObject\",\"inLanguage\":\"de\",\"@id\":\"https:\\\/\\\/marktxxl.de\\\/markt\\\/#\\\/schema\\\/logo\\\/image\\\/\",\"url\":\"https:\\\/\\\/marktxxl.de\\\/markt\\\/wp-content\\\/uploads\\\/sites\\\/3\\\/2020\\\/12\\\/logo.png\",\"contentUrl\":\"https:\\\/\\\/marktxxl.de\\\/markt\\\/wp-content\\\/uploads\\\/sites\\\/3\\\/2020\\\/12\\\/logo.png\",\"width\":200,\"height\":70,\"caption\":\"Markt-XXL\"},\"image\":{\"@id\":\"https:\\\/\\\/marktxxl.de\\\/markt\\\/#\\\/schema\\\/logo\\\/image\\\/\"}}]}<\/script>\n<!-- \/ Yoast SEO plugin. -->","yoast_head_json":{"title":"Barco ONE - Women's Racer Top, V-Neck Medical Scrub Top w\/ 4 Pockets and 360 Spandex Stretch Fabric - Markt-XXL","description":"Markt-XXL Barco ONE - Women's Racer Top, V-Neck Medical Scrub Top w\/ 4 Pockets and 360 Spandex Stretch Fabric","robots":{"index":"index","follow":"follow","max-snippet":"max-snippet:-1","max-image-preview":"max-image-preview:large","max-video-preview":"max-video-preview:-1"},"canonical":"https:\/\/marktxxl.de\/markt\/produkt\/barco-one-womens-racer-top-v-neck-medical-scrub-top-w-4-pockets-and-360-spandex-stretch-fabric\/","og_locale":"de_DE","og_type":"article","og_title":"Barco ONE - Women's Racer Top, V-Neck Medical Scrub Top w\/ 4 Pockets and 360 Spandex Stretch Fabric - Markt-XXL","og_description":"Markt-XXL Barco ONE - Women's Racer Top, V-Neck Medical Scrub Top w\/ 4 Pockets and 360 Spandex Stretch Fabric","og_url":"https:\/\/marktxxl.de\/markt\/produkt\/barco-one-womens-racer-top-v-neck-medical-scrub-top-w-4-pockets-and-360-spandex-stretch-fabric\/","og_site_name":"Markt-XXL","article_modified_time":"2023-04-10T03:34:38+00:00","og_image":[{"width":500,"height":500,"url":"https:\/\/m.media-amazon.com\/images\/I\/317++ByP+pL._SL500_.jpg","type":"image\/jpeg"}],"twitter_card":"summary_large_image","twitter_misc":{"Gesch\u00e4tzte Lesezeit":"1\u00a0Minute"},"schema":{"@context":"https:\/\/schema.org","@graph":[{"@type":"WebPage","@id":"https:\/\/marktxxl.de\/markt\/produkt\/barco-one-womens-racer-top-v-neck-medical-scrub-top-w-4-pockets-and-360-spandex-stretch-fabric\/","url":"https:\/\/marktxxl.de\/markt\/produkt\/barco-one-womens-racer-top-v-neck-medical-scrub-top-w-4-pockets-and-360-spandex-stretch-fabric\/","name":"Barco ONE - Women's Racer Top, V-Neck Medical Scrub Top w\/ 4 Pockets and 360 Spandex Stretch Fabric - Markt-XXL","isPartOf":{"@id":"https:\/\/marktxxl.de\/markt\/#website"},"primaryImageOfPage":{"@id":"https:\/\/marktxxl.de\/markt\/produkt\/barco-one-womens-racer-top-v-neck-medical-scrub-top-w-4-pockets-and-360-spandex-stretch-fabric\/#primaryimage"},"image":{"@id":"https:\/\/marktxxl.de\/markt\/produkt\/barco-one-womens-racer-top-v-neck-medical-scrub-top-w-4-pockets-and-360-spandex-stretch-fabric\/#primaryimage"},"thumbnailUrl":"https:\/\/m.media-amazon.com\/images\/I\/317++ByP+pL._SL500_.jpg","datePublished":"2023-02-09T04:49:51+00:00","dateModified":"2023-04-10T03:34:38+00:00","description":"Markt-XXL Barco ONE - Women's Racer Top, V-Neck Medical Scrub Top w\/ 4 Pockets and 360 Spandex Stretch Fabric","breadcrumb":{"@id":"https:\/\/marktxxl.de\/markt\/produkt\/barco-one-womens-racer-top-v-neck-medical-scrub-top-w-4-pockets-and-360-spandex-stretch-fabric\/#breadcrumb"},"inLanguage":"de","potentialAction":[{"@type":"ReadAction","target":["https:\/\/marktxxl.de\/markt\/produkt\/barco-one-womens-racer-top-v-neck-medical-scrub-top-w-4-pockets-and-360-spandex-stretch-fabric\/"]}]},{"@type":"ImageObject","inLanguage":"de","@id":"https:\/\/marktxxl.de\/markt\/produkt\/barco-one-womens-racer-top-v-neck-medical-scrub-top-w-4-pockets-and-360-spandex-stretch-fabric\/#primaryimage","url":"https:\/\/m.media-amazon.com\/images\/I\/317++ByP+pL._SL500_.jpg","contentUrl":"https:\/\/m.media-amazon.com\/images\/I\/317++ByP+pL._SL500_.jpg","width":500,"height":500},{"@type":"BreadcrumbList","@id":"https:\/\/marktxxl.de\/markt\/produkt\/barco-one-womens-racer-top-v-neck-medical-scrub-top-w-4-pockets-and-360-spandex-stretch-fabric\/#breadcrumb","itemListElement":[{"@type":"ListItem","position":1,"name":"Startseite","item":"https:\/\/marktxxl.de\/markt\/"},{"@type":"ListItem","position":2,"name":"Markt","item":"https:\/\/marktxxl.de\/markt\/"},{"@type":"ListItem","position":3,"name":"Barco ONE &#8211; Women&#8217;s Racer Top, V-Neck Medical Scrub Top w\/ 4 Pockets and 360 Spandex Stretch Fabric"}]},{"@type":"WebSite","@id":"https:\/\/marktxxl.de\/markt\/#website","url":"https:\/\/marktxxl.de\/markt\/","name":"Markt-XXL","description":"Ihr Markt Online","publisher":{"@id":"https:\/\/marktxxl.de\/markt\/#organization"},"potentialAction":[{"@type":"SearchAction","target":{"@type":"EntryPoint","urlTemplate":"https:\/\/marktxxl.de\/markt\/?s={search_term_string}"},"query-input":{"@type":"PropertyValueSpecification","valueRequired":true,"valueName":"search_term_string"}}],"inLanguage":"de"},{"@type":"Organization","@id":"https:\/\/marktxxl.de\/markt\/#organization","name":"Markt-XXL","url":"https:\/\/marktxxl.de\/markt\/","logo":{"@type":"ImageObject","inLanguage":"de","@id":"https:\/\/marktxxl.de\/markt\/#\/schema\/logo\/image\/","url":"https:\/\/marktxxl.de\/markt\/wp-content\/uploads\/sites\/3\/2020\/12\/logo.png","contentUrl":"https:\/\/marktxxl.de\/markt\/wp-content\/uploads\/sites\/3\/2020\/12\/logo.png","width":200,"height":70,"caption":"Markt-XXL"},"image":{"@id":"https:\/\/marktxxl.de\/markt\/#\/schema\/logo\/image\/"}}]}},"_links":{"self":[{"href":"https:\/\/marktxxl.de\/markt\/wp-json\/wp\/v2\/product\/187603","targetHints":{"allow":["GET"]}}],"collection":[{"href":"https:\/\/marktxxl.de\/markt\/wp-json\/wp\/v2\/product"}],"about":[{"href":"https:\/\/marktxxl.de\/markt\/wp-json\/wp\/v2\/types\/product"}],"replies":[{"embeddable":true,"href":"https:\/\/marktxxl.de\/markt\/wp-json\/wp\/v2\/comments?post=187603"}],"wp:featuredmedia":[{"embeddable":true,"href":"https:\/\/marktxxl.de\/markt\/wp-json\/wp\/v2\/media\/187604"}],"wp:attachment":[{"href":"https:\/\/marktxxl.de\/markt\/wp-json\/wp\/v2\/media?parent=187603"}],"wp:term":[{"taxonomy":"product_brand","embeddable":true,"href":"https:\/\/marktxxl.de\/markt\/wp-json\/wp\/v2\/product_brand?post=187603"},{"taxonomy":"product_cat","embeddable":true,"href":"https:\/\/marktxxl.de\/markt\/wp-json\/wp\/v2\/product_cat?post=187603"},{"taxonomy":"product_tag","embeddable":true,"href":"https:\/\/marktxxl.de\/markt\/wp-json\/wp\/v2\/product_tag?post=187603"}],"curies":[{"name":"wp","href":"https:\/\/api.w.org\/{rel}","templated":true}]}}