{"id":187512,"date":"2023-02-09T05:20:31","date_gmt":"2023-02-09T04:20:31","guid":{"rendered":"https:\/\/marktxxl.de\/markt\/produkt\/disney-maedchen-fantasy-kleid-nachthemd\/"},"modified":"2023-04-10T05:34:36","modified_gmt":"2023-04-10T03:34:36","slug":"disney-maedchen-fantasy-kleid-nachthemd","status":"publish","type":"product","link":"https:\/\/marktxxl.de\/markt\/produkt\/disney-maedchen-fantasy-kleid-nachthemd\/","title":{"rendered":"Disney M\u00e4dchen Fantasy-Kleid Nachthemd"},"content":{"rendered":"<p>Seien Sie eine Disney-Prinzessin: Jedes M\u00e4dchen kann mit unserem Prinzessinnen-Fantasie-Kleid eine kleine Prinzessin sein. In diesem offiziell lizenzierten Disney-Produkt kann sich Ihr Kind wie Tiana, Jasmin, Rapunzel und viele andere Prinzessinnen kleiden, w\u00e4hrend es sich f\u00fcr den Schlaf vorbereitet.<br \/>\nFantastische Kleidung: Dieses niedliche Prinzessinnenkleid verf\u00fcgt \u00fcber ausgefallene \u00c4rmel und bunte glitzernde Overlays, R\u00fcschen und Applikationen. Mit diesem Kost\u00fcm f\u00fchlen sich M\u00e4dchen wie das Schlafengehen k\u00f6niglich. Erh\u00e4ltlich in den Gr\u00f6\u00dfen 2T-8, um jedes Kleinkind oder gro\u00dfe Kind zu passen!<br \/>\nLustige Prinzessinnenkleidung: Bequeme Schultern und weiches 100 % Polyester sorgen daf\u00fcr, dass dieses Nachthemd f\u00fcr M\u00e4dchen bequem schl\u00e4ft. Das einfache Pull-on-Design bedeutet, dass es schnell und einfach an- oder auszuziehen ist f\u00fcr die Schlafenszeit oder zum Verkleiden geeignet.<br \/>\nPflegeleicht: Hochwertiger Stoff und fachm\u00e4nnische N\u00e4hte lassen dieses langlebige Disney-Prinzessinnen-Kleid viele Tage und N\u00e4chte des Schlafes und Spielens \u00fcberstehen. F\u00fcr beste Ergebnisse mit Feinwaschmittel im Schonwaschgang waschen und im Trockner bei niedriger Temperatur trocknen.<br \/>\nSicherheit und Komfort: Um maximalen Komfort zu gew\u00e4hrleisten, w\u00e4hlen Sie die richtige Gr\u00f6\u00dfe f\u00fcr Ihr Kind, um Kleidung zu vermeiden, die zu lang oder zu locker ist. Diese Pyjamas sind in \u00dcbereinstimmung mit allen Sicherheitsstandards f\u00fcr Kleidung hergestellt und schwer entflammbar.<br \/>\n<div class=\"main-cross-sell\" data-asin=\"B01BOYUTFG\">\n\n\t<div class=\"WooZone-cross-sell-loader\">\n\t\t<div>\n\t\t\t<div id=\"floatingBarsG\">\n\t\t\t\t<div class=\"blockG\" id=\"rotateG_01\"><\/div>\n\t\t\t\t<div class=\"blockG\" id=\"rotateG_02\"><\/div>\n\t\t\t\t<div class=\"blockG\" id=\"rotateG_03\"><\/div>\n\t\t\t\t<div class=\"blockG\" id=\"rotateG_04\"><\/div>\n\t\t\t\t<div class=\"blockG\" id=\"rotateG_05\"><\/div>\n\t\t\t\t<div class=\"blockG\" id=\"rotateG_06\"><\/div>\n\t\t\t\t<div class=\"blockG\" id=\"rotateG_07\"><\/div>\n\t\t\t\t<div class=\"blockG\" id=\"rotateG_08\"><\/div>\n\t\t\t<\/div>\n\t\t\t<div class=\"WooZone-cross-sell-loader-text\"><\/div>\n\t\t<\/div>\n\t<\/div>\n\n\t\t\n<\/div>\n<div style=\"clear:both;\"><\/div><\/p>\n","protected":false},"excerpt":{"rendered":"<p>Seien Sie eine Disney-Prinzessin: Jedes M\u00e4dchen kann mit unserem Prinzessinnen-Fantasie-Kleid eine kleine Prinzessin sein. In diesem offiziell lizenzierten Disney-Produkt kann sich Ihr Kind wie Tiana, Jasmin, Rapunzel und viele andere Prinzessinnen kleiden, w\u00e4hrend es sich f\u00fcr den Schlaf vorbereitet.<br \/>\nFantastische Kleidung: Dieses niedliche Prinzessinnenkleid verf\u00fcgt \u00fcber ausgefallene \u00c4rmel und bunte glitzernde Overlays, R\u00fcschen und Applikationen. Mit diesem Kost\u00fcm f\u00fchlen sich M\u00e4dchen wie das Schlafengehen k\u00f6niglich. Erh\u00e4ltlich in den Gr\u00f6\u00dfen 2T-8, um jedes Kleinkind oder gro\u00dfe Kind zu passen!<br \/>\nLustige Prinzessinnenkleidung: Bequeme Schultern und weiches 100 % Polyester sorgen daf\u00fcr, dass dieses Nachthemd f\u00fcr M\u00e4dchen bequem schl\u00e4ft. Das einfache Pull-on-Design bedeutet, dass es schnell und einfach an- oder auszuziehen ist f\u00fcr die Schlafenszeit oder zum Verkleiden geeignet.<\/p>\n","protected":false},"featured_media":187513,"comment_status":"open","ping_status":"closed","template":"","meta":[],"product_brand":[],"product_cat":[1186,3990],"product_tag":[],"class_list":{"0":"post-187512","1":"product","2":"type-product","3":"status-publish","4":"has-post-thumbnail","6":"product_cat-bekleidung","7":"product_cat-maedchen","8":"pa_binding-textilien","9":"pa_brand-disney","10":"pa_manufacturer-disney","11":"pa_model-21f2049ggtdz","13":"first","14":"instock","15":"shipping-taxable","16":"purchasable","17":"product-type-simple","18":"customify-col","19":"product-has-gallery"},"yoast_head":"<!-- This site is optimized with the Yoast SEO plugin v27.4 - https:\/\/yoast.com\/product\/yoast-seo-wordpress\/ -->\n<title>Disney M\u00e4dchen Fantasy-Kleid Nachthemd - Markt-XXL<\/title>\n<meta name=\"description\" content=\"Markt-XXL Disney M\u00e4dchen Fantasy-Kleid Nachthemd\" \/>\n<meta name=\"robots\" content=\"index, follow, max-snippet:-1, max-image-preview:large, max-video-preview:-1\" \/>\n<link rel=\"canonical\" href=\"https:\/\/marktxxl.de\/markt\/produkt\/disney-maedchen-fantasy-kleid-nachthemd\/\" \/>\n<meta property=\"og:locale\" content=\"de_DE\" \/>\n<meta property=\"og:type\" content=\"article\" \/>\n<meta property=\"og:title\" content=\"Disney M\u00e4dchen Fantasy-Kleid Nachthemd - Markt-XXL\" \/>\n<meta property=\"og:description\" content=\"Markt-XXL Disney M\u00e4dchen Fantasy-Kleid Nachthemd\" \/>\n<meta property=\"og:url\" content=\"https:\/\/marktxxl.de\/markt\/produkt\/disney-maedchen-fantasy-kleid-nachthemd\/\" \/>\n<meta property=\"og:site_name\" content=\"Markt-XXL\" \/>\n<meta property=\"article:modified_time\" content=\"2023-04-10T03:34:36+00:00\" \/>\n<meta property=\"og:image\" content=\"https:\/\/m.media-amazon.com\/images\/I\/41t+lyxijfL._SL500_.jpg\" \/>\n\t<meta property=\"og:image:width\" content=\"400\" \/>\n\t<meta property=\"og:image:height\" content=\"500\" \/>\n\t<meta property=\"og:image:type\" content=\"image\/jpeg\" \/>\n<meta name=\"twitter:card\" content=\"summary_large_image\" \/>\n<meta name=\"twitter:label1\" content=\"Gesch\u00e4tzte Lesezeit\" \/>\n\t<meta name=\"twitter:data1\" content=\"1\u00a0Minute\" \/>\n<script type=\"application\/ld+json\" class=\"yoast-schema-graph\">{\"@context\":\"https:\\\/\\\/schema.org\",\"@graph\":[{\"@type\":\"WebPage\",\"@id\":\"https:\\\/\\\/marktxxl.de\\\/markt\\\/produkt\\\/disney-maedchen-fantasy-kleid-nachthemd\\\/\",\"url\":\"https:\\\/\\\/marktxxl.de\\\/markt\\\/produkt\\\/disney-maedchen-fantasy-kleid-nachthemd\\\/\",\"name\":\"Disney M\u00e4dchen Fantasy-Kleid Nachthemd - Markt-XXL\",\"isPartOf\":{\"@id\":\"https:\\\/\\\/marktxxl.de\\\/markt\\\/#website\"},\"primaryImageOfPage\":{\"@id\":\"https:\\\/\\\/marktxxl.de\\\/markt\\\/produkt\\\/disney-maedchen-fantasy-kleid-nachthemd\\\/#primaryimage\"},\"image\":{\"@id\":\"https:\\\/\\\/marktxxl.de\\\/markt\\\/produkt\\\/disney-maedchen-fantasy-kleid-nachthemd\\\/#primaryimage\"},\"thumbnailUrl\":\"https:\\\/\\\/m.media-amazon.com\\\/images\\\/I\\\/41t+lyxijfL._SL500_.jpg\",\"datePublished\":\"2023-02-09T04:20:31+00:00\",\"dateModified\":\"2023-04-10T03:34:36+00:00\",\"description\":\"Markt-XXL Disney M\u00e4dchen Fantasy-Kleid Nachthemd\",\"breadcrumb\":{\"@id\":\"https:\\\/\\\/marktxxl.de\\\/markt\\\/produkt\\\/disney-maedchen-fantasy-kleid-nachthemd\\\/#breadcrumb\"},\"inLanguage\":\"de\",\"potentialAction\":[{\"@type\":\"ReadAction\",\"target\":[\"https:\\\/\\\/marktxxl.de\\\/markt\\\/produkt\\\/disney-maedchen-fantasy-kleid-nachthemd\\\/\"]}]},{\"@type\":\"ImageObject\",\"inLanguage\":\"de\",\"@id\":\"https:\\\/\\\/marktxxl.de\\\/markt\\\/produkt\\\/disney-maedchen-fantasy-kleid-nachthemd\\\/#primaryimage\",\"url\":\"https:\\\/\\\/m.media-amazon.com\\\/images\\\/I\\\/41t+lyxijfL._SL500_.jpg\",\"contentUrl\":\"https:\\\/\\\/m.media-amazon.com\\\/images\\\/I\\\/41t+lyxijfL._SL500_.jpg\",\"width\":400,\"height\":500},{\"@type\":\"BreadcrumbList\",\"@id\":\"https:\\\/\\\/marktxxl.de\\\/markt\\\/produkt\\\/disney-maedchen-fantasy-kleid-nachthemd\\\/#breadcrumb\",\"itemListElement\":[{\"@type\":\"ListItem\",\"position\":1,\"name\":\"Startseite\",\"item\":\"https:\\\/\\\/marktxxl.de\\\/markt\\\/\"},{\"@type\":\"ListItem\",\"position\":2,\"name\":\"Markt\",\"item\":\"https:\\\/\\\/marktxxl.de\\\/markt\\\/\"},{\"@type\":\"ListItem\",\"position\":3,\"name\":\"Disney M\u00e4dchen Fantasy-Kleid Nachthemd\"}]},{\"@type\":\"WebSite\",\"@id\":\"https:\\\/\\\/marktxxl.de\\\/markt\\\/#website\",\"url\":\"https:\\\/\\\/marktxxl.de\\\/markt\\\/\",\"name\":\"Markt-XXL\",\"description\":\"Ihr Markt Online\",\"publisher\":{\"@id\":\"https:\\\/\\\/marktxxl.de\\\/markt\\\/#organization\"},\"potentialAction\":[{\"@type\":\"SearchAction\",\"target\":{\"@type\":\"EntryPoint\",\"urlTemplate\":\"https:\\\/\\\/marktxxl.de\\\/markt\\\/?s={search_term_string}\"},\"query-input\":{\"@type\":\"PropertyValueSpecification\",\"valueRequired\":true,\"valueName\":\"search_term_string\"}}],\"inLanguage\":\"de\"},{\"@type\":\"Organization\",\"@id\":\"https:\\\/\\\/marktxxl.de\\\/markt\\\/#organization\",\"name\":\"Markt-XXL\",\"url\":\"https:\\\/\\\/marktxxl.de\\\/markt\\\/\",\"logo\":{\"@type\":\"ImageObject\",\"inLanguage\":\"de\",\"@id\":\"https:\\\/\\\/marktxxl.de\\\/markt\\\/#\\\/schema\\\/logo\\\/image\\\/\",\"url\":\"https:\\\/\\\/marktxxl.de\\\/markt\\\/wp-content\\\/uploads\\\/sites\\\/3\\\/2020\\\/12\\\/logo.png\",\"contentUrl\":\"https:\\\/\\\/marktxxl.de\\\/markt\\\/wp-content\\\/uploads\\\/sites\\\/3\\\/2020\\\/12\\\/logo.png\",\"width\":200,\"height\":70,\"caption\":\"Markt-XXL\"},\"image\":{\"@id\":\"https:\\\/\\\/marktxxl.de\\\/markt\\\/#\\\/schema\\\/logo\\\/image\\\/\"}}]}<\/script>\n<!-- \/ Yoast SEO plugin. -->","yoast_head_json":{"title":"Disney M\u00e4dchen Fantasy-Kleid Nachthemd - Markt-XXL","description":"Markt-XXL Disney M\u00e4dchen Fantasy-Kleid Nachthemd","robots":{"index":"index","follow":"follow","max-snippet":"max-snippet:-1","max-image-preview":"max-image-preview:large","max-video-preview":"max-video-preview:-1"},"canonical":"https:\/\/marktxxl.de\/markt\/produkt\/disney-maedchen-fantasy-kleid-nachthemd\/","og_locale":"de_DE","og_type":"article","og_title":"Disney M\u00e4dchen Fantasy-Kleid Nachthemd - Markt-XXL","og_description":"Markt-XXL Disney M\u00e4dchen Fantasy-Kleid Nachthemd","og_url":"https:\/\/marktxxl.de\/markt\/produkt\/disney-maedchen-fantasy-kleid-nachthemd\/","og_site_name":"Markt-XXL","article_modified_time":"2023-04-10T03:34:36+00:00","og_image":[{"width":400,"height":500,"url":"https:\/\/m.media-amazon.com\/images\/I\/41t+lyxijfL._SL500_.jpg","type":"image\/jpeg"}],"twitter_card":"summary_large_image","twitter_misc":{"Gesch\u00e4tzte Lesezeit":"1\u00a0Minute"},"schema":{"@context":"https:\/\/schema.org","@graph":[{"@type":"WebPage","@id":"https:\/\/marktxxl.de\/markt\/produkt\/disney-maedchen-fantasy-kleid-nachthemd\/","url":"https:\/\/marktxxl.de\/markt\/produkt\/disney-maedchen-fantasy-kleid-nachthemd\/","name":"Disney M\u00e4dchen Fantasy-Kleid Nachthemd - Markt-XXL","isPartOf":{"@id":"https:\/\/marktxxl.de\/markt\/#website"},"primaryImageOfPage":{"@id":"https:\/\/marktxxl.de\/markt\/produkt\/disney-maedchen-fantasy-kleid-nachthemd\/#primaryimage"},"image":{"@id":"https:\/\/marktxxl.de\/markt\/produkt\/disney-maedchen-fantasy-kleid-nachthemd\/#primaryimage"},"thumbnailUrl":"https:\/\/m.media-amazon.com\/images\/I\/41t+lyxijfL._SL500_.jpg","datePublished":"2023-02-09T04:20:31+00:00","dateModified":"2023-04-10T03:34:36+00:00","description":"Markt-XXL Disney M\u00e4dchen Fantasy-Kleid Nachthemd","breadcrumb":{"@id":"https:\/\/marktxxl.de\/markt\/produkt\/disney-maedchen-fantasy-kleid-nachthemd\/#breadcrumb"},"inLanguage":"de","potentialAction":[{"@type":"ReadAction","target":["https:\/\/marktxxl.de\/markt\/produkt\/disney-maedchen-fantasy-kleid-nachthemd\/"]}]},{"@type":"ImageObject","inLanguage":"de","@id":"https:\/\/marktxxl.de\/markt\/produkt\/disney-maedchen-fantasy-kleid-nachthemd\/#primaryimage","url":"https:\/\/m.media-amazon.com\/images\/I\/41t+lyxijfL._SL500_.jpg","contentUrl":"https:\/\/m.media-amazon.com\/images\/I\/41t+lyxijfL._SL500_.jpg","width":400,"height":500},{"@type":"BreadcrumbList","@id":"https:\/\/marktxxl.de\/markt\/produkt\/disney-maedchen-fantasy-kleid-nachthemd\/#breadcrumb","itemListElement":[{"@type":"ListItem","position":1,"name":"Startseite","item":"https:\/\/marktxxl.de\/markt\/"},{"@type":"ListItem","position":2,"name":"Markt","item":"https:\/\/marktxxl.de\/markt\/"},{"@type":"ListItem","position":3,"name":"Disney M\u00e4dchen Fantasy-Kleid Nachthemd"}]},{"@type":"WebSite","@id":"https:\/\/marktxxl.de\/markt\/#website","url":"https:\/\/marktxxl.de\/markt\/","name":"Markt-XXL","description":"Ihr Markt Online","publisher":{"@id":"https:\/\/marktxxl.de\/markt\/#organization"},"potentialAction":[{"@type":"SearchAction","target":{"@type":"EntryPoint","urlTemplate":"https:\/\/marktxxl.de\/markt\/?s={search_term_string}"},"query-input":{"@type":"PropertyValueSpecification","valueRequired":true,"valueName":"search_term_string"}}],"inLanguage":"de"},{"@type":"Organization","@id":"https:\/\/marktxxl.de\/markt\/#organization","name":"Markt-XXL","url":"https:\/\/marktxxl.de\/markt\/","logo":{"@type":"ImageObject","inLanguage":"de","@id":"https:\/\/marktxxl.de\/markt\/#\/schema\/logo\/image\/","url":"https:\/\/marktxxl.de\/markt\/wp-content\/uploads\/sites\/3\/2020\/12\/logo.png","contentUrl":"https:\/\/marktxxl.de\/markt\/wp-content\/uploads\/sites\/3\/2020\/12\/logo.png","width":200,"height":70,"caption":"Markt-XXL"},"image":{"@id":"https:\/\/marktxxl.de\/markt\/#\/schema\/logo\/image\/"}}]}},"_links":{"self":[{"href":"https:\/\/marktxxl.de\/markt\/wp-json\/wp\/v2\/product\/187512","targetHints":{"allow":["GET"]}}],"collection":[{"href":"https:\/\/marktxxl.de\/markt\/wp-json\/wp\/v2\/product"}],"about":[{"href":"https:\/\/marktxxl.de\/markt\/wp-json\/wp\/v2\/types\/product"}],"replies":[{"embeddable":true,"href":"https:\/\/marktxxl.de\/markt\/wp-json\/wp\/v2\/comments?post=187512"}],"wp:featuredmedia":[{"embeddable":true,"href":"https:\/\/marktxxl.de\/markt\/wp-json\/wp\/v2\/media\/187513"}],"wp:attachment":[{"href":"https:\/\/marktxxl.de\/markt\/wp-json\/wp\/v2\/media?parent=187512"}],"wp:term":[{"taxonomy":"product_brand","embeddable":true,"href":"https:\/\/marktxxl.de\/markt\/wp-json\/wp\/v2\/product_brand?post=187512"},{"taxonomy":"product_cat","embeddable":true,"href":"https:\/\/marktxxl.de\/markt\/wp-json\/wp\/v2\/product_cat?post=187512"},{"taxonomy":"product_tag","embeddable":true,"href":"https:\/\/marktxxl.de\/markt\/wp-json\/wp\/v2\/product_tag?post=187512"}],"curies":[{"name":"wp","href":"https:\/\/api.w.org\/{rel}","templated":true}]}}