{"id":187328,"date":"2023-02-09T04:50:23","date_gmt":"2023-02-09T03:50:23","guid":{"rendered":"https:\/\/marktxxl.de\/markt\/produkt\/michael-kors-jet-set-travel-geldboersen\/"},"modified":"2023-04-10T05:34:28","modified_gmt":"2023-04-10T03:34:28","slug":"michael-kors-jet-set-travel-geldboersen","status":"publish","type":"product","link":"https:\/\/marktxxl.de\/markt\/produkt\/michael-kors-jet-set-travel-geldboersen\/","title":{"rendered":"Michael Kors Jet Set Travel Geldb\u00f6rsen"},"content":{"rendered":"<p>Das Innere verf\u00fcgt \u00fcber ein M\u00fcnzfach mit Rei\u00dfverschluss und (6) Geldscheinf\u00e4cher in voller L\u00e4nge<br \/>\nMisst etwa 8,25&#8243; (L) x 4&#8243; (H) x 1,25&#8243; (B) mit einem UVP von 188,00 $<br \/>\nRundum-Rei\u00dfverschluss mit ikonischem Logo auf der Vorderseite und abnehmbarem Armband<br \/>\nGro\u00dfes Reiseportemonnaie in PVC mit Monogrammdruck und polierten Beschl\u00e4gen<br \/>\nInnen mit (16) Kartenf\u00e4chern und einem durchsichtigen ID-Steckplatz<br \/>\n<div class=\"main-cross-sell\" data-asin=\"B0BNFVQNMM\">\n\n\t<div class=\"WooZone-cross-sell-loader\">\n\t\t<div>\n\t\t\t<div id=\"floatingBarsG\">\n\t\t\t\t<div class=\"blockG\" id=\"rotateG_01\"><\/div>\n\t\t\t\t<div class=\"blockG\" id=\"rotateG_02\"><\/div>\n\t\t\t\t<div class=\"blockG\" id=\"rotateG_03\"><\/div>\n\t\t\t\t<div class=\"blockG\" id=\"rotateG_04\"><\/div>\n\t\t\t\t<div class=\"blockG\" id=\"rotateG_05\"><\/div>\n\t\t\t\t<div class=\"blockG\" id=\"rotateG_06\"><\/div>\n\t\t\t\t<div class=\"blockG\" id=\"rotateG_07\"><\/div>\n\t\t\t\t<div class=\"blockG\" id=\"rotateG_08\"><\/div>\n\t\t\t<\/div>\n\t\t\t<div class=\"WooZone-cross-sell-loader-text\"><\/div>\n\t\t<\/div>\n\t<\/div>\n\n\t\t\n<\/div>\n<div style=\"clear:both;\"><\/div><\/p>\n","protected":false},"excerpt":{"rendered":"<p>Das Innere verf\u00fcgt \u00fcber ein M\u00fcnzfach mit Rei\u00dfverschluss und (6) Geldscheinf\u00e4cher in voller L\u00e4nge<br \/>\nMisst etwa 8,25&#8243; (L) x 4&#8243; (H) x 1,25&#8243; (B) mit einem UVP von 188,00 $<br \/>\nRundum-Rei\u00dfverschluss mit ikonischem Logo auf der Vorderseite und abnehmbarem Armband<\/p>\n","protected":false},"featured_media":187329,"comment_status":"open","ping_status":"closed","template":"","meta":[],"product_brand":[],"product_cat":[1186,3920],"product_tag":[],"class_list":{"0":"post-187328","1":"product","2":"type-product","3":"status-publish","4":"has-post-thumbnail","6":"product_cat-bekleidung","7":"product_cat-damen","8":"pa_binding-schuhe","9":"pa_brand-michael-kors","10":"pa_color-pattern","11":"pa_height-4-330708657-zoll","12":"pa_length-8-267716527-zoll","13":"pa_manufacturer-vista-trade-finance-services-s-a","14":"pa_model-32s5gtve9l","15":"pa_size-19x10x4-cm-b-x-h-x-t","16":"pa_weight-0-5-pfund","17":"pa_width-1-181102361-zoll","19":"first","20":"instock","21":"shipping-taxable","22":"purchasable","23":"product-type-simple","24":"customify-col","25":"product-has-gallery"},"yoast_head":"<!-- This site is optimized with the Yoast SEO plugin v27.3 - https:\/\/yoast.com\/product\/yoast-seo-wordpress\/ -->\n<title>Michael Kors Jet Set Travel Geldb\u00f6rsen - Markt-XXL<\/title>\n<meta name=\"description\" content=\"Markt-XXL Michael Kors Jet Set Travel Geldb\u00f6rsen\" \/>\n<meta name=\"robots\" content=\"index, follow, max-snippet:-1, max-image-preview:large, max-video-preview:-1\" \/>\n<link rel=\"canonical\" href=\"https:\/\/marktxxl.de\/markt\/produkt\/michael-kors-jet-set-travel-geldboersen\/\" \/>\n<meta property=\"og:locale\" content=\"de_DE\" \/>\n<meta property=\"og:type\" content=\"article\" \/>\n<meta property=\"og:title\" content=\"Michael Kors Jet Set Travel Geldb\u00f6rsen - Markt-XXL\" \/>\n<meta property=\"og:description\" content=\"Markt-XXL Michael Kors Jet Set Travel Geldb\u00f6rsen\" \/>\n<meta property=\"og:url\" content=\"https:\/\/marktxxl.de\/markt\/produkt\/michael-kors-jet-set-travel-geldboersen\/\" \/>\n<meta property=\"og:site_name\" content=\"Markt-XXL\" \/>\n<meta property=\"article:modified_time\" content=\"2023-04-10T03:34:28+00:00\" \/>\n<meta property=\"og:image\" content=\"https:\/\/m.media-amazon.com\/images\/I\/51FJTRT+NvL._SL500_.jpg\" \/>\n\t<meta property=\"og:image:width\" content=\"500\" \/>\n\t<meta property=\"og:image:height\" content=\"319\" \/>\n\t<meta property=\"og:image:type\" content=\"image\/jpeg\" \/>\n<meta name=\"twitter:card\" content=\"summary_large_image\" \/>\n<script type=\"application\/ld+json\" class=\"yoast-schema-graph\">{\"@context\":\"https:\\\/\\\/schema.org\",\"@graph\":[{\"@type\":\"WebPage\",\"@id\":\"https:\\\/\\\/marktxxl.de\\\/markt\\\/produkt\\\/michael-kors-jet-set-travel-geldboersen\\\/\",\"url\":\"https:\\\/\\\/marktxxl.de\\\/markt\\\/produkt\\\/michael-kors-jet-set-travel-geldboersen\\\/\",\"name\":\"Michael Kors Jet Set Travel Geldb\u00f6rsen - Markt-XXL\",\"isPartOf\":{\"@id\":\"https:\\\/\\\/marktxxl.de\\\/markt\\\/#website\"},\"primaryImageOfPage\":{\"@id\":\"https:\\\/\\\/marktxxl.de\\\/markt\\\/produkt\\\/michael-kors-jet-set-travel-geldboersen\\\/#primaryimage\"},\"image\":{\"@id\":\"https:\\\/\\\/marktxxl.de\\\/markt\\\/produkt\\\/michael-kors-jet-set-travel-geldboersen\\\/#primaryimage\"},\"thumbnailUrl\":\"https:\\\/\\\/m.media-amazon.com\\\/images\\\/I\\\/51FJTRT+NvL._SL500_.jpg\",\"datePublished\":\"2023-02-09T03:50:23+00:00\",\"dateModified\":\"2023-04-10T03:34:28+00:00\",\"description\":\"Markt-XXL Michael Kors Jet Set Travel Geldb\u00f6rsen\",\"breadcrumb\":{\"@id\":\"https:\\\/\\\/marktxxl.de\\\/markt\\\/produkt\\\/michael-kors-jet-set-travel-geldboersen\\\/#breadcrumb\"},\"inLanguage\":\"de\",\"potentialAction\":[{\"@type\":\"ReadAction\",\"target\":[\"https:\\\/\\\/marktxxl.de\\\/markt\\\/produkt\\\/michael-kors-jet-set-travel-geldboersen\\\/\"]}]},{\"@type\":\"ImageObject\",\"inLanguage\":\"de\",\"@id\":\"https:\\\/\\\/marktxxl.de\\\/markt\\\/produkt\\\/michael-kors-jet-set-travel-geldboersen\\\/#primaryimage\",\"url\":\"https:\\\/\\\/m.media-amazon.com\\\/images\\\/I\\\/51FJTRT+NvL._SL500_.jpg\",\"contentUrl\":\"https:\\\/\\\/m.media-amazon.com\\\/images\\\/I\\\/51FJTRT+NvL._SL500_.jpg\",\"width\":500,\"height\":319},{\"@type\":\"BreadcrumbList\",\"@id\":\"https:\\\/\\\/marktxxl.de\\\/markt\\\/produkt\\\/michael-kors-jet-set-travel-geldboersen\\\/#breadcrumb\",\"itemListElement\":[{\"@type\":\"ListItem\",\"position\":1,\"name\":\"Startseite\",\"item\":\"https:\\\/\\\/marktxxl.de\\\/markt\\\/\"},{\"@type\":\"ListItem\",\"position\":2,\"name\":\"Markt\",\"item\":\"https:\\\/\\\/marktxxl.de\\\/markt\\\/\"},{\"@type\":\"ListItem\",\"position\":3,\"name\":\"Michael Kors Jet Set Travel Geldb\u00f6rsen\"}]},{\"@type\":\"WebSite\",\"@id\":\"https:\\\/\\\/marktxxl.de\\\/markt\\\/#website\",\"url\":\"https:\\\/\\\/marktxxl.de\\\/markt\\\/\",\"name\":\"Markt-XXL\",\"description\":\"Ihr Markt Online\",\"publisher\":{\"@id\":\"https:\\\/\\\/marktxxl.de\\\/markt\\\/#organization\"},\"potentialAction\":[{\"@type\":\"SearchAction\",\"target\":{\"@type\":\"EntryPoint\",\"urlTemplate\":\"https:\\\/\\\/marktxxl.de\\\/markt\\\/?s={search_term_string}\"},\"query-input\":{\"@type\":\"PropertyValueSpecification\",\"valueRequired\":true,\"valueName\":\"search_term_string\"}}],\"inLanguage\":\"de\"},{\"@type\":\"Organization\",\"@id\":\"https:\\\/\\\/marktxxl.de\\\/markt\\\/#organization\",\"name\":\"Markt-XXL\",\"url\":\"https:\\\/\\\/marktxxl.de\\\/markt\\\/\",\"logo\":{\"@type\":\"ImageObject\",\"inLanguage\":\"de\",\"@id\":\"https:\\\/\\\/marktxxl.de\\\/markt\\\/#\\\/schema\\\/logo\\\/image\\\/\",\"url\":\"https:\\\/\\\/marktxxl.de\\\/markt\\\/wp-content\\\/uploads\\\/sites\\\/3\\\/2020\\\/12\\\/logo.png\",\"contentUrl\":\"https:\\\/\\\/marktxxl.de\\\/markt\\\/wp-content\\\/uploads\\\/sites\\\/3\\\/2020\\\/12\\\/logo.png\",\"width\":200,\"height\":70,\"caption\":\"Markt-XXL\"},\"image\":{\"@id\":\"https:\\\/\\\/marktxxl.de\\\/markt\\\/#\\\/schema\\\/logo\\\/image\\\/\"}}]}<\/script>\n<!-- \/ Yoast SEO plugin. -->","yoast_head_json":{"title":"Michael Kors Jet Set Travel Geldb\u00f6rsen - Markt-XXL","description":"Markt-XXL Michael Kors Jet Set Travel Geldb\u00f6rsen","robots":{"index":"index","follow":"follow","max-snippet":"max-snippet:-1","max-image-preview":"max-image-preview:large","max-video-preview":"max-video-preview:-1"},"canonical":"https:\/\/marktxxl.de\/markt\/produkt\/michael-kors-jet-set-travel-geldboersen\/","og_locale":"de_DE","og_type":"article","og_title":"Michael Kors Jet Set Travel Geldb\u00f6rsen - Markt-XXL","og_description":"Markt-XXL Michael Kors Jet Set Travel Geldb\u00f6rsen","og_url":"https:\/\/marktxxl.de\/markt\/produkt\/michael-kors-jet-set-travel-geldboersen\/","og_site_name":"Markt-XXL","article_modified_time":"2023-04-10T03:34:28+00:00","og_image":[{"width":500,"height":319,"url":"https:\/\/m.media-amazon.com\/images\/I\/51FJTRT+NvL._SL500_.jpg","type":"image\/jpeg"}],"twitter_card":"summary_large_image","schema":{"@context":"https:\/\/schema.org","@graph":[{"@type":"WebPage","@id":"https:\/\/marktxxl.de\/markt\/produkt\/michael-kors-jet-set-travel-geldboersen\/","url":"https:\/\/marktxxl.de\/markt\/produkt\/michael-kors-jet-set-travel-geldboersen\/","name":"Michael Kors Jet Set Travel Geldb\u00f6rsen - Markt-XXL","isPartOf":{"@id":"https:\/\/marktxxl.de\/markt\/#website"},"primaryImageOfPage":{"@id":"https:\/\/marktxxl.de\/markt\/produkt\/michael-kors-jet-set-travel-geldboersen\/#primaryimage"},"image":{"@id":"https:\/\/marktxxl.de\/markt\/produkt\/michael-kors-jet-set-travel-geldboersen\/#primaryimage"},"thumbnailUrl":"https:\/\/m.media-amazon.com\/images\/I\/51FJTRT+NvL._SL500_.jpg","datePublished":"2023-02-09T03:50:23+00:00","dateModified":"2023-04-10T03:34:28+00:00","description":"Markt-XXL Michael Kors Jet Set Travel Geldb\u00f6rsen","breadcrumb":{"@id":"https:\/\/marktxxl.de\/markt\/produkt\/michael-kors-jet-set-travel-geldboersen\/#breadcrumb"},"inLanguage":"de","potentialAction":[{"@type":"ReadAction","target":["https:\/\/marktxxl.de\/markt\/produkt\/michael-kors-jet-set-travel-geldboersen\/"]}]},{"@type":"ImageObject","inLanguage":"de","@id":"https:\/\/marktxxl.de\/markt\/produkt\/michael-kors-jet-set-travel-geldboersen\/#primaryimage","url":"https:\/\/m.media-amazon.com\/images\/I\/51FJTRT+NvL._SL500_.jpg","contentUrl":"https:\/\/m.media-amazon.com\/images\/I\/51FJTRT+NvL._SL500_.jpg","width":500,"height":319},{"@type":"BreadcrumbList","@id":"https:\/\/marktxxl.de\/markt\/produkt\/michael-kors-jet-set-travel-geldboersen\/#breadcrumb","itemListElement":[{"@type":"ListItem","position":1,"name":"Startseite","item":"https:\/\/marktxxl.de\/markt\/"},{"@type":"ListItem","position":2,"name":"Markt","item":"https:\/\/marktxxl.de\/markt\/"},{"@type":"ListItem","position":3,"name":"Michael Kors Jet Set Travel Geldb\u00f6rsen"}]},{"@type":"WebSite","@id":"https:\/\/marktxxl.de\/markt\/#website","url":"https:\/\/marktxxl.de\/markt\/","name":"Markt-XXL","description":"Ihr Markt Online","publisher":{"@id":"https:\/\/marktxxl.de\/markt\/#organization"},"potentialAction":[{"@type":"SearchAction","target":{"@type":"EntryPoint","urlTemplate":"https:\/\/marktxxl.de\/markt\/?s={search_term_string}"},"query-input":{"@type":"PropertyValueSpecification","valueRequired":true,"valueName":"search_term_string"}}],"inLanguage":"de"},{"@type":"Organization","@id":"https:\/\/marktxxl.de\/markt\/#organization","name":"Markt-XXL","url":"https:\/\/marktxxl.de\/markt\/","logo":{"@type":"ImageObject","inLanguage":"de","@id":"https:\/\/marktxxl.de\/markt\/#\/schema\/logo\/image\/","url":"https:\/\/marktxxl.de\/markt\/wp-content\/uploads\/sites\/3\/2020\/12\/logo.png","contentUrl":"https:\/\/marktxxl.de\/markt\/wp-content\/uploads\/sites\/3\/2020\/12\/logo.png","width":200,"height":70,"caption":"Markt-XXL"},"image":{"@id":"https:\/\/marktxxl.de\/markt\/#\/schema\/logo\/image\/"}}]}},"_links":{"self":[{"href":"https:\/\/marktxxl.de\/markt\/wp-json\/wp\/v2\/product\/187328","targetHints":{"allow":["GET"]}}],"collection":[{"href":"https:\/\/marktxxl.de\/markt\/wp-json\/wp\/v2\/product"}],"about":[{"href":"https:\/\/marktxxl.de\/markt\/wp-json\/wp\/v2\/types\/product"}],"replies":[{"embeddable":true,"href":"https:\/\/marktxxl.de\/markt\/wp-json\/wp\/v2\/comments?post=187328"}],"wp:featuredmedia":[{"embeddable":true,"href":"https:\/\/marktxxl.de\/markt\/wp-json\/wp\/v2\/media\/187329"}],"wp:attachment":[{"href":"https:\/\/marktxxl.de\/markt\/wp-json\/wp\/v2\/media?parent=187328"}],"wp:term":[{"taxonomy":"product_brand","embeddable":true,"href":"https:\/\/marktxxl.de\/markt\/wp-json\/wp\/v2\/product_brand?post=187328"},{"taxonomy":"product_cat","embeddable":true,"href":"https:\/\/marktxxl.de\/markt\/wp-json\/wp\/v2\/product_cat?post=187328"},{"taxonomy":"product_tag","embeddable":true,"href":"https:\/\/marktxxl.de\/markt\/wp-json\/wp\/v2\/product_tag?post=187328"}],"curies":[{"name":"wp","href":"https:\/\/api.w.org\/{rel}","templated":true}]}}