{"id":187281,"date":"2023-02-09T04:49:18","date_gmt":"2023-02-09T03:49:18","guid":{"rendered":"https:\/\/marktxxl.de\/markt\/produkt\/umipubo-decken-hoodie-damen-herren-suesse-tierform-hoodie-decke-pullover-super-weiche-gemuetliche-warme-kapuzenpullover-pluesch-hoodie-sweatshirt\/"},"modified":"2023-04-09T05:05:05","modified_gmt":"2023-04-09T03:05:05","slug":"umipubo-decken-hoodie-damen-herren-suesse-tierform-hoodie-decke-pullover-super-weiche-gemuetliche-warme-kapuzenpullover-pluesch-hoodie-sweatshirt","status":"publish","type":"product","link":"https:\/\/marktxxl.de\/markt\/produkt\/umipubo-decken-hoodie-damen-herren-suesse-tierform-hoodie-decke-pullover-super-weiche-gemuetliche-warme-kapuzenpullover-pluesch-hoodie-sweatshirt\/","title":{"rendered":"UMIPUBO Decken Hoodie Damen Herren, S\u00fc\u00dfe Tierform Hoodie Decke Pullover Super Weiche Gem\u00fctliche Warme Kapuzenpullover\u2026"},"content":{"rendered":"<p>Niedliche Tierformen: Dieser Hoodie hat 5 Tierformen, n\u00e4mlich L\u00f6we, Dinosaurier, Koala, Panda, Tianma, es gibt Modelle f\u00fcr Erwachsene und Kindermodelle, die sich sehr gut als Eltern-Kind-Kleidung eignen, um die Eltern-Kind-Beziehung zu verbessern.<br \/>\nMaterial: Die Kapuzendecke besteht aus 100 % Polyester. Super weicher und bequemer Stoff, der Sie bei kaltem Wetter warm h\u00e4lt.<br \/>\nGr\u00f6\u00dfe: Oberweite 80 cm, L\u00e4nge 110 cm f\u00fcr Erwachsene, Oberweite 60 cm, L\u00e4nge 75 cm f\u00fcr Kinder.<br \/>\nSEHR WEICH UND KOMFORTABEL: Dieser niedliche Tier-Hoodie ist so weich und flauschig, dass er Sie in eine warme Umarmung h\u00fcllt, der Sie sich nie langweilen werden. Die lange Kapuzendecke bietet viel Schutz f\u00fcr Kopf und Zehen, \u00fcbergro\u00dfe Taschen, die eine M\u00fctze h\u00e4lt dein Kopf warm.<br \/>\nWaschanleitung: Einfach den Hoodie in die Waschmaschine geben und schonend waschen und dein Hoodie ist wie neu!<br \/>\n<div class=\"main-cross-sell\" data-asin=\"B0B87TYSK7\">\n\n\t<div class=\"WooZone-cross-sell-loader\">\n\t\t<div>\n\t\t\t<div id=\"floatingBarsG\">\n\t\t\t\t<div class=\"blockG\" id=\"rotateG_01\"><\/div>\n\t\t\t\t<div class=\"blockG\" id=\"rotateG_02\"><\/div>\n\t\t\t\t<div class=\"blockG\" id=\"rotateG_03\"><\/div>\n\t\t\t\t<div class=\"blockG\" id=\"rotateG_04\"><\/div>\n\t\t\t\t<div class=\"blockG\" id=\"rotateG_05\"><\/div>\n\t\t\t\t<div class=\"blockG\" id=\"rotateG_06\"><\/div>\n\t\t\t\t<div class=\"blockG\" id=\"rotateG_07\"><\/div>\n\t\t\t\t<div class=\"blockG\" id=\"rotateG_08\"><\/div>\n\t\t\t<\/div>\n\t\t\t<div class=\"WooZone-cross-sell-loader-text\"><\/div>\n\t\t<\/div>\n\t<\/div>\n\n\t\t\n<\/div>\n<div style=\"clear:both;\"><\/div><\/p>\n","protected":false},"excerpt":{"rendered":"<p>Niedliche Tierformen: Dieser Hoodie hat 5 Tierformen, n\u00e4mlich L\u00f6we, Dinosaurier, Koala, Panda, Tianma, es gibt Modelle f\u00fcr Erwachsene und Kindermodelle, die sich sehr gut als Eltern-Kind-Kleidung eignen, um die Eltern-Kind-Beziehung zu verbessern.<br \/>\nMaterial: Die Kapuzendecke besteht aus 100 % Polyester. Super weicher und bequemer Stoff, der Sie bei kaltem Wetter warm h\u00e4lt.<br \/>\nGr\u00f6\u00dfe: Oberweite 80 cm, L\u00e4nge 110 cm f\u00fcr Erwachsene, Oberweite 60 cm, L\u00e4nge 75 cm f\u00fcr Kinder.<\/p>\n","protected":false},"featured_media":187282,"comment_status":"open","ping_status":"closed","template":"","meta":[],"product_brand":[],"product_cat":[1186,3920],"product_tag":[],"class_list":{"0":"post-187281","1":"product","2":"type-product","3":"status-publish","4":"has-post-thumbnail","6":"product_cat-bekleidung","7":"product_cat-damen","8":"pa_brand-umipubo","10":"first","11":"instock","12":"shipping-taxable","13":"purchasable","14":"product-type-simple","15":"customify-col","16":"product-has-gallery"},"yoast_head":"<!-- This site is optimized with the Yoast SEO plugin v27.4 - https:\/\/yoast.com\/product\/yoast-seo-wordpress\/ -->\n<title>UMIPUBO Decken Hoodie Damen Herren, S\u00fc\u00dfe Tierform Hoodie Decke Pullover Super Weiche Gem\u00fctliche Warme Kapuzenpullover\u2026 - Markt-XXL<\/title>\n<meta name=\"description\" content=\"Markt-XXL UMIPUBO Decken Hoodie Damen Herren, S\u00fc\u00dfe Tierform Hoodie Decke Pullover Super Weiche Gem\u00fctliche Warme Kapuzenpullover\u2026\" \/>\n<meta name=\"robots\" content=\"index, follow, max-snippet:-1, max-image-preview:large, max-video-preview:-1\" \/>\n<link rel=\"canonical\" href=\"https:\/\/marktxxl.de\/markt\/produkt\/umipubo-decken-hoodie-damen-herren-suesse-tierform-hoodie-decke-pullover-super-weiche-gemuetliche-warme-kapuzenpullover-pluesch-hoodie-sweatshirt\/\" \/>\n<meta property=\"og:locale\" content=\"de_DE\" \/>\n<meta property=\"og:type\" content=\"article\" \/>\n<meta property=\"og:title\" content=\"UMIPUBO Decken Hoodie Damen Herren, S\u00fc\u00dfe Tierform Hoodie Decke Pullover Super Weiche Gem\u00fctliche Warme Kapuzenpullover\u2026 - Markt-XXL\" \/>\n<meta property=\"og:description\" content=\"Markt-XXL UMIPUBO Decken Hoodie Damen Herren, S\u00fc\u00dfe Tierform Hoodie Decke Pullover Super Weiche Gem\u00fctliche Warme Kapuzenpullover\u2026\" \/>\n<meta property=\"og:url\" content=\"https:\/\/marktxxl.de\/markt\/produkt\/umipubo-decken-hoodie-damen-herren-suesse-tierform-hoodie-decke-pullover-super-weiche-gemuetliche-warme-kapuzenpullover-pluesch-hoodie-sweatshirt\/\" \/>\n<meta property=\"og:site_name\" content=\"Markt-XXL\" \/>\n<meta property=\"article:modified_time\" content=\"2023-04-09T03:05:05+00:00\" \/>\n<meta property=\"og:image\" content=\"https:\/\/m.media-amazon.com\/images\/I\/41rKhmTkJQL._SL500_.jpg\" \/>\n\t<meta property=\"og:image:width\" content=\"385\" \/>\n\t<meta property=\"og:image:height\" content=\"500\" \/>\n\t<meta property=\"og:image:type\" content=\"image\/jpeg\" \/>\n<meta name=\"twitter:card\" content=\"summary_large_image\" \/>\n<meta name=\"twitter:label1\" content=\"Gesch\u00e4tzte Lesezeit\" \/>\n\t<meta name=\"twitter:data1\" content=\"1\u00a0Minute\" \/>\n<script type=\"application\/ld+json\" class=\"yoast-schema-graph\">{\"@context\":\"https:\\\/\\\/schema.org\",\"@graph\":[{\"@type\":\"WebPage\",\"@id\":\"https:\\\/\\\/marktxxl.de\\\/markt\\\/produkt\\\/umipubo-decken-hoodie-damen-herren-suesse-tierform-hoodie-decke-pullover-super-weiche-gemuetliche-warme-kapuzenpullover-pluesch-hoodie-sweatshirt\\\/\",\"url\":\"https:\\\/\\\/marktxxl.de\\\/markt\\\/produkt\\\/umipubo-decken-hoodie-damen-herren-suesse-tierform-hoodie-decke-pullover-super-weiche-gemuetliche-warme-kapuzenpullover-pluesch-hoodie-sweatshirt\\\/\",\"name\":\"UMIPUBO Decken Hoodie Damen Herren, S\u00fc\u00dfe Tierform Hoodie Decke Pullover Super Weiche Gem\u00fctliche Warme Kapuzenpullover\u2026 - Markt-XXL\",\"isPartOf\":{\"@id\":\"https:\\\/\\\/marktxxl.de\\\/markt\\\/#website\"},\"primaryImageOfPage\":{\"@id\":\"https:\\\/\\\/marktxxl.de\\\/markt\\\/produkt\\\/umipubo-decken-hoodie-damen-herren-suesse-tierform-hoodie-decke-pullover-super-weiche-gemuetliche-warme-kapuzenpullover-pluesch-hoodie-sweatshirt\\\/#primaryimage\"},\"image\":{\"@id\":\"https:\\\/\\\/marktxxl.de\\\/markt\\\/produkt\\\/umipubo-decken-hoodie-damen-herren-suesse-tierform-hoodie-decke-pullover-super-weiche-gemuetliche-warme-kapuzenpullover-pluesch-hoodie-sweatshirt\\\/#primaryimage\"},\"thumbnailUrl\":\"https:\\\/\\\/m.media-amazon.com\\\/images\\\/I\\\/41rKhmTkJQL._SL500_.jpg\",\"datePublished\":\"2023-02-09T03:49:18+00:00\",\"dateModified\":\"2023-04-09T03:05:05+00:00\",\"description\":\"Markt-XXL UMIPUBO Decken Hoodie Damen Herren, S\u00fc\u00dfe Tierform Hoodie Decke Pullover Super Weiche Gem\u00fctliche Warme Kapuzenpullover\u2026\",\"breadcrumb\":{\"@id\":\"https:\\\/\\\/marktxxl.de\\\/markt\\\/produkt\\\/umipubo-decken-hoodie-damen-herren-suesse-tierform-hoodie-decke-pullover-super-weiche-gemuetliche-warme-kapuzenpullover-pluesch-hoodie-sweatshirt\\\/#breadcrumb\"},\"inLanguage\":\"de\",\"potentialAction\":[{\"@type\":\"ReadAction\",\"target\":[\"https:\\\/\\\/marktxxl.de\\\/markt\\\/produkt\\\/umipubo-decken-hoodie-damen-herren-suesse-tierform-hoodie-decke-pullover-super-weiche-gemuetliche-warme-kapuzenpullover-pluesch-hoodie-sweatshirt\\\/\"]}]},{\"@type\":\"ImageObject\",\"inLanguage\":\"de\",\"@id\":\"https:\\\/\\\/marktxxl.de\\\/markt\\\/produkt\\\/umipubo-decken-hoodie-damen-herren-suesse-tierform-hoodie-decke-pullover-super-weiche-gemuetliche-warme-kapuzenpullover-pluesch-hoodie-sweatshirt\\\/#primaryimage\",\"url\":\"https:\\\/\\\/m.media-amazon.com\\\/images\\\/I\\\/41rKhmTkJQL._SL500_.jpg\",\"contentUrl\":\"https:\\\/\\\/m.media-amazon.com\\\/images\\\/I\\\/41rKhmTkJQL._SL500_.jpg\",\"width\":385,\"height\":500},{\"@type\":\"BreadcrumbList\",\"@id\":\"https:\\\/\\\/marktxxl.de\\\/markt\\\/produkt\\\/umipubo-decken-hoodie-damen-herren-suesse-tierform-hoodie-decke-pullover-super-weiche-gemuetliche-warme-kapuzenpullover-pluesch-hoodie-sweatshirt\\\/#breadcrumb\",\"itemListElement\":[{\"@type\":\"ListItem\",\"position\":1,\"name\":\"Startseite\",\"item\":\"https:\\\/\\\/marktxxl.de\\\/markt\\\/\"},{\"@type\":\"ListItem\",\"position\":2,\"name\":\"Markt\",\"item\":\"https:\\\/\\\/marktxxl.de\\\/markt\\\/\"},{\"@type\":\"ListItem\",\"position\":3,\"name\":\"UMIPUBO Decken Hoodie Damen Herren, S\u00fc\u00dfe Tierform Hoodie Decke Pullover Super Weiche Gem\u00fctliche Warme Kapuzenpullover\u2026\"}]},{\"@type\":\"WebSite\",\"@id\":\"https:\\\/\\\/marktxxl.de\\\/markt\\\/#website\",\"url\":\"https:\\\/\\\/marktxxl.de\\\/markt\\\/\",\"name\":\"Markt-XXL\",\"description\":\"Ihr Markt Online\",\"publisher\":{\"@id\":\"https:\\\/\\\/marktxxl.de\\\/markt\\\/#organization\"},\"potentialAction\":[{\"@type\":\"SearchAction\",\"target\":{\"@type\":\"EntryPoint\",\"urlTemplate\":\"https:\\\/\\\/marktxxl.de\\\/markt\\\/?s={search_term_string}\"},\"query-input\":{\"@type\":\"PropertyValueSpecification\",\"valueRequired\":true,\"valueName\":\"search_term_string\"}}],\"inLanguage\":\"de\"},{\"@type\":\"Organization\",\"@id\":\"https:\\\/\\\/marktxxl.de\\\/markt\\\/#organization\",\"name\":\"Markt-XXL\",\"url\":\"https:\\\/\\\/marktxxl.de\\\/markt\\\/\",\"logo\":{\"@type\":\"ImageObject\",\"inLanguage\":\"de\",\"@id\":\"https:\\\/\\\/marktxxl.de\\\/markt\\\/#\\\/schema\\\/logo\\\/image\\\/\",\"url\":\"https:\\\/\\\/marktxxl.de\\\/markt\\\/wp-content\\\/uploads\\\/sites\\\/3\\\/2020\\\/12\\\/logo.png\",\"contentUrl\":\"https:\\\/\\\/marktxxl.de\\\/markt\\\/wp-content\\\/uploads\\\/sites\\\/3\\\/2020\\\/12\\\/logo.png\",\"width\":200,\"height\":70,\"caption\":\"Markt-XXL\"},\"image\":{\"@id\":\"https:\\\/\\\/marktxxl.de\\\/markt\\\/#\\\/schema\\\/logo\\\/image\\\/\"}}]}<\/script>\n<!-- \/ Yoast SEO plugin. -->","yoast_head_json":{"title":"UMIPUBO Decken Hoodie Damen Herren, S\u00fc\u00dfe Tierform Hoodie Decke Pullover Super Weiche Gem\u00fctliche Warme Kapuzenpullover\u2026 - Markt-XXL","description":"Markt-XXL UMIPUBO Decken Hoodie Damen Herren, S\u00fc\u00dfe Tierform Hoodie Decke Pullover Super Weiche Gem\u00fctliche Warme Kapuzenpullover\u2026","robots":{"index":"index","follow":"follow","max-snippet":"max-snippet:-1","max-image-preview":"max-image-preview:large","max-video-preview":"max-video-preview:-1"},"canonical":"https:\/\/marktxxl.de\/markt\/produkt\/umipubo-decken-hoodie-damen-herren-suesse-tierform-hoodie-decke-pullover-super-weiche-gemuetliche-warme-kapuzenpullover-pluesch-hoodie-sweatshirt\/","og_locale":"de_DE","og_type":"article","og_title":"UMIPUBO Decken Hoodie Damen Herren, S\u00fc\u00dfe Tierform Hoodie Decke Pullover Super Weiche Gem\u00fctliche Warme Kapuzenpullover\u2026 - Markt-XXL","og_description":"Markt-XXL UMIPUBO Decken Hoodie Damen Herren, S\u00fc\u00dfe Tierform Hoodie Decke Pullover Super Weiche Gem\u00fctliche Warme Kapuzenpullover\u2026","og_url":"https:\/\/marktxxl.de\/markt\/produkt\/umipubo-decken-hoodie-damen-herren-suesse-tierform-hoodie-decke-pullover-super-weiche-gemuetliche-warme-kapuzenpullover-pluesch-hoodie-sweatshirt\/","og_site_name":"Markt-XXL","article_modified_time":"2023-04-09T03:05:05+00:00","og_image":[{"width":385,"height":500,"url":"https:\/\/m.media-amazon.com\/images\/I\/41rKhmTkJQL._SL500_.jpg","type":"image\/jpeg"}],"twitter_card":"summary_large_image","twitter_misc":{"Gesch\u00e4tzte Lesezeit":"1\u00a0Minute"},"schema":{"@context":"https:\/\/schema.org","@graph":[{"@type":"WebPage","@id":"https:\/\/marktxxl.de\/markt\/produkt\/umipubo-decken-hoodie-damen-herren-suesse-tierform-hoodie-decke-pullover-super-weiche-gemuetliche-warme-kapuzenpullover-pluesch-hoodie-sweatshirt\/","url":"https:\/\/marktxxl.de\/markt\/produkt\/umipubo-decken-hoodie-damen-herren-suesse-tierform-hoodie-decke-pullover-super-weiche-gemuetliche-warme-kapuzenpullover-pluesch-hoodie-sweatshirt\/","name":"UMIPUBO Decken Hoodie Damen Herren, S\u00fc\u00dfe Tierform Hoodie Decke Pullover Super Weiche Gem\u00fctliche Warme Kapuzenpullover\u2026 - Markt-XXL","isPartOf":{"@id":"https:\/\/marktxxl.de\/markt\/#website"},"primaryImageOfPage":{"@id":"https:\/\/marktxxl.de\/markt\/produkt\/umipubo-decken-hoodie-damen-herren-suesse-tierform-hoodie-decke-pullover-super-weiche-gemuetliche-warme-kapuzenpullover-pluesch-hoodie-sweatshirt\/#primaryimage"},"image":{"@id":"https:\/\/marktxxl.de\/markt\/produkt\/umipubo-decken-hoodie-damen-herren-suesse-tierform-hoodie-decke-pullover-super-weiche-gemuetliche-warme-kapuzenpullover-pluesch-hoodie-sweatshirt\/#primaryimage"},"thumbnailUrl":"https:\/\/m.media-amazon.com\/images\/I\/41rKhmTkJQL._SL500_.jpg","datePublished":"2023-02-09T03:49:18+00:00","dateModified":"2023-04-09T03:05:05+00:00","description":"Markt-XXL UMIPUBO Decken Hoodie Damen Herren, S\u00fc\u00dfe Tierform Hoodie Decke Pullover Super Weiche Gem\u00fctliche Warme Kapuzenpullover\u2026","breadcrumb":{"@id":"https:\/\/marktxxl.de\/markt\/produkt\/umipubo-decken-hoodie-damen-herren-suesse-tierform-hoodie-decke-pullover-super-weiche-gemuetliche-warme-kapuzenpullover-pluesch-hoodie-sweatshirt\/#breadcrumb"},"inLanguage":"de","potentialAction":[{"@type":"ReadAction","target":["https:\/\/marktxxl.de\/markt\/produkt\/umipubo-decken-hoodie-damen-herren-suesse-tierform-hoodie-decke-pullover-super-weiche-gemuetliche-warme-kapuzenpullover-pluesch-hoodie-sweatshirt\/"]}]},{"@type":"ImageObject","inLanguage":"de","@id":"https:\/\/marktxxl.de\/markt\/produkt\/umipubo-decken-hoodie-damen-herren-suesse-tierform-hoodie-decke-pullover-super-weiche-gemuetliche-warme-kapuzenpullover-pluesch-hoodie-sweatshirt\/#primaryimage","url":"https:\/\/m.media-amazon.com\/images\/I\/41rKhmTkJQL._SL500_.jpg","contentUrl":"https:\/\/m.media-amazon.com\/images\/I\/41rKhmTkJQL._SL500_.jpg","width":385,"height":500},{"@type":"BreadcrumbList","@id":"https:\/\/marktxxl.de\/markt\/produkt\/umipubo-decken-hoodie-damen-herren-suesse-tierform-hoodie-decke-pullover-super-weiche-gemuetliche-warme-kapuzenpullover-pluesch-hoodie-sweatshirt\/#breadcrumb","itemListElement":[{"@type":"ListItem","position":1,"name":"Startseite","item":"https:\/\/marktxxl.de\/markt\/"},{"@type":"ListItem","position":2,"name":"Markt","item":"https:\/\/marktxxl.de\/markt\/"},{"@type":"ListItem","position":3,"name":"UMIPUBO Decken Hoodie Damen Herren, S\u00fc\u00dfe Tierform Hoodie Decke Pullover Super Weiche Gem\u00fctliche Warme Kapuzenpullover\u2026"}]},{"@type":"WebSite","@id":"https:\/\/marktxxl.de\/markt\/#website","url":"https:\/\/marktxxl.de\/markt\/","name":"Markt-XXL","description":"Ihr Markt Online","publisher":{"@id":"https:\/\/marktxxl.de\/markt\/#organization"},"potentialAction":[{"@type":"SearchAction","target":{"@type":"EntryPoint","urlTemplate":"https:\/\/marktxxl.de\/markt\/?s={search_term_string}"},"query-input":{"@type":"PropertyValueSpecification","valueRequired":true,"valueName":"search_term_string"}}],"inLanguage":"de"},{"@type":"Organization","@id":"https:\/\/marktxxl.de\/markt\/#organization","name":"Markt-XXL","url":"https:\/\/marktxxl.de\/markt\/","logo":{"@type":"ImageObject","inLanguage":"de","@id":"https:\/\/marktxxl.de\/markt\/#\/schema\/logo\/image\/","url":"https:\/\/marktxxl.de\/markt\/wp-content\/uploads\/sites\/3\/2020\/12\/logo.png","contentUrl":"https:\/\/marktxxl.de\/markt\/wp-content\/uploads\/sites\/3\/2020\/12\/logo.png","width":200,"height":70,"caption":"Markt-XXL"},"image":{"@id":"https:\/\/marktxxl.de\/markt\/#\/schema\/logo\/image\/"}}]}},"_links":{"self":[{"href":"https:\/\/marktxxl.de\/markt\/wp-json\/wp\/v2\/product\/187281","targetHints":{"allow":["GET"]}}],"collection":[{"href":"https:\/\/marktxxl.de\/markt\/wp-json\/wp\/v2\/product"}],"about":[{"href":"https:\/\/marktxxl.de\/markt\/wp-json\/wp\/v2\/types\/product"}],"replies":[{"embeddable":true,"href":"https:\/\/marktxxl.de\/markt\/wp-json\/wp\/v2\/comments?post=187281"}],"wp:featuredmedia":[{"embeddable":true,"href":"https:\/\/marktxxl.de\/markt\/wp-json\/wp\/v2\/media\/187282"}],"wp:attachment":[{"href":"https:\/\/marktxxl.de\/markt\/wp-json\/wp\/v2\/media?parent=187281"}],"wp:term":[{"taxonomy":"product_brand","embeddable":true,"href":"https:\/\/marktxxl.de\/markt\/wp-json\/wp\/v2\/product_brand?post=187281"},{"taxonomy":"product_cat","embeddable":true,"href":"https:\/\/marktxxl.de\/markt\/wp-json\/wp\/v2\/product_cat?post=187281"},{"taxonomy":"product_tag","embeddable":true,"href":"https:\/\/marktxxl.de\/markt\/wp-json\/wp\/v2\/product_tag?post=187281"}],"curies":[{"name":"wp","href":"https:\/\/api.w.org\/{rel}","templated":true}]}}