{"id":187072,"date":"2023-02-09T04:16:11","date_gmt":"2023-02-09T03:16:11","guid":{"rendered":"https:\/\/marktxxl.de\/markt\/produkt\/happy-socks-geschenkbox-big-dot-holiday-cracker-2-pack-sxbso02-6500-multi\/"},"modified":"2023-04-09T05:03:41","modified_gmt":"2023-04-09T03:03:41","slug":"happy-socks-geschenkbox-big-dot-holiday-cracker-2-pack-sxbso02-6500-multi","status":"publish","type":"product","link":"https:\/\/marktxxl.de\/markt\/produkt\/happy-socks-geschenkbox-big-dot-holiday-cracker-2-pack-sxbso02-6500-multi\/","title":{"rendered":"Happy Socks Geschenkbox BIG DOT HOLIDAY CRACKER 2-PACK SXBSO02-6500 Multi"},"content":{"rendered":"<p>Von l\u00e4ssig bis verr\u00fcckt: Unsere Socken f\u00fcr M\u00e4nner und Frauen passen am besten zu vielseitiger, allt\u00e4glicher Kleidung f\u00fcr Job oder Freizeit, Tag und Nacht und k\u00f6nnen mit Sneakers oder anderen Freizeitschuhen getragen werden; W\u00e4hlen Sie zwischen zwei Gr\u00f6\u00dfen, 36-40 oder 41-46.<br \/>\nAusgew\u00e4hlte Designs: W\u00e4hlen Sie aus unserem breiten Sortiment an gemusterten Designs mit Polka-Punkten, Streifen, Argyle und Themen wie Essen, Weihnachten, Geburtstage und mehr.<br \/>\nHappiness f\u00fcr Ihre F\u00fc\u00dfe: Happy Socks sind aus hochwertigem Baumwollmaterial hergestellt, welche das ganze Jahr \u00fcber &#8211; im Winter, Fr\u00fchling, Sommer und Herbst &#8211; eine kuschelige Passform und atmungsaktiven Komfort f\u00fcr Ihre F\u00fc\u00dfe garantiert.<br \/>\nFarbenfroh, bunt und fr\u00f6hlich: Unsere Socken werden in einer originellen Geschenkverpackung geliefert, die mehrere Paare enth\u00e4lt, von denen jedes ein anderes Muster mit gleichem Farbschema aufweist, die alle unter dasselbe Thema fallen.<br \/>\nQualit\u00e4t und Kreativit\u00e4t: Happy Socks bestehen aus 68% Baumwolle, 30% Polyamid und 2% Elasthan; jede Socke kombiniert die hochwertigsten Materialien mit den kreativsten Motiven, die Sie f\u00fcr Ihre F\u00fc\u00dfe finden werden.<br \/>\n<div class=\"main-cross-sell\" data-asin=\"B07N3V95LZ\">\n\n\t<div class=\"WooZone-cross-sell-loader\">\n\t\t<div>\n\t\t\t<div id=\"floatingBarsG\">\n\t\t\t\t<div class=\"blockG\" id=\"rotateG_01\"><\/div>\n\t\t\t\t<div class=\"blockG\" id=\"rotateG_02\"><\/div>\n\t\t\t\t<div class=\"blockG\" id=\"rotateG_03\"><\/div>\n\t\t\t\t<div class=\"blockG\" id=\"rotateG_04\"><\/div>\n\t\t\t\t<div class=\"blockG\" id=\"rotateG_05\"><\/div>\n\t\t\t\t<div class=\"blockG\" id=\"rotateG_06\"><\/div>\n\t\t\t\t<div class=\"blockG\" id=\"rotateG_07\"><\/div>\n\t\t\t\t<div class=\"blockG\" id=\"rotateG_08\"><\/div>\n\t\t\t<\/div>\n\t\t\t<div class=\"WooZone-cross-sell-loader-text\"><\/div>\n\t\t<\/div>\n\t<\/div>\n\n\t\t\n<\/div>\n<div style=\"clear:both;\"><\/div><\/p>\n","protected":false},"excerpt":{"rendered":"<p>Von l\u00e4ssig bis verr\u00fcckt: Unsere Socken f\u00fcr M\u00e4nner und Frauen passen am besten zu vielseitiger, allt\u00e4glicher Kleidung f\u00fcr Job oder Freizeit, Tag und Nacht und k\u00f6nnen mit Sneakers oder anderen Freizeitschuhen getragen werden; W\u00e4hlen Sie zwischen zwei Gr\u00f6\u00dfen, 36-40 oder 41-46.<br \/>\nAusgew\u00e4hlte Designs: W\u00e4hlen Sie aus unserem breiten Sortiment an gemusterten Designs mit Polka-Punkten, Streifen, Argyle und Themen wie Essen, Weihnachten, Geburtstage und mehr.<br \/>\nHappiness f\u00fcr Ihre F\u00fc\u00dfe: Happy Socks sind aus hochwertigem Baumwollmaterial hergestellt, welche das ganze Jahr \u00fcber &#8211; im Winter, Fr\u00fchling, Sommer und Herbst &#8211; eine kuschelige Passform und atmungsaktiven Komfort f\u00fcr Ihre F\u00fc\u00dfe garantiert.<\/p>\n","protected":false},"featured_media":187073,"comment_status":"open","ping_status":"closed","template":"","meta":[],"product_brand":[],"product_cat":[1186,3920],"product_tag":[],"class_list":{"0":"post-187072","1":"product","2":"type-product","3":"status-publish","4":"has-post-thumbnail","6":"product_cat-bekleidung","7":"product_cat-damen","8":"pa_binding-textilien","9":"pa_brand-happy-socks","10":"pa_brand-thames-hudson","11":"pa_manufacturer-happy-socks","13":"first","14":"instock","15":"shipping-taxable","16":"purchasable","17":"product-type-simple","18":"customify-col","19":"product-has-gallery"},"yoast_head":"<!-- This site is optimized with the Yoast SEO plugin v27.3 - https:\/\/yoast.com\/product\/yoast-seo-wordpress\/ -->\n<title>Happy Socks Geschenkbox BIG DOT HOLIDAY CRACKER 2-PACK SXBSO02-6500 Multi - Markt-XXL<\/title>\n<meta name=\"description\" content=\"Markt-XXL Happy Socks Geschenkbox BIG DOT HOLIDAY CRACKER 2-PACK SXBSO02-6500 Multi\" \/>\n<meta name=\"robots\" content=\"index, follow, max-snippet:-1, max-image-preview:large, max-video-preview:-1\" \/>\n<link rel=\"canonical\" href=\"https:\/\/marktxxl.de\/markt\/produkt\/happy-socks-geschenkbox-big-dot-holiday-cracker-2-pack-sxbso02-6500-multi\/\" \/>\n<meta property=\"og:locale\" content=\"de_DE\" \/>\n<meta property=\"og:type\" content=\"article\" \/>\n<meta property=\"og:title\" content=\"Happy Socks Geschenkbox BIG DOT HOLIDAY CRACKER 2-PACK SXBSO02-6500 Multi - Markt-XXL\" \/>\n<meta property=\"og:description\" content=\"Markt-XXL Happy Socks Geschenkbox BIG DOT HOLIDAY CRACKER 2-PACK SXBSO02-6500 Multi\" \/>\n<meta property=\"og:url\" content=\"https:\/\/marktxxl.de\/markt\/produkt\/happy-socks-geschenkbox-big-dot-holiday-cracker-2-pack-sxbso02-6500-multi\/\" \/>\n<meta property=\"og:site_name\" content=\"Markt-XXL\" \/>\n<meta property=\"article:modified_time\" content=\"2023-04-09T03:03:41+00:00\" \/>\n<meta property=\"og:image\" content=\"https:\/\/m.media-amazon.com\/images\/I\/31SbwjO8uiL._SL500_.jpg\" \/>\n\t<meta property=\"og:image:width\" content=\"456\" \/>\n\t<meta property=\"og:image:height\" content=\"500\" \/>\n\t<meta property=\"og:image:type\" content=\"image\/jpeg\" \/>\n<meta name=\"twitter:card\" content=\"summary_large_image\" \/>\n<meta name=\"twitter:label1\" content=\"Gesch\u00e4tzte Lesezeit\" \/>\n\t<meta name=\"twitter:data1\" content=\"1\u00a0Minute\" \/>\n<script type=\"application\/ld+json\" class=\"yoast-schema-graph\">{\"@context\":\"https:\\\/\\\/schema.org\",\"@graph\":[{\"@type\":\"WebPage\",\"@id\":\"https:\\\/\\\/marktxxl.de\\\/markt\\\/produkt\\\/happy-socks-geschenkbox-big-dot-holiday-cracker-2-pack-sxbso02-6500-multi\\\/\",\"url\":\"https:\\\/\\\/marktxxl.de\\\/markt\\\/produkt\\\/happy-socks-geschenkbox-big-dot-holiday-cracker-2-pack-sxbso02-6500-multi\\\/\",\"name\":\"Happy Socks Geschenkbox BIG DOT HOLIDAY CRACKER 2-PACK SXBSO02-6500 Multi - Markt-XXL\",\"isPartOf\":{\"@id\":\"https:\\\/\\\/marktxxl.de\\\/markt\\\/#website\"},\"primaryImageOfPage\":{\"@id\":\"https:\\\/\\\/marktxxl.de\\\/markt\\\/produkt\\\/happy-socks-geschenkbox-big-dot-holiday-cracker-2-pack-sxbso02-6500-multi\\\/#primaryimage\"},\"image\":{\"@id\":\"https:\\\/\\\/marktxxl.de\\\/markt\\\/produkt\\\/happy-socks-geschenkbox-big-dot-holiday-cracker-2-pack-sxbso02-6500-multi\\\/#primaryimage\"},\"thumbnailUrl\":\"https:\\\/\\\/m.media-amazon.com\\\/images\\\/I\\\/31SbwjO8uiL._SL500_.jpg\",\"datePublished\":\"2023-02-09T03:16:11+00:00\",\"dateModified\":\"2023-04-09T03:03:41+00:00\",\"description\":\"Markt-XXL Happy Socks Geschenkbox BIG DOT HOLIDAY CRACKER 2-PACK SXBSO02-6500 Multi\",\"breadcrumb\":{\"@id\":\"https:\\\/\\\/marktxxl.de\\\/markt\\\/produkt\\\/happy-socks-geschenkbox-big-dot-holiday-cracker-2-pack-sxbso02-6500-multi\\\/#breadcrumb\"},\"inLanguage\":\"de\",\"potentialAction\":[{\"@type\":\"ReadAction\",\"target\":[\"https:\\\/\\\/marktxxl.de\\\/markt\\\/produkt\\\/happy-socks-geschenkbox-big-dot-holiday-cracker-2-pack-sxbso02-6500-multi\\\/\"]}]},{\"@type\":\"ImageObject\",\"inLanguage\":\"de\",\"@id\":\"https:\\\/\\\/marktxxl.de\\\/markt\\\/produkt\\\/happy-socks-geschenkbox-big-dot-holiday-cracker-2-pack-sxbso02-6500-multi\\\/#primaryimage\",\"url\":\"https:\\\/\\\/m.media-amazon.com\\\/images\\\/I\\\/31SbwjO8uiL._SL500_.jpg\",\"contentUrl\":\"https:\\\/\\\/m.media-amazon.com\\\/images\\\/I\\\/31SbwjO8uiL._SL500_.jpg\",\"width\":456,\"height\":500},{\"@type\":\"BreadcrumbList\",\"@id\":\"https:\\\/\\\/marktxxl.de\\\/markt\\\/produkt\\\/happy-socks-geschenkbox-big-dot-holiday-cracker-2-pack-sxbso02-6500-multi\\\/#breadcrumb\",\"itemListElement\":[{\"@type\":\"ListItem\",\"position\":1,\"name\":\"Startseite\",\"item\":\"https:\\\/\\\/marktxxl.de\\\/markt\\\/\"},{\"@type\":\"ListItem\",\"position\":2,\"name\":\"Markt\",\"item\":\"https:\\\/\\\/marktxxl.de\\\/markt\\\/\"},{\"@type\":\"ListItem\",\"position\":3,\"name\":\"Happy Socks Geschenkbox BIG DOT HOLIDAY CRACKER 2-PACK SXBSO02-6500 Multi\"}]},{\"@type\":\"WebSite\",\"@id\":\"https:\\\/\\\/marktxxl.de\\\/markt\\\/#website\",\"url\":\"https:\\\/\\\/marktxxl.de\\\/markt\\\/\",\"name\":\"Markt-XXL\",\"description\":\"Ihr Markt Online\",\"publisher\":{\"@id\":\"https:\\\/\\\/marktxxl.de\\\/markt\\\/#organization\"},\"potentialAction\":[{\"@type\":\"SearchAction\",\"target\":{\"@type\":\"EntryPoint\",\"urlTemplate\":\"https:\\\/\\\/marktxxl.de\\\/markt\\\/?s={search_term_string}\"},\"query-input\":{\"@type\":\"PropertyValueSpecification\",\"valueRequired\":true,\"valueName\":\"search_term_string\"}}],\"inLanguage\":\"de\"},{\"@type\":\"Organization\",\"@id\":\"https:\\\/\\\/marktxxl.de\\\/markt\\\/#organization\",\"name\":\"Markt-XXL\",\"url\":\"https:\\\/\\\/marktxxl.de\\\/markt\\\/\",\"logo\":{\"@type\":\"ImageObject\",\"inLanguage\":\"de\",\"@id\":\"https:\\\/\\\/marktxxl.de\\\/markt\\\/#\\\/schema\\\/logo\\\/image\\\/\",\"url\":\"https:\\\/\\\/marktxxl.de\\\/markt\\\/wp-content\\\/uploads\\\/sites\\\/3\\\/2020\\\/12\\\/logo.png\",\"contentUrl\":\"https:\\\/\\\/marktxxl.de\\\/markt\\\/wp-content\\\/uploads\\\/sites\\\/3\\\/2020\\\/12\\\/logo.png\",\"width\":200,\"height\":70,\"caption\":\"Markt-XXL\"},\"image\":{\"@id\":\"https:\\\/\\\/marktxxl.de\\\/markt\\\/#\\\/schema\\\/logo\\\/image\\\/\"}}]}<\/script>\n<!-- \/ Yoast SEO plugin. -->","yoast_head_json":{"title":"Happy Socks Geschenkbox BIG DOT HOLIDAY CRACKER 2-PACK SXBSO02-6500 Multi - Markt-XXL","description":"Markt-XXL Happy Socks Geschenkbox BIG DOT HOLIDAY CRACKER 2-PACK SXBSO02-6500 Multi","robots":{"index":"index","follow":"follow","max-snippet":"max-snippet:-1","max-image-preview":"max-image-preview:large","max-video-preview":"max-video-preview:-1"},"canonical":"https:\/\/marktxxl.de\/markt\/produkt\/happy-socks-geschenkbox-big-dot-holiday-cracker-2-pack-sxbso02-6500-multi\/","og_locale":"de_DE","og_type":"article","og_title":"Happy Socks Geschenkbox BIG DOT HOLIDAY CRACKER 2-PACK SXBSO02-6500 Multi - Markt-XXL","og_description":"Markt-XXL Happy Socks Geschenkbox BIG DOT HOLIDAY CRACKER 2-PACK SXBSO02-6500 Multi","og_url":"https:\/\/marktxxl.de\/markt\/produkt\/happy-socks-geschenkbox-big-dot-holiday-cracker-2-pack-sxbso02-6500-multi\/","og_site_name":"Markt-XXL","article_modified_time":"2023-04-09T03:03:41+00:00","og_image":[{"width":456,"height":500,"url":"https:\/\/m.media-amazon.com\/images\/I\/31SbwjO8uiL._SL500_.jpg","type":"image\/jpeg"}],"twitter_card":"summary_large_image","twitter_misc":{"Gesch\u00e4tzte Lesezeit":"1\u00a0Minute"},"schema":{"@context":"https:\/\/schema.org","@graph":[{"@type":"WebPage","@id":"https:\/\/marktxxl.de\/markt\/produkt\/happy-socks-geschenkbox-big-dot-holiday-cracker-2-pack-sxbso02-6500-multi\/","url":"https:\/\/marktxxl.de\/markt\/produkt\/happy-socks-geschenkbox-big-dot-holiday-cracker-2-pack-sxbso02-6500-multi\/","name":"Happy Socks Geschenkbox BIG DOT HOLIDAY CRACKER 2-PACK SXBSO02-6500 Multi - Markt-XXL","isPartOf":{"@id":"https:\/\/marktxxl.de\/markt\/#website"},"primaryImageOfPage":{"@id":"https:\/\/marktxxl.de\/markt\/produkt\/happy-socks-geschenkbox-big-dot-holiday-cracker-2-pack-sxbso02-6500-multi\/#primaryimage"},"image":{"@id":"https:\/\/marktxxl.de\/markt\/produkt\/happy-socks-geschenkbox-big-dot-holiday-cracker-2-pack-sxbso02-6500-multi\/#primaryimage"},"thumbnailUrl":"https:\/\/m.media-amazon.com\/images\/I\/31SbwjO8uiL._SL500_.jpg","datePublished":"2023-02-09T03:16:11+00:00","dateModified":"2023-04-09T03:03:41+00:00","description":"Markt-XXL Happy Socks Geschenkbox BIG DOT HOLIDAY CRACKER 2-PACK SXBSO02-6500 Multi","breadcrumb":{"@id":"https:\/\/marktxxl.de\/markt\/produkt\/happy-socks-geschenkbox-big-dot-holiday-cracker-2-pack-sxbso02-6500-multi\/#breadcrumb"},"inLanguage":"de","potentialAction":[{"@type":"ReadAction","target":["https:\/\/marktxxl.de\/markt\/produkt\/happy-socks-geschenkbox-big-dot-holiday-cracker-2-pack-sxbso02-6500-multi\/"]}]},{"@type":"ImageObject","inLanguage":"de","@id":"https:\/\/marktxxl.de\/markt\/produkt\/happy-socks-geschenkbox-big-dot-holiday-cracker-2-pack-sxbso02-6500-multi\/#primaryimage","url":"https:\/\/m.media-amazon.com\/images\/I\/31SbwjO8uiL._SL500_.jpg","contentUrl":"https:\/\/m.media-amazon.com\/images\/I\/31SbwjO8uiL._SL500_.jpg","width":456,"height":500},{"@type":"BreadcrumbList","@id":"https:\/\/marktxxl.de\/markt\/produkt\/happy-socks-geschenkbox-big-dot-holiday-cracker-2-pack-sxbso02-6500-multi\/#breadcrumb","itemListElement":[{"@type":"ListItem","position":1,"name":"Startseite","item":"https:\/\/marktxxl.de\/markt\/"},{"@type":"ListItem","position":2,"name":"Markt","item":"https:\/\/marktxxl.de\/markt\/"},{"@type":"ListItem","position":3,"name":"Happy Socks Geschenkbox BIG DOT HOLIDAY CRACKER 2-PACK SXBSO02-6500 Multi"}]},{"@type":"WebSite","@id":"https:\/\/marktxxl.de\/markt\/#website","url":"https:\/\/marktxxl.de\/markt\/","name":"Markt-XXL","description":"Ihr Markt Online","publisher":{"@id":"https:\/\/marktxxl.de\/markt\/#organization"},"potentialAction":[{"@type":"SearchAction","target":{"@type":"EntryPoint","urlTemplate":"https:\/\/marktxxl.de\/markt\/?s={search_term_string}"},"query-input":{"@type":"PropertyValueSpecification","valueRequired":true,"valueName":"search_term_string"}}],"inLanguage":"de"},{"@type":"Organization","@id":"https:\/\/marktxxl.de\/markt\/#organization","name":"Markt-XXL","url":"https:\/\/marktxxl.de\/markt\/","logo":{"@type":"ImageObject","inLanguage":"de","@id":"https:\/\/marktxxl.de\/markt\/#\/schema\/logo\/image\/","url":"https:\/\/marktxxl.de\/markt\/wp-content\/uploads\/sites\/3\/2020\/12\/logo.png","contentUrl":"https:\/\/marktxxl.de\/markt\/wp-content\/uploads\/sites\/3\/2020\/12\/logo.png","width":200,"height":70,"caption":"Markt-XXL"},"image":{"@id":"https:\/\/marktxxl.de\/markt\/#\/schema\/logo\/image\/"}}]}},"_links":{"self":[{"href":"https:\/\/marktxxl.de\/markt\/wp-json\/wp\/v2\/product\/187072","targetHints":{"allow":["GET"]}}],"collection":[{"href":"https:\/\/marktxxl.de\/markt\/wp-json\/wp\/v2\/product"}],"about":[{"href":"https:\/\/marktxxl.de\/markt\/wp-json\/wp\/v2\/types\/product"}],"replies":[{"embeddable":true,"href":"https:\/\/marktxxl.de\/markt\/wp-json\/wp\/v2\/comments?post=187072"}],"wp:featuredmedia":[{"embeddable":true,"href":"https:\/\/marktxxl.de\/markt\/wp-json\/wp\/v2\/media\/187073"}],"wp:attachment":[{"href":"https:\/\/marktxxl.de\/markt\/wp-json\/wp\/v2\/media?parent=187072"}],"wp:term":[{"taxonomy":"product_brand","embeddable":true,"href":"https:\/\/marktxxl.de\/markt\/wp-json\/wp\/v2\/product_brand?post=187072"},{"taxonomy":"product_cat","embeddable":true,"href":"https:\/\/marktxxl.de\/markt\/wp-json\/wp\/v2\/product_cat?post=187072"},{"taxonomy":"product_tag","embeddable":true,"href":"https:\/\/marktxxl.de\/markt\/wp-json\/wp\/v2\/product_tag?post=187072"}],"curies":[{"name":"wp","href":"https:\/\/api.w.org\/{rel}","templated":true}]}}