{"id":187041,"date":"2023-02-09T03:52:44","date_gmt":"2023-02-09T02:52:44","guid":{"rendered":"https:\/\/marktxxl.de\/markt\/produkt\/raikou-damen-herren-bademantel-morgenmantel-saunamantel-loungemantel-mit-kapuze\/"},"modified":"2023-04-09T05:03:40","modified_gmt":"2023-04-09T03:03:40","slug":"raikou-damen-herren-bademantel-morgenmantel-saunamantel-loungemantel-mit-kapuze","status":"publish","type":"product","link":"https:\/\/marktxxl.de\/markt\/produkt\/raikou-damen-herren-bademantel-morgenmantel-saunamantel-loungemantel-mit-kapuze\/","title":{"rendered":"RAIKOU Damen Herren Bademantel, Morgenmantel, Saunamantel, Loungemantel mit Kapuze"},"content":{"rendered":"<p>Material: 100% Polyester, die Qualit\u00e4t des Stoffes ist herrlich flauschig durch dessen hochwertig verarbeitetes Microfaser-Material, welches maximalen Komfort bietet!<br \/>\nDurch die kontrastfarbenen Abschl\u00fcsse strahlt er noch mehr Gem\u00fctlichkeit aus. Die abgestimmten Farben mit trendigen farblichen Absetzungen am Revers und \u00c4rmelb\u00fcndchen strahlen eine enorme Eleganz aus die man kaum anderswo findet. Der klassische, zeitlose Schnitt bewirkt, dass der Bademantel immer modisch ist.<br \/>\nEr hat eine Kapuze, die f\u00fcr extra W\u00e4rme und Gem\u00fctlichkeit sorgt. Durch den Bindeg\u00fcrtel l\u00e4sst sich der Bademantel bequem schlie\u00dfen, hat au\u00dferdem Taschen an den Seiten.<br \/>\nDer Mantel ist pflegeleicht, hautfreundlich und \u00fcberzeugt durch gute Feuchtigkeitsaufnahme.<br \/>\nDieser au\u00dfergew\u00f6hnliche Bademantel mit Kapuze der Marke RAIKOU garantiert durch sein hochwertig verarbeitetes flauschiges Microfaser-Material maximalen Komfort. Die perfekte Passform bleibt auch noch nach vielen W\u00e4schen bestehen. Der extra lange Bademantel (Mitte Wade) kleidet Sie mit moderner sportlicher Eleganz, ob daheim als Morgenmantel, am Pool oder Sauna als stilvoller Bademantel.<br \/>\n<div class=\"main-cross-sell\" data-asin=\"B08QZ61G8H\">\n\n\t<div class=\"WooZone-cross-sell-loader\">\n\t\t<div>\n\t\t\t<div id=\"floatingBarsG\">\n\t\t\t\t<div class=\"blockG\" id=\"rotateG_01\"><\/div>\n\t\t\t\t<div class=\"blockG\" id=\"rotateG_02\"><\/div>\n\t\t\t\t<div class=\"blockG\" id=\"rotateG_03\"><\/div>\n\t\t\t\t<div class=\"blockG\" id=\"rotateG_04\"><\/div>\n\t\t\t\t<div class=\"blockG\" id=\"rotateG_05\"><\/div>\n\t\t\t\t<div class=\"blockG\" id=\"rotateG_06\"><\/div>\n\t\t\t\t<div class=\"blockG\" id=\"rotateG_07\"><\/div>\n\t\t\t\t<div class=\"blockG\" id=\"rotateG_08\"><\/div>\n\t\t\t<\/div>\n\t\t\t<div class=\"WooZone-cross-sell-loader-text\"><\/div>\n\t\t<\/div>\n\t<\/div>\n\n\t\t\n<\/div>\n<div style=\"clear:both;\"><\/div><\/p>\n","protected":false},"excerpt":{"rendered":"<p>Material: 100% Polyester, die Qualit\u00e4t des Stoffes ist herrlich flauschig durch dessen hochwertig verarbeitetes Microfaser-Material, welches maximalen Komfort bietet!<br \/>\nDurch die kontrastfarbenen Abschl\u00fcsse strahlt er noch mehr Gem\u00fctlichkeit aus. Die abgestimmten Farben mit trendigen farblichen Absetzungen am Revers und \u00c4rmelb\u00fcndchen strahlen eine enorme Eleganz aus die man kaum anderswo findet. Der klassische, zeitlose Schnitt bewirkt, dass der Bademantel immer modisch ist.<br \/>\nEr hat eine Kapuze, die f\u00fcr extra W\u00e4rme und Gem\u00fctlichkeit sorgt. Durch den Bindeg\u00fcrtel l\u00e4sst sich der Bademantel bequem schlie\u00dfen, hat au\u00dferdem Taschen an den Seiten.<\/p>\n","protected":false},"featured_media":187042,"comment_status":"open","ping_status":"closed","template":"","meta":[],"product_brand":[],"product_cat":[1186,3920],"product_tag":[],"class_list":{"0":"post-187041","1":"product","2":"type-product","3":"status-publish","4":"has-post-thumbnail","6":"product_cat-bekleidung","7":"product_cat-damen","8":"pa_brand-raikou","10":"first","11":"instock","12":"shipping-taxable","13":"purchasable","14":"product-type-simple","15":"customify-col","16":"product-has-gallery"},"yoast_head":"<!-- This site is optimized with the Yoast SEO plugin v27.4 - https:\/\/yoast.com\/product\/yoast-seo-wordpress\/ -->\n<title>RAIKOU Damen Herren Bademantel, Morgenmantel, Saunamantel, Loungemantel mit Kapuze - Markt-XXL<\/title>\n<meta name=\"description\" content=\"Markt-XXL RAIKOU Damen Herren Bademantel, Morgenmantel, Saunamantel, Loungemantel mit Kapuze\" \/>\n<meta name=\"robots\" content=\"index, follow, max-snippet:-1, max-image-preview:large, max-video-preview:-1\" \/>\n<link rel=\"canonical\" href=\"https:\/\/marktxxl.de\/markt\/produkt\/raikou-damen-herren-bademantel-morgenmantel-saunamantel-loungemantel-mit-kapuze\/\" \/>\n<meta property=\"og:locale\" content=\"de_DE\" \/>\n<meta property=\"og:type\" content=\"article\" \/>\n<meta property=\"og:title\" content=\"RAIKOU Damen Herren Bademantel, Morgenmantel, Saunamantel, Loungemantel mit Kapuze - Markt-XXL\" \/>\n<meta property=\"og:description\" content=\"Markt-XXL RAIKOU Damen Herren Bademantel, Morgenmantel, Saunamantel, Loungemantel mit Kapuze\" \/>\n<meta property=\"og:url\" content=\"https:\/\/marktxxl.de\/markt\/produkt\/raikou-damen-herren-bademantel-morgenmantel-saunamantel-loungemantel-mit-kapuze\/\" \/>\n<meta property=\"og:site_name\" content=\"Markt-XXL\" \/>\n<meta property=\"article:modified_time\" content=\"2023-04-09T03:03:40+00:00\" \/>\n<meta property=\"og:image\" content=\"https:\/\/m.media-amazon.com\/images\/I\/31842GwHSzL._SL500_.jpg\" \/>\n\t<meta property=\"og:image:width\" content=\"334\" \/>\n\t<meta property=\"og:image:height\" content=\"500\" \/>\n\t<meta property=\"og:image:type\" content=\"image\/jpeg\" \/>\n<meta name=\"twitter:card\" content=\"summary_large_image\" \/>\n<meta name=\"twitter:label1\" content=\"Gesch\u00e4tzte Lesezeit\" \/>\n\t<meta name=\"twitter:data1\" content=\"1\u00a0Minute\" \/>\n<script type=\"application\/ld+json\" class=\"yoast-schema-graph\">{\"@context\":\"https:\\\/\\\/schema.org\",\"@graph\":[{\"@type\":\"WebPage\",\"@id\":\"https:\\\/\\\/marktxxl.de\\\/markt\\\/produkt\\\/raikou-damen-herren-bademantel-morgenmantel-saunamantel-loungemantel-mit-kapuze\\\/\",\"url\":\"https:\\\/\\\/marktxxl.de\\\/markt\\\/produkt\\\/raikou-damen-herren-bademantel-morgenmantel-saunamantel-loungemantel-mit-kapuze\\\/\",\"name\":\"RAIKOU Damen Herren Bademantel, Morgenmantel, Saunamantel, Loungemantel mit Kapuze - Markt-XXL\",\"isPartOf\":{\"@id\":\"https:\\\/\\\/marktxxl.de\\\/markt\\\/#website\"},\"primaryImageOfPage\":{\"@id\":\"https:\\\/\\\/marktxxl.de\\\/markt\\\/produkt\\\/raikou-damen-herren-bademantel-morgenmantel-saunamantel-loungemantel-mit-kapuze\\\/#primaryimage\"},\"image\":{\"@id\":\"https:\\\/\\\/marktxxl.de\\\/markt\\\/produkt\\\/raikou-damen-herren-bademantel-morgenmantel-saunamantel-loungemantel-mit-kapuze\\\/#primaryimage\"},\"thumbnailUrl\":\"https:\\\/\\\/m.media-amazon.com\\\/images\\\/I\\\/31842GwHSzL._SL500_.jpg\",\"datePublished\":\"2023-02-09T02:52:44+00:00\",\"dateModified\":\"2023-04-09T03:03:40+00:00\",\"description\":\"Markt-XXL RAIKOU Damen Herren Bademantel, Morgenmantel, Saunamantel, Loungemantel mit Kapuze\",\"breadcrumb\":{\"@id\":\"https:\\\/\\\/marktxxl.de\\\/markt\\\/produkt\\\/raikou-damen-herren-bademantel-morgenmantel-saunamantel-loungemantel-mit-kapuze\\\/#breadcrumb\"},\"inLanguage\":\"de\",\"potentialAction\":[{\"@type\":\"ReadAction\",\"target\":[\"https:\\\/\\\/marktxxl.de\\\/markt\\\/produkt\\\/raikou-damen-herren-bademantel-morgenmantel-saunamantel-loungemantel-mit-kapuze\\\/\"]}]},{\"@type\":\"ImageObject\",\"inLanguage\":\"de\",\"@id\":\"https:\\\/\\\/marktxxl.de\\\/markt\\\/produkt\\\/raikou-damen-herren-bademantel-morgenmantel-saunamantel-loungemantel-mit-kapuze\\\/#primaryimage\",\"url\":\"https:\\\/\\\/m.media-amazon.com\\\/images\\\/I\\\/31842GwHSzL._SL500_.jpg\",\"contentUrl\":\"https:\\\/\\\/m.media-amazon.com\\\/images\\\/I\\\/31842GwHSzL._SL500_.jpg\",\"width\":334,\"height\":500},{\"@type\":\"BreadcrumbList\",\"@id\":\"https:\\\/\\\/marktxxl.de\\\/markt\\\/produkt\\\/raikou-damen-herren-bademantel-morgenmantel-saunamantel-loungemantel-mit-kapuze\\\/#breadcrumb\",\"itemListElement\":[{\"@type\":\"ListItem\",\"position\":1,\"name\":\"Startseite\",\"item\":\"https:\\\/\\\/marktxxl.de\\\/markt\\\/\"},{\"@type\":\"ListItem\",\"position\":2,\"name\":\"Markt\",\"item\":\"https:\\\/\\\/marktxxl.de\\\/markt\\\/\"},{\"@type\":\"ListItem\",\"position\":3,\"name\":\"RAIKOU Damen Herren Bademantel, Morgenmantel, Saunamantel, Loungemantel mit Kapuze\"}]},{\"@type\":\"WebSite\",\"@id\":\"https:\\\/\\\/marktxxl.de\\\/markt\\\/#website\",\"url\":\"https:\\\/\\\/marktxxl.de\\\/markt\\\/\",\"name\":\"Markt-XXL\",\"description\":\"Ihr Markt Online\",\"publisher\":{\"@id\":\"https:\\\/\\\/marktxxl.de\\\/markt\\\/#organization\"},\"potentialAction\":[{\"@type\":\"SearchAction\",\"target\":{\"@type\":\"EntryPoint\",\"urlTemplate\":\"https:\\\/\\\/marktxxl.de\\\/markt\\\/?s={search_term_string}\"},\"query-input\":{\"@type\":\"PropertyValueSpecification\",\"valueRequired\":true,\"valueName\":\"search_term_string\"}}],\"inLanguage\":\"de\"},{\"@type\":\"Organization\",\"@id\":\"https:\\\/\\\/marktxxl.de\\\/markt\\\/#organization\",\"name\":\"Markt-XXL\",\"url\":\"https:\\\/\\\/marktxxl.de\\\/markt\\\/\",\"logo\":{\"@type\":\"ImageObject\",\"inLanguage\":\"de\",\"@id\":\"https:\\\/\\\/marktxxl.de\\\/markt\\\/#\\\/schema\\\/logo\\\/image\\\/\",\"url\":\"https:\\\/\\\/marktxxl.de\\\/markt\\\/wp-content\\\/uploads\\\/sites\\\/3\\\/2020\\\/12\\\/logo.png\",\"contentUrl\":\"https:\\\/\\\/marktxxl.de\\\/markt\\\/wp-content\\\/uploads\\\/sites\\\/3\\\/2020\\\/12\\\/logo.png\",\"width\":200,\"height\":70,\"caption\":\"Markt-XXL\"},\"image\":{\"@id\":\"https:\\\/\\\/marktxxl.de\\\/markt\\\/#\\\/schema\\\/logo\\\/image\\\/\"}}]}<\/script>\n<!-- \/ Yoast SEO plugin. -->","yoast_head_json":{"title":"RAIKOU Damen Herren Bademantel, Morgenmantel, Saunamantel, Loungemantel mit Kapuze - Markt-XXL","description":"Markt-XXL RAIKOU Damen Herren Bademantel, Morgenmantel, Saunamantel, Loungemantel mit Kapuze","robots":{"index":"index","follow":"follow","max-snippet":"max-snippet:-1","max-image-preview":"max-image-preview:large","max-video-preview":"max-video-preview:-1"},"canonical":"https:\/\/marktxxl.de\/markt\/produkt\/raikou-damen-herren-bademantel-morgenmantel-saunamantel-loungemantel-mit-kapuze\/","og_locale":"de_DE","og_type":"article","og_title":"RAIKOU Damen Herren Bademantel, Morgenmantel, Saunamantel, Loungemantel mit Kapuze - Markt-XXL","og_description":"Markt-XXL RAIKOU Damen Herren Bademantel, Morgenmantel, Saunamantel, Loungemantel mit Kapuze","og_url":"https:\/\/marktxxl.de\/markt\/produkt\/raikou-damen-herren-bademantel-morgenmantel-saunamantel-loungemantel-mit-kapuze\/","og_site_name":"Markt-XXL","article_modified_time":"2023-04-09T03:03:40+00:00","og_image":[{"width":334,"height":500,"url":"https:\/\/m.media-amazon.com\/images\/I\/31842GwHSzL._SL500_.jpg","type":"image\/jpeg"}],"twitter_card":"summary_large_image","twitter_misc":{"Gesch\u00e4tzte Lesezeit":"1\u00a0Minute"},"schema":{"@context":"https:\/\/schema.org","@graph":[{"@type":"WebPage","@id":"https:\/\/marktxxl.de\/markt\/produkt\/raikou-damen-herren-bademantel-morgenmantel-saunamantel-loungemantel-mit-kapuze\/","url":"https:\/\/marktxxl.de\/markt\/produkt\/raikou-damen-herren-bademantel-morgenmantel-saunamantel-loungemantel-mit-kapuze\/","name":"RAIKOU Damen Herren Bademantel, Morgenmantel, Saunamantel, Loungemantel mit Kapuze - Markt-XXL","isPartOf":{"@id":"https:\/\/marktxxl.de\/markt\/#website"},"primaryImageOfPage":{"@id":"https:\/\/marktxxl.de\/markt\/produkt\/raikou-damen-herren-bademantel-morgenmantel-saunamantel-loungemantel-mit-kapuze\/#primaryimage"},"image":{"@id":"https:\/\/marktxxl.de\/markt\/produkt\/raikou-damen-herren-bademantel-morgenmantel-saunamantel-loungemantel-mit-kapuze\/#primaryimage"},"thumbnailUrl":"https:\/\/m.media-amazon.com\/images\/I\/31842GwHSzL._SL500_.jpg","datePublished":"2023-02-09T02:52:44+00:00","dateModified":"2023-04-09T03:03:40+00:00","description":"Markt-XXL RAIKOU Damen Herren Bademantel, Morgenmantel, Saunamantel, Loungemantel mit Kapuze","breadcrumb":{"@id":"https:\/\/marktxxl.de\/markt\/produkt\/raikou-damen-herren-bademantel-morgenmantel-saunamantel-loungemantel-mit-kapuze\/#breadcrumb"},"inLanguage":"de","potentialAction":[{"@type":"ReadAction","target":["https:\/\/marktxxl.de\/markt\/produkt\/raikou-damen-herren-bademantel-morgenmantel-saunamantel-loungemantel-mit-kapuze\/"]}]},{"@type":"ImageObject","inLanguage":"de","@id":"https:\/\/marktxxl.de\/markt\/produkt\/raikou-damen-herren-bademantel-morgenmantel-saunamantel-loungemantel-mit-kapuze\/#primaryimage","url":"https:\/\/m.media-amazon.com\/images\/I\/31842GwHSzL._SL500_.jpg","contentUrl":"https:\/\/m.media-amazon.com\/images\/I\/31842GwHSzL._SL500_.jpg","width":334,"height":500},{"@type":"BreadcrumbList","@id":"https:\/\/marktxxl.de\/markt\/produkt\/raikou-damen-herren-bademantel-morgenmantel-saunamantel-loungemantel-mit-kapuze\/#breadcrumb","itemListElement":[{"@type":"ListItem","position":1,"name":"Startseite","item":"https:\/\/marktxxl.de\/markt\/"},{"@type":"ListItem","position":2,"name":"Markt","item":"https:\/\/marktxxl.de\/markt\/"},{"@type":"ListItem","position":3,"name":"RAIKOU Damen Herren Bademantel, Morgenmantel, Saunamantel, Loungemantel mit Kapuze"}]},{"@type":"WebSite","@id":"https:\/\/marktxxl.de\/markt\/#website","url":"https:\/\/marktxxl.de\/markt\/","name":"Markt-XXL","description":"Ihr Markt Online","publisher":{"@id":"https:\/\/marktxxl.de\/markt\/#organization"},"potentialAction":[{"@type":"SearchAction","target":{"@type":"EntryPoint","urlTemplate":"https:\/\/marktxxl.de\/markt\/?s={search_term_string}"},"query-input":{"@type":"PropertyValueSpecification","valueRequired":true,"valueName":"search_term_string"}}],"inLanguage":"de"},{"@type":"Organization","@id":"https:\/\/marktxxl.de\/markt\/#organization","name":"Markt-XXL","url":"https:\/\/marktxxl.de\/markt\/","logo":{"@type":"ImageObject","inLanguage":"de","@id":"https:\/\/marktxxl.de\/markt\/#\/schema\/logo\/image\/","url":"https:\/\/marktxxl.de\/markt\/wp-content\/uploads\/sites\/3\/2020\/12\/logo.png","contentUrl":"https:\/\/marktxxl.de\/markt\/wp-content\/uploads\/sites\/3\/2020\/12\/logo.png","width":200,"height":70,"caption":"Markt-XXL"},"image":{"@id":"https:\/\/marktxxl.de\/markt\/#\/schema\/logo\/image\/"}}]}},"_links":{"self":[{"href":"https:\/\/marktxxl.de\/markt\/wp-json\/wp\/v2\/product\/187041","targetHints":{"allow":["GET"]}}],"collection":[{"href":"https:\/\/marktxxl.de\/markt\/wp-json\/wp\/v2\/product"}],"about":[{"href":"https:\/\/marktxxl.de\/markt\/wp-json\/wp\/v2\/types\/product"}],"replies":[{"embeddable":true,"href":"https:\/\/marktxxl.de\/markt\/wp-json\/wp\/v2\/comments?post=187041"}],"wp:featuredmedia":[{"embeddable":true,"href":"https:\/\/marktxxl.de\/markt\/wp-json\/wp\/v2\/media\/187042"}],"wp:attachment":[{"href":"https:\/\/marktxxl.de\/markt\/wp-json\/wp\/v2\/media?parent=187041"}],"wp:term":[{"taxonomy":"product_brand","embeddable":true,"href":"https:\/\/marktxxl.de\/markt\/wp-json\/wp\/v2\/product_brand?post=187041"},{"taxonomy":"product_cat","embeddable":true,"href":"https:\/\/marktxxl.de\/markt\/wp-json\/wp\/v2\/product_cat?post=187041"},{"taxonomy":"product_tag","embeddable":true,"href":"https:\/\/marktxxl.de\/markt\/wp-json\/wp\/v2\/product_tag?post=187041"}],"curies":[{"name":"wp","href":"https:\/\/api.w.org\/{rel}","templated":true}]}}