{"id":186996,"date":"2023-02-09T03:50:10","date_gmt":"2023-02-09T02:50:10","guid":{"rendered":"https:\/\/marktxxl.de\/markt\/produkt\/wenlia-uebergrosse-hoodie-sweatshirt-fuer-erwachsene-sherpa-decke-sweatshirt-flanell-hoodies-giant-pluesch-pullover-decke-mit-kapuze-warme-hoodie-one-size-fits-all-passt-maenner-frauen-jugendliche\/"},"modified":"2023-04-09T05:03:38","modified_gmt":"2023-04-09T03:03:38","slug":"wenlia-uebergrosse-hoodie-sweatshirt-fuer-erwachsene-sherpa-decke-sweatshirt-flanell-hoodies-giant-pluesch-pullover-decke-mit-kapuze-warme-hoodie-one-size-fits-all-passt-maenner-frauen-jugendliche","status":"publish","type":"product","link":"https:\/\/marktxxl.de\/markt\/produkt\/wenlia-uebergrosse-hoodie-sweatshirt-fuer-erwachsene-sherpa-decke-sweatshirt-flanell-hoodies-giant-pluesch-pullover-decke-mit-kapuze-warme-hoodie-one-size-fits-all-passt-maenner-frauen-jugendliche\/","title":{"rendered":"Wenlia \u00dcbergro\u00dfe Hoodie Sweatshirt f\u00fcr Erwachsene, Sherpa Decke Sweatshirt Flanell Hoodies Giant Pl\u00fcsch Pullover Decke\u2026"},"content":{"rendered":"<p>Einzigartiges Druckdesign: Dieses \u00fcbergro\u00dfe Hoodie-Sweatshirt nimmt ein neues Designmuster an. Es stehen 4 Muster zur Auswahl. Es eignet sich nicht nur f\u00fcr die Freizeit zu Hause, sondern auch f\u00fcr den Spaziergang mit dem Hund und auch f\u00fcr Reise und Urlaub. Es bietet Ihnen nicht nur das w\u00e4rmste Erlebnis w\u00e4hrend des langen Winters, sondern erm\u00f6glicht es Ihnen auch, an der Spitze der Mode zu stehen.<br \/>\nEinheitsgr\u00f6\u00dfe: Tats\u00e4chliche Gr\u00f6\u00dfe: lang: 48 Zoll * Breite: 77 Zoll herum, entspricht einem 6xl-Sweatshirt. Egal, ob Sie nach einem \u00fcbergro\u00dfen Sweatshirt, einer Sherpa-Decke oder etwas Kuscheligem suchen, um die meisten Menschen zu beschenken, die \u00fcbergro\u00dfe Sherpa-Decke von Wenlia ist die beste Wahl im Winter.<br \/>\n\u00dcbergro\u00dfes Taschendesign: Ger\u00e4umige Vordertaschen halten nicht nur Ihre H\u00e4nde warm, sondern auch Ihr Handy, Ihre Fernbedienung und Snacks. Mit dem Sherpa Decke Sweatshirt haben Sie alles, was Sie brauchen, immer griffbereit. L\u00e4ssiger Stil, auch zum Anziehen au\u00dferhalb des Hauses geeignet.<br \/>\nSherpa-gef\u00fcttertes Design: Das gr\u00f6\u00dfte Highlight dieser Flanell-Hoodies ist das Sherpa-gef\u00fctterte Design, das Sie im kalten Winter von Kopf bis Fu\u00df warm halten kann. Die weiche Fleece-Decke von innen und au\u00dfen ist die perfekte Wahl f\u00fcr Ihren entspannten Morgen und Abend oder nach einem Bad, Spa-Tag oder Faulenzen im Haus den ganzen Winter lang.<br \/>\nKapuzendesign &amp; Hohe Qualit\u00e4t &amp; Pflegeleicht: Mit einer gro\u00dfen, ger\u00e4umigen Kapuze h\u00e4lt Warme Hoodie Ihren Kopf im kalten Winter warm. Das gesamte Kapuzen-Sweatshirt aus warmem Sherpa-Fleece und samtigem Flanell h\u00e4lt warm und ist super bequem. Maschinenwaschbar, bei niedriger Temperatur im Trockner trocknen, kein B\u00fcgeln oder teure Reinigung erforderlich!<br \/>\n<div class=\"main-cross-sell\" data-asin=\"B097CQTF32\">\n\n\t<div class=\"WooZone-cross-sell-loader\">\n\t\t<div>\n\t\t\t<div id=\"floatingBarsG\">\n\t\t\t\t<div class=\"blockG\" id=\"rotateG_01\"><\/div>\n\t\t\t\t<div class=\"blockG\" id=\"rotateG_02\"><\/div>\n\t\t\t\t<div class=\"blockG\" id=\"rotateG_03\"><\/div>\n\t\t\t\t<div class=\"blockG\" id=\"rotateG_04\"><\/div>\n\t\t\t\t<div class=\"blockG\" id=\"rotateG_05\"><\/div>\n\t\t\t\t<div class=\"blockG\" id=\"rotateG_06\"><\/div>\n\t\t\t\t<div class=\"blockG\" id=\"rotateG_07\"><\/div>\n\t\t\t\t<div class=\"blockG\" id=\"rotateG_08\"><\/div>\n\t\t\t<\/div>\n\t\t\t<div class=\"WooZone-cross-sell-loader-text\"><\/div>\n\t\t<\/div>\n\t<\/div>\n\n\t\t\n<\/div>\n<div style=\"clear:both;\"><\/div><\/p>\n","protected":false},"excerpt":{"rendered":"<p>Einzigartiges Druckdesign: Dieses \u00fcbergro\u00dfe Hoodie-Sweatshirt nimmt ein neues Designmuster an. Es stehen 4 Muster zur Auswahl. Es eignet sich nicht nur f\u00fcr die Freizeit zu Hause, sondern auch f\u00fcr den Spaziergang mit dem Hund und auch f\u00fcr Reise und Urlaub. Es bietet Ihnen nicht nur das w\u00e4rmste Erlebnis w\u00e4hrend des langen Winters, sondern erm\u00f6glicht es Ihnen auch, an der Spitze der Mode zu stehen.<br \/>\nEinheitsgr\u00f6\u00dfe: Tats\u00e4chliche Gr\u00f6\u00dfe: lang: 48 Zoll * Breite: 77 Zoll herum, entspricht einem 6xl-Sweatshirt. Egal, ob Sie nach einem \u00fcbergro\u00dfen Sweatshirt, einer Sherpa-Decke oder etwas Kuscheligem suchen, um die meisten Menschen zu beschenken, die \u00fcbergro\u00dfe Sherpa-Decke von Wenlia ist die beste Wahl im Winter.<br \/>\n\u00dcbergro\u00dfes Taschendesign: Ger\u00e4umige Vordertaschen halten nicht nur Ihre H\u00e4nde warm, sondern auch Ihr Handy, Ihre Fernbedienung und Snacks. Mit dem Sherpa Decke Sweatshirt haben Sie alles, was Sie brauchen, immer griffbereit. L\u00e4ssiger Stil, auch zum Anziehen au\u00dferhalb des Hauses geeignet.<\/p>\n","protected":false},"featured_media":186997,"comment_status":"open","ping_status":"closed","template":"","meta":[],"product_brand":[],"product_cat":[1186,3920],"product_tag":[],"class_list":{"0":"post-186996","1":"product","2":"type-product","3":"status-publish","4":"has-post-thumbnail","6":"product_cat-bekleidung","7":"product_cat-damen","8":"pa_brand-wenlia","9":"pa_manufacturer-xunyue","10":"pa_size-einheitsgroesse-tall","12":"first","13":"instock","14":"shipping-taxable","15":"purchasable","16":"product-type-simple","17":"customify-col","18":"product-has-gallery"},"yoast_head":"<!-- This site is optimized with the Yoast SEO plugin v27.4 - https:\/\/yoast.com\/product\/yoast-seo-wordpress\/ -->\n<title>Wenlia \u00dcbergro\u00dfe Hoodie Sweatshirt f\u00fcr Erwachsene, Sherpa Decke Sweatshirt Flanell Hoodies Giant Pl\u00fcsch Pullover Decke\u2026 - Markt-XXL<\/title>\n<meta name=\"description\" content=\"Markt-XXL Wenlia \u00dcbergro\u00dfe Hoodie Sweatshirt f\u00fcr Erwachsene, Sherpa Decke Sweatshirt Flanell Hoodies Giant Pl\u00fcsch Pullover Decke\u2026\" \/>\n<meta name=\"robots\" content=\"index, follow, max-snippet:-1, max-image-preview:large, max-video-preview:-1\" \/>\n<link rel=\"canonical\" href=\"https:\/\/marktxxl.de\/markt\/produkt\/wenlia-uebergrosse-hoodie-sweatshirt-fuer-erwachsene-sherpa-decke-sweatshirt-flanell-hoodies-giant-pluesch-pullover-decke-mit-kapuze-warme-hoodie-one-size-fits-all-passt-maenner-frauen-jugendliche\/\" \/>\n<meta property=\"og:locale\" content=\"de_DE\" \/>\n<meta property=\"og:type\" content=\"article\" \/>\n<meta property=\"og:title\" content=\"Wenlia \u00dcbergro\u00dfe Hoodie Sweatshirt f\u00fcr Erwachsene, Sherpa Decke Sweatshirt Flanell Hoodies Giant Pl\u00fcsch Pullover Decke\u2026 - Markt-XXL\" \/>\n<meta property=\"og:description\" content=\"Markt-XXL Wenlia \u00dcbergro\u00dfe Hoodie Sweatshirt f\u00fcr Erwachsene, Sherpa Decke Sweatshirt Flanell Hoodies Giant Pl\u00fcsch Pullover Decke\u2026\" \/>\n<meta property=\"og:url\" content=\"https:\/\/marktxxl.de\/markt\/produkt\/wenlia-uebergrosse-hoodie-sweatshirt-fuer-erwachsene-sherpa-decke-sweatshirt-flanell-hoodies-giant-pluesch-pullover-decke-mit-kapuze-warme-hoodie-one-size-fits-all-passt-maenner-frauen-jugendliche\/\" \/>\n<meta property=\"og:site_name\" content=\"Markt-XXL\" \/>\n<meta property=\"article:modified_time\" content=\"2023-04-09T03:03:38+00:00\" \/>\n<meta property=\"og:image\" content=\"https:\/\/m.media-amazon.com\/images\/I\/41G4xWIgOFL._SL500_.jpg\" \/>\n\t<meta property=\"og:image:width\" content=\"500\" \/>\n\t<meta property=\"og:image:height\" content=\"500\" \/>\n\t<meta property=\"og:image:type\" content=\"image\/jpeg\" \/>\n<meta name=\"twitter:card\" content=\"summary_large_image\" \/>\n<meta name=\"twitter:label1\" content=\"Gesch\u00e4tzte Lesezeit\" \/>\n\t<meta name=\"twitter:data1\" content=\"1\u00a0Minute\" \/>\n<script type=\"application\/ld+json\" class=\"yoast-schema-graph\">{\"@context\":\"https:\\\/\\\/schema.org\",\"@graph\":[{\"@type\":\"WebPage\",\"@id\":\"https:\\\/\\\/marktxxl.de\\\/markt\\\/produkt\\\/wenlia-uebergrosse-hoodie-sweatshirt-fuer-erwachsene-sherpa-decke-sweatshirt-flanell-hoodies-giant-pluesch-pullover-decke-mit-kapuze-warme-hoodie-one-size-fits-all-passt-maenner-frauen-jugendliche\\\/\",\"url\":\"https:\\\/\\\/marktxxl.de\\\/markt\\\/produkt\\\/wenlia-uebergrosse-hoodie-sweatshirt-fuer-erwachsene-sherpa-decke-sweatshirt-flanell-hoodies-giant-pluesch-pullover-decke-mit-kapuze-warme-hoodie-one-size-fits-all-passt-maenner-frauen-jugendliche\\\/\",\"name\":\"Wenlia \u00dcbergro\u00dfe Hoodie Sweatshirt f\u00fcr Erwachsene, Sherpa Decke Sweatshirt Flanell Hoodies Giant Pl\u00fcsch Pullover Decke\u2026 - Markt-XXL\",\"isPartOf\":{\"@id\":\"https:\\\/\\\/marktxxl.de\\\/markt\\\/#website\"},\"primaryImageOfPage\":{\"@id\":\"https:\\\/\\\/marktxxl.de\\\/markt\\\/produkt\\\/wenlia-uebergrosse-hoodie-sweatshirt-fuer-erwachsene-sherpa-decke-sweatshirt-flanell-hoodies-giant-pluesch-pullover-decke-mit-kapuze-warme-hoodie-one-size-fits-all-passt-maenner-frauen-jugendliche\\\/#primaryimage\"},\"image\":{\"@id\":\"https:\\\/\\\/marktxxl.de\\\/markt\\\/produkt\\\/wenlia-uebergrosse-hoodie-sweatshirt-fuer-erwachsene-sherpa-decke-sweatshirt-flanell-hoodies-giant-pluesch-pullover-decke-mit-kapuze-warme-hoodie-one-size-fits-all-passt-maenner-frauen-jugendliche\\\/#primaryimage\"},\"thumbnailUrl\":\"https:\\\/\\\/m.media-amazon.com\\\/images\\\/I\\\/41G4xWIgOFL._SL500_.jpg\",\"datePublished\":\"2023-02-09T02:50:10+00:00\",\"dateModified\":\"2023-04-09T03:03:38+00:00\",\"description\":\"Markt-XXL Wenlia \u00dcbergro\u00dfe Hoodie Sweatshirt f\u00fcr Erwachsene, Sherpa Decke Sweatshirt Flanell Hoodies Giant Pl\u00fcsch Pullover Decke\u2026\",\"breadcrumb\":{\"@id\":\"https:\\\/\\\/marktxxl.de\\\/markt\\\/produkt\\\/wenlia-uebergrosse-hoodie-sweatshirt-fuer-erwachsene-sherpa-decke-sweatshirt-flanell-hoodies-giant-pluesch-pullover-decke-mit-kapuze-warme-hoodie-one-size-fits-all-passt-maenner-frauen-jugendliche\\\/#breadcrumb\"},\"inLanguage\":\"de\",\"potentialAction\":[{\"@type\":\"ReadAction\",\"target\":[\"https:\\\/\\\/marktxxl.de\\\/markt\\\/produkt\\\/wenlia-uebergrosse-hoodie-sweatshirt-fuer-erwachsene-sherpa-decke-sweatshirt-flanell-hoodies-giant-pluesch-pullover-decke-mit-kapuze-warme-hoodie-one-size-fits-all-passt-maenner-frauen-jugendliche\\\/\"]}]},{\"@type\":\"ImageObject\",\"inLanguage\":\"de\",\"@id\":\"https:\\\/\\\/marktxxl.de\\\/markt\\\/produkt\\\/wenlia-uebergrosse-hoodie-sweatshirt-fuer-erwachsene-sherpa-decke-sweatshirt-flanell-hoodies-giant-pluesch-pullover-decke-mit-kapuze-warme-hoodie-one-size-fits-all-passt-maenner-frauen-jugendliche\\\/#primaryimage\",\"url\":\"https:\\\/\\\/m.media-amazon.com\\\/images\\\/I\\\/41G4xWIgOFL._SL500_.jpg\",\"contentUrl\":\"https:\\\/\\\/m.media-amazon.com\\\/images\\\/I\\\/41G4xWIgOFL._SL500_.jpg\",\"width\":500,\"height\":500},{\"@type\":\"BreadcrumbList\",\"@id\":\"https:\\\/\\\/marktxxl.de\\\/markt\\\/produkt\\\/wenlia-uebergrosse-hoodie-sweatshirt-fuer-erwachsene-sherpa-decke-sweatshirt-flanell-hoodies-giant-pluesch-pullover-decke-mit-kapuze-warme-hoodie-one-size-fits-all-passt-maenner-frauen-jugendliche\\\/#breadcrumb\",\"itemListElement\":[{\"@type\":\"ListItem\",\"position\":1,\"name\":\"Startseite\",\"item\":\"https:\\\/\\\/marktxxl.de\\\/markt\\\/\"},{\"@type\":\"ListItem\",\"position\":2,\"name\":\"Markt\",\"item\":\"https:\\\/\\\/marktxxl.de\\\/markt\\\/\"},{\"@type\":\"ListItem\",\"position\":3,\"name\":\"Wenlia \u00dcbergro\u00dfe Hoodie Sweatshirt f\u00fcr Erwachsene, Sherpa Decke Sweatshirt Flanell Hoodies Giant Pl\u00fcsch Pullover Decke\u2026\"}]},{\"@type\":\"WebSite\",\"@id\":\"https:\\\/\\\/marktxxl.de\\\/markt\\\/#website\",\"url\":\"https:\\\/\\\/marktxxl.de\\\/markt\\\/\",\"name\":\"Markt-XXL\",\"description\":\"Ihr Markt Online\",\"publisher\":{\"@id\":\"https:\\\/\\\/marktxxl.de\\\/markt\\\/#organization\"},\"potentialAction\":[{\"@type\":\"SearchAction\",\"target\":{\"@type\":\"EntryPoint\",\"urlTemplate\":\"https:\\\/\\\/marktxxl.de\\\/markt\\\/?s={search_term_string}\"},\"query-input\":{\"@type\":\"PropertyValueSpecification\",\"valueRequired\":true,\"valueName\":\"search_term_string\"}}],\"inLanguage\":\"de\"},{\"@type\":\"Organization\",\"@id\":\"https:\\\/\\\/marktxxl.de\\\/markt\\\/#organization\",\"name\":\"Markt-XXL\",\"url\":\"https:\\\/\\\/marktxxl.de\\\/markt\\\/\",\"logo\":{\"@type\":\"ImageObject\",\"inLanguage\":\"de\",\"@id\":\"https:\\\/\\\/marktxxl.de\\\/markt\\\/#\\\/schema\\\/logo\\\/image\\\/\",\"url\":\"https:\\\/\\\/marktxxl.de\\\/markt\\\/wp-content\\\/uploads\\\/sites\\\/3\\\/2020\\\/12\\\/logo.png\",\"contentUrl\":\"https:\\\/\\\/marktxxl.de\\\/markt\\\/wp-content\\\/uploads\\\/sites\\\/3\\\/2020\\\/12\\\/logo.png\",\"width\":200,\"height\":70,\"caption\":\"Markt-XXL\"},\"image\":{\"@id\":\"https:\\\/\\\/marktxxl.de\\\/markt\\\/#\\\/schema\\\/logo\\\/image\\\/\"}}]}<\/script>\n<!-- \/ Yoast SEO plugin. -->","yoast_head_json":{"title":"Wenlia \u00dcbergro\u00dfe Hoodie Sweatshirt f\u00fcr Erwachsene, Sherpa Decke Sweatshirt Flanell Hoodies Giant Pl\u00fcsch Pullover Decke\u2026 - Markt-XXL","description":"Markt-XXL Wenlia \u00dcbergro\u00dfe Hoodie Sweatshirt f\u00fcr Erwachsene, Sherpa Decke Sweatshirt Flanell Hoodies Giant Pl\u00fcsch Pullover Decke\u2026","robots":{"index":"index","follow":"follow","max-snippet":"max-snippet:-1","max-image-preview":"max-image-preview:large","max-video-preview":"max-video-preview:-1"},"canonical":"https:\/\/marktxxl.de\/markt\/produkt\/wenlia-uebergrosse-hoodie-sweatshirt-fuer-erwachsene-sherpa-decke-sweatshirt-flanell-hoodies-giant-pluesch-pullover-decke-mit-kapuze-warme-hoodie-one-size-fits-all-passt-maenner-frauen-jugendliche\/","og_locale":"de_DE","og_type":"article","og_title":"Wenlia \u00dcbergro\u00dfe Hoodie Sweatshirt f\u00fcr Erwachsene, Sherpa Decke Sweatshirt Flanell Hoodies Giant Pl\u00fcsch Pullover Decke\u2026 - Markt-XXL","og_description":"Markt-XXL Wenlia \u00dcbergro\u00dfe Hoodie Sweatshirt f\u00fcr Erwachsene, Sherpa Decke Sweatshirt Flanell Hoodies Giant Pl\u00fcsch Pullover Decke\u2026","og_url":"https:\/\/marktxxl.de\/markt\/produkt\/wenlia-uebergrosse-hoodie-sweatshirt-fuer-erwachsene-sherpa-decke-sweatshirt-flanell-hoodies-giant-pluesch-pullover-decke-mit-kapuze-warme-hoodie-one-size-fits-all-passt-maenner-frauen-jugendliche\/","og_site_name":"Markt-XXL","article_modified_time":"2023-04-09T03:03:38+00:00","og_image":[{"width":500,"height":500,"url":"https:\/\/m.media-amazon.com\/images\/I\/41G4xWIgOFL._SL500_.jpg","type":"image\/jpeg"}],"twitter_card":"summary_large_image","twitter_misc":{"Gesch\u00e4tzte Lesezeit":"1\u00a0Minute"},"schema":{"@context":"https:\/\/schema.org","@graph":[{"@type":"WebPage","@id":"https:\/\/marktxxl.de\/markt\/produkt\/wenlia-uebergrosse-hoodie-sweatshirt-fuer-erwachsene-sherpa-decke-sweatshirt-flanell-hoodies-giant-pluesch-pullover-decke-mit-kapuze-warme-hoodie-one-size-fits-all-passt-maenner-frauen-jugendliche\/","url":"https:\/\/marktxxl.de\/markt\/produkt\/wenlia-uebergrosse-hoodie-sweatshirt-fuer-erwachsene-sherpa-decke-sweatshirt-flanell-hoodies-giant-pluesch-pullover-decke-mit-kapuze-warme-hoodie-one-size-fits-all-passt-maenner-frauen-jugendliche\/","name":"Wenlia \u00dcbergro\u00dfe Hoodie Sweatshirt f\u00fcr Erwachsene, Sherpa Decke Sweatshirt Flanell Hoodies Giant Pl\u00fcsch Pullover Decke\u2026 - Markt-XXL","isPartOf":{"@id":"https:\/\/marktxxl.de\/markt\/#website"},"primaryImageOfPage":{"@id":"https:\/\/marktxxl.de\/markt\/produkt\/wenlia-uebergrosse-hoodie-sweatshirt-fuer-erwachsene-sherpa-decke-sweatshirt-flanell-hoodies-giant-pluesch-pullover-decke-mit-kapuze-warme-hoodie-one-size-fits-all-passt-maenner-frauen-jugendliche\/#primaryimage"},"image":{"@id":"https:\/\/marktxxl.de\/markt\/produkt\/wenlia-uebergrosse-hoodie-sweatshirt-fuer-erwachsene-sherpa-decke-sweatshirt-flanell-hoodies-giant-pluesch-pullover-decke-mit-kapuze-warme-hoodie-one-size-fits-all-passt-maenner-frauen-jugendliche\/#primaryimage"},"thumbnailUrl":"https:\/\/m.media-amazon.com\/images\/I\/41G4xWIgOFL._SL500_.jpg","datePublished":"2023-02-09T02:50:10+00:00","dateModified":"2023-04-09T03:03:38+00:00","description":"Markt-XXL Wenlia \u00dcbergro\u00dfe Hoodie Sweatshirt f\u00fcr Erwachsene, Sherpa Decke Sweatshirt Flanell Hoodies Giant Pl\u00fcsch Pullover Decke\u2026","breadcrumb":{"@id":"https:\/\/marktxxl.de\/markt\/produkt\/wenlia-uebergrosse-hoodie-sweatshirt-fuer-erwachsene-sherpa-decke-sweatshirt-flanell-hoodies-giant-pluesch-pullover-decke-mit-kapuze-warme-hoodie-one-size-fits-all-passt-maenner-frauen-jugendliche\/#breadcrumb"},"inLanguage":"de","potentialAction":[{"@type":"ReadAction","target":["https:\/\/marktxxl.de\/markt\/produkt\/wenlia-uebergrosse-hoodie-sweatshirt-fuer-erwachsene-sherpa-decke-sweatshirt-flanell-hoodies-giant-pluesch-pullover-decke-mit-kapuze-warme-hoodie-one-size-fits-all-passt-maenner-frauen-jugendliche\/"]}]},{"@type":"ImageObject","inLanguage":"de","@id":"https:\/\/marktxxl.de\/markt\/produkt\/wenlia-uebergrosse-hoodie-sweatshirt-fuer-erwachsene-sherpa-decke-sweatshirt-flanell-hoodies-giant-pluesch-pullover-decke-mit-kapuze-warme-hoodie-one-size-fits-all-passt-maenner-frauen-jugendliche\/#primaryimage","url":"https:\/\/m.media-amazon.com\/images\/I\/41G4xWIgOFL._SL500_.jpg","contentUrl":"https:\/\/m.media-amazon.com\/images\/I\/41G4xWIgOFL._SL500_.jpg","width":500,"height":500},{"@type":"BreadcrumbList","@id":"https:\/\/marktxxl.de\/markt\/produkt\/wenlia-uebergrosse-hoodie-sweatshirt-fuer-erwachsene-sherpa-decke-sweatshirt-flanell-hoodies-giant-pluesch-pullover-decke-mit-kapuze-warme-hoodie-one-size-fits-all-passt-maenner-frauen-jugendliche\/#breadcrumb","itemListElement":[{"@type":"ListItem","position":1,"name":"Startseite","item":"https:\/\/marktxxl.de\/markt\/"},{"@type":"ListItem","position":2,"name":"Markt","item":"https:\/\/marktxxl.de\/markt\/"},{"@type":"ListItem","position":3,"name":"Wenlia \u00dcbergro\u00dfe Hoodie Sweatshirt f\u00fcr Erwachsene, Sherpa Decke Sweatshirt Flanell Hoodies Giant Pl\u00fcsch Pullover Decke\u2026"}]},{"@type":"WebSite","@id":"https:\/\/marktxxl.de\/markt\/#website","url":"https:\/\/marktxxl.de\/markt\/","name":"Markt-XXL","description":"Ihr Markt Online","publisher":{"@id":"https:\/\/marktxxl.de\/markt\/#organization"},"potentialAction":[{"@type":"SearchAction","target":{"@type":"EntryPoint","urlTemplate":"https:\/\/marktxxl.de\/markt\/?s={search_term_string}"},"query-input":{"@type":"PropertyValueSpecification","valueRequired":true,"valueName":"search_term_string"}}],"inLanguage":"de"},{"@type":"Organization","@id":"https:\/\/marktxxl.de\/markt\/#organization","name":"Markt-XXL","url":"https:\/\/marktxxl.de\/markt\/","logo":{"@type":"ImageObject","inLanguage":"de","@id":"https:\/\/marktxxl.de\/markt\/#\/schema\/logo\/image\/","url":"https:\/\/marktxxl.de\/markt\/wp-content\/uploads\/sites\/3\/2020\/12\/logo.png","contentUrl":"https:\/\/marktxxl.de\/markt\/wp-content\/uploads\/sites\/3\/2020\/12\/logo.png","width":200,"height":70,"caption":"Markt-XXL"},"image":{"@id":"https:\/\/marktxxl.de\/markt\/#\/schema\/logo\/image\/"}}]}},"_links":{"self":[{"href":"https:\/\/marktxxl.de\/markt\/wp-json\/wp\/v2\/product\/186996","targetHints":{"allow":["GET"]}}],"collection":[{"href":"https:\/\/marktxxl.de\/markt\/wp-json\/wp\/v2\/product"}],"about":[{"href":"https:\/\/marktxxl.de\/markt\/wp-json\/wp\/v2\/types\/product"}],"replies":[{"embeddable":true,"href":"https:\/\/marktxxl.de\/markt\/wp-json\/wp\/v2\/comments?post=186996"}],"wp:featuredmedia":[{"embeddable":true,"href":"https:\/\/marktxxl.de\/markt\/wp-json\/wp\/v2\/media\/186997"}],"wp:attachment":[{"href":"https:\/\/marktxxl.de\/markt\/wp-json\/wp\/v2\/media?parent=186996"}],"wp:term":[{"taxonomy":"product_brand","embeddable":true,"href":"https:\/\/marktxxl.de\/markt\/wp-json\/wp\/v2\/product_brand?post=186996"},{"taxonomy":"product_cat","embeddable":true,"href":"https:\/\/marktxxl.de\/markt\/wp-json\/wp\/v2\/product_cat?post=186996"},{"taxonomy":"product_tag","embeddable":true,"href":"https:\/\/marktxxl.de\/markt\/wp-json\/wp\/v2\/product_tag?post=186996"}],"curies":[{"name":"wp","href":"https:\/\/api.w.org\/{rel}","templated":true}]}}