{"id":186862,"date":"2023-02-09T03:46:12","date_gmt":"2023-02-09T02:46:12","guid":{"rendered":"https:\/\/marktxxl.de\/markt\/produkt\/lababe-kuechenarmatur-pull-down-spritze-edelstahl-spuele-armaturen-single-griff-hohe-arc-nickel-gebuerstet-wasserhahn-mit-pull-out-sprayerarmatur-fuer-die-kueche-360-schwenkbar2-modus-wasserh\/"},"modified":"2023-04-09T05:03:37","modified_gmt":"2023-04-09T03:03:37","slug":"lababe-kuechenarmatur-pull-down-spritze-edelstahl-spuele-armaturen-single-griff-hohe-arc-nickel-gebuerstet-wasserhahn-mit-pull-out-sprayerarmatur-fuer-die-kueche-360-schwenkbar2-modus-wasserh","status":"publish","type":"product","link":"https:\/\/marktxxl.de\/markt\/produkt\/lababe-kuechenarmatur-pull-down-spritze-edelstahl-spuele-armaturen-single-griff-hohe-arc-nickel-gebuerstet-wasserhahn-mit-pull-out-sprayerarmatur-fuer-die-kueche-360-schwenkbar2-modus-wasserh\/","title":{"rendered":"LABABE K\u00fcchenarmatur Pull Down Spritze-Edelstahl-Sp\u00fcle Armaturen Single Griff Hohe Arc, Nickel geb\u00fcrstet Wasserhahn mit\u2026"},"content":{"rendered":"<p>DESIGN UND HOHE QUALIT\u00c4T &#8211; Unser geb\u00fcrstetes Nickel Design-Finish widersteht Kratzer und Korrosion und ist mit der massiven 304-Edelstahl Konstruktion sehr Langlebigkeit.<br \/>\nK\u00fcchenarmatur mit drei-Strahlarten Brause, 360\u00b0 drehbar, k\u00f6nnen Sie bequem Sp\u00fclecke reinigen oder Gem\u00fcse waschen . Die Einstellung Strahl zum Einf\u00fcllen von Wasser, Brause zum Sp\u00fclen, Halten zum Vermeiden von Spritzern im Wechsel-Modus.<br \/>\nEINFACHE MONTAGE &#8211; Schlie\u00dfen Sie einfach den in der Armatur vorinstallierten Brauseschlauch und den Wasserleitungsschlauch an den Anschl\u00fcssen Ihres Sp\u00fcltisches an. Sparen Sie sich so viel Zeit bei der Montage unter der Ihrer Sp\u00fcle. Es ist kein Klempner f\u00fcr die Montage notwendig, denn unsere Montageanleitung ist simpel gestaltet und erm\u00f6glicht eine Montage in weniger als 30 Minuten.<br \/>\nPRAKTISCHE &amp; EINFACHE BEDIENUNG &#8211; Das Design mit dem Einhandgriff erm\u00f6glicht die Steuerung der Wassertemperatur und des Wasserdurchflusses. Der 360-Grad-Schwenkauslauf liefert volle Nutzbarkeit am Waschbereich. Das aktualisierte mechanische R\u00fcckzugssystem sorgt daf\u00fcr, dass die ausziehbare Brause nach Gebrauch immer an seinem urspr\u00fcnglichen Platz sitzt.<br \/>\nKUNDENSERVICE &amp; HERSTELLERGARANTIE &#8211; Wir bieten Ihne eine 2 Jahre Herstellergarantie und ein 90 Tage R\u00fcckgaberecht. Zus\u00e4tzlich erhalten Sie eine lebenslange Teileaustauschgarantie. Sie sind durch eine 100% Geld-zur\u00fcck-Garantie bestens abgesichert.<br \/>\n<div class=\"main-cross-sell\" data-asin=\"B07M7J7RBB\">\n\n\t<div class=\"WooZone-cross-sell-loader\">\n\t\t<div>\n\t\t\t<div id=\"floatingBarsG\">\n\t\t\t\t<div class=\"blockG\" id=\"rotateG_01\"><\/div>\n\t\t\t\t<div class=\"blockG\" id=\"rotateG_02\"><\/div>\n\t\t\t\t<div class=\"blockG\" id=\"rotateG_03\"><\/div>\n\t\t\t\t<div class=\"blockG\" id=\"rotateG_04\"><\/div>\n\t\t\t\t<div class=\"blockG\" id=\"rotateG_05\"><\/div>\n\t\t\t\t<div class=\"blockG\" id=\"rotateG_06\"><\/div>\n\t\t\t\t<div class=\"blockG\" id=\"rotateG_07\"><\/div>\n\t\t\t\t<div class=\"blockG\" id=\"rotateG_08\"><\/div>\n\t\t\t<\/div>\n\t\t\t<div class=\"WooZone-cross-sell-loader-text\"><\/div>\n\t\t<\/div>\n\t<\/div>\n\n\t\t\n<\/div>\n<div style=\"clear:both;\"><\/div><\/p>\n","protected":false},"excerpt":{"rendered":"<p>DESIGN UND HOHE QUALIT\u00c4T &#8211; Unser geb\u00fcrstetes Nickel Design-Finish widersteht Kratzer und Korrosion und ist mit der massiven 304-Edelstahl Konstruktion sehr Langlebigkeit.<br \/>\nK\u00fcchenarmatur mit drei-Strahlarten Brause, 360\u00b0 drehbar, k\u00f6nnen Sie bequem Sp\u00fclecke reinigen oder Gem\u00fcse waschen . Die Einstellung Strahl zum Einf\u00fcllen von Wasser, Brause zum Sp\u00fclen, Halten zum Vermeiden von Spritzern im Wechsel-Modus.<br \/>\nEINFACHE MONTAGE &#8211; Schlie\u00dfen Sie einfach den in der Armatur vorinstallierten Brauseschlauch und den Wasserleitungsschlauch an den Anschl\u00fcssen Ihres Sp\u00fcltisches an. Sparen Sie sich so viel Zeit bei der Montage unter der Ihrer Sp\u00fcle. Es ist kein Klempner f\u00fcr die Montage notwendig, denn unsere Montageanleitung ist simpel gestaltet und erm\u00f6glicht eine Montage in weniger als 30 Minuten.<\/p>\n","protected":false},"featured_media":186863,"comment_status":"open","ping_status":"closed","template":"","meta":[],"product_brand":[],"product_cat":[1983,11101],"product_tag":[],"class_list":{"0":"post-186862","1":"product","2":"type-product","3":"status-publish","4":"has-post-thumbnail","6":"product_cat-baumarkt","7":"product_cat-kuechen-badinstallation","8":"pa_binding-werkzeug","9":"pa_brand-lababe","10":"pa_color-xx3","11":"pa_height-16-4-zoll","12":"pa_length-10-zoll","13":"pa_manufacturer-lababe","14":"pa_model-e02y11-02-02bn","15":"pa_size-xx3","16":"pa_width-2-56-zoll","18":"first","19":"instock","20":"shipping-taxable","21":"purchasable","22":"product-type-simple","23":"customify-col","24":"product-has-gallery"},"yoast_head":"<!-- This site is optimized with the Yoast SEO plugin v27.4 - https:\/\/yoast.com\/product\/yoast-seo-wordpress\/ -->\n<title>LABABE K\u00fcchenarmatur Pull Down Spritze-Edelstahl-Sp\u00fcle Armaturen Single Griff Hohe Arc, Nickel geb\u00fcrstet Wasserhahn mit\u2026 - Markt-XXL<\/title>\n<meta name=\"description\" content=\"Markt-XXL LABABE K\u00fcchenarmatur Pull Down Spritze-Edelstahl-Sp\u00fcle Armaturen Single Griff Hohe Arc, Nickel geb\u00fcrstet Wasserhahn mit\u2026\" \/>\n<meta name=\"robots\" content=\"index, follow, max-snippet:-1, max-image-preview:large, max-video-preview:-1\" \/>\n<link rel=\"canonical\" href=\"https:\/\/marktxxl.de\/markt\/produkt\/lababe-kuechenarmatur-pull-down-spritze-edelstahl-spuele-armaturen-single-griff-hohe-arc-nickel-gebuerstet-wasserhahn-mit-pull-out-sprayerarmatur-fuer-die-kueche-360-schwenkbar2-modus-wasserh\/\" \/>\n<meta property=\"og:locale\" content=\"de_DE\" \/>\n<meta property=\"og:type\" content=\"article\" \/>\n<meta property=\"og:title\" content=\"LABABE K\u00fcchenarmatur Pull Down Spritze-Edelstahl-Sp\u00fcle Armaturen Single Griff Hohe Arc, Nickel geb\u00fcrstet Wasserhahn mit\u2026 - Markt-XXL\" \/>\n<meta property=\"og:description\" content=\"Markt-XXL LABABE K\u00fcchenarmatur Pull Down Spritze-Edelstahl-Sp\u00fcle Armaturen Single Griff Hohe Arc, Nickel geb\u00fcrstet Wasserhahn mit\u2026\" \/>\n<meta property=\"og:url\" content=\"https:\/\/marktxxl.de\/markt\/produkt\/lababe-kuechenarmatur-pull-down-spritze-edelstahl-spuele-armaturen-single-griff-hohe-arc-nickel-gebuerstet-wasserhahn-mit-pull-out-sprayerarmatur-fuer-die-kueche-360-schwenkbar2-modus-wasserh\/\" \/>\n<meta property=\"og:site_name\" content=\"Markt-XXL\" \/>\n<meta property=\"article:modified_time\" content=\"2023-04-09T03:03:37+00:00\" \/>\n<meta property=\"og:image\" content=\"https:\/\/m.media-amazon.com\/images\/I\/31kZ0EEkPjL._SL500_.jpg\" \/>\n\t<meta property=\"og:image:width\" content=\"500\" \/>\n\t<meta property=\"og:image:height\" content=\"500\" \/>\n\t<meta property=\"og:image:type\" content=\"image\/jpeg\" \/>\n<meta name=\"twitter:card\" content=\"summary_large_image\" \/>\n<meta name=\"twitter:label1\" content=\"Gesch\u00e4tzte Lesezeit\" \/>\n\t<meta name=\"twitter:data1\" content=\"1\u00a0Minute\" \/>\n<script type=\"application\/ld+json\" class=\"yoast-schema-graph\">{\"@context\":\"https:\\\/\\\/schema.org\",\"@graph\":[{\"@type\":\"WebPage\",\"@id\":\"https:\\\/\\\/marktxxl.de\\\/markt\\\/produkt\\\/lababe-kuechenarmatur-pull-down-spritze-edelstahl-spuele-armaturen-single-griff-hohe-arc-nickel-gebuerstet-wasserhahn-mit-pull-out-sprayerarmatur-fuer-die-kueche-360-schwenkbar2-modus-wasserh\\\/\",\"url\":\"https:\\\/\\\/marktxxl.de\\\/markt\\\/produkt\\\/lababe-kuechenarmatur-pull-down-spritze-edelstahl-spuele-armaturen-single-griff-hohe-arc-nickel-gebuerstet-wasserhahn-mit-pull-out-sprayerarmatur-fuer-die-kueche-360-schwenkbar2-modus-wasserh\\\/\",\"name\":\"LABABE K\u00fcchenarmatur Pull Down Spritze-Edelstahl-Sp\u00fcle Armaturen Single Griff Hohe Arc, Nickel geb\u00fcrstet Wasserhahn mit\u2026 - Markt-XXL\",\"isPartOf\":{\"@id\":\"https:\\\/\\\/marktxxl.de\\\/markt\\\/#website\"},\"primaryImageOfPage\":{\"@id\":\"https:\\\/\\\/marktxxl.de\\\/markt\\\/produkt\\\/lababe-kuechenarmatur-pull-down-spritze-edelstahl-spuele-armaturen-single-griff-hohe-arc-nickel-gebuerstet-wasserhahn-mit-pull-out-sprayerarmatur-fuer-die-kueche-360-schwenkbar2-modus-wasserh\\\/#primaryimage\"},\"image\":{\"@id\":\"https:\\\/\\\/marktxxl.de\\\/markt\\\/produkt\\\/lababe-kuechenarmatur-pull-down-spritze-edelstahl-spuele-armaturen-single-griff-hohe-arc-nickel-gebuerstet-wasserhahn-mit-pull-out-sprayerarmatur-fuer-die-kueche-360-schwenkbar2-modus-wasserh\\\/#primaryimage\"},\"thumbnailUrl\":\"https:\\\/\\\/m.media-amazon.com\\\/images\\\/I\\\/31kZ0EEkPjL._SL500_.jpg\",\"datePublished\":\"2023-02-09T02:46:12+00:00\",\"dateModified\":\"2023-04-09T03:03:37+00:00\",\"description\":\"Markt-XXL LABABE K\u00fcchenarmatur Pull Down Spritze-Edelstahl-Sp\u00fcle Armaturen Single Griff Hohe Arc, Nickel geb\u00fcrstet Wasserhahn mit\u2026\",\"breadcrumb\":{\"@id\":\"https:\\\/\\\/marktxxl.de\\\/markt\\\/produkt\\\/lababe-kuechenarmatur-pull-down-spritze-edelstahl-spuele-armaturen-single-griff-hohe-arc-nickel-gebuerstet-wasserhahn-mit-pull-out-sprayerarmatur-fuer-die-kueche-360-schwenkbar2-modus-wasserh\\\/#breadcrumb\"},\"inLanguage\":\"de\",\"potentialAction\":[{\"@type\":\"ReadAction\",\"target\":[\"https:\\\/\\\/marktxxl.de\\\/markt\\\/produkt\\\/lababe-kuechenarmatur-pull-down-spritze-edelstahl-spuele-armaturen-single-griff-hohe-arc-nickel-gebuerstet-wasserhahn-mit-pull-out-sprayerarmatur-fuer-die-kueche-360-schwenkbar2-modus-wasserh\\\/\"]}]},{\"@type\":\"ImageObject\",\"inLanguage\":\"de\",\"@id\":\"https:\\\/\\\/marktxxl.de\\\/markt\\\/produkt\\\/lababe-kuechenarmatur-pull-down-spritze-edelstahl-spuele-armaturen-single-griff-hohe-arc-nickel-gebuerstet-wasserhahn-mit-pull-out-sprayerarmatur-fuer-die-kueche-360-schwenkbar2-modus-wasserh\\\/#primaryimage\",\"url\":\"https:\\\/\\\/m.media-amazon.com\\\/images\\\/I\\\/31kZ0EEkPjL._SL500_.jpg\",\"contentUrl\":\"https:\\\/\\\/m.media-amazon.com\\\/images\\\/I\\\/31kZ0EEkPjL._SL500_.jpg\",\"width\":500,\"height\":500},{\"@type\":\"BreadcrumbList\",\"@id\":\"https:\\\/\\\/marktxxl.de\\\/markt\\\/produkt\\\/lababe-kuechenarmatur-pull-down-spritze-edelstahl-spuele-armaturen-single-griff-hohe-arc-nickel-gebuerstet-wasserhahn-mit-pull-out-sprayerarmatur-fuer-die-kueche-360-schwenkbar2-modus-wasserh\\\/#breadcrumb\",\"itemListElement\":[{\"@type\":\"ListItem\",\"position\":1,\"name\":\"Startseite\",\"item\":\"https:\\\/\\\/marktxxl.de\\\/markt\\\/\"},{\"@type\":\"ListItem\",\"position\":2,\"name\":\"Markt\",\"item\":\"https:\\\/\\\/marktxxl.de\\\/markt\\\/\"},{\"@type\":\"ListItem\",\"position\":3,\"name\":\"LABABE K\u00fcchenarmatur Pull Down Spritze-Edelstahl-Sp\u00fcle Armaturen Single Griff Hohe Arc, Nickel geb\u00fcrstet Wasserhahn mit\u2026\"}]},{\"@type\":\"WebSite\",\"@id\":\"https:\\\/\\\/marktxxl.de\\\/markt\\\/#website\",\"url\":\"https:\\\/\\\/marktxxl.de\\\/markt\\\/\",\"name\":\"Markt-XXL\",\"description\":\"Ihr Markt Online\",\"publisher\":{\"@id\":\"https:\\\/\\\/marktxxl.de\\\/markt\\\/#organization\"},\"potentialAction\":[{\"@type\":\"SearchAction\",\"target\":{\"@type\":\"EntryPoint\",\"urlTemplate\":\"https:\\\/\\\/marktxxl.de\\\/markt\\\/?s={search_term_string}\"},\"query-input\":{\"@type\":\"PropertyValueSpecification\",\"valueRequired\":true,\"valueName\":\"search_term_string\"}}],\"inLanguage\":\"de\"},{\"@type\":\"Organization\",\"@id\":\"https:\\\/\\\/marktxxl.de\\\/markt\\\/#organization\",\"name\":\"Markt-XXL\",\"url\":\"https:\\\/\\\/marktxxl.de\\\/markt\\\/\",\"logo\":{\"@type\":\"ImageObject\",\"inLanguage\":\"de\",\"@id\":\"https:\\\/\\\/marktxxl.de\\\/markt\\\/#\\\/schema\\\/logo\\\/image\\\/\",\"url\":\"https:\\\/\\\/marktxxl.de\\\/markt\\\/wp-content\\\/uploads\\\/sites\\\/3\\\/2020\\\/12\\\/logo.png\",\"contentUrl\":\"https:\\\/\\\/marktxxl.de\\\/markt\\\/wp-content\\\/uploads\\\/sites\\\/3\\\/2020\\\/12\\\/logo.png\",\"width\":200,\"height\":70,\"caption\":\"Markt-XXL\"},\"image\":{\"@id\":\"https:\\\/\\\/marktxxl.de\\\/markt\\\/#\\\/schema\\\/logo\\\/image\\\/\"}}]}<\/script>\n<!-- \/ Yoast SEO plugin. -->","yoast_head_json":{"title":"LABABE K\u00fcchenarmatur Pull Down Spritze-Edelstahl-Sp\u00fcle Armaturen Single Griff Hohe Arc, Nickel geb\u00fcrstet Wasserhahn mit\u2026 - Markt-XXL","description":"Markt-XXL LABABE K\u00fcchenarmatur Pull Down Spritze-Edelstahl-Sp\u00fcle Armaturen Single Griff Hohe Arc, Nickel geb\u00fcrstet Wasserhahn mit\u2026","robots":{"index":"index","follow":"follow","max-snippet":"max-snippet:-1","max-image-preview":"max-image-preview:large","max-video-preview":"max-video-preview:-1"},"canonical":"https:\/\/marktxxl.de\/markt\/produkt\/lababe-kuechenarmatur-pull-down-spritze-edelstahl-spuele-armaturen-single-griff-hohe-arc-nickel-gebuerstet-wasserhahn-mit-pull-out-sprayerarmatur-fuer-die-kueche-360-schwenkbar2-modus-wasserh\/","og_locale":"de_DE","og_type":"article","og_title":"LABABE K\u00fcchenarmatur Pull Down Spritze-Edelstahl-Sp\u00fcle Armaturen Single Griff Hohe Arc, Nickel geb\u00fcrstet Wasserhahn mit\u2026 - Markt-XXL","og_description":"Markt-XXL LABABE K\u00fcchenarmatur Pull Down Spritze-Edelstahl-Sp\u00fcle Armaturen Single Griff Hohe Arc, Nickel geb\u00fcrstet Wasserhahn mit\u2026","og_url":"https:\/\/marktxxl.de\/markt\/produkt\/lababe-kuechenarmatur-pull-down-spritze-edelstahl-spuele-armaturen-single-griff-hohe-arc-nickel-gebuerstet-wasserhahn-mit-pull-out-sprayerarmatur-fuer-die-kueche-360-schwenkbar2-modus-wasserh\/","og_site_name":"Markt-XXL","article_modified_time":"2023-04-09T03:03:37+00:00","og_image":[{"width":500,"height":500,"url":"https:\/\/m.media-amazon.com\/images\/I\/31kZ0EEkPjL._SL500_.jpg","type":"image\/jpeg"}],"twitter_card":"summary_large_image","twitter_misc":{"Gesch\u00e4tzte Lesezeit":"1\u00a0Minute"},"schema":{"@context":"https:\/\/schema.org","@graph":[{"@type":"WebPage","@id":"https:\/\/marktxxl.de\/markt\/produkt\/lababe-kuechenarmatur-pull-down-spritze-edelstahl-spuele-armaturen-single-griff-hohe-arc-nickel-gebuerstet-wasserhahn-mit-pull-out-sprayerarmatur-fuer-die-kueche-360-schwenkbar2-modus-wasserh\/","url":"https:\/\/marktxxl.de\/markt\/produkt\/lababe-kuechenarmatur-pull-down-spritze-edelstahl-spuele-armaturen-single-griff-hohe-arc-nickel-gebuerstet-wasserhahn-mit-pull-out-sprayerarmatur-fuer-die-kueche-360-schwenkbar2-modus-wasserh\/","name":"LABABE K\u00fcchenarmatur Pull Down Spritze-Edelstahl-Sp\u00fcle Armaturen Single Griff Hohe Arc, Nickel geb\u00fcrstet Wasserhahn mit\u2026 - Markt-XXL","isPartOf":{"@id":"https:\/\/marktxxl.de\/markt\/#website"},"primaryImageOfPage":{"@id":"https:\/\/marktxxl.de\/markt\/produkt\/lababe-kuechenarmatur-pull-down-spritze-edelstahl-spuele-armaturen-single-griff-hohe-arc-nickel-gebuerstet-wasserhahn-mit-pull-out-sprayerarmatur-fuer-die-kueche-360-schwenkbar2-modus-wasserh\/#primaryimage"},"image":{"@id":"https:\/\/marktxxl.de\/markt\/produkt\/lababe-kuechenarmatur-pull-down-spritze-edelstahl-spuele-armaturen-single-griff-hohe-arc-nickel-gebuerstet-wasserhahn-mit-pull-out-sprayerarmatur-fuer-die-kueche-360-schwenkbar2-modus-wasserh\/#primaryimage"},"thumbnailUrl":"https:\/\/m.media-amazon.com\/images\/I\/31kZ0EEkPjL._SL500_.jpg","datePublished":"2023-02-09T02:46:12+00:00","dateModified":"2023-04-09T03:03:37+00:00","description":"Markt-XXL LABABE K\u00fcchenarmatur Pull Down Spritze-Edelstahl-Sp\u00fcle Armaturen Single Griff Hohe Arc, Nickel geb\u00fcrstet Wasserhahn mit\u2026","breadcrumb":{"@id":"https:\/\/marktxxl.de\/markt\/produkt\/lababe-kuechenarmatur-pull-down-spritze-edelstahl-spuele-armaturen-single-griff-hohe-arc-nickel-gebuerstet-wasserhahn-mit-pull-out-sprayerarmatur-fuer-die-kueche-360-schwenkbar2-modus-wasserh\/#breadcrumb"},"inLanguage":"de","potentialAction":[{"@type":"ReadAction","target":["https:\/\/marktxxl.de\/markt\/produkt\/lababe-kuechenarmatur-pull-down-spritze-edelstahl-spuele-armaturen-single-griff-hohe-arc-nickel-gebuerstet-wasserhahn-mit-pull-out-sprayerarmatur-fuer-die-kueche-360-schwenkbar2-modus-wasserh\/"]}]},{"@type":"ImageObject","inLanguage":"de","@id":"https:\/\/marktxxl.de\/markt\/produkt\/lababe-kuechenarmatur-pull-down-spritze-edelstahl-spuele-armaturen-single-griff-hohe-arc-nickel-gebuerstet-wasserhahn-mit-pull-out-sprayerarmatur-fuer-die-kueche-360-schwenkbar2-modus-wasserh\/#primaryimage","url":"https:\/\/m.media-amazon.com\/images\/I\/31kZ0EEkPjL._SL500_.jpg","contentUrl":"https:\/\/m.media-amazon.com\/images\/I\/31kZ0EEkPjL._SL500_.jpg","width":500,"height":500},{"@type":"BreadcrumbList","@id":"https:\/\/marktxxl.de\/markt\/produkt\/lababe-kuechenarmatur-pull-down-spritze-edelstahl-spuele-armaturen-single-griff-hohe-arc-nickel-gebuerstet-wasserhahn-mit-pull-out-sprayerarmatur-fuer-die-kueche-360-schwenkbar2-modus-wasserh\/#breadcrumb","itemListElement":[{"@type":"ListItem","position":1,"name":"Startseite","item":"https:\/\/marktxxl.de\/markt\/"},{"@type":"ListItem","position":2,"name":"Markt","item":"https:\/\/marktxxl.de\/markt\/"},{"@type":"ListItem","position":3,"name":"LABABE K\u00fcchenarmatur Pull Down Spritze-Edelstahl-Sp\u00fcle Armaturen Single Griff Hohe Arc, Nickel geb\u00fcrstet Wasserhahn mit\u2026"}]},{"@type":"WebSite","@id":"https:\/\/marktxxl.de\/markt\/#website","url":"https:\/\/marktxxl.de\/markt\/","name":"Markt-XXL","description":"Ihr Markt Online","publisher":{"@id":"https:\/\/marktxxl.de\/markt\/#organization"},"potentialAction":[{"@type":"SearchAction","target":{"@type":"EntryPoint","urlTemplate":"https:\/\/marktxxl.de\/markt\/?s={search_term_string}"},"query-input":{"@type":"PropertyValueSpecification","valueRequired":true,"valueName":"search_term_string"}}],"inLanguage":"de"},{"@type":"Organization","@id":"https:\/\/marktxxl.de\/markt\/#organization","name":"Markt-XXL","url":"https:\/\/marktxxl.de\/markt\/","logo":{"@type":"ImageObject","inLanguage":"de","@id":"https:\/\/marktxxl.de\/markt\/#\/schema\/logo\/image\/","url":"https:\/\/marktxxl.de\/markt\/wp-content\/uploads\/sites\/3\/2020\/12\/logo.png","contentUrl":"https:\/\/marktxxl.de\/markt\/wp-content\/uploads\/sites\/3\/2020\/12\/logo.png","width":200,"height":70,"caption":"Markt-XXL"},"image":{"@id":"https:\/\/marktxxl.de\/markt\/#\/schema\/logo\/image\/"}}]}},"_links":{"self":[{"href":"https:\/\/marktxxl.de\/markt\/wp-json\/wp\/v2\/product\/186862","targetHints":{"allow":["GET"]}}],"collection":[{"href":"https:\/\/marktxxl.de\/markt\/wp-json\/wp\/v2\/product"}],"about":[{"href":"https:\/\/marktxxl.de\/markt\/wp-json\/wp\/v2\/types\/product"}],"replies":[{"embeddable":true,"href":"https:\/\/marktxxl.de\/markt\/wp-json\/wp\/v2\/comments?post=186862"}],"wp:featuredmedia":[{"embeddable":true,"href":"https:\/\/marktxxl.de\/markt\/wp-json\/wp\/v2\/media\/186863"}],"wp:attachment":[{"href":"https:\/\/marktxxl.de\/markt\/wp-json\/wp\/v2\/media?parent=186862"}],"wp:term":[{"taxonomy":"product_brand","embeddable":true,"href":"https:\/\/marktxxl.de\/markt\/wp-json\/wp\/v2\/product_brand?post=186862"},{"taxonomy":"product_cat","embeddable":true,"href":"https:\/\/marktxxl.de\/markt\/wp-json\/wp\/v2\/product_cat?post=186862"},{"taxonomy":"product_tag","embeddable":true,"href":"https:\/\/marktxxl.de\/markt\/wp-json\/wp\/v2\/product_tag?post=186862"}],"curies":[{"name":"wp","href":"https:\/\/api.w.org\/{rel}","templated":true}]}}