{"id":186798,"date":"2023-02-09T03:35:02","date_gmt":"2023-02-09T02:35:02","guid":{"rendered":"https:\/\/marktxxl.de\/markt\/produkt\/kindred-bravely-universelles-arbeits-und-lieferumhang-3-in-1-arbeit-lieferung-krankenpflege\/"},"modified":"2023-04-09T05:03:36","modified_gmt":"2023-04-09T03:03:36","slug":"kindred-bravely-universelles-arbeits-und-lieferumhang-3-in-1-arbeit-lieferung-krankenpflege","status":"publish","type":"product","link":"https:\/\/marktxxl.de\/markt\/produkt\/kindred-bravely-universelles-arbeits-und-lieferumhang-3-in-1-arbeit-lieferung-krankenpflege\/","title":{"rendered":"Kindred Bravely Universelles Arbeits- und Lieferumhang | 3-in-1 Arbeit, Lieferung, Krankenpflege"},"content":{"rendered":"<p>Entworfen f\u00fcr M\u00fctter \u2013 keine unbequemen, traben, standardm\u00e4\u00dfigen Krankenhausm\u00e4ntel mehr. Dieser Mutterschaftskrankenhausmantel wurde aus gutem Grund zum Gewinner der Mutter gew\u00e4hlt und hat einen weichen Stoff, der sich wie Ihr Lieblings-T-Shirt anf\u00fchlt.<br \/>\nVollst\u00e4ndige Abdeckung \u2013 Vergessen Sie die l\u00e4stigen, schwer zu bindenden Saiten; Sie m\u00fcssen sich keine Sorgen \u00fcber unerwartete Blinken machen. Dieses Arbeits- und Lieferkleid ist buchst\u00e4blich abgedeckt. Klettverschl\u00fcsse, die die volle L\u00e4nge der Vorder- und R\u00fcckseite der Kleider\u00f6ffnungen verl\u00e4ngern, sorgen f\u00fcr eine totale Abdeckung und Bescheidenheit.<br \/>\nVon \u00c4rzten und Doulas empfohlen \u2013 Krankenhauspersonal sch\u00e4tzen die praktischen Funktionen dieses Arbeitsmantels wie die Klettverschluss-Vorderseite, die sich vollst\u00e4ndig \u00f6ffnen l\u00e4sst, f\u00fcr die fetale \u00dcberwachung und den C-Abschnitt Schnittkontrollen, und der Klettverschluss auf der R\u00fcckseite, der sich leicht \u00f6ffnen l\u00e4sst, um epiduralen Zugang zu erhalten. Die Schulterkn\u00f6pfe machen das Stillen und den IV-Zugang zum Kinderspiel.<br \/>\nMultifunktionales Design \u2013 ob Sie es als Geburtskleid w\u00e4hrend der Arbeit und Lieferung oder als Stillkleid nach der Geburt tragen, Sie werden es in Ihrer Krankenhaustasche verpackt haben. Die zwei gro\u00dfen Taschen sind ideal f\u00fcr Handy, Stilleinlagen und andere wichtige Dinge, und die Klettverschluss-Vorderseite sorgt f\u00fcr schnellen und einfachen Hautkontakt.<br \/>\nGr\u00f6\u00dfe f\u00fcr Sie \u2013 keine Krankenhauskittel mehr in Einheitsgr\u00f6\u00dfe. W\u00e4hlen Sie zwischen zwei Gr\u00f6\u00dfen: S-M-L passt Babybeulen bis zu 45 Zoll und XL-XXL passt Baby Unebenheiten 46-51 Zoll. Au\u00dferdem ist dieser Umstandskrankenhausmantel maschinenwaschbar f\u00fcr einfache Pflege.<br \/>\n<div class=\"main-cross-sell\" data-asin=\"B08H15YGY9\">\n\n\t<div class=\"WooZone-cross-sell-loader\">\n\t\t<div>\n\t\t\t<div id=\"floatingBarsG\">\n\t\t\t\t<div class=\"blockG\" id=\"rotateG_01\"><\/div>\n\t\t\t\t<div class=\"blockG\" id=\"rotateG_02\"><\/div>\n\t\t\t\t<div class=\"blockG\" id=\"rotateG_03\"><\/div>\n\t\t\t\t<div class=\"blockG\" id=\"rotateG_04\"><\/div>\n\t\t\t\t<div class=\"blockG\" id=\"rotateG_05\"><\/div>\n\t\t\t\t<div class=\"blockG\" id=\"rotateG_06\"><\/div>\n\t\t\t\t<div class=\"blockG\" id=\"rotateG_07\"><\/div>\n\t\t\t\t<div class=\"blockG\" id=\"rotateG_08\"><\/div>\n\t\t\t<\/div>\n\t\t\t<div class=\"WooZone-cross-sell-loader-text\"><\/div>\n\t\t<\/div>\n\t<\/div>\n\n\t\t\n<\/div>\n<div style=\"clear:both;\"><\/div><\/p>\n","protected":false},"excerpt":{"rendered":"<p>Entworfen f\u00fcr M\u00fctter \u2013 keine unbequemen, traben, standardm\u00e4\u00dfigen Krankenhausm\u00e4ntel mehr. Dieser Mutterschaftskrankenhausmantel wurde aus gutem Grund zum Gewinner der Mutter gew\u00e4hlt und hat einen weichen Stoff, der sich wie Ihr Lieblings-T-Shirt anf\u00fchlt.<br \/>\nVollst\u00e4ndige Abdeckung \u2013 Vergessen Sie die l\u00e4stigen, schwer zu bindenden Saiten; Sie m\u00fcssen sich keine Sorgen \u00fcber unerwartete Blinken machen. Dieses Arbeits- und Lieferkleid ist buchst\u00e4blich abgedeckt. Klettverschl\u00fcsse, die die volle L\u00e4nge der Vorder- und R\u00fcckseite der Kleider\u00f6ffnungen verl\u00e4ngern, sorgen f\u00fcr eine totale Abdeckung und Bescheidenheit.<br \/>\nVon \u00c4rzten und Doulas empfohlen \u2013 Krankenhauspersonal sch\u00e4tzen die praktischen Funktionen dieses Arbeitsmantels wie die Klettverschluss-Vorderseite, die sich vollst\u00e4ndig \u00f6ffnen l\u00e4sst, f\u00fcr die fetale \u00dcberwachung und den C-Abschnitt Schnittkontrollen, und der Klettverschluss auf der R\u00fcckseite, der sich leicht \u00f6ffnen l\u00e4sst, um epiduralen Zugang zu erhalten. Die Schulterkn\u00f6pfe machen das Stillen und den IV-Zugang zum Kinderspiel.<\/p>\n","protected":false},"featured_media":186799,"comment_status":"open","ping_status":"closed","template":"","meta":[],"product_brand":[],"product_cat":[21,9478],"product_tag":[],"class_list":{"0":"post-186798","1":"product","2":"type-product","3":"status-publish","4":"has-post-thumbnail","6":"product_cat-baby","7":"product_cat-umstandskleidung-baby","8":"pa_binding-textilien","9":"pa_brand-kindred-bravely","10":"pa_height-0-5-zoll","11":"pa_length-14-zoll","12":"pa_width-11-zoll","14":"first","15":"instock","16":"shipping-taxable","17":"purchasable","18":"product-type-simple","19":"customify-col","20":"product-has-gallery"},"yoast_head":"<!-- This site is optimized with the Yoast SEO plugin v27.4 - https:\/\/yoast.com\/product\/yoast-seo-wordpress\/ -->\n<title>Kindred Bravely Universelles Arbeits- und Lieferumhang | 3-in-1 Arbeit, Lieferung, Krankenpflege - Markt-XXL<\/title>\n<meta name=\"description\" content=\"Markt-XXL Kindred Bravely Universelles Arbeits- und Lieferumhang | 3-in-1 Arbeit, Lieferung, Krankenpflege\" \/>\n<meta name=\"robots\" content=\"index, follow, max-snippet:-1, max-image-preview:large, max-video-preview:-1\" \/>\n<link rel=\"canonical\" href=\"https:\/\/marktxxl.de\/markt\/produkt\/kindred-bravely-universelles-arbeits-und-lieferumhang-3-in-1-arbeit-lieferung-krankenpflege\/\" \/>\n<meta property=\"og:locale\" content=\"de_DE\" \/>\n<meta property=\"og:type\" content=\"article\" \/>\n<meta property=\"og:title\" content=\"Kindred Bravely Universelles Arbeits- und Lieferumhang | 3-in-1 Arbeit, Lieferung, Krankenpflege - Markt-XXL\" \/>\n<meta property=\"og:description\" content=\"Markt-XXL Kindred Bravely Universelles Arbeits- und Lieferumhang | 3-in-1 Arbeit, Lieferung, Krankenpflege\" \/>\n<meta property=\"og:url\" content=\"https:\/\/marktxxl.de\/markt\/produkt\/kindred-bravely-universelles-arbeits-und-lieferumhang-3-in-1-arbeit-lieferung-krankenpflege\/\" \/>\n<meta property=\"og:site_name\" content=\"Markt-XXL\" \/>\n<meta property=\"article:modified_time\" content=\"2023-04-09T03:03:36+00:00\" \/>\n<meta property=\"og:image\" content=\"https:\/\/m.media-amazon.com\/images\/I\/41Zg9kIl7kL._SL500_.jpg\" \/>\n\t<meta property=\"og:image:width\" content=\"400\" \/>\n\t<meta property=\"og:image:height\" content=\"500\" \/>\n\t<meta property=\"og:image:type\" content=\"image\/jpeg\" \/>\n<meta name=\"twitter:card\" content=\"summary_large_image\" \/>\n<meta name=\"twitter:label1\" content=\"Gesch\u00e4tzte Lesezeit\" \/>\n\t<meta name=\"twitter:data1\" content=\"1\u00a0Minute\" \/>\n<script type=\"application\/ld+json\" class=\"yoast-schema-graph\">{\"@context\":\"https:\\\/\\\/schema.org\",\"@graph\":[{\"@type\":\"WebPage\",\"@id\":\"https:\\\/\\\/marktxxl.de\\\/markt\\\/produkt\\\/kindred-bravely-universelles-arbeits-und-lieferumhang-3-in-1-arbeit-lieferung-krankenpflege\\\/\",\"url\":\"https:\\\/\\\/marktxxl.de\\\/markt\\\/produkt\\\/kindred-bravely-universelles-arbeits-und-lieferumhang-3-in-1-arbeit-lieferung-krankenpflege\\\/\",\"name\":\"Kindred Bravely Universelles Arbeits- und Lieferumhang | 3-in-1 Arbeit, Lieferung, Krankenpflege - Markt-XXL\",\"isPartOf\":{\"@id\":\"https:\\\/\\\/marktxxl.de\\\/markt\\\/#website\"},\"primaryImageOfPage\":{\"@id\":\"https:\\\/\\\/marktxxl.de\\\/markt\\\/produkt\\\/kindred-bravely-universelles-arbeits-und-lieferumhang-3-in-1-arbeit-lieferung-krankenpflege\\\/#primaryimage\"},\"image\":{\"@id\":\"https:\\\/\\\/marktxxl.de\\\/markt\\\/produkt\\\/kindred-bravely-universelles-arbeits-und-lieferumhang-3-in-1-arbeit-lieferung-krankenpflege\\\/#primaryimage\"},\"thumbnailUrl\":\"https:\\\/\\\/m.media-amazon.com\\\/images\\\/I\\\/41Zg9kIl7kL._SL500_.jpg\",\"datePublished\":\"2023-02-09T02:35:02+00:00\",\"dateModified\":\"2023-04-09T03:03:36+00:00\",\"description\":\"Markt-XXL Kindred Bravely Universelles Arbeits- und Lieferumhang | 3-in-1 Arbeit, Lieferung, Krankenpflege\",\"breadcrumb\":{\"@id\":\"https:\\\/\\\/marktxxl.de\\\/markt\\\/produkt\\\/kindred-bravely-universelles-arbeits-und-lieferumhang-3-in-1-arbeit-lieferung-krankenpflege\\\/#breadcrumb\"},\"inLanguage\":\"de\",\"potentialAction\":[{\"@type\":\"ReadAction\",\"target\":[\"https:\\\/\\\/marktxxl.de\\\/markt\\\/produkt\\\/kindred-bravely-universelles-arbeits-und-lieferumhang-3-in-1-arbeit-lieferung-krankenpflege\\\/\"]}]},{\"@type\":\"ImageObject\",\"inLanguage\":\"de\",\"@id\":\"https:\\\/\\\/marktxxl.de\\\/markt\\\/produkt\\\/kindred-bravely-universelles-arbeits-und-lieferumhang-3-in-1-arbeit-lieferung-krankenpflege\\\/#primaryimage\",\"url\":\"https:\\\/\\\/m.media-amazon.com\\\/images\\\/I\\\/41Zg9kIl7kL._SL500_.jpg\",\"contentUrl\":\"https:\\\/\\\/m.media-amazon.com\\\/images\\\/I\\\/41Zg9kIl7kL._SL500_.jpg\",\"width\":400,\"height\":500},{\"@type\":\"BreadcrumbList\",\"@id\":\"https:\\\/\\\/marktxxl.de\\\/markt\\\/produkt\\\/kindred-bravely-universelles-arbeits-und-lieferumhang-3-in-1-arbeit-lieferung-krankenpflege\\\/#breadcrumb\",\"itemListElement\":[{\"@type\":\"ListItem\",\"position\":1,\"name\":\"Startseite\",\"item\":\"https:\\\/\\\/marktxxl.de\\\/markt\\\/\"},{\"@type\":\"ListItem\",\"position\":2,\"name\":\"Markt\",\"item\":\"https:\\\/\\\/marktxxl.de\\\/markt\\\/\"},{\"@type\":\"ListItem\",\"position\":3,\"name\":\"Kindred Bravely Universelles Arbeits- und Lieferumhang | 3-in-1 Arbeit, Lieferung, Krankenpflege\"}]},{\"@type\":\"WebSite\",\"@id\":\"https:\\\/\\\/marktxxl.de\\\/markt\\\/#website\",\"url\":\"https:\\\/\\\/marktxxl.de\\\/markt\\\/\",\"name\":\"Markt-XXL\",\"description\":\"Ihr Markt Online\",\"publisher\":{\"@id\":\"https:\\\/\\\/marktxxl.de\\\/markt\\\/#organization\"},\"potentialAction\":[{\"@type\":\"SearchAction\",\"target\":{\"@type\":\"EntryPoint\",\"urlTemplate\":\"https:\\\/\\\/marktxxl.de\\\/markt\\\/?s={search_term_string}\"},\"query-input\":{\"@type\":\"PropertyValueSpecification\",\"valueRequired\":true,\"valueName\":\"search_term_string\"}}],\"inLanguage\":\"de\"},{\"@type\":\"Organization\",\"@id\":\"https:\\\/\\\/marktxxl.de\\\/markt\\\/#organization\",\"name\":\"Markt-XXL\",\"url\":\"https:\\\/\\\/marktxxl.de\\\/markt\\\/\",\"logo\":{\"@type\":\"ImageObject\",\"inLanguage\":\"de\",\"@id\":\"https:\\\/\\\/marktxxl.de\\\/markt\\\/#\\\/schema\\\/logo\\\/image\\\/\",\"url\":\"https:\\\/\\\/marktxxl.de\\\/markt\\\/wp-content\\\/uploads\\\/sites\\\/3\\\/2020\\\/12\\\/logo.png\",\"contentUrl\":\"https:\\\/\\\/marktxxl.de\\\/markt\\\/wp-content\\\/uploads\\\/sites\\\/3\\\/2020\\\/12\\\/logo.png\",\"width\":200,\"height\":70,\"caption\":\"Markt-XXL\"},\"image\":{\"@id\":\"https:\\\/\\\/marktxxl.de\\\/markt\\\/#\\\/schema\\\/logo\\\/image\\\/\"}}]}<\/script>\n<!-- \/ Yoast SEO plugin. -->","yoast_head_json":{"title":"Kindred Bravely Universelles Arbeits- und Lieferumhang | 3-in-1 Arbeit, Lieferung, Krankenpflege - Markt-XXL","description":"Markt-XXL Kindred Bravely Universelles Arbeits- und Lieferumhang | 3-in-1 Arbeit, Lieferung, Krankenpflege","robots":{"index":"index","follow":"follow","max-snippet":"max-snippet:-1","max-image-preview":"max-image-preview:large","max-video-preview":"max-video-preview:-1"},"canonical":"https:\/\/marktxxl.de\/markt\/produkt\/kindred-bravely-universelles-arbeits-und-lieferumhang-3-in-1-arbeit-lieferung-krankenpflege\/","og_locale":"de_DE","og_type":"article","og_title":"Kindred Bravely Universelles Arbeits- und Lieferumhang | 3-in-1 Arbeit, Lieferung, Krankenpflege - Markt-XXL","og_description":"Markt-XXL Kindred Bravely Universelles Arbeits- und Lieferumhang | 3-in-1 Arbeit, Lieferung, Krankenpflege","og_url":"https:\/\/marktxxl.de\/markt\/produkt\/kindred-bravely-universelles-arbeits-und-lieferumhang-3-in-1-arbeit-lieferung-krankenpflege\/","og_site_name":"Markt-XXL","article_modified_time":"2023-04-09T03:03:36+00:00","og_image":[{"width":400,"height":500,"url":"https:\/\/m.media-amazon.com\/images\/I\/41Zg9kIl7kL._SL500_.jpg","type":"image\/jpeg"}],"twitter_card":"summary_large_image","twitter_misc":{"Gesch\u00e4tzte Lesezeit":"1\u00a0Minute"},"schema":{"@context":"https:\/\/schema.org","@graph":[{"@type":"WebPage","@id":"https:\/\/marktxxl.de\/markt\/produkt\/kindred-bravely-universelles-arbeits-und-lieferumhang-3-in-1-arbeit-lieferung-krankenpflege\/","url":"https:\/\/marktxxl.de\/markt\/produkt\/kindred-bravely-universelles-arbeits-und-lieferumhang-3-in-1-arbeit-lieferung-krankenpflege\/","name":"Kindred Bravely Universelles Arbeits- und Lieferumhang | 3-in-1 Arbeit, Lieferung, Krankenpflege - Markt-XXL","isPartOf":{"@id":"https:\/\/marktxxl.de\/markt\/#website"},"primaryImageOfPage":{"@id":"https:\/\/marktxxl.de\/markt\/produkt\/kindred-bravely-universelles-arbeits-und-lieferumhang-3-in-1-arbeit-lieferung-krankenpflege\/#primaryimage"},"image":{"@id":"https:\/\/marktxxl.de\/markt\/produkt\/kindred-bravely-universelles-arbeits-und-lieferumhang-3-in-1-arbeit-lieferung-krankenpflege\/#primaryimage"},"thumbnailUrl":"https:\/\/m.media-amazon.com\/images\/I\/41Zg9kIl7kL._SL500_.jpg","datePublished":"2023-02-09T02:35:02+00:00","dateModified":"2023-04-09T03:03:36+00:00","description":"Markt-XXL Kindred Bravely Universelles Arbeits- und Lieferumhang | 3-in-1 Arbeit, Lieferung, Krankenpflege","breadcrumb":{"@id":"https:\/\/marktxxl.de\/markt\/produkt\/kindred-bravely-universelles-arbeits-und-lieferumhang-3-in-1-arbeit-lieferung-krankenpflege\/#breadcrumb"},"inLanguage":"de","potentialAction":[{"@type":"ReadAction","target":["https:\/\/marktxxl.de\/markt\/produkt\/kindred-bravely-universelles-arbeits-und-lieferumhang-3-in-1-arbeit-lieferung-krankenpflege\/"]}]},{"@type":"ImageObject","inLanguage":"de","@id":"https:\/\/marktxxl.de\/markt\/produkt\/kindred-bravely-universelles-arbeits-und-lieferumhang-3-in-1-arbeit-lieferung-krankenpflege\/#primaryimage","url":"https:\/\/m.media-amazon.com\/images\/I\/41Zg9kIl7kL._SL500_.jpg","contentUrl":"https:\/\/m.media-amazon.com\/images\/I\/41Zg9kIl7kL._SL500_.jpg","width":400,"height":500},{"@type":"BreadcrumbList","@id":"https:\/\/marktxxl.de\/markt\/produkt\/kindred-bravely-universelles-arbeits-und-lieferumhang-3-in-1-arbeit-lieferung-krankenpflege\/#breadcrumb","itemListElement":[{"@type":"ListItem","position":1,"name":"Startseite","item":"https:\/\/marktxxl.de\/markt\/"},{"@type":"ListItem","position":2,"name":"Markt","item":"https:\/\/marktxxl.de\/markt\/"},{"@type":"ListItem","position":3,"name":"Kindred Bravely Universelles Arbeits- und Lieferumhang | 3-in-1 Arbeit, Lieferung, Krankenpflege"}]},{"@type":"WebSite","@id":"https:\/\/marktxxl.de\/markt\/#website","url":"https:\/\/marktxxl.de\/markt\/","name":"Markt-XXL","description":"Ihr Markt Online","publisher":{"@id":"https:\/\/marktxxl.de\/markt\/#organization"},"potentialAction":[{"@type":"SearchAction","target":{"@type":"EntryPoint","urlTemplate":"https:\/\/marktxxl.de\/markt\/?s={search_term_string}"},"query-input":{"@type":"PropertyValueSpecification","valueRequired":true,"valueName":"search_term_string"}}],"inLanguage":"de"},{"@type":"Organization","@id":"https:\/\/marktxxl.de\/markt\/#organization","name":"Markt-XXL","url":"https:\/\/marktxxl.de\/markt\/","logo":{"@type":"ImageObject","inLanguage":"de","@id":"https:\/\/marktxxl.de\/markt\/#\/schema\/logo\/image\/","url":"https:\/\/marktxxl.de\/markt\/wp-content\/uploads\/sites\/3\/2020\/12\/logo.png","contentUrl":"https:\/\/marktxxl.de\/markt\/wp-content\/uploads\/sites\/3\/2020\/12\/logo.png","width":200,"height":70,"caption":"Markt-XXL"},"image":{"@id":"https:\/\/marktxxl.de\/markt\/#\/schema\/logo\/image\/"}}]}},"_links":{"self":[{"href":"https:\/\/marktxxl.de\/markt\/wp-json\/wp\/v2\/product\/186798","targetHints":{"allow":["GET"]}}],"collection":[{"href":"https:\/\/marktxxl.de\/markt\/wp-json\/wp\/v2\/product"}],"about":[{"href":"https:\/\/marktxxl.de\/markt\/wp-json\/wp\/v2\/types\/product"}],"replies":[{"embeddable":true,"href":"https:\/\/marktxxl.de\/markt\/wp-json\/wp\/v2\/comments?post=186798"}],"wp:featuredmedia":[{"embeddable":true,"href":"https:\/\/marktxxl.de\/markt\/wp-json\/wp\/v2\/media\/186799"}],"wp:attachment":[{"href":"https:\/\/marktxxl.de\/markt\/wp-json\/wp\/v2\/media?parent=186798"}],"wp:term":[{"taxonomy":"product_brand","embeddable":true,"href":"https:\/\/marktxxl.de\/markt\/wp-json\/wp\/v2\/product_brand?post=186798"},{"taxonomy":"product_cat","embeddable":true,"href":"https:\/\/marktxxl.de\/markt\/wp-json\/wp\/v2\/product_cat?post=186798"},{"taxonomy":"product_tag","embeddable":true,"href":"https:\/\/marktxxl.de\/markt\/wp-json\/wp\/v2\/product_tag?post=186798"}],"curies":[{"name":"wp","href":"https:\/\/api.w.org\/{rel}","templated":true}]}}