{"id":186780,"date":"2023-02-09T03:34:47","date_gmt":"2023-02-09T02:34:47","guid":{"rendered":"https:\/\/marktxxl.de\/markt\/produkt\/leggings-depot-damen-schwangerschaft-leggings-ueber-dem-bauch-schwangerschaft-casual-yoga-strumpfhose\/"},"modified":"2023-04-09T05:03:35","modified_gmt":"2023-04-09T03:03:35","slug":"leggings-depot-damen-schwangerschaft-leggings-ueber-dem-bauch-schwangerschaft-casual-yoga-strumpfhose","status":"publish","type":"product","link":"https:\/\/marktxxl.de\/markt\/produkt\/leggings-depot-damen-schwangerschaft-leggings-ueber-dem-bauch-schwangerschaft-casual-yoga-strumpfhose\/","title":{"rendered":"Leggings Depot Damen Schwangerschaft Leggings \u00fcber dem Bauch Schwangerschaft Casual Yoga Strumpfhose"},"content":{"rendered":"<p>ULTRA WEICHER PREMIUMSTOFF: Die Leggings Depot Umstandsleggings Yoga Strumpfhose f\u00fcr Frauen besteht aus weichem und dehnbarem Material. Das hochwertige Polyester-Spandex, aus dem es modisch ist, macht es zu einer angenehmen Wahl f\u00fcr jede Jahreszeit. Wenn Sie eine schwangere Frau auf der Suche nach stilvollen Leggings sind, die Ihre Bewegung nicht einschr\u00e4nkt, gehen Sie nicht weiter. Unsere Umstandsleggings sind so bequem, dass Sie in ihnen leben wollen. Es ist perfekt f\u00fcr alle Gelegenheiten. Diese Umstandsleggings werden Ihr neues Go-to!<br \/>\nUnterst\u00fctzung f\u00fcr Ihren wachsenden Bauch: Diese Leggings mit hoher Taille \u00fcber dem Bauch bieten praktische Unterst\u00fctzung, um Beschwerden zu lindern und Unterst\u00fctzung und Kompression f\u00fcr Ihren R\u00fccken und Bauch, die w\u00e4hrend der Schwangerschaft und dar\u00fcber hinaus gut halten wird. Es bietet Unterst\u00fctzung und Komfort und ist gleichzeitig stilvoll und schmeichelhaft. Wenn sich Ihr K\u00f6rper erholt und sich dem Leben mit einem neuen Baby anpasst, werden Sie sich mit seiner Hilfe wohler und unterst\u00fctzter f\u00fchlen.<br \/>\nBester Komfort: Diese Schwangerschafts-Leggings sind so konzipiert, dass sie mitwachsen und sicher w\u00e4hrend der gesamten Schwangerschaft getragen werden k\u00f6nnen. Es ist so konzipiert, dass es \u00fcber Ihren Bauch geht und Sie gem\u00fctlich h\u00e4lt, wenn sich Ihr Bauch ausdehnt, bietet Unterst\u00fctzung und Komfort. Der flexible, atmungsaktive und leichte Stoff, der Ihre Bewegung nicht einschr\u00e4nkt, macht sie perfekt f\u00fcr den ganzen Tag.<br \/>\nDehnbar und nicht sichtbar: Unsere butterweichen Schwangerschafts-Leggings sind aus 4-Wege-ultra-glattem Material. Er hat ein kniebefestes, blickdichtes und feuchtigkeitsableitendes Material, das Feuchtigkeit vom K\u00f6rper ableitet, sodass Sie nicht nass werden und Ihnen dabei helfen, sich wohler zu f\u00fchlen. Es sorgt daf\u00fcr, dass Sie bei jedem Wetter entspannt und bequem bleiben.<br \/>\nZUFRIEDENHEIT GARANTIERT: Ihr K\u00f6rper wird sich durch Schwangerschaft und dar\u00fcber hinaus \u00e4ndern, aber unsere Umstandsleggings sind so dehnbar, dass sie immer passen, ohne Beschwerden zu verursachen. Hand- oder Maschinenw\u00e4sche mit kaltem Wasser (wie Farben) sanft, zum Trocknen aufh\u00e4ngen. Hochwertiges Produkt<br \/>\n<div class=\"main-cross-sell\" data-asin=\"B084C2CS7B\">\n\n\t<div class=\"WooZone-cross-sell-loader\">\n\t\t<div>\n\t\t\t<div id=\"floatingBarsG\">\n\t\t\t\t<div class=\"blockG\" id=\"rotateG_01\"><\/div>\n\t\t\t\t<div class=\"blockG\" id=\"rotateG_02\"><\/div>\n\t\t\t\t<div class=\"blockG\" id=\"rotateG_03\"><\/div>\n\t\t\t\t<div class=\"blockG\" id=\"rotateG_04\"><\/div>\n\t\t\t\t<div class=\"blockG\" id=\"rotateG_05\"><\/div>\n\t\t\t\t<div class=\"blockG\" id=\"rotateG_06\"><\/div>\n\t\t\t\t<div class=\"blockG\" id=\"rotateG_07\"><\/div>\n\t\t\t\t<div class=\"blockG\" id=\"rotateG_08\"><\/div>\n\t\t\t<\/div>\n\t\t\t<div class=\"WooZone-cross-sell-loader-text\"><\/div>\n\t\t<\/div>\n\t<\/div>\n\n\t\t\n<\/div>\n<div style=\"clear:both;\"><\/div><\/p>\n","protected":false},"excerpt":{"rendered":"<p>ULTRA WEICHER PREMIUMSTOFF: Die Leggings Depot Umstandsleggings Yoga Strumpfhose f\u00fcr Frauen besteht aus weichem und dehnbarem Material. Das hochwertige Polyester-Spandex, aus dem es modisch ist, macht es zu einer angenehmen Wahl f\u00fcr jede Jahreszeit. Wenn Sie eine schwangere Frau auf der Suche nach stilvollen Leggings sind, die Ihre Bewegung nicht einschr\u00e4nkt, gehen Sie nicht weiter. Unsere Umstandsleggings sind so bequem, dass Sie in ihnen leben wollen. Es ist perfekt f\u00fcr alle Gelegenheiten. Diese Umstandsleggings werden Ihr neues Go-to!<br \/>\nUnterst\u00fctzung f\u00fcr Ihren wachsenden Bauch: Diese Leggings mit hoher Taille \u00fcber dem Bauch bieten praktische Unterst\u00fctzung, um Beschwerden zu lindern und Unterst\u00fctzung und Kompression f\u00fcr Ihren R\u00fccken und Bauch, die w\u00e4hrend der Schwangerschaft und dar\u00fcber hinaus gut halten wird. Es bietet Unterst\u00fctzung und Komfort und ist gleichzeitig stilvoll und schmeichelhaft. Wenn sich Ihr K\u00f6rper erholt und sich dem Leben mit einem neuen Baby anpasst, werden Sie sich mit seiner Hilfe wohler und unterst\u00fctzter f\u00fchlen.<br \/>\nBester Komfort: Diese Schwangerschafts-Leggings sind so konzipiert, dass sie mitwachsen und sicher w\u00e4hrend der gesamten Schwangerschaft getragen werden k\u00f6nnen. Es ist so konzipiert, dass es \u00fcber Ihren Bauch geht und Sie gem\u00fctlich h\u00e4lt, wenn sich Ihr Bauch ausdehnt, bietet Unterst\u00fctzung und Komfort. Der flexible, atmungsaktive und leichte Stoff, der Ihre Bewegung nicht einschr\u00e4nkt, macht sie perfekt f\u00fcr den ganzen Tag.<\/p>\n","protected":false},"featured_media":186781,"comment_status":"open","ping_status":"closed","template":"","meta":[],"product_brand":[],"product_cat":[21,9478],"product_tag":[],"class_list":{"0":"post-186780","1":"product","2":"type-product","3":"status-publish","4":"has-post-thumbnail","6":"product_cat-baby","7":"product_cat-umstandskleidung-baby","8":"pa_binding-textilien","9":"pa_brand-leggings-depot","11":"first","12":"instock","13":"shipping-taxable","14":"purchasable","15":"product-type-simple","16":"customify-col","17":"product-has-gallery"},"yoast_head":"<!-- This site is optimized with the Yoast SEO plugin v27.4 - https:\/\/yoast.com\/product\/yoast-seo-wordpress\/ -->\n<title>Leggings Depot Damen Schwangerschaft Leggings \u00fcber dem Bauch Schwangerschaft Casual Yoga Strumpfhose - Markt-XXL<\/title>\n<meta name=\"description\" content=\"Markt-XXL Leggings Depot Damen Schwangerschaft Leggings \u00fcber dem Bauch Schwangerschaft Casual Yoga Strumpfhose\" \/>\n<meta name=\"robots\" content=\"index, follow, max-snippet:-1, max-image-preview:large, max-video-preview:-1\" \/>\n<link rel=\"canonical\" href=\"https:\/\/marktxxl.de\/markt\/produkt\/leggings-depot-damen-schwangerschaft-leggings-ueber-dem-bauch-schwangerschaft-casual-yoga-strumpfhose\/\" \/>\n<meta property=\"og:locale\" content=\"de_DE\" \/>\n<meta property=\"og:type\" content=\"article\" \/>\n<meta property=\"og:title\" content=\"Leggings Depot Damen Schwangerschaft Leggings \u00fcber dem Bauch Schwangerschaft Casual Yoga Strumpfhose - Markt-XXL\" \/>\n<meta property=\"og:description\" content=\"Markt-XXL Leggings Depot Damen Schwangerschaft Leggings \u00fcber dem Bauch Schwangerschaft Casual Yoga Strumpfhose\" \/>\n<meta property=\"og:url\" content=\"https:\/\/marktxxl.de\/markt\/produkt\/leggings-depot-damen-schwangerschaft-leggings-ueber-dem-bauch-schwangerschaft-casual-yoga-strumpfhose\/\" \/>\n<meta property=\"og:site_name\" content=\"Markt-XXL\" \/>\n<meta property=\"article:modified_time\" content=\"2023-04-09T03:03:35+00:00\" \/>\n<meta property=\"og:image\" content=\"https:\/\/m.media-amazon.com\/images\/I\/21Zfy8kcisL._SL500_.jpg\" \/>\n\t<meta property=\"og:image:width\" content=\"333\" \/>\n\t<meta property=\"og:image:height\" content=\"500\" \/>\n\t<meta property=\"og:image:type\" content=\"image\/jpeg\" \/>\n<meta name=\"twitter:card\" content=\"summary_large_image\" \/>\n<meta name=\"twitter:label1\" content=\"Gesch\u00e4tzte Lesezeit\" \/>\n\t<meta name=\"twitter:data1\" content=\"2\u00a0Minuten\" \/>\n<script type=\"application\/ld+json\" class=\"yoast-schema-graph\">{\"@context\":\"https:\\\/\\\/schema.org\",\"@graph\":[{\"@type\":\"WebPage\",\"@id\":\"https:\\\/\\\/marktxxl.de\\\/markt\\\/produkt\\\/leggings-depot-damen-schwangerschaft-leggings-ueber-dem-bauch-schwangerschaft-casual-yoga-strumpfhose\\\/\",\"url\":\"https:\\\/\\\/marktxxl.de\\\/markt\\\/produkt\\\/leggings-depot-damen-schwangerschaft-leggings-ueber-dem-bauch-schwangerschaft-casual-yoga-strumpfhose\\\/\",\"name\":\"Leggings Depot Damen Schwangerschaft Leggings \u00fcber dem Bauch Schwangerschaft Casual Yoga Strumpfhose - Markt-XXL\",\"isPartOf\":{\"@id\":\"https:\\\/\\\/marktxxl.de\\\/markt\\\/#website\"},\"primaryImageOfPage\":{\"@id\":\"https:\\\/\\\/marktxxl.de\\\/markt\\\/produkt\\\/leggings-depot-damen-schwangerschaft-leggings-ueber-dem-bauch-schwangerschaft-casual-yoga-strumpfhose\\\/#primaryimage\"},\"image\":{\"@id\":\"https:\\\/\\\/marktxxl.de\\\/markt\\\/produkt\\\/leggings-depot-damen-schwangerschaft-leggings-ueber-dem-bauch-schwangerschaft-casual-yoga-strumpfhose\\\/#primaryimage\"},\"thumbnailUrl\":\"https:\\\/\\\/m.media-amazon.com\\\/images\\\/I\\\/21Zfy8kcisL._SL500_.jpg\",\"datePublished\":\"2023-02-09T02:34:47+00:00\",\"dateModified\":\"2023-04-09T03:03:35+00:00\",\"description\":\"Markt-XXL Leggings Depot Damen Schwangerschaft Leggings \u00fcber dem Bauch Schwangerschaft Casual Yoga Strumpfhose\",\"breadcrumb\":{\"@id\":\"https:\\\/\\\/marktxxl.de\\\/markt\\\/produkt\\\/leggings-depot-damen-schwangerschaft-leggings-ueber-dem-bauch-schwangerschaft-casual-yoga-strumpfhose\\\/#breadcrumb\"},\"inLanguage\":\"de\",\"potentialAction\":[{\"@type\":\"ReadAction\",\"target\":[\"https:\\\/\\\/marktxxl.de\\\/markt\\\/produkt\\\/leggings-depot-damen-schwangerschaft-leggings-ueber-dem-bauch-schwangerschaft-casual-yoga-strumpfhose\\\/\"]}]},{\"@type\":\"ImageObject\",\"inLanguage\":\"de\",\"@id\":\"https:\\\/\\\/marktxxl.de\\\/markt\\\/produkt\\\/leggings-depot-damen-schwangerschaft-leggings-ueber-dem-bauch-schwangerschaft-casual-yoga-strumpfhose\\\/#primaryimage\",\"url\":\"https:\\\/\\\/m.media-amazon.com\\\/images\\\/I\\\/21Zfy8kcisL._SL500_.jpg\",\"contentUrl\":\"https:\\\/\\\/m.media-amazon.com\\\/images\\\/I\\\/21Zfy8kcisL._SL500_.jpg\",\"width\":333,\"height\":500},{\"@type\":\"BreadcrumbList\",\"@id\":\"https:\\\/\\\/marktxxl.de\\\/markt\\\/produkt\\\/leggings-depot-damen-schwangerschaft-leggings-ueber-dem-bauch-schwangerschaft-casual-yoga-strumpfhose\\\/#breadcrumb\",\"itemListElement\":[{\"@type\":\"ListItem\",\"position\":1,\"name\":\"Startseite\",\"item\":\"https:\\\/\\\/marktxxl.de\\\/markt\\\/\"},{\"@type\":\"ListItem\",\"position\":2,\"name\":\"Markt\",\"item\":\"https:\\\/\\\/marktxxl.de\\\/markt\\\/\"},{\"@type\":\"ListItem\",\"position\":3,\"name\":\"Leggings Depot Damen Schwangerschaft Leggings \u00fcber dem Bauch Schwangerschaft Casual Yoga Strumpfhose\"}]},{\"@type\":\"WebSite\",\"@id\":\"https:\\\/\\\/marktxxl.de\\\/markt\\\/#website\",\"url\":\"https:\\\/\\\/marktxxl.de\\\/markt\\\/\",\"name\":\"Markt-XXL\",\"description\":\"Ihr Markt Online\",\"publisher\":{\"@id\":\"https:\\\/\\\/marktxxl.de\\\/markt\\\/#organization\"},\"potentialAction\":[{\"@type\":\"SearchAction\",\"target\":{\"@type\":\"EntryPoint\",\"urlTemplate\":\"https:\\\/\\\/marktxxl.de\\\/markt\\\/?s={search_term_string}\"},\"query-input\":{\"@type\":\"PropertyValueSpecification\",\"valueRequired\":true,\"valueName\":\"search_term_string\"}}],\"inLanguage\":\"de\"},{\"@type\":\"Organization\",\"@id\":\"https:\\\/\\\/marktxxl.de\\\/markt\\\/#organization\",\"name\":\"Markt-XXL\",\"url\":\"https:\\\/\\\/marktxxl.de\\\/markt\\\/\",\"logo\":{\"@type\":\"ImageObject\",\"inLanguage\":\"de\",\"@id\":\"https:\\\/\\\/marktxxl.de\\\/markt\\\/#\\\/schema\\\/logo\\\/image\\\/\",\"url\":\"https:\\\/\\\/marktxxl.de\\\/markt\\\/wp-content\\\/uploads\\\/sites\\\/3\\\/2020\\\/12\\\/logo.png\",\"contentUrl\":\"https:\\\/\\\/marktxxl.de\\\/markt\\\/wp-content\\\/uploads\\\/sites\\\/3\\\/2020\\\/12\\\/logo.png\",\"width\":200,\"height\":70,\"caption\":\"Markt-XXL\"},\"image\":{\"@id\":\"https:\\\/\\\/marktxxl.de\\\/markt\\\/#\\\/schema\\\/logo\\\/image\\\/\"}}]}<\/script>\n<!-- \/ Yoast SEO plugin. -->","yoast_head_json":{"title":"Leggings Depot Damen Schwangerschaft Leggings \u00fcber dem Bauch Schwangerschaft Casual Yoga Strumpfhose - Markt-XXL","description":"Markt-XXL Leggings Depot Damen Schwangerschaft Leggings \u00fcber dem Bauch Schwangerschaft Casual Yoga Strumpfhose","robots":{"index":"index","follow":"follow","max-snippet":"max-snippet:-1","max-image-preview":"max-image-preview:large","max-video-preview":"max-video-preview:-1"},"canonical":"https:\/\/marktxxl.de\/markt\/produkt\/leggings-depot-damen-schwangerschaft-leggings-ueber-dem-bauch-schwangerschaft-casual-yoga-strumpfhose\/","og_locale":"de_DE","og_type":"article","og_title":"Leggings Depot Damen Schwangerschaft Leggings \u00fcber dem Bauch Schwangerschaft Casual Yoga Strumpfhose - Markt-XXL","og_description":"Markt-XXL Leggings Depot Damen Schwangerschaft Leggings \u00fcber dem Bauch Schwangerschaft Casual Yoga Strumpfhose","og_url":"https:\/\/marktxxl.de\/markt\/produkt\/leggings-depot-damen-schwangerschaft-leggings-ueber-dem-bauch-schwangerschaft-casual-yoga-strumpfhose\/","og_site_name":"Markt-XXL","article_modified_time":"2023-04-09T03:03:35+00:00","og_image":[{"width":333,"height":500,"url":"https:\/\/m.media-amazon.com\/images\/I\/21Zfy8kcisL._SL500_.jpg","type":"image\/jpeg"}],"twitter_card":"summary_large_image","twitter_misc":{"Gesch\u00e4tzte Lesezeit":"2\u00a0Minuten"},"schema":{"@context":"https:\/\/schema.org","@graph":[{"@type":"WebPage","@id":"https:\/\/marktxxl.de\/markt\/produkt\/leggings-depot-damen-schwangerschaft-leggings-ueber-dem-bauch-schwangerschaft-casual-yoga-strumpfhose\/","url":"https:\/\/marktxxl.de\/markt\/produkt\/leggings-depot-damen-schwangerschaft-leggings-ueber-dem-bauch-schwangerschaft-casual-yoga-strumpfhose\/","name":"Leggings Depot Damen Schwangerschaft Leggings \u00fcber dem Bauch Schwangerschaft Casual Yoga Strumpfhose - Markt-XXL","isPartOf":{"@id":"https:\/\/marktxxl.de\/markt\/#website"},"primaryImageOfPage":{"@id":"https:\/\/marktxxl.de\/markt\/produkt\/leggings-depot-damen-schwangerschaft-leggings-ueber-dem-bauch-schwangerschaft-casual-yoga-strumpfhose\/#primaryimage"},"image":{"@id":"https:\/\/marktxxl.de\/markt\/produkt\/leggings-depot-damen-schwangerschaft-leggings-ueber-dem-bauch-schwangerschaft-casual-yoga-strumpfhose\/#primaryimage"},"thumbnailUrl":"https:\/\/m.media-amazon.com\/images\/I\/21Zfy8kcisL._SL500_.jpg","datePublished":"2023-02-09T02:34:47+00:00","dateModified":"2023-04-09T03:03:35+00:00","description":"Markt-XXL Leggings Depot Damen Schwangerschaft Leggings \u00fcber dem Bauch Schwangerschaft Casual Yoga Strumpfhose","breadcrumb":{"@id":"https:\/\/marktxxl.de\/markt\/produkt\/leggings-depot-damen-schwangerschaft-leggings-ueber-dem-bauch-schwangerschaft-casual-yoga-strumpfhose\/#breadcrumb"},"inLanguage":"de","potentialAction":[{"@type":"ReadAction","target":["https:\/\/marktxxl.de\/markt\/produkt\/leggings-depot-damen-schwangerschaft-leggings-ueber-dem-bauch-schwangerschaft-casual-yoga-strumpfhose\/"]}]},{"@type":"ImageObject","inLanguage":"de","@id":"https:\/\/marktxxl.de\/markt\/produkt\/leggings-depot-damen-schwangerschaft-leggings-ueber-dem-bauch-schwangerschaft-casual-yoga-strumpfhose\/#primaryimage","url":"https:\/\/m.media-amazon.com\/images\/I\/21Zfy8kcisL._SL500_.jpg","contentUrl":"https:\/\/m.media-amazon.com\/images\/I\/21Zfy8kcisL._SL500_.jpg","width":333,"height":500},{"@type":"BreadcrumbList","@id":"https:\/\/marktxxl.de\/markt\/produkt\/leggings-depot-damen-schwangerschaft-leggings-ueber-dem-bauch-schwangerschaft-casual-yoga-strumpfhose\/#breadcrumb","itemListElement":[{"@type":"ListItem","position":1,"name":"Startseite","item":"https:\/\/marktxxl.de\/markt\/"},{"@type":"ListItem","position":2,"name":"Markt","item":"https:\/\/marktxxl.de\/markt\/"},{"@type":"ListItem","position":3,"name":"Leggings Depot Damen Schwangerschaft Leggings \u00fcber dem Bauch Schwangerschaft Casual Yoga Strumpfhose"}]},{"@type":"WebSite","@id":"https:\/\/marktxxl.de\/markt\/#website","url":"https:\/\/marktxxl.de\/markt\/","name":"Markt-XXL","description":"Ihr Markt Online","publisher":{"@id":"https:\/\/marktxxl.de\/markt\/#organization"},"potentialAction":[{"@type":"SearchAction","target":{"@type":"EntryPoint","urlTemplate":"https:\/\/marktxxl.de\/markt\/?s={search_term_string}"},"query-input":{"@type":"PropertyValueSpecification","valueRequired":true,"valueName":"search_term_string"}}],"inLanguage":"de"},{"@type":"Organization","@id":"https:\/\/marktxxl.de\/markt\/#organization","name":"Markt-XXL","url":"https:\/\/marktxxl.de\/markt\/","logo":{"@type":"ImageObject","inLanguage":"de","@id":"https:\/\/marktxxl.de\/markt\/#\/schema\/logo\/image\/","url":"https:\/\/marktxxl.de\/markt\/wp-content\/uploads\/sites\/3\/2020\/12\/logo.png","contentUrl":"https:\/\/marktxxl.de\/markt\/wp-content\/uploads\/sites\/3\/2020\/12\/logo.png","width":200,"height":70,"caption":"Markt-XXL"},"image":{"@id":"https:\/\/marktxxl.de\/markt\/#\/schema\/logo\/image\/"}}]}},"_links":{"self":[{"href":"https:\/\/marktxxl.de\/markt\/wp-json\/wp\/v2\/product\/186780","targetHints":{"allow":["GET"]}}],"collection":[{"href":"https:\/\/marktxxl.de\/markt\/wp-json\/wp\/v2\/product"}],"about":[{"href":"https:\/\/marktxxl.de\/markt\/wp-json\/wp\/v2\/types\/product"}],"replies":[{"embeddable":true,"href":"https:\/\/marktxxl.de\/markt\/wp-json\/wp\/v2\/comments?post=186780"}],"wp:featuredmedia":[{"embeddable":true,"href":"https:\/\/marktxxl.de\/markt\/wp-json\/wp\/v2\/media\/186781"}],"wp:attachment":[{"href":"https:\/\/marktxxl.de\/markt\/wp-json\/wp\/v2\/media?parent=186780"}],"wp:term":[{"taxonomy":"product_brand","embeddable":true,"href":"https:\/\/marktxxl.de\/markt\/wp-json\/wp\/v2\/product_brand?post=186780"},{"taxonomy":"product_cat","embeddable":true,"href":"https:\/\/marktxxl.de\/markt\/wp-json\/wp\/v2\/product_cat?post=186780"},{"taxonomy":"product_tag","embeddable":true,"href":"https:\/\/marktxxl.de\/markt\/wp-json\/wp\/v2\/product_tag?post=186780"}],"curies":[{"name":"wp","href":"https:\/\/api.w.org\/{rel}","templated":true}]}}