{"id":186714,"date":"2023-02-09T03:31:48","date_gmt":"2023-02-09T02:31:48","guid":{"rendered":"https:\/\/marktxxl.de\/markt\/produkt\/poshdivah-schwangerschafts-shorts-fuer-damen-ueber-dem-bauch-biker-workout-yoga-aktiv-sommer-schwangerschaft-laufen-kurze-leggings-127-cm\/"},"modified":"2023-04-09T05:03:34","modified_gmt":"2023-04-09T03:03:34","slug":"poshdivah-schwangerschafts-shorts-fuer-damen-ueber-dem-bauch-biker-workout-yoga-aktiv-sommer-schwangerschaft-laufen-kurze-leggings-127-cm","status":"publish","type":"product","link":"https:\/\/marktxxl.de\/markt\/produkt\/poshdivah-schwangerschafts-shorts-fuer-damen-ueber-dem-bauch-biker-workout-yoga-aktiv-sommer-schwangerschaft-laufen-kurze-leggings-127-cm\/","title":{"rendered":"POSHDIVAH Schwangerschafts-Shorts f\u00fcr Damen, \u00fcber dem Bauch, Biker, Workout, Yoga, aktiv, Sommer, Schwangerschaft\u2026"},"content":{"rendered":"<p>Premium Stoff: Unsere Mutterschafts-Workout-Shorts bestehen aus butterweichem, atmungsaktivem, bequemem und glattem Polyester-Spandex-Mischgewebe, das ein sehr weiches, leichtes und atmungsaktives Material ist, um Sie an den klebrigsten Sommertagen k\u00fchl und bequem zu halten. Verabschieden Sie sich von Kamelzehen. Stretch-Stoff mit scheuerfesten N\u00e4hten f\u00fcr Bewegungsfreiheit.<br \/>\nEinzigartiges Design: Mutterschafts-Fahrrad-Shorts mit speziellem Schlie\u00dfkantenprozess. Volle Bauchabdeckung Design bietet genug Platz f\u00fcr wachsende Beule und reduziert Druck auf Band und R\u00fccken. Mit hoher Taille, das maximale Abdeckung und gr\u00f6\u00dfere Elastizit\u00e4t bietet, wenn der K\u00f6rper gebogen und gestreckt wird, um ausreichend Komfort f\u00fcr den Bauch zu bieten. Unsere Umstands-Biker-Shorts sind in vielen Farben erh\u00e4ltlich, um Ihren t\u00e4glichen Bed\u00fcrfnissen gerecht zu werden.<br \/>\nNicht durchsichtig: Mit blickdichtem Material haben unsere Schwangerschaftsshorts Active den Kniebeugentest bestanden und rollen nicht herunter. Durch die 4-Way-Stretch-Technologie passen sich diese Umstandsshorts perfekt Ihrem K\u00f6rper an. Wenn Sie es bei t\u00e4glichen Aktivit\u00e4ten tragen, werden Sie den Juckreiz nicht sp\u00fcren, der durch Basis des Oberschenkels oder Reibung verursacht wird. Ein Zwickel Schritt der Schwangerschaftsshorts kann \u00fcberlegenen Komfort und Atmungsaktivit\u00e4t bieten.<br \/>\nModischer Alltagskleidung und Outfits: Unsere Mutterschafts-Fahrrad-Shorts haben zwei Seitentaschen auf der Au\u00dfenseite, die sehr praktisch sind und Sie k\u00f6nnen einige Gegenst\u00e4nde tragen. Die unverzichtbare Schwangerschafts-Yoga-Shorts. Sie k\u00f6nnen diese Umstands-Yoga-Shorts mit Ihrem Lieblings-Umstandskleid, Umstandsshirts und Umstandsshirts kombinieren. Es ist sehr bequem jeden Tag zu tragen.<br \/>\n\u3010Ganzt\u00e4giger Komfort\u3011Diese Umstandsshorts \u00fcber dem Bauch f\u00fcr den Sommer sind leicht zu kombinieren, und machen Ihr t\u00e4gliches Workout-Outfit attraktiver. Unsere Schwangerschafts-Sport-Shorts sind perfekt f\u00fcr Yoga, Radfahren, Bewegung, Fitness, Laufen, Radfahren, jede Art von Training oder den t\u00e4glichen Gebrauch. So bleiben Sie zu Hause oder unterwegs, aber machen Sie es schick!<br \/>\n<div class=\"main-cross-sell\" data-asin=\"B09R823SFR\">\n\n\t<div class=\"WooZone-cross-sell-loader\">\n\t\t<div>\n\t\t\t<div id=\"floatingBarsG\">\n\t\t\t\t<div class=\"blockG\" id=\"rotateG_01\"><\/div>\n\t\t\t\t<div class=\"blockG\" id=\"rotateG_02\"><\/div>\n\t\t\t\t<div class=\"blockG\" id=\"rotateG_03\"><\/div>\n\t\t\t\t<div class=\"blockG\" id=\"rotateG_04\"><\/div>\n\t\t\t\t<div class=\"blockG\" id=\"rotateG_05\"><\/div>\n\t\t\t\t<div class=\"blockG\" id=\"rotateG_06\"><\/div>\n\t\t\t\t<div class=\"blockG\" id=\"rotateG_07\"><\/div>\n\t\t\t\t<div class=\"blockG\" id=\"rotateG_08\"><\/div>\n\t\t\t<\/div>\n\t\t\t<div class=\"WooZone-cross-sell-loader-text\"><\/div>\n\t\t<\/div>\n\t<\/div>\n\n\t\t\n<\/div>\n<div style=\"clear:both;\"><\/div><\/p>\n","protected":false},"excerpt":{"rendered":"<p>Premium Stoff: Unsere Mutterschafts-Workout-Shorts bestehen aus butterweichem, atmungsaktivem, bequemem und glattem Polyester-Spandex-Mischgewebe, das ein sehr weiches, leichtes und atmungsaktives Material ist, um Sie an den klebrigsten Sommertagen k\u00fchl und bequem zu halten. Verabschieden Sie sich von Kamelzehen. Stretch-Stoff mit scheuerfesten N\u00e4hten f\u00fcr Bewegungsfreiheit.<br \/>\nEinzigartiges Design: Mutterschafts-Fahrrad-Shorts mit speziellem Schlie\u00dfkantenprozess. Volle Bauchabdeckung Design bietet genug Platz f\u00fcr wachsende Beule und reduziert Druck auf Band und R\u00fccken. Mit hoher Taille, das maximale Abdeckung und gr\u00f6\u00dfere Elastizit\u00e4t bietet, wenn der K\u00f6rper gebogen und gestreckt wird, um ausreichend Komfort f\u00fcr den Bauch zu bieten. Unsere Umstands-Biker-Shorts sind in vielen Farben erh\u00e4ltlich, um Ihren t\u00e4glichen Bed\u00fcrfnissen gerecht zu werden.<br \/>\nNicht durchsichtig: Mit blickdichtem Material haben unsere Schwangerschaftsshorts Active den Kniebeugentest bestanden und rollen nicht herunter. Durch die 4-Way-Stretch-Technologie passen sich diese Umstandsshorts perfekt Ihrem K\u00f6rper an. Wenn Sie es bei t\u00e4glichen Aktivit\u00e4ten tragen, werden Sie den Juckreiz nicht sp\u00fcren, der durch Basis des Oberschenkels oder Reibung verursacht wird. Ein Zwickel Schritt der Schwangerschaftsshorts kann \u00fcberlegenen Komfort und Atmungsaktivit\u00e4t bieten.<\/p>\n","protected":false},"featured_media":186715,"comment_status":"open","ping_status":"closed","template":"","meta":[],"product_brand":[],"product_cat":[21,9478],"product_tag":[],"class_list":{"0":"post-186714","1":"product","2":"type-product","3":"status-publish","4":"has-post-thumbnail","6":"product_cat-baby","7":"product_cat-umstandskleidung-baby","8":"pa_binding-textilien","9":"pa_brand-poshdivah","11":"first","12":"instock","13":"shipping-taxable","14":"purchasable","15":"product-type-simple","16":"customify-col","17":"product-has-gallery"},"yoast_head":"<!-- This site is optimized with the Yoast SEO plugin v27.4 - https:\/\/yoast.com\/product\/yoast-seo-wordpress\/ -->\n<title>POSHDIVAH Schwangerschafts-Shorts f\u00fcr Damen, \u00fcber dem Bauch, Biker, Workout, Yoga, aktiv, Sommer, Schwangerschaft\u2026 - Markt-XXL<\/title>\n<meta name=\"description\" content=\"Markt-XXL POSHDIVAH Schwangerschafts-Shorts f\u00fcr Damen, \u00fcber dem Bauch, Biker, Workout, Yoga, aktiv, Sommer, Schwangerschaft\u2026\" \/>\n<meta name=\"robots\" content=\"index, follow, max-snippet:-1, max-image-preview:large, max-video-preview:-1\" \/>\n<link rel=\"canonical\" href=\"https:\/\/marktxxl.de\/markt\/produkt\/poshdivah-schwangerschafts-shorts-fuer-damen-ueber-dem-bauch-biker-workout-yoga-aktiv-sommer-schwangerschaft-laufen-kurze-leggings-127-cm\/\" \/>\n<meta property=\"og:locale\" content=\"de_DE\" \/>\n<meta property=\"og:type\" content=\"article\" \/>\n<meta property=\"og:title\" content=\"POSHDIVAH Schwangerschafts-Shorts f\u00fcr Damen, \u00fcber dem Bauch, Biker, Workout, Yoga, aktiv, Sommer, Schwangerschaft\u2026 - Markt-XXL\" \/>\n<meta property=\"og:description\" content=\"Markt-XXL POSHDIVAH Schwangerschafts-Shorts f\u00fcr Damen, \u00fcber dem Bauch, Biker, Workout, Yoga, aktiv, Sommer, Schwangerschaft\u2026\" \/>\n<meta property=\"og:url\" content=\"https:\/\/marktxxl.de\/markt\/produkt\/poshdivah-schwangerschafts-shorts-fuer-damen-ueber-dem-bauch-biker-workout-yoga-aktiv-sommer-schwangerschaft-laufen-kurze-leggings-127-cm\/\" \/>\n<meta property=\"og:site_name\" content=\"Markt-XXL\" \/>\n<meta property=\"article:modified_time\" content=\"2023-04-09T03:03:34+00:00\" \/>\n<meta property=\"og:image\" content=\"https:\/\/m.media-amazon.com\/images\/I\/31Mxz-kTkzL._SL500_.jpg\" \/>\n\t<meta property=\"og:image:width\" content=\"385\" \/>\n\t<meta property=\"og:image:height\" content=\"500\" \/>\n\t<meta property=\"og:image:type\" content=\"image\/jpeg\" \/>\n<meta name=\"twitter:card\" content=\"summary_large_image\" \/>\n<meta name=\"twitter:label1\" content=\"Gesch\u00e4tzte Lesezeit\" \/>\n\t<meta name=\"twitter:data1\" content=\"1\u00a0Minute\" \/>\n<script type=\"application\/ld+json\" class=\"yoast-schema-graph\">{\"@context\":\"https:\\\/\\\/schema.org\",\"@graph\":[{\"@type\":\"WebPage\",\"@id\":\"https:\\\/\\\/marktxxl.de\\\/markt\\\/produkt\\\/poshdivah-schwangerschafts-shorts-fuer-damen-ueber-dem-bauch-biker-workout-yoga-aktiv-sommer-schwangerschaft-laufen-kurze-leggings-127-cm\\\/\",\"url\":\"https:\\\/\\\/marktxxl.de\\\/markt\\\/produkt\\\/poshdivah-schwangerschafts-shorts-fuer-damen-ueber-dem-bauch-biker-workout-yoga-aktiv-sommer-schwangerschaft-laufen-kurze-leggings-127-cm\\\/\",\"name\":\"POSHDIVAH Schwangerschafts-Shorts f\u00fcr Damen, \u00fcber dem Bauch, Biker, Workout, Yoga, aktiv, Sommer, Schwangerschaft\u2026 - Markt-XXL\",\"isPartOf\":{\"@id\":\"https:\\\/\\\/marktxxl.de\\\/markt\\\/#website\"},\"primaryImageOfPage\":{\"@id\":\"https:\\\/\\\/marktxxl.de\\\/markt\\\/produkt\\\/poshdivah-schwangerschafts-shorts-fuer-damen-ueber-dem-bauch-biker-workout-yoga-aktiv-sommer-schwangerschaft-laufen-kurze-leggings-127-cm\\\/#primaryimage\"},\"image\":{\"@id\":\"https:\\\/\\\/marktxxl.de\\\/markt\\\/produkt\\\/poshdivah-schwangerschafts-shorts-fuer-damen-ueber-dem-bauch-biker-workout-yoga-aktiv-sommer-schwangerschaft-laufen-kurze-leggings-127-cm\\\/#primaryimage\"},\"thumbnailUrl\":\"https:\\\/\\\/m.media-amazon.com\\\/images\\\/I\\\/31Mxz-kTkzL._SL500_.jpg\",\"datePublished\":\"2023-02-09T02:31:48+00:00\",\"dateModified\":\"2023-04-09T03:03:34+00:00\",\"description\":\"Markt-XXL POSHDIVAH Schwangerschafts-Shorts f\u00fcr Damen, \u00fcber dem Bauch, Biker, Workout, Yoga, aktiv, Sommer, Schwangerschaft\u2026\",\"breadcrumb\":{\"@id\":\"https:\\\/\\\/marktxxl.de\\\/markt\\\/produkt\\\/poshdivah-schwangerschafts-shorts-fuer-damen-ueber-dem-bauch-biker-workout-yoga-aktiv-sommer-schwangerschaft-laufen-kurze-leggings-127-cm\\\/#breadcrumb\"},\"inLanguage\":\"de\",\"potentialAction\":[{\"@type\":\"ReadAction\",\"target\":[\"https:\\\/\\\/marktxxl.de\\\/markt\\\/produkt\\\/poshdivah-schwangerschafts-shorts-fuer-damen-ueber-dem-bauch-biker-workout-yoga-aktiv-sommer-schwangerschaft-laufen-kurze-leggings-127-cm\\\/\"]}]},{\"@type\":\"ImageObject\",\"inLanguage\":\"de\",\"@id\":\"https:\\\/\\\/marktxxl.de\\\/markt\\\/produkt\\\/poshdivah-schwangerschafts-shorts-fuer-damen-ueber-dem-bauch-biker-workout-yoga-aktiv-sommer-schwangerschaft-laufen-kurze-leggings-127-cm\\\/#primaryimage\",\"url\":\"https:\\\/\\\/m.media-amazon.com\\\/images\\\/I\\\/31Mxz-kTkzL._SL500_.jpg\",\"contentUrl\":\"https:\\\/\\\/m.media-amazon.com\\\/images\\\/I\\\/31Mxz-kTkzL._SL500_.jpg\",\"width\":385,\"height\":500},{\"@type\":\"BreadcrumbList\",\"@id\":\"https:\\\/\\\/marktxxl.de\\\/markt\\\/produkt\\\/poshdivah-schwangerschafts-shorts-fuer-damen-ueber-dem-bauch-biker-workout-yoga-aktiv-sommer-schwangerschaft-laufen-kurze-leggings-127-cm\\\/#breadcrumb\",\"itemListElement\":[{\"@type\":\"ListItem\",\"position\":1,\"name\":\"Startseite\",\"item\":\"https:\\\/\\\/marktxxl.de\\\/markt\\\/\"},{\"@type\":\"ListItem\",\"position\":2,\"name\":\"Markt\",\"item\":\"https:\\\/\\\/marktxxl.de\\\/markt\\\/\"},{\"@type\":\"ListItem\",\"position\":3,\"name\":\"POSHDIVAH Schwangerschafts-Shorts f\u00fcr Damen, \u00fcber dem Bauch, Biker, Workout, Yoga, aktiv, Sommer, Schwangerschaft\u2026\"}]},{\"@type\":\"WebSite\",\"@id\":\"https:\\\/\\\/marktxxl.de\\\/markt\\\/#website\",\"url\":\"https:\\\/\\\/marktxxl.de\\\/markt\\\/\",\"name\":\"Markt-XXL\",\"description\":\"Ihr Markt Online\",\"publisher\":{\"@id\":\"https:\\\/\\\/marktxxl.de\\\/markt\\\/#organization\"},\"potentialAction\":[{\"@type\":\"SearchAction\",\"target\":{\"@type\":\"EntryPoint\",\"urlTemplate\":\"https:\\\/\\\/marktxxl.de\\\/markt\\\/?s={search_term_string}\"},\"query-input\":{\"@type\":\"PropertyValueSpecification\",\"valueRequired\":true,\"valueName\":\"search_term_string\"}}],\"inLanguage\":\"de\"},{\"@type\":\"Organization\",\"@id\":\"https:\\\/\\\/marktxxl.de\\\/markt\\\/#organization\",\"name\":\"Markt-XXL\",\"url\":\"https:\\\/\\\/marktxxl.de\\\/markt\\\/\",\"logo\":{\"@type\":\"ImageObject\",\"inLanguage\":\"de\",\"@id\":\"https:\\\/\\\/marktxxl.de\\\/markt\\\/#\\\/schema\\\/logo\\\/image\\\/\",\"url\":\"https:\\\/\\\/marktxxl.de\\\/markt\\\/wp-content\\\/uploads\\\/sites\\\/3\\\/2020\\\/12\\\/logo.png\",\"contentUrl\":\"https:\\\/\\\/marktxxl.de\\\/markt\\\/wp-content\\\/uploads\\\/sites\\\/3\\\/2020\\\/12\\\/logo.png\",\"width\":200,\"height\":70,\"caption\":\"Markt-XXL\"},\"image\":{\"@id\":\"https:\\\/\\\/marktxxl.de\\\/markt\\\/#\\\/schema\\\/logo\\\/image\\\/\"}}]}<\/script>\n<!-- \/ Yoast SEO plugin. -->","yoast_head_json":{"title":"POSHDIVAH Schwangerschafts-Shorts f\u00fcr Damen, \u00fcber dem Bauch, Biker, Workout, Yoga, aktiv, Sommer, Schwangerschaft\u2026 - Markt-XXL","description":"Markt-XXL POSHDIVAH Schwangerschafts-Shorts f\u00fcr Damen, \u00fcber dem Bauch, Biker, Workout, Yoga, aktiv, Sommer, Schwangerschaft\u2026","robots":{"index":"index","follow":"follow","max-snippet":"max-snippet:-1","max-image-preview":"max-image-preview:large","max-video-preview":"max-video-preview:-1"},"canonical":"https:\/\/marktxxl.de\/markt\/produkt\/poshdivah-schwangerschafts-shorts-fuer-damen-ueber-dem-bauch-biker-workout-yoga-aktiv-sommer-schwangerschaft-laufen-kurze-leggings-127-cm\/","og_locale":"de_DE","og_type":"article","og_title":"POSHDIVAH Schwangerschafts-Shorts f\u00fcr Damen, \u00fcber dem Bauch, Biker, Workout, Yoga, aktiv, Sommer, Schwangerschaft\u2026 - Markt-XXL","og_description":"Markt-XXL POSHDIVAH Schwangerschafts-Shorts f\u00fcr Damen, \u00fcber dem Bauch, Biker, Workout, Yoga, aktiv, Sommer, Schwangerschaft\u2026","og_url":"https:\/\/marktxxl.de\/markt\/produkt\/poshdivah-schwangerschafts-shorts-fuer-damen-ueber-dem-bauch-biker-workout-yoga-aktiv-sommer-schwangerschaft-laufen-kurze-leggings-127-cm\/","og_site_name":"Markt-XXL","article_modified_time":"2023-04-09T03:03:34+00:00","og_image":[{"width":385,"height":500,"url":"https:\/\/m.media-amazon.com\/images\/I\/31Mxz-kTkzL._SL500_.jpg","type":"image\/jpeg"}],"twitter_card":"summary_large_image","twitter_misc":{"Gesch\u00e4tzte Lesezeit":"1\u00a0Minute"},"schema":{"@context":"https:\/\/schema.org","@graph":[{"@type":"WebPage","@id":"https:\/\/marktxxl.de\/markt\/produkt\/poshdivah-schwangerschafts-shorts-fuer-damen-ueber-dem-bauch-biker-workout-yoga-aktiv-sommer-schwangerschaft-laufen-kurze-leggings-127-cm\/","url":"https:\/\/marktxxl.de\/markt\/produkt\/poshdivah-schwangerschafts-shorts-fuer-damen-ueber-dem-bauch-biker-workout-yoga-aktiv-sommer-schwangerschaft-laufen-kurze-leggings-127-cm\/","name":"POSHDIVAH Schwangerschafts-Shorts f\u00fcr Damen, \u00fcber dem Bauch, Biker, Workout, Yoga, aktiv, Sommer, Schwangerschaft\u2026 - Markt-XXL","isPartOf":{"@id":"https:\/\/marktxxl.de\/markt\/#website"},"primaryImageOfPage":{"@id":"https:\/\/marktxxl.de\/markt\/produkt\/poshdivah-schwangerschafts-shorts-fuer-damen-ueber-dem-bauch-biker-workout-yoga-aktiv-sommer-schwangerschaft-laufen-kurze-leggings-127-cm\/#primaryimage"},"image":{"@id":"https:\/\/marktxxl.de\/markt\/produkt\/poshdivah-schwangerschafts-shorts-fuer-damen-ueber-dem-bauch-biker-workout-yoga-aktiv-sommer-schwangerschaft-laufen-kurze-leggings-127-cm\/#primaryimage"},"thumbnailUrl":"https:\/\/m.media-amazon.com\/images\/I\/31Mxz-kTkzL._SL500_.jpg","datePublished":"2023-02-09T02:31:48+00:00","dateModified":"2023-04-09T03:03:34+00:00","description":"Markt-XXL POSHDIVAH Schwangerschafts-Shorts f\u00fcr Damen, \u00fcber dem Bauch, Biker, Workout, Yoga, aktiv, Sommer, Schwangerschaft\u2026","breadcrumb":{"@id":"https:\/\/marktxxl.de\/markt\/produkt\/poshdivah-schwangerschafts-shorts-fuer-damen-ueber-dem-bauch-biker-workout-yoga-aktiv-sommer-schwangerschaft-laufen-kurze-leggings-127-cm\/#breadcrumb"},"inLanguage":"de","potentialAction":[{"@type":"ReadAction","target":["https:\/\/marktxxl.de\/markt\/produkt\/poshdivah-schwangerschafts-shorts-fuer-damen-ueber-dem-bauch-biker-workout-yoga-aktiv-sommer-schwangerschaft-laufen-kurze-leggings-127-cm\/"]}]},{"@type":"ImageObject","inLanguage":"de","@id":"https:\/\/marktxxl.de\/markt\/produkt\/poshdivah-schwangerschafts-shorts-fuer-damen-ueber-dem-bauch-biker-workout-yoga-aktiv-sommer-schwangerschaft-laufen-kurze-leggings-127-cm\/#primaryimage","url":"https:\/\/m.media-amazon.com\/images\/I\/31Mxz-kTkzL._SL500_.jpg","contentUrl":"https:\/\/m.media-amazon.com\/images\/I\/31Mxz-kTkzL._SL500_.jpg","width":385,"height":500},{"@type":"BreadcrumbList","@id":"https:\/\/marktxxl.de\/markt\/produkt\/poshdivah-schwangerschafts-shorts-fuer-damen-ueber-dem-bauch-biker-workout-yoga-aktiv-sommer-schwangerschaft-laufen-kurze-leggings-127-cm\/#breadcrumb","itemListElement":[{"@type":"ListItem","position":1,"name":"Startseite","item":"https:\/\/marktxxl.de\/markt\/"},{"@type":"ListItem","position":2,"name":"Markt","item":"https:\/\/marktxxl.de\/markt\/"},{"@type":"ListItem","position":3,"name":"POSHDIVAH Schwangerschafts-Shorts f\u00fcr Damen, \u00fcber dem Bauch, Biker, Workout, Yoga, aktiv, Sommer, Schwangerschaft\u2026"}]},{"@type":"WebSite","@id":"https:\/\/marktxxl.de\/markt\/#website","url":"https:\/\/marktxxl.de\/markt\/","name":"Markt-XXL","description":"Ihr Markt Online","publisher":{"@id":"https:\/\/marktxxl.de\/markt\/#organization"},"potentialAction":[{"@type":"SearchAction","target":{"@type":"EntryPoint","urlTemplate":"https:\/\/marktxxl.de\/markt\/?s={search_term_string}"},"query-input":{"@type":"PropertyValueSpecification","valueRequired":true,"valueName":"search_term_string"}}],"inLanguage":"de"},{"@type":"Organization","@id":"https:\/\/marktxxl.de\/markt\/#organization","name":"Markt-XXL","url":"https:\/\/marktxxl.de\/markt\/","logo":{"@type":"ImageObject","inLanguage":"de","@id":"https:\/\/marktxxl.de\/markt\/#\/schema\/logo\/image\/","url":"https:\/\/marktxxl.de\/markt\/wp-content\/uploads\/sites\/3\/2020\/12\/logo.png","contentUrl":"https:\/\/marktxxl.de\/markt\/wp-content\/uploads\/sites\/3\/2020\/12\/logo.png","width":200,"height":70,"caption":"Markt-XXL"},"image":{"@id":"https:\/\/marktxxl.de\/markt\/#\/schema\/logo\/image\/"}}]}},"_links":{"self":[{"href":"https:\/\/marktxxl.de\/markt\/wp-json\/wp\/v2\/product\/186714","targetHints":{"allow":["GET"]}}],"collection":[{"href":"https:\/\/marktxxl.de\/markt\/wp-json\/wp\/v2\/product"}],"about":[{"href":"https:\/\/marktxxl.de\/markt\/wp-json\/wp\/v2\/types\/product"}],"replies":[{"embeddable":true,"href":"https:\/\/marktxxl.de\/markt\/wp-json\/wp\/v2\/comments?post=186714"}],"wp:featuredmedia":[{"embeddable":true,"href":"https:\/\/marktxxl.de\/markt\/wp-json\/wp\/v2\/media\/186715"}],"wp:attachment":[{"href":"https:\/\/marktxxl.de\/markt\/wp-json\/wp\/v2\/media?parent=186714"}],"wp:term":[{"taxonomy":"product_brand","embeddable":true,"href":"https:\/\/marktxxl.de\/markt\/wp-json\/wp\/v2\/product_brand?post=186714"},{"taxonomy":"product_cat","embeddable":true,"href":"https:\/\/marktxxl.de\/markt\/wp-json\/wp\/v2\/product_cat?post=186714"},{"taxonomy":"product_tag","embeddable":true,"href":"https:\/\/marktxxl.de\/markt\/wp-json\/wp\/v2\/product_tag?post=186714"}],"curies":[{"name":"wp","href":"https:\/\/api.w.org\/{rel}","templated":true}]}}